{"id":60049,"date":"2025-05-27T12:18:38","date_gmt":"2025-05-27T10:18:38","guid":{"rendered":"https:\/\/www.maccaferri.com\/de\/?page_id=60049"},"modified":"2025-05-27T12:19:29","modified_gmt":"2025-05-27T10:19:29","slug":"mehrkomposit-geokunststoffe","status":"publish","type":"page","link":"https:\/\/www.maccaferri.com\/de\/mehrkomposit-geokunststoffe\/","title":{"rendered":"MULTICOMPOSITE GEOSYNTHETICS"},"content":{"rendered":"<div class=\"wp-block-mac-slider-hero-block hero-slider\"><div id=\"hero78\" class=\"carousel slide\" data-bs-ride=\"true\"><ol class=\"carousel-indicators box-container\"><li data-bs-target=\"#hero78\" data-bs-slide-to=\"0\" class=\"active\"><\/li><\/ol><div class=\"carousel-inner\"><div class=\"carousel-item active\"><div class=\"hero\"><div class=\"gts__picture\"><img decoding=\"async\" src=\"https:\/\/www.maccaferri.com\/wp-content\/uploads\/2023\/08\/tricomp-1-scaled.jpg\" style=\"display:none\"\/><div class=\"gts__picture__image\" style=\"background-image:url(https:\/\/www.maccaferri.com\/wp-content\/uploads\/2023\/08\/tricomp-1-scaled.jpg)\"><\/div><\/div><div class=\"container box-container\"><div class=\"row\"><div class=\"col-12 col-lg-6 col-xl-6 col-xxl-6\"><p><span class=\"hero-index\" style=\"display:none\">0<\/span><\/p><h2 class=\"hero-text-container\"><span class=\"hero-text\">MEHRKOMPOSIT-GEOKUNSTSTOFFE<\/span><\/h2><a class=\"hero-buttonurl\" href=\"#download\"><span class=\"hero-buttontext\">Download-Bereich hier<\/span><\/a><\/div><\/div><\/div><\/div><\/div><\/div><button class=\"carousel-control-prev\" href=\"#hero78\" type=\"button\" data-bs-slide=\"prev\"><span class=\"carousel-control-prev-icon\" aria-hidden=\"true\"><\/span><span class=\"visually-hidden\">Previous<\/span><\/button><button class=\"carousel-control-next\" href=\"#hero78\" type=\"button\" data-bs-slide=\"next\"><span class=\"carousel-control-next-icon\" aria-hidden=\"true\"><\/span><span class=\"visually-hidden\">Next<\/span><\/button><\/div><\/div><div style=\"height:100px\" aria-hidden=\"true\" class=\"wp-block-spacer\"><\/div><div class=\"wp-block-mac-container-block box-container\"><div class=\"wp-block-columns is-layout-flex wp-container-core-columns-is-layout-9d6595d7 wp-block-columns-is-layout-flex\"><div class=\"wp-block-column is-layout-flow wp-block-column-is-layout-flow\"><p class=\"has-large-font-size\"><strong>ENTSPERREN SIE EINE WELT VOLLER M\u00d6GLICHKEITEN<\/strong><\/p>\n\n<div style=\"height:50px\" aria-hidden=\"true\" class=\"wp-block-spacer\"><\/div>\n\n<p>Entdecken Sie das innovative Potenzial der Multikomposit-Geosynthetiken von Maccaferri, die die Geosynthetik-Landschaft neu definieren, indem sie eine vielseitige L\u00f6sung bieten, die verschiedene Funktionen erf\u00fcllt. Tauchen Sie ein in die transformative Zukunft der Geosynthetik mit Multigeokompositen, die Leistung, Pr\u00e4zision und Kosteneffizienz verbessern und so au\u00dfergew\u00f6hnliche Projektergebnisse und optimierte Arbeitsabl\u00e4ufe erm\u00f6glichen.<\/p>\n\n<div style=\"height:70px\" aria-hidden=\"true\" class=\"wp-block-spacer\"><\/div>\n\n<figure class=\"wp-block-image size-large is-style-default\"><img decoding=\"async\" src=\"https:\/\/www.maccaferri.com\/wp-content\/uploads\/2023\/08\/FIRMA-GSY1-1024x438.png\" alt=\"\" class=\"wp-image-53682\"\/><\/figure><\/div><\/div><\/div><div style=\"height:75px\" aria-hidden=\"true\" class=\"wp-block-spacer\"><\/div><div class=\"wp-block-mac-container-block box-container\"><div class=\"wp-block-columns is-layout-flex wp-container-core-columns-is-layout-9d6595d7 wp-block-columns-is-layout-flex\"><div class=\"wp-block-column is-layout-flow wp-block-column-is-layout-flow\"><p style=\"font-size:30px\"><strong>EROSIONSKONTROLLE<\/strong><\/p>\n\n<p>Die Kombination verschiedener geosynthetischer Elemente in unserem Multikomposit mindert wirksam Erosion und stabilisiert das Gel\u00e4nde an H\u00e4ngen und Flussufern.<\/p><\/div>\n\n<div class=\"wp-block-column is-layout-flow wp-block-column-is-layout-flow\"><p style=\"font-size:30px\"><strong>VERST\u00c4RKUNG<\/strong><\/p>\n\n<p>Das Multikomposit, das verschiedene Geosynthetiken integriert, verst\u00e4rkt die Bodenfestigkeit und erm\u00f6glicht den Bau widerstandsf\u00e4higer Stra\u00dfen und St\u00fctzmauern in schwierigem Gel\u00e4nde.<\/p><\/div><\/div><\/div><div style=\"height:70px\" aria-hidden=\"true\" class=\"wp-block-spacer\"><\/div><div class=\"wp-block-mac-container-block box-container\"><div class=\"wp-block-columns is-layout-flex wp-container-core-columns-is-layout-9d6595d7 wp-block-columns-is-layout-flex\"><div class=\"wp-block-column is-layout-flow wp-block-column-is-layout-flow\"><p style=\"font-size:30px\"><strong>FILTRATION<\/strong><\/p>\n\n<p>Unser vielseitiges geosynthetisches Multikomposit fungiert als hervorragendes Filtrationssystem, das den Wasserfluss erm\u00f6glicht und gleichzeitig Bodenpartikel f\u00fcr eine optimale Entw\u00e4sserung und Wasserqualit\u00e4t zur\u00fcckh\u00e4lt.<\/p><\/div>\n\n<div class=\"wp-block-column is-layout-flow wp-block-column-is-layout-flow\"><p style=\"font-size:30px\"><strong>DRAINAGE<\/strong><\/p>\n\n<p>Unsere Multikomposit-L\u00f6sung, die verschiedene geosynthetische Komponenten integriert, ist hervorragend darin, Wasser aus kritischen Bereichen zu sammeln und abzuleiten, wodurch eine effiziente Entw\u00e4sserung gew\u00e4hrleistet wird.<\/p><\/div><\/div><\/div><div style=\"height:70px\" aria-hidden=\"true\" class=\"wp-block-spacer\"><\/div><div class=\"wp-block-mac-container-block box-container\"><div class=\"wp-block-columns is-layout-flex wp-container-core-columns-is-layout-9d6595d7 wp-block-columns-is-layout-flex\"><div class=\"wp-block-column is-layout-flow wp-block-column-is-layout-flow\"><p style=\"font-size:30px\"><strong>BARRIERE<\/strong><\/p>\n\n<p>Das Multikomposit, das aus verschiedenen Geosynthetiken besteht, bildet eine undurchl\u00e4ssige Barriere, die Verunreinigungen wirksam zur\u00fcckh\u00e4lt und die Umweltintegrit\u00e4t bewahrt.<\/p><\/div>\n\n<div class=\"wp-block-column is-layout-flow wp-block-column-is-layout-flow\"><p style=\"font-size:30px\"><strong>SCHUTZ<\/strong><\/p>\n\n<p>Mit einer Kombination aus geosynthetischen Materialien bietet unser Multikomposit einen robusten Schutz und bewahrt wichtige Strukturen vor Durchstichen, UV-Sch\u00e4den und physischem Verschlei\u00df.<\/p><\/div><\/div><\/div><div style=\"height:70px\" aria-hidden=\"true\" class=\"wp-block-spacer\"><\/div><div class=\"wp-block-mac-container-block box-container\"><div class=\"wp-block-columns is-layout-flex wp-container-core-columns-is-layout-9d6595d7 wp-block-columns-is-layout-flex\"><div class=\"wp-block-column is-layout-flow wp-block-column-is-layout-flow\"><p style=\"font-size:30px\"><strong>TRENNUNG<\/strong><\/p>\n\n<p>Unser innovatives Multikomposit, das eine Mischung aus Geosynthetiken verwendet, sorgt f\u00fcr eine klare Trennung zwischen verschiedenen Bodenschichten und bewahrt deren spezifische Eigenschaften in Bauprojekten.<\/p><\/div>\n\n<div class=\"wp-block-column is-layout-flow wp-block-column-is-layout-flow\"><p style=\"font-size:30px\"><strong>\u2026 ENDLOSE M\u00d6GLICHKEITEN<\/strong><\/p><\/div><\/div><\/div><div style=\"height:70px\" aria-hidden=\"true\" class=\"wp-block-spacer\"><\/div><div class=\"wp-block-mac-h2-title-block block-txt-container box-container\"><div class=\"row\"><div class=\"col title-box-txt\"><h2 style=\"color:#212429;text-align:none\">Success Story: Cava D\u00e8 Tirreni <\/h2><\/div><\/div><\/div><div class=\"wp-block-mac-container-block box-container\"><div class=\"wp-block-columns is-layout-flex wp-container-core-columns-is-layout-9d6595d7 wp-block-columns-is-layout-flex\"><div class=\"wp-block-column is-layout-flow wp-block-column-is-layout-flow\"><figure class=\"wp-block-video\"><video height=\"826\" style=\"aspect-ratio: 1200 \/ 826;\" width=\"1200\" controls poster=\"https:\/\/www.maccaferri.com\/de\/wp-content\/uploads\/2024\/10\/immagine-3.png\" src=\"https:\/\/www.maccaferri.com\/wp-content\/uploads\/2023\/08\/643e1591-b2ea-4ed8-8fec-7ac0e41e26c6-1.mp4\"><\/video><\/figure><\/div><\/div><\/div><div style=\"height:50px\" aria-hidden=\"true\" class=\"wp-block-spacer\"><\/div><div class=\"wp-block-mac-container-block box-container\"><div class=\"wp-block-columns is-layout-flex wp-container-core-columns-is-layout-9d6595d7 wp-block-columns-is-layout-flex\"><div class=\"wp-block-column is-layout-flow wp-block-column-is-layout-flow\"><div class=\"wp-block-mac-container-block box-container\"><div class=\"wp-block-columns is-layout-flex wp-container-core-columns-is-layout-9d6595d7 wp-block-columns-is-layout-flex\"><div class=\"wp-block-column is-layout-flow wp-block-column-is-layout-flow\"><div class=\"wp-block-mac-h2-title-block block-txt-container box-container\"><div class=\"row\"><div class=\"col title-box-txt\"><h2 style=\"color:#212429;text-align:center\">Spezial-Webinar<\/h2><\/div><\/div><\/div>\n\n<p class=\"has-text-align-center\" style=\"font-size:15px\"><strong>Die Entwicklung der Geosynthetik: von den Urspr\u00fcngen bis zu modernen fortschrittlichen L\u00f6sungen<\/strong><\/p>\n\n<p class=\"has-text-align-center\" style=\"font-size:15px\">Seit \u00fcber 100 Jahren arbeiten wir mit unseren Kunden zusammen, um naturfreundliche Ingenieurl\u00f6sungen zu entwickeln, die die Bed\u00fcrfnisse der Gegenwart erf\u00fcllen und gleichzeitig die Anforderungen der Zukunft vorwegnehmen.<\/p>\n\n<div class=\"wp-block-buttons is-content-justification-center is-layout-flex wp-container-core-buttons-is-layout-16018d1d wp-block-buttons-is-layout-flex\"><div class=\"wp-block-button\"><a class=\"wp-block-button__link wp-element-button\" href=\"https:\/\/www.maccaferri.com\/de\/webinar\/geosynthetic-revolution\/\">Link hier<\/a><\/div><\/div><\/div>\n\n<div class=\"wp-block-column is-layout-flow wp-block-column-is-layout-flow\"><div style=\"height:50px\" aria-hidden=\"true\" class=\"wp-block-spacer\"><\/div>\n\n<figure class=\"wp-block-image aligncenter size-large\"><img decoding=\"async\" src=\"https:\/\/www.maccaferri.com\/wp-content\/uploads\/2023\/08\/vlcsnap-2023-08-21-15h34m18s395-1-1-1024x576.png\" alt=\"\" class=\"wp-image-54069\"\/><\/figure><\/div><\/div><\/div><\/div><\/div><\/div><div style=\"height:50px\" aria-hidden=\"true\" class=\"wp-block-spacer\"><\/div><div class=\"wp-block-mac-h2-title-block block-txt-container box-container download\"><div class=\"row\"><div class=\"col title-box-txt\"><h2 style=\"color:#212429;text-align:none\">DOWNLOAD-BEREICH<\/h2><\/div><\/div><\/div><div class=\"wp-block-mac-container-block box-container\"><div class=\"wp-block-columns is-layout-flex wp-container-core-columns-is-layout-9d6595d7 wp-block-columns-is-layout-flex\"><div class=\"wp-block-column is-layout-flow wp-block-column-is-layout-flow\"><p class=\"has-medium-font-size\" id=\"download\">F\u00fcllen Sie das Formular unten aus, um auf unser exklusives Material zu Multikomposit-Geosynthetiken zuzugreifen.<\/p><\/div><\/div><\/div><div class=\"wp-block-mac-container-block box-container\"><div class=\"wp-block-columns is-layout-flex wp-container-core-columns-is-layout-9d6595d7 wp-block-columns-is-layout-flex\"><div class=\"wp-block-column is-layout-flow wp-block-column-is-layout-flow\"><iframe src=\"https:\/\/www2.maccaferri.com\/l\/965143\/2023-08-29\/5qw4g5\" width=\"100%\" height=\"800\" type=\"text\/html\" frameborder=\"0\" allowtransparency=\"true\" style=\"border: 0\" data-cookieconsent=\"ignore\"><\/iframe><\/div><\/div><\/div><div style=\"height:100px\" aria-hidden=\"true\" class=\"wp-block-spacer\"><\/div><p><\/p>","protected":false},"excerpt":{"rendered":"","protected":false},"author":21,"featured_media":0,"parent":0,"menu_order":0,"comment_status":"closed","ping_status":"closed","template":"","meta":{"_acf_changed":false,"_joinchat":[],"footnotes":""},"class_list":["post-60049","page","type-page","status-publish","hentry"],"acf":{"uuid_products":"","product-documents":""},"yoast_head":"<!-- This site is optimized with the Yoast SEO Premium plugin v27.0 (Yoast SEO v27.0) - https:\/\/yoast.com\/product\/yoast-seo-premium-wordpress\/ -->\n<title>MULTICOMPOSITE GEOSYNTHETICS - Maccaferri Deutschland<\/title>\n<meta name=\"description\" content=\"0MEHRKOMPOSIT-GEOKUNSTSTOFFEDownload-Bereich hierPreviousNext ENTSPERREN SIE EINE WELT VOLLER M\u00d6GLICHKEITEN Entdecken Sie das innovative Potenzial der\" \/>\n<meta name=\"robots\" content=\"index, follow, max-snippet:-1, max-image-preview:large, max-video-preview:-1\" \/>\n<link rel=\"canonical\" href=\"https:\/\/www.maccaferri.com\/de\/mehrkomposit-geokunststoffe\/\" \/>\n<meta property=\"og:locale\" content=\"de_DE\" \/>\n<meta property=\"og:type\" content=\"article\" \/>\n<meta property=\"og:title\" content=\"MULTICOMPOSITE GEOSYNTHETICS - Maccaferri Deutschland\" \/>\n<meta property=\"og:description\" content=\"0MEHRKOMPOSIT-GEOKUNSTSTOFFEDownload-Bereich hierPreviousNext ENTSPERREN SIE EINE WELT VOLLER M\u00d6GLICHKEITEN Entdecken Sie das innovative Potenzial der\" \/>\n<meta property=\"og:url\" content=\"https:\/\/www.maccaferri.com\/de\/mehrkomposit-geokunststoffe\/\" \/>\n<meta property=\"og:site_name\" content=\"Maccaferri Deutschland\" \/>\n<meta property=\"article:modified_time\" content=\"2025-05-27T10:19:29+00:00\" \/>\n<meta property=\"og:image\" content=\"https:\/\/www.maccaferri.com\/wp-content\/uploads\/2023\/08\/tricomp-1-scaled.jpg\" \/>\n<meta name=\"twitter:card\" content=\"summary_large_image\" \/>\n<meta name=\"twitter:label1\" content=\"Est. reading time\" \/>\n\t<meta name=\"twitter:data1\" content=\"2 minutes\" \/>\n<script type=\"application\/ld+json\" class=\"yoast-schema-graph\">{\"@context\":\"https:\/\/schema.org\",\"@graph\":[{\"@type\":\"WebPage\",\"@id\":\"https:\/\/www.maccaferri.com\/de\/mehrkomposit-geokunststoffe\/\",\"url\":\"https:\/\/www.maccaferri.com\/de\/mehrkomposit-geokunststoffe\/\",\"name\":\"MULTICOMPOSITE GEOSYNTHETICS - Maccaferri Deutschland\",\"isPartOf\":{\"@id\":\"https:\/\/www.maccaferri.com\/de\/#website\"},\"primaryImageOfPage\":{\"@id\":\"https:\/\/www.maccaferri.com\/de\/mehrkomposit-geokunststoffe\/#primaryimage\"},\"image\":{\"@id\":\"https:\/\/www.maccaferri.com\/de\/mehrkomposit-geokunststoffe\/#primaryimage\"},\"thumbnailUrl\":\"https:\/\/www.maccaferri.com\/wp-content\/uploads\/2023\/08\/tricomp-1-scaled.jpg\",\"datePublished\":\"2025-05-27T10:18:38+00:00\",\"dateModified\":\"2025-05-27T10:19:29+00:00\",\"description\":\"0MEHRKOMPOSIT-GEOKUNSTSTOFFEDownload-Bereich hierPreviousNext ENTSPERREN SIE EINE WELT VOLLER M\u00d6GLICHKEITEN Entdecken Sie das innovative Potenzial der\",\"inLanguage\":\"de-DE\",\"potentialAction\":[{\"@type\":\"ReadAction\",\"target\":[\"https:\/\/www.maccaferri.com\/de\/mehrkomposit-geokunststoffe\/\"]}]},{\"@type\":\"ImageObject\",\"inLanguage\":\"de-DE\",\"@id\":\"https:\/\/www.maccaferri.com\/de\/mehrkomposit-geokunststoffe\/#primaryimage\",\"url\":\"https:\/\/www.maccaferri.com\/wp-content\/uploads\/2023\/08\/tricomp-1-scaled.jpg\",\"contentUrl\":\"https:\/\/www.maccaferri.com\/wp-content\/uploads\/2023\/08\/tricomp-1-scaled.jpg\"},{\"@type\":\"WebSite\",\"@id\":\"https:\/\/www.maccaferri.com\/de\/#website\",\"url\":\"https:\/\/www.maccaferri.com\/de\/\",\"name\":\"Maccaferri Deutschland\",\"description\":\"\",\"publisher\":{\"@id\":\"https:\/\/www.maccaferri.com\/de\/#organization\"},\"potentialAction\":[{\"@type\":\"SearchAction\",\"target\":{\"@type\":\"EntryPoint\",\"urlTemplate\":\"https:\/\/www.maccaferri.com\/de\/?s={search_term_string}\"},\"query-input\":{\"@type\":\"PropertyValueSpecification\",\"valueRequired\":true,\"valueName\":\"search_term_string\"}}],\"inLanguage\":\"de-DE\"},{\"@type\":\"Organization\",\"@id\":\"https:\/\/www.maccaferri.com\/de\/#organization\",\"name\":\"Maccaferri Deutschland\",\"url\":\"https:\/\/www.maccaferri.com\/de\/\",\"logo\":{\"@type\":\"ImageObject\",\"inLanguage\":\"de-DE\",\"@id\":\"https:\/\/www.maccaferri.com\/de\/#\/schema\/logo\/image\/\",\"url\":\"https:\/\/www.maccaferri.com\/de\/wp-content\/uploads\/2022\/07\/logo-maccaferri.png\",\"contentUrl\":\"https:\/\/www.maccaferri.com\/de\/wp-content\/uploads\/2022\/07\/logo-maccaferri.png\",\"width\":152,\"height\":32,\"caption\":\"Maccaferri Deutschland\"},\"image\":{\"@id\":\"https:\/\/www.maccaferri.com\/de\/#\/schema\/logo\/image\/\"}}]}<\/script>\n<!-- \/ Yoast SEO Premium plugin. -->","yoast_head_json":{"title":"MULTICOMPOSITE GEOSYNTHETICS - Maccaferri Deutschland","description":"0MEHRKOMPOSIT-GEOKUNSTSTOFFEDownload-Bereich hierPreviousNext ENTSPERREN SIE EINE WELT VOLLER M\u00d6GLICHKEITEN Entdecken Sie das innovative Potenzial der","robots":{"index":"index","follow":"follow","max-snippet":"max-snippet:-1","max-image-preview":"max-image-preview:large","max-video-preview":"max-video-preview:-1"},"canonical":"https:\/\/www.maccaferri.com\/de\/mehrkomposit-geokunststoffe\/","og_locale":"de_DE","og_type":"article","og_title":"MULTICOMPOSITE GEOSYNTHETICS - Maccaferri Deutschland","og_description":"0MEHRKOMPOSIT-GEOKUNSTSTOFFEDownload-Bereich hierPreviousNext ENTSPERREN SIE EINE WELT VOLLER M\u00d6GLICHKEITEN Entdecken Sie das innovative Potenzial der","og_url":"https:\/\/www.maccaferri.com\/de\/mehrkomposit-geokunststoffe\/","og_site_name":"Maccaferri Deutschland","article_modified_time":"2025-05-27T10:19:29+00:00","og_image":[{"url":"https:\/\/www.maccaferri.com\/wp-content\/uploads\/2023\/08\/tricomp-1-scaled.jpg","type":"","width":"","height":""}],"twitter_card":"summary_large_image","twitter_misc":{"Est. reading time":"2 minutes"},"schema":{"@context":"https:\/\/schema.org","@graph":[{"@type":"WebPage","@id":"https:\/\/www.maccaferri.com\/de\/mehrkomposit-geokunststoffe\/","url":"https:\/\/www.maccaferri.com\/de\/mehrkomposit-geokunststoffe\/","name":"MULTICOMPOSITE GEOSYNTHETICS - Maccaferri Deutschland","isPartOf":{"@id":"https:\/\/www.maccaferri.com\/de\/#website"},"primaryImageOfPage":{"@id":"https:\/\/www.maccaferri.com\/de\/mehrkomposit-geokunststoffe\/#primaryimage"},"image":{"@id":"https:\/\/www.maccaferri.com\/de\/mehrkomposit-geokunststoffe\/#primaryimage"},"thumbnailUrl":"https:\/\/www.maccaferri.com\/wp-content\/uploads\/2023\/08\/tricomp-1-scaled.jpg","datePublished":"2025-05-27T10:18:38+00:00","dateModified":"2025-05-27T10:19:29+00:00","description":"0MEHRKOMPOSIT-GEOKUNSTSTOFFEDownload-Bereich hierPreviousNext ENTSPERREN SIE EINE WELT VOLLER M\u00d6GLICHKEITEN Entdecken Sie das innovative Potenzial der","inLanguage":"de-DE","potentialAction":[{"@type":"ReadAction","target":["https:\/\/www.maccaferri.com\/de\/mehrkomposit-geokunststoffe\/"]}]},{"@type":"ImageObject","inLanguage":"de-DE","@id":"https:\/\/www.maccaferri.com\/de\/mehrkomposit-geokunststoffe\/#primaryimage","url":"https:\/\/www.maccaferri.com\/wp-content\/uploads\/2023\/08\/tricomp-1-scaled.jpg","contentUrl":"https:\/\/www.maccaferri.com\/wp-content\/uploads\/2023\/08\/tricomp-1-scaled.jpg"},{"@type":"WebSite","@id":"https:\/\/www.maccaferri.com\/de\/#website","url":"https:\/\/www.maccaferri.com\/de\/","name":"Maccaferri Deutschland","description":"","publisher":{"@id":"https:\/\/www.maccaferri.com\/de\/#organization"},"potentialAction":[{"@type":"SearchAction","target":{"@type":"EntryPoint","urlTemplate":"https:\/\/www.maccaferri.com\/de\/?s={search_term_string}"},"query-input":{"@type":"PropertyValueSpecification","valueRequired":true,"valueName":"search_term_string"}}],"inLanguage":"de-DE"},{"@type":"Organization","@id":"https:\/\/www.maccaferri.com\/de\/#organization","name":"Maccaferri Deutschland","url":"https:\/\/www.maccaferri.com\/de\/","logo":{"@type":"ImageObject","inLanguage":"de-DE","@id":"https:\/\/www.maccaferri.com\/de\/#\/schema\/logo\/image\/","url":"https:\/\/www.maccaferri.com\/de\/wp-content\/uploads\/2022\/07\/logo-maccaferri.png","contentUrl":"https:\/\/www.maccaferri.com\/de\/wp-content\/uploads\/2022\/07\/logo-maccaferri.png","width":152,"height":32,"caption":"Maccaferri Deutschland"},"image":{"@id":"https:\/\/www.maccaferri.com\/de\/#\/schema\/logo\/image\/"}}]}},"_links":{"self":[{"href":"https:\/\/www.maccaferri.com\/de\/wp-json\/wp\/v2\/pages\/60049","targetHints":{"allow":["GET"]}}],"collection":[{"href":"https:\/\/www.maccaferri.com\/de\/wp-json\/wp\/v2\/pages"}],"about":[{"href":"https:\/\/www.maccaferri.com\/de\/wp-json\/wp\/v2\/types\/page"}],"author":[{"embeddable":true,"href":"https:\/\/www.maccaferri.com\/de\/wp-json\/wp\/v2\/users\/21"}],"replies":[{"embeddable":true,"href":"https:\/\/www.maccaferri.com\/de\/wp-json\/wp\/v2\/comments?post=60049"}],"version-history":[{"count":3,"href":"https:\/\/www.maccaferri.com\/de\/wp-json\/wp\/v2\/pages\/60049\/revisions"}],"predecessor-version":[{"id":89824,"href":"https:\/\/www.maccaferri.com\/de\/wp-json\/wp\/v2\/pages\/60049\/revisions\/89824"}],"wp:attachment":[{"href":"https:\/\/www.maccaferri.com\/de\/wp-json\/wp\/v2\/media?parent=60049"}],"curies":[{"name":"wp","href":"https:\/\/api.w.org\/{rel}","templated":true}]}}