{"id":1398,"date":"2022-07-29T11:40:29","date_gmt":"2022-07-29T09:40:29","guid":{"rendered":"https:\/\/www.maccaferri.com\/de\/?page_id=1398"},"modified":"2023-04-20T11:10:20","modified_gmt":"2023-04-20T09:10:20","slug":"innovation","status":"publish","type":"page","link":"https:\/\/www.maccaferri.com\/de\/innovation\/","title":{"rendered":"Innovation"},"content":{"rendered":"<div class=\"wp-block-mac-h1-title-hero-block container-fluid block-txt-container\" style=\"background:linear-gradient(180deg,rgb(1,94,111) 0%,rgb(0,72,87) 100%)\"><div class=\"row\"><div class=\"col\"><div class=\"gts__picture\"><img decoding=\"async\" src=\"https:\/\/www.maccaferri.com\/de\/wp-content\/uploads\/sites\/26\/2022\/12\/Adv-2-1.jpg\" style=\"display:none\"\/><div class=\"gts__picture__image\" style=\"background-image:url(https:\/\/www.maccaferri.com\/de\/wp-content\/uploads\/sites\/26\/2022\/12\/Adv-2-1.jpg)\"><\/div><\/div><div class=\"container box-container\"><div class=\"row\"><div class=\"col title-box-txt\"><h1 class=\"wp-block-mac-h1-title-hero-block\" style=\"color:#ffffff;text-align:none\">Innovation<\/h1><\/div><\/div><\/div><\/div><\/div><\/div><div class=\"wp-block-mac-h2-title-block block-txt-container box-container\"><div class=\"row\"><div class=\"col title-box-txt\"><h2 style=\"color:#212429;text-align:none\">MACCAFERRI KUNDENSPEZIFISCHE SOFTWARE<\/h2><\/div><\/div><\/div><div class=\"wp-block-columns is-layout-flex wp-container-core-columns-is-layout-9d6595d7 wp-block-columns-is-layout-flex\"><div class=\"wp-block-column is-layout-flow wp-block-column-is-layout-flow\"><div class=\"wp-block-mac-container-block box-container\"><div class=\"wp-block-columns is-layout-flex wp-container-core-columns-is-layout-9d6595d7 wp-block-columns-is-layout-flex\"><div class=\"wp-block-column is-layout-flow wp-block-column-is-layout-flow\"><div class=\"wp-block-columns is-layout-flex wp-container-core-columns-is-layout-9d6595d7 wp-block-columns-is-layout-flex\"><div class=\"wp-block-column is-layout-flow wp-block-column-is-layout-flow\"><p class=\"has-medium-font-size\">Unsere weltweit anerkannten und benutzerfreundlichen Softwarel\u00f6sungen wurden in Zusammenarbeit mit f\u00fchrenden Instituten und Universit\u00e4ten entwickelt und erm\u00f6glichen es Ingenieuren, effektive und zuverl\u00e4ssige Tiefbaul\u00f6sungen zu entwickeln und zu liefern.<\/p>\n\n<p class=\"has-medium-font-size\">Basierend auf experimentellen Daten, die in jahrzehntelanger Felderfahrung und rigorosen Testkampagnen gesammelt wurden, entsprechen unsere Freeware-Softwarel\u00f6sungen den Anforderungen von Bau- und Geotechnikingenieuren auf der ganzen Welt und bieten dar\u00fcber hinaus zus\u00e4tzliche Vorteile wie Kosteneffizienz und eine optimierte Bauweise.<\/p>\n\n<p class=\"has-medium-font-size\">Nehmen Sie Kontakt mit uns auf, um sich in unseren Softwarel\u00f6sungen schulen zu lassen und beginnen Sie mit dem Entwurf von hochwertigen und anspruchsvollen Ingenieurl\u00f6sungen unter den unterschiedlichsten Bedingungen.<\/p>\n\n<p><\/p><\/div>\n\n<div class=\"wp-block-column is-layout-flow wp-block-column-is-layout-flow\"><figure class=\"wp-block-image aligncenter size-full\"><img fetchpriority=\"high\" decoding=\"async\" width=\"628\" height=\"375\" src=\"https:\/\/www.maccaferri.com\/de\/wp-content\/uploads\/sites\/26\/2022\/12\/catterre.png\" alt=\"\" class=\"wp-image-3138\" srcset=\"https:\/\/www.maccaferri.com\/de\/wp-content\/uploads\/2022\/12\/catterre.png 628w, https:\/\/www.maccaferri.com\/de\/wp-content\/uploads\/2022\/12\/catterre-300x179.png 300w\" sizes=\"(max-width: 628px) 100vw, 628px\" \/><\/figure><\/div><\/div><\/div><\/div><\/div><\/div><\/div><div class=\"wp-block-mac-banner-title-cta  box-container block-cta\" style=\"background:#015E6F\"><div class=\"container box-container\"><div class=\"row\"><div class=\"col-2 col-sm-2 col-md-2 col-lg-2 col-xl-2 col-xxl-2\"><div class=\"box-image\"><img decoding=\"async\" class=\"image\" src=\"https:\/\/www.maccaferri.com\/de\/wp-content\/uploads\/sites\/26\/2022\/11\/img-banner-software.png\" alt=\"Image\"\/><\/div><\/div><div class=\"col-7 col-sm-7 col-md-7 col-lg-7 col-xl-7 col-xxl-7\"><div class=\"banner-box-txt\" style=\"text-align:default\"><h4 class=\"title\">NUTZEN SIE UNSERE SOFTWARE, <br>UM DIE ZUKUNFT ZU GESTALTEN<\/h4><\/div><\/div><div class=\"col-3 col-sm-3 col-md-3 col-lg-3 col-xl-3 col-xxl-3\"><div class=\"button-box-txt\"><a href=\"https:\/\/www.maccaferri.com\/de\/maccaferri-software\" target=\"_blank\" class=\"buttonurl\" rel=\"noopener\"><span class=\"buttontext\">go to the platform<\/span><\/a><\/div><\/div><\/div><\/div><\/div><div style=\"height:100px\" aria-hidden=\"true\" class=\"wp-block-spacer\"><\/div><div class=\"wp-block-mac-h2-title-block block-txt-container box-container\"><div class=\"row\"><div class=\"col title-box-txt\"><h2 style=\"color:#212429;text-align:none\">MACCAFERRI BIM-OBJEKTE<\/h2><\/div><\/div><\/div><div class=\"wp-block-mac-container-block box-container\"><div class=\"wp-block-columns is-layout-flex wp-container-core-columns-is-layout-9d6595d7 wp-block-columns-is-layout-flex\"><div class=\"wp-block-column is-layout-flow wp-block-column-is-layout-flow\"><div class=\"wp-block-columns is-layout-flex wp-container-core-columns-is-layout-9d6595d7 wp-block-columns-is-layout-flex\"><div class=\"wp-block-column is-layout-flow wp-block-column-is-layout-flow\"><figure class=\"wp-block-image size-large\"><img decoding=\"async\" width=\"1024\" height=\"675\" src=\"https:\/\/www.maccaferri.com\/de\/wp-content\/uploads\/sites\/26\/2022\/12\/Maccaferri-BIM-Objects-1024x675.png\" alt=\"\" class=\"wp-image-3547\" srcset=\"https:\/\/www.maccaferri.com\/de\/wp-content\/uploads\/2022\/12\/Maccaferri-BIM-Objects-1024x675.png 1024w, https:\/\/www.maccaferri.com\/de\/wp-content\/uploads\/2022\/12\/Maccaferri-BIM-Objects-300x198.png 300w, https:\/\/www.maccaferri.com\/de\/wp-content\/uploads\/2022\/12\/Maccaferri-BIM-Objects-768x506.png 768w, https:\/\/www.maccaferri.com\/de\/wp-content\/uploads\/2022\/12\/Maccaferri-BIM-Objects.png 1121w\" sizes=\"(max-width: 1024px) 100vw, 1024px\" \/><\/figure>\n\n<p><\/p><\/div>\n\n<div class=\"wp-block-column is-layout-flow wp-block-column-is-layout-flow\"><p class=\"has-medium-font-size\"><strong>Building Information Modeling<\/strong> (BIM) ist ein intelligenter 3D-modellbasierter Prozess. Ein erstaunliches neues Werkzeug f\u00fcr Ingenieure und Baufachleute.<\/p>\n\n<p class=\"has-medium-font-size\">Maccaferri engagiert sich f\u00fcr die F\u00f6rderung der Zusammenarbeit zwischen den Interessengruppen der Branche w\u00e4hrend des gesamten Lebenszyklus eines Projekts.<\/p>\n\n<p class=\"has-medium-font-size\">Zu diesem Zweck stellen wir unsere L\u00f6sungen auch als Building Information Model Objects (BIM) zur Verf\u00fcgung und f\u00f6rdern so die Einf\u00fchrung der BIM-Technologie zur Verbesserung der Planungs- und Bauprozesse und zur Vermeidung von Ungenauigkeiten beim Betrieb vor Ort.<\/p><\/div><\/div><\/div><\/div><\/div><div class=\"wp-block-columns is-layout-flex wp-container-core-columns-is-layout-9d6595d7 wp-block-columns-is-layout-flex\"><div class=\"wp-block-column is-layout-flow wp-block-column-is-layout-flow\"><div class=\"wp-block-mac-container-block box-container\"><div class=\"wp-block-columns is-layout-flex wp-container-core-columns-is-layout-9d6595d7 wp-block-columns-is-layout-flex\"><div class=\"wp-block-column is-layout-flow wp-block-column-is-layout-flow\"><div class=\"wp-block-mac-banner-title-cta  box-container block-cta\" style=\"background:#015E6F\"><div class=\"container box-container\"><div class=\"row\"><div class=\"col-2 col-sm-2 col-md-2 col-lg-2 col-xl-2 col-xxl-2\"><div class=\"box-image\"><img decoding=\"async\" class=\"image\" src=\"https:\/\/www.maccaferri.com\/de\/wp-content\/uploads\/sites\/26\/2022\/11\/img-banner-software.png\" alt=\"Image\"\/><\/div><\/div><div class=\"col-7 col-sm-7 col-md-7 col-lg-7 col-xl-7 col-xxl-7\"><div class=\"banner-box-txt\" style=\"text-align:default\"><h4 class=\"title\">NUTZEN SIE UNSERE BIM-OBJEKTE ZUR GESTALTUNG DER ZUKUNFT<\/h4><\/div><\/div><div class=\"col-3 col-sm-3 col-md-3 col-lg-3 col-xl-3 col-xxl-3\"><div class=\"button-box-txt\"><a href=\"https:\/\/www.maccaferri.com\/de\/bim-objekt-bibliothek\" target=\"_blank\" class=\"buttonurl\" rel=\"noopener\"><span class=\"buttontext\">Zur Bibliothek<\/span><\/a><\/div><\/div><\/div><\/div><\/div><\/div><\/div><\/div><\/div><\/div>","protected":false},"excerpt":{"rendered":"","protected":false},"author":1,"featured_media":0,"parent":0,"menu_order":0,"comment_status":"closed","ping_status":"closed","template":"","meta":{"_acf_changed":false,"_joinchat":[],"footnotes":""},"class_list":["post-1398","page","type-page","status-publish","hentry"],"acf":{"uuid_products":"","product-documents":""},"yoast_head":"<!-- This site is optimized with the Yoast SEO Premium plugin v27.0 (Yoast SEO v27.0) - https:\/\/yoast.com\/product\/yoast-seo-premium-wordpress\/ -->\n<title>Innovation - Maccaferri Deutschland<\/title>\n<meta name=\"description\" content=\"Innovation MACCAFERRI KUNDENSPEZIFISCHE SOFTWARE Unsere weltweit anerkannten und benutzerfreundlichen Softwarel\u00f6sungen wurden in Zusammenarbeit mit\" \/>\n<meta name=\"robots\" content=\"index, follow, max-snippet:-1, max-image-preview:large, max-video-preview:-1\" \/>\n<link rel=\"canonical\" href=\"https:\/\/www.maccaferri.com\/de\/innovation\/\" \/>\n<meta property=\"og:locale\" content=\"de_DE\" \/>\n<meta property=\"og:type\" content=\"article\" \/>\n<meta property=\"og:title\" content=\"Innovation - Maccaferri Deutschland\" \/>\n<meta property=\"og:description\" content=\"Innovation MACCAFERRI KUNDENSPEZIFISCHE SOFTWARE Unsere weltweit anerkannten und benutzerfreundlichen Softwarel\u00f6sungen wurden in Zusammenarbeit mit\" \/>\n<meta property=\"og:url\" content=\"https:\/\/www.maccaferri.com\/de\/innovation\/\" \/>\n<meta property=\"og:site_name\" content=\"Maccaferri Deutschland\" \/>\n<meta property=\"article:modified_time\" content=\"2023-04-20T09:10:20+00:00\" \/>\n<meta property=\"og:image\" content=\"https:\/\/www.maccaferri.com\/de\/wp-content\/uploads\/sites\/26\/2022\/12\/Adv-2-1.jpg\" \/>\n<meta name=\"twitter:card\" content=\"summary_large_image\" \/>\n<meta name=\"twitter:label1\" content=\"Est. reading time\" \/>\n\t<meta name=\"twitter:data1\" content=\"3 minutes\" \/>\n<script type=\"application\/ld+json\" class=\"yoast-schema-graph\">{\"@context\":\"https:\/\/schema.org\",\"@graph\":[{\"@type\":\"WebPage\",\"@id\":\"https:\/\/www.maccaferri.com\/de\/innovation\/\",\"url\":\"https:\/\/www.maccaferri.com\/de\/innovation\/\",\"name\":\"Innovation - Maccaferri Deutschland\",\"isPartOf\":{\"@id\":\"https:\/\/www.maccaferri.com\/de\/#website\"},\"primaryImageOfPage\":{\"@id\":\"https:\/\/www.maccaferri.com\/de\/innovation\/#primaryimage\"},\"image\":{\"@id\":\"https:\/\/www.maccaferri.com\/de\/innovation\/#primaryimage\"},\"thumbnailUrl\":\"https:\/\/www.maccaferri.com\/de\/wp-content\/uploads\/sites\/26\/2022\/12\/Adv-2-1.jpg\",\"datePublished\":\"2022-07-29T09:40:29+00:00\",\"dateModified\":\"2023-04-20T09:10:20+00:00\",\"description\":\"Innovation MACCAFERRI KUNDENSPEZIFISCHE SOFTWARE Unsere weltweit anerkannten und benutzerfreundlichen Softwarel\u00f6sungen wurden in Zusammenarbeit mit\",\"inLanguage\":\"de-DE\",\"potentialAction\":[{\"@type\":\"ReadAction\",\"target\":[\"https:\/\/www.maccaferri.com\/de\/innovation\/\"]}]},{\"@type\":\"ImageObject\",\"inLanguage\":\"de-DE\",\"@id\":\"https:\/\/www.maccaferri.com\/de\/innovation\/#primaryimage\",\"url\":\"https:\/\/www.maccaferri.com\/de\/wp-content\/uploads\/sites\/26\/2022\/12\/Adv-2-1.jpg\",\"contentUrl\":\"https:\/\/www.maccaferri.com\/de\/wp-content\/uploads\/sites\/26\/2022\/12\/Adv-2-1.jpg\"},{\"@type\":\"WebSite\",\"@id\":\"https:\/\/www.maccaferri.com\/de\/#website\",\"url\":\"https:\/\/www.maccaferri.com\/de\/\",\"name\":\"Maccaferri Deutschland\",\"description\":\"\",\"publisher\":{\"@id\":\"https:\/\/www.maccaferri.com\/de\/#organization\"},\"potentialAction\":[{\"@type\":\"SearchAction\",\"target\":{\"@type\":\"EntryPoint\",\"urlTemplate\":\"https:\/\/www.maccaferri.com\/de\/?s={search_term_string}\"},\"query-input\":{\"@type\":\"PropertyValueSpecification\",\"valueRequired\":true,\"valueName\":\"search_term_string\"}}],\"inLanguage\":\"de-DE\"},{\"@type\":\"Organization\",\"@id\":\"https:\/\/www.maccaferri.com\/de\/#organization\",\"name\":\"Maccaferri Deutschland\",\"url\":\"https:\/\/www.maccaferri.com\/de\/\",\"logo\":{\"@type\":\"ImageObject\",\"inLanguage\":\"de-DE\",\"@id\":\"https:\/\/www.maccaferri.com\/de\/#\/schema\/logo\/image\/\",\"url\":\"https:\/\/www.maccaferri.com\/de\/wp-content\/uploads\/2022\/07\/logo-maccaferri.png\",\"contentUrl\":\"https:\/\/www.maccaferri.com\/de\/wp-content\/uploads\/2022\/07\/logo-maccaferri.png\",\"width\":152,\"height\":32,\"caption\":\"Maccaferri Deutschland\"},\"image\":{\"@id\":\"https:\/\/www.maccaferri.com\/de\/#\/schema\/logo\/image\/\"}}]}<\/script>\n<!-- \/ Yoast SEO Premium plugin. -->","yoast_head_json":{"title":"Innovation - Maccaferri Deutschland","description":"Innovation MACCAFERRI KUNDENSPEZIFISCHE SOFTWARE Unsere weltweit anerkannten und benutzerfreundlichen Softwarel\u00f6sungen wurden in Zusammenarbeit mit","robots":{"index":"index","follow":"follow","max-snippet":"max-snippet:-1","max-image-preview":"max-image-preview:large","max-video-preview":"max-video-preview:-1"},"canonical":"https:\/\/www.maccaferri.com\/de\/innovation\/","og_locale":"de_DE","og_type":"article","og_title":"Innovation - Maccaferri Deutschland","og_description":"Innovation MACCAFERRI KUNDENSPEZIFISCHE SOFTWARE Unsere weltweit anerkannten und benutzerfreundlichen Softwarel\u00f6sungen wurden in Zusammenarbeit mit","og_url":"https:\/\/www.maccaferri.com\/de\/innovation\/","og_site_name":"Maccaferri Deutschland","article_modified_time":"2023-04-20T09:10:20+00:00","og_image":[{"url":"https:\/\/www.maccaferri.com\/de\/wp-content\/uploads\/sites\/26\/2022\/12\/Adv-2-1.jpg","type":"","width":"","height":""}],"twitter_card":"summary_large_image","twitter_misc":{"Est. reading time":"3 minutes"},"schema":{"@context":"https:\/\/schema.org","@graph":[{"@type":"WebPage","@id":"https:\/\/www.maccaferri.com\/de\/innovation\/","url":"https:\/\/www.maccaferri.com\/de\/innovation\/","name":"Innovation - Maccaferri Deutschland","isPartOf":{"@id":"https:\/\/www.maccaferri.com\/de\/#website"},"primaryImageOfPage":{"@id":"https:\/\/www.maccaferri.com\/de\/innovation\/#primaryimage"},"image":{"@id":"https:\/\/www.maccaferri.com\/de\/innovation\/#primaryimage"},"thumbnailUrl":"https:\/\/www.maccaferri.com\/de\/wp-content\/uploads\/sites\/26\/2022\/12\/Adv-2-1.jpg","datePublished":"2022-07-29T09:40:29+00:00","dateModified":"2023-04-20T09:10:20+00:00","description":"Innovation MACCAFERRI KUNDENSPEZIFISCHE SOFTWARE Unsere weltweit anerkannten und benutzerfreundlichen Softwarel\u00f6sungen wurden in Zusammenarbeit mit","inLanguage":"de-DE","potentialAction":[{"@type":"ReadAction","target":["https:\/\/www.maccaferri.com\/de\/innovation\/"]}]},{"@type":"ImageObject","inLanguage":"de-DE","@id":"https:\/\/www.maccaferri.com\/de\/innovation\/#primaryimage","url":"https:\/\/www.maccaferri.com\/de\/wp-content\/uploads\/sites\/26\/2022\/12\/Adv-2-1.jpg","contentUrl":"https:\/\/www.maccaferri.com\/de\/wp-content\/uploads\/sites\/26\/2022\/12\/Adv-2-1.jpg"},{"@type":"WebSite","@id":"https:\/\/www.maccaferri.com\/de\/#website","url":"https:\/\/www.maccaferri.com\/de\/","name":"Maccaferri Deutschland","description":"","publisher":{"@id":"https:\/\/www.maccaferri.com\/de\/#organization"},"potentialAction":[{"@type":"SearchAction","target":{"@type":"EntryPoint","urlTemplate":"https:\/\/www.maccaferri.com\/de\/?s={search_term_string}"},"query-input":{"@type":"PropertyValueSpecification","valueRequired":true,"valueName":"search_term_string"}}],"inLanguage":"de-DE"},{"@type":"Organization","@id":"https:\/\/www.maccaferri.com\/de\/#organization","name":"Maccaferri Deutschland","url":"https:\/\/www.maccaferri.com\/de\/","logo":{"@type":"ImageObject","inLanguage":"de-DE","@id":"https:\/\/www.maccaferri.com\/de\/#\/schema\/logo\/image\/","url":"https:\/\/www.maccaferri.com\/de\/wp-content\/uploads\/2022\/07\/logo-maccaferri.png","contentUrl":"https:\/\/www.maccaferri.com\/de\/wp-content\/uploads\/2022\/07\/logo-maccaferri.png","width":152,"height":32,"caption":"Maccaferri Deutschland"},"image":{"@id":"https:\/\/www.maccaferri.com\/de\/#\/schema\/logo\/image\/"}}]}},"_links":{"self":[{"href":"https:\/\/www.maccaferri.com\/de\/wp-json\/wp\/v2\/pages\/1398","targetHints":{"allow":["GET"]}}],"collection":[{"href":"https:\/\/www.maccaferri.com\/de\/wp-json\/wp\/v2\/pages"}],"about":[{"href":"https:\/\/www.maccaferri.com\/de\/wp-json\/wp\/v2\/types\/page"}],"author":[{"embeddable":true,"href":"https:\/\/www.maccaferri.com\/de\/wp-json\/wp\/v2\/users\/1"}],"replies":[{"embeddable":true,"href":"https:\/\/www.maccaferri.com\/de\/wp-json\/wp\/v2\/comments?post=1398"}],"version-history":[{"count":51,"href":"https:\/\/www.maccaferri.com\/de\/wp-json\/wp\/v2\/pages\/1398\/revisions"}],"predecessor-version":[{"id":12322,"href":"https:\/\/www.maccaferri.com\/de\/wp-json\/wp\/v2\/pages\/1398\/revisions\/12322"}],"wp:attachment":[{"href":"https:\/\/www.maccaferri.com\/de\/wp-json\/wp\/v2\/media?parent=1398"}],"curies":[{"name":"wp","href":"https:\/\/api.w.org\/{rel}","templated":true}]}}