{"id":1375,"date":"2022-07-28T15:26:58","date_gmt":"2022-07-28T13:26:58","guid":{"rendered":"https:\/\/www.maccaferri.com\/de\/?page_id=1375"},"modified":"2023-06-01T17:12:48","modified_gmt":"2023-06-01T15:12:48","slug":"nachhaltigkeit","status":"publish","type":"page","link":"https:\/\/www.maccaferri.com\/de\/nachhaltigkeit\/","title":{"rendered":"Nachhaltigkeit"},"content":{"rendered":"<div class=\"wp-block-mac-h1-title-hero-block container-fluid block-txt-container\" style=\"background:linear-gradient(180deg,rgb(1,94,111) 0%,rgb(0,72,87) 100%)\"><div class=\"row\"><div class=\"col\"><div class=\"gts__picture\"><img decoding=\"async\" src=\"https:\/\/www.maccaferri.com\/de\/wp-content\/uploads\/sites\/26\/2022\/12\/Sustainability_Gabion_3.jpg\" style=\"display:none\"\/><div class=\"gts__picture__image\" style=\"background-image:url(https:\/\/www.maccaferri.com\/de\/wp-content\/uploads\/sites\/26\/2022\/12\/Sustainability_Gabion_3.jpg)\"><\/div><\/div><div class=\"container box-container\"><div class=\"row\"><div class=\"col title-box-txt\"><h1 class=\"wp-block-mac-h1-title-hero-block\" style=\"color:#ffffff;text-align:none\">Nachhaltigkeit<\/h1><\/div><\/div><\/div><\/div><\/div><\/div><div class=\"wp-block-mac-container-block box-container\"><div class=\"wp-block-columns is-layout-flex wp-container-core-columns-is-layout-9d6595d7 wp-block-columns-is-layout-flex\"><div class=\"wp-block-column is-layout-flow wp-block-column-is-layout-flow\"><div style=\"height:100px\" aria-hidden=\"true\" class=\"wp-block-spacer\"><\/div>\n\n<p class=\"has-medium-font-size\">Wir engagieren uns stark f\u00fcr die Ber\u00fccksichtigung \u00f6kologischer, wirtschaftlicher und sozialer Aspekte in einem ganzheitlichen Ansatz.<\/p>\n\n<p class=\"has-medium-font-size\">Wir glauben fest an die Anwendung nachhaltiger Ans\u00e4tze und L\u00f6sungen w\u00e4hrend des gesamten Lebenszyklus eines Projekts.<\/p>\n\n<p class=\"has-medium-font-size\">Von der Entwurfsphase eines technischen Systems \u00fcber die Fertigungs- und Bauphase bis hin zum Bauende: Alle unsere technischen L\u00f6sungen zielen darauf ab, einen langfristigen Nutzen zu schaffen, der \u00fcber das Produkt selbst hinausgeht.<\/p><\/div><\/div><\/div><figure class=\"wp-block-image aligncenter size-full\"><img decoding=\"async\" src=\"https:\/\/www.maccaferri.com\/de\/wp-content\/uploads\/sites\/26\/2022\/09\/test-img-cta-right.png\" alt=\"\" class=\"wp-image-1986\"\/><\/figure><p><\/p><p><\/p><div class=\"wp-block-mac-h2-title-block block-txt-container box-container\"><div class=\"row\"><div class=\"col title-box-txt\"><h2 style=\"color:#212429;text-align:center\">Ziele f\u00fcr nachhaltige Entwicklung<\/h2><\/div><\/div><\/div><div class=\"wp-block-mac-container-block box-container\"><div class=\"wp-block-columns is-layout-flex wp-container-core-columns-is-layout-9d6595d7 wp-block-columns-is-layout-flex\"><div class=\"wp-block-column is-layout-flow wp-block-column-is-layout-flow\"><div class=\"wp-block-mac-h5-txt-paragraph-block block-txt-container box-container\"><div class=\"row\"><div class=\"col paragraph-box-txt\"><h5 class=\"wp-block-mac-h5-txt-paragraph-block\" style=\"color:#212429;text-align:none\">Die UNO hat die SDGs als dringenden Aufruf zum Handeln formuliert: Wir haben die Herausforderung angenommen und uns verpflichtet, sie Schritt f\u00fcr Schritt zu erreichen.<\/h5><\/div><\/div><\/div><\/div><\/div><\/div><div class=\"wp-block-mac-container-block box-container\"><div class=\"wp-block-columns is-layout-flex wp-container-core-columns-is-layout-9d6595d7 wp-block-columns-is-layout-flex\"><div class=\"wp-block-column is-layout-flow wp-block-column-is-layout-flow\"><p>Neben Institutionen und Beh\u00f6rden sind nun auch die Unternehmen aufgerufen, nachhaltige L\u00f6sungen zu entwickeln, die das Wohlergehen und die Sicherheit der Gemeinschaft und der Umwelt im Einklang mit den von den Vereinten Nationen in der Agenda 2030 f\u00fcr nachhaltige Entwicklung formulierten Zielen gew\u00e4hrleisten.<\/p>\n\n<p>Die Agenda 2030 besteht aus 17 Zielen f\u00fcr eine nachhaltige Entwicklung (Sustainable Development Goals, SDGs), die in einen umfassenderen Plan mit 169 damit verbundenen \u00f6kologischen, wirtschaftlichen, sozialen und institutionellen Zielen eingebettet sind, die bis 2030 erreicht werden sollen.<\/p>\n\n<p>Sieben Jahre nach der Unterzeichnung der Agenda 2030 w\u00e4chst in der Zivilgesellschaft, in der Unternehmenswelt und bei den Regierungen das Bewusstsein f\u00fcr die Notwendigkeit, einen integrierten Ansatz zu verfolgen und konkrete Ma\u00dfnahmen zu ergreifen, um einen bedeutenden sozio\u00f6konomischen Wandel sowie vielf\u00e4ltige und komplexe \u00f6kologische und institutionelle Herausforderungen anzugehen. Viele Unternehmen haben sich mit der Agenda 2030 befasst, indem sie das Prinzip der Nachhaltigkeit in ihre Strategie und Gesch\u00e4ftsplanung integriert haben.<\/p>\n\n<p>Die Vereinten Nationen haben die SDGs als dringenden Aufruf zum Handeln definiert, w\u00e4hrend Maccaferri, das die \u00f6kologische Nachhaltigkeit zum Rckgrat seiner Vision macht, prompt geantwortet hat und seine Energien auf Ziele zur Bek\u00e4mpfung des Klimawandels und zum Schutz des \u00f6kologischen \u00d6kosystems konzentriert.<\/p>\n\n<div style=\"height:100px\" aria-hidden=\"true\" class=\"wp-block-spacer\"><\/div><\/div><\/div><\/div><div class=\"wp-block-mac-container-block box-container\"><div class=\"wp-block-columns is-layout-flex wp-container-core-columns-is-layout-9d6595d7 wp-block-columns-is-layout-flex\"><div class=\"wp-block-column is-layout-flow wp-block-column-is-layout-flow\" style=\"flex-basis:33.33%\"><figure class=\"wp-block-image size-full\"><img fetchpriority=\"high\" decoding=\"async\" width=\"598\" height=\"491\" src=\"https:\/\/www.maccaferri.com\/de\/wp-content\/uploads\/sites\/26\/2022\/12\/sdg-1.png\" alt=\"\" class=\"wp-image-3101\" srcset=\"https:\/\/www.maccaferri.com\/de\/wp-content\/uploads\/2022\/12\/sdg-1.png 598w, https:\/\/www.maccaferri.com\/de\/wp-content\/uploads\/2022\/12\/sdg-1-300x246.png 300w\" sizes=\"(max-width: 598px) 100vw, 598px\" \/><\/figure><\/div>\n\n<div class=\"wp-block-column is-layout-flow wp-block-column-is-layout-flow\" style=\"flex-basis:66.66%\"><figure class=\"wp-block-image size-full\"><img decoding=\"async\" width=\"743\" height=\"376\" src=\"https:\/\/www.maccaferri.com\/de\/wp-content\/uploads\/sites\/26\/2022\/12\/sdg2.png\" alt=\"\" class=\"wp-image-3104\" srcset=\"https:\/\/www.maccaferri.com\/de\/wp-content\/uploads\/2022\/12\/sdg2.png 743w, https:\/\/www.maccaferri.com\/de\/wp-content\/uploads\/2022\/12\/sdg2-300x152.png 300w\" sizes=\"(max-width: 743px) 100vw, 743px\" \/><\/figure><\/div><\/div><\/div><div style=\"height:100px\" aria-hidden=\"true\" class=\"wp-block-spacer\"><\/div><div class=\"wp-block-mac-h2-title-bold-block block-txt-container box-container\"><div class=\"row\"><div class=\"col title-box-txt\"><h2 style=\"color:#004857;text-align:center\">UNSER ENGAGEMENT<\/h2><\/div><\/div><\/div><div class=\"wp-block-mac-block-left-description-right-image container-media box-container\"><div class=\"row\"><div class=\"col-12 col-lg-6 col-xl-6 col-xxl-6 title-box-txt order-lg-first order-last\" style=\"text-align:default\"><p class=\"description\" style=\"color:#212429\"><strong>F\u00d6RDERUNG DER EINF\u00dcHRUNG SAUBERER ENERGIEN<\/strong><br><br>Wir entwickeln L\u00f6sungen, die den Zugang zu erschwinglicher und sauberer Energie f\u00f6rdern.<br><br>Wir arbeiten mit den Beh\u00f6rden zusammen, <strong>um den Anteil gr\u00fcner Energie <\/strong>am globalen Energiemix zu maximieren.<\/p><\/div><div class=\"col-12 col-lg-6 col-xl-6 col-xxl-6\"><div class=\"box-image\"><img decoding=\"async\" class=\"image\" src=\"https:\/\/www.maccaferri.com\/de\/wp-content\/uploads\/2023\/06\/SDG-Foto-7-2-min-9.png\" alt=\"Image\"\/><\/div><\/div><\/div><\/div><div class=\"wp-block-mac-block-left-image-right-description container-media box-container\"><div class=\"row\"><div class=\"col-12 col-lg-6 col-xl-6 col-xxl-6\"><div class=\"box-image\"><img decoding=\"async\" class=\"image\" src=\"https:\/\/www.maccaferri.com\/de\/wp-content\/uploads\/2023\/06\/SDG-Foto-8-1-9.png\" alt=\"Image\"\/><\/div><\/div><div class=\"col-12 col-lg-6 col-xl-6 col-xxl-6 title-box-txt\" style=\"text-align:default\"><p class=\"description\" style=\"color:#212429\"><strong>EINBEZIEHUNG DER LOKALEN GEMEINSCHAFTEN<br><br><\/strong>Wir f\u00f6rdern ein integratives Wachstum, indem wir L\u00f6sungen entwickeln, die von <strong>einheimischen Arbeitskr\u00e4ften<\/strong> ohne spezielle Ausbildung leicht installiert werden k\u00f6nnen.<br><br>Viele Gemeinden leiden unter einer zunehmenden Zahl von Naturkatastrophen. Deshalb arbeiten wir an schnellen und wirksamen Ma\u00dfnahmen, um einzugreifen und die <strong>Wirtschaft wiederherzustellen<\/strong>.<\/p><\/div><\/div><\/div><div class=\"wp-block-mac-block-left-description-right-image container-media box-container\"><div class=\"row\"><div class=\"col-12 col-lg-6 col-xl-6 col-xxl-6 title-box-txt order-lg-first order-last\" style=\"text-align:default\"><p class=\"description\" style=\"color:#212429\"><strong>INNOVATION BEG\u00dcNSTIGEN<\/strong><br><br>Wir f\u00f6rdern <strong>kontinuierliche Verbesserungen<\/strong>, um die langfristigen wirtschaftlichen und \u00f6kologischen Auswirkungen eines Bauwerks in den Mittelpunkt der Planung zu stellen.<br><br>Unser Designprozess ist auf Testkampagnen und Investitionen in die <strong>Leistungsbewertung<\/strong> unserer L\u00f6sungen ausgerichtet.<\/p><\/div><div class=\"col-12 col-lg-6 col-xl-6 col-xxl-6\"><div class=\"box-image\"><img decoding=\"async\" class=\"image\" src=\"https:\/\/www.maccaferri.com\/de\/wp-content\/uploads\/2023\/06\/SDG-Foto-9-1-min-9.png\" alt=\"Image\"\/><\/div><\/div><\/div><\/div><div class=\"wp-block-mac-block-left-image-right-description container-media box-container\"><div class=\"row\"><div class=\"col-12 col-lg-6 col-xl-6 col-xxl-6\"><div class=\"box-image\"><img decoding=\"async\" class=\"image\" src=\"https:\/\/www.maccaferri.com\/de\/wp-content\/uploads\/2023\/06\/SDG-Foto-11-1-min-9.png\" alt=\"Image\"\/><\/div><\/div><div class=\"col-12 col-lg-6 col-xl-6 col-xxl-6 title-box-txt\" style=\"text-align:default\"><p class=\"description\" style=\"color:#212429\"><strong>SICHERHEIT VON PERSONEN UND SCHUTZ VON VERM\u00d6GENSWERTEN<\/strong><br><strong><br><\/strong>Durch die Entwicklung ma\u00dfgeschneiderter L\u00f6sungen f\u00fcr jedes Sicherheitsproblem, mit dem wir konfrontiert sind, k\u00f6nnen wir die <strong>Risiken minimieren<\/strong>.<br><br>Die Menschen, das historische und kulturelle Erbe und die Infrastruktur m\u00fcssen gesch\u00fctzt werden.<\/p><\/div><\/div><\/div><div class=\"wp-block-mac-block-left-description-right-image container-media box-container\"><div class=\"row\"><div class=\"col-12 col-lg-6 col-xl-6 col-xxl-6 title-box-txt order-lg-first order-last\" style=\"text-align:default\"><p class=\"description\" style=\"color:#212429\"><strong>VERANTWORTUNGSVOLLE GESTALTUNG UND PRODUKTION<\/strong><br><br>Durch Designoptimierung f\u00f6rdern wir eine nachhaltige Materialwirtschaft, um Ressourcen zu sparen und Abfall zu vermeiden. Unsere Leistungen umfassen die <strong>Reduzierung<\/strong>, <strong>Wiederverwendung <\/strong>und das <strong>Recycling <\/strong>von Materialien.<br><br>Au\u00dferdem verpflichten wir uns zu <strong>Transparenz<\/strong>, indem wir objektive, verl\u00e4ssliche und vergleichbare Informationen \u00fcber den Lebenszyklus Umweltauswirkungen unserer Produkte.<br><a href=\"https:\/\/www.maccaferri.com\/epd-certification\" target=\"_blank\" rel=\"noreferrer noopener\">Erfahren Sie mehr &gt;&gt;&gt;<\/a><\/p><\/div><div class=\"col-12 col-lg-6 col-xl-6 col-xxl-6\"><div class=\"box-image\"><img decoding=\"async\" class=\"image\" src=\"https:\/\/www.maccaferri.com\/de\/wp-content\/uploads\/2023\/06\/SDG-Foto-12-1-min-9.png\" alt=\"Image\"\/><\/div><\/div><\/div><\/div><div class=\"wp-block-mac-block-left-image-right-description container-media box-container\"><div class=\"row\"><div class=\"col-12 col-lg-6 col-xl-6 col-xxl-6\"><div class=\"box-image\"><img decoding=\"async\" class=\"image\" src=\"https:\/\/www.maccaferri.com\/de\/wp-content\/uploads\/2023\/06\/SDG-Foto-13-11-1-9.png\" alt=\"Image\"\/><\/div><\/div><div class=\"col-12 col-lg-6 col-xl-6 col-xxl-6 title-box-txt\" style=\"text-align:default\"><p class=\"description\" style=\"color:#212429\"><strong>INTEGRATION IN DIE NAT\u00dcRLICHE UMWELT<br><br><\/strong>Wir legen Wert auf die <strong>Nat\u00fcrlichkeit unserer Ingenieurbauwerke<\/strong> und glauben, dass die Integration von Vegetation und Bepflanzungstechniken in der Entwurfsphase einen zus\u00e4tzlichen \u00f6kologischen Wert unserer L\u00f6sungen darstellt.<br><br>Wir arbeiten an der Verbesserung der Gesamt\u00e4sthetik unserer Bauwerke, um sie besser in unsere st\u00e4dtische Umgebung zu integrieren.<\/p><\/div><\/div><\/div><h2 class=\"wp-block-heading\"> <\/h2><div class=\"wp-block-mac-block-left-description-right-image container-media box-container\"><div class=\"row\"><div class=\"col-12 col-lg-6 col-xl-6 col-xxl-6 title-box-txt order-lg-first order-last\" style=\"text-align:default\"><p class=\"description\" style=\"color:#212429\"><strong>ACHTUNG UND F\u00d6RDERUNG DER BIOLOGISCHEN VIELFALT<\/strong><br><strong><br><\/strong>Wir bem\u00fchen uns, die <strong>Umweltauswirkungen<\/strong> unserer L\u00f6sungen <strong>zu reduzieren<\/strong> und ein Gleichgewicht zwischen technischer Leistung und nat\u00fcrlicher Integration zu erreichen.<br><br>Wir haben uns unter anderem verpflichtet, <strong>L\u00f6sungen <\/strong>zu bevorzugen, <strong>die die biologische Vielfalt f\u00f6rdern<\/strong>, perfekte Lebensr\u00e4ume f\u00fcr verschiedene Arten bieten und auch die Anwesenheit von Wildtieren ber\u00fccksichtigen und respektieren.<\/p><\/div><div class=\"col-12 col-lg-6 col-xl-6 col-xxl-6\"><div class=\"box-image\"><img decoding=\"async\" class=\"image\" src=\"https:\/\/www.maccaferri.com\/de\/wp-content\/uploads\/2023\/06\/SDG-Foto-14-15-1-min-9.png\" alt=\"Image\"\/><\/div><\/div><\/div><\/div><div style=\"height:100px\" aria-hidden=\"true\" class=\"wp-block-spacer\"><\/div><div class=\"wp-block-buttons is-content-justification-center is-layout-flex wp-container-core-buttons-is-layout-16018d1d wp-block-buttons-is-layout-flex\"><div class=\"wp-block-button\"><a class=\"wp-block-button__link\" href=\"https:\/\/www.maccaferri.com\/de\/download\/maccaferri-sustainability-2022-2\" target=\"_blank\" rel=\"noreferrer noopener\">DIE VOLLST\u00c4NDIGE PR\u00c4SENTATION HERUNTERLADEN<\/a><\/div><\/div><div style=\"height:100px\" aria-hidden=\"true\" class=\"wp-block-spacer\"><\/div>","protected":false},"excerpt":{"rendered":"","protected":false},"author":1,"featured_media":0,"parent":0,"menu_order":0,"comment_status":"closed","ping_status":"closed","template":"","meta":{"_acf_changed":false,"_joinchat":[],"footnotes":""},"class_list":["post-1375","page","type-page","status-publish","hentry"],"acf":{"uuid_products":"","product-documents":""},"yoast_head":"<!-- This site is optimized with the Yoast SEO Premium plugin v27.0 (Yoast SEO v27.0) - https:\/\/yoast.com\/product\/yoast-seo-premium-wordpress\/ -->\n<title>Nachhaltigkeit - Maccaferri Deutschland<\/title>\n<meta name=\"description\" content=\"Nachhaltigkeit Wir engagieren uns stark f\u00fcr die Ber\u00fccksichtigung \u00f6kologischer, wirtschaftlicher und sozialer Aspekte in einem ganzheitlichen Ansatz. Wir\" \/>\n<meta name=\"robots\" content=\"index, follow, max-snippet:-1, max-image-preview:large, max-video-preview:-1\" \/>\n<link rel=\"canonical\" href=\"https:\/\/www.maccaferri.com\/de\/nachhaltigkeit\/\" \/>\n<meta property=\"og:locale\" content=\"de_DE\" \/>\n<meta property=\"og:type\" content=\"article\" \/>\n<meta property=\"og:title\" content=\"Nachhaltigkeit - Maccaferri Deutschland\" \/>\n<meta property=\"og:description\" content=\"Nachhaltigkeit Wir engagieren uns stark f\u00fcr die Ber\u00fccksichtigung \u00f6kologischer, wirtschaftlicher und sozialer Aspekte in einem ganzheitlichen Ansatz. Wir\" \/>\n<meta property=\"og:url\" content=\"https:\/\/www.maccaferri.com\/de\/nachhaltigkeit\/\" \/>\n<meta property=\"og:site_name\" content=\"Maccaferri Deutschland\" \/>\n<meta property=\"article:modified_time\" content=\"2023-06-01T15:12:48+00:00\" \/>\n<meta property=\"og:image\" content=\"https:\/\/www.maccaferri.com\/de\/wp-content\/uploads\/sites\/26\/2022\/12\/Sustainability_Gabion_3.jpg\" \/>\n<meta name=\"twitter:card\" content=\"summary_large_image\" \/>\n<meta name=\"twitter:label1\" content=\"Est. reading time\" \/>\n\t<meta name=\"twitter:data1\" content=\"6 minutes\" \/>\n<script type=\"application\/ld+json\" class=\"yoast-schema-graph\">{\"@context\":\"https:\/\/schema.org\",\"@graph\":[{\"@type\":\"WebPage\",\"@id\":\"https:\/\/www.maccaferri.com\/de\/nachhaltigkeit\/\",\"url\":\"https:\/\/www.maccaferri.com\/de\/nachhaltigkeit\/\",\"name\":\"Nachhaltigkeit - Maccaferri Deutschland\",\"isPartOf\":{\"@id\":\"https:\/\/www.maccaferri.com\/de\/#website\"},\"primaryImageOfPage\":{\"@id\":\"https:\/\/www.maccaferri.com\/de\/nachhaltigkeit\/#primaryimage\"},\"image\":{\"@id\":\"https:\/\/www.maccaferri.com\/de\/nachhaltigkeit\/#primaryimage\"},\"thumbnailUrl\":\"https:\/\/www.maccaferri.com\/de\/wp-content\/uploads\/sites\/26\/2022\/12\/Sustainability_Gabion_3.jpg\",\"datePublished\":\"2022-07-28T13:26:58+00:00\",\"dateModified\":\"2023-06-01T15:12:48+00:00\",\"description\":\"Nachhaltigkeit Wir engagieren uns stark f\u00fcr die Ber\u00fccksichtigung \u00f6kologischer, wirtschaftlicher und sozialer Aspekte in einem ganzheitlichen Ansatz. Wir\",\"inLanguage\":\"de-DE\",\"potentialAction\":[{\"@type\":\"ReadAction\",\"target\":[\"https:\/\/www.maccaferri.com\/de\/nachhaltigkeit\/\"]}]},{\"@type\":\"ImageObject\",\"inLanguage\":\"de-DE\",\"@id\":\"https:\/\/www.maccaferri.com\/de\/nachhaltigkeit\/#primaryimage\",\"url\":\"https:\/\/www.maccaferri.com\/de\/wp-content\/uploads\/sites\/26\/2022\/12\/Sustainability_Gabion_3.jpg\",\"contentUrl\":\"https:\/\/www.maccaferri.com\/de\/wp-content\/uploads\/sites\/26\/2022\/12\/Sustainability_Gabion_3.jpg\"},{\"@type\":\"WebSite\",\"@id\":\"https:\/\/www.maccaferri.com\/de\/#website\",\"url\":\"https:\/\/www.maccaferri.com\/de\/\",\"name\":\"Maccaferri Deutschland\",\"description\":\"\",\"publisher\":{\"@id\":\"https:\/\/www.maccaferri.com\/de\/#organization\"},\"potentialAction\":[{\"@type\":\"SearchAction\",\"target\":{\"@type\":\"EntryPoint\",\"urlTemplate\":\"https:\/\/www.maccaferri.com\/de\/?s={search_term_string}\"},\"query-input\":{\"@type\":\"PropertyValueSpecification\",\"valueRequired\":true,\"valueName\":\"search_term_string\"}}],\"inLanguage\":\"de-DE\"},{\"@type\":\"Organization\",\"@id\":\"https:\/\/www.maccaferri.com\/de\/#organization\",\"name\":\"Maccaferri Deutschland\",\"url\":\"https:\/\/www.maccaferri.com\/de\/\",\"logo\":{\"@type\":\"ImageObject\",\"inLanguage\":\"de-DE\",\"@id\":\"https:\/\/www.maccaferri.com\/de\/#\/schema\/logo\/image\/\",\"url\":\"https:\/\/www.maccaferri.com\/de\/wp-content\/uploads\/2022\/07\/logo-maccaferri.png\",\"contentUrl\":\"https:\/\/www.maccaferri.com\/de\/wp-content\/uploads\/2022\/07\/logo-maccaferri.png\",\"width\":152,\"height\":32,\"caption\":\"Maccaferri Deutschland\"},\"image\":{\"@id\":\"https:\/\/www.maccaferri.com\/de\/#\/schema\/logo\/image\/\"}}]}<\/script>\n<!-- \/ Yoast SEO Premium plugin. -->","yoast_head_json":{"title":"Nachhaltigkeit - Maccaferri Deutschland","description":"Nachhaltigkeit Wir engagieren uns stark f\u00fcr die Ber\u00fccksichtigung \u00f6kologischer, wirtschaftlicher und sozialer Aspekte in einem ganzheitlichen Ansatz. Wir","robots":{"index":"index","follow":"follow","max-snippet":"max-snippet:-1","max-image-preview":"max-image-preview:large","max-video-preview":"max-video-preview:-1"},"canonical":"https:\/\/www.maccaferri.com\/de\/nachhaltigkeit\/","og_locale":"de_DE","og_type":"article","og_title":"Nachhaltigkeit - Maccaferri Deutschland","og_description":"Nachhaltigkeit Wir engagieren uns stark f\u00fcr die Ber\u00fccksichtigung \u00f6kologischer, wirtschaftlicher und sozialer Aspekte in einem ganzheitlichen Ansatz. Wir","og_url":"https:\/\/www.maccaferri.com\/de\/nachhaltigkeit\/","og_site_name":"Maccaferri Deutschland","article_modified_time":"2023-06-01T15:12:48+00:00","og_image":[{"url":"https:\/\/www.maccaferri.com\/de\/wp-content\/uploads\/sites\/26\/2022\/12\/Sustainability_Gabion_3.jpg","type":"","width":"","height":""}],"twitter_card":"summary_large_image","twitter_misc":{"Est. reading time":"6 minutes"},"schema":{"@context":"https:\/\/schema.org","@graph":[{"@type":"WebPage","@id":"https:\/\/www.maccaferri.com\/de\/nachhaltigkeit\/","url":"https:\/\/www.maccaferri.com\/de\/nachhaltigkeit\/","name":"Nachhaltigkeit - Maccaferri Deutschland","isPartOf":{"@id":"https:\/\/www.maccaferri.com\/de\/#website"},"primaryImageOfPage":{"@id":"https:\/\/www.maccaferri.com\/de\/nachhaltigkeit\/#primaryimage"},"image":{"@id":"https:\/\/www.maccaferri.com\/de\/nachhaltigkeit\/#primaryimage"},"thumbnailUrl":"https:\/\/www.maccaferri.com\/de\/wp-content\/uploads\/sites\/26\/2022\/12\/Sustainability_Gabion_3.jpg","datePublished":"2022-07-28T13:26:58+00:00","dateModified":"2023-06-01T15:12:48+00:00","description":"Nachhaltigkeit Wir engagieren uns stark f\u00fcr die Ber\u00fccksichtigung \u00f6kologischer, wirtschaftlicher und sozialer Aspekte in einem ganzheitlichen Ansatz. Wir","inLanguage":"de-DE","potentialAction":[{"@type":"ReadAction","target":["https:\/\/www.maccaferri.com\/de\/nachhaltigkeit\/"]}]},{"@type":"ImageObject","inLanguage":"de-DE","@id":"https:\/\/www.maccaferri.com\/de\/nachhaltigkeit\/#primaryimage","url":"https:\/\/www.maccaferri.com\/de\/wp-content\/uploads\/sites\/26\/2022\/12\/Sustainability_Gabion_3.jpg","contentUrl":"https:\/\/www.maccaferri.com\/de\/wp-content\/uploads\/sites\/26\/2022\/12\/Sustainability_Gabion_3.jpg"},{"@type":"WebSite","@id":"https:\/\/www.maccaferri.com\/de\/#website","url":"https:\/\/www.maccaferri.com\/de\/","name":"Maccaferri Deutschland","description":"","publisher":{"@id":"https:\/\/www.maccaferri.com\/de\/#organization"},"potentialAction":[{"@type":"SearchAction","target":{"@type":"EntryPoint","urlTemplate":"https:\/\/www.maccaferri.com\/de\/?s={search_term_string}"},"query-input":{"@type":"PropertyValueSpecification","valueRequired":true,"valueName":"search_term_string"}}],"inLanguage":"de-DE"},{"@type":"Organization","@id":"https:\/\/www.maccaferri.com\/de\/#organization","name":"Maccaferri Deutschland","url":"https:\/\/www.maccaferri.com\/de\/","logo":{"@type":"ImageObject","inLanguage":"de-DE","@id":"https:\/\/www.maccaferri.com\/de\/#\/schema\/logo\/image\/","url":"https:\/\/www.maccaferri.com\/de\/wp-content\/uploads\/2022\/07\/logo-maccaferri.png","contentUrl":"https:\/\/www.maccaferri.com\/de\/wp-content\/uploads\/2022\/07\/logo-maccaferri.png","width":152,"height":32,"caption":"Maccaferri Deutschland"},"image":{"@id":"https:\/\/www.maccaferri.com\/de\/#\/schema\/logo\/image\/"}}]}},"_links":{"self":[{"href":"https:\/\/www.maccaferri.com\/de\/wp-json\/wp\/v2\/pages\/1375","targetHints":{"allow":["GET"]}}],"collection":[{"href":"https:\/\/www.maccaferri.com\/de\/wp-json\/wp\/v2\/pages"}],"about":[{"href":"https:\/\/www.maccaferri.com\/de\/wp-json\/wp\/v2\/types\/page"}],"author":[{"embeddable":true,"href":"https:\/\/www.maccaferri.com\/de\/wp-json\/wp\/v2\/users\/1"}],"replies":[{"embeddable":true,"href":"https:\/\/www.maccaferri.com\/de\/wp-json\/wp\/v2\/comments?post=1375"}],"version-history":[{"count":45,"href":"https:\/\/www.maccaferri.com\/de\/wp-json\/wp\/v2\/pages\/1375\/revisions"}],"predecessor-version":[{"id":21738,"href":"https:\/\/www.maccaferri.com\/de\/wp-json\/wp\/v2\/pages\/1375\/revisions\/21738"}],"wp:attachment":[{"href":"https:\/\/www.maccaferri.com\/de\/wp-json\/wp\/v2\/media?parent=1375"}],"curies":[{"name":"wp","href":"https:\/\/api.w.org\/{rel}","templated":true}]}}