{"id":83877,"date":"2024-02-14T17:07:41","date_gmt":"2024-02-14T16:07:41","guid":{"rendered":"https:\/\/www.maccaferri.com\/cz\/defence-security-2\/"},"modified":"2025-05-27T09:30:03","modified_gmt":"2025-05-27T07:30:03","slug":"defence-security","status":"publish","type":"page","link":"https:\/\/www.maccaferri.com\/cz\/defence-security\/","title":{"rendered":"Defence and Security"},"content":{"rendered":"<div class=\"wp-block-mac-slider-hero-block hero-slider\"><div id=\"hero13\" class=\"carousel slide\" data-bs-ride=\"true\"><ol class=\"carousel-indicators box-container\"><li data-bs-target=\"#hero13\" data-bs-slide-to=\"0\" class=\"active\"><\/li><\/ol><div class=\"carousel-inner\"><div class=\"carousel-item active\"><div class=\"hero\"><div class=\"gts__picture\"><img decoding=\"async\" src=\"https:\/\/www.maccaferri.com\/cz\/wp-content\/uploads\/2024\/10\/perimetro-dettaglio-light.jpg\" style=\"display:none\"\/><div class=\"gts__picture__image\" style=\"background-image:url(https:\/\/www.maccaferri.com\/cz\/wp-content\/uploads\/2024\/10\/perimetro-dettaglio-light.jpg)\"><\/div><\/div><div class=\"container box-container\"><div class=\"row\"><div class=\"col-12 col-lg-6 col-xl-6 col-xxl-6\"><p><span class=\"hero-index\" style=\"display:none\">0<\/span><\/p><h2 class=\"hero-text-container\"><span class=\"hero-text\">OBRANA A <br>BEZPE\u010cNOST<\/span><\/h2><a class=\"hero-buttonurl\" href=\"#download\"><span class=\"hero-buttontext\">St\u00e1hnout bal\u00ed\u010dek<\/span><\/a><\/div><\/div><\/div><\/div><\/div><\/div><button class=\"carousel-control-prev\" href=\"#hero13\" type=\"button\" data-bs-slide=\"prev\"><span class=\"carousel-control-prev-icon\" aria-hidden=\"true\"><\/span><span class=\"visually-hidden\">Previous<\/span><\/button><button class=\"carousel-control-next\" href=\"#hero13\" type=\"button\" data-bs-slide=\"next\"><span class=\"carousel-control-next-icon\" aria-hidden=\"true\"><\/span><span class=\"visually-hidden\">Next<\/span><\/button><\/div><\/div><div style=\"height:30px\" aria-hidden=\"true\" class=\"wp-block-spacer\"><\/div><div class=\"wp-block-mac-container-block box-container\"><div class=\"wp-block-columns is-layout-flex wp-container-core-columns-is-layout-9d6595d7 wp-block-columns-is-layout-flex\"><div class=\"wp-block-column is-layout-flow wp-block-column-is-layout-flow\"><h2 class=\"wp-block-heading has-text-color has-link-color wp-elements-713c7f835ce227c25e9374b2e33ae2a6\" id=\"h-od-gabionu-z-prvni-svetove-valky-po-moderni-bezpecnost-maccaferri-inovuje-pro-bezpeci\" style=\"color:#034e51;font-size:30px\"><strong>OD GABION\u016e Z PRVN\u00cd SV\u011aTOV\u00c9 V\u00c1LKY PO MODERN\u00cd BEZPE\u010cNOST: MACCAFERRI INOVUJE PRO BEZPE\u010c\u00cd<\/strong><\/h2>\n\n<p class=\"has-medium-font-size\">V\u00edce ne\u017e jedno stolet\u00ed je Maccaferri pr\u016fkopn\u00edkem v inovac\u00edch v oblasti obrany, po\u010d\u00ednaje p\u0159epracov\u00e1n\u00edm gabion\u016f b\u011bhem prvn\u00ed sv\u011btov\u00e9 v\u00e1lky. Spole\u010dnost se vyvinula tak, aby \u010delila modern\u00edm v\u00fdzv\u00e1m, a jej\u00ed odborn\u00e9 znalosti se roz\u0161\u00ed\u0159ily na \u0159e\u0161en\u00ed ochrany proti povodn\u00edm a p\u0159\u00edrodn\u00edm hrozb\u00e1m, balistick\u00fdm a v\u00fdbuchov\u00fdm rizik\u016fm a v posledn\u00ed dob\u011b i proti teroristick\u00fdm \u00fatok\u016fm. Trval\u00fd odkaz spole\u010dnosti Maccaferri, kter\u00fd trv\u00e1 ji\u017e v\u00edce ne\u017e 100 let, odr\u00e1\u017e\u00ed jej\u00ed neochv\u011bjn\u00fd z\u00e1vazek k v\u00fdvoji pokro\u010dil\u00fdch obrann\u00fdch \u0159e\u0161en\u00ed pro bezpe\u010dn\u011bj\u0161\u00ed budoucnost.<\/p><\/div><\/div><\/div><div class=\"wp-block-mac-container-block box-container\"><div class=\"wp-block-columns is-layout-flex wp-container-core-columns-is-layout-9d6595d7 wp-block-columns-is-layout-flex\"><div class=\"wp-block-column is-layout-flow wp-block-column-is-layout-flow\"><figure class=\"wp-block-image size-full\"><img decoding=\"async\" src=\"https:\/\/www.maccaferri.com\/wp-content\/uploads\/2024\/03\/Confronto1-Passato-edited.jpg\" alt=\"\" class=\"wp-image-64128\"\/><\/figure><\/div>\n\n<div class=\"wp-block-column is-layout-flow wp-block-column-is-layout-flow\"><figure class=\"wp-block-image size-full\"><img decoding=\"async\" src=\"https:\/\/www.maccaferri.com\/wp-content\/uploads\/2024\/03\/Defence_Security-min.png\" alt=\"\" class=\"wp-image-64419\"\/><\/figure><\/div><\/div><\/div><div style=\"height:50px\" aria-hidden=\"true\" class=\"wp-block-spacer\"><\/div><div class=\"wp-block-mac-container-block box-container\"><div class=\"wp-block-columns is-layout-flex wp-container-core-columns-is-layout-9d6595d7 wp-block-columns-is-layout-flex\"><div class=\"wp-block-column is-layout-flow wp-block-column-is-layout-flow\"><h2 class=\"wp-block-heading has-text-color has-link-color wp-elements-2f79c5a3ad5a7c168cecfc65888b4a63\" style=\"color:#034e51;font-size:30px\"><strong>SPEKTRUM OPERAC\u00cd<\/strong><\/h2>\n\n<p class=\"has-medium-font-size\">S v\u00edce ne\u017e stoletou zku\u0161enost\u00ed v r\u016fzn\u00fdch oblastech se spole\u010dnost Maccaferri nezam\u011b\u0159uje pouze na poskytov\u00e1n\u00ed vysoce kvalitn\u00edch produkt\u016f, ale tak\u00e9 na to, aby byla schopn\u00fdm a spolehliv\u00fdm partnerem. Na\u0161e spole\u010dnost nenab\u00edz\u00ed jen \u0159e\u0161en\u00ed, ale poskytuje tak\u00e9 komplexn\u00ed 360\u00b0 podporu k uspokojen\u00ed r\u016fznorod\u00fdch pot\u0159eb.<\/p>\n\n<p class=\"has-medium-font-size\">Na\u0161e EBS MAC, d\u0159\u00edve zn\u00e1m\u00e9 jako DefenCell MAC, jsou vyr\u00e1b\u011bny v souladu s uzn\u00e1van\u00fdmi p\u0159\u00edsn\u00fdmi vojensk\u00fdmi normami a jsou vhodn\u00e9 pro \u0161irokou \u0161k\u00e1lu aplikac\u00ed v opera\u010dn\u00edm spektru, v\u010detn\u011b EBS obvodov\u00fdch st\u011bn, bari\u00e9r pro kontrolu vstupu a vozidel, pozorovac\u00edch stanovi\u0161\u0165, p\u0159\u00edst\u0159e\u0161k\u016f a bunkr\u016f, sklad\u016f munice, v\u00fdbu\u0161nin, st\u0159elnic a v\u00fdcvikov\u00fdch za\u0159\u00edzen\u00ed.<\/p>\n\n<figure class=\"wp-block-image aligncenter size-full\"><img fetchpriority=\"high\" decoding=\"async\" width=\"1630\" height=\"656\" src=\"https:\/\/www.maccaferri.com\/cz\/wp-content\/uploads\/2024\/10\/immagine-1-1.png\" alt=\"\" class=\"wp-image-78637\" srcset=\"https:\/\/www.maccaferri.com\/cz\/wp-content\/uploads\/2024\/10\/immagine-1-1.png 1630w, https:\/\/www.maccaferri.com\/cz\/wp-content\/uploads\/2024\/10\/immagine-1-1-300x121.png 300w, https:\/\/www.maccaferri.com\/cz\/wp-content\/uploads\/2024\/10\/immagine-1-1-1024x412.png 1024w, https:\/\/www.maccaferri.com\/cz\/wp-content\/uploads\/2024\/10\/immagine-1-1-768x309.png 768w, https:\/\/www.maccaferri.com\/cz\/wp-content\/uploads\/2024\/10\/immagine-1-1-1536x618.png 1536w, https:\/\/www.maccaferri.com\/cz\/wp-content\/uploads\/2024\/10\/immagine-1-1-120x48.png 120w\" sizes=\"(max-width: 1630px) 100vw, 1630px\" \/><\/figure><\/div><\/div><\/div><div style=\"height:50px\" aria-hidden=\"true\" class=\"wp-block-spacer\"><\/div><div class=\"wp-block-mac-container-block box-container\"><div class=\"wp-block-columns is-layout-flex wp-container-core-columns-is-layout-9d6595d7 wp-block-columns-is-layout-flex\"><div class=\"wp-block-column is-layout-flow wp-block-column-is-layout-flow\"><h2 class=\"wp-block-heading has-text-color has-link-color wp-elements-61450e5fe76a561234070c648c0698e4\" style=\"color:#034e51;font-size:30px\"><strong>NA\u0160E PORTFOLIO<\/strong><\/h2>\n\n<p class=\"has-medium-font-size\"><\/p><\/div><\/div><\/div><div class=\"wp-block-mac-container-block box-container\"><div class=\"wp-block-columns is-layout-flex wp-container-core-columns-is-layout-9d6595d7 wp-block-columns-is-layout-flex\"><div class=\"wp-block-column is-layout-flow wp-block-column-is-layout-flow\"><div class=\"container-fluid carousel-image-gallery\">\n        <div class=\"row\">\n            <div id=\"carouselImageblock_875242b93e7f6e888d8f98f5b38dd67f\" class=\"carousel slide carouselImageGallery\" data-bs-ride=\"carousel\">\n                <!-- \/\/ Indicators -->\n                <ol class=\"carousel-indicators\">\n                                            <li data-bs-target=\"#carouselImageblock_875242b93e7f6e888d8f98f5b38dd67f\" data-bs-slide-to=\"0\" class=\"active\" aria-current=\"true\" aria-label=\"Slide\"><\/li>\n                                            <li data-bs-target=\"#carouselImageblock_875242b93e7f6e888d8f98f5b38dd67f\" data-bs-slide-to=\"1\" class=\"\" aria-current=\"true\" aria-label=\"Slide\"><\/li>\n                                            <li data-bs-target=\"#carouselImageblock_875242b93e7f6e888d8f98f5b38dd67f\" data-bs-slide-to=\"2\" class=\"\" aria-current=\"true\" aria-label=\"Slide\"><\/li>\n                                    <\/ol>\n\n                <div class=\"carousel-inner container\" role=\"listbox\">\n                                            <div class=\"carousel-item active\">\n                        <div class=\"col-12 col-lg-4 col-xl-4 col-xxl-4 space-mobile\">\n                            <div class=\"grid-item-wrapper\">\n                                <div class=\"img-responsive-wrapper\">\n                                    <div class=\"img-responsive\">\n                                        <div class=\"img-wrapper\"><img decoding=\"async\" src=\"https:\/\/www.maccaferri.com\/cz\/wp-content\/uploads\/2025\/01\/Prodotto-Defence-FE-7.jpg\" alt=\"\" \/><\/div>\n                                    <\/div>\n                                <\/div>\n                                <div class=\"griditem-text-wrapper text-center\">\n                                    <p class=\"griditem-text text-center\">EBS MAC FE, specializovan\u00e1 verze obrann\u00fdch bari\u00e9r Maccaferri, je navr\u017eena pro ochranu p\u0159ed povodn\u011bmi. Tento modul\u00e1rn\u00ed syst\u00e9m je ur\u010den pro rychl\u00e9 nasazen\u00ed v nouzov\u00fdch situac\u00edch a m\u016f\u017ee b\u00fdt tak\u00e9 bez probl\u00e9m\u016f integrov\u00e1n do krajin\u00e1\u0159sk\u00fdch n\u00e1vrh\u016f pro dlouhodobou ochranu.<\/p>\n                   \n                                <\/div>\n                            <\/div>\n                        <\/div>\n                        <\/div>\n                                            <div class=\"carousel-item \">\n                        <div class=\"col-12 col-lg-4 col-xl-4 col-xxl-4 space-mobile\">\n                            <div class=\"grid-item-wrapper\">\n                                <div class=\"img-responsive-wrapper\">\n                                    <div class=\"img-responsive\">\n                                        <div class=\"img-wrapper\"><img decoding=\"async\" src=\"https:\/\/www.maccaferri.com\/cz\/wp-content\/uploads\/2025\/01\/Prodotto-Defence-6.png\" alt=\"\" \/><\/div>\n                                    <\/div>\n                                <\/div>\n                                <div class=\"griditem-text-wrapper text-center\">\n                                    <p class=\"griditem-text text-center\">EBS MAC je v\u00edcekomorov\u00e1 jednotka speci\u00e1ln\u011b vyvinut\u00e1 pro zaji\u0161t\u011bn\u00ed ochrany proti r\u016fzn\u00fdm druh\u016fm munice, v\u00fdbu\u0161nin a \u00fatok\u016fm vozidel.<\/p>\n                   \n                                <\/div>\n                            <\/div>\n                        <\/div>\n                        <\/div>\n                                            <div class=\"carousel-item \">\n                        <div class=\"col-12 col-lg-4 col-xl-4 col-xxl-4 space-mobile\">\n                            <div class=\"grid-item-wrapper\">\n                                <div class=\"img-responsive-wrapper\">\n                                    <div class=\"img-responsive\">\n                                        <div class=\"img-wrapper\"><img decoding=\"async\" src=\"https:\/\/www.maccaferri.com\/cz\/wp-content\/uploads\/2025\/01\/Prodotto-MacSafe-6.jpg\" alt=\"\" \/><\/div>\n                                    <\/div>\n                                <\/div>\n                                <div class=\"griditem-text-wrapper text-center\">\n                                    <p class=\"griditem-text text-center\">MacSafe\u00ae, pokro\u010dil\u00fd syst\u00e9m prevence vniknut\u00ed nep\u0159\u00e1telsk\u00fdch vozidel, vyvinut\u00fd spole\u010dnost\u00ed Maccaferri jako reakce na pot\u0159ebu diskr\u00e9tn\u00ed a \u00fa\u010dinn\u00e9 ochrany na ve\u0159ejn\u00fdch m\u00edstech.<\/p>\n                   \n                                <\/div>\n                            <\/div>\n                        <\/div>\n                        <\/div>\n                                    <\/div>\n            <\/div>\n\n        <\/div>\n    <\/div><\/div><\/div><\/div><div style=\"height:50px\" aria-hidden=\"true\" class=\"wp-block-spacer\"><\/div><div class=\"wp-block-mac-container-block box-container\"><div class=\"wp-block-columns is-layout-flex wp-container-core-columns-is-layout-9d6595d7 wp-block-columns-is-layout-flex\"><div class=\"wp-block-column is-layout-flow wp-block-column-is-layout-flow\"><h2 class=\"wp-block-heading has-text-color has-link-color wp-elements-aad8d0dc74937fbc970dba5363d2eaea\" style=\"color:#034e51;font-size:30px\"><strong>ZJIST\u011aTE, JAK SE NA\u0160E EBS MAC INSTALUJ\u00cd!<\/strong><\/h2>\n\n<p class=\"has-medium-font-size\">Pod\u00edvejte se na video o obran\u011b.<\/p>\n\n<figure class=\"wp-block-video\"><video controls controlslist=\"nodownload\" poster=\"https:\/\/www.maccaferri.com\/cz\/wp-content\/uploads\/2024\/10\/Screenshot-2024-10-18-123914.png\" src=\"https:\/\/www.maccaferri.com\/cz\/wp-content\/uploads\/2024\/10\/EBS-MAC.mp4\"><\/video><\/figure><\/div><\/div><\/div><div style=\"height:100px\" aria-hidden=\"true\" class=\"wp-block-spacer\"><\/div><div class=\"wp-block-mac-container-block box-container\"><div class=\"wp-block-columns is-layout-flex wp-container-core-columns-is-layout-9d6595d7 wp-block-columns-is-layout-flex\"><div class=\"wp-block-column is-layout-flow wp-block-column-is-layout-flow\"><h2 class=\"wp-block-heading has-text-color has-link-color wp-elements-f3a0f259028ee4a1ebab2497eb2200e2\" style=\"color:#034e51;font-size:30px\"><strong>OBLAST KE STA\u017dEN\u00cd<\/strong><\/h2>\n\n<p id=\"download\">Vypl\u0148te formul\u00e1\u0159 n\u00ed\u017ee pro p\u0159\u00edstup k na\u0161im exkluzivn\u00edm materi\u00e1l\u016fm o obran\u011b a bezpe\u010dnosti.<\/p>\n\n<iframe src=\"https:\/\/www2.maccaferri.com\/l\/965143\/2025-05-14\/5ttmmn\" width=\"100%\" height=\"800\" type=\"text\/html\" frameborder=\"0\" allowtransparency=\"true\" style=\"border: 0\" data-cookieconsent=\"ignore\"><\/iframe><\/div><\/div><\/div><div style=\"height:100px\" aria-hidden=\"true\" class=\"wp-block-spacer\"><\/div>","protected":false},"excerpt":{"rendered":"","protected":false},"author":24301,"featured_media":0,"parent":0,"menu_order":0,"comment_status":"closed","ping_status":"closed","template":"","meta":{"_acf_changed":false,"_joinchat":[],"footnotes":""},"class_list":["post-83877","page","type-page","status-publish","hentry"],"acf":{"uuid_products":"","product-documents":""},"yoast_head":"<!-- This site is optimized with the Yoast SEO Premium plugin v27.0 (Yoast SEO v27.0) - https:\/\/yoast.com\/product\/yoast-seo-premium-wordpress\/ -->\n<title>Defence and Security - Maccaferri \u010cesk\u00e1 republika<\/title>\n<meta name=\"description\" content=\"0OBRANA A BEZPE\u010cNOSTSt\u00e1hnout bal\u00ed\u010dekPreviousNext OD GABION\u016e Z PRVN\u00cd SV\u011aTOV\u00c9 V\u00c1LKY PO MODERN\u00cd BEZPE\u010cNOST: MACCAFERRI INOVUJE PRO BEZPE\u010c\u00cd V\u00edce ne\u017e jedno\" \/>\n<meta name=\"robots\" content=\"index, follow, max-snippet:-1, max-image-preview:large, max-video-preview:-1\" \/>\n<link rel=\"canonical\" href=\"https:\/\/www.maccaferri.com\/cz\/defence-security\/\" \/>\n<meta property=\"og:locale\" content=\"cs_CZ\" \/>\n<meta property=\"og:type\" content=\"article\" \/>\n<meta property=\"og:title\" content=\"Defence and Security - Maccaferri \u010cesk\u00e1 republika\" \/>\n<meta property=\"og:description\" content=\"0OBRANA A BEZPE\u010cNOSTSt\u00e1hnout bal\u00ed\u010dekPreviousNext OD GABION\u016e Z PRVN\u00cd SV\u011aTOV\u00c9 V\u00c1LKY PO MODERN\u00cd BEZPE\u010cNOST: MACCAFERRI INOVUJE PRO BEZPE\u010c\u00cd V\u00edce ne\u017e jedno\" \/>\n<meta property=\"og:url\" content=\"https:\/\/www.maccaferri.com\/cz\/defence-security\/\" \/>\n<meta property=\"og:site_name\" content=\"Maccaferri \u010cesk\u00e1 republika\" \/>\n<meta property=\"article:modified_time\" content=\"2025-05-27T07:30:03+00:00\" \/>\n<meta property=\"og:image\" content=\"https:\/\/www.maccaferri.com\/cz\/wp-content\/uploads\/2024\/10\/perimetro-dettaglio-light.jpg\" \/>\n<meta name=\"twitter:card\" content=\"summary_large_image\" \/>\n<meta name=\"twitter:label1\" content=\"Est. reading time\" \/>\n\t<meta name=\"twitter:data1\" content=\"2 minutes\" \/>\n<script type=\"application\/ld+json\" class=\"yoast-schema-graph\">{\"@context\":\"https:\/\/schema.org\",\"@graph\":[{\"@type\":\"WebPage\",\"@id\":\"https:\/\/www.maccaferri.com\/cz\/defence-security\/\",\"url\":\"https:\/\/www.maccaferri.com\/cz\/defence-security\/\",\"name\":\"Defence and Security - Maccaferri \u010cesk\u00e1 republika\",\"isPartOf\":{\"@id\":\"https:\/\/www.maccaferri.com\/cz\/#website\"},\"primaryImageOfPage\":{\"@id\":\"https:\/\/www.maccaferri.com\/cz\/defence-security\/#primaryimage\"},\"image\":{\"@id\":\"https:\/\/www.maccaferri.com\/cz\/defence-security\/#primaryimage\"},\"thumbnailUrl\":\"https:\/\/www.maccaferri.com\/cz\/wp-content\/uploads\/2024\/10\/perimetro-dettaglio-light.jpg\",\"datePublished\":\"2024-02-14T16:07:41+00:00\",\"dateModified\":\"2025-05-27T07:30:03+00:00\",\"description\":\"0OBRANA A BEZPE\u010cNOSTSt\u00e1hnout bal\u00ed\u010dekPreviousNext OD GABION\u016e Z PRVN\u00cd SV\u011aTOV\u00c9 V\u00c1LKY PO MODERN\u00cd BEZPE\u010cNOST: MACCAFERRI INOVUJE PRO BEZPE\u010c\u00cd V\u00edce ne\u017e jedno\",\"inLanguage\":\"cs-CZ\",\"potentialAction\":[{\"@type\":\"ReadAction\",\"target\":[\"https:\/\/www.maccaferri.com\/cz\/defence-security\/\"]}]},{\"@type\":\"ImageObject\",\"inLanguage\":\"cs-CZ\",\"@id\":\"https:\/\/www.maccaferri.com\/cz\/defence-security\/#primaryimage\",\"url\":\"https:\/\/www.maccaferri.com\/cz\/wp-content\/uploads\/2024\/10\/perimetro-dettaglio-light.jpg\",\"contentUrl\":\"https:\/\/www.maccaferri.com\/cz\/wp-content\/uploads\/2024\/10\/perimetro-dettaglio-light.jpg\",\"width\":1800,\"height\":1013},{\"@type\":\"WebSite\",\"@id\":\"https:\/\/www.maccaferri.com\/cz\/#website\",\"url\":\"https:\/\/www.maccaferri.com\/cz\/\",\"name\":\"Maccaferri \u010cesk\u00e1 republika\",\"description\":\"\",\"publisher\":{\"@id\":\"https:\/\/www.maccaferri.com\/cz\/#organization\"},\"potentialAction\":[{\"@type\":\"SearchAction\",\"target\":{\"@type\":\"EntryPoint\",\"urlTemplate\":\"https:\/\/www.maccaferri.com\/cz\/?s={search_term_string}\"},\"query-input\":{\"@type\":\"PropertyValueSpecification\",\"valueRequired\":true,\"valueName\":\"search_term_string\"}}],\"inLanguage\":\"cs-CZ\"},{\"@type\":\"Organization\",\"@id\":\"https:\/\/www.maccaferri.com\/cz\/#organization\",\"name\":\"Maccaferri \u010cesk\u00e1 republika\",\"url\":\"https:\/\/www.maccaferri.com\/cz\/\",\"logo\":{\"@type\":\"ImageObject\",\"inLanguage\":\"cs-CZ\",\"@id\":\"https:\/\/www.maccaferri.com\/cz\/#\/schema\/logo\/image\/\",\"url\":\"https:\/\/www.maccaferri.com\/cz\/wp-content\/uploads\/2022\/07\/logo-maccaferri.png\",\"contentUrl\":\"https:\/\/www.maccaferri.com\/cz\/wp-content\/uploads\/2022\/07\/logo-maccaferri.png\",\"width\":152,\"height\":32,\"caption\":\"Maccaferri \u010cesk\u00e1 republika\"},\"image\":{\"@id\":\"https:\/\/www.maccaferri.com\/cz\/#\/schema\/logo\/image\/\"}}]}<\/script>\n<!-- \/ Yoast SEO Premium plugin. -->","yoast_head_json":{"title":"Defence and Security - Maccaferri \u010cesk\u00e1 republika","description":"0OBRANA A BEZPE\u010cNOSTSt\u00e1hnout bal\u00ed\u010dekPreviousNext OD GABION\u016e Z PRVN\u00cd SV\u011aTOV\u00c9 V\u00c1LKY PO MODERN\u00cd BEZPE\u010cNOST: MACCAFERRI INOVUJE PRO BEZPE\u010c\u00cd V\u00edce ne\u017e jedno","robots":{"index":"index","follow":"follow","max-snippet":"max-snippet:-1","max-image-preview":"max-image-preview:large","max-video-preview":"max-video-preview:-1"},"canonical":"https:\/\/www.maccaferri.com\/cz\/defence-security\/","og_locale":"cs_CZ","og_type":"article","og_title":"Defence and Security - Maccaferri \u010cesk\u00e1 republika","og_description":"0OBRANA A BEZPE\u010cNOSTSt\u00e1hnout bal\u00ed\u010dekPreviousNext OD GABION\u016e Z PRVN\u00cd SV\u011aTOV\u00c9 V\u00c1LKY PO MODERN\u00cd BEZPE\u010cNOST: MACCAFERRI INOVUJE PRO BEZPE\u010c\u00cd V\u00edce ne\u017e jedno","og_url":"https:\/\/www.maccaferri.com\/cz\/defence-security\/","og_site_name":"Maccaferri \u010cesk\u00e1 republika","article_modified_time":"2025-05-27T07:30:03+00:00","og_image":[{"url":"https:\/\/www.maccaferri.com\/cz\/wp-content\/uploads\/2024\/10\/perimetro-dettaglio-light.jpg","type":"","width":"","height":""}],"twitter_card":"summary_large_image","twitter_misc":{"Est. reading time":"2 minutes"},"schema":{"@context":"https:\/\/schema.org","@graph":[{"@type":"WebPage","@id":"https:\/\/www.maccaferri.com\/cz\/defence-security\/","url":"https:\/\/www.maccaferri.com\/cz\/defence-security\/","name":"Defence and Security - Maccaferri \u010cesk\u00e1 republika","isPartOf":{"@id":"https:\/\/www.maccaferri.com\/cz\/#website"},"primaryImageOfPage":{"@id":"https:\/\/www.maccaferri.com\/cz\/defence-security\/#primaryimage"},"image":{"@id":"https:\/\/www.maccaferri.com\/cz\/defence-security\/#primaryimage"},"thumbnailUrl":"https:\/\/www.maccaferri.com\/cz\/wp-content\/uploads\/2024\/10\/perimetro-dettaglio-light.jpg","datePublished":"2024-02-14T16:07:41+00:00","dateModified":"2025-05-27T07:30:03+00:00","description":"0OBRANA A BEZPE\u010cNOSTSt\u00e1hnout bal\u00ed\u010dekPreviousNext OD GABION\u016e Z PRVN\u00cd SV\u011aTOV\u00c9 V\u00c1LKY PO MODERN\u00cd BEZPE\u010cNOST: MACCAFERRI INOVUJE PRO BEZPE\u010c\u00cd V\u00edce ne\u017e jedno","inLanguage":"cs-CZ","potentialAction":[{"@type":"ReadAction","target":["https:\/\/www.maccaferri.com\/cz\/defence-security\/"]}]},{"@type":"ImageObject","inLanguage":"cs-CZ","@id":"https:\/\/www.maccaferri.com\/cz\/defence-security\/#primaryimage","url":"https:\/\/www.maccaferri.com\/cz\/wp-content\/uploads\/2024\/10\/perimetro-dettaglio-light.jpg","contentUrl":"https:\/\/www.maccaferri.com\/cz\/wp-content\/uploads\/2024\/10\/perimetro-dettaglio-light.jpg","width":1800,"height":1013},{"@type":"WebSite","@id":"https:\/\/www.maccaferri.com\/cz\/#website","url":"https:\/\/www.maccaferri.com\/cz\/","name":"Maccaferri \u010cesk\u00e1 republika","description":"","publisher":{"@id":"https:\/\/www.maccaferri.com\/cz\/#organization"},"potentialAction":[{"@type":"SearchAction","target":{"@type":"EntryPoint","urlTemplate":"https:\/\/www.maccaferri.com\/cz\/?s={search_term_string}"},"query-input":{"@type":"PropertyValueSpecification","valueRequired":true,"valueName":"search_term_string"}}],"inLanguage":"cs-CZ"},{"@type":"Organization","@id":"https:\/\/www.maccaferri.com\/cz\/#organization","name":"Maccaferri \u010cesk\u00e1 republika","url":"https:\/\/www.maccaferri.com\/cz\/","logo":{"@type":"ImageObject","inLanguage":"cs-CZ","@id":"https:\/\/www.maccaferri.com\/cz\/#\/schema\/logo\/image\/","url":"https:\/\/www.maccaferri.com\/cz\/wp-content\/uploads\/2022\/07\/logo-maccaferri.png","contentUrl":"https:\/\/www.maccaferri.com\/cz\/wp-content\/uploads\/2022\/07\/logo-maccaferri.png","width":152,"height":32,"caption":"Maccaferri \u010cesk\u00e1 republika"},"image":{"@id":"https:\/\/www.maccaferri.com\/cz\/#\/schema\/logo\/image\/"}}]}},"_links":{"self":[{"href":"https:\/\/www.maccaferri.com\/cz\/wp-json\/wp\/v2\/pages\/83877","targetHints":{"allow":["GET"]}}],"collection":[{"href":"https:\/\/www.maccaferri.com\/cz\/wp-json\/wp\/v2\/pages"}],"about":[{"href":"https:\/\/www.maccaferri.com\/cz\/wp-json\/wp\/v2\/types\/page"}],"author":[{"embeddable":true,"href":"https:\/\/www.maccaferri.com\/cz\/wp-json\/wp\/v2\/users\/24301"}],"replies":[{"embeddable":true,"href":"https:\/\/www.maccaferri.com\/cz\/wp-json\/wp\/v2\/comments?post=83877"}],"version-history":[{"count":2,"href":"https:\/\/www.maccaferri.com\/cz\/wp-json\/wp\/v2\/pages\/83877\/revisions"}],"predecessor-version":[{"id":90974,"href":"https:\/\/www.maccaferri.com\/cz\/wp-json\/wp\/v2\/pages\/83877\/revisions\/90974"}],"wp:attachment":[{"href":"https:\/\/www.maccaferri.com\/cz\/wp-json\/wp\/v2\/media?parent=83877"}],"curies":[{"name":"wp","href":"https:\/\/api.w.org\/{rel}","templated":true}]}}