{"id":82097,"date":"2023-06-19T12:45:03","date_gmt":"2023-06-19T10:45:03","guid":{"rendered":"https:\/\/www.maccaferri.com\/cz\/?page_id=82097"},"modified":"2025-10-06T15:19:27","modified_gmt":"2025-10-06T13:19:27","slug":"informative-technical-package","status":"publish","type":"page","link":"https:\/\/www.maccaferri.com\/cz\/informative-technical-package\/","title":{"rendered":"Informative Technical Package"},"content":{"rendered":"<div class=\"wp-block-mac-slider-hero-block hero-slider\"><div id=\"hero40\" class=\"carousel slide\" data-bs-ride=\"true\"><ol class=\"carousel-indicators box-container\"><li data-bs-target=\"#hero40\" data-bs-slide-to=\"0\" class=\"active\"><\/li><\/ol><div class=\"carousel-inner\"><div class=\"carousel-item active\"><div class=\"hero\"><div class=\"gts__picture\"><img decoding=\"async\" src=\"https:\/\/www.maccaferri.com\/cz\/wp-content\/uploads\/2023\/06\/Immagine-testa-sito-1.png\" style=\"display:none\"\/><div class=\"gts__picture__image\" style=\"background-image:url(https:\/\/www.maccaferri.com\/cz\/wp-content\/uploads\/2023\/06\/Immagine-testa-sito-1.png)\"><\/div><\/div><div class=\"container box-container\"><div class=\"row\"><div class=\"col-12 col-lg-6 col-xl-6 col-xxl-6\"><p><span class=\"hero-index\" style=\"display:none\">0<\/span><\/p><h2 class=\"hero-text-container\"><span class=\"hero-text\">Zdroje pro zm\u00edrn\u011bn\u00ed geohrozeb<\/span><\/h2><a class=\"hero-buttonurl\" href=\"https:\/\/www.maccaferri.com\/informative-technical-package\/#download\"><span class=\"hero-buttontext\">St\u00e1hnout bal\u00ed\u010dek<\/span><\/a><\/div><\/div><\/div><\/div><\/div><\/div><button class=\"carousel-control-prev\" href=\"#hero40\" type=\"button\" data-bs-slide=\"prev\"><span class=\"carousel-control-prev-icon\" aria-hidden=\"true\"><\/span><span class=\"visually-hidden\">Previous<\/span><\/button><button class=\"carousel-control-next\" href=\"#hero40\" type=\"button\" data-bs-slide=\"next\"><span class=\"carousel-control-next-icon\" aria-hidden=\"true\"><\/span><span class=\"visually-hidden\">Next<\/span><\/button><\/div><\/div><div class=\"wp-block-columns has-background is-layout-flex wp-container-core-columns-is-layout-9d6595d7 wp-block-columns-is-layout-flex\" style=\"background-color:#004857\"><div class=\"wp-block-column is-layout-flow wp-block-column-is-layout-flow\"><div class=\"wp-block-mac-title-cta-two-block container box-container\" style=\"background:#004857\"><div class=\"row\"><div class=\"col-12 col-lg-5 col-xl-5 col-xxl-5 title-box-txt\"><H2 class=\"wp-block-mac-title-cta-two-block\" style=\"color:#A7C8CB\">NA\u0160E \u0158E\u0160EN\u00cd<\/H2><\/div><div class=\"col-12 offset-lg-1 offset-xl-1 offset-xxl-1 col-lg-6 col-xl-6 col-xxl-6 title-box-txt\"><div style=\"text-align:right\"><p class=\"wp-block-mac-title-cta-two-block\" style=\"color:#FFFFFF\">Syst\u00e9my na ochranu p\u0159ed padaj\u00edc\u00edmi skalami a zm\u00edrn\u011bn\u00ed geohrozeb jsou nezbytn\u00e9 pro ochranu silnic, \u017eeleznic, dol\u016f, pr\u016fmyslov\u00fdch provoz\u016f a in\u017een\u00fdrsk\u00fdch staveb. I men\u0161\u00ed skaln\u00ed z\u0159\u00edcen\u00ed nebo proudy suti mohou zp\u016fsobit v\u00e1\u017en\u00e9 p\u0159eru\u0161en\u00ed provozu, ohrozit lidsk\u00e9 \u017eivoty a zp\u016fsobit vysok\u00e9 ekonomick\u00e9 \u0161kody. Ohro\u017eeny nejsou pouze dopravn\u00ed trasy, ale tak\u00e9 budovy, technologick\u00e1 za\u0159\u00edzen\u00ed a kritick\u00e1 infrastruktura, kter\u00e9 \u010del\u00ed riziku p\u00e1du skal, proud\u011bn\u00ed suti a lavin.<br>Spole\u010dnost Maccaferri s v\u00edce ne\u017e 60let\u00fdmi zku\u0161enostmi nab\u00edz\u00ed \u0161irokou \u0161k\u00e1lu syst\u00e9m\u016f ochrany proti padaj\u00edc\u00edm skal\u00e1m a \u0159e\u0161en\u00ed na zm\u00edrn\u011bn\u00ed p\u0159\u00edrodn\u00edch rizik. Jejich certifikovan\u00e9, testovan\u00e9 a nejnov\u011bj\u0161\u00edm norm\u00e1m vyhovuj\u00edc\u00ed syst\u00e9my Mac.RO\u2122 se snadno instaluj\u00ed a poskytuj\u00ed \u00fa\u010dinnou ochranu po cel\u00e9m sv\u011bt\u011b.<\/p><\/div><div style=\"text-align:right\"><a href=\"https:\/\/www.maccaferri.com\/informative-technical-package\/#download\" target=\"_blank\" class=\"buttonurl\" rel=\"noopener\"><span class=\"buttontext\">ST\u00c1HNOUT NYN\u00cd<\/span><\/a><\/div><\/div><\/div><\/div><\/div><\/div><div class=\"wp-block-columns is-layout-flex wp-container-core-columns-is-layout-9d6595d7 wp-block-columns-is-layout-flex\"><div class=\"wp-block-column is-layout-flow wp-block-column-is-layout-flow\" id=\"download\"><\/div><\/div><div class=\"wp-block-mac-container-block box-container rbc-is-hidden-on-wide rbc-is-hidden-on-desktop rbc-is-hidden-on-tablet rbc-is-hidden-on-mobile\"><div class=\"wp-block-columns is-layout-flex wp-container-core-columns-is-layout-9d6595d7 wp-block-columns-is-layout-flex\"><div class=\"wp-block-column is-layout-flow wp-block-column-is-layout-flow\"><div class=\"wp-block-mac-card-new-block block-latest-news-container\"><div class=\"card\"><div class=\"content-images\"><img decoding=\"async\" class=\"box-image\" src=\"https:\/\/www.maccaferri.com\/wp-content\/uploads\/2023\/06\/rockfall-1.png\" alt=\"Image Stories\"\/><\/div><div class=\"card-body\"><h6 class=\"wp-block-mac-card-new-block\" style=\"color:#212429\">Brochure Rockfall<\/h6><span class=\"abstract\" style=\"color:#212429\"><\/span><a href=\"https:\/\/www2.maccaferri.com\/l\/965143\/2023-06-26\/5qmxjy\" target=\"_blank\" class=\"cta\" rel=\"noopener\"><span class=\"text\" style=\"color:#004857\">Download<\/span><\/a><div class=\"star\"><span class=\"material-symbols-rounded starrate\">star<\/span><\/div><\/div><\/div><\/div><\/div>\n\n<div class=\"wp-block-column is-layout-flow wp-block-column-is-layout-flow\"><div class=\"wp-block-mac-card-new-block block-latest-news-container\"><div class=\"card\"><div class=\"content-images\"><img decoding=\"async\" class=\"box-image\" src=\"https:\/\/www.maccaferri.com\/wp-content\/uploads\/2023\/06\/hellomac_card.png\" alt=\"Image Stories\"\/><\/div><div class=\"card-body\"><h6 class=\"wp-block-mac-card-new-block\" style=\"color:#212429\">HELLOMAC PPT<\/h6><span class=\"abstract\" style=\"color:#212429\"><\/span><a href=\"https:\/\/www2.maccaferri.com\/l\/965143\/2023-06-26\/5qmxj5\" target=\"_blank\" class=\"cta\" rel=\"noopener\"><span class=\"text\" style=\"color:#004857\">Download<\/span><\/a><div class=\"star\"><span class=\"material-symbols-rounded starrate\">star<\/span><\/div><\/div><\/div><\/div><\/div>\n\n<div class=\"wp-block-column is-layout-flow wp-block-column-is-layout-flow\"><div class=\"wp-block-mac-card-new-block block-latest-news-container\"><div class=\"card\"><div class=\"content-images\"><img decoding=\"async\" class=\"box-image\" src=\"https:\/\/www.maccaferri.com\/wp-content\/uploads\/2023\/06\/MacArmour.png\" alt=\"Image Stories\"\/><\/div><div class=\"card-body\"><h6 class=\"wp-block-mac-card-new-block\" style=\"color:#212429\">MacArmour PPT<\/h6><span class=\"abstract\" style=\"color:#212429\"><\/span><a href=\"https:\/\/www2.maccaferri.com\/l\/965143\/2023-06-26\/5qmxhn\" target=\"_blank\" class=\"cta\" rel=\"noopener\"><span class=\"text\" style=\"color:#004857\">Download<\/span><\/a><div class=\"star\"><span class=\"material-symbols-rounded starrate\">star<\/span><\/div><\/div><\/div><\/div><\/div>\n\n<div class=\"wp-block-column is-layout-flow wp-block-column-is-layout-flow\"><div class=\"wp-block-mac-card-new-block block-latest-news-container\"><div class=\"card\"><div class=\"content-images\"><img decoding=\"async\" class=\"box-image\" src=\"https:\/\/www.maccaferri.com\/wp-content\/uploads\/2023\/06\/Hydaulic-1.png\" alt=\"Image Stories\"\/><\/div><div class=\"card-body\"><h6 class=\"wp-block-mac-card-new-block\" style=\"color:#212429\">Brochure Hydraulic Works<\/h6><span class=\"abstract\" style=\"color:#212429\"><\/span><a href=\"https:\/\/www2.maccaferri.com\/l\/965143\/2023-06-26\/5qmxhc\" target=\"_blank\" class=\"cta\" rel=\"noopener\"><span class=\"text\" style=\"color:#004857\">Downlaod<\/span><\/a><div class=\"star\"><span class=\"material-symbols-rounded starrate\">star<\/span><\/div><\/div><\/div><\/div><\/div><\/div><\/div><div class=\"wp-block-mac-container-block box-container\"><div class=\"wp-block-columns is-layout-flex wp-container-core-columns-is-layout-9d6595d7 wp-block-columns-is-layout-flex\"><div class=\"wp-block-column is-layout-flow wp-block-column-is-layout-flow\"><iframe src=\"https:\/\/www2.maccaferri.com\/l\/965143\/2025-05-19\/5tv5r2\" width=\"100%\" height=\"500\" type=\"text\/html\" frameborder=\"0\" allowTransparency=\"true\" style=\"border: 0\"><\/iframe><\/div><\/div><\/div><p><\/p>","protected":false},"excerpt":{"rendered":"","protected":false},"author":6,"featured_media":0,"parent":0,"menu_order":0,"comment_status":"closed","ping_status":"closed","template":"","meta":{"_acf_changed":false,"_joinchat":[],"footnotes":""},"class_list":["post-82097","page","type-page","status-publish","hentry"],"acf":{"uuid_products":"","product-documents":""},"yoast_head":"<!-- This site is optimized with the Yoast SEO Premium plugin v27.0 (Yoast SEO v27.0) - https:\/\/yoast.com\/product\/yoast-seo-premium-wordpress\/ -->\n<title>Informative Technical Package - Maccaferri \u010cesk\u00e1 republika<\/title>\n<meta name=\"description\" content=\"0Zdroje pro zm\u00edrn\u011bn\u00ed geohrozebSt\u00e1hnout bal\u00ed\u010dekPreviousNext NA\u0160E \u0158E\u0160EN\u00cdSyst\u00e9my na ochranu p\u0159ed padaj\u00edc\u00edmi skalami a zm\u00edrn\u011bn\u00ed geohrozeb jsou nezbytn\u00e9 pro\" \/>\n<meta name=\"robots\" content=\"index, follow, max-snippet:-1, max-image-preview:large, max-video-preview:-1\" \/>\n<link rel=\"canonical\" href=\"https:\/\/www.maccaferri.com\/cz\/informative-technical-package\/\" \/>\n<meta property=\"og:locale\" content=\"cs_CZ\" \/>\n<meta property=\"og:type\" content=\"article\" \/>\n<meta property=\"og:title\" content=\"Informative Technical Package - Maccaferri \u010cesk\u00e1 republika\" \/>\n<meta property=\"og:description\" content=\"0Zdroje pro zm\u00edrn\u011bn\u00ed geohrozebSt\u00e1hnout bal\u00ed\u010dekPreviousNext NA\u0160E \u0158E\u0160EN\u00cdSyst\u00e9my na ochranu p\u0159ed padaj\u00edc\u00edmi skalami a zm\u00edrn\u011bn\u00ed geohrozeb jsou nezbytn\u00e9 pro\" \/>\n<meta property=\"og:url\" content=\"https:\/\/www.maccaferri.com\/cz\/informative-technical-package\/\" \/>\n<meta property=\"og:site_name\" content=\"Maccaferri \u010cesk\u00e1 republika\" \/>\n<meta property=\"article:modified_time\" content=\"2025-10-06T13:19:27+00:00\" \/>\n<meta property=\"og:image\" content=\"https:\/\/www.maccaferri.com\/cz\/wp-content\/uploads\/2023\/06\/Immagine-testa-sito-1.png\" \/>\n<meta name=\"twitter:card\" content=\"summary_large_image\" \/>\n<meta name=\"twitter:label1\" content=\"Est. reading time\" \/>\n\t<meta name=\"twitter:data1\" content=\"2 minutes\" \/>\n<script type=\"application\/ld+json\" class=\"yoast-schema-graph\">{\"@context\":\"https:\/\/schema.org\",\"@graph\":[{\"@type\":\"WebPage\",\"@id\":\"https:\/\/www.maccaferri.com\/cz\/informative-technical-package\/\",\"url\":\"https:\/\/www.maccaferri.com\/cz\/informative-technical-package\/\",\"name\":\"Informative Technical Package - Maccaferri \u010cesk\u00e1 republika\",\"isPartOf\":{\"@id\":\"https:\/\/www.maccaferri.com\/cz\/#website\"},\"primaryImageOfPage\":{\"@id\":\"https:\/\/www.maccaferri.com\/cz\/informative-technical-package\/#primaryimage\"},\"image\":{\"@id\":\"https:\/\/www.maccaferri.com\/cz\/informative-technical-package\/#primaryimage\"},\"thumbnailUrl\":\"https:\/\/www.maccaferri.com\/cz\/wp-content\/uploads\/2023\/06\/Immagine-testa-sito-1.png\",\"datePublished\":\"2023-06-19T10:45:03+00:00\",\"dateModified\":\"2025-10-06T13:19:27+00:00\",\"description\":\"0Zdroje pro zm\u00edrn\u011bn\u00ed geohrozebSt\u00e1hnout bal\u00ed\u010dekPreviousNext NA\u0160E \u0158E\u0160EN\u00cdSyst\u00e9my na ochranu p\u0159ed padaj\u00edc\u00edmi skalami a zm\u00edrn\u011bn\u00ed geohrozeb jsou nezbytn\u00e9 pro\",\"inLanguage\":\"cs-CZ\",\"potentialAction\":[{\"@type\":\"ReadAction\",\"target\":[\"https:\/\/www.maccaferri.com\/cz\/informative-technical-package\/\"]}]},{\"@type\":\"ImageObject\",\"inLanguage\":\"cs-CZ\",\"@id\":\"https:\/\/www.maccaferri.com\/cz\/informative-technical-package\/#primaryimage\",\"url\":\"https:\/\/www.maccaferri.com\/cz\/wp-content\/uploads\/2023\/06\/Immagine-testa-sito-1.png\",\"contentUrl\":\"https:\/\/www.maccaferri.com\/cz\/wp-content\/uploads\/2023\/06\/Immagine-testa-sito-1.png\",\"width\":1915,\"height\":530},{\"@type\":\"WebSite\",\"@id\":\"https:\/\/www.maccaferri.com\/cz\/#website\",\"url\":\"https:\/\/www.maccaferri.com\/cz\/\",\"name\":\"Maccaferri \u010cesk\u00e1 republika\",\"description\":\"\",\"publisher\":{\"@id\":\"https:\/\/www.maccaferri.com\/cz\/#organization\"},\"potentialAction\":[{\"@type\":\"SearchAction\",\"target\":{\"@type\":\"EntryPoint\",\"urlTemplate\":\"https:\/\/www.maccaferri.com\/cz\/?s={search_term_string}\"},\"query-input\":{\"@type\":\"PropertyValueSpecification\",\"valueRequired\":true,\"valueName\":\"search_term_string\"}}],\"inLanguage\":\"cs-CZ\"},{\"@type\":\"Organization\",\"@id\":\"https:\/\/www.maccaferri.com\/cz\/#organization\",\"name\":\"Maccaferri \u010cesk\u00e1 republika\",\"url\":\"https:\/\/www.maccaferri.com\/cz\/\",\"logo\":{\"@type\":\"ImageObject\",\"inLanguage\":\"cs-CZ\",\"@id\":\"https:\/\/www.maccaferri.com\/cz\/#\/schema\/logo\/image\/\",\"url\":\"https:\/\/www.maccaferri.com\/cz\/wp-content\/uploads\/2022\/07\/logo-maccaferri.png\",\"contentUrl\":\"https:\/\/www.maccaferri.com\/cz\/wp-content\/uploads\/2022\/07\/logo-maccaferri.png\",\"width\":152,\"height\":32,\"caption\":\"Maccaferri \u010cesk\u00e1 republika\"},\"image\":{\"@id\":\"https:\/\/www.maccaferri.com\/cz\/#\/schema\/logo\/image\/\"}}]}<\/script>\n<!-- \/ Yoast SEO Premium plugin. -->","yoast_head_json":{"title":"Informative Technical Package - Maccaferri \u010cesk\u00e1 republika","description":"0Zdroje pro zm\u00edrn\u011bn\u00ed geohrozebSt\u00e1hnout bal\u00ed\u010dekPreviousNext NA\u0160E \u0158E\u0160EN\u00cdSyst\u00e9my na ochranu p\u0159ed padaj\u00edc\u00edmi skalami a zm\u00edrn\u011bn\u00ed geohrozeb jsou nezbytn\u00e9 pro","robots":{"index":"index","follow":"follow","max-snippet":"max-snippet:-1","max-image-preview":"max-image-preview:large","max-video-preview":"max-video-preview:-1"},"canonical":"https:\/\/www.maccaferri.com\/cz\/informative-technical-package\/","og_locale":"cs_CZ","og_type":"article","og_title":"Informative Technical Package - Maccaferri \u010cesk\u00e1 republika","og_description":"0Zdroje pro zm\u00edrn\u011bn\u00ed geohrozebSt\u00e1hnout bal\u00ed\u010dekPreviousNext NA\u0160E \u0158E\u0160EN\u00cdSyst\u00e9my na ochranu p\u0159ed padaj\u00edc\u00edmi skalami a zm\u00edrn\u011bn\u00ed geohrozeb jsou nezbytn\u00e9 pro","og_url":"https:\/\/www.maccaferri.com\/cz\/informative-technical-package\/","og_site_name":"Maccaferri \u010cesk\u00e1 republika","article_modified_time":"2025-10-06T13:19:27+00:00","og_image":[{"url":"https:\/\/www.maccaferri.com\/cz\/wp-content\/uploads\/2023\/06\/Immagine-testa-sito-1.png","type":"","width":"","height":""}],"twitter_card":"summary_large_image","twitter_misc":{"Est. reading time":"2 minutes"},"schema":{"@context":"https:\/\/schema.org","@graph":[{"@type":"WebPage","@id":"https:\/\/www.maccaferri.com\/cz\/informative-technical-package\/","url":"https:\/\/www.maccaferri.com\/cz\/informative-technical-package\/","name":"Informative Technical Package - Maccaferri \u010cesk\u00e1 republika","isPartOf":{"@id":"https:\/\/www.maccaferri.com\/cz\/#website"},"primaryImageOfPage":{"@id":"https:\/\/www.maccaferri.com\/cz\/informative-technical-package\/#primaryimage"},"image":{"@id":"https:\/\/www.maccaferri.com\/cz\/informative-technical-package\/#primaryimage"},"thumbnailUrl":"https:\/\/www.maccaferri.com\/cz\/wp-content\/uploads\/2023\/06\/Immagine-testa-sito-1.png","datePublished":"2023-06-19T10:45:03+00:00","dateModified":"2025-10-06T13:19:27+00:00","description":"0Zdroje pro zm\u00edrn\u011bn\u00ed geohrozebSt\u00e1hnout bal\u00ed\u010dekPreviousNext NA\u0160E \u0158E\u0160EN\u00cdSyst\u00e9my na ochranu p\u0159ed padaj\u00edc\u00edmi skalami a zm\u00edrn\u011bn\u00ed geohrozeb jsou nezbytn\u00e9 pro","inLanguage":"cs-CZ","potentialAction":[{"@type":"ReadAction","target":["https:\/\/www.maccaferri.com\/cz\/informative-technical-package\/"]}]},{"@type":"ImageObject","inLanguage":"cs-CZ","@id":"https:\/\/www.maccaferri.com\/cz\/informative-technical-package\/#primaryimage","url":"https:\/\/www.maccaferri.com\/cz\/wp-content\/uploads\/2023\/06\/Immagine-testa-sito-1.png","contentUrl":"https:\/\/www.maccaferri.com\/cz\/wp-content\/uploads\/2023\/06\/Immagine-testa-sito-1.png","width":1915,"height":530},{"@type":"WebSite","@id":"https:\/\/www.maccaferri.com\/cz\/#website","url":"https:\/\/www.maccaferri.com\/cz\/","name":"Maccaferri \u010cesk\u00e1 republika","description":"","publisher":{"@id":"https:\/\/www.maccaferri.com\/cz\/#organization"},"potentialAction":[{"@type":"SearchAction","target":{"@type":"EntryPoint","urlTemplate":"https:\/\/www.maccaferri.com\/cz\/?s={search_term_string}"},"query-input":{"@type":"PropertyValueSpecification","valueRequired":true,"valueName":"search_term_string"}}],"inLanguage":"cs-CZ"},{"@type":"Organization","@id":"https:\/\/www.maccaferri.com\/cz\/#organization","name":"Maccaferri \u010cesk\u00e1 republika","url":"https:\/\/www.maccaferri.com\/cz\/","logo":{"@type":"ImageObject","inLanguage":"cs-CZ","@id":"https:\/\/www.maccaferri.com\/cz\/#\/schema\/logo\/image\/","url":"https:\/\/www.maccaferri.com\/cz\/wp-content\/uploads\/2022\/07\/logo-maccaferri.png","contentUrl":"https:\/\/www.maccaferri.com\/cz\/wp-content\/uploads\/2022\/07\/logo-maccaferri.png","width":152,"height":32,"caption":"Maccaferri \u010cesk\u00e1 republika"},"image":{"@id":"https:\/\/www.maccaferri.com\/cz\/#\/schema\/logo\/image\/"}}]}},"_links":{"self":[{"href":"https:\/\/www.maccaferri.com\/cz\/wp-json\/wp\/v2\/pages\/82097","targetHints":{"allow":["GET"]}}],"collection":[{"href":"https:\/\/www.maccaferri.com\/cz\/wp-json\/wp\/v2\/pages"}],"about":[{"href":"https:\/\/www.maccaferri.com\/cz\/wp-json\/wp\/v2\/types\/page"}],"author":[{"embeddable":true,"href":"https:\/\/www.maccaferri.com\/cz\/wp-json\/wp\/v2\/users\/6"}],"replies":[{"embeddable":true,"href":"https:\/\/www.maccaferri.com\/cz\/wp-json\/wp\/v2\/comments?post=82097"}],"version-history":[{"count":9,"href":"https:\/\/www.maccaferri.com\/cz\/wp-json\/wp\/v2\/pages\/82097\/revisions"}],"predecessor-version":[{"id":96280,"href":"https:\/\/www.maccaferri.com\/cz\/wp-json\/wp\/v2\/pages\/82097\/revisions\/96280"}],"wp:attachment":[{"href":"https:\/\/www.maccaferri.com\/cz\/wp-json\/wp\/v2\/media?parent=82097"}],"curies":[{"name":"wp","href":"https:\/\/api.w.org\/{rel}","templated":true}]}}