{"id":82087,"date":"2023-02-20T12:29:24","date_gmt":"2023-02-20T11:29:24","guid":{"rendered":"https:\/\/www.maccaferri.com\/cz\/?page_id=82087"},"modified":"2025-05-27T09:59:25","modified_gmt":"2025-05-27T07:59:25","slug":"fastmac","status":"publish","type":"page","link":"https:\/\/www.maccaferri.com\/cz\/fastmac\/","title":{"rendered":"FastMac"},"content":{"rendered":"<div class=\"wp-block-mac-h1-title-hero-block container-fluid block-txt-container\" style=\"background:linear-gradient(180deg,rgb(1,94,111) 0%,rgb(0,72,87) 100%)\"><div class=\"row\"><div class=\"col\"><div class=\"gts__picture\"><img decoding=\"async\" src=\"https:\/\/www.maccaferri.com\/cz\/wp-content\/uploads\/2025\/05\/FastMac_min-4.jpg\" style=\"display:none\"\/><div class=\"gts__picture__image\" style=\"background-image:url(https:\/\/www.maccaferri.com\/cz\/wp-content\/uploads\/2025\/05\/FastMac_min-4.jpg)\"><\/div><\/div><div class=\"container box-container\"><div class=\"row\"><div class=\"col title-box-txt\"><h1 class=\"wp-block-mac-h1-title-hero-block\" style=\"color:#ffffff;text-align:none\">FastMac<\/h1><\/div><\/div><\/div><\/div><\/div><\/div><div class=\"wp-block-mac-container-block box-container\"><div class=\"wp-block-columns is-layout-flex wp-container-core-columns-is-layout-9d6595d7 wp-block-columns-is-layout-flex\"><div class=\"wp-block-column is-layout-flow wp-block-column-is-layout-flow\"><div class=\"container content-paragraph box-container\"><div class=\"row\"><div class=\"col-12 col-lg-12 col-xl-12 col-xxl-12\"><div class=\"content-txt\"><h2>Nejrychlej\u0161\u00ed a nejjednodu\u0161\u0161\u00ed n\u00e1stroj pro instalaci gabion\u016f, Reno matrac\u00ed Plus a dvojit\u011b zkroucen\u00fdch ocelov\u00fdch s\u00edt\u00ed.<\/h2>\n<\/div><\/div><\/div><\/div>\n\n<div class=\"wp-block-mac-container-block box-container\"><div class=\"wp-block-columns is-layout-flex wp-container-core-columns-is-layout-9d6595d7 wp-block-columns-is-layout-flex\"><div class=\"wp-block-column is-layout-flow wp-block-column-is-layout-flow\"><div class=\"container content-paragraph box-container\"><div class=\"row\"><div class=\"col-12 col-lg-12 col-xl-12 col-xxl-12\"><div class=\"content-txt\"><h4>Rychl\u00e1 kvalita<\/h4>\n<\/div><\/div><\/div><\/div><\/div><\/div><\/div>\n\n<div class=\"wp-block-mac-container-block box-container\"><div class=\"wp-block-columns is-layout-flex wp-container-core-columns-is-layout-9d6595d7 wp-block-columns-is-layout-flex\"><div class=\"wp-block-column is-layout-flow wp-block-column-is-layout-flow\"><p>Skl\u00e1d\u00e1n\u00ed gabion\u016f a Reno matrac\u00ed nebylo nikdy jednodu\u0161\u0161\u00ed ne\u017e s FastMac, pneumatick\u00fdm syst\u00e9mem v\u00e1z\u00e1n\u00ed s nap\u00ednac\u00edmi uz\u00e1v\u011bry. FastMac zaru\u010duje rychl\u00fd, bezpe\u010dn\u00fd a kvalitn\u00ed syst\u00e9m pro mont\u00e1\u017e a propojen\u00ed jednotliv\u00fdch jednotek. Uz\u00e1v\u011bry s nap\u00ednac\u00edmi krou\u017eky v\u00fdrazn\u011b sni\u017euj\u00ed operace mont\u00e1\u017ee a instalace ve srovn\u00e1n\u00ed s konven\u010dn\u00edmi v\u00e1zac\u00edmi dr\u00e1ty, s kapacitou instalace v\u00edce ne\u017e 65 krou\u017ek\u016f za minutu. D\u00edky FastMac m\u016f\u017ee b\u00fdt \u010dinnost v\u00e1z\u00e1n\u00ed a\u017e 8kr\u00e1t rychlej\u0161\u00ed, co\u017e \u0161et\u0159\u00ed celkov\u00fd \u010das instalace, kter\u00fd m\u016f\u017ee b\u00fdt zkr\u00e1cen o 70 % a\u017e 80 %, v z\u00e1vislosti na produktu. Nav\u00edc struktury gabion\u016f a Reno matrac\u00ed sestaven\u00e9 pomoc\u00ed uz\u00e1v\u011br\u016f s nap\u00ednac\u00edmi krou\u017eky vykazuj\u00ed vy\u0161\u0161\u00ed trvanlivost, s n\u00e1vrhovou \u017eivotnost\u00ed 120 let, v\u011bt\u0161\u00ed a rovnom\u011brn\u011bj\u0161\u00ed odolnost, co\u017e vede ke zv\u00fd\u0161en\u00ed celkov\u00e9 kvality.<\/p><\/div><\/div><\/div>\n\n<div class=\"wp-block-mac-container-block box-container\"><div class=\"wp-block-columns is-layout-flex wp-container-core-columns-is-layout-9d6595d7 wp-block-columns-is-layout-flex\"><div class=\"wp-block-column is-layout-flow wp-block-column-is-layout-flow\"><div class=\"container content-paragraph box-container\"><div class=\"row\"><div class=\"col-12 col-lg-12 col-xl-12 col-xxl-12\"><div class=\"content-txt\"><h4>30sekundov\u00e1 v\u00fdzva<\/h4>\n<\/div><\/div><\/div><\/div><\/div><\/div><\/div>\n\n<div class=\"wp-block-mac-container-block box-container\"><div class=\"wp-block-columns is-layout-flex wp-container-core-columns-is-layout-9d6595d7 wp-block-columns-is-layout-flex\"><div class=\"wp-block-column is-layout-flow wp-block-column-is-layout-flow\"><p>Dv\u011b s\u00edt\u011b, jedna v\u00e1zan\u00e1 pomoc\u00ed C-krou\u017ek\u016f a FastMac, druh\u00e1 v\u00e1zan\u00e1 v\u00e1zac\u00edm dr\u00e1tem. Kter\u00e1 bude nejrychlej\u0161\u00ed?<\/p><\/div><\/div><\/div><\/div><\/div><\/div><div class=\"wp-block-mac-container-block box-container\"><div class=\"wp-block-columns is-layout-flex wp-container-core-columns-is-layout-9d6595d7 wp-block-columns-is-layout-flex\"><div class=\"wp-block-column is-layout-flow wp-block-column-is-layout-flow\"><figure class=\"wp-block-video\"><video controls controlslist=\"nodownload\" poster=\"https:\/\/www.maccaferri.com\/cz\/wp-content\/uploads\/2023\/02\/MicrosoftTeams-image-29.png\" src=\"https:\/\/www.maccaferri.com\/cz\/wp-content\/uploads\/2023\/02\/Maccaferri_FastMac_v03.mp4\"><\/video><\/figure><\/div><\/div><\/div><div style=\"height:100px\" aria-hidden=\"true\" class=\"wp-block-spacer\"><\/div>","protected":false},"excerpt":{"rendered":"","protected":false},"author":6,"featured_media":0,"parent":0,"menu_order":0,"comment_status":"closed","ping_status":"closed","template":"","meta":{"_acf_changed":false,"_joinchat":[],"footnotes":""},"class_list":["post-82087","page","type-page","status-publish","hentry"],"acf":{"uuid_products":"","product-documents":""},"yoast_head":"<!-- This site is optimized with the Yoast SEO Premium plugin v27.0 (Yoast SEO v27.0) - https:\/\/yoast.com\/product\/yoast-seo-premium-wordpress\/ -->\n<title>FastMac - Maccaferri \u010cesk\u00e1 republika<\/title>\n<meta name=\"description\" content=\"FastMac Skl\u00e1d\u00e1n\u00ed gabion\u016f a Reno matrac\u00ed nebylo nikdy jednodu\u0161\u0161\u00ed ne\u017e s FastMac, pneumatick\u00fdm syst\u00e9mem v\u00e1z\u00e1n\u00ed s nap\u00ednac\u00edmi uz\u00e1v\u011bry. FastMac zaru\u010duje rychl\u00fd,\" \/>\n<meta name=\"robots\" content=\"index, follow, max-snippet:-1, max-image-preview:large, max-video-preview:-1\" \/>\n<link rel=\"canonical\" href=\"https:\/\/www.maccaferri.com\/cz\/fastmac\/\" \/>\n<meta property=\"og:locale\" content=\"cs_CZ\" \/>\n<meta property=\"og:type\" content=\"article\" \/>\n<meta property=\"og:title\" content=\"FastMac - Maccaferri \u010cesk\u00e1 republika\" \/>\n<meta property=\"og:description\" content=\"FastMac Skl\u00e1d\u00e1n\u00ed gabion\u016f a Reno matrac\u00ed nebylo nikdy jednodu\u0161\u0161\u00ed ne\u017e s FastMac, pneumatick\u00fdm syst\u00e9mem v\u00e1z\u00e1n\u00ed s nap\u00ednac\u00edmi uz\u00e1v\u011bry. FastMac zaru\u010duje rychl\u00fd,\" \/>\n<meta property=\"og:url\" content=\"https:\/\/www.maccaferri.com\/cz\/fastmac\/\" \/>\n<meta property=\"og:site_name\" content=\"Maccaferri \u010cesk\u00e1 republika\" \/>\n<meta property=\"article:modified_time\" content=\"2025-05-27T07:59:25+00:00\" \/>\n<meta property=\"og:image\" content=\"https:\/\/www.maccaferri.com\/cz\/wp-content\/uploads\/2025\/05\/FastMac_min-4.jpg\" \/>\n<meta name=\"twitter:card\" content=\"summary_large_image\" \/>\n<meta name=\"twitter:label1\" content=\"Est. reading time\" \/>\n\t<meta name=\"twitter:data1\" content=\"1 minute\" \/>\n<script type=\"application\/ld+json\" class=\"yoast-schema-graph\">{\"@context\":\"https:\/\/schema.org\",\"@graph\":[{\"@type\":\"WebPage\",\"@id\":\"https:\/\/www.maccaferri.com\/cz\/fastmac\/\",\"url\":\"https:\/\/www.maccaferri.com\/cz\/fastmac\/\",\"name\":\"FastMac - Maccaferri \u010cesk\u00e1 republika\",\"isPartOf\":{\"@id\":\"https:\/\/www.maccaferri.com\/cz\/#website\"},\"primaryImageOfPage\":{\"@id\":\"https:\/\/www.maccaferri.com\/cz\/fastmac\/#primaryimage\"},\"image\":{\"@id\":\"https:\/\/www.maccaferri.com\/cz\/fastmac\/#primaryimage\"},\"thumbnailUrl\":\"https:\/\/www.maccaferri.com\/cz\/wp-content\/uploads\/2025\/05\/FastMac_min-4.jpg\",\"datePublished\":\"2023-02-20T11:29:24+00:00\",\"dateModified\":\"2025-05-27T07:59:25+00:00\",\"description\":\"FastMac Skl\u00e1d\u00e1n\u00ed gabion\u016f a Reno matrac\u00ed nebylo nikdy jednodu\u0161\u0161\u00ed ne\u017e s FastMac, pneumatick\u00fdm syst\u00e9mem v\u00e1z\u00e1n\u00ed s nap\u00ednac\u00edmi uz\u00e1v\u011bry. FastMac zaru\u010duje rychl\u00fd,\",\"inLanguage\":\"cs-CZ\",\"potentialAction\":[{\"@type\":\"ReadAction\",\"target\":[\"https:\/\/www.maccaferri.com\/cz\/fastmac\/\"]}]},{\"@type\":\"ImageObject\",\"inLanguage\":\"cs-CZ\",\"@id\":\"https:\/\/www.maccaferri.com\/cz\/fastmac\/#primaryimage\",\"url\":\"https:\/\/www.maccaferri.com\/cz\/wp-content\/uploads\/2025\/05\/FastMac_min-4.jpg\",\"contentUrl\":\"https:\/\/www.maccaferri.com\/cz\/wp-content\/uploads\/2025\/05\/FastMac_min-4.jpg\",\"width\":1915,\"height\":530,\"caption\":\"xr:d:DAFZOvOAx8k:5,j:47121314557,t:23021615\"},{\"@type\":\"WebSite\",\"@id\":\"https:\/\/www.maccaferri.com\/cz\/#website\",\"url\":\"https:\/\/www.maccaferri.com\/cz\/\",\"name\":\"Maccaferri \u010cesk\u00e1 republika\",\"description\":\"\",\"publisher\":{\"@id\":\"https:\/\/www.maccaferri.com\/cz\/#organization\"},\"potentialAction\":[{\"@type\":\"SearchAction\",\"target\":{\"@type\":\"EntryPoint\",\"urlTemplate\":\"https:\/\/www.maccaferri.com\/cz\/?s={search_term_string}\"},\"query-input\":{\"@type\":\"PropertyValueSpecification\",\"valueRequired\":true,\"valueName\":\"search_term_string\"}}],\"inLanguage\":\"cs-CZ\"},{\"@type\":\"Organization\",\"@id\":\"https:\/\/www.maccaferri.com\/cz\/#organization\",\"name\":\"Maccaferri \u010cesk\u00e1 republika\",\"url\":\"https:\/\/www.maccaferri.com\/cz\/\",\"logo\":{\"@type\":\"ImageObject\",\"inLanguage\":\"cs-CZ\",\"@id\":\"https:\/\/www.maccaferri.com\/cz\/#\/schema\/logo\/image\/\",\"url\":\"https:\/\/www.maccaferri.com\/cz\/wp-content\/uploads\/2022\/07\/logo-maccaferri.png\",\"contentUrl\":\"https:\/\/www.maccaferri.com\/cz\/wp-content\/uploads\/2022\/07\/logo-maccaferri.png\",\"width\":152,\"height\":32,\"caption\":\"Maccaferri \u010cesk\u00e1 republika\"},\"image\":{\"@id\":\"https:\/\/www.maccaferri.com\/cz\/#\/schema\/logo\/image\/\"}}]}<\/script>\n<!-- \/ Yoast SEO Premium plugin. -->","yoast_head_json":{"title":"FastMac - Maccaferri \u010cesk\u00e1 republika","description":"FastMac Skl\u00e1d\u00e1n\u00ed gabion\u016f a Reno matrac\u00ed nebylo nikdy jednodu\u0161\u0161\u00ed ne\u017e s FastMac, pneumatick\u00fdm syst\u00e9mem v\u00e1z\u00e1n\u00ed s nap\u00ednac\u00edmi uz\u00e1v\u011bry. FastMac zaru\u010duje rychl\u00fd,","robots":{"index":"index","follow":"follow","max-snippet":"max-snippet:-1","max-image-preview":"max-image-preview:large","max-video-preview":"max-video-preview:-1"},"canonical":"https:\/\/www.maccaferri.com\/cz\/fastmac\/","og_locale":"cs_CZ","og_type":"article","og_title":"FastMac - Maccaferri \u010cesk\u00e1 republika","og_description":"FastMac Skl\u00e1d\u00e1n\u00ed gabion\u016f a Reno matrac\u00ed nebylo nikdy jednodu\u0161\u0161\u00ed ne\u017e s FastMac, pneumatick\u00fdm syst\u00e9mem v\u00e1z\u00e1n\u00ed s nap\u00ednac\u00edmi uz\u00e1v\u011bry. FastMac zaru\u010duje rychl\u00fd,","og_url":"https:\/\/www.maccaferri.com\/cz\/fastmac\/","og_site_name":"Maccaferri \u010cesk\u00e1 republika","article_modified_time":"2025-05-27T07:59:25+00:00","og_image":[{"url":"https:\/\/www.maccaferri.com\/cz\/wp-content\/uploads\/2025\/05\/FastMac_min-4.jpg","type":"","width":"","height":""}],"twitter_card":"summary_large_image","twitter_misc":{"Est. reading time":"1 minute"},"schema":{"@context":"https:\/\/schema.org","@graph":[{"@type":"WebPage","@id":"https:\/\/www.maccaferri.com\/cz\/fastmac\/","url":"https:\/\/www.maccaferri.com\/cz\/fastmac\/","name":"FastMac - Maccaferri \u010cesk\u00e1 republika","isPartOf":{"@id":"https:\/\/www.maccaferri.com\/cz\/#website"},"primaryImageOfPage":{"@id":"https:\/\/www.maccaferri.com\/cz\/fastmac\/#primaryimage"},"image":{"@id":"https:\/\/www.maccaferri.com\/cz\/fastmac\/#primaryimage"},"thumbnailUrl":"https:\/\/www.maccaferri.com\/cz\/wp-content\/uploads\/2025\/05\/FastMac_min-4.jpg","datePublished":"2023-02-20T11:29:24+00:00","dateModified":"2025-05-27T07:59:25+00:00","description":"FastMac Skl\u00e1d\u00e1n\u00ed gabion\u016f a Reno matrac\u00ed nebylo nikdy jednodu\u0161\u0161\u00ed ne\u017e s FastMac, pneumatick\u00fdm syst\u00e9mem v\u00e1z\u00e1n\u00ed s nap\u00ednac\u00edmi uz\u00e1v\u011bry. FastMac zaru\u010duje rychl\u00fd,","inLanguage":"cs-CZ","potentialAction":[{"@type":"ReadAction","target":["https:\/\/www.maccaferri.com\/cz\/fastmac\/"]}]},{"@type":"ImageObject","inLanguage":"cs-CZ","@id":"https:\/\/www.maccaferri.com\/cz\/fastmac\/#primaryimage","url":"https:\/\/www.maccaferri.com\/cz\/wp-content\/uploads\/2025\/05\/FastMac_min-4.jpg","contentUrl":"https:\/\/www.maccaferri.com\/cz\/wp-content\/uploads\/2025\/05\/FastMac_min-4.jpg","width":1915,"height":530,"caption":"xr:d:DAFZOvOAx8k:5,j:47121314557,t:23021615"},{"@type":"WebSite","@id":"https:\/\/www.maccaferri.com\/cz\/#website","url":"https:\/\/www.maccaferri.com\/cz\/","name":"Maccaferri \u010cesk\u00e1 republika","description":"","publisher":{"@id":"https:\/\/www.maccaferri.com\/cz\/#organization"},"potentialAction":[{"@type":"SearchAction","target":{"@type":"EntryPoint","urlTemplate":"https:\/\/www.maccaferri.com\/cz\/?s={search_term_string}"},"query-input":{"@type":"PropertyValueSpecification","valueRequired":true,"valueName":"search_term_string"}}],"inLanguage":"cs-CZ"},{"@type":"Organization","@id":"https:\/\/www.maccaferri.com\/cz\/#organization","name":"Maccaferri \u010cesk\u00e1 republika","url":"https:\/\/www.maccaferri.com\/cz\/","logo":{"@type":"ImageObject","inLanguage":"cs-CZ","@id":"https:\/\/www.maccaferri.com\/cz\/#\/schema\/logo\/image\/","url":"https:\/\/www.maccaferri.com\/cz\/wp-content\/uploads\/2022\/07\/logo-maccaferri.png","contentUrl":"https:\/\/www.maccaferri.com\/cz\/wp-content\/uploads\/2022\/07\/logo-maccaferri.png","width":152,"height":32,"caption":"Maccaferri \u010cesk\u00e1 republika"},"image":{"@id":"https:\/\/www.maccaferri.com\/cz\/#\/schema\/logo\/image\/"}}]}},"_links":{"self":[{"href":"https:\/\/www.maccaferri.com\/cz\/wp-json\/wp\/v2\/pages\/82087","targetHints":{"allow":["GET"]}}],"collection":[{"href":"https:\/\/www.maccaferri.com\/cz\/wp-json\/wp\/v2\/pages"}],"about":[{"href":"https:\/\/www.maccaferri.com\/cz\/wp-json\/wp\/v2\/types\/page"}],"author":[{"embeddable":true,"href":"https:\/\/www.maccaferri.com\/cz\/wp-json\/wp\/v2\/users\/6"}],"replies":[{"embeddable":true,"href":"https:\/\/www.maccaferri.com\/cz\/wp-json\/wp\/v2\/comments?post=82087"}],"version-history":[{"count":2,"href":"https:\/\/www.maccaferri.com\/cz\/wp-json\/wp\/v2\/pages\/82087\/revisions"}],"predecessor-version":[{"id":90988,"href":"https:\/\/www.maccaferri.com\/cz\/wp-json\/wp\/v2\/pages\/82087\/revisions\/90988"}],"wp:attachment":[{"href":"https:\/\/www.maccaferri.com\/cz\/wp-json\/wp\/v2\/media?parent=82087"}],"curies":[{"name":"wp","href":"https:\/\/api.w.org\/{rel}","templated":true}]}}