{"id":82005,"date":"2024-11-14T17:16:22","date_gmt":"2024-11-14T16:16:22","guid":{"rendered":"https:\/\/www.maccaferri.com\/cz\/?page_id=82005"},"modified":"2025-05-27T11:16:46","modified_gmt":"2025-05-27T09:16:46","slug":"trvala-stavebni-reseni","status":"publish","type":"page","link":"https:\/\/www.maccaferri.com\/cz\/trvala-stavebni-reseni\/","title":{"rendered":"SUSTAINABLE \u200bBUILDING SOLUTIONS"},"content":{"rendered":"<div class=\"wp-block-mac-slider-hero-block hero-slider\"><div id=\"hero97\" class=\"carousel slide\" data-bs-ride=\"true\"><ol class=\"carousel-indicators box-container\"><li data-bs-target=\"#hero97\" data-bs-slide-to=\"0\" class=\"active\"><\/li><\/ol><div class=\"carousel-inner\"><div class=\"carousel-item active\"><div class=\"hero\"><div class=\"gts__picture\"><img decoding=\"async\" src=\"https:\/\/www.maccaferri.com\/cz\/wp-content\/uploads\/2024\/12\/MECDEF-2.jpg\" style=\"display:none\"\/><div class=\"gts__picture__image\" style=\"background-image:url(https:\/\/www.maccaferri.com\/cz\/wp-content\/uploads\/2024\/12\/MECDEF-2.jpg)\"><\/div><\/div><div class=\"container box-container\"><div class=\"row\"><div class=\"col-12 col-lg-6 col-xl-6 col-xxl-6\"><p><span class=\"hero-index\" style=\"display:none\">0<\/span><\/p><h2 class=\"hero-text-container\"><span class=\"hero-text\">TRVAL\u00c1 STAVEBN\u00cd \u0158E\u0160EN\u00cd<\/span><\/h2><\/div><\/div><\/div><\/div><\/div><\/div><button class=\"carousel-control-prev\" href=\"#hero97\" type=\"button\" data-bs-slide=\"prev\"><span class=\"carousel-control-prev-icon\" aria-hidden=\"true\"><\/span><span class=\"visually-hidden\">Previous<\/span><\/button><button class=\"carousel-control-next\" href=\"#hero97\" type=\"button\" data-bs-slide=\"next\"><span class=\"carousel-control-next-icon\" aria-hidden=\"true\"><\/span><span class=\"visually-hidden\">Next<\/span><\/button><\/div><\/div><div style=\"height:100px\" aria-hidden=\"true\" class=\"wp-block-spacer\"><\/div><div class=\"wp-block-mac-container-block box-container\"><div class=\"wp-block-columns is-layout-flex wp-container-core-columns-is-layout-9d6595d7 wp-block-columns-is-layout-flex\"><div class=\"wp-block-column is-layout-flow wp-block-column-is-layout-flow\"><figure class=\"wp-block-image size-full\"><img decoding=\"async\" src=\"https:\/\/www.maccaferri.com\/wp-content\/uploads\/2024\/11\/Immagine-1-BIS-800x600px.jpg\" alt=\"\" class=\"wp-image-83756\"\/><\/figure><\/div>\n\n<div class=\"wp-block-column is-layout-flow wp-block-column-is-layout-flow\" style=\"flex-basis:30px\"><\/div>\n\n<div class=\"wp-block-column is-layout-flow wp-block-column-is-layout-flow\"><div style=\"height:100px\" aria-hidden=\"true\" class=\"wp-block-spacer\"><\/div>\n\n<p>Na\u0161e \u0159e\u0161en\u00ed spl\u0148uj\u00ed r\u016fzn\u00e9 technick\u00e9 po\u017eadavky v ob\u010dansk\u00e9 i pr\u016fmyslov\u00e9 v\u00fdstavb\u011b, jako je odvodn\u011bn\u00ed a ochrana proti vod\u011b, hydroizolace konstrukc\u00ed a st\u0159e\u0161n\u00edch krytin, \u00faspora energie p\u0159i zachov\u00e1n\u00ed komfortu bydlen\u00ed, p\u0159i\u010dem\u017e vyu\u017e\u00edv\u00e1me inteligentn\u00ed a inovativn\u00ed technologie.<\/p><\/div><\/div><\/div><div style=\"height:100px\" aria-hidden=\"true\" class=\"wp-block-spacer\"><\/div><div class=\"wp-block-columns has-background is-layout-flex wp-container-core-columns-is-layout-9d6595d7 wp-block-columns-is-layout-flex\" style=\"background-color:#104857\"><div class=\"wp-block-column is-layout-flow wp-block-column-is-layout-flow\" style=\"flex-basis:10%\"><\/div>\n\n<div class=\"wp-block-column is-layout-flow wp-block-column-is-layout-flow\" style=\"flex-basis:80%\"><div style=\"height:40px\" aria-hidden=\"true\" class=\"wp-block-spacer\"><\/div>\n\n<div class=\"wp-block-mac-h4-title-block block-txt-container box-container\"><div class=\"row\"><div class=\"col title-box-txt\"><h4 style=\"color:#ffffff;text-align:center\">Tato \u0159e\u0161en\u00ed reaguj\u00ed na stavebn\u00ed v\u00fdzvy a z\u00e1rove\u0148 podporuj\u00ed udr\u017eitelnost, odolnost a efektivitu v souladu s pr\u016fmyslov\u00fdmi a environment\u00e1ln\u00edmi normami.<\/h4><\/div><\/div><\/div>\n\n<div style=\"height:40px\" aria-hidden=\"true\" class=\"wp-block-spacer\"><\/div><\/div>\n\n<div class=\"wp-block-column is-layout-flow wp-block-column-is-layout-flow\" style=\"flex-basis:10%\"><\/div><\/div><div style=\"height:100px\" aria-hidden=\"true\" class=\"wp-block-spacer\"><\/div><div style=\"width: 100%;\"><div style=\"position: relative; padding-bottom: 56.25%; padding-top: 0; height: 0;\"><iframe title=\"Infografica BIS\" frameborder=\"0\" width=\"1200\" height=\"675\" style=\"position: absolute; top: 0; left: 0; width: 100%; height: 100%;\" src=\"https:\/\/view.genially.com\/675312e6a4905c23acd1aa74\" type=\"text\/html\" allowscriptaccess=\"always\" allowfullscreen=\"true\" scrolling=\"yes\" allownetworking=\"all\"><\/iframe> <\/div> <\/div><div class=\"wp-block-mac-container-block box-container\"><div class=\"wp-block-columns is-layout-flex wp-container-core-columns-is-layout-9d6595d7 wp-block-columns-is-layout-flex\"><div class=\"wp-block-column is-layout-flow wp-block-column-is-layout-flow\"><div style=\"height:100px\" aria-hidden=\"true\" class=\"wp-block-spacer\"><\/div><\/div><\/div><\/div><div class=\"container-fluid carousel-image-gallery\">\n        <div class=\"row\">\n            <div id=\"carouselImageblock_4c633ff170f9536702826b68fb3418e2\" class=\"carousel slide carouselImageGallery\" data-bs-ride=\"carousel\">\n                <!-- \/\/ Indicators -->\n                <ol class=\"carousel-indicators\">\n                                            <li data-bs-target=\"#carouselImageblock_4c633ff170f9536702826b68fb3418e2\" data-bs-slide-to=\"0\" class=\"active\" aria-current=\"true\" aria-label=\"Slide\"><\/li>\n                                            <li data-bs-target=\"#carouselImageblock_4c633ff170f9536702826b68fb3418e2\" data-bs-slide-to=\"1\" class=\"\" aria-current=\"true\" aria-label=\"Slide\"><\/li>\n                                            <li data-bs-target=\"#carouselImageblock_4c633ff170f9536702826b68fb3418e2\" data-bs-slide-to=\"2\" class=\"\" aria-current=\"true\" aria-label=\"Slide\"><\/li>\n                                            <li data-bs-target=\"#carouselImageblock_4c633ff170f9536702826b68fb3418e2\" data-bs-slide-to=\"3\" class=\"\" aria-current=\"true\" aria-label=\"Slide\"><\/li>\n                                            <li data-bs-target=\"#carouselImageblock_4c633ff170f9536702826b68fb3418e2\" data-bs-slide-to=\"4\" class=\"\" aria-current=\"true\" aria-label=\"Slide\"><\/li>\n                                    <\/ol>\n\n                <div class=\"carousel-inner container\" role=\"listbox\">\n                                            <div class=\"carousel-item active\">\n                        <div class=\"col-12 col-lg-4 col-xl-4 col-xxl-4 space-mobile\">\n                            <div class=\"grid-item-wrapper\">\n                                <div class=\"img-responsive-wrapper\">\n                                    <div class=\"img-responsive\">\n                                        <div class=\"img-wrapper\"><img decoding=\"async\" src=\"https:\/\/www.maccaferri.com\/cz\/wp-content\/uploads\/2025\/05\/GreenParking_Slider5_800x800px-1-1.jpg\" alt=\"\" \/><\/div>\n                                    <\/div>\n                                <\/div>\n                                <div class=\"griditem-text-wrapper text-center\">\n                                    <p class=\"griditem-text text-center\"><\/p>\n                   \n                                <\/div>\n                            <\/div>\n                        <\/div>\n                        <\/div>\n                                            <div class=\"carousel-item \">\n                        <div class=\"col-12 col-lg-4 col-xl-4 col-xxl-4 space-mobile\">\n                            <div class=\"grid-item-wrapper\">\n                                <div class=\"img-responsive-wrapper\">\n                                    <div class=\"img-responsive\">\n                                        <div class=\"img-wrapper\"><img decoding=\"async\" src=\"https:\/\/www.maccaferri.com\/cz\/wp-content\/uploads\/2025\/05\/ParkingArea_Slider4_800x800px-1-1.jpg\" alt=\"\" \/><\/div>\n                                    <\/div>\n                                <\/div>\n                                <div class=\"griditem-text-wrapper text-center\">\n                                    <p class=\"griditem-text text-center\"><\/p>\n                   \n                                <\/div>\n                            <\/div>\n                        <\/div>\n                        <\/div>\n                                            <div class=\"carousel-item \">\n                        <div class=\"col-12 col-lg-4 col-xl-4 col-xxl-4 space-mobile\">\n                            <div class=\"grid-item-wrapper\">\n                                <div class=\"img-responsive-wrapper\">\n                                    <div class=\"img-responsive\">\n                                        <div class=\"img-wrapper\"><img decoding=\"async\" src=\"https:\/\/www.maccaferri.com\/cz\/wp-content\/uploads\/2025\/05\/BuildingFoundation_Slider3_800x800px-1-1.jpg\" alt=\"\" \/><\/div>\n                                    <\/div>\n                                <\/div>\n                                <div class=\"griditem-text-wrapper text-center\">\n                                    <p class=\"griditem-text text-center\"><\/p>\n                   \n                                <\/div>\n                            <\/div>\n                        <\/div>\n                        <\/div>\n                                            <div class=\"carousel-item \">\n                        <div class=\"col-12 col-lg-4 col-xl-4 col-xxl-4 space-mobile\">\n                            <div class=\"grid-item-wrapper\">\n                                <div class=\"img-responsive-wrapper\">\n                                    <div class=\"img-responsive\">\n                                        <div class=\"img-wrapper\"><img decoding=\"async\" src=\"https:\/\/www.maccaferri.com\/cz\/wp-content\/uploads\/2025\/05\/MetallicRoof_Slider1_800x800px-1-1.jpg\" alt=\"\" \/><\/div>\n                                    <\/div>\n                                <\/div>\n                                <div class=\"griditem-text-wrapper text-center\">\n                                    <p class=\"griditem-text text-center\"><\/p>\n                   \n                                <\/div>\n                            <\/div>\n                        <\/div>\n                        <\/div>\n                                            <div class=\"carousel-item \">\n                        <div class=\"col-12 col-lg-4 col-xl-4 col-xxl-4 space-mobile\">\n                            <div class=\"grid-item-wrapper\">\n                                <div class=\"img-responsive-wrapper\">\n                                    <div class=\"img-responsive\">\n                                        <div class=\"img-wrapper\"><img decoding=\"async\" src=\"https:\/\/www.maccaferri.com\/cz\/wp-content\/uploads\/2025\/05\/RoofGarden_Slider2_800x800px-1-1.jpg\" alt=\"\" \/><\/div>\n                                    <\/div>\n                                <\/div>\n                                <div class=\"griditem-text-wrapper text-center\">\n                                    <p class=\"griditem-text text-center\"><\/p>\n                   \n                                <\/div>\n                            <\/div>\n                        <\/div>\n                        <\/div>\n                                    <\/div>\n            <\/div>\n\n        <\/div>\n    <\/div><div class=\"wp-block-mac-container-block box-container\"><div class=\"wp-block-columns is-layout-flex wp-container-core-columns-is-layout-9d6595d7 wp-block-columns-is-layout-flex\"><div class=\"wp-block-column is-layout-flow wp-block-column-is-layout-flow\"><div style=\"height:100px\" aria-hidden=\"true\" class=\"wp-block-spacer\"><\/div>\n\n<div class=\"wp-block-mac-h4-title-block block-txt-container box-container\"><div class=\"row\"><div class=\"col title-box-txt\"><h4 style=\"color:#212429;text-align:left\">St\u00e1hn\u011bte si na\u0161e materi\u00e1ly<\/h4><\/div><\/div><\/div>\n\n<div class=\"wp-block-mac-container-block box-container\"><div class=\"wp-block-columns is-layout-flex wp-container-core-columns-is-layout-9d6595d7 wp-block-columns-is-layout-flex\"><div class=\"wp-block-column is-layout-flow wp-block-column-is-layout-flow\"><div class=\"wp-block-columns is-layout-flex wp-container-core-columns-is-layout-9d6595d7 wp-block-columns-is-layout-flex\"><div class=\"wp-block-column is-layout-flow wp-block-column-is-layout-flow\"><iframe src=\"https:\/\/www2.maccaferri.com\/l\/965143\/2025-05-14\/5ttly5\" width=\"100%\" height=\"800\" type=\"text\/html\" frameborder=\"0\" allowtransparency=\"true\" style=\"border: 0\" data-cookieconsent=\"ignore\"><\/iframe><\/div><\/div><\/div><\/div><\/div><\/div><\/div><\/div><div style=\"height:100px\" aria-hidden=\"true\" class=\"wp-block-spacer\"><\/div><div class=\"wp-block-columns is-layout-flex wp-container-core-columns-is-layout-9d6595d7 wp-block-columns-is-layout-flex\"><div class=\"wp-block-column has-background is-layout-flow wp-block-column-is-layout-flow\" style=\"background-color:#004857\"><div class=\"wp-block-mac-title-cta-two-block container box-container\" style=\"background:#004857\"><div class=\"row\"><div class=\"col-12 col-lg-5 col-xl-5 col-xxl-5 title-box-txt\"><H2 class=\"wp-block-mac-title-cta-two-block\" style=\"color:#A7C8CB\">Poznejte n\u00e1\u0161 t\u00fdm odborn\u00edk\u016f<\/H2><\/div><div class=\"col-12 offset-lg-1 offset-xl-1 offset-xxl-1 col-lg-6 col-xl-6 col-xxl-6 title-box-txt\"><div style=\"text-align:right\"><p class=\"wp-block-mac-title-cta-two-block\" style=\"color:#FFFFFF\">P\u0159edstavujeme v\u00edt\u011bzn\u00e9ho partnera v oblasti ob\u010dansk\u00fdch a pr\u016fmyslov\u00fdch staveb. S na\u0161\u00edm \u0161irok\u00fdm portfoliem produkt\u016f jsme schopni reagovat na r\u016fzn\u00e9 technick\u00e9 po\u017eadavky nap\u0159\u00ed\u010d r\u016fzn\u00fdmi odv\u011btv\u00edmi. M\u00e1te jak\u00e9koli ot\u00e1zky nebo pot\u0159ebujete odbornou pomoc?<\/p><\/div><div style=\"text-align:right\"><a href=\"https:\/\/www.maccaferri.com\/cz\/kontaktujte-nas\/\" target=\"_blank\" class=\"buttonurl\" rel=\"noopener\"><span class=\"buttontext\">Kontaktujte n\u00e1s<\/span><\/a><\/div><\/div><\/div><\/div><\/div><\/div><div style=\"height:100px\" aria-hidden=\"true\" class=\"wp-block-spacer\"><\/div>","protected":false},"excerpt":{"rendered":"","protected":false},"author":6,"featured_media":0,"parent":0,"menu_order":0,"comment_status":"closed","ping_status":"closed","template":"","meta":{"_acf_changed":false,"_joinchat":[],"footnotes":""},"class_list":["post-82005","page","type-page","status-publish","hentry"],"acf":{"uuid_products":"","product-documents":""},"yoast_head":"<!-- This site is optimized with the Yoast SEO Premium plugin v27.0 (Yoast SEO v27.0) - https:\/\/yoast.com\/product\/yoast-seo-premium-wordpress\/ -->\n<title>SUSTAINABLE \u200bBUILDING SOLUTIONS - Maccaferri \u010cesk\u00e1 republika<\/title>\n<meta name=\"description\" content=\"0TRVAL\u00c1 STAVEBN\u00cd \u0158E\u0160EN\u00cdPreviousNext Na\u0161e \u0159e\u0161en\u00ed spl\u0148uj\u00ed r\u016fzn\u00e9 technick\u00e9 po\u017eadavky v ob\u010dansk\u00e9 i pr\u016fmyslov\u00e9 v\u00fdstavb\u011b, jako je odvodn\u011bn\u00ed a ochrana proti\" \/>\n<meta name=\"robots\" content=\"index, follow, max-snippet:-1, max-image-preview:large, max-video-preview:-1\" \/>\n<link rel=\"canonical\" href=\"https:\/\/www.maccaferri.com\/cz\/trvala-stavebni-reseni\/\" \/>\n<meta property=\"og:locale\" content=\"cs_CZ\" \/>\n<meta property=\"og:type\" content=\"article\" \/>\n<meta property=\"og:title\" content=\"SUSTAINABLE \u200bBUILDING SOLUTIONS - Maccaferri \u010cesk\u00e1 republika\" \/>\n<meta property=\"og:description\" content=\"0TRVAL\u00c1 STAVEBN\u00cd \u0158E\u0160EN\u00cdPreviousNext Na\u0161e \u0159e\u0161en\u00ed spl\u0148uj\u00ed r\u016fzn\u00e9 technick\u00e9 po\u017eadavky v ob\u010dansk\u00e9 i pr\u016fmyslov\u00e9 v\u00fdstavb\u011b, jako je odvodn\u011bn\u00ed a ochrana proti\" \/>\n<meta property=\"og:url\" content=\"https:\/\/www.maccaferri.com\/cz\/trvala-stavebni-reseni\/\" \/>\n<meta property=\"og:site_name\" content=\"Maccaferri \u010cesk\u00e1 republika\" \/>\n<meta property=\"article:modified_time\" content=\"2025-05-27T09:16:46+00:00\" \/>\n<meta property=\"og:image\" content=\"https:\/\/www.maccaferri.com\/cz\/wp-content\/uploads\/2024\/12\/MECDEF-2.jpg\" \/>\n<meta name=\"twitter:card\" content=\"summary_large_image\" \/>\n<meta name=\"twitter:label1\" content=\"Est. reading time\" \/>\n\t<meta name=\"twitter:data1\" content=\"1 minute\" \/>\n<script type=\"application\/ld+json\" class=\"yoast-schema-graph\">{\"@context\":\"https:\/\/schema.org\",\"@graph\":[{\"@type\":\"WebPage\",\"@id\":\"https:\/\/www.maccaferri.com\/cz\/trvala-stavebni-reseni\/\",\"url\":\"https:\/\/www.maccaferri.com\/cz\/trvala-stavebni-reseni\/\",\"name\":\"SUSTAINABLE \u200bBUILDING SOLUTIONS - Maccaferri \u010cesk\u00e1 republika\",\"isPartOf\":{\"@id\":\"https:\/\/www.maccaferri.com\/cz\/#website\"},\"primaryImageOfPage\":{\"@id\":\"https:\/\/www.maccaferri.com\/cz\/trvala-stavebni-reseni\/#primaryimage\"},\"image\":{\"@id\":\"https:\/\/www.maccaferri.com\/cz\/trvala-stavebni-reseni\/#primaryimage\"},\"thumbnailUrl\":\"https:\/\/www.maccaferri.com\/cz\/wp-content\/uploads\/2024\/12\/MECDEF-2.jpg\",\"datePublished\":\"2024-11-14T16:16:22+00:00\",\"dateModified\":\"2025-05-27T09:16:46+00:00\",\"description\":\"0TRVAL\u00c1 STAVEBN\u00cd \u0158E\u0160EN\u00cdPreviousNext Na\u0161e \u0159e\u0161en\u00ed spl\u0148uj\u00ed r\u016fzn\u00e9 technick\u00e9 po\u017eadavky v ob\u010dansk\u00e9 i pr\u016fmyslov\u00e9 v\u00fdstavb\u011b, jako je odvodn\u011bn\u00ed a ochrana proti\",\"inLanguage\":\"cs-CZ\",\"potentialAction\":[{\"@type\":\"ReadAction\",\"target\":[\"https:\/\/www.maccaferri.com\/cz\/trvala-stavebni-reseni\/\"]}]},{\"@type\":\"ImageObject\",\"inLanguage\":\"cs-CZ\",\"@id\":\"https:\/\/www.maccaferri.com\/cz\/trvala-stavebni-reseni\/#primaryimage\",\"url\":\"https:\/\/www.maccaferri.com\/cz\/wp-content\/uploads\/2024\/12\/MECDEF-2.jpg\",\"contentUrl\":\"https:\/\/www.maccaferri.com\/cz\/wp-content\/uploads\/2024\/12\/MECDEF-2.jpg\",\"width\":1000,\"height\":750},{\"@type\":\"WebSite\",\"@id\":\"https:\/\/www.maccaferri.com\/cz\/#website\",\"url\":\"https:\/\/www.maccaferri.com\/cz\/\",\"name\":\"Maccaferri \u010cesk\u00e1 republika\",\"description\":\"\",\"publisher\":{\"@id\":\"https:\/\/www.maccaferri.com\/cz\/#organization\"},\"potentialAction\":[{\"@type\":\"SearchAction\",\"target\":{\"@type\":\"EntryPoint\",\"urlTemplate\":\"https:\/\/www.maccaferri.com\/cz\/?s={search_term_string}\"},\"query-input\":{\"@type\":\"PropertyValueSpecification\",\"valueRequired\":true,\"valueName\":\"search_term_string\"}}],\"inLanguage\":\"cs-CZ\"},{\"@type\":\"Organization\",\"@id\":\"https:\/\/www.maccaferri.com\/cz\/#organization\",\"name\":\"Maccaferri \u010cesk\u00e1 republika\",\"url\":\"https:\/\/www.maccaferri.com\/cz\/\",\"logo\":{\"@type\":\"ImageObject\",\"inLanguage\":\"cs-CZ\",\"@id\":\"https:\/\/www.maccaferri.com\/cz\/#\/schema\/logo\/image\/\",\"url\":\"https:\/\/www.maccaferri.com\/cz\/wp-content\/uploads\/2022\/07\/logo-maccaferri.png\",\"contentUrl\":\"https:\/\/www.maccaferri.com\/cz\/wp-content\/uploads\/2022\/07\/logo-maccaferri.png\",\"width\":152,\"height\":32,\"caption\":\"Maccaferri \u010cesk\u00e1 republika\"},\"image\":{\"@id\":\"https:\/\/www.maccaferri.com\/cz\/#\/schema\/logo\/image\/\"}}]}<\/script>\n<!-- \/ Yoast SEO Premium plugin. -->","yoast_head_json":{"title":"SUSTAINABLE \u200bBUILDING SOLUTIONS - Maccaferri \u010cesk\u00e1 republika","description":"0TRVAL\u00c1 STAVEBN\u00cd \u0158E\u0160EN\u00cdPreviousNext Na\u0161e \u0159e\u0161en\u00ed spl\u0148uj\u00ed r\u016fzn\u00e9 technick\u00e9 po\u017eadavky v ob\u010dansk\u00e9 i pr\u016fmyslov\u00e9 v\u00fdstavb\u011b, jako je odvodn\u011bn\u00ed a ochrana proti","robots":{"index":"index","follow":"follow","max-snippet":"max-snippet:-1","max-image-preview":"max-image-preview:large","max-video-preview":"max-video-preview:-1"},"canonical":"https:\/\/www.maccaferri.com\/cz\/trvala-stavebni-reseni\/","og_locale":"cs_CZ","og_type":"article","og_title":"SUSTAINABLE \u200bBUILDING SOLUTIONS - Maccaferri \u010cesk\u00e1 republika","og_description":"0TRVAL\u00c1 STAVEBN\u00cd \u0158E\u0160EN\u00cdPreviousNext Na\u0161e \u0159e\u0161en\u00ed spl\u0148uj\u00ed r\u016fzn\u00e9 technick\u00e9 po\u017eadavky v ob\u010dansk\u00e9 i pr\u016fmyslov\u00e9 v\u00fdstavb\u011b, jako je odvodn\u011bn\u00ed a ochrana proti","og_url":"https:\/\/www.maccaferri.com\/cz\/trvala-stavebni-reseni\/","og_site_name":"Maccaferri \u010cesk\u00e1 republika","article_modified_time":"2025-05-27T09:16:46+00:00","og_image":[{"url":"https:\/\/www.maccaferri.com\/cz\/wp-content\/uploads\/2024\/12\/MECDEF-2.jpg","type":"","width":"","height":""}],"twitter_card":"summary_large_image","twitter_misc":{"Est. reading time":"1 minute"},"schema":{"@context":"https:\/\/schema.org","@graph":[{"@type":"WebPage","@id":"https:\/\/www.maccaferri.com\/cz\/trvala-stavebni-reseni\/","url":"https:\/\/www.maccaferri.com\/cz\/trvala-stavebni-reseni\/","name":"SUSTAINABLE \u200bBUILDING SOLUTIONS - Maccaferri \u010cesk\u00e1 republika","isPartOf":{"@id":"https:\/\/www.maccaferri.com\/cz\/#website"},"primaryImageOfPage":{"@id":"https:\/\/www.maccaferri.com\/cz\/trvala-stavebni-reseni\/#primaryimage"},"image":{"@id":"https:\/\/www.maccaferri.com\/cz\/trvala-stavebni-reseni\/#primaryimage"},"thumbnailUrl":"https:\/\/www.maccaferri.com\/cz\/wp-content\/uploads\/2024\/12\/MECDEF-2.jpg","datePublished":"2024-11-14T16:16:22+00:00","dateModified":"2025-05-27T09:16:46+00:00","description":"0TRVAL\u00c1 STAVEBN\u00cd \u0158E\u0160EN\u00cdPreviousNext Na\u0161e \u0159e\u0161en\u00ed spl\u0148uj\u00ed r\u016fzn\u00e9 technick\u00e9 po\u017eadavky v ob\u010dansk\u00e9 i pr\u016fmyslov\u00e9 v\u00fdstavb\u011b, jako je odvodn\u011bn\u00ed a ochrana proti","inLanguage":"cs-CZ","potentialAction":[{"@type":"ReadAction","target":["https:\/\/www.maccaferri.com\/cz\/trvala-stavebni-reseni\/"]}]},{"@type":"ImageObject","inLanguage":"cs-CZ","@id":"https:\/\/www.maccaferri.com\/cz\/trvala-stavebni-reseni\/#primaryimage","url":"https:\/\/www.maccaferri.com\/cz\/wp-content\/uploads\/2024\/12\/MECDEF-2.jpg","contentUrl":"https:\/\/www.maccaferri.com\/cz\/wp-content\/uploads\/2024\/12\/MECDEF-2.jpg","width":1000,"height":750},{"@type":"WebSite","@id":"https:\/\/www.maccaferri.com\/cz\/#website","url":"https:\/\/www.maccaferri.com\/cz\/","name":"Maccaferri \u010cesk\u00e1 republika","description":"","publisher":{"@id":"https:\/\/www.maccaferri.com\/cz\/#organization"},"potentialAction":[{"@type":"SearchAction","target":{"@type":"EntryPoint","urlTemplate":"https:\/\/www.maccaferri.com\/cz\/?s={search_term_string}"},"query-input":{"@type":"PropertyValueSpecification","valueRequired":true,"valueName":"search_term_string"}}],"inLanguage":"cs-CZ"},{"@type":"Organization","@id":"https:\/\/www.maccaferri.com\/cz\/#organization","name":"Maccaferri \u010cesk\u00e1 republika","url":"https:\/\/www.maccaferri.com\/cz\/","logo":{"@type":"ImageObject","inLanguage":"cs-CZ","@id":"https:\/\/www.maccaferri.com\/cz\/#\/schema\/logo\/image\/","url":"https:\/\/www.maccaferri.com\/cz\/wp-content\/uploads\/2022\/07\/logo-maccaferri.png","contentUrl":"https:\/\/www.maccaferri.com\/cz\/wp-content\/uploads\/2022\/07\/logo-maccaferri.png","width":152,"height":32,"caption":"Maccaferri \u010cesk\u00e1 republika"},"image":{"@id":"https:\/\/www.maccaferri.com\/cz\/#\/schema\/logo\/image\/"}}]}},"_links":{"self":[{"href":"https:\/\/www.maccaferri.com\/cz\/wp-json\/wp\/v2\/pages\/82005","targetHints":{"allow":["GET"]}}],"collection":[{"href":"https:\/\/www.maccaferri.com\/cz\/wp-json\/wp\/v2\/pages"}],"about":[{"href":"https:\/\/www.maccaferri.com\/cz\/wp-json\/wp\/v2\/types\/page"}],"author":[{"embeddable":true,"href":"https:\/\/www.maccaferri.com\/cz\/wp-json\/wp\/v2\/users\/6"}],"replies":[{"embeddable":true,"href":"https:\/\/www.maccaferri.com\/cz\/wp-json\/wp\/v2\/comments?post=82005"}],"version-history":[{"count":8,"href":"https:\/\/www.maccaferri.com\/cz\/wp-json\/wp\/v2\/pages\/82005\/revisions"}],"predecessor-version":[{"id":91043,"href":"https:\/\/www.maccaferri.com\/cz\/wp-json\/wp\/v2\/pages\/82005\/revisions\/91043"}],"wp:attachment":[{"href":"https:\/\/www.maccaferri.com\/cz\/wp-json\/wp\/v2\/media?parent=82005"}],"curies":[{"name":"wp","href":"https:\/\/api.w.org\/{rel}","templated":true}]}}