{"id":59932,"date":"2025-05-27T10:10:18","date_gmt":"2025-05-27T08:10:18","guid":{"rendered":"https:\/\/www.maccaferri.com\/cz\/?page_id=59932"},"modified":"2025-05-27T10:10:22","modified_gmt":"2025-05-27T08:10:22","slug":"multicomposite-geosynthetics","status":"publish","type":"page","link":"https:\/\/www.maccaferri.com\/cz\/multicomposite-geosynthetics\/","title":{"rendered":"MULTICOMPOSITE GEOSYNTHETICS"},"content":{"rendered":"<div class=\"wp-block-mac-slider-hero-block hero-slider\"><div id=\"hero78\" class=\"carousel slide\" data-bs-ride=\"true\"><ol class=\"carousel-indicators box-container\"><li data-bs-target=\"#hero78\" data-bs-slide-to=\"0\" class=\"active\"><\/li><\/ol><div class=\"carousel-inner\"><div class=\"carousel-item active\"><div class=\"hero\"><div class=\"gts__picture\"><img decoding=\"async\" src=\"https:\/\/www.maccaferri.com\/wp-content\/uploads\/2023\/08\/tricomp-1-scaled.jpg\" style=\"display:none\"\/><div class=\"gts__picture__image\" style=\"background-image:url(https:\/\/www.maccaferri.com\/wp-content\/uploads\/2023\/08\/tricomp-1-scaled.jpg)\"><\/div><\/div><div class=\"container box-container\"><div class=\"row\"><div class=\"col-12 col-lg-6 col-xl-6 col-xxl-6\"><p><span class=\"hero-index\" style=\"display:none\">0<\/span><\/p><h2 class=\"hero-text-container\"><span class=\"hero-text\">GEOSYNTETICK\u00c9 MULTIKOMPOZITY<\/span><\/h2><a class=\"hero-buttonurl\" href=\"#download\"><span class=\"hero-buttontext\">Oblast ke sta\u017een\u00ed zde<\/span><\/a><\/div><\/div><\/div><\/div><\/div><\/div><button class=\"carousel-control-prev\" href=\"#hero78\" type=\"button\" data-bs-slide=\"prev\"><span class=\"carousel-control-prev-icon\" aria-hidden=\"true\"><\/span><span class=\"visually-hidden\">Previous<\/span><\/button><button class=\"carousel-control-next\" href=\"#hero78\" type=\"button\" data-bs-slide=\"next\"><span class=\"carousel-control-next-icon\" aria-hidden=\"true\"><\/span><span class=\"visually-hidden\">Next<\/span><\/button><\/div><\/div><div style=\"height:100px\" aria-hidden=\"true\" class=\"wp-block-spacer\"><\/div><div class=\"wp-block-mac-container-block box-container\"><div class=\"wp-block-columns is-layout-flex wp-container-core-columns-is-layout-9d6595d7 wp-block-columns-is-layout-flex\"><div class=\"wp-block-column is-layout-flow wp-block-column-is-layout-flow\"><p class=\"has-large-font-size\"><strong>ODEMKN\u011aTE SV\u011aT MO\u017dNOST\u00cd<\/strong><\/p>\n\n<div style=\"height:50px\" aria-hidden=\"true\" class=\"wp-block-spacer\"><\/div>\n\n<p>Objevte inovativn\u00ed potenci\u00e1l multikompozitn\u00edch geosyntetik spole\u010dnosti Maccaferri, kter\u00e9 p\u0159etv\u00e1\u0159ej\u00ed krajinu geosyntetik t\u00edm, \u017ee poskytuj\u00ed v\u0161estrann\u00e9 \u0159e\u0161en\u00ed, kter\u00e9 slou\u017e\u00ed r\u016fzn\u00fdm funkc\u00edm. Pono\u0159te se do transformativn\u00ed budoucnosti geosyntetik s Multigeocompozity, kter\u00e9 zlep\u0161uj\u00ed v\u00fdkon, p\u0159esnost a n\u00e1kladovou efektivitu pro v\u00fdjime\u010dn\u00e9 v\u00fdsledky projekt\u016f a zjednodu\u0161en\u00e9 pracovn\u00ed postupy.<\/p>\n\n<div style=\"height:70px\" aria-hidden=\"true\" class=\"wp-block-spacer\"><\/div>\n\n<figure class=\"wp-block-image size-large is-style-default\"><img decoding=\"async\" src=\"https:\/\/www.maccaferri.com\/wp-content\/uploads\/2023\/08\/FIRMA-GSY1-1024x438.png\" alt=\"\" class=\"wp-image-53682\"\/><\/figure><\/div><\/div><\/div><div style=\"height:75px\" aria-hidden=\"true\" class=\"wp-block-spacer\"><\/div><div class=\"wp-block-mac-container-block box-container\"><div class=\"wp-block-columns is-layout-flex wp-container-core-columns-is-layout-9d6595d7 wp-block-columns-is-layout-flex\"><div class=\"wp-block-column is-layout-flow wp-block-column-is-layout-flow\"><p style=\"font-size:30px\"><strong>KONTROLA EROZE<\/strong><\/p>\n\n<p>Kombinov\u00e1n\u00ed r\u016fzn\u00fdch geosyntetick\u00fdch prvk\u016f v na\u0161em multikompozitu \u00fa\u010dinn\u011b zm\u00edr\u0148uje erozi, stabilizuje ter\u00e9n na svaz\u00edch a b\u0159ez\u00edch \u0159ek.<\/p><\/div>\n\n<div class=\"wp-block-column is-layout-flow wp-block-column-is-layout-flow\"><p style=\"font-size:30px\"><strong>ZPEVN\u011aN\u00cd<\/strong><\/p>\n\n<p>Multikompozit, kter\u00fd integruje r\u016fzn\u00e9 geosyntetick\u00e9 materi\u00e1ly, zpev\u0148uje pevnost p\u016fdy, co\u017e umo\u017e\u0148uje v\u00fdstavbu odoln\u00fdch silnic a op\u011brn\u00fdch zd\u00ed na n\u00e1ro\u010dn\u00fdch ter\u00e9nech.<\/p><\/div><\/div><\/div><div style=\"height:70px\" aria-hidden=\"true\" class=\"wp-block-spacer\"><\/div><div class=\"wp-block-mac-container-block box-container\"><div class=\"wp-block-columns is-layout-flex wp-container-core-columns-is-layout-9d6595d7 wp-block-columns-is-layout-flex\"><div class=\"wp-block-column is-layout-flow wp-block-column-is-layout-flow\"><p style=\"font-size:30px\"><strong>FILTRACE<\/strong><\/p>\n\n<p>N\u00e1\u0161 v\u0161estrann\u00fd geosyntetick\u00fd multikompozit funguje jako vynikaj\u00edc\u00ed filtra\u010dn\u00ed syst\u00e9m, kter\u00fd umo\u017e\u0148uje pr\u016ftok vody a z\u00e1rove\u0148 zadr\u017euje \u010d\u00e1stice p\u016fdy pro optim\u00e1ln\u00ed odvodn\u011bn\u00ed a kvalitu vody.<\/p><\/div>\n\n<div class=\"wp-block-column is-layout-flow wp-block-column-is-layout-flow\"><p style=\"font-size:30px\"><strong>ODVODN\u011aN\u00cd<\/strong><\/p>\n\n<p>Na\u0161e \u0159e\u0161en\u00ed multikompozit\u016f, kter\u00e9 zahrnuje r\u016fzn\u00e9 geosyntetick\u00e9 komponenty, vynik\u00e1 v shroma\u017e\u010fov\u00e1n\u00ed a sm\u011brov\u00e1n\u00ed vody z kritick\u00fdch oblast\u00ed, \u010d\u00edm\u017e zaji\u0161\u0165uje efektivn\u00ed odvodn\u011bn\u00ed.<\/p><\/div><\/div><\/div><div style=\"height:70px\" aria-hidden=\"true\" class=\"wp-block-spacer\"><\/div><div class=\"wp-block-mac-container-block box-container\"><div class=\"wp-block-columns is-layout-flex wp-container-core-columns-is-layout-9d6595d7 wp-block-columns-is-layout-flex\"><div class=\"wp-block-column is-layout-flow wp-block-column-is-layout-flow\"><p style=\"font-size:30px\"><strong>BARI\u00c9RA<\/strong><\/p>\n\n<p>Multikompozit, kter\u00fd se skl\u00e1d\u00e1 z r\u016fzn\u00fdch geosyntetik, vytv\u00e1\u0159\u00ed nepropustnou bari\u00e9ru, kter\u00e1 \u00fa\u010dinn\u011b zadr\u017euje kontaminanty a chr\u00e1n\u00ed environment\u00e1ln\u00ed integritu.<\/p><\/div>\n\n<div class=\"wp-block-column is-layout-flow wp-block-column-is-layout-flow\"><p style=\"font-size:30px\"><strong>OCHRANA<\/strong><\/p>\n\n<p>S kombinac\u00ed geosyntetick\u00fdch materi\u00e1l\u016f n\u00e1\u0161 multikompozit poskytuje silnou ochranu, chr\u00e1n\u00ed d\u016fle\u017eit\u00e9 struktury p\u0159ed prop\u00edchnut\u00edm, UV po\u0161kozen\u00edm a fyzick\u00fdm opot\u0159eben\u00edm.<\/p><\/div><\/div><\/div><div style=\"height:70px\" aria-hidden=\"true\" class=\"wp-block-spacer\"><\/div><div class=\"wp-block-mac-container-block box-container\"><div class=\"wp-block-columns is-layout-flex wp-container-core-columns-is-layout-9d6595d7 wp-block-columns-is-layout-flex\"><div class=\"wp-block-column is-layout-flow wp-block-column-is-layout-flow\"><p style=\"font-size:30px\"><strong>ODD\u011aLEN\u00cd<\/strong><\/p>\n\n<p>N\u00e1\u0161 inovativn\u00ed multikompozit, kter\u00fd vyu\u017e\u00edv\u00e1 sm\u011bs geosyntetik, udr\u017euje jasn\u00e9 odd\u011blen\u00ed mezi r\u016fzn\u00fdmi vrstvami p\u016fdy a zachov\u00e1v\u00e1 jejich specifick\u00e9 vlastnosti v stavebn\u00edch projektech.<\/p><\/div>\n\n<div class=\"wp-block-column is-layout-flow wp-block-column-is-layout-flow\"><p style=\"font-size:30px\"><strong>\u2026 NEKONE\u010cN\u00c9 MO\u017dNOSTI<\/strong><\/p><\/div><\/div><\/div><div style=\"height:70px\" aria-hidden=\"true\" class=\"wp-block-spacer\"><\/div><div class=\"wp-block-mac-h2-title-block block-txt-container box-container\"><div class=\"row\"><div class=\"col title-box-txt\"><h2 style=\"color:#212429;text-align:none\">P\u0159\u00edb\u011bh \u00fasp\u011bchu: Cava D\u00e8 Tirreni<\/h2><\/div><\/div><\/div><div class=\"wp-block-mac-container-block box-container\"><div class=\"wp-block-columns is-layout-flex wp-container-core-columns-is-layout-9d6595d7 wp-block-columns-is-layout-flex\"><div class=\"wp-block-column is-layout-flow wp-block-column-is-layout-flow\"><figure class=\"wp-block-video\"><video height=\"826\" style=\"aspect-ratio: 1200 \/ 826;\" width=\"1200\" controls poster=\"https:\/\/www.maccaferri.com\/cz\/wp-content\/uploads\/2024\/10\/immagine-2.png\" src=\"https:\/\/www.maccaferri.com\/wp-content\/uploads\/2023\/08\/643e1591-b2ea-4ed8-8fec-7ac0e41e26c6-1.mp4\"><\/video><\/figure><\/div><\/div><\/div><div style=\"height:50px\" aria-hidden=\"true\" class=\"wp-block-spacer\"><\/div><div class=\"wp-block-mac-container-block box-container\"><div class=\"wp-block-columns is-layout-flex wp-container-core-columns-is-layout-9d6595d7 wp-block-columns-is-layout-flex\"><div class=\"wp-block-column is-layout-flow wp-block-column-is-layout-flow\"><div class=\"wp-block-mac-container-block box-container\"><div class=\"wp-block-columns is-layout-flex wp-container-core-columns-is-layout-9d6595d7 wp-block-columns-is-layout-flex\"><div class=\"wp-block-column is-layout-flow wp-block-column-is-layout-flow\"><div class=\"wp-block-mac-h2-title-block block-txt-container box-container\"><div class=\"row\"><div class=\"col title-box-txt\"><h2 style=\"color:#212429;text-align:center\">Dedicated webinar<\/h2><\/div><\/div><\/div>\n\n<p class=\"has-text-align-center\" style=\"font-size:15px\"><strong>Evoluce geosyntetik: od po\u010d\u00e1tk\u016f a\u017e po modern\u00ed pokro\u010dil\u00e1 \u0159e\u0161en\u00ed<\/strong><\/p>\n\n<p class=\"has-text-align-center\" style=\"font-size:15px\">V\u00edce ne\u017e 100 let spolupracujeme s klienty na v\u00fdvoji in\u017een\u00fdrsk\u00fdch \u0159e\u0161en\u00ed, kter\u00e1 zahrnuj\u00ed p\u0159\u00edrodu a mohou uspokojit pot\u0159eby sou\u010dasnosti, zat\u00edmco anticipuj\u00ed pot\u0159eby budoucnosti.<\/p>\n\n<div class=\"wp-block-buttons is-content-justification-center is-layout-flex wp-container-core-buttons-is-layout-16018d1d wp-block-buttons-is-layout-flex\"><div class=\"wp-block-button\"><a class=\"wp-block-button__link wp-element-button\" href=\"https:\/\/www.maccaferri.com\/cz\/webinar\/geosynthetic-revolution\/\">odkaz zde<\/a><\/div><\/div><\/div>\n\n<div class=\"wp-block-column is-layout-flow wp-block-column-is-layout-flow\"><div style=\"height:50px\" aria-hidden=\"true\" class=\"wp-block-spacer\"><\/div>\n\n<figure class=\"wp-block-image aligncenter size-large\"><img decoding=\"async\" src=\"https:\/\/www.maccaferri.com\/wp-content\/uploads\/2023\/08\/vlcsnap-2023-08-21-15h34m18s395-1-1-1024x576.png\" alt=\"\" class=\"wp-image-54069\"\/><\/figure><\/div><\/div><\/div><\/div><\/div><\/div><div style=\"height:50px\" aria-hidden=\"true\" class=\"wp-block-spacer\"><\/div><div class=\"wp-block-mac-h2-title-block block-txt-container box-container download\"><div class=\"row\"><div class=\"col title-box-txt\"><h2 style=\"color:#212429;text-align:none\">Speci\u00e1ln\u00ed webin\u00e1\u0159<\/h2><\/div><\/div><\/div><div class=\"wp-block-mac-container-block box-container\"><div class=\"wp-block-columns is-layout-flex wp-container-core-columns-is-layout-9d6595d7 wp-block-columns-is-layout-flex\"><div class=\"wp-block-column is-layout-flow wp-block-column-is-layout-flow\"><p class=\"has-medium-font-size\" id=\"download\">Vypl\u0148te formul\u00e1\u0159 n\u00ed\u017ee, abyste z\u00edskali p\u0159\u00edstup k na\u0161im exkluzivn\u00edm materi\u00e1l\u016fm o multikompozitn\u00edch geosyntetik\u00e1ch.<\/p><\/div><\/div><\/div><div class=\"wp-block-mac-container-block box-container\"><div class=\"wp-block-columns is-layout-flex wp-container-core-columns-is-layout-9d6595d7 wp-block-columns-is-layout-flex\"><div class=\"wp-block-column is-layout-flow wp-block-column-is-layout-flow\"><iframe src=\"https:\/\/www2.maccaferri.com\/l\/965143\/2025-05-15\/5ttsr5\" width=\"100%\" height=\"800\" type=\"text\/html\" frameborder=\"0\" allowtransparency=\"true\" style=\"border: 0\" data-cookieconsent=\"ignore\"><\/iframe><\/div><\/div><\/div><div style=\"height:100px\" aria-hidden=\"true\" class=\"wp-block-spacer\"><\/div><p><\/p>","protected":false},"excerpt":{"rendered":"","protected":false},"author":21,"featured_media":0,"parent":0,"menu_order":0,"comment_status":"closed","ping_status":"closed","template":"","meta":{"_acf_changed":false,"_joinchat":[],"footnotes":""},"class_list":["post-59932","page","type-page","status-publish","hentry"],"acf":{"uuid_products":"","product-documents":""},"yoast_head":"<!-- This site is optimized with the Yoast SEO Premium plugin v27.0 (Yoast SEO v27.0) - https:\/\/yoast.com\/product\/yoast-seo-premium-wordpress\/ -->\n<title>MULTICOMPOSITE GEOSYNTHETICS - Maccaferri \u010cesk\u00e1 republika<\/title>\n<meta name=\"description\" content=\"0GEOSYNTETICK\u00c9 MULTIKOMPOZITYOblast ke sta\u017een\u00ed zdePreviousNext ODEMKN\u011aTE SV\u011aT MO\u017dNOST\u00cd Objevte inovativn\u00ed potenci\u00e1l multikompozitn\u00edch geosyntetik\" \/>\n<meta name=\"robots\" content=\"index, follow, max-snippet:-1, max-image-preview:large, max-video-preview:-1\" \/>\n<link rel=\"canonical\" href=\"https:\/\/www.maccaferri.com\/cz\/multicomposite-geosynthetics\/\" \/>\n<meta property=\"og:locale\" content=\"cs_CZ\" \/>\n<meta property=\"og:type\" content=\"article\" \/>\n<meta property=\"og:title\" content=\"MULTICOMPOSITE GEOSYNTHETICS - Maccaferri \u010cesk\u00e1 republika\" \/>\n<meta property=\"og:description\" content=\"0GEOSYNTETICK\u00c9 MULTIKOMPOZITYOblast ke sta\u017een\u00ed zdePreviousNext ODEMKN\u011aTE SV\u011aT MO\u017dNOST\u00cd Objevte inovativn\u00ed potenci\u00e1l multikompozitn\u00edch geosyntetik\" \/>\n<meta property=\"og:url\" content=\"https:\/\/www.maccaferri.com\/cz\/multicomposite-geosynthetics\/\" \/>\n<meta property=\"og:site_name\" content=\"Maccaferri \u010cesk\u00e1 republika\" \/>\n<meta property=\"article:modified_time\" content=\"2025-05-27T08:10:22+00:00\" \/>\n<meta property=\"og:image\" content=\"https:\/\/www.maccaferri.com\/wp-content\/uploads\/2023\/08\/tricomp-1-scaled.jpg\" \/>\n<meta name=\"twitter:card\" content=\"summary_large_image\" \/>\n<meta name=\"twitter:label1\" content=\"Est. reading time\" \/>\n\t<meta name=\"twitter:data1\" content=\"2 minutes\" \/>\n<script type=\"application\/ld+json\" class=\"yoast-schema-graph\">{\"@context\":\"https:\/\/schema.org\",\"@graph\":[{\"@type\":\"WebPage\",\"@id\":\"https:\/\/www.maccaferri.com\/cz\/multicomposite-geosynthetics\/\",\"url\":\"https:\/\/www.maccaferri.com\/cz\/multicomposite-geosynthetics\/\",\"name\":\"MULTICOMPOSITE GEOSYNTHETICS - Maccaferri \u010cesk\u00e1 republika\",\"isPartOf\":{\"@id\":\"https:\/\/www.maccaferri.com\/cz\/#website\"},\"primaryImageOfPage\":{\"@id\":\"https:\/\/www.maccaferri.com\/cz\/multicomposite-geosynthetics\/#primaryimage\"},\"image\":{\"@id\":\"https:\/\/www.maccaferri.com\/cz\/multicomposite-geosynthetics\/#primaryimage\"},\"thumbnailUrl\":\"https:\/\/www.maccaferri.com\/wp-content\/uploads\/2023\/08\/tricomp-1-scaled.jpg\",\"datePublished\":\"2025-05-27T08:10:18+00:00\",\"dateModified\":\"2025-05-27T08:10:22+00:00\",\"description\":\"0GEOSYNTETICK\u00c9 MULTIKOMPOZITYOblast ke sta\u017een\u00ed zdePreviousNext ODEMKN\u011aTE SV\u011aT MO\u017dNOST\u00cd Objevte inovativn\u00ed potenci\u00e1l multikompozitn\u00edch geosyntetik\",\"inLanguage\":\"cs-CZ\",\"potentialAction\":[{\"@type\":\"ReadAction\",\"target\":[\"https:\/\/www.maccaferri.com\/cz\/multicomposite-geosynthetics\/\"]}]},{\"@type\":\"ImageObject\",\"inLanguage\":\"cs-CZ\",\"@id\":\"https:\/\/www.maccaferri.com\/cz\/multicomposite-geosynthetics\/#primaryimage\",\"url\":\"https:\/\/www.maccaferri.com\/wp-content\/uploads\/2023\/08\/tricomp-1-scaled.jpg\",\"contentUrl\":\"https:\/\/www.maccaferri.com\/wp-content\/uploads\/2023\/08\/tricomp-1-scaled.jpg\"},{\"@type\":\"WebSite\",\"@id\":\"https:\/\/www.maccaferri.com\/cz\/#website\",\"url\":\"https:\/\/www.maccaferri.com\/cz\/\",\"name\":\"Maccaferri \u010cesk\u00e1 republika\",\"description\":\"\",\"publisher\":{\"@id\":\"https:\/\/www.maccaferri.com\/cz\/#organization\"},\"potentialAction\":[{\"@type\":\"SearchAction\",\"target\":{\"@type\":\"EntryPoint\",\"urlTemplate\":\"https:\/\/www.maccaferri.com\/cz\/?s={search_term_string}\"},\"query-input\":{\"@type\":\"PropertyValueSpecification\",\"valueRequired\":true,\"valueName\":\"search_term_string\"}}],\"inLanguage\":\"cs-CZ\"},{\"@type\":\"Organization\",\"@id\":\"https:\/\/www.maccaferri.com\/cz\/#organization\",\"name\":\"Maccaferri \u010cesk\u00e1 republika\",\"url\":\"https:\/\/www.maccaferri.com\/cz\/\",\"logo\":{\"@type\":\"ImageObject\",\"inLanguage\":\"cs-CZ\",\"@id\":\"https:\/\/www.maccaferri.com\/cz\/#\/schema\/logo\/image\/\",\"url\":\"https:\/\/www.maccaferri.com\/cz\/wp-content\/uploads\/2022\/07\/logo-maccaferri.png\",\"contentUrl\":\"https:\/\/www.maccaferri.com\/cz\/wp-content\/uploads\/2022\/07\/logo-maccaferri.png\",\"width\":152,\"height\":32,\"caption\":\"Maccaferri \u010cesk\u00e1 republika\"},\"image\":{\"@id\":\"https:\/\/www.maccaferri.com\/cz\/#\/schema\/logo\/image\/\"}}]}<\/script>\n<!-- \/ Yoast SEO Premium plugin. -->","yoast_head_json":{"title":"MULTICOMPOSITE GEOSYNTHETICS - Maccaferri \u010cesk\u00e1 republika","description":"0GEOSYNTETICK\u00c9 MULTIKOMPOZITYOblast ke sta\u017een\u00ed zdePreviousNext ODEMKN\u011aTE SV\u011aT MO\u017dNOST\u00cd Objevte inovativn\u00ed potenci\u00e1l multikompozitn\u00edch geosyntetik","robots":{"index":"index","follow":"follow","max-snippet":"max-snippet:-1","max-image-preview":"max-image-preview:large","max-video-preview":"max-video-preview:-1"},"canonical":"https:\/\/www.maccaferri.com\/cz\/multicomposite-geosynthetics\/","og_locale":"cs_CZ","og_type":"article","og_title":"MULTICOMPOSITE GEOSYNTHETICS - Maccaferri \u010cesk\u00e1 republika","og_description":"0GEOSYNTETICK\u00c9 MULTIKOMPOZITYOblast ke sta\u017een\u00ed zdePreviousNext ODEMKN\u011aTE SV\u011aT MO\u017dNOST\u00cd Objevte inovativn\u00ed potenci\u00e1l multikompozitn\u00edch geosyntetik","og_url":"https:\/\/www.maccaferri.com\/cz\/multicomposite-geosynthetics\/","og_site_name":"Maccaferri \u010cesk\u00e1 republika","article_modified_time":"2025-05-27T08:10:22+00:00","og_image":[{"url":"https:\/\/www.maccaferri.com\/wp-content\/uploads\/2023\/08\/tricomp-1-scaled.jpg","type":"","width":"","height":""}],"twitter_card":"summary_large_image","twitter_misc":{"Est. reading time":"2 minutes"},"schema":{"@context":"https:\/\/schema.org","@graph":[{"@type":"WebPage","@id":"https:\/\/www.maccaferri.com\/cz\/multicomposite-geosynthetics\/","url":"https:\/\/www.maccaferri.com\/cz\/multicomposite-geosynthetics\/","name":"MULTICOMPOSITE GEOSYNTHETICS - Maccaferri \u010cesk\u00e1 republika","isPartOf":{"@id":"https:\/\/www.maccaferri.com\/cz\/#website"},"primaryImageOfPage":{"@id":"https:\/\/www.maccaferri.com\/cz\/multicomposite-geosynthetics\/#primaryimage"},"image":{"@id":"https:\/\/www.maccaferri.com\/cz\/multicomposite-geosynthetics\/#primaryimage"},"thumbnailUrl":"https:\/\/www.maccaferri.com\/wp-content\/uploads\/2023\/08\/tricomp-1-scaled.jpg","datePublished":"2025-05-27T08:10:18+00:00","dateModified":"2025-05-27T08:10:22+00:00","description":"0GEOSYNTETICK\u00c9 MULTIKOMPOZITYOblast ke sta\u017een\u00ed zdePreviousNext ODEMKN\u011aTE SV\u011aT MO\u017dNOST\u00cd Objevte inovativn\u00ed potenci\u00e1l multikompozitn\u00edch geosyntetik","inLanguage":"cs-CZ","potentialAction":[{"@type":"ReadAction","target":["https:\/\/www.maccaferri.com\/cz\/multicomposite-geosynthetics\/"]}]},{"@type":"ImageObject","inLanguage":"cs-CZ","@id":"https:\/\/www.maccaferri.com\/cz\/multicomposite-geosynthetics\/#primaryimage","url":"https:\/\/www.maccaferri.com\/wp-content\/uploads\/2023\/08\/tricomp-1-scaled.jpg","contentUrl":"https:\/\/www.maccaferri.com\/wp-content\/uploads\/2023\/08\/tricomp-1-scaled.jpg"},{"@type":"WebSite","@id":"https:\/\/www.maccaferri.com\/cz\/#website","url":"https:\/\/www.maccaferri.com\/cz\/","name":"Maccaferri \u010cesk\u00e1 republika","description":"","publisher":{"@id":"https:\/\/www.maccaferri.com\/cz\/#organization"},"potentialAction":[{"@type":"SearchAction","target":{"@type":"EntryPoint","urlTemplate":"https:\/\/www.maccaferri.com\/cz\/?s={search_term_string}"},"query-input":{"@type":"PropertyValueSpecification","valueRequired":true,"valueName":"search_term_string"}}],"inLanguage":"cs-CZ"},{"@type":"Organization","@id":"https:\/\/www.maccaferri.com\/cz\/#organization","name":"Maccaferri \u010cesk\u00e1 republika","url":"https:\/\/www.maccaferri.com\/cz\/","logo":{"@type":"ImageObject","inLanguage":"cs-CZ","@id":"https:\/\/www.maccaferri.com\/cz\/#\/schema\/logo\/image\/","url":"https:\/\/www.maccaferri.com\/cz\/wp-content\/uploads\/2022\/07\/logo-maccaferri.png","contentUrl":"https:\/\/www.maccaferri.com\/cz\/wp-content\/uploads\/2022\/07\/logo-maccaferri.png","width":152,"height":32,"caption":"Maccaferri \u010cesk\u00e1 republika"},"image":{"@id":"https:\/\/www.maccaferri.com\/cz\/#\/schema\/logo\/image\/"}}]}},"_links":{"self":[{"href":"https:\/\/www.maccaferri.com\/cz\/wp-json\/wp\/v2\/pages\/59932","targetHints":{"allow":["GET"]}}],"collection":[{"href":"https:\/\/www.maccaferri.com\/cz\/wp-json\/wp\/v2\/pages"}],"about":[{"href":"https:\/\/www.maccaferri.com\/cz\/wp-json\/wp\/v2\/types\/page"}],"author":[{"embeddable":true,"href":"https:\/\/www.maccaferri.com\/cz\/wp-json\/wp\/v2\/users\/21"}],"replies":[{"embeddable":true,"href":"https:\/\/www.maccaferri.com\/cz\/wp-json\/wp\/v2\/comments?post=59932"}],"version-history":[{"count":3,"href":"https:\/\/www.maccaferri.com\/cz\/wp-json\/wp\/v2\/pages\/59932\/revisions"}],"predecessor-version":[{"id":90996,"href":"https:\/\/www.maccaferri.com\/cz\/wp-json\/wp\/v2\/pages\/59932\/revisions\/90996"}],"wp:attachment":[{"href":"https:\/\/www.maccaferri.com\/cz\/wp-json\/wp\/v2\/media?parent=59932"}],"curies":[{"name":"wp","href":"https:\/\/api.w.org\/{rel}","templated":true}]}}