{"id":3514,"date":"2022-12-14T12:27:40","date_gmt":"2022-12-14T11:27:40","guid":{"rendered":"https:\/\/www.maccaferri.com\/cz\/?page_id=3514"},"modified":"2025-12-16T10:52:34","modified_gmt":"2025-12-16T09:52:34","slug":"maccaferri-softwarova-sada","status":"publish","type":"page","link":"https:\/\/www.maccaferri.com\/cz\/maccaferri-softwarova-sada\/","title":{"rendered":"Maccaferri Softwarov\u00e1 sada"},"content":{"rendered":"<div class=\"wp-block-mac-h1-title-hero-block container-fluid block-txt-container\" style=\"background:linear-gradient(180deg,rgb(1,94,111) 0%,rgb(0,72,87) 100%)\"><div class=\"row\"><div class=\"col\"><div class=\"gts__picture\"><img decoding=\"async\" src=\"https:\/\/www.maccaferri.com\/cz\/wp-content\/uploads\/2023\/07\/software-1-1.png\" style=\"display:none\"\/><div class=\"gts__picture__image\" style=\"background-image:url(https:\/\/www.maccaferri.com\/cz\/wp-content\/uploads\/2023\/07\/software-1-1.png)\"><\/div><\/div><div class=\"container box-container\"><div class=\"row\"><div class=\"col title-box-txt\"><h1 class=\"wp-block-mac-h1-title-hero-block\" style=\"color:#ffffff;text-align:none\">Maccaferri Softwarov\u00e1 sada<\/h1><\/div><\/div><\/div><\/div><\/div><\/div><div style=\"height:100px\" aria-hidden=\"true\" class=\"wp-block-spacer\"><\/div><div class=\"wp-block-columns is-layout-flex wp-container-core-columns-is-layout-9d6595d7 wp-block-columns-is-layout-flex\"><div class=\"wp-block-column is-layout-flow wp-block-column-is-layout-flow\"><div class=\"wp-block-mac-container-block box-container\"><div class=\"wp-block-columns is-layout-flex wp-container-core-columns-is-layout-9d6595d7 wp-block-columns-is-layout-flex\"><div class=\"wp-block-column is-layout-flow wp-block-column-is-layout-flow\"><div class=\"wp-block-mac-h5-txt-paragraph-block block-txt-container box-container\"><div class=\"row\"><div class=\"col paragraph-box-txt\"><h5 class=\"wp-block-mac-h5-txt-paragraph-block\" style=\"color:#212429;text-align:left\">Na\u0161e celosv\u011btov\u011b uzn\u00e1van\u00e1 a u\u017eivatelsky p\u0159\u00edv\u011btiv\u00e1 sada softwaru, vyvinut\u00e1 ve spolupr\u00e1ci s pedn\u00edmi instituty a univerzitami, umo\u017e\u0148uje in\u017een\u00fdr\u016fm navrhovat a dod\u00e1vat efektivn\u00ed a spolehliv\u00e1 stavebn\u00ed \u0159e\u0161en\u00ed.<br>Na\u0161e freewarov\u00e1 softwarov\u00e1 \u0159e\u0161en\u00ed, zalo\u017een\u00e1 na experiment\u00e1ln\u00edch datech z\u00edskan\u00fdch b\u011bhem desetilet\u00ed zku\u0161enost\u00ed v ter\u00e9nu a n\u00e1ro\u010dn\u00fdch testovac\u00edch kampan\u00edch, vyhovuj\u00ed po\u017eadavk\u016fm stavebn\u00edch a geotechnick\u00fdch in\u017een\u00fdr\u016f po cel\u00e9m sv\u011bt\u011b a z\u00e1rove\u0148 nab\u00edzej\u00ed dal\u0161\u00ed v\u00fdhody v podob\u011b n\u00e1kladov\u00e9 efektivity a lep\u0161\u00ed realizovatelnosti staveb.<br><br>Kontaktujte n\u00e1s a nechte se pro\u0161kolit o na\u0161ich softwarov\u00fdch \u0159e\u0161en\u00edch a za\u010dn\u011bte navrhovat \u0161pi\u010dkov\u00e1 a n\u00e1ro\u010dn\u00e1 technick\u00e1 \u0159e\u0161en\u00ed v nejr\u016fzn\u011bj\u0161\u00edch podm\u00ednk\u00e1ch.<\/h5><\/div><\/div><\/div><\/div><\/div><\/div><\/div><\/div><div class=\"wp-block-mac-container-block box-container\"><div class=\"wp-block-columns is-layout-flex wp-container-core-columns-is-layout-9d6595d7 wp-block-columns-is-layout-flex\"><div class=\"wp-block-column is-layout-flow wp-block-column-is-layout-flow\"><figure class=\"wp-block-image size-full\"><img fetchpriority=\"high\" decoding=\"async\" width=\"430\" height=\"330\" src=\"https:\/\/www.maccaferri.com\/cz\/wp-content\/uploads\/sites\/24\/2022\/12\/maccaferri-software.png\" alt=\"\" class=\"wp-image-3075\" srcset=\"https:\/\/www.maccaferri.com\/cz\/wp-content\/uploads\/2022\/12\/maccaferri-software.png 430w, https:\/\/www.maccaferri.com\/cz\/wp-content\/uploads\/2022\/12\/maccaferri-software-300x230.png 300w\" sizes=\"(max-width: 430px) 100vw, 430px\" \/><\/figure><\/div>\n\n<div class=\"wp-block-column is-layout-flow wp-block-column-is-layout-flow\"><div style=\"height:50px\" aria-hidden=\"true\" class=\"wp-block-spacer\"><\/div>\n\n<div class=\"wp-block-mac-h2-title-bold-block block-txt-container box-container\"><div class=\"row\"><div class=\"col title-box-txt\"><h2 style=\"color:#004857;text-align:center\">Online Software<\/h2><\/div><\/div><\/div>\n\n<p class=\"has-text-align-left has-medium-font-size\">Nav\u0161tivte softwarovou platformu Maccaferri eDesign. Navrhujte online odkudkoli. Nen\u00ed t\u0159eba nic stahovat.<\/p>\n\n<ul style=\"font-size:19px\" class=\"wp-block-list\"><li><strong>Mac S-Design<\/strong>: zajist\u011bte si bezpe\u010dn\u011bj\u0161\u00ed svah<\/li>\n\n<li><strong>MacTube Design<\/strong>: chr\u00e1nit sv\u00e9 pob\u0159e\u017e\u00ed<\/li>\n\n<li><strong>MacBars Design<\/strong>: Stabilizujte svou hr\u00e1z<\/li>\n\n<li><strong>MACRA Design<\/strong>: projektov\u00e1n\u00ed \u0159\u00ed\u010dn\u00edch vodn\u00edch d\u011bl<\/li>\n\n<li><strong>REQUALIFE<\/strong>: navrhov\u00e1n\u00ed vodn\u00edch tok\u016f pro udr\u017eitelnou budoucnost<\/li>\n\n<li><strong>ECoMac Design<\/strong>: zabra\u0148te erozi p\u016fdy<\/li>\n\n<li><strong>MacQuay Design<\/strong>: chra\u0148te svou kotvi\u0161t\u011b<\/li>\n\n<li><strong>MacRo Design<\/strong>: Sisteme de acoperire pentru pere\u021bi st\u00e2nco\u0219i<\/li>\n\n<li><strong>GROUNDMAC<\/strong>: Zlep\u0161ete svou p\u016fdu<\/li><\/ul>\n\n<div class=\"wp-block-buttons is-content-justification-center is-layout-flex wp-container-core-buttons-is-layout-16018d1d wp-block-buttons-is-layout-flex\"><div class=\"wp-block-button\"><a class=\"wp-block-button__link wp-element-button\" href=\"https:\/\/edesign.maccaferri.com\/\">P\u0159ejd\u011bte na platformu<\/a><\/div><\/div><\/div><\/div><\/div><div style=\"height:150px\" aria-hidden=\"true\" class=\"wp-block-spacer\"><\/div><div class=\"wp-block-mac-container-block box-container\"><div class=\"wp-block-columns is-layout-flex wp-container-core-columns-is-layout-9d6595d7 wp-block-columns-is-layout-flex\"><div class=\"wp-block-column is-layout-flow wp-block-column-is-layout-flow\"><div class=\"wp-block-mac-h2-title-bold-block block-txt-container box-container\"><div class=\"row\"><div class=\"col title-box-txt\"><h2 style=\"color:#004857;text-align:left\">Software pro navrhov\u00e1n\u00ed ke sta\u017een\u00ed<\/h2><\/div><\/div><\/div>\n\n<p class=\"has-text-align-left has-medium-font-size\">Objevte n\u00e1\u0161 n\u00e1vrhov\u00fd software ke sta\u017een\u00ed:<\/p>\n\n<ul style=\"font-size:19px\" class=\"wp-block-list\"><li><strong>MACFLOW Studio<\/strong>: navrhov\u00e1n\u00ed \u00fa\u010dinn\u00fdch \u0159e\u0161en\u00ed odvodn\u011bn\u00ed<\/li>\n\n<li><strong>MacStars 4.0<\/strong>: N\u00e1vrh zes\u00edlen\u00fdch svah\u016f p\u016fdy, zd\u00ed a slo\u017eit\u00fdch hybridn\u00edch struktur<\/li>\n\n<li><strong>GAWAC<\/strong>: Projekt gabionov\u00e9 op\u011brn\u00e9 zdi<\/li><\/ul>\n\n<div class=\"wp-block-buttons is-layout-flex wp-block-buttons-is-layout-flex\"><div class=\"wp-block-button aligncenter\"><a class=\"wp-block-button__link wp-element-button\" href=\"https:\/\/www.maccaferri.com\/cz\/search?category-link=&amp;r=&amp;sectors-select=&amp;applications-select=&amp;solutions-select=&amp;products-select=&amp;location-select=&amp;full=on&amp;find_softwares=1\">Z\u00cdSKAT SOFTWARE<\/a><\/div><\/div><\/div>\n\n<div class=\"wp-block-column is-layout-flow wp-block-column-is-layout-flow\"><div style=\"height:100px\" aria-hidden=\"true\" class=\"wp-block-spacer\"><\/div>\n\n<figure class=\"wp-block-image size-large\"><img decoding=\"async\" width=\"1024\" height=\"686\" src=\"https:\/\/www.maccaferri.com\/cz\/wp-content\/uploads\/sites\/24\/2022\/12\/maccaferri-software-downloadable-1024x686.png\" alt=\"\" class=\"wp-image-3728\" srcset=\"https:\/\/www.maccaferri.com\/cz\/wp-content\/uploads\/2022\/12\/maccaferri-software-downloadable-1024x686.png 1024w, https:\/\/www.maccaferri.com\/cz\/wp-content\/uploads\/2022\/12\/maccaferri-software-downloadable-300x201.png 300w, https:\/\/www.maccaferri.com\/cz\/wp-content\/uploads\/2022\/12\/maccaferri-software-downloadable-768x514.png 768w, https:\/\/www.maccaferri.com\/cz\/wp-content\/uploads\/2022\/12\/maccaferri-software-downloadable-1536x1029.png 1536w, https:\/\/www.maccaferri.com\/cz\/wp-content\/uploads\/2022\/12\/maccaferri-software-downloadable.png 1583w\" sizes=\"(max-width: 1024px) 100vw, 1024px\" \/><\/figure><\/div><\/div><\/div><div style=\"height:100px\" aria-hidden=\"true\" class=\"wp-block-spacer\"><\/div>","protected":false},"excerpt":{"rendered":"","protected":false},"author":2,"featured_media":0,"parent":0,"menu_order":0,"comment_status":"closed","ping_status":"closed","template":"","meta":{"_acf_changed":false,"_joinchat":[],"footnotes":""},"class_list":["post-3514","page","type-page","status-publish","hentry"],"acf":{"uuid_products":"","product-documents":""},"yoast_head":"<!-- This site is optimized with the Yoast SEO Premium plugin v27.0 (Yoast SEO v27.0) - https:\/\/yoast.com\/product\/yoast-seo-premium-wordpress\/ -->\n<title>Maccaferri Softwarov\u00e1 sada - Maccaferri \u010cesk\u00e1 republika<\/title>\n<meta name=\"description\" content=\"Maccaferri Softwarov\u00e1 sada Na\u0161e celosv\u011btov\u011b uzn\u00e1van\u00e1 a u\u017eivatelsky p\u0159\u00edv\u011btiv\u00e1 sada softwaru, vyvinut\u00e1 ve spolupr\u00e1ci s pedn\u00edmi instituty a univerzitami,\" \/>\n<meta name=\"robots\" content=\"index, follow, max-snippet:-1, max-image-preview:large, max-video-preview:-1\" \/>\n<link rel=\"canonical\" href=\"https:\/\/www.maccaferri.com\/cz\/maccaferri-softwarova-sada\/\" \/>\n<meta property=\"og:locale\" content=\"cs_CZ\" \/>\n<meta property=\"og:type\" content=\"article\" \/>\n<meta property=\"og:title\" content=\"Maccaferri Softwarov\u00e1 sada - Maccaferri \u010cesk\u00e1 republika\" \/>\n<meta property=\"og:description\" content=\"Maccaferri Softwarov\u00e1 sada Na\u0161e celosv\u011btov\u011b uzn\u00e1van\u00e1 a u\u017eivatelsky p\u0159\u00edv\u011btiv\u00e1 sada softwaru, vyvinut\u00e1 ve spolupr\u00e1ci s pedn\u00edmi instituty a univerzitami,\" \/>\n<meta property=\"og:url\" content=\"https:\/\/www.maccaferri.com\/cz\/maccaferri-softwarova-sada\/\" \/>\n<meta property=\"og:site_name\" content=\"Maccaferri \u010cesk\u00e1 republika\" \/>\n<meta property=\"article:modified_time\" content=\"2025-12-16T09:52:34+00:00\" \/>\n<meta property=\"og:image\" content=\"https:\/\/www.maccaferri.com\/cz\/wp-content\/uploads\/2023\/07\/software-1-1.png\" \/>\n<meta name=\"twitter:card\" content=\"summary_large_image\" \/>\n<meta name=\"twitter:label1\" content=\"Est. reading time\" \/>\n\t<meta name=\"twitter:data1\" content=\"2 minutes\" \/>\n<script type=\"application\/ld+json\" class=\"yoast-schema-graph\">{\"@context\":\"https:\/\/schema.org\",\"@graph\":[{\"@type\":\"WebPage\",\"@id\":\"https:\/\/www.maccaferri.com\/cz\/maccaferri-softwarova-sada\/\",\"url\":\"https:\/\/www.maccaferri.com\/cz\/maccaferri-softwarova-sada\/\",\"name\":\"Maccaferri Softwarov\u00e1 sada - Maccaferri \u010cesk\u00e1 republika\",\"isPartOf\":{\"@id\":\"https:\/\/www.maccaferri.com\/cz\/#website\"},\"primaryImageOfPage\":{\"@id\":\"https:\/\/www.maccaferri.com\/cz\/maccaferri-softwarova-sada\/#primaryimage\"},\"image\":{\"@id\":\"https:\/\/www.maccaferri.com\/cz\/maccaferri-softwarova-sada\/#primaryimage\"},\"thumbnailUrl\":\"https:\/\/www.maccaferri.com\/cz\/wp-content\/uploads\/2023\/07\/software-1-1.png\",\"datePublished\":\"2022-12-14T11:27:40+00:00\",\"dateModified\":\"2025-12-16T09:52:34+00:00\",\"description\":\"Maccaferri Softwarov\u00e1 sada Na\u0161e celosv\u011btov\u011b uzn\u00e1van\u00e1 a u\u017eivatelsky p\u0159\u00edv\u011btiv\u00e1 sada softwaru, vyvinut\u00e1 ve spolupr\u00e1ci s pedn\u00edmi instituty a univerzitami,\",\"inLanguage\":\"cs-CZ\",\"potentialAction\":[{\"@type\":\"ReadAction\",\"target\":[\"https:\/\/www.maccaferri.com\/cz\/maccaferri-softwarova-sada\/\"]}]},{\"@type\":\"ImageObject\",\"inLanguage\":\"cs-CZ\",\"@id\":\"https:\/\/www.maccaferri.com\/cz\/maccaferri-softwarova-sada\/#primaryimage\",\"url\":\"https:\/\/www.maccaferri.com\/cz\/wp-content\/uploads\/2023\/07\/software-1-1.png\",\"contentUrl\":\"https:\/\/www.maccaferri.com\/cz\/wp-content\/uploads\/2023\/07\/software-1-1.png\",\"width\":1899,\"height\":993},{\"@type\":\"WebSite\",\"@id\":\"https:\/\/www.maccaferri.com\/cz\/#website\",\"url\":\"https:\/\/www.maccaferri.com\/cz\/\",\"name\":\"Maccaferri \u010cesk\u00e1 republika\",\"description\":\"\",\"publisher\":{\"@id\":\"https:\/\/www.maccaferri.com\/cz\/#organization\"},\"potentialAction\":[{\"@type\":\"SearchAction\",\"target\":{\"@type\":\"EntryPoint\",\"urlTemplate\":\"https:\/\/www.maccaferri.com\/cz\/?s={search_term_string}\"},\"query-input\":{\"@type\":\"PropertyValueSpecification\",\"valueRequired\":true,\"valueName\":\"search_term_string\"}}],\"inLanguage\":\"cs-CZ\"},{\"@type\":\"Organization\",\"@id\":\"https:\/\/www.maccaferri.com\/cz\/#organization\",\"name\":\"Maccaferri \u010cesk\u00e1 republika\",\"url\":\"https:\/\/www.maccaferri.com\/cz\/\",\"logo\":{\"@type\":\"ImageObject\",\"inLanguage\":\"cs-CZ\",\"@id\":\"https:\/\/www.maccaferri.com\/cz\/#\/schema\/logo\/image\/\",\"url\":\"https:\/\/www.maccaferri.com\/cz\/wp-content\/uploads\/2022\/07\/logo-maccaferri.png\",\"contentUrl\":\"https:\/\/www.maccaferri.com\/cz\/wp-content\/uploads\/2022\/07\/logo-maccaferri.png\",\"width\":152,\"height\":32,\"caption\":\"Maccaferri \u010cesk\u00e1 republika\"},\"image\":{\"@id\":\"https:\/\/www.maccaferri.com\/cz\/#\/schema\/logo\/image\/\"}}]}<\/script>\n<!-- \/ Yoast SEO Premium plugin. -->","yoast_head_json":{"title":"Maccaferri Softwarov\u00e1 sada - Maccaferri \u010cesk\u00e1 republika","description":"Maccaferri Softwarov\u00e1 sada Na\u0161e celosv\u011btov\u011b uzn\u00e1van\u00e1 a u\u017eivatelsky p\u0159\u00edv\u011btiv\u00e1 sada softwaru, vyvinut\u00e1 ve spolupr\u00e1ci s pedn\u00edmi instituty a univerzitami,","robots":{"index":"index","follow":"follow","max-snippet":"max-snippet:-1","max-image-preview":"max-image-preview:large","max-video-preview":"max-video-preview:-1"},"canonical":"https:\/\/www.maccaferri.com\/cz\/maccaferri-softwarova-sada\/","og_locale":"cs_CZ","og_type":"article","og_title":"Maccaferri Softwarov\u00e1 sada - Maccaferri \u010cesk\u00e1 republika","og_description":"Maccaferri Softwarov\u00e1 sada Na\u0161e celosv\u011btov\u011b uzn\u00e1van\u00e1 a u\u017eivatelsky p\u0159\u00edv\u011btiv\u00e1 sada softwaru, vyvinut\u00e1 ve spolupr\u00e1ci s pedn\u00edmi instituty a univerzitami,","og_url":"https:\/\/www.maccaferri.com\/cz\/maccaferri-softwarova-sada\/","og_site_name":"Maccaferri \u010cesk\u00e1 republika","article_modified_time":"2025-12-16T09:52:34+00:00","og_image":[{"url":"https:\/\/www.maccaferri.com\/cz\/wp-content\/uploads\/2023\/07\/software-1-1.png","type":"","width":"","height":""}],"twitter_card":"summary_large_image","twitter_misc":{"Est. reading time":"2 minutes"},"schema":{"@context":"https:\/\/schema.org","@graph":[{"@type":"WebPage","@id":"https:\/\/www.maccaferri.com\/cz\/maccaferri-softwarova-sada\/","url":"https:\/\/www.maccaferri.com\/cz\/maccaferri-softwarova-sada\/","name":"Maccaferri Softwarov\u00e1 sada - Maccaferri \u010cesk\u00e1 republika","isPartOf":{"@id":"https:\/\/www.maccaferri.com\/cz\/#website"},"primaryImageOfPage":{"@id":"https:\/\/www.maccaferri.com\/cz\/maccaferri-softwarova-sada\/#primaryimage"},"image":{"@id":"https:\/\/www.maccaferri.com\/cz\/maccaferri-softwarova-sada\/#primaryimage"},"thumbnailUrl":"https:\/\/www.maccaferri.com\/cz\/wp-content\/uploads\/2023\/07\/software-1-1.png","datePublished":"2022-12-14T11:27:40+00:00","dateModified":"2025-12-16T09:52:34+00:00","description":"Maccaferri Softwarov\u00e1 sada Na\u0161e celosv\u011btov\u011b uzn\u00e1van\u00e1 a u\u017eivatelsky p\u0159\u00edv\u011btiv\u00e1 sada softwaru, vyvinut\u00e1 ve spolupr\u00e1ci s pedn\u00edmi instituty a univerzitami,","inLanguage":"cs-CZ","potentialAction":[{"@type":"ReadAction","target":["https:\/\/www.maccaferri.com\/cz\/maccaferri-softwarova-sada\/"]}]},{"@type":"ImageObject","inLanguage":"cs-CZ","@id":"https:\/\/www.maccaferri.com\/cz\/maccaferri-softwarova-sada\/#primaryimage","url":"https:\/\/www.maccaferri.com\/cz\/wp-content\/uploads\/2023\/07\/software-1-1.png","contentUrl":"https:\/\/www.maccaferri.com\/cz\/wp-content\/uploads\/2023\/07\/software-1-1.png","width":1899,"height":993},{"@type":"WebSite","@id":"https:\/\/www.maccaferri.com\/cz\/#website","url":"https:\/\/www.maccaferri.com\/cz\/","name":"Maccaferri \u010cesk\u00e1 republika","description":"","publisher":{"@id":"https:\/\/www.maccaferri.com\/cz\/#organization"},"potentialAction":[{"@type":"SearchAction","target":{"@type":"EntryPoint","urlTemplate":"https:\/\/www.maccaferri.com\/cz\/?s={search_term_string}"},"query-input":{"@type":"PropertyValueSpecification","valueRequired":true,"valueName":"search_term_string"}}],"inLanguage":"cs-CZ"},{"@type":"Organization","@id":"https:\/\/www.maccaferri.com\/cz\/#organization","name":"Maccaferri \u010cesk\u00e1 republika","url":"https:\/\/www.maccaferri.com\/cz\/","logo":{"@type":"ImageObject","inLanguage":"cs-CZ","@id":"https:\/\/www.maccaferri.com\/cz\/#\/schema\/logo\/image\/","url":"https:\/\/www.maccaferri.com\/cz\/wp-content\/uploads\/2022\/07\/logo-maccaferri.png","contentUrl":"https:\/\/www.maccaferri.com\/cz\/wp-content\/uploads\/2022\/07\/logo-maccaferri.png","width":152,"height":32,"caption":"Maccaferri \u010cesk\u00e1 republika"},"image":{"@id":"https:\/\/www.maccaferri.com\/cz\/#\/schema\/logo\/image\/"}}]}},"_links":{"self":[{"href":"https:\/\/www.maccaferri.com\/cz\/wp-json\/wp\/v2\/pages\/3514","targetHints":{"allow":["GET"]}}],"collection":[{"href":"https:\/\/www.maccaferri.com\/cz\/wp-json\/wp\/v2\/pages"}],"about":[{"href":"https:\/\/www.maccaferri.com\/cz\/wp-json\/wp\/v2\/types\/page"}],"author":[{"embeddable":true,"href":"https:\/\/www.maccaferri.com\/cz\/wp-json\/wp\/v2\/users\/2"}],"replies":[{"embeddable":true,"href":"https:\/\/www.maccaferri.com\/cz\/wp-json\/wp\/v2\/comments?post=3514"}],"version-history":[{"count":39,"href":"https:\/\/www.maccaferri.com\/cz\/wp-json\/wp\/v2\/pages\/3514\/revisions"}],"predecessor-version":[{"id":102108,"href":"https:\/\/www.maccaferri.com\/cz\/wp-json\/wp\/v2\/pages\/3514\/revisions\/102108"}],"wp:attachment":[{"href":"https:\/\/www.maccaferri.com\/cz\/wp-json\/wp\/v2\/media?parent=3514"}],"curies":[{"name":"wp","href":"https:\/\/api.w.org\/{rel}","templated":true}]}}