{"id":2906,"date":"2022-12-01T16:52:35","date_gmt":"2022-12-01T15:52:35","guid":{"rendered":"https:\/\/www.maccaferri.com\/cz\/?page_id=2906"},"modified":"2023-01-13T14:38:44","modified_gmt":"2023-01-13T13:38:44","slug":"vize-a-poslani","status":"publish","type":"page","link":"https:\/\/www.maccaferri.com\/cz\/vize-a-poslani\/","title":{"rendered":"Vize a Posl\u00e1n\u00ed"},"content":{"rendered":"<div class=\"wp-block-mac-h1-title-hero-block container-fluid block-txt-container\" style=\"background:linear-gradient(180deg,rgb(1,94,111) 0%,rgb(0,72,87) 100%)\"><div class=\"row\"><div class=\"col\"><div class=\"gts__picture\"><img decoding=\"async\" src=\"https:\/\/www.maccaferri.com\/cz\/wp-content\/uploads\/sites\/24\/2022\/12\/Sustainability_Gabion_3.jpg\" style=\"display:none\" \/><div class=\"gts__picture__image\" style=\"background-image:url(https:\/\/www.maccaferri.com\/cz\/wp-content\/uploads\/sites\/24\/2022\/12\/Sustainability_Gabion_3.jpg)\"><\/div><\/div><div class=\"container box-container\"><div class=\"row\"><div class=\"col title-box-txt\"><h1 class=\"wp-block-mac-h1-title-hero-block\" style=\"color:#ffffff;text-align:none\">Vize a Posl\u00e1n\u00ed<\/h1><\/div><\/div><\/div><\/div><\/div><\/div><div class=\"wp-block-mac-container-block box-container\"><div class=\"wp-block-columns is-layout-flex wp-container-core-columns-is-layout-9d6595d7 wp-block-columns-is-layout-flex\"><div class=\"wp-block-column is-layout-flow wp-block-column-is-layout-flow\"><div class=\"container content-paragraph box-container\"><div class=\"row\"><div class=\"col-12 col-lg-12 col-xl-12 col-xxl-12\"><div class=\"content-txt\"><h4>Z\u00e1jmem o Sv\u011bt z\u00edt\u0159ka, harmonizac\u00ed \u017eivota a p\u0159\u00edrody prost\u0159ednictv\u00edm inovativn\u00edch \u0159e\u0161en\u00ed, se Maccaferri sna\u017e\u00ed o neust\u00e1l\u00e9 zdokonalov\u00e1n\u00ed a zlep\u0161ov\u00e1n\u00ed.<\/h4>\n<\/div><\/div><\/div><\/div><\/div>\n\n<div class=\"wp-block-column is-vertically-aligned-center is-layout-flow wp-block-column-is-layout-flow\"><figure class=\"wp-block-image aligncenter size-full\"><img decoding=\"async\" width=\"200\" height=\"200\" src=\"https:\/\/www.maccaferri.com\/cz\/wp-content\/uploads\/sites\/24\/2022\/12\/maccaferri-nurturing-2019-200x200-1.png\" alt=\"\" class=\"wp-image-3696\" srcset=\"https:\/\/www.maccaferri.com\/cz\/wp-content\/uploads\/2022\/12\/maccaferri-nurturing-2019-200x200-1.png 200w, https:\/\/www.maccaferri.com\/cz\/wp-content\/uploads\/2022\/12\/maccaferri-nurturing-2019-200x200-1-150x150.png 150w\" sizes=\"(max-width: 200px) 100vw, 200px\" \/><\/figure><\/div><\/div><\/div><div class=\"wp-block-mac-container-block box-container\"><div class=\"wp-block-columns is-layout-flex wp-container-core-columns-is-layout-9d6595d7 wp-block-columns-is-layout-flex\"><div class=\"wp-block-column is-layout-flow wp-block-column-is-layout-flow\"><div class=\"container content-paragraph box-container\"><div class=\"row\"><div class=\"col-12 col-lg-12 col-xl-12 col-xxl-12\"><h6>VIZE<\/h6><div class=\"content-txt\"><h5>D\u016fv\u011bryhodn\u00fd glob\u00e1ln\u00ed partner, kter\u00fd se star\u00e1 o sv\u011bt z\u00edt\u0159ka a harmonizuje \u017eivot a p\u0159\u00edrodu prost\u0159ednictv\u00edm inovativn\u00edch \u0159e\u0161en\u00ed.<\/h5>\n<p><strong>Starat se<\/strong> pro Maccaferri znamen\u00e1 zaj\u00edmat se, chr\u00e1nit a n\u00e9st odpov\u011bdnost. Na\u0161e vize nen\u00ed jen o tom, \u201ek\u00fdm\u201c chceme b\u00fdt, ale co je je\u0161t\u011b d\u016fle\u017eit\u011bj\u0161\u00ed, je tak\u00e9 o tom, \u201ejakou\u201c organizac\u00ed chceme b\u00fdt. Odpov\u011bdn\u00ed, respektuj\u00edc\u00ed, pe\u010dliv\u00ed a citliv\u00ed nejen k \u017eivotn\u00edmu prost\u0159ed\u00ed, ale tak\u00e9 k na\u0161im lidem.\u201c<\/p>\n<\/div><\/div><\/div><\/div><\/div>\n\n<div class=\"wp-block-column is-vertically-aligned-bottom is-layout-flow wp-block-column-is-layout-flow\"><figure class=\"wp-block-embed is-type-video is-provider-youtube wp-block-embed-youtube wp-embed-aspect-16-9 wp-has-aspect-ratio\"><div class=\"wp-block-embed__wrapper\">\n<iframe title=\"Maccaferri Vision\" width=\"640\" height=\"360\" src=\"https:\/\/www.youtube.com\/embed\/-d-yujSQjw0?feature=oembed\" frameborder=\"0\" allow=\"accelerometer; autoplay; clipboard-write; encrypted-media; gyroscope; picture-in-picture; web-share\" referrerpolicy=\"strict-origin-when-cross-origin\" allowfullscreen><\/iframe>\n<\/div><\/figure><\/div><\/div><\/div><div style=\"height:100px\" aria-hidden=\"true\" class=\"wp-block-spacer\"><\/div><div class=\"wp-block-mac-container-block box-container\"><div class=\"wp-block-columns are-vertically-aligned-bottom is-layout-flex wp-container-core-columns-is-layout-9d6595d7 wp-block-columns-is-layout-flex\"><div class=\"wp-block-column is-vertically-aligned-bottom is-layout-flow wp-block-column-is-layout-flow\"><figure class=\"wp-block-embed is-type-video is-provider-youtube wp-block-embed-youtube wp-embed-aspect-16-9 wp-has-aspect-ratio\"><div class=\"wp-block-embed__wrapper\">\n<iframe title=\"Maccaferri Mission\" width=\"640\" height=\"360\" src=\"https:\/\/www.youtube.com\/embed\/wuKbKI5x2Hw?feature=oembed\" frameborder=\"0\" allow=\"accelerometer; autoplay; clipboard-write; encrypted-media; gyroscope; picture-in-picture; web-share\" referrerpolicy=\"strict-origin-when-cross-origin\" allowfullscreen><\/iframe>\n<\/div><\/figure><\/div>\n\n<div class=\"wp-block-column is-vertically-aligned-bottom is-layout-flow wp-block-column-is-layout-flow\"><div class=\"container content-paragraph box-container\"><div class=\"row\"><div class=\"col-12 col-lg-12 col-xl-12 col-xxl-12\"><h6>POSL\u00c1N\u00cd<\/h6><div class=\"content-txt\"><h5>Usilujeme o dokonalost prost\u0159ednictv\u00edm neust\u00e1l\u00e9ho zlep\u0161ov\u00e1n\u00ed a z\u00e1rove\u0148 poskytujeme na\u0161im z\u00e1kazn\u00edk\u016fm \u0159e\u0161en\u00ed, kter\u00e1 jsou inovativn\u00ed, pokro\u010dil\u00e1 a \u0161etrn\u00e1 k \u017eivotn\u00edmu prost\u0159ed\u00ed.<\/h5>\n<p>Zav\u00e1zali jsme se k vynikaj\u00edc\u00ed bezpe\u010dnosti, kvalit\u011b a udr\u017eitelnosti, abychom vytvo\u0159ili hodnotu pro v\u0161echny z\u00fa\u010dastn\u011bn\u00e9 strany i na\u0161e komunity.<\/p>\n<\/div><\/div><\/div><\/div><\/div><\/div><\/div>","protected":false},"excerpt":{"rendered":"","protected":false},"author":2,"featured_media":0,"parent":0,"menu_order":0,"comment_status":"closed","ping_status":"closed","template":"custom-products-page.php","meta":{"_acf_changed":false,"_joinchat":[],"footnotes":""},"class_list":["post-2906","page","type-page","status-publish","hentry"],"acf":{"uuid_products":"","product-documents":""},"yoast_head":"<!-- This site is optimized with the Yoast SEO Premium plugin v27.0 (Yoast SEO v27.0) - https:\/\/yoast.com\/product\/yoast-seo-premium-wordpress\/ -->\n<title>Vize a Posl\u00e1n\u00ed - Maccaferri \u010cesk\u00e1 republika<\/title>\n<meta name=\"description\" content=\"Vize a Posl\u00e1n\u00ed             https:\/\/www.youtube.com\/watch?v=-d-yujSQjw0        https:\/\/www.youtube.com\/watch?v=wuKbKI5x2Hw\" \/>\n<meta name=\"robots\" content=\"index, follow, max-snippet:-1, max-image-preview:large, max-video-preview:-1\" \/>\n<link rel=\"canonical\" href=\"https:\/\/www.maccaferri.com\/cz\/vize-a-poslani\/\" \/>\n<meta property=\"og:locale\" content=\"cs_CZ\" \/>\n<meta property=\"og:type\" content=\"article\" \/>\n<meta property=\"og:title\" content=\"Vize a Posl\u00e1n\u00ed - Maccaferri \u010cesk\u00e1 republika\" \/>\n<meta property=\"og:description\" content=\"Vize a Posl\u00e1n\u00ed             https:\/\/www.youtube.com\/watch?v=-d-yujSQjw0        https:\/\/www.youtube.com\/watch?v=wuKbKI5x2Hw\" \/>\n<meta property=\"og:url\" content=\"https:\/\/www.maccaferri.com\/cz\/vize-a-poslani\/\" \/>\n<meta property=\"og:site_name\" content=\"Maccaferri \u010cesk\u00e1 republika\" \/>\n<meta property=\"article:modified_time\" content=\"2023-01-13T13:38:44+00:00\" \/>\n<meta property=\"og:image\" content=\"https:\/\/www.maccaferri.com\/cz\/wp-content\/uploads\/sites\/24\/2022\/12\/Sustainability_Gabion_3.jpg\" \/>\n<meta name=\"twitter:card\" content=\"summary_large_image\" \/>\n<meta name=\"twitter:label1\" content=\"Est. reading time\" \/>\n\t<meta name=\"twitter:data1\" content=\"1 minute\" \/>\n<script type=\"application\/ld+json\" class=\"yoast-schema-graph\">{\"@context\":\"https:\/\/schema.org\",\"@graph\":[{\"@type\":\"WebPage\",\"@id\":\"https:\/\/www.maccaferri.com\/cz\/vize-a-poslani\/\",\"url\":\"https:\/\/www.maccaferri.com\/cz\/vize-a-poslani\/\",\"name\":\"Vize a Posl\u00e1n\u00ed - Maccaferri \u010cesk\u00e1 republika\",\"isPartOf\":{\"@id\":\"https:\/\/www.maccaferri.com\/cz\/#website\"},\"primaryImageOfPage\":{\"@id\":\"https:\/\/www.maccaferri.com\/cz\/vize-a-poslani\/#primaryimage\"},\"image\":{\"@id\":\"https:\/\/www.maccaferri.com\/cz\/vize-a-poslani\/#primaryimage\"},\"thumbnailUrl\":\"https:\/\/www.maccaferri.com\/cz\/wp-content\/uploads\/sites\/24\/2022\/12\/Sustainability_Gabion_3.jpg\",\"datePublished\":\"2022-12-01T15:52:35+00:00\",\"dateModified\":\"2023-01-13T13:38:44+00:00\",\"description\":\"Vize a Posl\u00e1n\u00ed https:\/\/www.youtube.com\/watch?v=-d-yujSQjw0 https:\/\/www.youtube.com\/watch?v=wuKbKI5x2Hw\",\"inLanguage\":\"cs-CZ\",\"potentialAction\":[{\"@type\":\"ReadAction\",\"target\":[\"https:\/\/www.maccaferri.com\/cz\/vize-a-poslani\/\"]}]},{\"@type\":\"ImageObject\",\"inLanguage\":\"cs-CZ\",\"@id\":\"https:\/\/www.maccaferri.com\/cz\/vize-a-poslani\/#primaryimage\",\"url\":\"https:\/\/www.maccaferri.com\/cz\/wp-content\/uploads\/sites\/24\/2022\/12\/Sustainability_Gabion_3.jpg\",\"contentUrl\":\"https:\/\/www.maccaferri.com\/cz\/wp-content\/uploads\/sites\/24\/2022\/12\/Sustainability_Gabion_3.jpg\"},{\"@type\":\"WebSite\",\"@id\":\"https:\/\/www.maccaferri.com\/cz\/#website\",\"url\":\"https:\/\/www.maccaferri.com\/cz\/\",\"name\":\"Maccaferri \u010cesk\u00e1 republika\",\"description\":\"\",\"publisher\":{\"@id\":\"https:\/\/www.maccaferri.com\/cz\/#organization\"},\"potentialAction\":[{\"@type\":\"SearchAction\",\"target\":{\"@type\":\"EntryPoint\",\"urlTemplate\":\"https:\/\/www.maccaferri.com\/cz\/?s={search_term_string}\"},\"query-input\":{\"@type\":\"PropertyValueSpecification\",\"valueRequired\":true,\"valueName\":\"search_term_string\"}}],\"inLanguage\":\"cs-CZ\"},{\"@type\":\"Organization\",\"@id\":\"https:\/\/www.maccaferri.com\/cz\/#organization\",\"name\":\"Maccaferri \u010cesk\u00e1 republika\",\"url\":\"https:\/\/www.maccaferri.com\/cz\/\",\"logo\":{\"@type\":\"ImageObject\",\"inLanguage\":\"cs-CZ\",\"@id\":\"https:\/\/www.maccaferri.com\/cz\/#\/schema\/logo\/image\/\",\"url\":\"https:\/\/www.maccaferri.com\/cz\/wp-content\/uploads\/2022\/07\/logo-maccaferri.png\",\"contentUrl\":\"https:\/\/www.maccaferri.com\/cz\/wp-content\/uploads\/2022\/07\/logo-maccaferri.png\",\"width\":152,\"height\":32,\"caption\":\"Maccaferri \u010cesk\u00e1 republika\"},\"image\":{\"@id\":\"https:\/\/www.maccaferri.com\/cz\/#\/schema\/logo\/image\/\"}}]}<\/script>\n<!-- \/ Yoast SEO Premium plugin. -->","yoast_head_json":{"title":"Vize a Posl\u00e1n\u00ed - Maccaferri \u010cesk\u00e1 republika","description":"Vize a Posl\u00e1n\u00ed             https:\/\/www.youtube.com\/watch?v=-d-yujSQjw0        https:\/\/www.youtube.com\/watch?v=wuKbKI5x2Hw","robots":{"index":"index","follow":"follow","max-snippet":"max-snippet:-1","max-image-preview":"max-image-preview:large","max-video-preview":"max-video-preview:-1"},"canonical":"https:\/\/www.maccaferri.com\/cz\/vize-a-poslani\/","og_locale":"cs_CZ","og_type":"article","og_title":"Vize a Posl\u00e1n\u00ed - Maccaferri \u010cesk\u00e1 republika","og_description":"Vize a Posl\u00e1n\u00ed             https:\/\/www.youtube.com\/watch?v=-d-yujSQjw0        https:\/\/www.youtube.com\/watch?v=wuKbKI5x2Hw","og_url":"https:\/\/www.maccaferri.com\/cz\/vize-a-poslani\/","og_site_name":"Maccaferri \u010cesk\u00e1 republika","article_modified_time":"2023-01-13T13:38:44+00:00","og_image":[{"url":"https:\/\/www.maccaferri.com\/cz\/wp-content\/uploads\/sites\/24\/2022\/12\/Sustainability_Gabion_3.jpg","type":"","width":"","height":""}],"twitter_card":"summary_large_image","twitter_misc":{"Est. reading time":"1 minute"},"schema":{"@context":"https:\/\/schema.org","@graph":[{"@type":"WebPage","@id":"https:\/\/www.maccaferri.com\/cz\/vize-a-poslani\/","url":"https:\/\/www.maccaferri.com\/cz\/vize-a-poslani\/","name":"Vize a Posl\u00e1n\u00ed - Maccaferri \u010cesk\u00e1 republika","isPartOf":{"@id":"https:\/\/www.maccaferri.com\/cz\/#website"},"primaryImageOfPage":{"@id":"https:\/\/www.maccaferri.com\/cz\/vize-a-poslani\/#primaryimage"},"image":{"@id":"https:\/\/www.maccaferri.com\/cz\/vize-a-poslani\/#primaryimage"},"thumbnailUrl":"https:\/\/www.maccaferri.com\/cz\/wp-content\/uploads\/sites\/24\/2022\/12\/Sustainability_Gabion_3.jpg","datePublished":"2022-12-01T15:52:35+00:00","dateModified":"2023-01-13T13:38:44+00:00","description":"Vize a Posl\u00e1n\u00ed https:\/\/www.youtube.com\/watch?v=-d-yujSQjw0 https:\/\/www.youtube.com\/watch?v=wuKbKI5x2Hw","inLanguage":"cs-CZ","potentialAction":[{"@type":"ReadAction","target":["https:\/\/www.maccaferri.com\/cz\/vize-a-poslani\/"]}]},{"@type":"ImageObject","inLanguage":"cs-CZ","@id":"https:\/\/www.maccaferri.com\/cz\/vize-a-poslani\/#primaryimage","url":"https:\/\/www.maccaferri.com\/cz\/wp-content\/uploads\/sites\/24\/2022\/12\/Sustainability_Gabion_3.jpg","contentUrl":"https:\/\/www.maccaferri.com\/cz\/wp-content\/uploads\/sites\/24\/2022\/12\/Sustainability_Gabion_3.jpg"},{"@type":"WebSite","@id":"https:\/\/www.maccaferri.com\/cz\/#website","url":"https:\/\/www.maccaferri.com\/cz\/","name":"Maccaferri \u010cesk\u00e1 republika","description":"","publisher":{"@id":"https:\/\/www.maccaferri.com\/cz\/#organization"},"potentialAction":[{"@type":"SearchAction","target":{"@type":"EntryPoint","urlTemplate":"https:\/\/www.maccaferri.com\/cz\/?s={search_term_string}"},"query-input":{"@type":"PropertyValueSpecification","valueRequired":true,"valueName":"search_term_string"}}],"inLanguage":"cs-CZ"},{"@type":"Organization","@id":"https:\/\/www.maccaferri.com\/cz\/#organization","name":"Maccaferri \u010cesk\u00e1 republika","url":"https:\/\/www.maccaferri.com\/cz\/","logo":{"@type":"ImageObject","inLanguage":"cs-CZ","@id":"https:\/\/www.maccaferri.com\/cz\/#\/schema\/logo\/image\/","url":"https:\/\/www.maccaferri.com\/cz\/wp-content\/uploads\/2022\/07\/logo-maccaferri.png","contentUrl":"https:\/\/www.maccaferri.com\/cz\/wp-content\/uploads\/2022\/07\/logo-maccaferri.png","width":152,"height":32,"caption":"Maccaferri \u010cesk\u00e1 republika"},"image":{"@id":"https:\/\/www.maccaferri.com\/cz\/#\/schema\/logo\/image\/"}}]}},"_links":{"self":[{"href":"https:\/\/www.maccaferri.com\/cz\/wp-json\/wp\/v2\/pages\/2906","targetHints":{"allow":["GET"]}}],"collection":[{"href":"https:\/\/www.maccaferri.com\/cz\/wp-json\/wp\/v2\/pages"}],"about":[{"href":"https:\/\/www.maccaferri.com\/cz\/wp-json\/wp\/v2\/types\/page"}],"author":[{"embeddable":true,"href":"https:\/\/www.maccaferri.com\/cz\/wp-json\/wp\/v2\/users\/2"}],"replies":[{"embeddable":true,"href":"https:\/\/www.maccaferri.com\/cz\/wp-json\/wp\/v2\/comments?post=2906"}],"version-history":[{"count":24,"href":"https:\/\/www.maccaferri.com\/cz\/wp-json\/wp\/v2\/pages\/2906\/revisions"}],"predecessor-version":[{"id":6251,"href":"https:\/\/www.maccaferri.com\/cz\/wp-json\/wp\/v2\/pages\/2906\/revisions\/6251"}],"wp:attachment":[{"href":"https:\/\/www.maccaferri.com\/cz\/wp-json\/wp\/v2\/media?parent=2906"}],"curies":[{"name":"wp","href":"https:\/\/api.w.org\/{rel}","templated":true}]}}