{"id":1375,"date":"2022-07-28T15:26:58","date_gmt":"2022-07-28T13:26:58","guid":{"rendered":"https:\/\/www.maccaferri.com\/cz\/?page_id=1375"},"modified":"2023-06-01T17:07:37","modified_gmt":"2023-06-01T15:07:37","slug":"udrzitelnost","status":"publish","type":"page","link":"https:\/\/www.maccaferri.com\/cz\/udrzitelnost\/","title":{"rendered":"Udr\u017eitelnost"},"content":{"rendered":"<div class=\"wp-block-mac-h1-title-hero-block container-fluid block-txt-container\" style=\"background:linear-gradient(180deg,rgb(1,94,111) 0%,rgb(0,72,87) 100%)\"><div class=\"row\"><div class=\"col\"><div class=\"gts__picture\"><img decoding=\"async\" src=\"https:\/\/www.maccaferri.com\/cz\/wp-content\/uploads\/sites\/24\/2022\/12\/Sustainability_Gabion_3.jpg\" style=\"display:none\"\/><div class=\"gts__picture__image\" style=\"background-image:url(https:\/\/www.maccaferri.com\/cz\/wp-content\/uploads\/sites\/24\/2022\/12\/Sustainability_Gabion_3.jpg)\"><\/div><\/div><div class=\"container box-container\"><div class=\"row\"><div class=\"col title-box-txt\"><h1 class=\"wp-block-mac-h1-title-hero-block\" style=\"color:#ffffff;text-align:none\">Udr\u017eitelnost<\/h1><\/div><\/div><\/div><\/div><\/div><\/div><div class=\"wp-block-mac-container-block box-container\"><div class=\"wp-block-columns is-layout-flex wp-container-core-columns-is-layout-9d6595d7 wp-block-columns-is-layout-flex\"><div class=\"wp-block-column is-layout-flow wp-block-column-is-layout-flow\"><div style=\"height:100px\" aria-hidden=\"true\" class=\"wp-block-spacer\"><\/div>\n\n<p class=\"has-medium-font-size\">Jsme pevn\u011b odhodl\u00e1ni \u0159e\u0161it environment\u00e1ln\u00ed, ekonomick\u00e9 a soci\u00e1ln\u00ed aspekty holistick\u00fdm p\u0159\u00edstupem. Pevn\u011b v\u011b\u0159\u00edme v p\u0159ij\u00edm\u00e1n\u00ed udr\u017eiteln\u00fdch p\u0159\u00edstup\u016f a \u0159e\u0161en\u00ed v pr\u016fb\u011bhu cel\u00e9ho \u017eivotn\u00edho cyklu projektu.<\/p>\n\n<p class=\"has-medium-font-size\">Od f\u00e1ze n\u00e1vrhu in\u017een\u00fdrsk\u00fdch prac\u00ed, kter\u00e1 proch\u00e1z\u00ed f\u00e1z\u00ed v\u00fdroby a v\u00fdstavby, a\u017e po p\u0159ed\u00e1n\u00ed konstrukce: v\u0161echna na\u0161e technick\u00e1 \u0159e\u0161en\u00ed se zam\u011b\u0159uj\u00ed na vytv\u00e1\u0159en\u00ed dlouhodob\u00fdch benefit\u016f, kter\u00e9 p\u0159esahuj\u00ed samotn\u00fd produkt.<\/p><\/div><\/div><\/div><figure class=\"wp-block-image aligncenter size-full\"><img decoding=\"async\" src=\"https:\/\/www.maccaferri.com\/cz\/wp-content\/uploads\/sites\/24\/2022\/09\/test-img-cta-right.png\" alt=\"\" class=\"wp-image-1986\"\/><\/figure><p><\/p><p><\/p><div class=\"wp-block-mac-h2-title-block block-txt-container box-container\"><div class=\"row\"><div class=\"col title-box-txt\"><h2 style=\"color:#212429;text-align:center\">C\u00edle Udr\u017eiteln\u00e9ho Rozvoje<\/h2><\/div><\/div><\/div><div class=\"wp-block-mac-container-block box-container\"><div class=\"wp-block-columns is-layout-flex wp-container-core-columns-is-layout-9d6595d7 wp-block-columns-is-layout-flex\"><div class=\"wp-block-column is-layout-flow wp-block-column-is-layout-flow\"><div class=\"wp-block-mac-h5-txt-paragraph-block block-txt-container box-container\"><div class=\"row\"><div class=\"col paragraph-box-txt\"><h5 class=\"wp-block-mac-h5-txt-paragraph-block\" style=\"color:#212429;text-align:none\">OSN stanovila c\u00edle udr\u017eiteln\u00e9ho rozvoje jako nal\u00e9havou v\u00fdzvu k akci: p\u0159ijali jsme tuto v\u00fdzvu a zav\u00e1zali jsme se k jejich postupn\u00e9mu dosa\u017een\u00ed.<\/h5><\/div><\/div><\/div><\/div><\/div><\/div><div class=\"wp-block-mac-container-block box-container\"><div class=\"wp-block-columns is-layout-flex wp-container-core-columns-is-layout-9d6595d7 wp-block-columns-is-layout-flex\"><div class=\"wp-block-column is-layout-flow wp-block-column-is-layout-flow\"><p>Instituce a org\u00e1ny vyz\u00fdvaj\u00ed podniky, aby vyvinuly udr\u017eiteln\u00e1 \u0159e\u0161en\u00ed, kter\u00e1 zajist\u00ed spokojenost a bezpe\u010dnost komunit a \u017eivotn\u00edho prost\u0159ed\u00ed v souladu s c\u00edli stanoven\u00fdmi OSN v Agend\u011b pro udr\u017eiteln\u00fd rozvoj 2030.<\/p>\n\n<p>Agenda 2030 zahrnuje 17 c\u00edl\u016f udr\u017eiteln\u00e9ho rozvoje v r\u00e1mci \u0161ir\u0161\u00edho pl\u00e1nu 169 souvisej\u00edc\u00edch environment\u00e1ln\u00edch, hospod\u00e1\u0159sk\u00fdch, soci\u00e1ln\u00edch a institucion\u00e1ln\u00edch c\u00edl\u016f, jich\u017e m\u00e1 b\u00fdt dosa\u017eeno do roku 2030.<\/p>\n\n<p>Sedm let po podpisu Agendy 2030 roste ve spole\u010dnosti, v podnic\u00edch a mezi vl\u00e1dami pov\u011bdom\u00ed o pot\u0159eb\u011b p\u0159ijmout integrovan\u00fd p\u0159\u00edstup, konkr\u00e9tn\u00ed opat\u0159en\u00ed k \u0159e\u0161en\u00ed v\u00fdznamn\u00fdch socioekonomick\u00fdch zm\u011bn, jako\u017e i \u010detn\u00fdch a slo\u017eit\u00fdch environment\u00e1ln\u00edch a institucion\u00e1ln\u00edch v\u00fdzev. Mnoho podnik\u016f se zab\u00fdvalo Agendou 2030 za\u010dlen\u011bn\u00edm z\u00e1sad udr\u017eitelnosti do sv\u00e9 strategie a obchodn\u00edho pl\u00e1nov\u00e1n\u00ed.<\/p>\n\n<p>OSN definovala c\u00edle udr\u017eiteln\u00e9ho rozvoje jako nal\u00e9havou v\u00fdzvu k akci. Pro spole\u010dnost Maccaferri je udr\u017eitelnost \u017eivotn\u00edho prost\u0159ed\u00ed j\u00e1drem vize, rychle reaguje a zam\u011b\u0159uje svou energii na c\u00edle boje proti zm\u011bn\u011b klimatu a ochrany environment\u00e1ln\u00edho ekosyst\u00e9mu.<\/p>\n\n<div style=\"height:100px\" aria-hidden=\"true\" class=\"wp-block-spacer\"><\/div><\/div><\/div><\/div><div class=\"wp-block-mac-container-block box-container\"><div class=\"wp-block-columns is-layout-flex wp-container-core-columns-is-layout-9d6595d7 wp-block-columns-is-layout-flex\"><div class=\"wp-block-column is-layout-flow wp-block-column-is-layout-flow\" style=\"flex-basis:33.33%\"><figure class=\"wp-block-image size-full\"><img fetchpriority=\"high\" decoding=\"async\" width=\"598\" height=\"491\" src=\"https:\/\/www.maccaferri.com\/cz\/wp-content\/uploads\/sites\/24\/2022\/12\/sdg-1.png\" alt=\"\" class=\"wp-image-3101\" srcset=\"https:\/\/www.maccaferri.com\/cz\/wp-content\/uploads\/2022\/12\/sdg-1.png 598w, https:\/\/www.maccaferri.com\/cz\/wp-content\/uploads\/2022\/12\/sdg-1-300x246.png 300w\" sizes=\"(max-width: 598px) 100vw, 598px\" \/><\/figure><\/div>\n\n<div class=\"wp-block-column is-layout-flow wp-block-column-is-layout-flow\" style=\"flex-basis:66.66%\"><figure class=\"wp-block-image size-full\"><img decoding=\"async\" width=\"743\" height=\"376\" src=\"https:\/\/www.maccaferri.com\/cz\/wp-content\/uploads\/sites\/24\/2022\/12\/sdg2.png\" alt=\"\" class=\"wp-image-3104\" srcset=\"https:\/\/www.maccaferri.com\/cz\/wp-content\/uploads\/2022\/12\/sdg2.png 743w, https:\/\/www.maccaferri.com\/cz\/wp-content\/uploads\/2022\/12\/sdg2-300x152.png 300w\" sizes=\"(max-width: 743px) 100vw, 743px\" \/><\/figure><\/div><\/div><\/div><div style=\"height:100px\" aria-hidden=\"true\" class=\"wp-block-spacer\"><\/div><div class=\"wp-block-mac-h2-title-bold-block block-txt-container box-container\"><div class=\"row\"><div class=\"col title-box-txt\"><h2 style=\"color:#004857;text-align:center\">N\u00c1\u0160 Z\u00c1VAZEK<\/h2><\/div><\/div><\/div><div class=\"wp-block-mac-block-left-description-right-image container-media box-container\"><div class=\"row\"><div class=\"col-12 col-lg-6 col-xl-6 col-xxl-6 title-box-txt order-lg-first order-last\" style=\"text-align:default\"><p class=\"description\" style=\"color:#212429\"><strong>PODPORA ZAV\u00c1D\u011aN\u00cd \u010cIST\u00c9 ENERGIE<\/strong><br><br>Vyv\u00edj\u00edme \u0159e\u0161en\u00ed, kter\u00e1 podporuj\u00ed p\u0159\u00edstup k cenov\u011b dostupn\u00e9 a \u010dist\u00e9 energii.<br><br>Ve spolupr\u00e1ci s \u00fa\u0159ady se sna\u017e\u00edme <strong>maximalizovat pod\u00edl zelen\u00e9 energie<\/strong> v celosv\u011btov\u00e9m energetick\u00e9m mixu.<\/p><\/div><div class=\"col-12 col-lg-6 col-xl-6 col-xxl-6\"><div class=\"box-image\"><img decoding=\"async\" class=\"image\" src=\"https:\/\/www.maccaferri.com\/cz\/wp-content\/uploads\/2023\/06\/SDG-Foto-7-2-min-7.png\" alt=\"Image\"\/><\/div><\/div><\/div><\/div><div class=\"wp-block-mac-block-left-image-right-description container-media box-container\"><div class=\"row\"><div class=\"col-12 col-lg-6 col-xl-6 col-xxl-6\"><div class=\"box-image\"><img decoding=\"async\" class=\"image\" src=\"https:\/\/www.maccaferri.com\/cz\/wp-content\/uploads\/2023\/06\/SDG-Foto-8-1-7.png\" alt=\"Image\"\/><\/div><\/div><div class=\"col-12 col-lg-6 col-xl-6 col-xxl-6 title-box-txt\" style=\"text-align:default\"><p class=\"description\" style=\"color:#212429\"><strong>ZAPOJEN\u00cd M\u00cdSTN\u00cdCH KOMUNIT<br><br><\/strong>Podporujeme r\u016fst podporuj\u00edc\u00ed za\u010dlen\u011bn\u00ed a vyv\u00edj\u00edme \u0159e\u0161en\u00ed, kter\u00e1 mohou snadno instalovat <strong>m\u00edstn\u00ed pracovn\u00edci<\/strong> bez speci\u00e1ln\u00edho \u0161kolen\u00ed.<br><br>Mnoho obc\u00ed trp\u00ed st\u00e1le v\u011bt\u0161\u00edm po\u010dtem p\u0159\u00edrodn\u00edch katastrof, a proto pracujeme na rychl\u00fdch a \u00fa\u010dinn\u00fdch opat\u0159en\u00edch k z\u00e1sahu a <strong>obnov\u011b jejich hospod\u00e1\u0159stv\u00ed<\/strong>.<\/p><\/div><\/div><\/div><div class=\"wp-block-mac-block-left-description-right-image container-media box-container\"><div class=\"row\"><div class=\"col-12 col-lg-6 col-xl-6 col-xxl-6 title-box-txt order-lg-first order-last\" style=\"text-align:default\"><p class=\"description\" style=\"color:#212429\"><strong>PODPORA INOVAC\u00cd<\/strong><br><br>Podporujeme <strong>neust\u00e1l\u00e9 zlep\u0161ov\u00e1n\u00ed<\/strong>, aby se dlouhodob\u00e9 ekonomick\u00e9 a environment\u00e1ln\u00ed dopady stavby staly st\u0159edobodem projektov\u00e9 \u010dinnosti.<br><br>N\u00e1\u0161 proces n\u00e1vrhu je zam\u011b\u0159en na testovac\u00ed kampan\u011b a investice do <strong>hodnocen\u00ed v\u00fdkonu<\/strong> na\u0161ich \u0159e\u0161en\u00ed.<\/p><\/div><div class=\"col-12 col-lg-6 col-xl-6 col-xxl-6\"><div class=\"box-image\"><img decoding=\"async\" class=\"image\" src=\"https:\/\/www.maccaferri.com\/cz\/wp-content\/uploads\/2023\/06\/SDG-Foto-9-1-min-7.png\" alt=\"Image\"\/><\/div><\/div><\/div><\/div><div class=\"wp-block-mac-block-left-image-right-description container-media box-container\"><div class=\"row\"><div class=\"col-12 col-lg-6 col-xl-6 col-xxl-6\"><div class=\"box-image\"><img decoding=\"async\" class=\"image\" src=\"https:\/\/www.maccaferri.com\/cz\/wp-content\/uploads\/2023\/06\/SDG-Foto-11-1-min-7.png\" alt=\"Image\"\/><\/div><\/div><div class=\"col-12 col-lg-6 col-xl-6 col-xxl-6 title-box-txt\" style=\"text-align:default\"><p class=\"description\" style=\"color:#212429\"><strong>BEZPE\u010cNOST OSOB A OCHRANA MAJETKU<br><br><\/strong>V\u00fdvoj \u0159e\u0161en\u00ed na m\u00edru pro ka\u017ed\u00fd bezpe\u010dnostn\u00ed probl\u00e9m, kter\u00e9mu \u010del\u00edme, n\u00e1m umo\u017e\u0148uje <strong>minimalizovat rizika<\/strong>.<br><br>Je t\u0159eba chr\u00e1nit lidi, historick\u00e9 a kulturn\u00ed d\u011bdictv\u00ed a infrastrukturu.<\/p><\/div><\/div><\/div><div class=\"wp-block-mac-block-left-description-right-image container-media box-container\"><div class=\"row\"><div class=\"col-12 col-lg-6 col-xl-6 col-xxl-6 title-box-txt order-lg-first order-last\" style=\"text-align:default\"><p class=\"description\" style=\"color:#212429\"><strong>ODPOV\u011aDN\u00dd DESIGN A V\u00ddROBA<\/strong><br><br>Optimalizac\u00ed designu podporujeme udr\u017eiteln\u00e9 nakl\u00e1d\u00e1n\u00ed s materi\u00e1ly, abychom \u0161et\u0159ili zdroje a p\u0159ede\u0161li vzniku odpadu. Na\u0161e \u00fasp\u011bchy zahrnuj\u00ed <strong>sni\u017eov\u00e1n\u00ed, op\u011btovn\u00e9 pou\u017eit\u00ed a recyklaci<\/strong> materi\u00e1l\u016f.<br><br>Zavazujeme se tak\u00e9 k <strong>transparentnosti <\/strong>a poskytujeme objektivn\u00ed, <br>spolehliv\u00e9 a srovnateln\u00e9 informace o dopadu na\u0161ich v\u00fdrobk\u016f na \u017eivotn\u00ed prost\u0159ed\u00ed b\u011bhem jejich \u017eivotn\u00edho cyklu.<br><a href=\"https:\/\/www.maccaferri.com\/epd-certification\">Zjistit v\u00edce &gt;&gt;&gt;<\/a><\/p><\/div><div class=\"col-12 col-lg-6 col-xl-6 col-xxl-6\"><div class=\"box-image\"><img decoding=\"async\" class=\"image\" src=\"https:\/\/www.maccaferri.com\/cz\/wp-content\/uploads\/2023\/06\/SDG-Foto-12-1-min-7.png\" alt=\"Image\"\/><\/div><\/div><\/div><\/div><div class=\"wp-block-mac-block-left-image-right-description container-media box-container\"><div class=\"row\"><div class=\"col-12 col-lg-6 col-xl-6 col-xxl-6\"><div class=\"box-image\"><img decoding=\"async\" class=\"image\" src=\"https:\/\/www.maccaferri.com\/cz\/wp-content\/uploads\/2023\/06\/SDG-Foto-13-11-1-7.png\" alt=\"Image\"\/><\/div><\/div><div class=\"col-12 col-lg-6 col-xl-6 col-xxl-6 title-box-txt\" style=\"text-align:default\"><p class=\"description\" style=\"color:#212429\"><strong>ZA\u010cLEN\u011aN\u00cd DO P\u0158\u00cdRODN\u00cdHO PROST\u0158ED\u00cd<br><br><\/strong>Z\u00e1le\u017e\u00ed n\u00e1m na <strong>naturalizaci na\u0161ich in\u017een\u00fdrsk\u00fdch staveb<\/strong> a v\u011b\u0159\u00edme, \u017ee za\u010dlen\u011bn\u00ed vegetace a technik v\u00fdsadby ve f\u00e1zi n\u00e1vrhu je dal\u0161\u00ed ekologickou hodnotou na\u0161ich \u0159e\u0161en\u00ed.<br><br>Pracujeme na zlep\u0161en\u00ed celkov\u00e9 estetiky na\u0161ich staveb, abychom je l\u00e9pe za\u010dlenili do m\u011bstsk\u00e9ho prost\u0159ed\u00ed.<\/p><\/div><\/div><\/div><h2 class=\"wp-block-heading\"> <\/h2><div class=\"wp-block-mac-block-left-description-right-image container-media box-container\"><div class=\"row\"><div class=\"col-12 col-lg-6 col-xl-6 col-xxl-6 title-box-txt order-lg-first order-last\" style=\"text-align:default\"><p class=\"description\" style=\"color:#212429\"><strong>RESPEKTOV\u00c1N\u00cd A ZVY\u0160OV\u00c1N\u00cd BIOLOGICK\u00c9 ROZMANITOSTI<br><br><\/strong>Sna\u017e\u00edme se <strong>sn\u00ed\u017eit dopad na\u0161ich \u0159e\u0161en\u00ed<\/strong> <strong>na \u017eivotn\u00ed prost\u0159ed\u00ed <\/strong>a dos\u00e1hnout rovnov\u00e1hy mezi technick\u00fdm v\u00fdkonem a p\u0159irozenou integrac\u00ed.<br><br>Jedn\u00edm z na\u0161ich z\u00e1vazk\u016f je up\u0159ednost\u0148ovat <strong>\u0159e\u0161en\u00ed, kter\u00e1 zvy\u0161uj\u00ed biologickou rozmanitost<\/strong>, poskytuj\u00ed dokonal\u00e9 prost\u0159ed\u00ed pro r\u016fzn\u00e9 druhy a berou ohled na p\u0159\u00edtomnost voln\u011b \u017eij\u00edc\u00edch \u017eivo\u010dich\u016f a respektuj\u00ed je.<\/p><\/div><div class=\"col-12 col-lg-6 col-xl-6 col-xxl-6\"><div class=\"box-image\"><img decoding=\"async\" class=\"image\" src=\"https:\/\/www.maccaferri.com\/cz\/wp-content\/uploads\/2023\/06\/SDG-Foto-14-15-1-min-7.png\" alt=\"Image\"\/><\/div><\/div><\/div><\/div><div style=\"height:100px\" aria-hidden=\"true\" class=\"wp-block-spacer\"><\/div><div class=\"wp-block-buttons is-content-justification-center is-layout-flex wp-container-core-buttons-is-layout-16018d1d wp-block-buttons-is-layout-flex\"><div class=\"wp-block-button\"><a class=\"wp-block-button__link\" href=\"https:\/\/www.maccaferri.com\/download\/maccaferri-sustainability-2022\" target=\"_blank\" rel=\"noreferrer noopener\">ST\u00c1HNOUT CELOU PREZENTACI<\/a><\/div><\/div><div style=\"height:100px\" aria-hidden=\"true\" class=\"wp-block-spacer\"><\/div>","protected":false},"excerpt":{"rendered":"","protected":false},"author":1,"featured_media":0,"parent":0,"menu_order":0,"comment_status":"closed","ping_status":"closed","template":"","meta":{"_acf_changed":false,"_joinchat":[],"footnotes":""},"class_list":["post-1375","page","type-page","status-publish","hentry"],"acf":{"uuid_products":"","product-documents":""},"yoast_head":"<!-- This site is optimized with the Yoast SEO Premium plugin v27.0 (Yoast SEO v27.0) - https:\/\/yoast.com\/product\/yoast-seo-premium-wordpress\/ -->\n<title>Udr\u017eitelnost - Maccaferri \u010cesk\u00e1 republika<\/title>\n<meta name=\"description\" content=\"Udr\u017eitelnost Jsme pevn\u011b odhodl\u00e1ni \u0159e\u0161it environment\u00e1ln\u00ed, ekonomick\u00e9 a soci\u00e1ln\u00ed aspekty holistick\u00fdm p\u0159\u00edstupem. Pevn\u011b v\u011b\u0159\u00edme v p\u0159ij\u00edm\u00e1n\u00ed udr\u017eiteln\u00fdch\" \/>\n<meta name=\"robots\" content=\"index, follow, max-snippet:-1, max-image-preview:large, max-video-preview:-1\" \/>\n<link rel=\"canonical\" href=\"https:\/\/www.maccaferri.com\/cz\/udrzitelnost\/\" \/>\n<meta property=\"og:locale\" content=\"cs_CZ\" \/>\n<meta property=\"og:type\" content=\"article\" \/>\n<meta property=\"og:title\" content=\"Udr\u017eitelnost - Maccaferri \u010cesk\u00e1 republika\" \/>\n<meta property=\"og:description\" content=\"Udr\u017eitelnost Jsme pevn\u011b odhodl\u00e1ni \u0159e\u0161it environment\u00e1ln\u00ed, ekonomick\u00e9 a soci\u00e1ln\u00ed aspekty holistick\u00fdm p\u0159\u00edstupem. Pevn\u011b v\u011b\u0159\u00edme v p\u0159ij\u00edm\u00e1n\u00ed udr\u017eiteln\u00fdch\" \/>\n<meta property=\"og:url\" content=\"https:\/\/www.maccaferri.com\/cz\/udrzitelnost\/\" \/>\n<meta property=\"og:site_name\" content=\"Maccaferri \u010cesk\u00e1 republika\" \/>\n<meta property=\"article:modified_time\" content=\"2023-06-01T15:07:37+00:00\" \/>\n<meta property=\"og:image\" content=\"https:\/\/www.maccaferri.com\/cz\/wp-content\/uploads\/sites\/24\/2022\/12\/Sustainability_Gabion_3.jpg\" \/>\n<meta name=\"twitter:card\" content=\"summary_large_image\" \/>\n<meta name=\"twitter:label1\" content=\"Est. reading time\" \/>\n\t<meta name=\"twitter:data1\" content=\"5 minutes\" \/>\n<script type=\"application\/ld+json\" class=\"yoast-schema-graph\">{\"@context\":\"https:\/\/schema.org\",\"@graph\":[{\"@type\":\"WebPage\",\"@id\":\"https:\/\/www.maccaferri.com\/cz\/udrzitelnost\/\",\"url\":\"https:\/\/www.maccaferri.com\/cz\/udrzitelnost\/\",\"name\":\"Udr\u017eitelnost - Maccaferri \u010cesk\u00e1 republika\",\"isPartOf\":{\"@id\":\"https:\/\/www.maccaferri.com\/cz\/#website\"},\"primaryImageOfPage\":{\"@id\":\"https:\/\/www.maccaferri.com\/cz\/udrzitelnost\/#primaryimage\"},\"image\":{\"@id\":\"https:\/\/www.maccaferri.com\/cz\/udrzitelnost\/#primaryimage\"},\"thumbnailUrl\":\"https:\/\/www.maccaferri.com\/cz\/wp-content\/uploads\/sites\/24\/2022\/12\/Sustainability_Gabion_3.jpg\",\"datePublished\":\"2022-07-28T13:26:58+00:00\",\"dateModified\":\"2023-06-01T15:07:37+00:00\",\"description\":\"Udr\u017eitelnost Jsme pevn\u011b odhodl\u00e1ni \u0159e\u0161it environment\u00e1ln\u00ed, ekonomick\u00e9 a soci\u00e1ln\u00ed aspekty holistick\u00fdm p\u0159\u00edstupem. Pevn\u011b v\u011b\u0159\u00edme v p\u0159ij\u00edm\u00e1n\u00ed udr\u017eiteln\u00fdch\",\"inLanguage\":\"cs-CZ\",\"potentialAction\":[{\"@type\":\"ReadAction\",\"target\":[\"https:\/\/www.maccaferri.com\/cz\/udrzitelnost\/\"]}]},{\"@type\":\"ImageObject\",\"inLanguage\":\"cs-CZ\",\"@id\":\"https:\/\/www.maccaferri.com\/cz\/udrzitelnost\/#primaryimage\",\"url\":\"https:\/\/www.maccaferri.com\/cz\/wp-content\/uploads\/sites\/24\/2022\/12\/Sustainability_Gabion_3.jpg\",\"contentUrl\":\"https:\/\/www.maccaferri.com\/cz\/wp-content\/uploads\/sites\/24\/2022\/12\/Sustainability_Gabion_3.jpg\"},{\"@type\":\"WebSite\",\"@id\":\"https:\/\/www.maccaferri.com\/cz\/#website\",\"url\":\"https:\/\/www.maccaferri.com\/cz\/\",\"name\":\"Maccaferri \u010cesk\u00e1 republika\",\"description\":\"\",\"publisher\":{\"@id\":\"https:\/\/www.maccaferri.com\/cz\/#organization\"},\"potentialAction\":[{\"@type\":\"SearchAction\",\"target\":{\"@type\":\"EntryPoint\",\"urlTemplate\":\"https:\/\/www.maccaferri.com\/cz\/?s={search_term_string}\"},\"query-input\":{\"@type\":\"PropertyValueSpecification\",\"valueRequired\":true,\"valueName\":\"search_term_string\"}}],\"inLanguage\":\"cs-CZ\"},{\"@type\":\"Organization\",\"@id\":\"https:\/\/www.maccaferri.com\/cz\/#organization\",\"name\":\"Maccaferri \u010cesk\u00e1 republika\",\"url\":\"https:\/\/www.maccaferri.com\/cz\/\",\"logo\":{\"@type\":\"ImageObject\",\"inLanguage\":\"cs-CZ\",\"@id\":\"https:\/\/www.maccaferri.com\/cz\/#\/schema\/logo\/image\/\",\"url\":\"https:\/\/www.maccaferri.com\/cz\/wp-content\/uploads\/2022\/07\/logo-maccaferri.png\",\"contentUrl\":\"https:\/\/www.maccaferri.com\/cz\/wp-content\/uploads\/2022\/07\/logo-maccaferri.png\",\"width\":152,\"height\":32,\"caption\":\"Maccaferri \u010cesk\u00e1 republika\"},\"image\":{\"@id\":\"https:\/\/www.maccaferri.com\/cz\/#\/schema\/logo\/image\/\"}}]}<\/script>\n<!-- \/ Yoast SEO Premium plugin. -->","yoast_head_json":{"title":"Udr\u017eitelnost - Maccaferri \u010cesk\u00e1 republika","description":"Udr\u017eitelnost Jsme pevn\u011b odhodl\u00e1ni \u0159e\u0161it environment\u00e1ln\u00ed, ekonomick\u00e9 a soci\u00e1ln\u00ed aspekty holistick\u00fdm p\u0159\u00edstupem. Pevn\u011b v\u011b\u0159\u00edme v p\u0159ij\u00edm\u00e1n\u00ed udr\u017eiteln\u00fdch","robots":{"index":"index","follow":"follow","max-snippet":"max-snippet:-1","max-image-preview":"max-image-preview:large","max-video-preview":"max-video-preview:-1"},"canonical":"https:\/\/www.maccaferri.com\/cz\/udrzitelnost\/","og_locale":"cs_CZ","og_type":"article","og_title":"Udr\u017eitelnost - Maccaferri \u010cesk\u00e1 republika","og_description":"Udr\u017eitelnost Jsme pevn\u011b odhodl\u00e1ni \u0159e\u0161it environment\u00e1ln\u00ed, ekonomick\u00e9 a soci\u00e1ln\u00ed aspekty holistick\u00fdm p\u0159\u00edstupem. Pevn\u011b v\u011b\u0159\u00edme v p\u0159ij\u00edm\u00e1n\u00ed udr\u017eiteln\u00fdch","og_url":"https:\/\/www.maccaferri.com\/cz\/udrzitelnost\/","og_site_name":"Maccaferri \u010cesk\u00e1 republika","article_modified_time":"2023-06-01T15:07:37+00:00","og_image":[{"url":"https:\/\/www.maccaferri.com\/cz\/wp-content\/uploads\/sites\/24\/2022\/12\/Sustainability_Gabion_3.jpg","type":"","width":"","height":""}],"twitter_card":"summary_large_image","twitter_misc":{"Est. reading time":"5 minutes"},"schema":{"@context":"https:\/\/schema.org","@graph":[{"@type":"WebPage","@id":"https:\/\/www.maccaferri.com\/cz\/udrzitelnost\/","url":"https:\/\/www.maccaferri.com\/cz\/udrzitelnost\/","name":"Udr\u017eitelnost - Maccaferri \u010cesk\u00e1 republika","isPartOf":{"@id":"https:\/\/www.maccaferri.com\/cz\/#website"},"primaryImageOfPage":{"@id":"https:\/\/www.maccaferri.com\/cz\/udrzitelnost\/#primaryimage"},"image":{"@id":"https:\/\/www.maccaferri.com\/cz\/udrzitelnost\/#primaryimage"},"thumbnailUrl":"https:\/\/www.maccaferri.com\/cz\/wp-content\/uploads\/sites\/24\/2022\/12\/Sustainability_Gabion_3.jpg","datePublished":"2022-07-28T13:26:58+00:00","dateModified":"2023-06-01T15:07:37+00:00","description":"Udr\u017eitelnost Jsme pevn\u011b odhodl\u00e1ni \u0159e\u0161it environment\u00e1ln\u00ed, ekonomick\u00e9 a soci\u00e1ln\u00ed aspekty holistick\u00fdm p\u0159\u00edstupem. Pevn\u011b v\u011b\u0159\u00edme v p\u0159ij\u00edm\u00e1n\u00ed udr\u017eiteln\u00fdch","inLanguage":"cs-CZ","potentialAction":[{"@type":"ReadAction","target":["https:\/\/www.maccaferri.com\/cz\/udrzitelnost\/"]}]},{"@type":"ImageObject","inLanguage":"cs-CZ","@id":"https:\/\/www.maccaferri.com\/cz\/udrzitelnost\/#primaryimage","url":"https:\/\/www.maccaferri.com\/cz\/wp-content\/uploads\/sites\/24\/2022\/12\/Sustainability_Gabion_3.jpg","contentUrl":"https:\/\/www.maccaferri.com\/cz\/wp-content\/uploads\/sites\/24\/2022\/12\/Sustainability_Gabion_3.jpg"},{"@type":"WebSite","@id":"https:\/\/www.maccaferri.com\/cz\/#website","url":"https:\/\/www.maccaferri.com\/cz\/","name":"Maccaferri \u010cesk\u00e1 republika","description":"","publisher":{"@id":"https:\/\/www.maccaferri.com\/cz\/#organization"},"potentialAction":[{"@type":"SearchAction","target":{"@type":"EntryPoint","urlTemplate":"https:\/\/www.maccaferri.com\/cz\/?s={search_term_string}"},"query-input":{"@type":"PropertyValueSpecification","valueRequired":true,"valueName":"search_term_string"}}],"inLanguage":"cs-CZ"},{"@type":"Organization","@id":"https:\/\/www.maccaferri.com\/cz\/#organization","name":"Maccaferri \u010cesk\u00e1 republika","url":"https:\/\/www.maccaferri.com\/cz\/","logo":{"@type":"ImageObject","inLanguage":"cs-CZ","@id":"https:\/\/www.maccaferri.com\/cz\/#\/schema\/logo\/image\/","url":"https:\/\/www.maccaferri.com\/cz\/wp-content\/uploads\/2022\/07\/logo-maccaferri.png","contentUrl":"https:\/\/www.maccaferri.com\/cz\/wp-content\/uploads\/2022\/07\/logo-maccaferri.png","width":152,"height":32,"caption":"Maccaferri \u010cesk\u00e1 republika"},"image":{"@id":"https:\/\/www.maccaferri.com\/cz\/#\/schema\/logo\/image\/"}}]}},"_links":{"self":[{"href":"https:\/\/www.maccaferri.com\/cz\/wp-json\/wp\/v2\/pages\/1375","targetHints":{"allow":["GET"]}}],"collection":[{"href":"https:\/\/www.maccaferri.com\/cz\/wp-json\/wp\/v2\/pages"}],"about":[{"href":"https:\/\/www.maccaferri.com\/cz\/wp-json\/wp\/v2\/types\/page"}],"author":[{"embeddable":true,"href":"https:\/\/www.maccaferri.com\/cz\/wp-json\/wp\/v2\/users\/1"}],"replies":[{"embeddable":true,"href":"https:\/\/www.maccaferri.com\/cz\/wp-json\/wp\/v2\/comments?post=1375"}],"version-history":[{"count":41,"href":"https:\/\/www.maccaferri.com\/cz\/wp-json\/wp\/v2\/pages\/1375\/revisions"}],"predecessor-version":[{"id":21678,"href":"https:\/\/www.maccaferri.com\/cz\/wp-json\/wp\/v2\/pages\/1375\/revisions\/21678"}],"wp:attachment":[{"href":"https:\/\/www.maccaferri.com\/cz\/wp-json\/wp\/v2\/media?parent=1375"}],"curies":[{"name":"wp","href":"https:\/\/api.w.org\/{rel}","templated":true}]}}