{"id":68619,"date":"2024-03-26T13:03:56","date_gmt":"2024-03-26T12:03:56","guid":{"rendered":"https:\/\/www.maccaferri.com\/ca\/?page_id=68619"},"modified":"2024-03-26T13:04:02","modified_gmt":"2024-03-26T12:04:02","slug":"logiciels-maccaferri-2","status":"publish","type":"page","link":"https:\/\/www.maccaferri.com\/ca\/fr\/logiciels-maccaferri-2\/","title":{"rendered":"Logiciels Maccaferri"},"content":{"rendered":"<div class=\"wp-block-mac-h1-title-hero-block container-fluid block-txt-container\" style=\"background:linear-gradient(180deg,rgb(1,94,111) 0%,rgb(0,72,87) 100%)\"><div class=\"row\"><div class=\"col\"><div class=\"gts__picture\"><img decoding=\"async\" src=\"https:\/\/www.maccaferri.com\/fr\/wp-content\/uploads\/2023\/01\/software-2.jpeg\" style=\"display:none\" \/><div class=\"gts__picture__image\" style=\"background-image:url(https:\/\/www.maccaferri.com\/fr\/wp-content\/uploads\/2023\/01\/software-2.jpeg)\"><\/div><\/div><div class=\"container box-container\"><div class=\"row\"><div class=\"col title-box-txt\"><h1 class=\"wp-block-mac-h1-title-hero-block\" style=\"color:#ffffff;text-align:none\">Logiciels Maccaferri<\/h1><\/div><\/div><\/div><\/div><\/div><\/div><div style=\"height:100px\" aria-hidden=\"true\" class=\"wp-block-spacer\"><\/div><div class=\"wp-block-columns is-layout-flex wp-container-core-columns-is-layout-9d6595d7 wp-block-columns-is-layout-flex\"><div class=\"wp-block-column is-layout-flow wp-block-column-is-layout-flow\"><div class=\"wp-block-mac-container-block box-container\"><div class=\"wp-block-columns is-layout-flex wp-container-core-columns-is-layout-9d6595d7 wp-block-columns-is-layout-flex\"><div class=\"wp-block-column is-layout-flow wp-block-column-is-layout-flow\"><div class=\"wp-block-mac-h5-txt-paragraph-block block-txt-container box-container\"><div class=\"row\"><div class=\"col paragraph-box-txt\"><h5 class=\"wp-block-mac-h5-txt-paragraph-block\" style=\"color:#212429;text-align:left\">D\u00e9velopp\u00e9s en partenariat avec des instituts et des universit\u00e9s de premier plan, nos logiciels faciles \u00e0 utiliser et utilis\u00e9s dans le monde entier permettent aux ing\u00e9nieurs de concevoir et de fournir des solutions de g\u00e9nie civil efficaces et fiables.<br><br>Bas\u00e9es sur des donn\u00e9es exp\u00e9rimentales recueillies au cours de d\u00e9cennies d&#8217;exp\u00e9rience sur le terrain et de campagnes de tests rigoureuses, nos logiciels gratuits r\u00e9pondent aux exigences des ing\u00e9nieurs en g\u00e9nie civil et g\u00e9otechniques du monde entier tout en offrant des avantages suppl\u00e9mentaires en termes de rentabilit\u00e9 et d&#8217;optimisation des solutions utilis\u00e9es.<br><br>Contactez-nous pour b\u00e9n\u00e9ficier d&#8217;une formation sur nos logiciels et commencer la conception de solutions d&#8217;ing\u00e9nierie haut de gamme et stimulantes dans les conditions les plus diverses.<\/h5><\/div><\/div><\/div><\/div><\/div><\/div><\/div><\/div><div class=\"wp-block-mac-container-block box-container\"><div class=\"wp-block-columns is-layout-flex wp-container-core-columns-is-layout-9d6595d7 wp-block-columns-is-layout-flex\"><div class=\"wp-block-column is-layout-flow wp-block-column-is-layout-flow\"><figure class=\"wp-block-image size-full\"><img fetchpriority=\"high\" decoding=\"async\" width=\"430\" height=\"330\" src=\"https:\/\/www.maccaferri.com\/fr\/wp-content\/uploads\/sites\/30\/2022\/12\/maccaferri-software.png\" alt=\"\" class=\"wp-image-3075\" srcset=\"https:\/\/www.maccaferri.com\/ca\/wp-content\/uploads\/2022\/12\/maccaferri-software.png 430w, https:\/\/www.maccaferri.com\/ca\/wp-content\/uploads\/2022\/12\/maccaferri-software-300x230.png 300w\" sizes=\"(max-width: 430px) 100vw, 430px\" \/><\/figure><\/div>\n\n<div class=\"wp-block-column is-layout-flow wp-block-column-is-layout-flow\"><div style=\"height:50px\" aria-hidden=\"true\" class=\"wp-block-spacer\"><\/div>\n\n<div class=\"wp-block-mac-h2-title-bold-block block-txt-container box-container\"><div class=\"row\"><div class=\"col title-box-txt\"><h2 style=\"color:#004857;text-align:center\">Logiciels en ligne <\/h2><\/div><\/div><\/div>\n\n<p class=\"has-text-align-left has-medium-font-size\">Visitez la plateforme eDesign avec les logiciels de Maccaferri. Concevez vos projets en ligne de n&#8217;importe o\u00f9. Aucun t\u00e9l\u00e9chargement n&#8217;est n\u00e9cessaire.<\/p>\n\n<ul class=\"wp-block-list\" style=\"font-size:19px\"><li><strong>Mac S-Design<\/strong> : s\u00e9curisez vos talus\/parois rocheuses<\/li>\n\n<li><strong>MacTube Design<\/strong> : prot\u00e9ger les c\u00f4tes<\/li>\n\n<li><strong>MacBars Design<\/strong> : stabilisez votre remblai<\/li>\n\n<li><strong>MACRA Design<\/strong> : dimensionnement des ouvrages hydrauliques<\/li>\n\n<li><strong>REQUALIFE<\/strong> : concevoir des cours d&#8217;eau pour un avenir durable<\/li><\/ul>\n\n<div class=\"wp-block-buttons is-content-justification-center is-layout-flex wp-container-core-buttons-is-layout-16018d1d wp-block-buttons-is-layout-flex\"><div class=\"wp-block-button\"><a class=\"wp-block-button__link wp-element-button\" href=\"https:\/\/edesign.maccaferri.com\/\">ACC\u00c8S A LA platEformE<\/a><\/div><\/div><\/div><\/div><\/div><div style=\"height:150px\" aria-hidden=\"true\" class=\"wp-block-spacer\"><\/div><div class=\"wp-block-mac-container-block box-container\"><div class=\"wp-block-columns is-layout-flex wp-container-core-columns-is-layout-9d6595d7 wp-block-columns-is-layout-flex\"><div class=\"wp-block-column is-layout-flow wp-block-column-is-layout-flow\"><div class=\"wp-block-mac-h2-title-bold-block block-txt-container box-container\"><div class=\"row\"><div class=\"col title-box-txt\"><h2 style=\"color:#004857;text-align:left\">Logiciels de conception t\u00e9l\u00e9chargeables<\/h2><\/div><\/div><\/div>\n\n<p class=\"has-text-align-left has-medium-font-size\">D\u00e9couvrez nos  logiciels de conception t\u00e9l\u00e9chargeables :<\/p>\n\n<ul class=\"wp-block-list\" style=\"font-size:19px\"><li><strong>MACFLOW Studio<\/strong> : conception de solutions de drainage efficace<\/li>\n\n<li><strong>MACREAD AASHTO<\/strong> : dimensionnement couches de chauss\u00e9es souples<\/li>\n\n<li><strong>MACREAD Studio<\/strong> : dimensionnement de solutions de stabilisation de plateforme de chauss\u00e9es <\/li>\n\n<li><strong>MACRO Studio<\/strong> :  dimensionnement grillage et filets pour application sur roches<\/li>\n\n<li><strong>MacStars 4.0<\/strong>: conception de pentes de sol renforc\u00e9es, de murs et de structures hybrides complexes<\/li>\n\n<li><strong>GAWAC<\/strong>: Projet de murs de sout\u00e8nement en gabions<\/li><\/ul>\n\n<div class=\"wp-block-buttons is-layout-flex wp-block-buttons-is-layout-flex\"><div class=\"wp-block-button aligncenter\"><a class=\"wp-block-button__link wp-element-button\" href=\"https:\/\/www.maccaferri.com\/fr\/search?category-link=&amp;r=&amp;sectors-select=&amp;applications-select=&amp;solutions-select=&amp;products-select=&amp;location-select=&amp;full=on&amp;find_softwares=1\">obtenir les logiciels<\/a><\/div><\/div><\/div>\n\n<div class=\"wp-block-column is-layout-flow wp-block-column-is-layout-flow\"><div style=\"height:100px\" aria-hidden=\"true\" class=\"wp-block-spacer\"><\/div>\n\n<figure class=\"wp-block-image size-large\"><img decoding=\"async\" width=\"1024\" height=\"686\" src=\"https:\/\/www.maccaferri.com\/fr\/wp-content\/uploads\/sites\/30\/2022\/12\/maccaferri-software-downloadable-1024x686.png\" alt=\"\" class=\"wp-image-3728\" srcset=\"https:\/\/www.maccaferri.com\/ca\/wp-content\/uploads\/2022\/12\/maccaferri-software-downloadable-1024x686.png 1024w, https:\/\/www.maccaferri.com\/ca\/wp-content\/uploads\/2022\/12\/maccaferri-software-downloadable-300x201.png 300w, https:\/\/www.maccaferri.com\/ca\/wp-content\/uploads\/2022\/12\/maccaferri-software-downloadable-768x514.png 768w, https:\/\/www.maccaferri.com\/ca\/wp-content\/uploads\/2022\/12\/maccaferri-software-downloadable-1536x1029.png 1536w, https:\/\/www.maccaferri.com\/ca\/wp-content\/uploads\/2022\/12\/maccaferri-software-downloadable.png 1583w\" sizes=\"(max-width: 1024px) 100vw, 1024px\" \/><\/figure><\/div><\/div><\/div><div style=\"height:100px\" aria-hidden=\"true\" class=\"wp-block-spacer\"><\/div>","protected":false},"excerpt":{"rendered":"","protected":false},"author":26632,"featured_media":0,"parent":0,"menu_order":0,"comment_status":"closed","ping_status":"closed","template":"","meta":{"_acf_changed":false,"_joinchat":[],"footnotes":""},"class_list":["post-68619","page","type-page","status-publish","hentry"],"acf":{"uuid_products":"","product-documents":""},"yoast_head":"<!-- This site is optimized with the Yoast SEO Premium plugin v27.0 (Yoast SEO v27.0) - https:\/\/yoast.com\/product\/yoast-seo-premium-wordpress\/ -->\n<title>Logiciels Maccaferri - Maccaferri Canada<\/title>\n<meta name=\"description\" content=\"Logiciels Maccaferri D\u00e9velopp\u00e9s en partenariat avec des instituts et des universit\u00e9s de premier plan, nos logiciels faciles \u00e0 utiliser et utilis\u00e9s dans le\" \/>\n<meta name=\"robots\" content=\"index, follow, max-snippet:-1, max-image-preview:large, max-video-preview:-1\" \/>\n<link rel=\"canonical\" href=\"https:\/\/www.maccaferri.com\/ca\/fr\/logiciels-maccaferri-2\/\" \/>\n<meta property=\"og:locale\" content=\"fr_FR\" \/>\n<meta property=\"og:type\" content=\"article\" \/>\n<meta property=\"og:title\" content=\"Logiciels Maccaferri\" \/>\n<meta property=\"og:description\" content=\"Logiciels Maccaferri D\u00e9velopp\u00e9s en partenariat avec des instituts et des universit\u00e9s de premier plan, nos logiciels faciles \u00e0 utiliser et utilis\u00e9s dans le\" \/>\n<meta property=\"og:url\" content=\"https:\/\/www.maccaferri.com\/ca\/fr\/logiciels-maccaferri-2\/\" \/>\n<meta property=\"og:site_name\" content=\"Maccaferri Canada\" \/>\n<meta property=\"article:modified_time\" content=\"2024-03-26T12:04:02+00:00\" \/>\n<meta property=\"og:image\" content=\"https:\/\/www.maccaferri.com\/fr\/wp-content\/uploads\/2023\/01\/software-2.jpeg\" \/>\n<meta name=\"twitter:card\" content=\"summary_large_image\" \/>\n<meta name=\"twitter:label1\" content=\"Dur\u00e9e de lecture estim\u00e9e\" \/>\n\t<meta name=\"twitter:data1\" content=\"2 minutes\" \/>\n<script type=\"application\/ld+json\" class=\"yoast-schema-graph\">{\"@context\":\"https:\/\/schema.org\",\"@graph\":[{\"@type\":\"WebPage\",\"@id\":\"https:\/\/www.maccaferri.com\/ca\/fr\/logiciels-maccaferri-2\/\",\"url\":\"https:\/\/www.maccaferri.com\/ca\/fr\/logiciels-maccaferri-2\/\",\"name\":\"Logiciels Maccaferri - Maccaferri Canada\",\"isPartOf\":{\"@id\":\"https:\/\/www.maccaferri.com\/ca\/fr\/#website\"},\"primaryImageOfPage\":{\"@id\":\"https:\/\/www.maccaferri.com\/ca\/fr\/logiciels-maccaferri-2\/#primaryimage\"},\"image\":{\"@id\":\"https:\/\/www.maccaferri.com\/ca\/fr\/logiciels-maccaferri-2\/#primaryimage\"},\"thumbnailUrl\":\"https:\/\/www.maccaferri.com\/fr\/wp-content\/uploads\/2023\/01\/software-2.jpeg\",\"datePublished\":\"2024-03-26T12:03:56+00:00\",\"dateModified\":\"2024-03-26T12:04:02+00:00\",\"description\":\"Logiciels Maccaferri D\u00e9velopp\u00e9s en partenariat avec des instituts et des universit\u00e9s de premier plan, nos logiciels faciles \u00e0 utiliser et utilis\u00e9s dans le\",\"breadcrumb\":{\"@id\":\"https:\/\/www.maccaferri.com\/ca\/fr\/logiciels-maccaferri-2\/#breadcrumb\"},\"inLanguage\":\"fr-FR\",\"potentialAction\":[{\"@type\":\"ReadAction\",\"target\":[\"https:\/\/www.maccaferri.com\/ca\/fr\/logiciels-maccaferri-2\/\"]}]},{\"@type\":\"ImageObject\",\"inLanguage\":\"fr-FR\",\"@id\":\"https:\/\/www.maccaferri.com\/ca\/fr\/logiciels-maccaferri-2\/#primaryimage\",\"url\":\"https:\/\/www.maccaferri.com\/fr\/wp-content\/uploads\/2023\/01\/software-2.jpeg\",\"contentUrl\":\"https:\/\/www.maccaferri.com\/fr\/wp-content\/uploads\/2023\/01\/software-2.jpeg\"},{\"@type\":\"BreadcrumbList\",\"@id\":\"https:\/\/www.maccaferri.com\/ca\/fr\/logiciels-maccaferri-2\/#breadcrumb\",\"itemListElement\":[{\"@type\":\"ListItem\",\"position\":1,\"name\":\"Home\",\"item\":\"https:\/\/www.maccaferri.com\/ca\/fr\/\"},{\"@type\":\"ListItem\",\"position\":2,\"name\":\"Logiciels Maccaferri\"}]},{\"@type\":\"WebSite\",\"@id\":\"https:\/\/www.maccaferri.com\/ca\/fr\/#website\",\"url\":\"https:\/\/www.maccaferri.com\/ca\/fr\/\",\"name\":\"Maccaferri Canada\",\"description\":\"\",\"publisher\":{\"@id\":\"https:\/\/www.maccaferri.com\/ca\/fr\/#organization\"},\"potentialAction\":[{\"@type\":\"SearchAction\",\"target\":{\"@type\":\"EntryPoint\",\"urlTemplate\":\"https:\/\/www.maccaferri.com\/ca\/fr\/?s={search_term_string}\"},\"query-input\":{\"@type\":\"PropertyValueSpecification\",\"valueRequired\":true,\"valueName\":\"search_term_string\"}}],\"inLanguage\":\"fr-FR\"},{\"@type\":\"Organization\",\"@id\":\"https:\/\/www.maccaferri.com\/ca\/fr\/#organization\",\"name\":\"Maccaferri Canada\",\"url\":\"https:\/\/www.maccaferri.com\/ca\/fr\/\",\"logo\":{\"@type\":\"ImageObject\",\"inLanguage\":\"fr-FR\",\"@id\":\"https:\/\/www.maccaferri.com\/ca\/fr\/#\/schema\/logo\/image\/\",\"url\":\"https:\/\/www.maccaferri.com\/ca\/wp-content\/uploads\/2022\/07\/logo-maccaferri.png\",\"contentUrl\":\"https:\/\/www.maccaferri.com\/ca\/wp-content\/uploads\/2022\/07\/logo-maccaferri.png\",\"width\":152,\"height\":32,\"caption\":\"Maccaferri Canada\"},\"image\":{\"@id\":\"https:\/\/www.maccaferri.com\/ca\/fr\/#\/schema\/logo\/image\/\"}}]}<\/script>\n<!-- \/ Yoast SEO Premium plugin. -->","yoast_head_json":{"title":"Logiciels Maccaferri - Maccaferri Canada","description":"Logiciels Maccaferri D\u00e9velopp\u00e9s en partenariat avec des instituts et des universit\u00e9s de premier plan, nos logiciels faciles \u00e0 utiliser et utilis\u00e9s dans le","robots":{"index":"index","follow":"follow","max-snippet":"max-snippet:-1","max-image-preview":"max-image-preview:large","max-video-preview":"max-video-preview:-1"},"canonical":"https:\/\/www.maccaferri.com\/ca\/fr\/logiciels-maccaferri-2\/","og_locale":"fr_FR","og_type":"article","og_title":"Logiciels Maccaferri","og_description":"Logiciels Maccaferri D\u00e9velopp\u00e9s en partenariat avec des instituts et des universit\u00e9s de premier plan, nos logiciels faciles \u00e0 utiliser et utilis\u00e9s dans le","og_url":"https:\/\/www.maccaferri.com\/ca\/fr\/logiciels-maccaferri-2\/","og_site_name":"Maccaferri Canada","article_modified_time":"2024-03-26T12:04:02+00:00","og_image":[{"url":"https:\/\/www.maccaferri.com\/fr\/wp-content\/uploads\/2023\/01\/software-2.jpeg","type":"","width":"","height":""}],"twitter_card":"summary_large_image","twitter_misc":{"Dur\u00e9e de lecture estim\u00e9e":"2 minutes"},"schema":{"@context":"https:\/\/schema.org","@graph":[{"@type":"WebPage","@id":"https:\/\/www.maccaferri.com\/ca\/fr\/logiciels-maccaferri-2\/","url":"https:\/\/www.maccaferri.com\/ca\/fr\/logiciels-maccaferri-2\/","name":"Logiciels Maccaferri - Maccaferri Canada","isPartOf":{"@id":"https:\/\/www.maccaferri.com\/ca\/fr\/#website"},"primaryImageOfPage":{"@id":"https:\/\/www.maccaferri.com\/ca\/fr\/logiciels-maccaferri-2\/#primaryimage"},"image":{"@id":"https:\/\/www.maccaferri.com\/ca\/fr\/logiciels-maccaferri-2\/#primaryimage"},"thumbnailUrl":"https:\/\/www.maccaferri.com\/fr\/wp-content\/uploads\/2023\/01\/software-2.jpeg","datePublished":"2024-03-26T12:03:56+00:00","dateModified":"2024-03-26T12:04:02+00:00","description":"Logiciels Maccaferri D\u00e9velopp\u00e9s en partenariat avec des instituts et des universit\u00e9s de premier plan, nos logiciels faciles \u00e0 utiliser et utilis\u00e9s dans le","breadcrumb":{"@id":"https:\/\/www.maccaferri.com\/ca\/fr\/logiciels-maccaferri-2\/#breadcrumb"},"inLanguage":"fr-FR","potentialAction":[{"@type":"ReadAction","target":["https:\/\/www.maccaferri.com\/ca\/fr\/logiciels-maccaferri-2\/"]}]},{"@type":"ImageObject","inLanguage":"fr-FR","@id":"https:\/\/www.maccaferri.com\/ca\/fr\/logiciels-maccaferri-2\/#primaryimage","url":"https:\/\/www.maccaferri.com\/fr\/wp-content\/uploads\/2023\/01\/software-2.jpeg","contentUrl":"https:\/\/www.maccaferri.com\/fr\/wp-content\/uploads\/2023\/01\/software-2.jpeg"},{"@type":"BreadcrumbList","@id":"https:\/\/www.maccaferri.com\/ca\/fr\/logiciels-maccaferri-2\/#breadcrumb","itemListElement":[{"@type":"ListItem","position":1,"name":"Home","item":"https:\/\/www.maccaferri.com\/ca\/fr\/"},{"@type":"ListItem","position":2,"name":"Logiciels Maccaferri"}]},{"@type":"WebSite","@id":"https:\/\/www.maccaferri.com\/ca\/fr\/#website","url":"https:\/\/www.maccaferri.com\/ca\/fr\/","name":"Maccaferri Canada","description":"","publisher":{"@id":"https:\/\/www.maccaferri.com\/ca\/fr\/#organization"},"potentialAction":[{"@type":"SearchAction","target":{"@type":"EntryPoint","urlTemplate":"https:\/\/www.maccaferri.com\/ca\/fr\/?s={search_term_string}"},"query-input":{"@type":"PropertyValueSpecification","valueRequired":true,"valueName":"search_term_string"}}],"inLanguage":"fr-FR"},{"@type":"Organization","@id":"https:\/\/www.maccaferri.com\/ca\/fr\/#organization","name":"Maccaferri Canada","url":"https:\/\/www.maccaferri.com\/ca\/fr\/","logo":{"@type":"ImageObject","inLanguage":"fr-FR","@id":"https:\/\/www.maccaferri.com\/ca\/fr\/#\/schema\/logo\/image\/","url":"https:\/\/www.maccaferri.com\/ca\/wp-content\/uploads\/2022\/07\/logo-maccaferri.png","contentUrl":"https:\/\/www.maccaferri.com\/ca\/wp-content\/uploads\/2022\/07\/logo-maccaferri.png","width":152,"height":32,"caption":"Maccaferri Canada"},"image":{"@id":"https:\/\/www.maccaferri.com\/ca\/fr\/#\/schema\/logo\/image\/"}}]}},"_links":{"self":[{"href":"https:\/\/www.maccaferri.com\/ca\/fr\/wp-json\/wp\/v2\/pages\/68619","targetHints":{"allow":["GET"]}}],"collection":[{"href":"https:\/\/www.maccaferri.com\/ca\/fr\/wp-json\/wp\/v2\/pages"}],"about":[{"href":"https:\/\/www.maccaferri.com\/ca\/fr\/wp-json\/wp\/v2\/types\/page"}],"author":[{"embeddable":true,"href":"https:\/\/www.maccaferri.com\/ca\/fr\/wp-json\/wp\/v2\/users\/26632"}],"replies":[{"embeddable":true,"href":"https:\/\/www.maccaferri.com\/ca\/fr\/wp-json\/wp\/v2\/comments?post=68619"}],"version-history":[{"count":1,"href":"https:\/\/www.maccaferri.com\/ca\/fr\/wp-json\/wp\/v2\/pages\/68619\/revisions"}],"predecessor-version":[{"id":68622,"href":"https:\/\/www.maccaferri.com\/ca\/fr\/wp-json\/wp\/v2\/pages\/68619\/revisions\/68622"}],"wp:attachment":[{"href":"https:\/\/www.maccaferri.com\/ca\/fr\/wp-json\/wp\/v2\/media?parent=68619"}],"curies":[{"name":"wp","href":"https:\/\/api.w.org\/{rel}","templated":true}]}}