{"id":67992,"date":"2024-03-15T12:32:20","date_gmt":"2024-03-15T11:32:20","guid":{"rendered":"https:\/\/www.maccaferri.com\/ca\/?page_id=67992"},"modified":"2024-03-15T12:34:27","modified_gmt":"2024-03-15T11:34:27","slug":"log-out","status":"publish","type":"page","link":"https:\/\/www.maccaferri.com\/ca\/fr\/log-out\/","title":{"rendered":"Log Out"},"content":{"rendered":"<div class=\"wp-block-mac-h1-title-hero-block container-fluid block-txt-container\" style=\"background:linear-gradient(180deg,rgb(1,94,111) 0%,rgb(0,72,87) 100%)\"><div class=\"row\"><div class=\"col\"><div class=\"gts__picture\"><img style=\"display:none\" \/><div class=\"gts__picture__image\" style=\"background-image:url(undefined)\"><\/div><\/div><div class=\"container box-container\"><div class=\"row\"><div class=\"col title-box-txt\"><h1 class=\"wp-block-mac-h1-title-hero-block\" style=\"color:#ffffff;text-align:none\"><strong>Vous avez \u00e9t\u00e9 d\u00e9connect\u00e9 <\/strong><br><strong>avec succ\u00e8s.<\/strong><\/h1><\/div><\/div><\/div><\/div><\/div><\/div><div style=\"height:50px\" aria-hidden=\"true\" class=\"wp-block-spacer\"><\/div><div class=\"wp-block-mac-container-block box-container\"><div class=\"wp-block-columns is-layout-flex wp-container-core-columns-is-layout-9d6595d7 wp-block-columns-is-layout-flex\"><div class=\"wp-block-column is-layout-flow wp-block-column-is-layout-flow\"><div class=\"wp-block-buttons is-content-justification-center is-layout-flex wp-container-core-buttons-is-layout-16018d1d wp-block-buttons-is-layout-flex\"><div class=\"wp-block-button\"><a class=\"wp-block-button__link wp-element-button\" href=\"https:\/\/www.maccaferri.com\/\"><strong>Retour \u00e0 l&#8217;accueil<\/strong><\/a><\/div><\/div><\/div><\/div><\/div><div style=\"height:50px\" aria-hidden=\"true\" class=\"wp-block-spacer\"><\/div>","protected":false},"excerpt":{"rendered":"","protected":false},"author":26632,"featured_media":0,"parent":0,"menu_order":0,"comment_status":"closed","ping_status":"closed","template":"","meta":{"_acf_changed":false,"_joinchat":[],"footnotes":""},"class_list":["post-67992","page","type-page","status-publish","hentry"],"acf":{"uuid_products":"","product-documents":""},"yoast_head":"<!-- This site is optimized with the Yoast SEO Premium plugin v27.0 (Yoast SEO v27.0) - https:\/\/yoast.com\/product\/yoast-seo-premium-wordpress\/ -->\n<title>Log Out - Maccaferri Canada<\/title>\n<meta name=\"description\" content=\"Vous avez \u00e9t\u00e9 d\u00e9connect\u00e9 avec succ\u00e8s.      Retour \u00e0 l&#039;accueil\" \/>\n<meta name=\"robots\" content=\"index, follow, max-snippet:-1, max-image-preview:large, max-video-preview:-1\" \/>\n<link rel=\"canonical\" href=\"https:\/\/www.maccaferri.com\/ca\/fr\/log-out\/\" \/>\n<meta property=\"og:locale\" content=\"fr_FR\" \/>\n<meta property=\"og:type\" content=\"article\" \/>\n<meta property=\"og:title\" content=\"Log Out\" \/>\n<meta property=\"og:description\" content=\"Vous avez \u00e9t\u00e9 d\u00e9connect\u00e9 avec succ\u00e8s.      Retour \u00e0 l&#039;accueil\" \/>\n<meta property=\"og:url\" content=\"https:\/\/www.maccaferri.com\/ca\/fr\/log-out\/\" \/>\n<meta property=\"og:site_name\" content=\"Maccaferri Canada\" \/>\n<meta property=\"article:modified_time\" content=\"2024-03-15T11:34:27+00:00\" \/>\n<meta name=\"twitter:card\" content=\"summary_large_image\" \/>\n<meta name=\"twitter:label1\" content=\"Dur\u00e9e de lecture estim\u00e9e\" \/>\n\t<meta name=\"twitter:data1\" content=\"1 minute\" \/>\n<script type=\"application\/ld+json\" class=\"yoast-schema-graph\">{\"@context\":\"https:\/\/schema.org\",\"@graph\":[{\"@type\":\"WebPage\",\"@id\":\"https:\/\/www.maccaferri.com\/ca\/fr\/log-out\/\",\"url\":\"https:\/\/www.maccaferri.com\/ca\/fr\/log-out\/\",\"name\":\"Log Out - Maccaferri Canada\",\"isPartOf\":{\"@id\":\"https:\/\/www.maccaferri.com\/ca\/fr\/#website\"},\"datePublished\":\"2024-03-15T11:32:20+00:00\",\"dateModified\":\"2024-03-15T11:34:27+00:00\",\"description\":\"Vous avez \u00e9t\u00e9 d\u00e9connect\u00e9 avec succ\u00e8s. Retour \u00e0 l'accueil\",\"breadcrumb\":{\"@id\":\"https:\/\/www.maccaferri.com\/ca\/fr\/log-out\/#breadcrumb\"},\"inLanguage\":\"fr-FR\",\"potentialAction\":[{\"@type\":\"ReadAction\",\"target\":[\"https:\/\/www.maccaferri.com\/ca\/fr\/log-out\/\"]}]},{\"@type\":\"BreadcrumbList\",\"@id\":\"https:\/\/www.maccaferri.com\/ca\/fr\/log-out\/#breadcrumb\",\"itemListElement\":[{\"@type\":\"ListItem\",\"position\":1,\"name\":\"Home\",\"item\":\"https:\/\/www.maccaferri.com\/ca\/fr\/\"},{\"@type\":\"ListItem\",\"position\":2,\"name\":\"Log Out\"}]},{\"@type\":\"WebSite\",\"@id\":\"https:\/\/www.maccaferri.com\/ca\/fr\/#website\",\"url\":\"https:\/\/www.maccaferri.com\/ca\/fr\/\",\"name\":\"Maccaferri Canada\",\"description\":\"\",\"publisher\":{\"@id\":\"https:\/\/www.maccaferri.com\/ca\/fr\/#organization\"},\"potentialAction\":[{\"@type\":\"SearchAction\",\"target\":{\"@type\":\"EntryPoint\",\"urlTemplate\":\"https:\/\/www.maccaferri.com\/ca\/fr\/?s={search_term_string}\"},\"query-input\":{\"@type\":\"PropertyValueSpecification\",\"valueRequired\":true,\"valueName\":\"search_term_string\"}}],\"inLanguage\":\"fr-FR\"},{\"@type\":\"Organization\",\"@id\":\"https:\/\/www.maccaferri.com\/ca\/fr\/#organization\",\"name\":\"Maccaferri Canada\",\"url\":\"https:\/\/www.maccaferri.com\/ca\/fr\/\",\"logo\":{\"@type\":\"ImageObject\",\"inLanguage\":\"fr-FR\",\"@id\":\"https:\/\/www.maccaferri.com\/ca\/fr\/#\/schema\/logo\/image\/\",\"url\":\"https:\/\/www.maccaferri.com\/ca\/wp-content\/uploads\/2022\/07\/logo-maccaferri.png\",\"contentUrl\":\"https:\/\/www.maccaferri.com\/ca\/wp-content\/uploads\/2022\/07\/logo-maccaferri.png\",\"width\":152,\"height\":32,\"caption\":\"Maccaferri Canada\"},\"image\":{\"@id\":\"https:\/\/www.maccaferri.com\/ca\/fr\/#\/schema\/logo\/image\/\"}}]}<\/script>\n<!-- \/ Yoast SEO Premium plugin. -->","yoast_head_json":{"title":"Log Out - Maccaferri Canada","description":"Vous avez \u00e9t\u00e9 d\u00e9connect\u00e9 avec succ\u00e8s.      Retour \u00e0 l'accueil","robots":{"index":"index","follow":"follow","max-snippet":"max-snippet:-1","max-image-preview":"max-image-preview:large","max-video-preview":"max-video-preview:-1"},"canonical":"https:\/\/www.maccaferri.com\/ca\/fr\/log-out\/","og_locale":"fr_FR","og_type":"article","og_title":"Log Out","og_description":"Vous avez \u00e9t\u00e9 d\u00e9connect\u00e9 avec succ\u00e8s.      Retour \u00e0 l'accueil","og_url":"https:\/\/www.maccaferri.com\/ca\/fr\/log-out\/","og_site_name":"Maccaferri Canada","article_modified_time":"2024-03-15T11:34:27+00:00","twitter_card":"summary_large_image","twitter_misc":{"Dur\u00e9e de lecture estim\u00e9e":"1 minute"},"schema":{"@context":"https:\/\/schema.org","@graph":[{"@type":"WebPage","@id":"https:\/\/www.maccaferri.com\/ca\/fr\/log-out\/","url":"https:\/\/www.maccaferri.com\/ca\/fr\/log-out\/","name":"Log Out - Maccaferri Canada","isPartOf":{"@id":"https:\/\/www.maccaferri.com\/ca\/fr\/#website"},"datePublished":"2024-03-15T11:32:20+00:00","dateModified":"2024-03-15T11:34:27+00:00","description":"Vous avez \u00e9t\u00e9 d\u00e9connect\u00e9 avec succ\u00e8s. Retour \u00e0 l'accueil","breadcrumb":{"@id":"https:\/\/www.maccaferri.com\/ca\/fr\/log-out\/#breadcrumb"},"inLanguage":"fr-FR","potentialAction":[{"@type":"ReadAction","target":["https:\/\/www.maccaferri.com\/ca\/fr\/log-out\/"]}]},{"@type":"BreadcrumbList","@id":"https:\/\/www.maccaferri.com\/ca\/fr\/log-out\/#breadcrumb","itemListElement":[{"@type":"ListItem","position":1,"name":"Home","item":"https:\/\/www.maccaferri.com\/ca\/fr\/"},{"@type":"ListItem","position":2,"name":"Log Out"}]},{"@type":"WebSite","@id":"https:\/\/www.maccaferri.com\/ca\/fr\/#website","url":"https:\/\/www.maccaferri.com\/ca\/fr\/","name":"Maccaferri Canada","description":"","publisher":{"@id":"https:\/\/www.maccaferri.com\/ca\/fr\/#organization"},"potentialAction":[{"@type":"SearchAction","target":{"@type":"EntryPoint","urlTemplate":"https:\/\/www.maccaferri.com\/ca\/fr\/?s={search_term_string}"},"query-input":{"@type":"PropertyValueSpecification","valueRequired":true,"valueName":"search_term_string"}}],"inLanguage":"fr-FR"},{"@type":"Organization","@id":"https:\/\/www.maccaferri.com\/ca\/fr\/#organization","name":"Maccaferri Canada","url":"https:\/\/www.maccaferri.com\/ca\/fr\/","logo":{"@type":"ImageObject","inLanguage":"fr-FR","@id":"https:\/\/www.maccaferri.com\/ca\/fr\/#\/schema\/logo\/image\/","url":"https:\/\/www.maccaferri.com\/ca\/wp-content\/uploads\/2022\/07\/logo-maccaferri.png","contentUrl":"https:\/\/www.maccaferri.com\/ca\/wp-content\/uploads\/2022\/07\/logo-maccaferri.png","width":152,"height":32,"caption":"Maccaferri Canada"},"image":{"@id":"https:\/\/www.maccaferri.com\/ca\/fr\/#\/schema\/logo\/image\/"}}]}},"_links":{"self":[{"href":"https:\/\/www.maccaferri.com\/ca\/fr\/wp-json\/wp\/v2\/pages\/67992","targetHints":{"allow":["GET"]}}],"collection":[{"href":"https:\/\/www.maccaferri.com\/ca\/fr\/wp-json\/wp\/v2\/pages"}],"about":[{"href":"https:\/\/www.maccaferri.com\/ca\/fr\/wp-json\/wp\/v2\/types\/page"}],"author":[{"embeddable":true,"href":"https:\/\/www.maccaferri.com\/ca\/fr\/wp-json\/wp\/v2\/users\/26632"}],"replies":[{"embeddable":true,"href":"https:\/\/www.maccaferri.com\/ca\/fr\/wp-json\/wp\/v2\/comments?post=67992"}],"version-history":[{"count":3,"href":"https:\/\/www.maccaferri.com\/ca\/fr\/wp-json\/wp\/v2\/pages\/67992\/revisions"}],"predecessor-version":[{"id":68001,"href":"https:\/\/www.maccaferri.com\/ca\/fr\/wp-json\/wp\/v2\/pages\/67992\/revisions\/68001"}],"wp:attachment":[{"href":"https:\/\/www.maccaferri.com\/ca\/fr\/wp-json\/wp\/v2\/media?parent=67992"}],"curies":[{"name":"wp","href":"https:\/\/api.w.org\/{rel}","templated":true}]}}