{"id":6217,"date":"2022-07-29T11:40:29","date_gmt":"2022-07-29T09:40:29","guid":{"rendered":"https:\/\/www.maccaferri.com\/ca\/innovation"},"modified":"2024-03-26T13:06:27","modified_gmt":"2024-03-26T12:06:27","slug":"innovation","status":"publish","type":"page","link":"https:\/\/www.maccaferri.com\/ca\/fr\/innovation\/","title":{"rendered":"Innovation"},"content":{"rendered":"<div class=\"wp-block-mac-h1-title-hero-block container-fluid block-txt-container\" style=\"background: linear-gradient(180deg,#015e6f 0%,#004857 100%)\">\r\n<div class=\"row\">\r\n<div class=\"col\">\r\n<div class=\"gts__picture\">\r\n\r\n<img decoding=\"async\" style=\"display: none\" src=\"https:\/\/www.maccaferri.com\/ca\/wp-content\/uploads\/2022\/12\/Adv-2-1.jpg\" \/>\r\n<div class=\"gts__picture__image\" style=\"background-image: url('https:\/\/www.maccaferri.com\/ca\/wp-content\/uploads\/2022\/12\/Adv-2-1.jpg')\"><\/div>\r\n<\/div>\r\n<div class=\"container box-container\">\r\n<div class=\"row\">\r\n<div class=\"col title-box-txt\">\r\n<h1 class=\"wp-block-mac-h1-title-hero-block\" style=\"color: #ffffff;text-align: none\">Innovation<\/h1>\r\n<\/div>\r\n<\/div>\r\n<\/div>\r\n<\/div>\r\n<\/div>\r\n<\/div><div class=\"wp-block-mac-h2-title-block block-txt-container box-container\"><div class=\"row\"><div class=\"col title-box-txt\"><h2 style=\"color:#212429;text-align:none\">CENTRE D&#8217;INNOVATION MACCAFERRI<\/h2><\/div><\/div><\/div><div class=\"wp-block-columns is-layout-flex wp-container-core-columns-is-layout-9d6595d7 wp-block-columns-is-layout-flex\"><div class=\"wp-block-column is-layout-flow wp-block-column-is-layout-flow\"><div class=\"wp-block-mac-container-block box-container\"><div class=\"wp-block-columns is-layout-flex wp-container-core-columns-is-layout-9d6595d7 wp-block-columns-is-layout-flex\"><div class=\"wp-block-column is-layout-flow wp-block-column-is-layout-flow\"><p class=\"has-medium-font-size\">Chez Maccaferri, <strong>nous croyons fermement \u00e0 l&#8217;innovation<\/strong>.<\/p>\n\n<p class=\"has-medium-font-size\">L&#8217;innovation en termes de solutions et de produits est un \u00e9l\u00e9ment important de l&#8217;\u00e9volution des entreprises. Depuis notre cr\u00e9ation il y a plus de 140 ans, nous travaillons chaque jour pour trouver de meilleures solutions pour nos clients \u00e0 tous les degr\u00e9s de latitude et de longitude.<\/p>\n\n<p class=\"has-medium-font-size\">Nous avons \u00e9t\u00e9 fond\u00e9s sur l&#8217;innovation, en inventant les Gabions. Depuis, nous <strong>n&#8217;avons cess\u00e9 d&#8217;inventer de meilleures solutions<\/strong>. L&#8217;innovation est ancr\u00e9e dans notre identit\u00e9 et nous sommes toujours \u00e0 la recherche de nouvelles solutions et de moyens de les am\u00e9liorer. Notre innovation d\u00e9coule d&#8217;un facteur strat\u00e9gique : la connaissance.<\/p>\n\n<p class=\"has-medium-font-size\">Maccaferri a d\u00e9cid\u00e9 de cr\u00e9er un <strong>centre d&#8217;excellence<\/strong> enti\u00e8rement d\u00e9di\u00e9 \u00e0 la <strong>recherche et au d\u00e9veloppement<\/strong>, un lieu pour d\u00e9velopper la prochaine g\u00e9n\u00e9ration de produits Maccaferri et aussi pour cultiver la meilleure innovation et le meilleur accompagnement pour nos clients.<\/p>\n\n<p class=\"has-medium-font-size\">Fin 2014, le <strong>Maccaferri Innovation Center<\/strong> S.r.l. (MIC) est n\u00e9. Le MIC est un centre de recherche innovant bas\u00e9 au NOI Tech Park \u00e0 Bozen, en Italie. Il g\u00e8re l&#8217;ensemble des activit\u00e9s de R&amp;D du Groupe et r\u00e9pond aux besoins de l&#8217;ensemble de ses filiales.<\/p><\/div><\/div><\/div><\/div><\/div><figure class=\"wp-block-image aligncenter size-full\"><img fetchpriority=\"high\" decoding=\"async\" width=\"665\" height=\"256\" src=\"https:\/\/www.maccaferri.com\/ca\/wp-content\/uploads\/2022\/12\/MIC_logo.jpg\" alt=\"\" class=\"wp-image-3480\" \/><\/figure><div class=\"wp-block-mac-container-block box-container\"><div class=\"wp-block-columns is-layout-flex wp-container-core-columns-is-layout-9d6595d7 wp-block-columns-is-layout-flex\"><div class=\"wp-block-column is-layout-flow wp-block-column-is-layout-flow\"><\/div>\n\n<div class=\"wp-block-column is-layout-flow wp-block-column-is-layout-flow\"><\/div><\/div><\/div><div class=\"container-fluid carousel-image-gallery\">\n        <div class=\"row\">\n            <div id=\"carouselImageblock_9a772d71db7e21e49f8ab459e153559b\" class=\"carousel slide carouselImageGallery\" data-bs-ride=\"carousel\">\n                <!-- \/\/ Indicators -->\n                <ol class=\"carousel-indicators\">\n                                            <li data-bs-target=\"#carouselImageblock_9a772d71db7e21e49f8ab459e153559b\" data-bs-slide-to=\"0\" class=\"active\" aria-current=\"true\" aria-label=\"Slide\"><\/li>\n                                            <li data-bs-target=\"#carouselImageblock_9a772d71db7e21e49f8ab459e153559b\" data-bs-slide-to=\"1\" class=\"\" aria-current=\"true\" aria-label=\"Slide\"><\/li>\n                                            <li data-bs-target=\"#carouselImageblock_9a772d71db7e21e49f8ab459e153559b\" data-bs-slide-to=\"2\" class=\"\" aria-current=\"true\" aria-label=\"Slide\"><\/li>\n                                    <\/ol>\n\n                <div class=\"carousel-inner container\" role=\"listbox\">\n                                            <div class=\"carousel-item active\">\n                        <div class=\"col-12 col-lg-4 col-xl-4 col-xxl-4 space-mobile\">\n                            <div class=\"grid-item-wrapper\">\n                                <div class=\"img-responsive-wrapper\">\n                                    <div class=\"img-responsive\">\n                                        <div class=\"img-wrapper\"><img decoding=\"async\" src=\"https:\/\/www.maccaferri.com\/ca\/wp-content\/uploads\/2022\/12\/HelloMAc.png\" alt=\"\" \/><\/div>\n                                    <\/div>\n                                <\/div>\n                                <div class=\"griditem-text-wrapper text-center\">\n                                    <p class=\"griditem-text text-center\"><\/p>\n                   \n                                <\/div>\n                            <\/div>\n                        <\/div>\n                        <\/div>\n                                            <div class=\"carousel-item \">\n                        <div class=\"col-12 col-lg-4 col-xl-4 col-xxl-4 space-mobile\">\n                            <div class=\"grid-item-wrapper\">\n                                <div class=\"img-responsive-wrapper\">\n                                    <div class=\"img-responsive\">\n                                        <div class=\"img-wrapper\"><img decoding=\"async\" src=\"https:\/\/www.maccaferri.com\/ca\/wp-content\/uploads\/2022\/12\/galler-1-1.png\" alt=\"\" \/><\/div>\n                                    <\/div>\n                                <\/div>\n                                <div class=\"griditem-text-wrapper text-center\">\n                                    <p class=\"griditem-text text-center\"><\/p>\n                   \n                                <\/div>\n                            <\/div>\n                        <\/div>\n                        <\/div>\n                                            <div class=\"carousel-item \">\n                        <div class=\"col-12 col-lg-4 col-xl-4 col-xxl-4 space-mobile\">\n                            <div class=\"grid-item-wrapper\">\n                                <div class=\"img-responsive-wrapper\">\n                                    <div class=\"img-responsive\">\n                                        <div class=\"img-wrapper\"><img decoding=\"async\" src=\"https:\/\/www.maccaferri.com\/ca\/wp-content\/uploads\/2022\/12\/gallery-2-1.png\" alt=\"\" \/><\/div>\n                                    <\/div>\n                                <\/div>\n                                <div class=\"griditem-text-wrapper text-center\">\n                                    <p class=\"griditem-text text-center\"><\/p>\n                   \n                                <\/div>\n                            <\/div>\n                        <\/div>\n                        <\/div>\n                                    <\/div>\n            <\/div>\n\n        <\/div>\n    <\/div><div class=\"wp-block-mac-h2-title-block block-txt-container box-container\"><div class=\"row\"><div class=\"col title-box-txt\"><h2 style=\"color:#212429;text-align:none\">LOGICIELS PERSONNALIS\u00c9S MACCAFERRI<\/h2><\/div><\/div><\/div><div class=\"wp-block-columns is-layout-flex wp-container-core-columns-is-layout-9d6595d7 wp-block-columns-is-layout-flex\"><div class=\"wp-block-column is-layout-flow wp-block-column-is-layout-flow\"><div class=\"wp-block-mac-container-block box-container\"><div class=\"wp-block-columns is-layout-flex wp-container-core-columns-is-layout-9d6595d7 wp-block-columns-is-layout-flex\"><div class=\"wp-block-column is-layout-flow wp-block-column-is-layout-flow\"><div class=\"wp-block-columns is-layout-flex wp-container-core-columns-is-layout-9d6595d7 wp-block-columns-is-layout-flex\"><div class=\"wp-block-column is-layout-flow wp-block-column-is-layout-flow\"><p class=\"has-medium-font-size\"><strong>D\u00e9velopp\u00e9s en partenariat<\/strong> avec des instituts et des universit\u00e9s de premier plan, nos logiciels faciles \u00e0 utiliser et utilis\u00e9s dans le monde entier permettent aux ing\u00e9nieurs de concevoir et de fournir des <strong>solutions de g\u00e9nie civil efficaces et fiables<\/strong>.<\/p>\n\n<p class=\"has-medium-font-size\"><strong>Bas\u00e9es sur des donn\u00e9es exp\u00e9rimentales<\/strong> recueillies au cours de d\u00e9cennies d&#8217;exp\u00e9rience sur le terrain et de campagnes de tests rigoureuses, nos <strong>logiciels gratuits <\/strong>r\u00e9pondent aux exigences des ing\u00e9nieurs en g\u00e9nie civil et g\u00e9otechniques du monde entier tout en offrant des avantages suppl\u00e9mentaires en termes de rentabilit\u00e9 et d&#8217;optimisation des solutions utilis\u00e9es.<\/p>\n\n<p class=\"has-medium-font-size\"><strong>Contactez-nous pour b\u00e9n\u00e9ficier d&#8217;une formation<\/strong> sur nos logiciels et commencer la conception de solutions d&#8217;ing\u00e9nierie haut de gamme et stimulantes dans les conditions les plus diverses.<\/p>\n\n<p><\/p><\/div>\n\n<div class=\"wp-block-column is-layout-flow wp-block-column-is-layout-flow\"><figure class=\"wp-block-image aligncenter size-full\"><img decoding=\"async\" width=\"628\" height=\"375\" src=\"https:\/\/www.maccaferri.com\/ca\/wp-content\/uploads\/2022\/12\/catterre.png\" alt=\"\" class=\"wp-image-3138\" srcset=\"https:\/\/www.maccaferri.com\/ca\/wp-content\/uploads\/2022\/12\/catterre.png 628w, https:\/\/www.maccaferri.com\/ca\/wp-content\/uploads\/2022\/12\/catterre-300x179.png 300w\" sizes=\"(max-width: 628px) 100vw, 628px\" \/><\/figure><\/div><\/div><\/div><\/div><\/div><\/div><\/div><div class=\"wp-block-mac-banner-title-cta  box-container block-cta\" style=\"background:#015E6F\"><div class=\"container box-container\"><div class=\"row\"><div class=\"col-2 col-sm-2 col-md-2 col-lg-2 col-xl-2 col-xxl-2\"><div class=\"box-image\"><img decoding=\"async\" class=\"image\" src=\"https:\/\/www.maccaferri.com\/ca\/wp-content\/uploads\/2022\/11\/img-banner-software.png\" alt=\"Image\" \/><\/div><\/div><div class=\"col-7 col-sm-7 col-md-7 col-lg-7 col-xl-7 col-xxl-7\"><div class=\"banner-box-txt\" style=\"text-align:default\"><h4 class=\"title\">UTILISEZ NOS LOGICIELS\nPOUR CONCEVOIR LE FUTUR<\/h4><\/div><\/div><div class=\"col-3 col-sm-3 col-md-3 col-lg-3 col-xl-3 col-xxl-3\"><div class=\"button-box-txt\"><a href=\"https:\/\/www.maccaferri.com\/ca\/fr\/logiciels-maccaferri-2\/\" target=\"_blank\" class=\"buttonurl\" rel=\"noopener\"><span class=\"buttontext\">allez sur la plateforme<\/span><\/a><\/div><\/div><\/div><\/div><\/div><div style=\"height:100px\" aria-hidden=\"true\" class=\"wp-block-spacer\"><\/div><div class=\"wp-block-mac-h2-title-block block-txt-container box-container\"><div class=\"row\"><div class=\"col title-box-txt\"><h2 style=\"color:#212429;text-align:none\">OBJETS BIM MACCAFERRI<\/h2><\/div><\/div><\/div><div class=\"wp-block-mac-container-block box-container\"><div class=\"wp-block-columns is-layout-flex wp-container-core-columns-is-layout-9d6595d7 wp-block-columns-is-layout-flex\"><div class=\"wp-block-column is-layout-flow wp-block-column-is-layout-flow\"><div class=\"wp-block-columns is-layout-flex wp-container-core-columns-is-layout-9d6595d7 wp-block-columns-is-layout-flex\"><div class=\"wp-block-column is-layout-flow wp-block-column-is-layout-flow\"><figure class=\"wp-block-image size-large\"><img decoding=\"async\" width=\"1024\" height=\"675\" src=\"https:\/\/www.maccaferri.com\/cdn\/wp-content\/uploads\/sites\/16\/2022\/12\/Maccaferri-BIM-Objects-1024x675.png\" alt=\"\" class=\"wp-image-3547\" srcset=\"https:\/\/www.maccaferri.com\/ca\/wp-content\/uploads\/2022\/12\/Maccaferri-BIM-Objects-1024x675.png 1024w, https:\/\/www.maccaferri.com\/ca\/wp-content\/uploads\/2022\/12\/Maccaferri-BIM-Objects-300x198.png 300w, https:\/\/www.maccaferri.com\/ca\/wp-content\/uploads\/2022\/12\/Maccaferri-BIM-Objects-768x506.png 768w, https:\/\/www.maccaferri.com\/ca\/wp-content\/uploads\/2022\/12\/Maccaferri-BIM-Objects.png 1121w\" sizes=\"(max-width: 1024px) 100vw, 1024px\" \/><\/figure>\n\n<p><\/p><\/div>\n\n<div class=\"wp-block-column is-layout-flow wp-block-column-is-layout-flow\"><p class=\"has-medium-font-size\">Le <strong>Building Information Modeling<\/strong> (BIM) est un process intelligent bas\u00e9 sur un mod\u00e8le 3D. <strong>Un nouvel outil incroyable<\/strong> pour les professionnels de l&#8217;ing\u00e9nierie et le construction.<\/p>\n\n<p class=\"has-medium-font-size\">Maccaferri s&#8217;engage \u00e0 promouvoir la <strong>collaboration <\/strong>entre les <strong>acteurs de l&#8217;industrie<\/strong> tout au long du cycle de vie d&#8217;un projet.<\/p>\n\n<p class=\"has-medium-font-size\">Avec cet objectif \u00e0 l&#8217;esprit, nous rendons <strong>nos solutions disponibles<\/strong> \u00e9galement en tant qu&#8217;objets BIM, encourageant l&#8217;adoption de la technologie BIM pour am\u00e9liorer les processus de conception et de construction, en \u00e9vitant les inexactitudes de fonctionnement sur site.<\/p><\/div><\/div><\/div><\/div><\/div><div class=\"wp-block-columns is-layout-flex wp-container-core-columns-is-layout-9d6595d7 wp-block-columns-is-layout-flex\"><div class=\"wp-block-column is-layout-flow wp-block-column-is-layout-flow\"><div class=\"wp-block-mac-container-block box-container\"><div class=\"wp-block-columns is-layout-flex wp-container-core-columns-is-layout-9d6595d7 wp-block-columns-is-layout-flex\"><div class=\"wp-block-column is-layout-flow wp-block-column-is-layout-flow\"><div class=\"wp-block-mac-banner-title-cta box-container block-cta\" style=\"background: #015E6F\">\r\n<div class=\"container box-container\">\r\n<div class=\"row\">\r\n<div class=\"col-2 col-sm-2 col-md-2 col-lg-2 col-xl-2 col-xxl-2\">\r\n<div class=\"box-image\"><img decoding=\"async\" class=\"image\" src=\"https:\/\/www.maccaferri.com\/ca\/wp-content\/uploads\/2022\/11\/img-banner-software.png\" alt=\"Image\" \/><\/div>\r\n<\/div>\r\n<div class=\"col-7 col-sm-7 col-md-7 col-lg-7 col-xl-7 col-xxl-7\">\r\n<div class=\"banner-box-txt\" style=\"text-align: default\">\r\n<h4 class=\"title\">UTILISEZ NOS OBJETS BIM POUR CONCEVOIR LE FUTUR<\/h4>\r\n<\/div>\r\n<\/div>\r\n<div class=\"col-3 col-sm-3 col-md-3 col-lg-3 col-xl-3 col-xxl-3\">\r\n<div class=\"button-box-txt\"><a class=\"buttonurl\" href=\"https:\/\/www.maccaferri.com\/bim-objects-library\" target=\"_blank\" rel=\"noopener\"><span class=\"buttontext\">Acc\u00e8s \u00e0 la biblioth\u00e8que<\/span><\/a><\/div>\r\n<\/div>\r\n<\/div>\r\n<\/div>\r\n<\/div><\/div><\/div><\/div><\/div><\/div>","protected":false},"excerpt":{"rendered":"","protected":false},"author":1,"featured_media":0,"parent":0,"menu_order":0,"comment_status":"closed","ping_status":"closed","template":"","meta":{"_acf_changed":false,"_joinchat":[],"footnotes":""},"class_list":["post-6217","page","type-page","status-publish","hentry"],"acf":{"uuid_products":"","product-documents":""},"yoast_head":"<!-- This site is optimized with the Yoast SEO Premium plugin v27.0 (Yoast SEO v27.0) - https:\/\/yoast.com\/product\/yoast-seo-premium-wordpress\/ -->\n<title>Innovation - Maccaferri Canada<\/title>\n<meta name=\"description\" content=\"Innovation CENTRE D&#039;INNOVATION MACCAFERRI Chez Maccaferri, nous croyons fermement \u00e0 l&#039;innovation. L&#039;innovation en termes de solutions et de produits est\" \/>\n<meta name=\"robots\" content=\"index, follow, max-snippet:-1, max-image-preview:large, max-video-preview:-1\" \/>\n<link rel=\"canonical\" href=\"https:\/\/www.maccaferri.com\/ca\/fr\/innovation\/\" \/>\n<meta property=\"og:locale\" content=\"fr_FR\" \/>\n<meta property=\"og:type\" content=\"article\" \/>\n<meta property=\"og:title\" content=\"Innovation\" \/>\n<meta property=\"og:description\" content=\"Innovation CENTRE D&#039;INNOVATION MACCAFERRI Chez Maccaferri, nous croyons fermement \u00e0 l&#039;innovation. L&#039;innovation en termes de solutions et de produits est\" \/>\n<meta property=\"og:url\" content=\"https:\/\/www.maccaferri.com\/ca\/fr\/innovation\/\" \/>\n<meta property=\"og:site_name\" content=\"Maccaferri Canada\" \/>\n<meta property=\"article:modified_time\" content=\"2024-03-26T12:06:27+00:00\" \/>\n<meta property=\"og:image\" content=\"https:\/\/www.maccaferri.com\/ca\/wp-content\/uploads\/2022\/12\/Adv-2-1.jpg\" \/>\n<meta name=\"twitter:card\" content=\"summary_large_image\" \/>\n<meta name=\"twitter:label1\" content=\"Dur\u00e9e de lecture estim\u00e9e\" \/>\n\t<meta name=\"twitter:data1\" content=\"4 minutes\" \/>\n<script type=\"application\/ld+json\" class=\"yoast-schema-graph\">{\"@context\":\"https:\/\/schema.org\",\"@graph\":[{\"@type\":\"WebPage\",\"@id\":\"https:\/\/www.maccaferri.com\/ca\/fr\/innovation\/\",\"url\":\"https:\/\/www.maccaferri.com\/ca\/fr\/innovation\/\",\"name\":\"Innovation - Maccaferri Canada\",\"isPartOf\":{\"@id\":\"https:\/\/www.maccaferri.com\/ca\/fr\/#website\"},\"primaryImageOfPage\":{\"@id\":\"https:\/\/www.maccaferri.com\/ca\/fr\/innovation\/#primaryimage\"},\"image\":{\"@id\":\"https:\/\/www.maccaferri.com\/ca\/fr\/innovation\/#primaryimage\"},\"thumbnailUrl\":\"https:\/\/www.maccaferri.com\/ca\/wp-content\/uploads\/2022\/12\/Adv-2-1.jpg\",\"datePublished\":\"2022-07-29T09:40:29+00:00\",\"dateModified\":\"2024-03-26T12:06:27+00:00\",\"description\":\"Innovation CENTRE D'INNOVATION MACCAFERRI Chez Maccaferri, nous croyons fermement \u00e0 l'innovation. L'innovation en termes de solutions et de produits est\",\"breadcrumb\":{\"@id\":\"https:\/\/www.maccaferri.com\/ca\/fr\/innovation\/#breadcrumb\"},\"inLanguage\":\"fr-FR\",\"potentialAction\":[{\"@type\":\"ReadAction\",\"target\":[\"https:\/\/www.maccaferri.com\/ca\/fr\/innovation\/\"]}]},{\"@type\":\"ImageObject\",\"inLanguage\":\"fr-FR\",\"@id\":\"https:\/\/www.maccaferri.com\/ca\/fr\/innovation\/#primaryimage\",\"url\":\"https:\/\/www.maccaferri.com\/ca\/wp-content\/uploads\/2022\/12\/Adv-2-1.jpg\",\"contentUrl\":\"https:\/\/www.maccaferri.com\/ca\/wp-content\/uploads\/2022\/12\/Adv-2-1.jpg\"},{\"@type\":\"BreadcrumbList\",\"@id\":\"https:\/\/www.maccaferri.com\/ca\/fr\/innovation\/#breadcrumb\",\"itemListElement\":[{\"@type\":\"ListItem\",\"position\":1,\"name\":\"Home\",\"item\":\"https:\/\/www.maccaferri.com\/ca\/fr\/\"},{\"@type\":\"ListItem\",\"position\":2,\"name\":\"Innovation\"}]},{\"@type\":\"WebSite\",\"@id\":\"https:\/\/www.maccaferri.com\/ca\/fr\/#website\",\"url\":\"https:\/\/www.maccaferri.com\/ca\/fr\/\",\"name\":\"Maccaferri Canada\",\"description\":\"\",\"publisher\":{\"@id\":\"https:\/\/www.maccaferri.com\/ca\/fr\/#organization\"},\"potentialAction\":[{\"@type\":\"SearchAction\",\"target\":{\"@type\":\"EntryPoint\",\"urlTemplate\":\"https:\/\/www.maccaferri.com\/ca\/fr\/?s={search_term_string}\"},\"query-input\":{\"@type\":\"PropertyValueSpecification\",\"valueRequired\":true,\"valueName\":\"search_term_string\"}}],\"inLanguage\":\"fr-FR\"},{\"@type\":\"Organization\",\"@id\":\"https:\/\/www.maccaferri.com\/ca\/fr\/#organization\",\"name\":\"Maccaferri Canada\",\"url\":\"https:\/\/www.maccaferri.com\/ca\/fr\/\",\"logo\":{\"@type\":\"ImageObject\",\"inLanguage\":\"fr-FR\",\"@id\":\"https:\/\/www.maccaferri.com\/ca\/fr\/#\/schema\/logo\/image\/\",\"url\":\"https:\/\/www.maccaferri.com\/ca\/wp-content\/uploads\/2022\/07\/logo-maccaferri.png\",\"contentUrl\":\"https:\/\/www.maccaferri.com\/ca\/wp-content\/uploads\/2022\/07\/logo-maccaferri.png\",\"width\":152,\"height\":32,\"caption\":\"Maccaferri Canada\"},\"image\":{\"@id\":\"https:\/\/www.maccaferri.com\/ca\/fr\/#\/schema\/logo\/image\/\"}}]}<\/script>\n<!-- \/ Yoast SEO Premium plugin. -->","yoast_head_json":{"title":"Innovation - Maccaferri Canada","description":"Innovation CENTRE D'INNOVATION MACCAFERRI Chez Maccaferri, nous croyons fermement \u00e0 l'innovation. L'innovation en termes de solutions et de produits est","robots":{"index":"index","follow":"follow","max-snippet":"max-snippet:-1","max-image-preview":"max-image-preview:large","max-video-preview":"max-video-preview:-1"},"canonical":"https:\/\/www.maccaferri.com\/ca\/fr\/innovation\/","og_locale":"fr_FR","og_type":"article","og_title":"Innovation","og_description":"Innovation CENTRE D'INNOVATION MACCAFERRI Chez Maccaferri, nous croyons fermement \u00e0 l'innovation. L'innovation en termes de solutions et de produits est","og_url":"https:\/\/www.maccaferri.com\/ca\/fr\/innovation\/","og_site_name":"Maccaferri Canada","article_modified_time":"2024-03-26T12:06:27+00:00","og_image":[{"url":"https:\/\/www.maccaferri.com\/ca\/wp-content\/uploads\/2022\/12\/Adv-2-1.jpg","type":"","width":"","height":""}],"twitter_card":"summary_large_image","twitter_misc":{"Dur\u00e9e de lecture estim\u00e9e":"4 minutes"},"schema":{"@context":"https:\/\/schema.org","@graph":[{"@type":"WebPage","@id":"https:\/\/www.maccaferri.com\/ca\/fr\/innovation\/","url":"https:\/\/www.maccaferri.com\/ca\/fr\/innovation\/","name":"Innovation - Maccaferri Canada","isPartOf":{"@id":"https:\/\/www.maccaferri.com\/ca\/fr\/#website"},"primaryImageOfPage":{"@id":"https:\/\/www.maccaferri.com\/ca\/fr\/innovation\/#primaryimage"},"image":{"@id":"https:\/\/www.maccaferri.com\/ca\/fr\/innovation\/#primaryimage"},"thumbnailUrl":"https:\/\/www.maccaferri.com\/ca\/wp-content\/uploads\/2022\/12\/Adv-2-1.jpg","datePublished":"2022-07-29T09:40:29+00:00","dateModified":"2024-03-26T12:06:27+00:00","description":"Innovation CENTRE D'INNOVATION MACCAFERRI Chez Maccaferri, nous croyons fermement \u00e0 l'innovation. L'innovation en termes de solutions et de produits est","breadcrumb":{"@id":"https:\/\/www.maccaferri.com\/ca\/fr\/innovation\/#breadcrumb"},"inLanguage":"fr-FR","potentialAction":[{"@type":"ReadAction","target":["https:\/\/www.maccaferri.com\/ca\/fr\/innovation\/"]}]},{"@type":"ImageObject","inLanguage":"fr-FR","@id":"https:\/\/www.maccaferri.com\/ca\/fr\/innovation\/#primaryimage","url":"https:\/\/www.maccaferri.com\/ca\/wp-content\/uploads\/2022\/12\/Adv-2-1.jpg","contentUrl":"https:\/\/www.maccaferri.com\/ca\/wp-content\/uploads\/2022\/12\/Adv-2-1.jpg"},{"@type":"BreadcrumbList","@id":"https:\/\/www.maccaferri.com\/ca\/fr\/innovation\/#breadcrumb","itemListElement":[{"@type":"ListItem","position":1,"name":"Home","item":"https:\/\/www.maccaferri.com\/ca\/fr\/"},{"@type":"ListItem","position":2,"name":"Innovation"}]},{"@type":"WebSite","@id":"https:\/\/www.maccaferri.com\/ca\/fr\/#website","url":"https:\/\/www.maccaferri.com\/ca\/fr\/","name":"Maccaferri Canada","description":"","publisher":{"@id":"https:\/\/www.maccaferri.com\/ca\/fr\/#organization"},"potentialAction":[{"@type":"SearchAction","target":{"@type":"EntryPoint","urlTemplate":"https:\/\/www.maccaferri.com\/ca\/fr\/?s={search_term_string}"},"query-input":{"@type":"PropertyValueSpecification","valueRequired":true,"valueName":"search_term_string"}}],"inLanguage":"fr-FR"},{"@type":"Organization","@id":"https:\/\/www.maccaferri.com\/ca\/fr\/#organization","name":"Maccaferri Canada","url":"https:\/\/www.maccaferri.com\/ca\/fr\/","logo":{"@type":"ImageObject","inLanguage":"fr-FR","@id":"https:\/\/www.maccaferri.com\/ca\/fr\/#\/schema\/logo\/image\/","url":"https:\/\/www.maccaferri.com\/ca\/wp-content\/uploads\/2022\/07\/logo-maccaferri.png","contentUrl":"https:\/\/www.maccaferri.com\/ca\/wp-content\/uploads\/2022\/07\/logo-maccaferri.png","width":152,"height":32,"caption":"Maccaferri Canada"},"image":{"@id":"https:\/\/www.maccaferri.com\/ca\/fr\/#\/schema\/logo\/image\/"}}]}},"_links":{"self":[{"href":"https:\/\/www.maccaferri.com\/ca\/fr\/wp-json\/wp\/v2\/pages\/6217","targetHints":{"allow":["GET"]}}],"collection":[{"href":"https:\/\/www.maccaferri.com\/ca\/fr\/wp-json\/wp\/v2\/pages"}],"about":[{"href":"https:\/\/www.maccaferri.com\/ca\/fr\/wp-json\/wp\/v2\/types\/page"}],"author":[{"embeddable":true,"href":"https:\/\/www.maccaferri.com\/ca\/fr\/wp-json\/wp\/v2\/users\/1"}],"replies":[{"embeddable":true,"href":"https:\/\/www.maccaferri.com\/ca\/fr\/wp-json\/wp\/v2\/comments?post=6217"}],"version-history":[{"count":3,"href":"https:\/\/www.maccaferri.com\/ca\/fr\/wp-json\/wp\/v2\/pages\/6217\/revisions"}],"predecessor-version":[{"id":68626,"href":"https:\/\/www.maccaferri.com\/ca\/fr\/wp-json\/wp\/v2\/pages\/6217\/revisions\/68626"}],"wp:attachment":[{"href":"https:\/\/www.maccaferri.com\/ca\/fr\/wp-json\/wp\/v2\/media?parent=6217"}],"curies":[{"name":"wp","href":"https:\/\/api.w.org\/{rel}","templated":true}]}}