{"id":6181,"date":"2022-12-12T06:48:29","date_gmt":"2022-12-12T05:48:29","guid":{"rendered":"https:\/\/www.maccaferri.com\/ca\/bibliotheque-objets-bim"},"modified":"2025-01-14T18:13:25","modified_gmt":"2025-01-14T17:13:25","slug":"bibliotheque-objets-bim","status":"publish","type":"page","link":"https:\/\/www.maccaferri.com\/ca\/fr\/bibliotheque-objets-bim\/","title":{"rendered":"Biblioth\u00e8que  Objets BIM"},"content":{"rendered":"<div class=\"wp-block-mac-h1-title-hero-block container-fluid block-txt-container\" style=\"background: linear-gradient(180deg,#015e6f 0%,#004857 100%)\">\r\n<div class=\"row\">\r\n<div class=\"col\">\r\n<div class=\"gts__picture\">\r\n\r\n<img decoding=\"async\" style=\"display: none\" src=\"https:\/\/www.maccaferri.com\/ca\/wp-content\/uploads\/2022\/12\/BIM-Maccaferri-Terramesh.jpg\" \/>\r\n<div class=\"gts__picture__image\" style=\"background-image: url('https:\/\/www.maccaferri.com\/ca\/wp-content\/uploads\/2022\/12\/BIM-Maccaferri-Terramesh.jpg')\"><\/div>\r\n<\/div>\r\n<div class=\"container box-container\">\r\n<div class=\"row\">\r\n<div class=\"col title-box-txt\">\r\n<h1 class=\"wp-block-mac-h1-title-hero-block\" style=\"color: #ffffff;text-align: none\">Biblioth\u00e8que Objets BIM<\/h1>\r\n<\/div>\r\n<\/div>\r\n<\/div>\r\n<\/div>\r\n<\/div>\r\n<\/div><div style=\"height:100px\" aria-hidden=\"true\" class=\"wp-block-spacer\"><\/div><div class=\"wp-block-columns is-layout-flex wp-container-core-columns-is-layout-9d6595d7 wp-block-columns-is-layout-flex\"><div class=\"wp-block-column is-layout-flow wp-block-column-is-layout-flow\"><div class=\"wp-block-mac-container-block box-container\"><div class=\"wp-block-columns is-layout-flex wp-container-core-columns-is-layout-9d6595d7 wp-block-columns-is-layout-flex\"><div class=\"wp-block-column is-layout-flow wp-block-column-is-layout-flow\"><p class=\"has-text-align-center\">Le <strong>BIM Building Information Modeling (BIM<\/strong>) est un process intelligent bas\u00e9 sur un mod\u00e8le 3D.<\/p>\n\n<p class=\"has-text-align-center\">Un nouvel outil incroyable pour les professionnels de l&#8217;ing\u00e9nierie et le construction<\/p>\n\n<p class=\"has-text-align-center\">Bimstore.co n&#8217;est pas seulement une biblioth\u00e8que d&#8217;informations, c&#8217;est une communaut\u00e9 collaborative qui relie les passionn\u00e9s de la cr\u00e9ation d&#8217;un avenir plus intelligent.<\/p><\/div><\/div><\/div><\/div><\/div><div class=\"wp-block-mac-container-block box-container\"><div class=\"wp-block-columns is-layout-flex wp-container-core-columns-is-layout-9d6595d7 wp-block-columns-is-layout-flex\"><div class=\"wp-block-column is-layout-flow wp-block-column-is-layout-flow\"><iframe width=\"100%\" height=\"1300\" style=\"border:0px;\" border=\"none\" src=\"https:\/\/www.bimstore.co\/bimshelf\/d8bb0b62-3b5e-4293-9eef-5da70089e994\"><\/iframe><\/div><\/div><\/div><div class=\"wp-block-columns is-layout-flex wp-container-core-columns-is-layout-9d6595d7 wp-block-columns-is-layout-flex\"><div class=\"wp-block-column is-layout-flow wp-block-column-is-layout-flow\"><div class=\"wp-block-mac-container-block box-container\"><div class=\"wp-block-columns is-layout-flex wp-container-core-columns-is-layout-9d6595d7 wp-block-columns-is-layout-flex\"><div class=\"wp-block-column is-layout-flow wp-block-column-is-layout-flow\"><\/div><\/div><\/div><\/div><\/div><div style=\"height:100px\" aria-hidden=\"true\" class=\"wp-block-spacer\"><\/div>","protected":false},"excerpt":{"rendered":"","protected":false},"author":2,"featured_media":0,"parent":0,"menu_order":0,"comment_status":"closed","ping_status":"closed","template":"","meta":{"_acf_changed":false,"_joinchat":[],"footnotes":""},"class_list":["post-6181","page","type-page","status-publish","hentry"],"acf":{"uuid_products":"","product-documents":""},"yoast_head":"<!-- This site is optimized with the Yoast SEO Premium plugin v27.0 (Yoast SEO v27.0) - https:\/\/yoast.com\/product\/yoast-seo-premium-wordpress\/ -->\n<title>Biblioth\u00e8que Objets BIM - Maccaferri Canada<\/title>\n<meta name=\"description\" content=\"Biblioth\u00e8que Objets BIM Le BIM Building Information Modeling (BIM) est un process intelligent bas\u00e9 sur un mod\u00e8le 3D. Un nouvel outil incroyable pour les\" \/>\n<meta name=\"robots\" content=\"index, follow, max-snippet:-1, max-image-preview:large, max-video-preview:-1\" \/>\n<link rel=\"canonical\" href=\"https:\/\/www.maccaferri.com\/ca\/fr\/bibliotheque-objets-bim\/\" \/>\n<meta property=\"og:locale\" content=\"fr_FR\" \/>\n<meta property=\"og:type\" content=\"article\" \/>\n<meta property=\"og:title\" content=\"Biblioth\u00e8que Objets BIM\" \/>\n<meta property=\"og:description\" content=\"Biblioth\u00e8que Objets BIM Le BIM Building Information Modeling (BIM) est un process intelligent bas\u00e9 sur un mod\u00e8le 3D. Un nouvel outil incroyable pour les\" \/>\n<meta property=\"og:url\" content=\"https:\/\/www.maccaferri.com\/ca\/fr\/bibliotheque-objets-bim\/\" \/>\n<meta property=\"og:site_name\" content=\"Maccaferri Canada\" \/>\n<meta property=\"article:modified_time\" content=\"2025-01-14T17:13:25+00:00\" \/>\n<meta property=\"og:image\" content=\"https:\/\/www.maccaferri.com\/ca\/wp-content\/uploads\/2022\/12\/BIM-Maccaferri-Terramesh.jpg\" \/>\n<meta name=\"twitter:card\" content=\"summary_large_image\" \/>\n<script type=\"application\/ld+json\" class=\"yoast-schema-graph\">{\"@context\":\"https:\/\/schema.org\",\"@graph\":[{\"@type\":\"WebPage\",\"@id\":\"https:\/\/www.maccaferri.com\/ca\/fr\/bibliotheque-objets-bim\/\",\"url\":\"https:\/\/www.maccaferri.com\/ca\/fr\/bibliotheque-objets-bim\/\",\"name\":\"Biblioth\u00e8que Objets BIM - Maccaferri Canada\",\"isPartOf\":{\"@id\":\"https:\/\/www.maccaferri.com\/ca\/fr\/#website\"},\"primaryImageOfPage\":{\"@id\":\"https:\/\/www.maccaferri.com\/ca\/fr\/bibliotheque-objets-bim\/#primaryimage\"},\"image\":{\"@id\":\"https:\/\/www.maccaferri.com\/ca\/fr\/bibliotheque-objets-bim\/#primaryimage\"},\"thumbnailUrl\":\"https:\/\/www.maccaferri.com\/ca\/wp-content\/uploads\/2022\/12\/BIM-Maccaferri-Terramesh.jpg\",\"datePublished\":\"2022-12-12T05:48:29+00:00\",\"dateModified\":\"2025-01-14T17:13:25+00:00\",\"description\":\"Biblioth\u00e8que Objets BIM Le BIM Building Information Modeling (BIM) est un process intelligent bas\u00e9 sur un mod\u00e8le 3D. Un nouvel outil incroyable pour les\",\"breadcrumb\":{\"@id\":\"https:\/\/www.maccaferri.com\/ca\/fr\/bibliotheque-objets-bim\/#breadcrumb\"},\"inLanguage\":\"fr-FR\",\"potentialAction\":[{\"@type\":\"ReadAction\",\"target\":[\"https:\/\/www.maccaferri.com\/ca\/fr\/bibliotheque-objets-bim\/\"]}]},{\"@type\":\"ImageObject\",\"inLanguage\":\"fr-FR\",\"@id\":\"https:\/\/www.maccaferri.com\/ca\/fr\/bibliotheque-objets-bim\/#primaryimage\",\"url\":\"https:\/\/www.maccaferri.com\/ca\/wp-content\/uploads\/2022\/12\/BIM-Maccaferri-Terramesh.jpg\",\"contentUrl\":\"https:\/\/www.maccaferri.com\/ca\/wp-content\/uploads\/2022\/12\/BIM-Maccaferri-Terramesh.jpg\"},{\"@type\":\"BreadcrumbList\",\"@id\":\"https:\/\/www.maccaferri.com\/ca\/fr\/bibliotheque-objets-bim\/#breadcrumb\",\"itemListElement\":[{\"@type\":\"ListItem\",\"position\":1,\"name\":\"Home\",\"item\":\"https:\/\/www.maccaferri.com\/ca\/fr\/\"},{\"@type\":\"ListItem\",\"position\":2,\"name\":\"Biblioth\u00e8que Objets BIM\"}]},{\"@type\":\"WebSite\",\"@id\":\"https:\/\/www.maccaferri.com\/ca\/fr\/#website\",\"url\":\"https:\/\/www.maccaferri.com\/ca\/fr\/\",\"name\":\"Maccaferri Canada\",\"description\":\"\",\"publisher\":{\"@id\":\"https:\/\/www.maccaferri.com\/ca\/fr\/#organization\"},\"potentialAction\":[{\"@type\":\"SearchAction\",\"target\":{\"@type\":\"EntryPoint\",\"urlTemplate\":\"https:\/\/www.maccaferri.com\/ca\/fr\/?s={search_term_string}\"},\"query-input\":{\"@type\":\"PropertyValueSpecification\",\"valueRequired\":true,\"valueName\":\"search_term_string\"}}],\"inLanguage\":\"fr-FR\"},{\"@type\":\"Organization\",\"@id\":\"https:\/\/www.maccaferri.com\/ca\/fr\/#organization\",\"name\":\"Maccaferri Canada\",\"url\":\"https:\/\/www.maccaferri.com\/ca\/fr\/\",\"logo\":{\"@type\":\"ImageObject\",\"inLanguage\":\"fr-FR\",\"@id\":\"https:\/\/www.maccaferri.com\/ca\/fr\/#\/schema\/logo\/image\/\",\"url\":\"https:\/\/www.maccaferri.com\/ca\/wp-content\/uploads\/2022\/07\/logo-maccaferri.png\",\"contentUrl\":\"https:\/\/www.maccaferri.com\/ca\/wp-content\/uploads\/2022\/07\/logo-maccaferri.png\",\"width\":152,\"height\":32,\"caption\":\"Maccaferri Canada\"},\"image\":{\"@id\":\"https:\/\/www.maccaferri.com\/ca\/fr\/#\/schema\/logo\/image\/\"}}]}<\/script>\n<!-- \/ Yoast SEO Premium plugin. -->","yoast_head_json":{"title":"Biblioth\u00e8que Objets BIM - Maccaferri Canada","description":"Biblioth\u00e8que Objets BIM Le BIM Building Information Modeling (BIM) est un process intelligent bas\u00e9 sur un mod\u00e8le 3D. Un nouvel outil incroyable pour les","robots":{"index":"index","follow":"follow","max-snippet":"max-snippet:-1","max-image-preview":"max-image-preview:large","max-video-preview":"max-video-preview:-1"},"canonical":"https:\/\/www.maccaferri.com\/ca\/fr\/bibliotheque-objets-bim\/","og_locale":"fr_FR","og_type":"article","og_title":"Biblioth\u00e8que Objets BIM","og_description":"Biblioth\u00e8que Objets BIM Le BIM Building Information Modeling (BIM) est un process intelligent bas\u00e9 sur un mod\u00e8le 3D. Un nouvel outil incroyable pour les","og_url":"https:\/\/www.maccaferri.com\/ca\/fr\/bibliotheque-objets-bim\/","og_site_name":"Maccaferri Canada","article_modified_time":"2025-01-14T17:13:25+00:00","og_image":[{"url":"https:\/\/www.maccaferri.com\/ca\/wp-content\/uploads\/2022\/12\/BIM-Maccaferri-Terramesh.jpg","type":"","width":"","height":""}],"twitter_card":"summary_large_image","schema":{"@context":"https:\/\/schema.org","@graph":[{"@type":"WebPage","@id":"https:\/\/www.maccaferri.com\/ca\/fr\/bibliotheque-objets-bim\/","url":"https:\/\/www.maccaferri.com\/ca\/fr\/bibliotheque-objets-bim\/","name":"Biblioth\u00e8que Objets BIM - Maccaferri Canada","isPartOf":{"@id":"https:\/\/www.maccaferri.com\/ca\/fr\/#website"},"primaryImageOfPage":{"@id":"https:\/\/www.maccaferri.com\/ca\/fr\/bibliotheque-objets-bim\/#primaryimage"},"image":{"@id":"https:\/\/www.maccaferri.com\/ca\/fr\/bibliotheque-objets-bim\/#primaryimage"},"thumbnailUrl":"https:\/\/www.maccaferri.com\/ca\/wp-content\/uploads\/2022\/12\/BIM-Maccaferri-Terramesh.jpg","datePublished":"2022-12-12T05:48:29+00:00","dateModified":"2025-01-14T17:13:25+00:00","description":"Biblioth\u00e8que Objets BIM Le BIM Building Information Modeling (BIM) est un process intelligent bas\u00e9 sur un mod\u00e8le 3D. Un nouvel outil incroyable pour les","breadcrumb":{"@id":"https:\/\/www.maccaferri.com\/ca\/fr\/bibliotheque-objets-bim\/#breadcrumb"},"inLanguage":"fr-FR","potentialAction":[{"@type":"ReadAction","target":["https:\/\/www.maccaferri.com\/ca\/fr\/bibliotheque-objets-bim\/"]}]},{"@type":"ImageObject","inLanguage":"fr-FR","@id":"https:\/\/www.maccaferri.com\/ca\/fr\/bibliotheque-objets-bim\/#primaryimage","url":"https:\/\/www.maccaferri.com\/ca\/wp-content\/uploads\/2022\/12\/BIM-Maccaferri-Terramesh.jpg","contentUrl":"https:\/\/www.maccaferri.com\/ca\/wp-content\/uploads\/2022\/12\/BIM-Maccaferri-Terramesh.jpg"},{"@type":"BreadcrumbList","@id":"https:\/\/www.maccaferri.com\/ca\/fr\/bibliotheque-objets-bim\/#breadcrumb","itemListElement":[{"@type":"ListItem","position":1,"name":"Home","item":"https:\/\/www.maccaferri.com\/ca\/fr\/"},{"@type":"ListItem","position":2,"name":"Biblioth\u00e8que Objets BIM"}]},{"@type":"WebSite","@id":"https:\/\/www.maccaferri.com\/ca\/fr\/#website","url":"https:\/\/www.maccaferri.com\/ca\/fr\/","name":"Maccaferri Canada","description":"","publisher":{"@id":"https:\/\/www.maccaferri.com\/ca\/fr\/#organization"},"potentialAction":[{"@type":"SearchAction","target":{"@type":"EntryPoint","urlTemplate":"https:\/\/www.maccaferri.com\/ca\/fr\/?s={search_term_string}"},"query-input":{"@type":"PropertyValueSpecification","valueRequired":true,"valueName":"search_term_string"}}],"inLanguage":"fr-FR"},{"@type":"Organization","@id":"https:\/\/www.maccaferri.com\/ca\/fr\/#organization","name":"Maccaferri Canada","url":"https:\/\/www.maccaferri.com\/ca\/fr\/","logo":{"@type":"ImageObject","inLanguage":"fr-FR","@id":"https:\/\/www.maccaferri.com\/ca\/fr\/#\/schema\/logo\/image\/","url":"https:\/\/www.maccaferri.com\/ca\/wp-content\/uploads\/2022\/07\/logo-maccaferri.png","contentUrl":"https:\/\/www.maccaferri.com\/ca\/wp-content\/uploads\/2022\/07\/logo-maccaferri.png","width":152,"height":32,"caption":"Maccaferri Canada"},"image":{"@id":"https:\/\/www.maccaferri.com\/ca\/fr\/#\/schema\/logo\/image\/"}}]}},"_links":{"self":[{"href":"https:\/\/www.maccaferri.com\/ca\/fr\/wp-json\/wp\/v2\/pages\/6181","targetHints":{"allow":["GET"]}}],"collection":[{"href":"https:\/\/www.maccaferri.com\/ca\/fr\/wp-json\/wp\/v2\/pages"}],"about":[{"href":"https:\/\/www.maccaferri.com\/ca\/fr\/wp-json\/wp\/v2\/types\/page"}],"author":[{"embeddable":true,"href":"https:\/\/www.maccaferri.com\/ca\/fr\/wp-json\/wp\/v2\/users\/2"}],"replies":[{"embeddable":true,"href":"https:\/\/www.maccaferri.com\/ca\/fr\/wp-json\/wp\/v2\/comments?post=6181"}],"version-history":[{"count":2,"href":"https:\/\/www.maccaferri.com\/ca\/fr\/wp-json\/wp\/v2\/pages\/6181\/revisions"}],"predecessor-version":[{"id":8313,"href":"https:\/\/www.maccaferri.com\/ca\/fr\/wp-json\/wp\/v2\/pages\/6181\/revisions\/8313"}],"wp:attachment":[{"href":"https:\/\/www.maccaferri.com\/ca\/fr\/wp-json\/wp\/v2\/media?parent=6181"}],"curies":[{"name":"wp","href":"https:\/\/api.w.org\/{rel}","templated":true}]}}