{"id":198814,"date":"2023-08-24T17:34:07","date_gmt":"2023-08-24T15:34:07","guid":{"rendered":"https:\/\/www.maccaferri.com\/ca\/?page_id=198814"},"modified":"2025-06-05T11:03:29","modified_gmt":"2025-06-05T09:03:29","slug":"multicomposite-geosynthetics","status":"publish","type":"page","link":"https:\/\/www.maccaferri.com\/ca\/fr\/multicomposite-geosynthetics\/","title":{"rendered":"MULTICOMPOSITE GEOSYNTHETICS"},"content":{"rendered":"<div class=\"wp-block-mac-slider-hero-block hero-slider\"><div id=\"hero78\" class=\"carousel slide\" data-bs-ride=\"true\"><ol class=\"carousel-indicators box-container\"><li data-bs-target=\"#hero78\" data-bs-slide-to=\"0\" class=\"active\"><\/li><\/ol><div class=\"carousel-inner\"><div class=\"carousel-item active\"><div class=\"hero\"><div class=\"gts__picture\"><img decoding=\"async\" src=\"https:\/\/www.maccaferri.com\/wp-content\/uploads\/2023\/08\/tricomp-1-scaled.jpg\" style=\"display:none\"\/><div class=\"gts__picture__image\" style=\"background-image:url(https:\/\/www.maccaferri.com\/wp-content\/uploads\/2023\/08\/tricomp-1-scaled.jpg)\"><\/div><\/div><div class=\"container box-container\"><div class=\"row\"><div class=\"col-12 col-lg-6 col-xl-6 col-xxl-6\"><p><span class=\"hero-index\" style=\"display:none\">0<\/span><\/p><h2 class=\"hero-text-container\"><span class=\"hero-text\">G\u00c9OSYNTH\u00c9TIQUES MULTICOMPOSITES<\/span><\/h2><a class=\"hero-buttonurl\" href=\"#download\"><span class=\"hero-buttontext\">T\u00e9l\u00e9charger les documents ici<\/span><\/a><\/div><\/div><\/div><\/div><\/div><\/div><button class=\"carousel-control-prev\" href=\"#hero78\" type=\"button\" data-bs-slide=\"prev\"><span class=\"carousel-control-prev-icon\" aria-hidden=\"true\"><\/span><span class=\"visually-hidden\">Previous<\/span><\/button><button class=\"carousel-control-next\" href=\"#hero78\" type=\"button\" data-bs-slide=\"next\"><span class=\"carousel-control-next-icon\" aria-hidden=\"true\"><\/span><span class=\"visually-hidden\">Next<\/span><\/button><\/div><\/div><div style=\"height:100px\" aria-hidden=\"true\" class=\"wp-block-spacer\"><\/div><div class=\"wp-block-mac-container-block box-container\"><div class=\"wp-block-columns is-layout-flex wp-container-core-columns-is-layout-9d6595d7 wp-block-columns-is-layout-flex\"><div class=\"wp-block-column is-layout-flow wp-block-column-is-layout-flow\"><p class=\"has-large-font-size\"><strong>S\u2019OUVRIR \u00c0 UN GRAND CHOIX DE POSSIBILIT\u00c9S<\/strong><\/p>\n\n<div style=\"height:50px\" aria-hidden=\"true\" class=\"wp-block-spacer\"><\/div>\n\n<p>D\u00e9couvrez le potentiel innovant des g\u00e9osynth\u00e9tiques multicomposites de Maccaferri, qui red\u00e9finissent le paysage des g\u00e9osynth\u00e9tiques : une solution polyvalente aux diverses fonctions. Plongez dans l\u2019avenir des g\u00e9osynth\u00e9tiques avec les multicomposites. R\u00e9sultat de l\u2019association de plusieurs types de g\u00e9osynth\u00e9tiques aux fonctions diverses entre eux, ils am\u00e9liorent la performance des chantiers en simplifiant grandement la pose.<\/p>\n\n<div style=\"height:70px\" aria-hidden=\"true\" class=\"wp-block-spacer\"><\/div>\n\n<figure class=\"wp-block-image size-large is-style-default\"><img decoding=\"async\" src=\"https:\/\/www.maccaferri.com\/wp-content\/uploads\/2023\/08\/FIRMA-GSY1-1024x438.png\" alt=\"\" class=\"wp-image-53682\"\/><\/figure><\/div><\/div><\/div><div style=\"height:75px\" aria-hidden=\"true\" class=\"wp-block-spacer\"><\/div><div class=\"wp-block-mac-container-block box-container\"><div class=\"wp-block-columns is-layout-flex wp-container-core-columns-is-layout-9d6595d7 wp-block-columns-is-layout-flex\"><div class=\"wp-block-column is-layout-flow wp-block-column-is-layout-flow\"><p style=\"font-size:30px\"><strong>CONTR\u00d4LE DE L\u2019\u00c9ROSION<\/strong><\/p>\n\n<p>Il est possible d\u2019int\u00e9grer au multicomposite un g\u00e9omatelas pour lutter contre l\u2019\u00e9rosion en stabilisant le terrain sur les pentes et berges.<\/p><\/div>\n\n<div class=\"wp-block-column is-layout-flow wp-block-column-is-layout-flow\"><p style=\"font-size:30px\"><strong>RENFORCEMENT<\/strong><\/p>\n\n<p>Une g\u00e9ogrille de renforcement peut \u00eatre associ\u00e9e au multicomposite : il peut alors \u00eatre utilis\u00e9 pour stabiliser les couches de forme et am\u00e9liorer la traficabilit\u00e9 et la durabilit\u00e9 des ouvrages.<\/p><\/div><\/div><\/div><div style=\"height:70px\" aria-hidden=\"true\" class=\"wp-block-spacer\"><\/div><div class=\"wp-block-mac-container-block box-container\"><div class=\"wp-block-columns is-layout-flex wp-container-core-columns-is-layout-9d6595d7 wp-block-columns-is-layout-flex\"><div class=\"wp-block-column is-layout-flow wp-block-column-is-layout-flow\"><p style=\"font-size:30px\"><strong>FILTRATION<\/strong><\/p>\n\n<p>Chaque multicomposite est dot\u00e9 d\u2019un g\u00e9otextile de filtration permettant le passage de l\u2019eau tout en retenant les particules du sol.<\/p><\/div>\n\n<div class=\"wp-block-column is-layout-flow wp-block-column-is-layout-flow\"><p style=\"font-size:30px\"><strong>DRAINAGE<\/strong><\/p>\n\n<p>Afin de collecter efficacement l\u2019eau et les gaz et les \u00e9loigner de zones critiques, le multicomposite peut \u00eatre \u00e9quip\u00e9 d\u2019une \u00e2me drainante, solution durable de drainage des ouvrages.<\/p><\/div><\/div><\/div><div style=\"height:70px\" aria-hidden=\"true\" class=\"wp-block-spacer\"><\/div><div class=\"wp-block-mac-container-block box-container\"><div class=\"wp-block-columns is-layout-flex wp-container-core-columns-is-layout-9d6595d7 wp-block-columns-is-layout-flex\"><div class=\"wp-block-column is-layout-flow wp-block-column-is-layout-flow\"><p style=\"font-size:30px\"><strong>BARRI\u00c8RE<\/strong><\/p>\n\n<p>Pour retenir efficacement les contaminants et pr\u00e9server l\u2019environnement, le multicomposite peut \u00eatre \u00e9quip\u00e9 d\u2019un g\u00e9ofilm imperm\u00e9able.<\/p><\/div>\n\n<div class=\"wp-block-column is-layout-flow wp-block-column-is-layout-flow\"><p style=\"font-size:30px\"><strong>PROTECTION<\/strong><\/p>\n\n<p>Gr\u00e2ce \u00e0 une combinaison de plusieurs g\u00e9osynth\u00e9tiques, le multicomposite assure la fonction de protection. Ils prot\u00e8gent les structures vitales des perforations, du poin\u00e7onnement ou des dommages caus\u00e9s par les UV.<\/p><\/div><\/div><\/div><div style=\"height:70px\" aria-hidden=\"true\" class=\"wp-block-spacer\"><\/div><div class=\"wp-block-mac-container-block box-container\"><div class=\"wp-block-columns is-layout-flex wp-container-core-columns-is-layout-9d6595d7 wp-block-columns-is-layout-flex\"><div class=\"wp-block-column is-layout-flow wp-block-column-is-layout-flow\"><p style=\"font-size:30px\"><strong>S\u00c9PARATION<\/strong><\/p>\n\n<p>Chaque multicomposite dispose d\u2019au moins un g\u00e9otextile assurant la fonction de s\u00e9paration : il \u00e9vite le m\u00e9lange des diff\u00e9rentes couches de mat\u00e9riaux de construction qui conservent ainsi leurs propri\u00e9t\u00e9s.<\/p><\/div>\n\n<div class=\"wp-block-column is-layout-flow wp-block-column-is-layout-flow\"><p style=\"font-size:30px\"><strong>\u2026 DES POSSIBILIT\u00c9S INFINIES<\/strong><\/p><\/div><\/div><\/div><div style=\"height:70px\" aria-hidden=\"true\" class=\"wp-block-spacer\"><\/div><div class=\"wp-block-mac-h2-title-block block-txt-container box-container\"><div class=\"row\"><div class=\"col title-box-txt\"><h2 style=\"color:#212429;text-align:none\">\u00c9tude de cas : Cava D\u00e8 Tirreni <\/h2><\/div><\/div><\/div><div class=\"wp-block-mac-container-block box-container\"><div class=\"wp-block-columns is-layout-flex wp-container-core-columns-is-layout-9d6595d7 wp-block-columns-is-layout-flex\"><div class=\"wp-block-column is-layout-flow wp-block-column-is-layout-flow\"><figure class=\"wp-block-video\"><video height=\"518\" style=\"aspect-ratio: 753 \/ 518;\" width=\"753\" controls poster=\"https:\/\/www.maccaferri.com\/ca\/wp-content\/uploads\/2024\/10\/immagine-7.png\" src=\"https:\/\/www.maccaferri.com\/wp-content\/uploads\/2023\/08\/643e1591-b2ea-4ed8-8fec-7ac0e41e26c6-1.mp4\"><\/video><\/figure><\/div><\/div><\/div><div style=\"height:50px\" aria-hidden=\"true\" class=\"wp-block-spacer\"><\/div><div class=\"wp-block-mac-container-block box-container\"><div class=\"wp-block-columns is-layout-flex wp-container-core-columns-is-layout-9d6595d7 wp-block-columns-is-layout-flex\"><div class=\"wp-block-column is-layout-flow wp-block-column-is-layout-flow\"><div class=\"wp-block-mac-container-block box-container\"><div class=\"wp-block-columns is-layout-flex wp-container-core-columns-is-layout-9d6595d7 wp-block-columns-is-layout-flex\"><div class=\"wp-block-column is-layout-flow wp-block-column-is-layout-flow\"><div class=\"wp-block-mac-h2-title-block block-txt-container box-container\"><div class=\"row\"><div class=\"col title-box-txt\"><h2 style=\"color:#212429;text-align:center\">Webinaire d\u00e9di\u00e9<\/h2><\/div><\/div><\/div>\n\n<p class=\"has-text-align-center\" style=\"font-size:15px\"><strong>L&#8217;\u00e9volution des g\u00e9osynth\u00e9tiques : des origines aux solutions modernes avanc\u00e9es<\/strong><br>Depuis plus de 100 ans, nous travaillons aux c\u00f4t\u00e9s de nos clients pour d\u00e9velopper des solutions d&#8217;ing\u00e9nierie respectueuses de la nature qui r\u00e9pondent aux besoins actuels tout en anticipant les besoins futurs.<\/p>\n\n<div class=\"wp-block-buttons is-content-justification-center is-layout-flex wp-container-core-buttons-is-layout-16018d1d wp-block-buttons-is-layout-flex\"><div class=\"wp-block-button\"><a class=\"wp-block-button__link wp-element-button\" href=\"https:\/\/www.maccaferri.com\/ca\/webinar\/multicomposite-geosynthetics-unlock-a-world-of-possibilities\/\" target=\"_blank\" rel=\"noreferrer noopener\">y acc\u00e9der<\/a><\/div><\/div><\/div>\n\n<div class=\"wp-block-column is-layout-flow wp-block-column-is-layout-flow\"><div style=\"height:50px\" aria-hidden=\"true\" class=\"wp-block-spacer\"><\/div>\n\n<figure class=\"wp-block-image aligncenter size-large\"><img decoding=\"async\" src=\"https:\/\/www.maccaferri.com\/wp-content\/uploads\/2023\/08\/vlcsnap-2023-08-21-15h34m18s395-1-1-1024x576.png\" alt=\"\" class=\"wp-image-54069\"\/><\/figure><\/div><\/div><\/div><\/div><\/div><\/div><div style=\"height:50px\" aria-hidden=\"true\" class=\"wp-block-spacer\"><\/div><div class=\"wp-block-mac-h2-title-block block-txt-container box-container download\"><div class=\"row\"><div class=\"col title-box-txt\"><h2 style=\"color:#212429;text-align:none\">T\u00c9L\u00c9CHARGEMENT<\/h2><\/div><\/div><\/div><div class=\"wp-block-mac-container-block box-container\"><div class=\"wp-block-columns is-layout-flex wp-container-core-columns-is-layout-9d6595d7 wp-block-columns-is-layout-flex\"><div class=\"wp-block-column is-layout-flow wp-block-column-is-layout-flow\"><p class=\"has-medium-font-size\" id=\"download\">Remplissez le formulaire ci-dessous pour acc\u00e9der \u00e0 notre mat\u00e9riel exclusif sur les g\u00e9osynth\u00e9tiques multicomposites.<\/p><\/div><\/div><\/div><div class=\"wp-block-mac-container-block box-container\"><div class=\"wp-block-columns is-layout-flex wp-container-core-columns-is-layout-9d6595d7 wp-block-columns-is-layout-flex\"><div class=\"wp-block-column is-layout-flow wp-block-column-is-layout-flow\"><iframe src=\"https:\/\/www2.maccaferri.com\/l\/965143\/2023-08-29\/5qw4g5\" width=\"100%\" height=\"500\" type=\"text\/html\" frameborder=\"0\" allowtransparency=\"true\" style=\"border: 0\" data-cookieconsent=\"ignore\"><\/iframe><\/div><\/div><\/div><div style=\"height:100px\" aria-hidden=\"true\" class=\"wp-block-spacer\"><\/div><p><\/p>","protected":false},"excerpt":{"rendered":"","protected":false},"author":11460,"featured_media":0,"parent":0,"menu_order":0,"comment_status":"closed","ping_status":"closed","template":"","meta":{"_acf_changed":false,"_joinchat":[],"footnotes":""},"class_list":["post-198814","page","type-page","status-publish","hentry"],"acf":{"uuid_products":"","product-documents":""},"yoast_head":"<!-- This site is optimized with the Yoast SEO Premium plugin v27.0 (Yoast SEO v27.0) - https:\/\/yoast.com\/product\/yoast-seo-premium-wordpress\/ -->\n<title>MULTICOMPOSITE GEOSYNTHETICS - Maccaferri Canada<\/title>\n<meta name=\"description\" content=\"0G\u00c9OSYNTH\u00c9TIQUES MULTICOMPOSITEST\u00e9l\u00e9charger les documents iciPreviousNext S\u2019OUVRIR \u00c0 UN GRAND CHOIX DE POSSIBILIT\u00c9S D\u00e9couvrez le potentiel innovant des\" \/>\n<meta name=\"robots\" content=\"index, follow, max-snippet:-1, max-image-preview:large, max-video-preview:-1\" \/>\n<link rel=\"canonical\" href=\"https:\/\/www.maccaferri.com\/ca\/fr\/multicomposite-geosynthetics\/\" \/>\n<meta property=\"og:locale\" content=\"fr_FR\" \/>\n<meta property=\"og:type\" content=\"article\" \/>\n<meta property=\"og:title\" content=\"MULTICOMPOSITE GEOSYNTHETICS\" \/>\n<meta property=\"og:description\" content=\"0G\u00c9OSYNTH\u00c9TIQUES MULTICOMPOSITEST\u00e9l\u00e9charger les documents iciPreviousNext S\u2019OUVRIR \u00c0 UN GRAND CHOIX DE POSSIBILIT\u00c9S D\u00e9couvrez le potentiel innovant des\" \/>\n<meta property=\"og:url\" content=\"https:\/\/www.maccaferri.com\/ca\/fr\/multicomposite-geosynthetics\/\" \/>\n<meta property=\"og:site_name\" content=\"Maccaferri Canada\" \/>\n<meta property=\"article:modified_time\" content=\"2025-06-05T09:03:29+00:00\" \/>\n<meta property=\"og:image\" content=\"https:\/\/www.maccaferri.com\/wp-content\/uploads\/2023\/08\/tricomp-1-scaled.jpg\" \/>\n<meta name=\"twitter:card\" content=\"summary_large_image\" \/>\n<meta name=\"twitter:label1\" content=\"Dur\u00e9e de lecture estim\u00e9e\" \/>\n\t<meta name=\"twitter:data1\" content=\"2 minutes\" \/>\n<script type=\"application\/ld+json\" class=\"yoast-schema-graph\">{\"@context\":\"https:\/\/schema.org\",\"@graph\":[{\"@type\":\"WebPage\",\"@id\":\"https:\/\/www.maccaferri.com\/ca\/fr\/multicomposite-geosynthetics\/\",\"url\":\"https:\/\/www.maccaferri.com\/ca\/fr\/multicomposite-geosynthetics\/\",\"name\":\"MULTICOMPOSITE GEOSYNTHETICS - Maccaferri Canada\",\"isPartOf\":{\"@id\":\"https:\/\/www.maccaferri.com\/ca\/fr\/#website\"},\"primaryImageOfPage\":{\"@id\":\"https:\/\/www.maccaferri.com\/ca\/fr\/multicomposite-geosynthetics\/#primaryimage\"},\"image\":{\"@id\":\"https:\/\/www.maccaferri.com\/ca\/fr\/multicomposite-geosynthetics\/#primaryimage\"},\"thumbnailUrl\":\"https:\/\/www.maccaferri.com\/wp-content\/uploads\/2023\/08\/tricomp-1-scaled.jpg\",\"datePublished\":\"2023-08-24T15:34:07+00:00\",\"dateModified\":\"2025-06-05T09:03:29+00:00\",\"description\":\"0G\u00c9OSYNTH\u00c9TIQUES MULTICOMPOSITEST\u00e9l\u00e9charger les documents iciPreviousNext S\u2019OUVRIR \u00c0 UN GRAND CHOIX DE POSSIBILIT\u00c9S D\u00e9couvrez le potentiel innovant des\",\"breadcrumb\":{\"@id\":\"https:\/\/www.maccaferri.com\/ca\/fr\/multicomposite-geosynthetics\/#breadcrumb\"},\"inLanguage\":\"fr-FR\",\"potentialAction\":[{\"@type\":\"ReadAction\",\"target\":[\"https:\/\/www.maccaferri.com\/ca\/fr\/multicomposite-geosynthetics\/\"]}]},{\"@type\":\"ImageObject\",\"inLanguage\":\"fr-FR\",\"@id\":\"https:\/\/www.maccaferri.com\/ca\/fr\/multicomposite-geosynthetics\/#primaryimage\",\"url\":\"https:\/\/www.maccaferri.com\/wp-content\/uploads\/2023\/08\/tricomp-1-scaled.jpg\",\"contentUrl\":\"https:\/\/www.maccaferri.com\/wp-content\/uploads\/2023\/08\/tricomp-1-scaled.jpg\"},{\"@type\":\"BreadcrumbList\",\"@id\":\"https:\/\/www.maccaferri.com\/ca\/fr\/multicomposite-geosynthetics\/#breadcrumb\",\"itemListElement\":[{\"@type\":\"ListItem\",\"position\":1,\"name\":\"Home\",\"item\":\"https:\/\/www.maccaferri.com\/ca\/fr\/\"},{\"@type\":\"ListItem\",\"position\":2,\"name\":\"MULTICOMPOSITE GEOSYNTHETICS\"}]},{\"@type\":\"WebSite\",\"@id\":\"https:\/\/www.maccaferri.com\/ca\/fr\/#website\",\"url\":\"https:\/\/www.maccaferri.com\/ca\/fr\/\",\"name\":\"Maccaferri Canada\",\"description\":\"\",\"publisher\":{\"@id\":\"https:\/\/www.maccaferri.com\/ca\/fr\/#organization\"},\"potentialAction\":[{\"@type\":\"SearchAction\",\"target\":{\"@type\":\"EntryPoint\",\"urlTemplate\":\"https:\/\/www.maccaferri.com\/ca\/fr\/?s={search_term_string}\"},\"query-input\":{\"@type\":\"PropertyValueSpecification\",\"valueRequired\":true,\"valueName\":\"search_term_string\"}}],\"inLanguage\":\"fr-FR\"},{\"@type\":\"Organization\",\"@id\":\"https:\/\/www.maccaferri.com\/ca\/fr\/#organization\",\"name\":\"Maccaferri Canada\",\"url\":\"https:\/\/www.maccaferri.com\/ca\/fr\/\",\"logo\":{\"@type\":\"ImageObject\",\"inLanguage\":\"fr-FR\",\"@id\":\"https:\/\/www.maccaferri.com\/ca\/fr\/#\/schema\/logo\/image\/\",\"url\":\"https:\/\/www.maccaferri.com\/ca\/wp-content\/uploads\/2022\/07\/logo-maccaferri.png\",\"contentUrl\":\"https:\/\/www.maccaferri.com\/ca\/wp-content\/uploads\/2022\/07\/logo-maccaferri.png\",\"width\":152,\"height\":32,\"caption\":\"Maccaferri Canada\"},\"image\":{\"@id\":\"https:\/\/www.maccaferri.com\/ca\/fr\/#\/schema\/logo\/image\/\"}}]}<\/script>\n<!-- \/ Yoast SEO Premium plugin. -->","yoast_head_json":{"title":"MULTICOMPOSITE GEOSYNTHETICS - Maccaferri Canada","description":"0G\u00c9OSYNTH\u00c9TIQUES MULTICOMPOSITEST\u00e9l\u00e9charger les documents iciPreviousNext S\u2019OUVRIR \u00c0 UN GRAND CHOIX DE POSSIBILIT\u00c9S D\u00e9couvrez le potentiel innovant des","robots":{"index":"index","follow":"follow","max-snippet":"max-snippet:-1","max-image-preview":"max-image-preview:large","max-video-preview":"max-video-preview:-1"},"canonical":"https:\/\/www.maccaferri.com\/ca\/fr\/multicomposite-geosynthetics\/","og_locale":"fr_FR","og_type":"article","og_title":"MULTICOMPOSITE GEOSYNTHETICS","og_description":"0G\u00c9OSYNTH\u00c9TIQUES MULTICOMPOSITEST\u00e9l\u00e9charger les documents iciPreviousNext S\u2019OUVRIR \u00c0 UN GRAND CHOIX DE POSSIBILIT\u00c9S D\u00e9couvrez le potentiel innovant des","og_url":"https:\/\/www.maccaferri.com\/ca\/fr\/multicomposite-geosynthetics\/","og_site_name":"Maccaferri Canada","article_modified_time":"2025-06-05T09:03:29+00:00","og_image":[{"url":"https:\/\/www.maccaferri.com\/wp-content\/uploads\/2023\/08\/tricomp-1-scaled.jpg","type":"","width":"","height":""}],"twitter_card":"summary_large_image","twitter_misc":{"Dur\u00e9e de lecture estim\u00e9e":"2 minutes"},"schema":{"@context":"https:\/\/schema.org","@graph":[{"@type":"WebPage","@id":"https:\/\/www.maccaferri.com\/ca\/fr\/multicomposite-geosynthetics\/","url":"https:\/\/www.maccaferri.com\/ca\/fr\/multicomposite-geosynthetics\/","name":"MULTICOMPOSITE GEOSYNTHETICS - Maccaferri Canada","isPartOf":{"@id":"https:\/\/www.maccaferri.com\/ca\/fr\/#website"},"primaryImageOfPage":{"@id":"https:\/\/www.maccaferri.com\/ca\/fr\/multicomposite-geosynthetics\/#primaryimage"},"image":{"@id":"https:\/\/www.maccaferri.com\/ca\/fr\/multicomposite-geosynthetics\/#primaryimage"},"thumbnailUrl":"https:\/\/www.maccaferri.com\/wp-content\/uploads\/2023\/08\/tricomp-1-scaled.jpg","datePublished":"2023-08-24T15:34:07+00:00","dateModified":"2025-06-05T09:03:29+00:00","description":"0G\u00c9OSYNTH\u00c9TIQUES MULTICOMPOSITEST\u00e9l\u00e9charger les documents iciPreviousNext S\u2019OUVRIR \u00c0 UN GRAND CHOIX DE POSSIBILIT\u00c9S D\u00e9couvrez le potentiel innovant des","breadcrumb":{"@id":"https:\/\/www.maccaferri.com\/ca\/fr\/multicomposite-geosynthetics\/#breadcrumb"},"inLanguage":"fr-FR","potentialAction":[{"@type":"ReadAction","target":["https:\/\/www.maccaferri.com\/ca\/fr\/multicomposite-geosynthetics\/"]}]},{"@type":"ImageObject","inLanguage":"fr-FR","@id":"https:\/\/www.maccaferri.com\/ca\/fr\/multicomposite-geosynthetics\/#primaryimage","url":"https:\/\/www.maccaferri.com\/wp-content\/uploads\/2023\/08\/tricomp-1-scaled.jpg","contentUrl":"https:\/\/www.maccaferri.com\/wp-content\/uploads\/2023\/08\/tricomp-1-scaled.jpg"},{"@type":"BreadcrumbList","@id":"https:\/\/www.maccaferri.com\/ca\/fr\/multicomposite-geosynthetics\/#breadcrumb","itemListElement":[{"@type":"ListItem","position":1,"name":"Home","item":"https:\/\/www.maccaferri.com\/ca\/fr\/"},{"@type":"ListItem","position":2,"name":"MULTICOMPOSITE GEOSYNTHETICS"}]},{"@type":"WebSite","@id":"https:\/\/www.maccaferri.com\/ca\/fr\/#website","url":"https:\/\/www.maccaferri.com\/ca\/fr\/","name":"Maccaferri Canada","description":"","publisher":{"@id":"https:\/\/www.maccaferri.com\/ca\/fr\/#organization"},"potentialAction":[{"@type":"SearchAction","target":{"@type":"EntryPoint","urlTemplate":"https:\/\/www.maccaferri.com\/ca\/fr\/?s={search_term_string}"},"query-input":{"@type":"PropertyValueSpecification","valueRequired":true,"valueName":"search_term_string"}}],"inLanguage":"fr-FR"},{"@type":"Organization","@id":"https:\/\/www.maccaferri.com\/ca\/fr\/#organization","name":"Maccaferri Canada","url":"https:\/\/www.maccaferri.com\/ca\/fr\/","logo":{"@type":"ImageObject","inLanguage":"fr-FR","@id":"https:\/\/www.maccaferri.com\/ca\/fr\/#\/schema\/logo\/image\/","url":"https:\/\/www.maccaferri.com\/ca\/wp-content\/uploads\/2022\/07\/logo-maccaferri.png","contentUrl":"https:\/\/www.maccaferri.com\/ca\/wp-content\/uploads\/2022\/07\/logo-maccaferri.png","width":152,"height":32,"caption":"Maccaferri Canada"},"image":{"@id":"https:\/\/www.maccaferri.com\/ca\/fr\/#\/schema\/logo\/image\/"}}]}},"_links":{"self":[{"href":"https:\/\/www.maccaferri.com\/ca\/fr\/wp-json\/wp\/v2\/pages\/198814","targetHints":{"allow":["GET"]}}],"collection":[{"href":"https:\/\/www.maccaferri.com\/ca\/fr\/wp-json\/wp\/v2\/pages"}],"about":[{"href":"https:\/\/www.maccaferri.com\/ca\/fr\/wp-json\/wp\/v2\/types\/page"}],"author":[{"embeddable":true,"href":"https:\/\/www.maccaferri.com\/ca\/fr\/wp-json\/wp\/v2\/users\/11460"}],"replies":[{"embeddable":true,"href":"https:\/\/www.maccaferri.com\/ca\/fr\/wp-json\/wp\/v2\/comments?post=198814"}],"version-history":[{"count":3,"href":"https:\/\/www.maccaferri.com\/ca\/fr\/wp-json\/wp\/v2\/pages\/198814\/revisions"}],"predecessor-version":[{"id":198821,"href":"https:\/\/www.maccaferri.com\/ca\/fr\/wp-json\/wp\/v2\/pages\/198814\/revisions\/198821"}],"wp:attachment":[{"href":"https:\/\/www.maccaferri.com\/ca\/fr\/wp-json\/wp\/v2\/media?parent=198814"}],"curies":[{"name":"wp","href":"https:\/\/api.w.org\/{rel}","templated":true}]}}