{"id":198011,"date":"2024-02-14T17:07:41","date_gmt":"2024-02-14T16:07:41","guid":{"rendered":"https:\/\/www.maccaferri.com\/ca\/?page_id=198011"},"modified":"2025-06-05T11:15:00","modified_gmt":"2025-06-05T09:15:00","slug":"defence-security","status":"publish","type":"page","link":"https:\/\/www.maccaferri.com\/ca\/fr\/defence-security\/","title":{"rendered":"Defence and Security"},"content":{"rendered":"<div class=\"wp-block-mac-slider-hero-block hero-slider\"><div id=\"hero13\" class=\"carousel slide\" data-bs-ride=\"true\"><ol class=\"carousel-indicators box-container\"><li data-bs-target=\"#hero13\" data-bs-slide-to=\"0\" class=\"active\"><\/li><\/ol><div class=\"carousel-inner\"><div class=\"carousel-item active\"><div class=\"hero\"><div class=\"gts__picture\"><img decoding=\"async\" src=\"https:\/\/www.maccaferri.com\/ca\/wp-content\/uploads\/2024\/10\/perimetro-dettaglio-light.jpg\" style=\"display:none\"\/><div class=\"gts__picture__image\" style=\"background-image:url(https:\/\/www.maccaferri.com\/ca\/wp-content\/uploads\/2024\/10\/perimetro-dettaglio-light.jpg)\"><\/div><\/div><div class=\"container box-container\"><div class=\"row\"><div class=\"col-12 col-lg-6 col-xl-6 col-xxl-6\"><p><span class=\"hero-index\" style=\"display:none\">0<\/span><\/p><h2 class=\"hero-text-container\"><span class=\"hero-text\">DEFENCE AND SECURITY<\/span><\/h2><a class=\"hero-buttonurl\" href=\"#download\"><span class=\"hero-buttontext\">download area here<\/span><\/a><\/div><\/div><\/div><\/div><\/div><\/div><button class=\"carousel-control-prev\" href=\"#hero13\" type=\"button\" data-bs-slide=\"prev\"><span class=\"carousel-control-prev-icon\" aria-hidden=\"true\"><\/span><span class=\"visually-hidden\">Previous<\/span><\/button><button class=\"carousel-control-next\" href=\"#hero13\" type=\"button\" data-bs-slide=\"next\"><span class=\"carousel-control-next-icon\" aria-hidden=\"true\"><\/span><span class=\"visually-hidden\">Next<\/span><\/button><\/div><\/div><div style=\"height:30px\" aria-hidden=\"true\" class=\"wp-block-spacer\"><\/div><div class=\"wp-block-mac-container-block box-container\"><div class=\"wp-block-columns is-layout-flex wp-container-core-columns-is-layout-9d6595d7 wp-block-columns-is-layout-flex\"><div class=\"wp-block-column is-layout-flow wp-block-column-is-layout-flow\"><h2 class=\"wp-block-heading has-text-color has-link-color wp-elements-80d0ba8db895015af54db2d8fb2c095c\" style=\"color:#034e51;font-size:30px\"><strong>FROM WWI GABIONS TO MODERN SECURITY, MACCAFERRI INNOVATES FOR SAFETY<\/strong><\/h2>\n\n<p class=\"has-medium-font-size\">For over a century, Maccaferri has been a trailblazer in defence innovation, beginning with the reinvention of gabions during World War I. Evolving to meet modern challenges, the company&#8217;s\u00a0expertise extends to solutions to defend against floods and natural hazards, ballistics and blast and, most\u00a0<br\/>recently, terrorist attack. Maccaferri&#8217;s enduring legacy of over 100 years reflects its steadfast dedication to\u00a0<br\/>shaping advanced defence solutions for a safer future.\u00a0<\/p><\/div><\/div><\/div><div class=\"wp-block-mac-container-block box-container\"><div class=\"wp-block-columns is-layout-flex wp-container-core-columns-is-layout-9d6595d7 wp-block-columns-is-layout-flex\"><div class=\"wp-block-column is-layout-flow wp-block-column-is-layout-flow\"><figure class=\"wp-block-image size-full\"><img decoding=\"async\" src=\"https:\/\/www.maccaferri.com\/wp-content\/uploads\/2024\/03\/Confronto1-Passato-edited.jpg\" alt=\"\" class=\"wp-image-64128\"\/><\/figure><\/div>\n\n<div class=\"wp-block-column is-layout-flow wp-block-column-is-layout-flow\"><figure class=\"wp-block-image size-full\"><img decoding=\"async\" src=\"https:\/\/www.maccaferri.com\/wp-content\/uploads\/2024\/03\/Defence_Security-min.png\" alt=\"\" class=\"wp-image-64419\"\/><\/figure><\/div><\/div><\/div><div style=\"height:50px\" aria-hidden=\"true\" class=\"wp-block-spacer\"><\/div><div class=\"wp-block-mac-container-block box-container\"><div class=\"wp-block-columns is-layout-flex wp-container-core-columns-is-layout-9d6595d7 wp-block-columns-is-layout-flex\"><div class=\"wp-block-column is-layout-flow wp-block-column-is-layout-flow\"><h2 class=\"wp-block-heading has-text-color has-link-color wp-elements-0ea1bb3f1379ee5176fc6a6b78dcff38\" style=\"color:#034e51;font-size:30px\"><strong>THE SPECTRUM OF OPERATIONS<\/strong><\/h2>\n\n<p class=\"has-medium-font-size\">With a century of experience across a wide range of disciplines, Maccaferri not only delivers high-quality products but also stands out as a capable and reliable partner. Our company goes beyond providing solutions, offering 360\u00b0 support to meet diverse needs.\u00a0<br\/>Our EBS MAC previously known as DefenCell MAC,  are made to recognized stringent military standards and are suitable for a wide range of applications in the operational spectrum, including EBS perimeter walls, Entry Control &amp; Vehicle Barriers, Observation Posts, Shelter &amp; Bunkers, Ammunition &amp; Explosive Storage and Ranges &amp; Training.\u00a0<\/p>\n\n<figure class=\"wp-block-image aligncenter size-full\"><img fetchpriority=\"high\" decoding=\"async\" width=\"1630\" height=\"656\" src=\"https:\/\/www.maccaferri.com\/ca\/wp-content\/uploads\/2024\/10\/immagine-1-1.png\" alt=\"\" class=\"wp-image-93886\" srcset=\"https:\/\/www.maccaferri.com\/ca\/wp-content\/uploads\/2024\/10\/immagine-1-1.png 1630w, https:\/\/www.maccaferri.com\/ca\/wp-content\/uploads\/2024\/10\/immagine-1-1-300x121.png 300w, https:\/\/www.maccaferri.com\/ca\/wp-content\/uploads\/2024\/10\/immagine-1-1-1024x412.png 1024w, https:\/\/www.maccaferri.com\/ca\/wp-content\/uploads\/2024\/10\/immagine-1-1-768x309.png 768w, https:\/\/www.maccaferri.com\/ca\/wp-content\/uploads\/2024\/10\/immagine-1-1-1536x618.png 1536w, https:\/\/www.maccaferri.com\/ca\/wp-content\/uploads\/2024\/10\/immagine-1-1-120x48.png 120w\" sizes=\"(max-width: 1630px) 100vw, 1630px\" \/><\/figure><\/div><\/div><\/div><div style=\"height:50px\" aria-hidden=\"true\" class=\"wp-block-spacer\"><\/div><div class=\"wp-block-mac-container-block box-container\"><div class=\"wp-block-columns is-layout-flex wp-container-core-columns-is-layout-9d6595d7 wp-block-columns-is-layout-flex\"><div class=\"wp-block-column is-layout-flow wp-block-column-is-layout-flow\"><h2 class=\"wp-block-heading has-text-color has-link-color wp-elements-806049c4a9d56c52943b14b0641b3acb\" style=\"color:#034e51;font-size:30px\"><strong>OUR PORTFOLIO<\/strong><\/h2>\n\n<p class=\"has-medium-font-size\"><\/p><\/div><\/div><\/div><div class=\"wp-block-mac-container-block box-container\"><div class=\"wp-block-columns is-layout-flex wp-container-core-columns-is-layout-9d6595d7 wp-block-columns-is-layout-flex\"><div class=\"wp-block-column is-layout-flow wp-block-column-is-layout-flow\"><div class=\"container-fluid carousel-image-gallery\">\n        <div class=\"row\">\n            <div id=\"carouselImageblock_2cea8a3a11cb1387061415fbe4034d60\" class=\"carousel slide carouselImageGallery\" data-bs-ride=\"carousel\">\n                <!-- \/\/ Indicators -->\n                <ol class=\"carousel-indicators\">\n                                            <li data-bs-target=\"#carouselImageblock_2cea8a3a11cb1387061415fbe4034d60\" data-bs-slide-to=\"0\" class=\"active\" aria-current=\"true\" aria-label=\"Slide\"><\/li>\n                                            <li data-bs-target=\"#carouselImageblock_2cea8a3a11cb1387061415fbe4034d60\" data-bs-slide-to=\"1\" class=\"\" aria-current=\"true\" aria-label=\"Slide\"><\/li>\n                                            <li data-bs-target=\"#carouselImageblock_2cea8a3a11cb1387061415fbe4034d60\" data-bs-slide-to=\"2\" class=\"\" aria-current=\"true\" aria-label=\"Slide\"><\/li>\n                                    <\/ol>\n\n                <div class=\"carousel-inner container\" role=\"listbox\">\n                                            <div class=\"carousel-item active\">\n                        <div class=\"col-12 col-lg-4 col-xl-4 col-xxl-4 space-mobile\">\n                            <div class=\"grid-item-wrapper\">\n                                <div class=\"img-responsive-wrapper\">\n                                    <div class=\"img-responsive\">\n                                        <div class=\"img-wrapper\"><img decoding=\"async\" src=\"https:\/\/www.maccaferri.com\/ca\/wp-content\/uploads\/2025\/01\/Prodotto-Defence-FE-1.jpg\" alt=\"\" \/><\/div>\n                                    <\/div>\n                                <\/div>\n                                <div class=\"griditem-text-wrapper text-center\">\n                                    <p class=\"griditem-text text-center\">EBS MAC FE, une version sp\u00e9cialis\u00e9e des barri\u00e8res de d\u00e9fense de Maccaferri, est con\u00e7ue pour la protection contre les inondations. Ce syst\u00e8me modulaire est con\u00e7u pour un d\u00e9ploiement rapide en cas d&#039;urgence et peut \u00e9galement \u00eatre int\u00e9gr\u00e9 sans probl\u00e8me dans des conceptions paysag\u00e8res pour une protection \u00e0 long terme.\r\n<\/p>\n                   \n                                <\/div>\n                            <\/div>\n                        <\/div>\n                        <\/div>\n                                            <div class=\"carousel-item \">\n                        <div class=\"col-12 col-lg-4 col-xl-4 col-xxl-4 space-mobile\">\n                            <div class=\"grid-item-wrapper\">\n                                <div class=\"img-responsive-wrapper\">\n                                    <div class=\"img-responsive\">\n                                        <div class=\"img-wrapper\"><img decoding=\"async\" src=\"https:\/\/www.maccaferri.com\/ca\/wp-content\/uploads\/2025\/01\/Prodotto-Defence-1.png\" alt=\"\" \/><\/div>\n                                    <\/div>\n                                <\/div>\n                                <div class=\"griditem-text-wrapper text-center\">\n                                    <p class=\"griditem-text text-center\">EBS MAC est une structure multicellulaire d\u00e9velopp\u00e9e sp\u00e9cifiquement pour offrir une protection des forces contre une gamme d&#039;armements, d&#039;explosifs et d&#039;attaques de v\u00e9hicules.\r\n<\/p>\n                   \n                                <\/div>\n                            <\/div>\n                        <\/div>\n                        <\/div>\n                                            <div class=\"carousel-item \">\n                        <div class=\"col-12 col-lg-4 col-xl-4 col-xxl-4 space-mobile\">\n                            <div class=\"grid-item-wrapper\">\n                                <div class=\"img-responsive-wrapper\">\n                                    <div class=\"img-responsive\">\n                                        <div class=\"img-wrapper\"><img decoding=\"async\" src=\"https:\/\/www.maccaferri.com\/ca\/wp-content\/uploads\/2025\/01\/Prodotto-MacSafe-1.jpg\" alt=\"\" \/><\/div>\n                                    <\/div>\n                                <\/div>\n                                <div class=\"griditem-text-wrapper text-center\">\n                                    <p class=\"griditem-text text-center\">MacSafe\u00ae, un syst\u00e8me avanc\u00e9 de pr\u00e9vention des incursions de v\u00e9hicules hostiles d\u00e9velopp\u00e9 par Maccaferri en r\u00e9ponse \u00e0 la n\u00e9cessit\u00e9 de protection discr\u00e8te et efficace dans les lieux publics.\r\n<\/p>\n                   \n                                <\/div>\n                            <\/div>\n                        <\/div>\n                        <\/div>\n                                    <\/div>\n            <\/div>\n\n        <\/div>\n    <\/div><\/div><\/div><\/div><div class=\"wp-block-mac-container-block box-container\"><div class=\"wp-block-columns is-layout-flex wp-container-core-columns-is-layout-9d6595d7 wp-block-columns-is-layout-flex\"><div class=\"wp-block-column is-layout-flow wp-block-column-is-layout-flow\"><h2 class=\"wp-block-heading has-text-color has-link-color wp-elements-98617e4d50a39b76e61af6c8b2125ed0\" style=\"color:#034e51;font-size:30px\"><strong>FIND OUT HOW OUR EBS MAC ARE INSTALLED!<\/strong>\u00a0<\/h2>\n\n<p class=\"has-medium-font-size\">Watch now the Defence Video<\/p>\n\n<figure class=\"wp-block-video\"><video controls controlslist=\"nodownload\"=\"\" poster=\"https:\/\/www.maccaferri.com\/ca\/wp-content\/uploads\/2024\/10\/Screenshot-2024-10-18-123914.png\" src=\"https:\/\/www.maccaferri.com\/ca\/wp-content\/uploads\/2024\/12\/EBS-MAC.mp4\"><\/video><\/figure><\/div><\/div><\/div><div style=\"height:100px\" aria-hidden=\"true\" class=\"wp-block-spacer\"><\/div><div class=\"wp-block-mac-container-block box-container\"><div class=\"wp-block-columns is-layout-flex wp-container-core-columns-is-layout-9d6595d7 wp-block-columns-is-layout-flex\"><div class=\"wp-block-column is-layout-flow wp-block-column-is-layout-flow\"><h2 class=\"wp-block-heading has-text-color has-link-color wp-elements-0b804473de2179566fb528450a20f669\" style=\"color:#034e51;font-size:30px\"><strong>DOWNLOAD AREA<\/strong><\/h2>\n\n<p id=\"download\">Fill out the form below to access our exclusive \u00a0material over Defence and Security.<\/p>\n\n<iframe src=\"https:\/\/www2.maccaferri.com\/l\/965143\/2024-03-06\/5rs4jt\" width=\"100%\" height=\"700\" type=\"text\/html\" frameborder=\"0\" allowtransparency=\"true\" style=\"border: 0\" data-cookieconsent=\"ignore\"><\/iframe><\/div><\/div><\/div><div style=\"height:100px\" aria-hidden=\"true\" class=\"wp-block-spacer\"><\/div>","protected":false},"excerpt":{"rendered":"","protected":false},"author":24301,"featured_media":0,"parent":0,"menu_order":0,"comment_status":"closed","ping_status":"closed","template":"","meta":{"_acf_changed":false,"_joinchat":[],"footnotes":""},"class_list":["post-198011","page","type-page","status-publish","hentry"],"acf":{"uuid_products":"","product-documents":""},"yoast_head":"<!-- This site is optimized with the Yoast SEO Premium plugin v27.0 (Yoast SEO v27.0) - https:\/\/yoast.com\/product\/yoast-seo-premium-wordpress\/ -->\n<title>Defence and Security - Maccaferri Canada<\/title>\n<meta name=\"description\" content=\"0DEFENCE AND SECURITYdownload area herePreviousNext FROM WWI GABIONS TO MODERN SECURITY, MACCAFERRI INNOVATES FOR SAFETY For over a century, Maccaferri\" \/>\n<meta name=\"robots\" content=\"index, follow, max-snippet:-1, max-image-preview:large, max-video-preview:-1\" \/>\n<link rel=\"canonical\" href=\"https:\/\/www.maccaferri.com\/ca\/fr\/defence-security\/\" \/>\n<meta property=\"og:locale\" content=\"fr_FR\" \/>\n<meta property=\"og:type\" content=\"article\" \/>\n<meta property=\"og:title\" content=\"Defence and Security\" \/>\n<meta property=\"og:description\" content=\"0DEFENCE AND SECURITYdownload area herePreviousNext FROM WWI GABIONS TO MODERN SECURITY, MACCAFERRI INNOVATES FOR SAFETY For over a century, Maccaferri\" \/>\n<meta property=\"og:url\" content=\"https:\/\/www.maccaferri.com\/ca\/fr\/defence-security\/\" \/>\n<meta property=\"og:site_name\" content=\"Maccaferri Canada\" \/>\n<meta property=\"article:modified_time\" content=\"2025-06-05T09:15:00+00:00\" \/>\n<meta property=\"og:image\" content=\"https:\/\/www.maccaferri.com\/ca\/wp-content\/uploads\/2024\/10\/perimetro-dettaglio-light.jpg\" \/>\n<meta name=\"twitter:card\" content=\"summary_large_image\" \/>\n<meta name=\"twitter:label1\" content=\"Dur\u00e9e de lecture estim\u00e9e\" \/>\n\t<meta name=\"twitter:data1\" content=\"2 minutes\" \/>\n<script type=\"application\/ld+json\" class=\"yoast-schema-graph\">{\"@context\":\"https:\/\/schema.org\",\"@graph\":[{\"@type\":\"WebPage\",\"@id\":\"https:\/\/www.maccaferri.com\/ca\/fr\/defence-security\/\",\"url\":\"https:\/\/www.maccaferri.com\/ca\/fr\/defence-security\/\",\"name\":\"Defence and Security - Maccaferri Canada\",\"isPartOf\":{\"@id\":\"https:\/\/www.maccaferri.com\/ca\/fr\/#website\"},\"primaryImageOfPage\":{\"@id\":\"https:\/\/www.maccaferri.com\/ca\/fr\/defence-security\/#primaryimage\"},\"image\":{\"@id\":\"https:\/\/www.maccaferri.com\/ca\/fr\/defence-security\/#primaryimage\"},\"thumbnailUrl\":\"https:\/\/www.maccaferri.com\/ca\/wp-content\/uploads\/2024\/10\/perimetro-dettaglio-light.jpg\",\"datePublished\":\"2024-02-14T16:07:41+00:00\",\"dateModified\":\"2025-06-05T09:15:00+00:00\",\"description\":\"0DEFENCE AND SECURITYdownload area herePreviousNext FROM WWI GABIONS TO MODERN SECURITY, MACCAFERRI INNOVATES FOR SAFETY For over a century, Maccaferri\",\"breadcrumb\":{\"@id\":\"https:\/\/www.maccaferri.com\/ca\/fr\/defence-security\/#breadcrumb\"},\"inLanguage\":\"fr-FR\",\"potentialAction\":[{\"@type\":\"ReadAction\",\"target\":[\"https:\/\/www.maccaferri.com\/ca\/fr\/defence-security\/\"]}]},{\"@type\":\"ImageObject\",\"inLanguage\":\"fr-FR\",\"@id\":\"https:\/\/www.maccaferri.com\/ca\/fr\/defence-security\/#primaryimage\",\"url\":\"https:\/\/www.maccaferri.com\/ca\/wp-content\/uploads\/2024\/10\/perimetro-dettaglio-light.jpg\",\"contentUrl\":\"https:\/\/www.maccaferri.com\/ca\/wp-content\/uploads\/2024\/10\/perimetro-dettaglio-light.jpg\"},{\"@type\":\"BreadcrumbList\",\"@id\":\"https:\/\/www.maccaferri.com\/ca\/fr\/defence-security\/#breadcrumb\",\"itemListElement\":[{\"@type\":\"ListItem\",\"position\":1,\"name\":\"Home\",\"item\":\"https:\/\/www.maccaferri.com\/ca\/fr\/\"},{\"@type\":\"ListItem\",\"position\":2,\"name\":\"Defence and Security\"}]},{\"@type\":\"WebSite\",\"@id\":\"https:\/\/www.maccaferri.com\/ca\/fr\/#website\",\"url\":\"https:\/\/www.maccaferri.com\/ca\/fr\/\",\"name\":\"Maccaferri Canada\",\"description\":\"\",\"publisher\":{\"@id\":\"https:\/\/www.maccaferri.com\/ca\/fr\/#organization\"},\"potentialAction\":[{\"@type\":\"SearchAction\",\"target\":{\"@type\":\"EntryPoint\",\"urlTemplate\":\"https:\/\/www.maccaferri.com\/ca\/fr\/?s={search_term_string}\"},\"query-input\":{\"@type\":\"PropertyValueSpecification\",\"valueRequired\":true,\"valueName\":\"search_term_string\"}}],\"inLanguage\":\"fr-FR\"},{\"@type\":\"Organization\",\"@id\":\"https:\/\/www.maccaferri.com\/ca\/fr\/#organization\",\"name\":\"Maccaferri Canada\",\"url\":\"https:\/\/www.maccaferri.com\/ca\/fr\/\",\"logo\":{\"@type\":\"ImageObject\",\"inLanguage\":\"fr-FR\",\"@id\":\"https:\/\/www.maccaferri.com\/ca\/fr\/#\/schema\/logo\/image\/\",\"url\":\"https:\/\/www.maccaferri.com\/ca\/wp-content\/uploads\/2022\/07\/logo-maccaferri.png\",\"contentUrl\":\"https:\/\/www.maccaferri.com\/ca\/wp-content\/uploads\/2022\/07\/logo-maccaferri.png\",\"width\":152,\"height\":32,\"caption\":\"Maccaferri Canada\"},\"image\":{\"@id\":\"https:\/\/www.maccaferri.com\/ca\/fr\/#\/schema\/logo\/image\/\"}}]}<\/script>\n<!-- \/ Yoast SEO Premium plugin. -->","yoast_head_json":{"title":"Defence and Security - Maccaferri Canada","description":"0DEFENCE AND SECURITYdownload area herePreviousNext FROM WWI GABIONS TO MODERN SECURITY, MACCAFERRI INNOVATES FOR SAFETY For over a century, Maccaferri","robots":{"index":"index","follow":"follow","max-snippet":"max-snippet:-1","max-image-preview":"max-image-preview:large","max-video-preview":"max-video-preview:-1"},"canonical":"https:\/\/www.maccaferri.com\/ca\/fr\/defence-security\/","og_locale":"fr_FR","og_type":"article","og_title":"Defence and Security","og_description":"0DEFENCE AND SECURITYdownload area herePreviousNext FROM WWI GABIONS TO MODERN SECURITY, MACCAFERRI INNOVATES FOR SAFETY For over a century, Maccaferri","og_url":"https:\/\/www.maccaferri.com\/ca\/fr\/defence-security\/","og_site_name":"Maccaferri Canada","article_modified_time":"2025-06-05T09:15:00+00:00","og_image":[{"url":"https:\/\/www.maccaferri.com\/ca\/wp-content\/uploads\/2024\/10\/perimetro-dettaglio-light.jpg","type":"","width":"","height":""}],"twitter_card":"summary_large_image","twitter_misc":{"Dur\u00e9e de lecture estim\u00e9e":"2 minutes"},"schema":{"@context":"https:\/\/schema.org","@graph":[{"@type":"WebPage","@id":"https:\/\/www.maccaferri.com\/ca\/fr\/defence-security\/","url":"https:\/\/www.maccaferri.com\/ca\/fr\/defence-security\/","name":"Defence and Security - Maccaferri Canada","isPartOf":{"@id":"https:\/\/www.maccaferri.com\/ca\/fr\/#website"},"primaryImageOfPage":{"@id":"https:\/\/www.maccaferri.com\/ca\/fr\/defence-security\/#primaryimage"},"image":{"@id":"https:\/\/www.maccaferri.com\/ca\/fr\/defence-security\/#primaryimage"},"thumbnailUrl":"https:\/\/www.maccaferri.com\/ca\/wp-content\/uploads\/2024\/10\/perimetro-dettaglio-light.jpg","datePublished":"2024-02-14T16:07:41+00:00","dateModified":"2025-06-05T09:15:00+00:00","description":"0DEFENCE AND SECURITYdownload area herePreviousNext FROM WWI GABIONS TO MODERN SECURITY, MACCAFERRI INNOVATES FOR SAFETY For over a century, Maccaferri","breadcrumb":{"@id":"https:\/\/www.maccaferri.com\/ca\/fr\/defence-security\/#breadcrumb"},"inLanguage":"fr-FR","potentialAction":[{"@type":"ReadAction","target":["https:\/\/www.maccaferri.com\/ca\/fr\/defence-security\/"]}]},{"@type":"ImageObject","inLanguage":"fr-FR","@id":"https:\/\/www.maccaferri.com\/ca\/fr\/defence-security\/#primaryimage","url":"https:\/\/www.maccaferri.com\/ca\/wp-content\/uploads\/2024\/10\/perimetro-dettaglio-light.jpg","contentUrl":"https:\/\/www.maccaferri.com\/ca\/wp-content\/uploads\/2024\/10\/perimetro-dettaglio-light.jpg"},{"@type":"BreadcrumbList","@id":"https:\/\/www.maccaferri.com\/ca\/fr\/defence-security\/#breadcrumb","itemListElement":[{"@type":"ListItem","position":1,"name":"Home","item":"https:\/\/www.maccaferri.com\/ca\/fr\/"},{"@type":"ListItem","position":2,"name":"Defence and Security"}]},{"@type":"WebSite","@id":"https:\/\/www.maccaferri.com\/ca\/fr\/#website","url":"https:\/\/www.maccaferri.com\/ca\/fr\/","name":"Maccaferri Canada","description":"","publisher":{"@id":"https:\/\/www.maccaferri.com\/ca\/fr\/#organization"},"potentialAction":[{"@type":"SearchAction","target":{"@type":"EntryPoint","urlTemplate":"https:\/\/www.maccaferri.com\/ca\/fr\/?s={search_term_string}"},"query-input":{"@type":"PropertyValueSpecification","valueRequired":true,"valueName":"search_term_string"}}],"inLanguage":"fr-FR"},{"@type":"Organization","@id":"https:\/\/www.maccaferri.com\/ca\/fr\/#organization","name":"Maccaferri Canada","url":"https:\/\/www.maccaferri.com\/ca\/fr\/","logo":{"@type":"ImageObject","inLanguage":"fr-FR","@id":"https:\/\/www.maccaferri.com\/ca\/fr\/#\/schema\/logo\/image\/","url":"https:\/\/www.maccaferri.com\/ca\/wp-content\/uploads\/2022\/07\/logo-maccaferri.png","contentUrl":"https:\/\/www.maccaferri.com\/ca\/wp-content\/uploads\/2022\/07\/logo-maccaferri.png","width":152,"height":32,"caption":"Maccaferri Canada"},"image":{"@id":"https:\/\/www.maccaferri.com\/ca\/fr\/#\/schema\/logo\/image\/"}}]}},"_links":{"self":[{"href":"https:\/\/www.maccaferri.com\/ca\/fr\/wp-json\/wp\/v2\/pages\/198011","targetHints":{"allow":["GET"]}}],"collection":[{"href":"https:\/\/www.maccaferri.com\/ca\/fr\/wp-json\/wp\/v2\/pages"}],"about":[{"href":"https:\/\/www.maccaferri.com\/ca\/fr\/wp-json\/wp\/v2\/types\/page"}],"author":[{"embeddable":true,"href":"https:\/\/www.maccaferri.com\/ca\/fr\/wp-json\/wp\/v2\/users\/24301"}],"replies":[{"embeddable":true,"href":"https:\/\/www.maccaferri.com\/ca\/fr\/wp-json\/wp\/v2\/comments?post=198011"}],"version-history":[{"count":4,"href":"https:\/\/www.maccaferri.com\/ca\/fr\/wp-json\/wp\/v2\/pages\/198011\/revisions"}],"predecessor-version":[{"id":209316,"href":"https:\/\/www.maccaferri.com\/ca\/fr\/wp-json\/wp\/v2\/pages\/198011\/revisions\/209316"}],"wp:attachment":[{"href":"https:\/\/www.maccaferri.com\/ca\/fr\/wp-json\/wp\/v2\/media?parent=198011"}],"curies":[{"name":"wp","href":"https:\/\/api.w.org\/{rel}","templated":true}]}}