{"id":9810,"date":"2023-02-10T16:04:38","date_gmt":"2023-02-10T15:04:38","guid":{"rendered":"https:\/\/www.maccaferri.com\/br\/?page_id=9810"},"modified":"2025-07-14T15:15:41","modified_gmt":"2025-07-14T13:15:41","slug":"solucoes-macro","status":"publish","type":"page","link":"https:\/\/www.maccaferri.com\/br\/solucoes-macro\/","title":{"rendered":""},"content":{"rendered":"<div class=\"wp-block-mac-h1-title-hero-block container-fluid block-txt-container\" style=\"background:linear-gradient(180deg,rgb(1,94,111) 0%,rgb(0,72,87) 100%)\"><div class=\"row\"><div class=\"col\"><div class=\"gts__picture\"><img decoding=\"async\" src=\"https:\/\/www.maccaferri.com\/br\/wp-content\/uploads\/2022\/12\/Rockfall-Protection-and-Snow-Barriers.jpg\" style=\"display:none\"\/><div class=\"gts__picture__image\" style=\"background-image:url(https:\/\/www.maccaferri.com\/br\/wp-content\/uploads\/2022\/12\/Rockfall-Protection-and-Snow-Barriers.jpg)\"><\/div><\/div><div class=\"container box-container\"><div class=\"row\"><div class=\"col title-box-txt\"><h1 class=\"wp-block-mac-h1-title-hero-block\" style=\"color:#ffffff;text-align:none\">SOLU\u00c7\u00d5ES MACRO<\/h1><\/div><\/div><\/div><\/div><\/div><\/div><div class=\"wp-block-mac-container-block box-container\"><div class=\"wp-block-columns is-layout-flex wp-container-core-columns-is-layout-9d6595d7 wp-block-columns-is-layout-flex\"><div class=\"wp-block-column is-layout-flow wp-block-column-is-layout-flow\"><div class=\"container content-paragraph box-container\"><div class=\"row\"><div class=\"col-12 col-lg-12 col-xl-12 col-xxl-12\"><h6>Solu\u00e7\u00f5es para estabiliza\u00e7\u00e3o de taludes de rocha e solo<\/h6><div class=\"content-txt\"><p>A Maccaferri, com mais de sessenta anos de experi\u00eancia em sistemas de prote\u00e7\u00e3o contra queda de rochas e instabilidades em maci\u00e7os rochosos, revestimento superficial de taludes e mitiga\u00e7\u00e3o de riscos naturais, vem oferecendo ao mercado sistemas de prote\u00e7\u00e3o que visam a seguran\u00e7a e sustentabilidade das obras a partir de uma ampla gama de solu\u00e7\u00f5es do segmento Mac.RO\u00ae, com o intuito de proteger ou estabilizar diversos tipos de taludes, seja em material rochoso, solo ou misto.<\/p>\n<p>&nbsp;<\/p>\n<p>Dentro do Segmento Mac.RO\u00ae existem v\u00e1rios tipos de solu\u00e7\u00f5es que permitem atingir a seguran\u00e7a desejada de acordo com as caracter\u00edsticas do problema desde o ponto de vista de tipo de material, seja em rocha ou solo, tipo de instabilidade, geologia e topografia d\u00e1 \u00e1rea, atendendo uma rela\u00e7\u00e3o custo-benef\u00edcio ideal, com execu\u00e7\u00e3o extremamente r\u00e1pida quando comparadas a obras de estruturas convencionais, al\u00e9m de serem solu\u00e7\u00f5es sustent\u00e1veis, ambientalmente corretas e visualmente admiss\u00edveis.<\/p>\n<p>&nbsp;<\/p>\n<p>Dentro das solu\u00e7\u00f5es Mac.RO\u00ae, os sistemas de malhas de a\u00e7o s\u00e3o indicados para prote\u00e7\u00e3o e estabiliza\u00e7\u00e3o superficial de talude com uso do revestimento simples e revestimento cortical, contamos tamb\u00e9m com a solu\u00e7\u00e3o de revestimento superficial de face de talude com a solu\u00e7\u00e3o de solo grampeado verde, controle de eros\u00e3o em \u00e1reas suscept\u00edveis, al\u00e9m de prote\u00e7\u00e3o contra queda de blocos e fluxos de detritos com uso de estruturas conhecidas como barreiras din\u00e2micas.<\/p>\n<\/div><\/div><\/div><\/div><\/div><\/div><\/div><div class=\"wp-block-mac-container-block box-container\"><div class=\"wp-block-columns is-layout-flex wp-container-core-columns-is-layout-9d6595d7 wp-block-columns-is-layout-flex\"><div class=\"wp-block-column is-layout-flow wp-block-column-is-layout-flow\"><div class=\"wp-block-mac-h4-title-block block-txt-container box-container\"><div class=\"row\"><div class=\"col title-box-txt\"><h4 style=\"color:#212429;text-align:center\">Precisa de mais informa\u00e7\u00f5es? <br><br>Conhe\u00e7a mais sobre as Solu\u00e7\u00f5es Maccaferri contra Queda de Rochas<\/h4><br><\/div><\/div><\/div><\/div><\/div><\/div><div class=\"wp-block-mac-container-block box-container\"><div class=\"wp-block-columns is-layout-flex wp-container-core-columns-is-layout-9d6595d7 wp-block-columns-is-layout-flex\"><div class=\"wp-block-column is-layout-flow wp-block-column-is-layout-flow\"><\/div><\/div><\/div><div class=\"wp-block-mac-container-block box-container\"><div class=\"wp-block-columns is-layout-flex wp-container-core-columns-is-layout-9d6595d7 wp-block-columns-is-layout-flex\"><div class=\"wp-block-column is-layout-flow wp-block-column-is-layout-flow\"><figure class=\"wp-block-gallery has-nested-images columns-default is-cropped wp-block-gallery-1 is-layout-flex wp-block-gallery-is-layout-flex\"><figure class=\"wp-block-image size-large\"><a href=\"https:\/\/www.maccaferri.com\/br\/produtos\/barreiras-contra-queda-de-rochas\/\"><img fetchpriority=\"high\" decoding=\"async\" width=\"652\" height=\"614\" data-id=\"9858\" src=\"https:\/\/www.maccaferri.com\/br\/wp-content\/uploads\/2023\/02\/Barreiras-Dinamicas.jpg\" alt=\"\" class=\"wp-image-9858\" srcset=\"https:\/\/www.maccaferri.com\/br\/wp-content\/uploads\/2023\/02\/Barreiras-Dinamicas.jpg 652w, https:\/\/www.maccaferri.com\/br\/wp-content\/uploads\/2023\/02\/Barreiras-Dinamicas-300x283.jpg 300w, https:\/\/www.maccaferri.com\/br\/wp-content\/uploads\/2023\/02\/Barreiras-Dinamicas-120x113.jpg 120w\" sizes=\"(max-width: 652px) 100vw, 652px\" \/><\/a><figcaption class=\"wp-element-caption\">Barreiras Din\u00e2micas<\/figcaption><\/figure>\n\n<figure class=\"wp-block-image size-large\"><a href=\"https:\/\/www.maccaferri.com\/br\/solu%C3%A7%C3%B5es\/barreiras-de-fluxo-de-detritos\/\"><img decoding=\"async\" width=\"652\" height=\"614\" data-id=\"9852\" src=\"https:\/\/www.maccaferri.com\/br\/wp-content\/uploads\/2023\/02\/Barreiras-de-Fluxo-de-detritos.jpg\" alt=\"\" class=\"wp-image-9852\" srcset=\"https:\/\/www.maccaferri.com\/br\/wp-content\/uploads\/2023\/02\/Barreiras-de-Fluxo-de-detritos.jpg 652w, https:\/\/www.maccaferri.com\/br\/wp-content\/uploads\/2023\/02\/Barreiras-de-Fluxo-de-detritos-300x283.jpg 300w, https:\/\/www.maccaferri.com\/br\/wp-content\/uploads\/2023\/02\/Barreiras-de-Fluxo-de-detritos-120x113.jpg 120w\" sizes=\"(max-width: 652px) 100vw, 652px\" \/><\/a><figcaption class=\"wp-element-caption\">Barreiras de Fluxo de detritos<\/figcaption><\/figure><\/figure><\/div>\n\n<div class=\"wp-block-column is-layout-flow wp-block-column-is-layout-flow\"><figure class=\"wp-block-gallery has-nested-images columns-default is-cropped wp-block-gallery-2 is-layout-flex wp-block-gallery-is-layout-flex\"><figure class=\"wp-block-image size-full\"><a href=\"https:\/\/www.maccaferri.com\/br\/solu%C3%A7%C3%B5es\/solo-grampeado\/\"><img decoding=\"async\" width=\"380\" height=\"358\" data-id=\"10054\" src=\"https:\/\/www.maccaferri.com\/br\/wp-content\/uploads\/2023\/02\/Solo-Grampeado.jpg\" alt=\"\" class=\"wp-image-10054\" srcset=\"https:\/\/www.maccaferri.com\/br\/wp-content\/uploads\/2023\/02\/Solo-Grampeado.jpg 380w, https:\/\/www.maccaferri.com\/br\/wp-content\/uploads\/2023\/02\/Solo-Grampeado-300x283.jpg 300w, https:\/\/www.maccaferri.com\/br\/wp-content\/uploads\/2023\/02\/Solo-Grampeado-120x113.jpg 120w\" sizes=\"(max-width: 380px) 100vw, 380px\" \/><\/a><figcaption class=\"wp-element-caption\">Solo Grampeado Verde<\/figcaption><\/figure>\n\n<figure class=\"wp-block-image size-full\"><a href=\"https:\/\/www.maccaferri.com\/br\/solu%C3%A7%C3%B5es\/protecao-de-taludes\/\"><img loading=\"lazy\" decoding=\"async\" width=\"376\" height=\"353\" data-id=\"10059\" src=\"https:\/\/www.maccaferri.com\/br\/wp-content\/uploads\/2023\/02\/Protecao-de-Taludes.jpg\" alt=\"\" class=\"wp-image-10059\" srcset=\"https:\/\/www.maccaferri.com\/br\/wp-content\/uploads\/2023\/02\/Protecao-de-Taludes.jpg 376w, https:\/\/www.maccaferri.com\/br\/wp-content\/uploads\/2023\/02\/Protecao-de-Taludes-300x282.jpg 300w, https:\/\/www.maccaferri.com\/br\/wp-content\/uploads\/2023\/02\/Protecao-de-Taludes-120x113.jpg 120w\" sizes=\"(max-width: 376px) 100vw, 376px\" \/><\/a><figcaption class=\"wp-element-caption\">Prote\u00e7\u00e3o de Taludes<\/figcaption><\/figure><\/figure><\/div><\/div><\/div><div class=\"wp-block-mac-container-block box-container\"><div class=\"wp-block-columns is-layout-flex wp-container-core-columns-is-layout-9d6595d7 wp-block-columns-is-layout-flex\"><div class=\"wp-block-column is-layout-flow wp-block-column-is-layout-flow\"><figure class=\"wp-block-gallery has-nested-images columns-default is-cropped wp-block-gallery-3 is-layout-flex wp-block-gallery-is-layout-flex\"><figure class=\"wp-block-image size-full\"><a href=\"https:\/\/www.maccaferri.com\/br\/solu%C3%A7%C3%B5es\/revestimento-cortical\/\"><img loading=\"lazy\" decoding=\"async\" width=\"382\" height=\"360\" data-id=\"10071\" src=\"https:\/\/www.maccaferri.com\/br\/wp-content\/uploads\/2023\/02\/Revestimento-Simples.jpg\" alt=\"\" class=\"wp-image-10071\" srcset=\"https:\/\/www.maccaferri.com\/br\/wp-content\/uploads\/2023\/02\/Revestimento-Simples.jpg 382w, https:\/\/www.maccaferri.com\/br\/wp-content\/uploads\/2023\/02\/Revestimento-Simples-300x283.jpg 300w, https:\/\/www.maccaferri.com\/br\/wp-content\/uploads\/2023\/02\/Revestimento-Simples-120x113.jpg 120w\" sizes=\"(max-width: 382px) 100vw, 382px\" \/><\/a><figcaption class=\"wp-element-caption\">Revestimento Cortical<\/figcaption><\/figure>\n\n<figure class=\"wp-block-image size-full\"><a href=\"https:\/\/www.maccaferri.com\/br\/solu%C3%A7%C3%B5es\/revestimento-simples\/\"><img loading=\"lazy\" decoding=\"async\" width=\"300\" height=\"300\" data-id=\"10278\" src=\"https:\/\/www.maccaferri.com\/br\/wp-content\/uploads\/2023\/02\/MicrosoftTeams-image-2.png\" alt=\"\" class=\"wp-image-10278\" srcset=\"https:\/\/www.maccaferri.com\/br\/wp-content\/uploads\/2023\/02\/MicrosoftTeams-image-2.png 300w, https:\/\/www.maccaferri.com\/br\/wp-content\/uploads\/2023\/02\/MicrosoftTeams-image-2-150x150.png 150w, https:\/\/www.maccaferri.com\/br\/wp-content\/uploads\/2023\/02\/MicrosoftTeams-image-2-120x120.png 120w\" sizes=\"(max-width: 300px) 100vw, 300px\" \/><\/a><figcaption class=\"wp-element-caption\">Revestimento Simples<\/figcaption><\/figure><\/figure><\/div>\n\n<div class=\"wp-block-column is-layout-flow wp-block-column-is-layout-flow\"><figure class=\"wp-block-gallery has-nested-images columns-default is-cropped wp-block-gallery-4 is-layout-flex wp-block-gallery-is-layout-flex\"><figure class=\"wp-block-image size-full\"><img loading=\"lazy\" decoding=\"async\" width=\"371\" height=\"349\" data-id=\"10065\" src=\"https:\/\/www.maccaferri.com\/br\/wp-content\/uploads\/2023\/02\/Revestimento-cortical.jpg\" alt=\"\" class=\"wp-image-10065\" srcset=\"https:\/\/www.maccaferri.com\/br\/wp-content\/uploads\/2023\/02\/Revestimento-cortical.jpg 371w, https:\/\/www.maccaferri.com\/br\/wp-content\/uploads\/2023\/02\/Revestimento-cortical-300x282.jpg 300w, https:\/\/www.maccaferri.com\/br\/wp-content\/uploads\/2023\/02\/Revestimento-cortical-120x113.jpg 120w\" sizes=\"(max-width: 371px) 100vw, 371px\" \/><figcaption class=\"wp-element-caption\">Barreiras Atenuadouras<\/figcaption><\/figure>\n\n<figure class=\"wp-block-image size-full\"><img loading=\"lazy\" decoding=\"async\" width=\"300\" height=\"300\" data-id=\"10273\" src=\"https:\/\/www.maccaferri.com\/br\/wp-content\/uploads\/2023\/02\/MicrosoftTeams-image.png\" alt=\"\" class=\"wp-image-10273\" srcset=\"https:\/\/www.maccaferri.com\/br\/wp-content\/uploads\/2023\/02\/MicrosoftTeams-image.png 300w, https:\/\/www.maccaferri.com\/br\/wp-content\/uploads\/2023\/02\/MicrosoftTeams-image-150x150.png 150w, https:\/\/www.maccaferri.com\/br\/wp-content\/uploads\/2023\/02\/MicrosoftTeams-image-120x120.png 120w\" sizes=\"(max-width: 300px) 100vw, 300px\" \/><figcaption class=\"wp-element-caption\">Barreiras est\u00e1ticas<\/figcaption><\/figure><\/figure><\/div><\/div><\/div><div class=\"wp-block-mac-container-block box-container\"><div class=\"wp-block-columns is-layout-flex wp-container-core-columns-is-layout-9d6595d7 wp-block-columns-is-layout-flex\"><div class=\"wp-block-column is-layout-flow wp-block-column-is-layout-flow\"><div class=\"wp-block-mac-container-block box-container\"><div class=\"wp-block-columns is-layout-flex wp-container-core-columns-is-layout-9d6595d7 wp-block-columns-is-layout-flex\"><div class=\"wp-block-column is-layout-flow wp-block-column-is-layout-flow\"><div class=\"wp-block-mac-h4-title-block block-txt-container box-container\"><div class=\"row\"><div class=\"col title-box-txt\"><h5 style=\"color:#212429;text-align:center\">Para dimensionamento das solu\u00e7\u00f5es contamos atualmente com Softwares de dimensionamento, mundialmente utilizados, desenvolvidos em parcerias com universidades mundialmente respeit\u00e1veis e laborat\u00f3rios independentes, seguindo normativas e manuais internacionais<\/h5><br><\/div><\/div><\/div><\/div><\/div><\/div><\/div><\/div><\/div><div class=\"wp-block-mac-container-block box-container\"><div class=\"wp-block-columns is-layout-flex wp-container-core-columns-is-layout-9d6595d7 wp-block-columns-is-layout-flex\"><div class=\"wp-block-column is-layout-flow wp-block-column-is-layout-flow\"><div class=\"wp-block-mac-banner-title-cta  box-container block-cta\" style=\"background:#015E6F\"><div class=\"container box-container\"><div class=\"row\"><div class=\"col-2 col-sm-2 col-md-2 col-lg-2 col-xl-2 col-xxl-2\"><div class=\"box-image\"><img decoding=\"async\" class=\"image\" src=\"https:\/\/www.maccaferri.com\/br\/wp-content\/uploads\/2022\/11\/img-banner-software.png\" alt=\"Image\"\/><\/div><\/div><div class=\"col-7 col-sm-7 col-md-7 col-lg-7 col-xl-7 col-xxl-7\"><div class=\"banner-box-txt\" style=\"text-align:default\"><h4 class=\"title\">Acesse o MacRO Design<\/h4><\/div><\/div><div class=\"col-3 col-sm-3 col-md-3 col-lg-3 col-xl-3 col-xxl-3\"><div class=\"button-box-txt\"><a href=\"https:\/\/edesign.maccaferri.com\/HomeHub\" target=\"_blank\" class=\"buttonurl\" rel=\"noopener\"><span class=\"buttontext\">Acesse<\/span><\/a><\/div><\/div><\/div><\/div><\/div><\/div><\/div><\/div><div class=\"wp-block-mac-banner-title-cta  box-container block-cta\" style=\"background:#015E6F\"><div class=\"container box-container\"><div class=\"row\"><div class=\"col-2 col-sm-2 col-md-2 col-lg-2 col-xl-2 col-xxl-2\"><div class=\"box-image\"><img decoding=\"async\" class=\"image\" src=\"https:\/\/www.maccaferri.com\/br\/wp-content\/uploads\/2022\/11\/img-banner-software.png\" alt=\"Image\"\/><\/div><\/div><div class=\"col-7 col-sm-7 col-md-7 col-lg-7 col-xl-7 col-xxl-7\"><div class=\"banner-box-txt\" style=\"text-align:default\"><h4 class=\"title\">Acesse o Mac-S Design<\/h4><\/div><\/div><div class=\"col-3 col-sm-3 col-md-3 col-lg-3 col-xl-3 col-xxl-3\"><div class=\"button-box-txt\"><a href=\"https:\/\/edesign.maccaferri.com\/HomeHub\" target=\"_blank\" class=\"buttonurl\" rel=\"noopener\"><span class=\"buttontext\">Acesse<\/span><\/a><\/div><\/div><\/div><\/div><\/div><div class=\"wp-block-mac-container-block box-container\"><div class=\"wp-block-columns is-layout-flex wp-container-core-columns-is-layout-9d6595d7 wp-block-columns-is-layout-flex\"><div class=\"wp-block-column is-layout-flow wp-block-column-is-layout-flow\"><div class=\"wp-block-mac-container-block box-container\"><div class=\"wp-block-columns is-layout-flex wp-container-core-columns-is-layout-9d6595d7 wp-block-columns-is-layout-flex\"><div class=\"wp-block-column is-layout-flow wp-block-column-is-layout-flow\"><div class=\"wp-block-mac-h4-title-block block-txt-container box-container\"><div class=\"row\"><div class=\"col title-box-txt\"><h4 style=\"color:#212429;text-align:center\">Baixe agora nosso e-book com casos de obra em todo o mundo<\/h4><br><\/div><\/div><\/div><\/div><\/div><\/div><\/div><\/div><\/div><div class=\"wp-block-mac-container-block box-container\"><div class=\"wp-block-columns is-layout-flex wp-container-core-columns-is-layout-9d6595d7 wp-block-columns-is-layout-flex\"><div class=\"wp-block-column is-layout-flow wp-block-column-is-layout-flow\"><figure class=\"wp-block-image size-large\"><a href=\"https:\/\/www2.maccaferri.com\/l\/965143\/2022-10-20\/4dxv4c\" target=\"_blank\" rel=\"noreferrer noopener\"><img loading=\"lazy\" decoding=\"async\" width=\"1024\" height=\"125\" src=\"https:\/\/www.maccaferri.com\/br\/wp-content\/uploads\/2023\/02\/banner-1024x125.jpg\" alt=\"\" class=\"wp-image-9924\" srcset=\"https:\/\/www.maccaferri.com\/br\/wp-content\/uploads\/2023\/02\/banner-1024x125.jpg 1024w, https:\/\/www.maccaferri.com\/br\/wp-content\/uploads\/2023\/02\/banner-300x37.jpg 300w, https:\/\/www.maccaferri.com\/br\/wp-content\/uploads\/2023\/02\/banner-768x94.jpg 768w, https:\/\/www.maccaferri.com\/br\/wp-content\/uploads\/2023\/02\/banner-1536x187.jpg 1536w, https:\/\/www.maccaferri.com\/br\/wp-content\/uploads\/2023\/02\/banner-2048x249.jpg 2048w, https:\/\/www.maccaferri.com\/br\/wp-content\/uploads\/2023\/02\/banner-120x15.jpg 120w\" sizes=\"(max-width: 1024px) 100vw, 1024px\" \/><\/a><\/figure><\/div><\/div><\/div><div class=\"wp-block-mac-container-block box-container\"><div class=\"wp-block-columns is-layout-flex wp-container-core-columns-is-layout-9d6595d7 wp-block-columns-is-layout-flex\"><div class=\"wp-block-column is-layout-flow wp-block-column-is-layout-flow\"><div class=\"container content-paragraph box-container\"><div class=\"row\"><div class=\"col-12 col-lg-12 col-xl-12 col-xxl-12\"><h6>Preencha o formul\u00e1rio abaixo para solicitar sua Cota\u00e7\u00e3o \/ Suporte T\u00e9cnico<\/h6><\/div><\/div><\/div><\/div>\n\n<div class=\"wp-block-column is-layout-flow wp-block-column-is-layout-flow\"><div class=\"container content-paragraph box-container\"><div class=\"row\"><div class=\"col-12 col-lg-12 col-xl-12 col-xxl-12\"><h6>Contate-nos<\/h6><\/div><\/div><\/div>\n\n<div class=\"wp-block-buttons is-content-justification-center is-layout-flex wp-container-core-buttons-is-layout-16018d1d wp-block-buttons-is-layout-flex\"><div class=\"wp-block-button is-style-fill\"><a class=\"wp-block-button__link has-luminous-vivid-orange-background-color has-background wp-element-button\" href=\"https:\/\/wa.me\/5521981089806\"><img loading=\"lazy\" decoding=\"async\" width=\"3500\" height=\"3516\" class=\"wp-image-9208\" style=\"width: 13px\" src=\"https:\/\/www.maccaferri.com\/br\/wp-content\/uploads\/2023\/01\/whatsapp-logo-1.png\" alt=\"\" srcset=\"https:\/\/www.maccaferri.com\/br\/wp-content\/uploads\/2023\/01\/whatsapp-logo-1.png 3500w, https:\/\/www.maccaferri.com\/br\/wp-content\/uploads\/2023\/01\/whatsapp-logo-1-300x300.png 300w, https:\/\/www.maccaferri.com\/br\/wp-content\/uploads\/2023\/01\/whatsapp-logo-1-1019x1024.png 1019w, https:\/\/www.maccaferri.com\/br\/wp-content\/uploads\/2023\/01\/whatsapp-logo-1-150x150.png 150w, https:\/\/www.maccaferri.com\/br\/wp-content\/uploads\/2023\/01\/whatsapp-logo-1-768x772.png 768w, https:\/\/www.maccaferri.com\/br\/wp-content\/uploads\/2023\/01\/whatsapp-logo-1-1529x1536.png 1529w, https:\/\/www.maccaferri.com\/br\/wp-content\/uploads\/2023\/01\/whatsapp-logo-1-2039x2048.png 2039w\" sizes=\"(max-width: 3500px) 100vw, 3500px\" \/>  Whatsapp: <strong>(21)98108-9806<\/strong><\/a><\/div><\/div>\n\n<div class=\"wp-block-buttons is-content-justification-center is-layout-flex wp-container-core-buttons-is-layout-16018d1d wp-block-buttons-is-layout-flex\"><div class=\"wp-block-button\"><a class=\"wp-block-button__link wp-element-button\" href=\"tel:551145255000\">Telefone: <strong>(11)4525-5000<\/strong><\/a><\/div><\/div>\n\n<div class=\"wp-block-buttons is-content-justification-center is-layout-flex wp-container-core-buttons-is-layout-16018d1d wp-block-buttons-is-layout-flex\"><div class=\"wp-block-button\"><a class=\"wp-block-button__link wp-element-button\" href=\"mailto:info.br@maccaferri.com\">EMAIL: <strong>info.br@MACCAFERRI.COM<\/strong><\/a><\/div><\/div><\/div><\/div><\/div><div class=\"wp-block-mac-container-block box-container\"><div class=\"wp-block-columns is-layout-flex wp-container-core-columns-is-layout-9d6595d7 wp-block-columns-is-layout-flex\"><div class=\"wp-block-column is-layout-flow wp-block-column-is-layout-flow\"><div class=\"wp-block-mac-container-block box-container\"><div class=\"wp-block-columns is-layout-flex wp-container-core-columns-is-layout-9d6595d7 wp-block-columns-is-layout-flex\"><div class=\"wp-block-column is-layout-flow wp-block-column-is-layout-flow\"><div class=\"wp-block-mac-h4-title-block block-txt-container box-container\"><div class=\"row\"><div class=\"col title-box-txt\"><h4 style=\"color:#212429;text-align:center\">Encontre nossa unidade mais pr\u00f3xima<\/h4><br><\/div><\/div><\/div>\n\n<div class=\"container content-paragraph box-container\"><div class=\"row\"><div class=\"col-12 col-lg-12 col-xl-12 col-xxl-12\"><div class=\"content-txt\"><p style=\"text-align: center\">\n<\/div><\/div><\/div><\/div><\/div><\/div><\/div><\/div><\/div><\/div>","protected":false},"excerpt":{"rendered":"","protected":false},"author":6,"featured_media":0,"parent":0,"menu_order":0,"comment_status":"closed","ping_status":"closed","template":"","meta":{"_acf_changed":false,"_joinchat":[],"footnotes":""},"class_list":["post-9810","page","type-page","status-publish","hentry"],"acf":{"uuid_products":"","product-documents":""},"yoast_head":"<!-- This site is optimized with the Yoast SEO Premium plugin v27.0 (Yoast SEO v27.0) - https:\/\/yoast.com\/product\/yoast-seo-premium-wordpress\/ -->\n<title>Maccaferri: solu\u00e7\u00f5es macro para projetos de engenharia<\/title>\n<meta name=\"description\" content=\"Conhe\u00e7a as solu\u00e7\u00f5es macro da Maccaferri para projetos de grande escala, garantindo inova\u00e7\u00e3o, efici\u00eancia e sustentabilidade. Confira!\" \/>\n<meta name=\"robots\" content=\"index, follow, max-snippet:-1, max-image-preview:large, max-video-preview:-1\" \/>\n<link rel=\"canonical\" href=\"https:\/\/www.maccaferri.com\/br\/solucoes-macro\/\" \/>\n<meta property=\"og:locale\" content=\"pt_BR\" \/>\n<meta property=\"og:type\" content=\"article\" \/>\n<meta property=\"og:description\" content=\"Conhe\u00e7a as solu\u00e7\u00f5es macro da Maccaferri para projetos de grande escala, garantindo inova\u00e7\u00e3o, efici\u00eancia e sustentabilidade. Confira!\" \/>\n<meta property=\"og:url\" content=\"https:\/\/www.maccaferri.com\/br\/solucoes-macro\/\" \/>\n<meta property=\"og:site_name\" content=\"Maccaferri Brasil\" \/>\n<meta property=\"article:modified_time\" content=\"2025-07-14T13:15:41+00:00\" \/>\n<meta property=\"og:image\" content=\"https:\/\/www.maccaferri.com\/br\/wp-content\/uploads\/2022\/12\/Rockfall-Protection-and-Snow-Barriers.jpg\" \/>\n<meta name=\"twitter:card\" content=\"summary_large_image\" \/>\n<meta name=\"twitter:label1\" content=\"Est. reading time\" \/>\n\t<meta name=\"twitter:data1\" content=\"4 minutes\" \/>\n<!-- \/ Yoast SEO Premium plugin. -->","yoast_head_json":{"title":"Maccaferri: solu\u00e7\u00f5es macro para projetos de engenharia","description":"Conhe\u00e7a as solu\u00e7\u00f5es macro da Maccaferri para projetos de grande escala, garantindo inova\u00e7\u00e3o, efici\u00eancia e sustentabilidade. Confira!","robots":{"index":"index","follow":"follow","max-snippet":"max-snippet:-1","max-image-preview":"max-image-preview:large","max-video-preview":"max-video-preview:-1"},"canonical":"https:\/\/www.maccaferri.com\/br\/solucoes-macro\/","og_locale":"pt_BR","og_type":"article","og_description":"Conhe\u00e7a as solu\u00e7\u00f5es macro da Maccaferri para projetos de grande escala, garantindo inova\u00e7\u00e3o, efici\u00eancia e sustentabilidade. Confira!","og_url":"https:\/\/www.maccaferri.com\/br\/solucoes-macro\/","og_site_name":"Maccaferri Brasil","article_modified_time":"2025-07-14T13:15:41+00:00","og_image":[{"url":"https:\/\/www.maccaferri.com\/br\/wp-content\/uploads\/2022\/12\/Rockfall-Protection-and-Snow-Barriers.jpg","type":"","width":"","height":""}],"twitter_card":"summary_large_image","twitter_misc":{"Est. reading time":"4 minutes"},"schema":{"@context":"https:\/\/schema.org","@graph":[{"@type":"WebPage","@id":"https:\/\/www.maccaferri.com\/br\/solucoes-macro\/","url":"https:\/\/www.maccaferri.com\/br\/solucoes-macro\/","name":"Maccaferri: solu\u00e7\u00f5es macro para projetos de engenharia","isPartOf":{"@id":"https:\/\/www.maccaferri.com\/br\/#website"},"primaryImageOfPage":{"@id":"https:\/\/www.maccaferri.com\/br\/solucoes-macro\/#primaryimage"},"image":{"@id":"https:\/\/www.maccaferri.com\/br\/solucoes-macro\/#primaryimage"},"thumbnailUrl":"https:\/\/www.maccaferri.com\/br\/wp-content\/uploads\/2022\/12\/Rockfall-Protection-and-Snow-Barriers.jpg","datePublished":"2023-02-10T15:04:38+00:00","dateModified":"2025-07-14T13:15:41+00:00","description":"Conhe\u00e7a as solu\u00e7\u00f5es macro da Maccaferri para projetos de grande escala, garantindo inova\u00e7\u00e3o, efici\u00eancia e sustentabilidade. Confira!","inLanguage":"pt-BR","potentialAction":[{"@type":"ReadAction","target":["https:\/\/www.maccaferri.com\/br\/solucoes-macro\/"]}]},{"@type":"ImageObject","inLanguage":"pt-BR","@id":"https:\/\/www.maccaferri.com\/br\/solucoes-macro\/#primaryimage","url":"https:\/\/www.maccaferri.com\/br\/wp-content\/uploads\/2022\/12\/Rockfall-Protection-and-Snow-Barriers.jpg","contentUrl":"https:\/\/www.maccaferri.com\/br\/wp-content\/uploads\/2022\/12\/Rockfall-Protection-and-Snow-Barriers.jpg","width":1850,"height":1233},{"@type":"WebSite","@id":"https:\/\/www.maccaferri.com\/br\/#website","url":"https:\/\/www.maccaferri.com\/br\/","name":"Maccaferri Brasil","description":"","publisher":{"@id":"https:\/\/www.maccaferri.com\/br\/#organization"},"potentialAction":[{"@type":"SearchAction","target":{"@type":"EntryPoint","urlTemplate":"https:\/\/www.maccaferri.com\/br\/?s={search_term_string}"},"query-input":{"@type":"PropertyValueSpecification","valueRequired":true,"valueName":"search_term_string"}}],"inLanguage":"pt-BR"},{"@type":"Organization","@id":"https:\/\/www.maccaferri.com\/br\/#organization","name":"Maccaferri do Brasil","alternateName":"Maccaferri","url":"https:\/\/www.maccaferri.com\/br\/","logo":{"@type":"ImageObject","inLanguage":"pt-BR","@id":"https:\/\/www.maccaferri.com\/br\/#\/schema\/logo\/image\/","url":"https:\/\/www.maccaferri.com\/br\/wp-content\/uploads\/2022\/07\/logo-maccaferri.png","contentUrl":"https:\/\/www.maccaferri.com\/br\/wp-content\/uploads\/2022\/07\/logo-maccaferri.png","width":152,"height":32,"caption":"Maccaferri do Brasil"},"image":{"@id":"https:\/\/www.maccaferri.com\/br\/#\/schema\/logo\/image\/"}}]}},"_links":{"self":[{"href":"https:\/\/www.maccaferri.com\/br\/wp-json\/wp\/v2\/pages\/9810","targetHints":{"allow":["GET"]}}],"collection":[{"href":"https:\/\/www.maccaferri.com\/br\/wp-json\/wp\/v2\/pages"}],"about":[{"href":"https:\/\/www.maccaferri.com\/br\/wp-json\/wp\/v2\/types\/page"}],"author":[{"embeddable":true,"href":"https:\/\/www.maccaferri.com\/br\/wp-json\/wp\/v2\/users\/6"}],"replies":[{"embeddable":true,"href":"https:\/\/www.maccaferri.com\/br\/wp-json\/wp\/v2\/comments?post=9810"}],"version-history":[{"count":94,"href":"https:\/\/www.maccaferri.com\/br\/wp-json\/wp\/v2\/pages\/9810\/revisions"}],"predecessor-version":[{"id":106371,"href":"https:\/\/www.maccaferri.com\/br\/wp-json\/wp\/v2\/pages\/9810\/revisions\/106371"}],"wp:attachment":[{"href":"https:\/\/www.maccaferri.com\/br\/wp-json\/wp\/v2\/media?parent=9810"}],"curies":[{"name":"wp","href":"https:\/\/api.w.org\/{rel}","templated":true}]}}