{"id":92071,"date":"2023-08-30T17:10:50","date_gmt":"2023-08-30T15:10:50","guid":{"rendered":"https:\/\/www.maccaferri.com\/br\/?page_id=92071"},"modified":"2025-06-10T11:08:25","modified_gmt":"2025-06-10T09:08:25","slug":"geosynthetics","status":"publish","type":"page","link":"https:\/\/www.maccaferri.com\/br\/geosynthetics\/","title":{"rendered":"GEOSYNTHETICS"},"content":{"rendered":"<div class=\"wp-block-mac-slider-hero-block hero-slider\"><div id=\"hero81\" class=\"carousel slide\" data-bs-ride=\"true\"><ol class=\"carousel-indicators box-container\"><li data-bs-target=\"#hero81\" data-bs-slide-to=\"0\" class=\"active\"><\/li><\/ol><div class=\"carousel-inner\"><div class=\"carousel-item active\"><div class=\"hero\"><div class=\"gts__picture\"><img decoding=\"async\" src=\"https:\/\/www.maccaferri.com\/br\/wp-content\/uploads\/2023\/08\/Header-pagine-Nuovo-sito-10.png\" style=\"display:none\"\/><div class=\"gts__picture__image\" style=\"background-image:url(https:\/\/www.maccaferri.com\/br\/wp-content\/uploads\/2023\/08\/Header-pagine-Nuovo-sito-10.png)\"><\/div><\/div><div class=\"container box-container\"><div class=\"row\"><div class=\"col-12 col-lg-6 col-xl-6 col-xxl-6\"><p><span class=\"hero-index\" style=\"display:none\">0<\/span><\/p><h2 class=\"hero-text-container\"><span class=\"hero-text\">GEOSYNTHETICS<\/span><\/h2><a class=\"hero-buttonurl\" href=\"#download\"><span class=\"hero-buttontext\">Baixe os materiais aqui<\/span><\/a><\/div><\/div><\/div><\/div><\/div><\/div><button class=\"carousel-control-prev\" href=\"#hero81\" type=\"button\" data-bs-slide=\"prev\"><span class=\"carousel-control-prev-icon\" aria-hidden=\"true\"><\/span><span class=\"visually-hidden\">Previous<\/span><\/button><button class=\"carousel-control-next\" href=\"#hero81\" type=\"button\" data-bs-slide=\"next\"><span class=\"carousel-control-next-icon\" aria-hidden=\"true\"><\/span><span class=\"visually-hidden\">Next<\/span><\/button><\/div><\/div><div style=\"height:70px\" aria-hidden=\"true\" class=\"wp-block-spacer\"><\/div><div class=\"wp-block-mac-h2-title-block block-txt-container box-container\"><div class=\"row\"><div class=\"col title-box-txt\"><h2 style=\"color:#212429;text-align:none\">O MUNDO DOS GEOSSINT\u00c9TICOS<\/h2><\/div><\/div><\/div><div class=\"wp-block-mac-container-block box-container\"><div class=\"wp-block-columns is-layout-flex wp-container-core-columns-is-layout-9d6595d7 wp-block-columns-is-layout-flex\"><div class=\"wp-block-column is-layout-flow wp-block-column-is-layout-flow\"><p>Os geossint\u00e9ticos s\u00e3o utilizados para in\u00fameras aplica\u00e7\u00f5es, incluindo: fortalecer o solo existente, melhorar sua capacidade de carga, prolongar a durabilidade de rodovias, sustentar aterros, evitar que os lixiviados de aterros contaminem o solo e limitar a eros\u00e3o.<br>Com caracter\u00edsticas t\u00e9cnicas definidas e propriedades de desempenho, os geossint\u00e9ticos est\u00e3o substituindo o uso de materiais naturais na constru\u00e7\u00e3o.<br>Est\u00e1 comprovado que eles reduzem os custos do projeto e o impacto ambiental em compara\u00e7\u00e3o com os m\u00e9todos tradicionais de constru\u00e7\u00e3o.<\/p>\n\n<p>Nossos produtos geossint\u00e9ticos podem ser usados para atender \u00e0s seguintes fun\u00e7\u00f5es principais:<\/p>\n\n<ul class=\"wp-block-list\"><li>Refor\u00e7o<\/li>\n\n<li>Estabiliza\u00e7\u00e3o e Refor\u00e7o de Asfalto<\/li>\n\n<li>Drenagem<\/li>\n\n<li>Separa\u00e7\u00e3o, Filtra\u00e7\u00e3o e Prote\u00e7\u00e3o<\/li>\n\n<li>Sistemas de Barreira<\/li>\n\n<li>Prote\u00e7\u00e3o Contra Eros\u00e3o<\/li><\/ul><\/div><\/div><\/div><div style=\"height:52px\" aria-hidden=\"true\" class=\"wp-block-spacer\"><\/div><div class=\"wp-block-mac-container-block box-container\"><div class=\"wp-block-columns is-layout-flex wp-container-core-columns-is-layout-9d6595d7 wp-block-columns-is-layout-flex\"><div class=\"wp-block-column is-layout-flow wp-block-column-is-layout-flow\"><p style=\"font-size:25px\"><strong>REFOR\u00c7O<\/strong><\/p>\n\n<p>Por mais de 30 anos, as geogrelhas refor\u00e7aram e fortaleceram solos, permitindo que eles apresentem melhor desempenho do que em seu estado n\u00e3o refor\u00e7ado, suportando cargas maiores, inclinando-se em \u00e2ngulos mais \u00edngremes e reduzindo a subsid\u00eancia.<\/p><\/div>\n\n<div class=\"wp-block-column is-layout-flow wp-block-column-is-layout-flow\"><p style=\"font-size:25px\"><strong>ESTABILIZA\u00c7\u00c3O E REFOR\u00c7O DE ASFALTO<\/strong><\/p>\n\n<p>Se voc\u00ea est\u00e1 construindo um leito de trilho ferrovi\u00e1rio, uma estrada florestal de cascalho sobre solo macio ou reformando uma rodovia de m\u00faltiplas faixas que transporta milhares de ve\u00edculos por dia, temos o conhecimento t\u00e9cnico para melhorar o desempenho do trilho, estrada e pavimento asf\u00e1ltico.<\/p><\/div><\/div><\/div><div style=\"height:50px\" aria-hidden=\"true\" class=\"wp-block-spacer\"><\/div><div class=\"wp-block-mac-container-block box-container\"><div class=\"wp-block-columns is-layout-flex wp-container-core-columns-is-layout-9d6595d7 wp-block-columns-is-layout-flex\"><div class=\"wp-block-column is-layout-flow wp-block-column-is-layout-flow\"><p style=\"font-size:25px\"><strong>DRENAGEM<\/strong><\/p>\n\n<p>A \u00e1gua em excesso no solo enfraquece-o, causando v\u00e1rios problemas. Gerenciar a \u00e1gua atr\u00e1s de muros, rodovias, t\u00faneis e tampas ambientais \u00e9 vital para o desempenho a longo prazo das estruturas.<\/p><\/div>\n\n<div class=\"wp-block-column is-layout-flow wp-block-column-is-layout-flow\"><p style=\"font-size:25px\"><strong>SEPARA\u00c7\u00c3O\/FILTRA\u00c7\u00c3O\/PROTE\u00c7\u00c3O<\/strong><\/p>\n\n<p>Nossos geot\u00eaxteis s\u00e3o atualmente usados em muitas aplica\u00e7\u00f5es de engenharia geot\u00e9cnica e hidr\u00e1ulica.<\/p><\/div><\/div><\/div><div style=\"height:50px\" aria-hidden=\"true\" class=\"wp-block-spacer\"><\/div><div class=\"wp-block-mac-container-block box-container\"><div class=\"wp-block-columns is-layout-flex wp-container-core-columns-is-layout-9d6595d7 wp-block-columns-is-layout-flex\"><div class=\"wp-block-column is-layout-flow wp-block-column-is-layout-flow\"><p style=\"font-size:25px\"><strong>SISTEMAS DE BARREIRA<\/strong><\/p>\n\n<p>As geomembranas s\u00e3o usadas para evitar a migra\u00e7\u00e3o de fluidos de um local para outro; por exemplo, revestindo aterros sanit\u00e1rios para impedir que os lixiviados poluam os len\u00e7\u00f3is fre\u00e1ticos, controlando a entrada de \u00e1gua subterr\u00e2nea em t\u00faneis ou criando lagoas de reten\u00e7\u00e3o dentro de projetos de desenvolvimento.<\/p><\/div>\n\n<div class=\"wp-block-column is-layout-flow wp-block-column-is-layout-flow\"><p style=\"font-size:25px\"><strong>PROTE\u00c7\u00c3O CONTRA EROS\u00c3O<\/strong><\/p>\n\n<p>Todas as encostas e superf\u00edcies naturais est\u00e3o sujeitas a for\u00e7as cont\u00ednuas de eros\u00e3o. Para limitar a perda de terra, que pode ser cara, a Maccaferri oferece uma gama de sistemas de prote\u00e7\u00e3o contra eros\u00e3o para atender \u00e0 gravidade da eros\u00e3o esperada.<\/p><\/div><\/div><\/div><div style=\"height:100px\" aria-hidden=\"true\" class=\"wp-block-spacer\"><\/div><div class=\"wp-block-mac-h2-title-block block-txt-container box-container\"><div class=\"row\"><div class=\"col title-box-txt\"><h2 style=\"color:#212429;text-align:none\">Hist\u00f3ria de Sucesso: Aterro Sanit\u00e1rio Micorosa<\/h2><\/div><\/div><\/div><div class=\"wp-block-mac-container-block box-container\"><div class=\"wp-block-columns is-layout-flex wp-container-core-columns-is-layout-9d6595d7 wp-block-columns-is-layout-flex\"><div class=\"wp-block-column is-vertically-aligned-center is-layout-flow wp-block-column-is-layout-flow\"><figure class=\"wp-block-video aligncenter\"><video controls controlslist=\"nodownload\" poster=\"https:\/\/www.maccaferri.com\/wp-content\/uploads\/2024\/10\/immagine-15.png\" src=\"https:\/\/www.maccaferri.com\/wp-content\/uploads\/2023\/09\/Untitled-3.mp4\"><\/video><figcaption class=\"wp-element-caption\"><strong>Interven\u00e7\u00e3o de recupera\u00e7\u00e3o do Aterro Sanit\u00e1rio Micorosa (Brindisi, It\u00e1lia)<\/strong><\/figcaption><\/figure><\/div><\/div><\/div><div style=\"height:60px\" aria-hidden=\"true\" class=\"wp-block-spacer\"><\/div><div style=\"height:40px\" aria-hidden=\"true\" class=\"wp-block-spacer\"><\/div><div class=\"wp-block-mac-h2-title-block block-txt-container box-container\"><div class=\"row\"><div class=\"col title-box-txt\"><h2 style=\"color:#212429;text-align:none\">Webinar Dedicado<\/h2><\/div><\/div><\/div><div class=\"wp-block-mac-container-block box-container\"><div class=\"wp-block-columns is-layout-flex wp-container-core-columns-is-layout-9d6595d7 wp-block-columns-is-layout-flex\"><div class=\"wp-block-column is-layout-flow wp-block-column-is-layout-flow\"><div class=\"wp-block-mac-card-height-block block-card-height-block-container\"><div class=\"card\"><div class=\"content-images\"><img decoding=\"async\" class=\"box-image\" src=\"https:\/\/www.maccaferri.com\/br\/wp-content\/uploads\/2023\/10\/5.jpeg\" alt=\"Image Stories\"\/><\/div><div class=\"card-body\"><h6 class=\"wp-block-mac-card-height-block\" style=\"color:#212429\">Gest\u00e3o da \u00e1gua com solu\u00e7\u00f5es sustent\u00e1veis em estruturas de engenharia civil<\/h6><span class=\"abstract\" style=\"color:#212429\"><\/span><a href=\"https:\/\/www.maccaferri.com\/br\/webinar\/gestao-da-agua-com-solucoes-sustentaveis-em-estruturas-de-engenharia-civil\/\" target=\"_blank\" class=\"cta\" rel=\"noopener\"><span class=\"text\" style=\"color:#004857\"><strong>LINK AQUI<\/strong><\/span><\/a><div class=\"star\"><span class=\"material-symbols-rounded starrate\">star<\/span><\/div><\/div><\/div><\/div><\/div>\n\n<div class=\"wp-block-column is-layout-flow wp-block-column-is-layout-flow\"><div class=\"wp-block-mac-card-height-block block-card-height-block-container\"><div class=\"card\"><div class=\"content-images\"><img decoding=\"async\" class=\"box-image\" src=\"https:\/\/www.maccaferri.com\/br\/wp-content\/uploads\/2023\/10\/4.jpeg\" alt=\"Image Stories\"\/><\/div><div class=\"card-body\"><h6 class=\"wp-block-mac-card-height-block\" style=\"color:#212429\">Como prevenir a eros\u00e3o do solo promovendo o estabelecimento da vegeta\u00e7\u00e3o<\/h6><span class=\"abstract\" style=\"color:#212429\"><\/span><a href=\"https:\/\/www.maccaferri.com\/br\/webinar\/how-to-prevent-soil-erosion-while-promoting-the-establishment-of-vegetation\/\" target=\"_blank\" class=\"cta\" rel=\"noopener\"><span class=\"text\" style=\"color:#004857\"><strong>LINK AQUI<\/strong><\/span><\/a><div class=\"star\"><span class=\"material-symbols-rounded starrate\">star<\/span><\/div><\/div><\/div><\/div><\/div>\n\n<div class=\"wp-block-column is-layout-flow wp-block-column-is-layout-flow\"><div class=\"wp-block-mac-card-height-block block-card-height-block-container\"><div class=\"card\"><div class=\"content-images\"><img decoding=\"async\" class=\"box-image\" src=\"https:\/\/www.maccaferri.com\/br\/wp-content\/uploads\/2023\/09\/6.png\" alt=\"Image Stories\"\/><\/div><div class=\"card-body\"><h6 class=\"wp-block-mac-card-height-block\" style=\"color:#212429\">A Evolu\u00e7\u00e3o dos Geossint\u00e9ticos: das origens \u00e0s modernas solu\u00e7\u00f5es avan\u00e7adas<\/h6><span class=\"abstract\" style=\"color:#212429\"><\/span><a href=\"https:\/\/www.maccaferri.com\/br\/webinar\/geosynthetic-revolution\/\" target=\"_blank\" class=\"cta\" rel=\"noopener\"><span class=\"text\" style=\"color:#004857\"><strong>LINK AQUI<\/strong><\/span><\/a><div class=\"star\"><span class=\"material-symbols-rounded starrate\">star<\/span><\/div><\/div><\/div><\/div><\/div><\/div><\/div><div class=\"wp-block-mac-container-block box-container\"><div class=\"wp-block-columns is-layout-flex wp-container-core-columns-is-layout-9d6595d7 wp-block-columns-is-layout-flex\"><div class=\"wp-block-column is-layout-flow wp-block-column-is-layout-flow\"><div class=\"wp-block-buttons is-layout-flex wp-block-buttons-is-layout-flex\"><div class=\"wp-block-button\"><a class=\"wp-block-button__link wp-element-button\" href=\"https:\/\/www.maccaferri.com\/br\/centro-de-conhecimento\/\"><strong>Todos os outros webinars<\/strong><\/a><\/div><\/div><\/div><\/div><\/div><div style=\"height:60px\" aria-hidden=\"true\" id=\"download\" class=\"wp-block-spacer\"><\/div><div class=\"wp-block-mac-h2-title-block block-txt-container box-container\"><div class=\"row\"><div class=\"col title-box-txt\"><h2 style=\"color:#212429;text-align:none\">\u00c1rea de Download<\/h2><\/div><\/div><\/div><div class=\"wp-block-mac-container-block box-container\"><div class=\"wp-block-columns is-layout-flex wp-container-core-columns-is-layout-9d6595d7 wp-block-columns-is-layout-flex\"><div class=\"wp-block-column is-layout-flow wp-block-column-is-layout-flow\"><\/div><\/div>\n\n<div class=\"wp-block-columns is-layout-flex wp-container-core-columns-is-layout-9d6595d7 wp-block-columns-is-layout-flex\"><div class=\"wp-block-column is-layout-flow wp-block-column-is-layout-flow\" style=\"flex-basis:100%\"><div class=\"content-document-dowload\">\n    <div class=\"container-fluid box-container\">\n        <div class=\"row\">\n            <div class=\"col-12\">\n            <h2><\/h2>\n            <\/div>\n        <\/div>\n    <\/div>\n    <div class=\"content-fluid has-white-background-color has-background\"><div class=\"content-document-dowload box-container\"><ul><li><a href=\"https:\/\/www.maccaferri.com\/br\/download\/geosynthetics-materials\/\" target=\"_blank\" title=\"Geosynthetics Materials\">Geosynthetics Materials<\/a><a href=\"https:\/\/www.maccaferri.com\/br\/dashboard\" class=\"btn-dowload\" data-bs-toggle=\"tooltip\" data-bs-placement=\"top\" title=\"Geosynthetics Materials\"><span class=\"material-symbols-outlined download\">sim_card_download<\/span><\/a><\/li><\/ul><\/div><\/div><\/div>\n\n<script type=\"text\/javascript\">\n    jQuery('.btn-file-download').click(function(e) {\n        e.preventDefault();\n        let idFile = jQuery(this).data('id-file');\n        window.open('https:\/\/www.maccaferri.com\/br\/?wpdmdl=' + idFile);\n        return false;\n    });\n    \/\/tooltip\n    var tooltipTriggerList = [].slice.call(document.querySelectorAll('[data-bs-toggle=\"tooltip\"]'))\n    var tooltipList = tooltipTriggerList.map(function(tooltipTriggerEl) {\n        return new bootstrap.Tooltip(tooltipTriggerEl)\n    })\n<\/script><\/div><\/div><\/div><div style=\"height:100px\" aria-hidden=\"true\" class=\"wp-block-spacer\"><\/div><p><\/p>","protected":false},"excerpt":{"rendered":"","protected":false},"author":11460,"featured_media":0,"parent":0,"menu_order":0,"comment_status":"closed","ping_status":"closed","template":"","meta":{"_acf_changed":false,"_joinchat":[],"footnotes":""},"class_list":["post-92071","page","type-page","status-publish","hentry"],"acf":{"uuid_products":"","product-documents":[95006]},"yoast_head":"<!-- This site is optimized with the Yoast SEO Premium plugin v27.0 (Yoast SEO v27.0) - https:\/\/yoast.com\/product\/yoast-seo-premium-wordpress\/ -->\n<title>GEOSYNTHETICS - Maccaferri Brasil<\/title>\n<meta name=\"description\" content=\"0GEOSYNTHETICSBaixe os materiais aquiPreviousNext O MUNDO DOS GEOSSINT\u00c9TICOS Os geossint\u00e9ticos s\u00e3o utilizados para in\u00fameras aplica\u00e7\u00f5es, incluindo:\" \/>\n<meta name=\"robots\" content=\"index, follow, max-snippet:-1, max-image-preview:large, max-video-preview:-1\" \/>\n<link rel=\"canonical\" href=\"https:\/\/www.maccaferri.com\/br\/geosynthetics\/\" \/>\n<meta property=\"og:locale\" content=\"pt_BR\" \/>\n<meta property=\"og:type\" content=\"article\" \/>\n<meta property=\"og:title\" content=\"GEOSYNTHETICS\" \/>\n<meta property=\"og:description\" content=\"0GEOSYNTHETICSBaixe os materiais aquiPreviousNext O MUNDO DOS GEOSSINT\u00c9TICOS Os geossint\u00e9ticos s\u00e3o utilizados para in\u00fameras aplica\u00e7\u00f5es, incluindo:\" \/>\n<meta property=\"og:url\" content=\"https:\/\/www.maccaferri.com\/br\/geosynthetics\/\" \/>\n<meta property=\"og:site_name\" content=\"Maccaferri Brasil\" \/>\n<meta property=\"article:modified_time\" content=\"2025-06-10T09:08:25+00:00\" \/>\n<meta property=\"og:image\" content=\"https:\/\/www.maccaferri.com\/br\/wp-content\/uploads\/2023\/08\/Header-pagine-Nuovo-sito-10.png\" \/>\n<meta name=\"twitter:card\" content=\"summary_large_image\" \/>\n<meta name=\"twitter:label1\" content=\"Est. reading time\" \/>\n\t<meta name=\"twitter:data1\" content=\"3 minutes\" \/>\n<!-- \/ Yoast SEO Premium plugin. -->","yoast_head_json":{"title":"GEOSYNTHETICS - Maccaferri Brasil","description":"0GEOSYNTHETICSBaixe os materiais aquiPreviousNext O MUNDO DOS GEOSSINT\u00c9TICOS Os geossint\u00e9ticos s\u00e3o utilizados para in\u00fameras aplica\u00e7\u00f5es, incluindo:","robots":{"index":"index","follow":"follow","max-snippet":"max-snippet:-1","max-image-preview":"max-image-preview:large","max-video-preview":"max-video-preview:-1"},"canonical":"https:\/\/www.maccaferri.com\/br\/geosynthetics\/","og_locale":"pt_BR","og_type":"article","og_title":"GEOSYNTHETICS","og_description":"0GEOSYNTHETICSBaixe os materiais aquiPreviousNext O MUNDO DOS GEOSSINT\u00c9TICOS Os geossint\u00e9ticos s\u00e3o utilizados para in\u00fameras aplica\u00e7\u00f5es, incluindo:","og_url":"https:\/\/www.maccaferri.com\/br\/geosynthetics\/","og_site_name":"Maccaferri Brasil","article_modified_time":"2025-06-10T09:08:25+00:00","og_image":[{"url":"https:\/\/www.maccaferri.com\/br\/wp-content\/uploads\/2023\/08\/Header-pagine-Nuovo-sito-10.png","type":"","width":"","height":""}],"twitter_card":"summary_large_image","twitter_misc":{"Est. reading time":"3 minutes"},"schema":{"@context":"https:\/\/schema.org","@graph":[{"@type":"WebPage","@id":"https:\/\/www.maccaferri.com\/br\/geosynthetics\/","url":"https:\/\/www.maccaferri.com\/br\/geosynthetics\/","name":"GEOSYNTHETICS - Maccaferri Brasil","isPartOf":{"@id":"https:\/\/www.maccaferri.com\/br\/#website"},"primaryImageOfPage":{"@id":"https:\/\/www.maccaferri.com\/br\/geosynthetics\/#primaryimage"},"image":{"@id":"https:\/\/www.maccaferri.com\/br\/geosynthetics\/#primaryimage"},"thumbnailUrl":"https:\/\/www.maccaferri.com\/br\/wp-content\/uploads\/2023\/08\/Header-pagine-Nuovo-sito-10.png","datePublished":"2023-08-30T15:10:50+00:00","dateModified":"2025-06-10T09:08:25+00:00","description":"0GEOSYNTHETICSBaixe os materiais aquiPreviousNext O MUNDO DOS GEOSSINT\u00c9TICOS Os geossint\u00e9ticos s\u00e3o utilizados para in\u00fameras aplica\u00e7\u00f5es, incluindo:","breadcrumb":{"@id":"https:\/\/www.maccaferri.com\/br\/geosynthetics\/#breadcrumb"},"inLanguage":"pt-BR","potentialAction":[{"@type":"ReadAction","target":["https:\/\/www.maccaferri.com\/br\/geosynthetics\/"]}]},{"@type":"ImageObject","inLanguage":"pt-BR","@id":"https:\/\/www.maccaferri.com\/br\/geosynthetics\/#primaryimage","url":"https:\/\/www.maccaferri.com\/br\/wp-content\/uploads\/2023\/08\/Header-pagine-Nuovo-sito-10.png","contentUrl":"https:\/\/www.maccaferri.com\/br\/wp-content\/uploads\/2023\/08\/Header-pagine-Nuovo-sito-10.png","width":1915,"height":530},{"@type":"BreadcrumbList","@id":"https:\/\/www.maccaferri.com\/br\/geosynthetics\/#breadcrumb","itemListElement":[{"@type":"ListItem","position":1,"name":"Home","item":"https:\/\/www.maccaferri.com\/br\/"},{"@type":"ListItem","position":2,"name":"GEOSYNTHETICS"}]},{"@type":"WebSite","@id":"https:\/\/www.maccaferri.com\/br\/#website","url":"https:\/\/www.maccaferri.com\/br\/","name":"Maccaferri Brasil","description":"","publisher":{"@id":"https:\/\/www.maccaferri.com\/br\/#organization"},"potentialAction":[{"@type":"SearchAction","target":{"@type":"EntryPoint","urlTemplate":"https:\/\/www.maccaferri.com\/br\/?s={search_term_string}"},"query-input":{"@type":"PropertyValueSpecification","valueRequired":true,"valueName":"search_term_string"}}],"inLanguage":"pt-BR"},{"@type":"Organization","@id":"https:\/\/www.maccaferri.com\/br\/#organization","name":"Maccaferri do Brasil","alternateName":"Maccaferri","url":"https:\/\/www.maccaferri.com\/br\/","logo":{"@type":"ImageObject","inLanguage":"pt-BR","@id":"https:\/\/www.maccaferri.com\/br\/#\/schema\/logo\/image\/","url":"https:\/\/www.maccaferri.com\/br\/wp-content\/uploads\/2022\/07\/logo-maccaferri.png","contentUrl":"https:\/\/www.maccaferri.com\/br\/wp-content\/uploads\/2022\/07\/logo-maccaferri.png","width":152,"height":32,"caption":"Maccaferri do Brasil"},"image":{"@id":"https:\/\/www.maccaferri.com\/br\/#\/schema\/logo\/image\/"}}]}},"_links":{"self":[{"href":"https:\/\/www.maccaferri.com\/br\/wp-json\/wp\/v2\/pages\/92071","targetHints":{"allow":["GET"]}}],"collection":[{"href":"https:\/\/www.maccaferri.com\/br\/wp-json\/wp\/v2\/pages"}],"about":[{"href":"https:\/\/www.maccaferri.com\/br\/wp-json\/wp\/v2\/types\/page"}],"author":[{"embeddable":true,"href":"https:\/\/www.maccaferri.com\/br\/wp-json\/wp\/v2\/users\/11460"}],"replies":[{"embeddable":true,"href":"https:\/\/www.maccaferri.com\/br\/wp-json\/wp\/v2\/comments?post=92071"}],"version-history":[{"count":14,"href":"https:\/\/www.maccaferri.com\/br\/wp-json\/wp\/v2\/pages\/92071\/revisions"}],"predecessor-version":[{"id":95009,"href":"https:\/\/www.maccaferri.com\/br\/wp-json\/wp\/v2\/pages\/92071\/revisions\/95009"}],"acf:post":[{"embeddable":true,"href":"https:\/\/www.maccaferri.com\/br\/wp-json\/wp\/v2\/wpdmpro\/95006"}],"wp:attachment":[{"href":"https:\/\/www.maccaferri.com\/br\/wp-json\/wp\/v2\/media?parent=92071"}],"curies":[{"name":"wp","href":"https:\/\/api.w.org\/{rel}","templated":true}]}}