{"id":92062,"date":"2023-08-24T17:34:07","date_gmt":"2023-08-24T15:34:07","guid":{"rendered":"https:\/\/www.maccaferri.com\/br\/?page_id=92062"},"modified":"2026-03-03T12:31:57","modified_gmt":"2026-03-03T11:31:57","slug":"multicomposite-geosynthetics","status":"publish","type":"page","link":"https:\/\/www.maccaferri.com\/br\/multicomposite-geosynthetics\/","title":{"rendered":"MULTICOMPOSITE GEOSYNTHETICS"},"content":{"rendered":"<div class=\"wp-block-mac-slider-hero-block hero-slider\"><div id=\"hero78\" class=\"carousel slide\" data-bs-ride=\"true\"><ol class=\"carousel-indicators box-container\"><li data-bs-target=\"#hero78\" data-bs-slide-to=\"0\" class=\"active\"><\/li><\/ol><div class=\"carousel-inner\"><div class=\"carousel-item active\"><div class=\"hero\"><div class=\"gts__picture\"><img decoding=\"async\" src=\"https:\/\/www.maccaferri.com\/wp-content\/uploads\/2023\/08\/tricomp-1-scaled.jpg\" style=\"display:none\"\/><div class=\"gts__picture__image\" style=\"background-image:url(https:\/\/www.maccaferri.com\/wp-content\/uploads\/2023\/08\/tricomp-1-scaled.jpg)\"><\/div><\/div><div class=\"container box-container\"><div class=\"row\"><div class=\"col-12 col-lg-6 col-xl-6 col-xxl-6\"><p><span class=\"hero-index\" style=\"display:none\">0<\/span><\/p><h2 class=\"hero-text-container\"><span class=\"hero-text\">MULTICOMPOSTOS GEOSSINT\u00c9TICOS<\/span><\/h2><a class=\"hero-buttonurl\" href=\"#download\"><span class=\"hero-buttontext\">\u00c1rea de Download aqui<\/span><\/a><\/div><\/div><\/div><\/div><\/div><\/div><button class=\"carousel-control-prev\" href=\"#hero78\" type=\"button\" data-bs-slide=\"prev\"><span class=\"carousel-control-prev-icon\" aria-hidden=\"true\"><\/span><span class=\"visually-hidden\">Previous<\/span><\/button><button class=\"carousel-control-next\" href=\"#hero78\" type=\"button\" data-bs-slide=\"next\"><span class=\"carousel-control-next-icon\" aria-hidden=\"true\"><\/span><span class=\"visually-hidden\">Next<\/span><\/button><\/div><\/div><div style=\"height:100px\" aria-hidden=\"true\" class=\"wp-block-spacer\"><\/div><div class=\"wp-block-mac-container-block box-container\"><div class=\"wp-block-columns is-layout-flex wp-container-core-columns-is-layout-9d6595d7 wp-block-columns-is-layout-flex\"><div class=\"wp-block-column is-layout-flow wp-block-column-is-layout-flow\"><p class=\"has-large-font-size\"><strong>DESBLOQUEIE UM MUNDO DE POSSIBILIDADES<\/strong><\/p>\n\n<div style=\"height:50px\" aria-hidden=\"true\" class=\"wp-block-spacer\"><\/div>\n\n<p>Descubra o potencial inovador dos Multicompostos geossint\u00e9ticos da Maccaferri, que redefinem o cen\u00e1rio dos geossint\u00e9ticos ao fornecer uma solu\u00e7\u00e3o vers\u00e1til que atende a diversas fun\u00e7\u00f5es. Mergulhe no futuro transformador dos geossint\u00e9ticos com Multicompostos, melhorando o desempenho, a precis\u00e3o e o custo-benef\u00edcio para obter resultados excepecionais em projetos e fluxos de trabalho simplificados.<\/p>\n\n<div style=\"height:70px\" aria-hidden=\"true\" class=\"wp-block-spacer\"><\/div>\n\n<figure class=\"wp-block-image size-large is-style-default\"><img fetchpriority=\"high\" decoding=\"async\" width=\"1024\" height=\"438\" src=\"https:\/\/www.maccaferri.com\/br\/wp-content\/uploads\/2023\/08\/FIRMA-GSY1-1024x438.png\" alt=\"\" class=\"wp-image-55386\" srcset=\"https:\/\/www.maccaferri.com\/br\/wp-content\/uploads\/2023\/08\/FIRMA-GSY1-1024x438.png 1024w, https:\/\/www.maccaferri.com\/br\/wp-content\/uploads\/2023\/08\/FIRMA-GSY1-300x128.png 300w, https:\/\/www.maccaferri.com\/br\/wp-content\/uploads\/2023\/08\/FIRMA-GSY1-768x329.png 768w, https:\/\/www.maccaferri.com\/br\/wp-content\/uploads\/2023\/08\/FIRMA-GSY1-1536x658.png 1536w, https:\/\/www.maccaferri.com\/br\/wp-content\/uploads\/2023\/08\/FIRMA-GSY1-2048x877.png 2048w, https:\/\/www.maccaferri.com\/br\/wp-content\/uploads\/2023\/08\/FIRMA-GSY1-120x51.png 120w\" sizes=\"(max-width: 1024px) 100vw, 1024px\" \/><\/figure><\/div><\/div><\/div><div style=\"height:75px\" aria-hidden=\"true\" class=\"wp-block-spacer\"><\/div><div class=\"wp-block-mac-container-block box-container\"><div class=\"wp-block-columns is-layout-flex wp-container-core-columns-is-layout-9d6595d7 wp-block-columns-is-layout-flex\"><div class=\"wp-block-column is-layout-flow wp-block-column-is-layout-flow\"><p style=\"font-size:30px\"><strong>CONTROLE DE EROS\u00c3O<\/strong><\/p>\n\n<p>A combina\u00e7\u00e3o de diversos elementos geossint\u00e9ticos em nosso multicomposto mitiga o processo erosivo com a prote\u00e7\u00e3o superficial de taludes.<\/p><\/div>\n\n<div class=\"wp-block-column is-layout-flow wp-block-column-is-layout-flow\"><p style=\"font-size:30px\"><strong>REFOR\u00c7O<\/strong><\/p>\n\n<p>O multicomposto, integrando diferentes geossint\u00e9ticos, refor\u00e7a o solo, permitindo a constru\u00e7\u00e3o de estradas e muros de conten\u00e7\u00e3o em terrenos desafiadores.<\/p><\/div><\/div><\/div><div style=\"height:70px\" aria-hidden=\"true\" class=\"wp-block-spacer\"><\/div><div class=\"wp-block-mac-container-block box-container\"><div class=\"wp-block-columns is-layout-flex wp-container-core-columns-is-layout-9d6595d7 wp-block-columns-is-layout-flex\"><div class=\"wp-block-column is-layout-flow wp-block-column-is-layout-flow\"><p style=\"font-size:30px\"><strong>FILTRA\u00c7\u00c3O<\/strong><\/p>\n\n<p>Nosso multicomposto geossint\u00e9tico vers\u00e1til atua como um sistema de filtra\u00e7\u00e3o, permitindo a passagem d&#8217;\u00e1gua com a simult\u00e2nea reten\u00e7\u00e3o de part\u00edculas.<\/p><\/div>\n\n<div class=\"wp-block-column is-layout-flow wp-block-column-is-layout-flow\"><p style=\"font-size:30px\"><strong>DRENAGEM<\/strong><\/p>\n\n<p>Nossa solu\u00e7\u00e3o multicomposta, incorporando diversos componentes geossint\u00e9ticos, se destaca na coleta e direcionamento de \u00e1guas para longe de \u00e1reas cr\u00edticas, garantindo uma drenagem eficiente.<\/p><\/div><\/div><\/div><div style=\"height:70px\" aria-hidden=\"true\" class=\"wp-block-spacer\"><\/div><div class=\"wp-block-mac-container-block box-container\"><div class=\"wp-block-columns is-layout-flex wp-container-core-columns-is-layout-9d6595d7 wp-block-columns-is-layout-flex\"><div class=\"wp-block-column is-layout-flow wp-block-column-is-layout-flow\"><p style=\"font-size:30px\"><strong>BARREIRA<\/strong><\/p>\n\n<p>O multicomposto, composto por geossint\u00e9ticos diversos, forma uma barreira imperme\u00e1vel, retendo fluidos contaminantes e preservando a integridade ambiental.<\/p><\/div>\n\n<div class=\"wp-block-column is-layout-flow wp-block-column-is-layout-flow\"><p style=\"font-size:30px\"><strong>PROTE\u00c7\u00c3O<\/strong><\/p>\n\n<p>Com uma combina\u00e7\u00e3o de materiais geossint\u00e9ticos, nosso multicomposto fornece prote\u00e7\u00e3o adequada, protegendo sistemas contra perfura\u00e7\u00f5es, danos UV e desgaste f\u00edsico.<\/p><\/div><\/div><\/div><div style=\"height:70px\" aria-hidden=\"true\" class=\"wp-block-spacer\"><\/div><div class=\"wp-block-mac-container-block box-container\"><div class=\"wp-block-columns is-layout-flex wp-container-core-columns-is-layout-9d6595d7 wp-block-columns-is-layout-flex\"><div class=\"wp-block-column is-layout-flow wp-block-column-is-layout-flow\"><p style=\"font-size:30px\"><strong>SEPARA\u00c7\u00c3O<\/strong><\/p>\n\n<p>Nosso multicomposto inovador, utilizando uma combina\u00e7\u00e3o de geossint\u00e9ticos, mant\u00e9m uma separa\u00e7\u00e3o adequada entre diferentes camadas de solo, preservando suas propriedades distintas em diversas aplica\u00e7\u00f5es.<\/p><\/div>\n\n<div class=\"wp-block-column is-layout-flow wp-block-column-is-layout-flow\"><p style=\"font-size:30px\"><strong>\u2026 POSSIBILIDADES SEM FIM<\/strong><\/p><\/div><\/div><\/div><div style=\"height:70px\" aria-hidden=\"true\" class=\"wp-block-spacer\"><\/div><div class=\"wp-block-mac-h2-title-block block-txt-container box-container\"><div class=\"row\"><div class=\"col title-box-txt\"><h2 style=\"color:#212429;text-align:none\">Caso de Sucesso: Cava D\u00e8 Tirreni<\/h2><\/div><\/div><\/div><div class=\"wp-block-mac-container-block box-container\"><div class=\"wp-block-columns is-layout-flex wp-container-core-columns-is-layout-9d6595d7 wp-block-columns-is-layout-flex\"><div class=\"wp-block-column is-layout-flow wp-block-column-is-layout-flow\"><figure class=\"wp-block-video\"><video controls controlslist=\"nodownload\" poster=\"https:\/\/www.maccaferri.com\/wp-content\/uploads\/2024\/10\/immagine-2.png\" src=\"https:\/\/www.maccaferri.com\/br\/wp-content\/uploads\/2023\/08\/643e1591-b2ea-4ed8-8fec-7ac0e41e26c6-1.mp4\"><\/video><\/figure><\/div><\/div><\/div><div style=\"height:50px\" aria-hidden=\"true\" class=\"wp-block-spacer\"><\/div><div class=\"wp-block-mac-container-block box-container\"><div class=\"wp-block-columns is-layout-flex wp-container-core-columns-is-layout-9d6595d7 wp-block-columns-is-layout-flex\"><div class=\"wp-block-column is-layout-flow wp-block-column-is-layout-flow\"><div class=\"wp-block-mac-container-block box-container\"><div class=\"wp-block-columns is-layout-flex wp-container-core-columns-is-layout-9d6595d7 wp-block-columns-is-layout-flex\"><div class=\"wp-block-column is-layout-flow wp-block-column-is-layout-flow\"><div class=\"wp-block-mac-h2-title-block block-txt-container box-container\"><div class=\"row\"><div class=\"col title-box-txt\"><h2 style=\"color:#212429;text-align:center\">Webinar dedicado<\/h2><\/div><\/div><\/div>\n\n<p class=\"has-text-align-center\" style=\"font-size:15px\"><strong>A Evolu\u00e7\u00e3o dos Geossint\u00e9ticos: das origens \u00e0s solu\u00e7\u00f5es avan\u00e7adas modernas<\/strong><\/p>\n\n<p class=\"has-text-align-center\" style=\"font-size:15px\">Por mais de 100 anos, trabalhamos ao lado dos clientes para desenvolver solu\u00e7\u00f5es de engenharia inclusivas da natureza que possam atender \u00e0s necessidades do presente enquanto antecipam as necessidades do futuro.<\/p>\n\n<p><\/p>\n\n<div class=\"wp-block-buttons is-content-justification-center is-layout-flex wp-container-core-buttons-is-layout-16018d1d wp-block-buttons-is-layout-flex\"><div class=\"wp-block-button\"><a class=\"wp-block-button__link wp-element-button\" href=\"https:\/\/www.maccaferri.com\/webinar\/geosynthetic-revolution\/\">link aqui<\/a><\/div><\/div><\/div>\n\n<div class=\"wp-block-column is-layout-flow wp-block-column-is-layout-flow\"><div style=\"height:50px\" aria-hidden=\"true\" class=\"wp-block-spacer\"><\/div>\n\n<figure class=\"wp-block-image aligncenter size-large\"><img decoding=\"async\" width=\"1024\" height=\"576\" src=\"https:\/\/www.maccaferri.com\/br\/wp-content\/uploads\/2023\/08\/vlcsnap-2023-08-21-15h34m18s395-1-1-1024x576.png\" alt=\"\" class=\"wp-image-55527\" srcset=\"https:\/\/www.maccaferri.com\/br\/wp-content\/uploads\/2023\/08\/vlcsnap-2023-08-21-15h34m18s395-1-1-1024x576.png 1024w, https:\/\/www.maccaferri.com\/br\/wp-content\/uploads\/2023\/08\/vlcsnap-2023-08-21-15h34m18s395-1-1-300x169.png 300w, https:\/\/www.maccaferri.com\/br\/wp-content\/uploads\/2023\/08\/vlcsnap-2023-08-21-15h34m18s395-1-1-768x432.png 768w, https:\/\/www.maccaferri.com\/br\/wp-content\/uploads\/2023\/08\/vlcsnap-2023-08-21-15h34m18s395-1-1-1536x864.png 1536w, https:\/\/www.maccaferri.com\/br\/wp-content\/uploads\/2023\/08\/vlcsnap-2023-08-21-15h34m18s395-1-1-120x68.png 120w, https:\/\/www.maccaferri.com\/br\/wp-content\/uploads\/2023\/08\/vlcsnap-2023-08-21-15h34m18s395-1-1.png 1920w\" sizes=\"(max-width: 1024px) 100vw, 1024px\" \/><\/figure><\/div><\/div><\/div><\/div><\/div><\/div><div style=\"height:50px\" aria-hidden=\"true\" class=\"wp-block-spacer\"><\/div><div class=\"wp-block-mac-h2-title-block block-txt-container box-container download\"><div class=\"row\"><div class=\"col title-box-txt\"><h2 style=\"color:#212429;text-align:none\">\u00c1REA DE DOWNLOAD<\/h2><\/div><\/div><\/div><div class=\"wp-block-mac-container-block box-container\"><div class=\"wp-block-columns is-layout-flex wp-container-core-columns-is-layout-9d6595d7 wp-block-columns-is-layout-flex\"><div class=\"wp-block-column is-layout-flow wp-block-column-is-layout-flow\"><p class=\"has-medium-font-size\" id=\"download\">Preencha o formul\u00e1rio abaixo para acessar nosso material exclusivo sobre multicompostos geossint\u00e9ticos.<\/p><\/div><\/div><\/div><div class=\"wp-block-mac-container-block box-container\"><div class=\"wp-block-columns is-layout-flex wp-container-core-columns-is-layout-9d6595d7 wp-block-columns-is-layout-flex\"><div class=\"wp-block-column is-layout-flow wp-block-column-is-layout-flow\"><iframe src=\"https:\/\/www2.maccaferri.com\/l\/965143\/2023-08-29\/5qw4g5\" width=\"100%\" height=\"800\" type=\"text\/html\" frameborder=\"0\" allowtransparency=\"true\" style=\"border: 0\" data-cookieconsent=\"ignore\"><\/iframe><\/div><\/div><\/div><div style=\"height:100px\" aria-hidden=\"true\" class=\"wp-block-spacer\"><\/div><p><\/p>","protected":false},"excerpt":{"rendered":"","protected":false},"author":11460,"featured_media":0,"parent":0,"menu_order":0,"comment_status":"closed","ping_status":"closed","template":"","meta":{"_acf_changed":false,"_joinchat":[],"footnotes":""},"class_list":["post-92062","page","type-page","status-publish","hentry"],"acf":{"uuid_products":"","product-documents":""},"yoast_head":"<!-- This site is optimized with the Yoast SEO Premium plugin v27.0 (Yoast SEO v27.0) - https:\/\/yoast.com\/product\/yoast-seo-premium-wordpress\/ -->\n<title>MULTICOMPOSITE GEOSYNTHETICS - Maccaferri Brasil<\/title>\n<meta name=\"description\" content=\"0MULTICOMPOSTOS GEOSSINT\u00c9TICOS\u00c1rea de Download aquiPreviousNext DESBLOQUEIE UM MUNDO DE POSSIBILIDADES Descubra o potencial inovador dos Multicompostos\" \/>\n<meta name=\"robots\" content=\"index, follow, max-snippet:-1, max-image-preview:large, max-video-preview:-1\" \/>\n<link rel=\"canonical\" href=\"https:\/\/www.maccaferri.com\/br\/multicomposite-geosynthetics\/\" \/>\n<meta property=\"og:locale\" content=\"pt_BR\" \/>\n<meta property=\"og:type\" content=\"article\" \/>\n<meta property=\"og:title\" content=\"MULTICOMPOSITE GEOSYNTHETICS\" \/>\n<meta property=\"og:description\" content=\"0MULTICOMPOSTOS GEOSSINT\u00c9TICOS\u00c1rea de Download aquiPreviousNext DESBLOQUEIE UM MUNDO DE POSSIBILIDADES Descubra o potencial inovador dos Multicompostos\" \/>\n<meta property=\"og:url\" content=\"https:\/\/www.maccaferri.com\/br\/multicomposite-geosynthetics\/\" \/>\n<meta property=\"og:site_name\" content=\"Maccaferri Brasil\" \/>\n<meta property=\"article:modified_time\" content=\"2026-03-03T11:31:57+00:00\" \/>\n<meta property=\"og:image\" content=\"https:\/\/www.maccaferri.com\/wp-content\/uploads\/2023\/08\/tricomp-1-scaled.jpg\" \/>\n<meta name=\"twitter:card\" content=\"summary_large_image\" \/>\n<meta name=\"twitter:label1\" content=\"Est. reading time\" \/>\n\t<meta name=\"twitter:data1\" content=\"2 minutes\" \/>\n<!-- \/ Yoast SEO Premium plugin. -->","yoast_head_json":{"title":"MULTICOMPOSITE GEOSYNTHETICS - Maccaferri Brasil","description":"0MULTICOMPOSTOS GEOSSINT\u00c9TICOS\u00c1rea de Download aquiPreviousNext DESBLOQUEIE UM MUNDO DE POSSIBILIDADES Descubra o potencial inovador dos Multicompostos","robots":{"index":"index","follow":"follow","max-snippet":"max-snippet:-1","max-image-preview":"max-image-preview:large","max-video-preview":"max-video-preview:-1"},"canonical":"https:\/\/www.maccaferri.com\/br\/multicomposite-geosynthetics\/","og_locale":"pt_BR","og_type":"article","og_title":"MULTICOMPOSITE GEOSYNTHETICS","og_description":"0MULTICOMPOSTOS GEOSSINT\u00c9TICOS\u00c1rea de Download aquiPreviousNext DESBLOQUEIE UM MUNDO DE POSSIBILIDADES Descubra o potencial inovador dos Multicompostos","og_url":"https:\/\/www.maccaferri.com\/br\/multicomposite-geosynthetics\/","og_site_name":"Maccaferri Brasil","article_modified_time":"2026-03-03T11:31:57+00:00","og_image":[{"url":"https:\/\/www.maccaferri.com\/wp-content\/uploads\/2023\/08\/tricomp-1-scaled.jpg","type":"","width":"","height":""}],"twitter_card":"summary_large_image","twitter_misc":{"Est. reading time":"2 minutes"},"schema":{"@context":"https:\/\/schema.org","@graph":[{"@type":"WebPage","@id":"https:\/\/www.maccaferri.com\/br\/multicomposite-geosynthetics\/","url":"https:\/\/www.maccaferri.com\/br\/multicomposite-geosynthetics\/","name":"MULTICOMPOSITE GEOSYNTHETICS - Maccaferri Brasil","isPartOf":{"@id":"https:\/\/www.maccaferri.com\/br\/#website"},"primaryImageOfPage":{"@id":"https:\/\/www.maccaferri.com\/br\/multicomposite-geosynthetics\/#primaryimage"},"image":{"@id":"https:\/\/www.maccaferri.com\/br\/multicomposite-geosynthetics\/#primaryimage"},"thumbnailUrl":"https:\/\/www.maccaferri.com\/wp-content\/uploads\/2023\/08\/tricomp-1-scaled.jpg","datePublished":"2023-08-24T15:34:07+00:00","dateModified":"2026-03-03T11:31:57+00:00","description":"0MULTICOMPOSTOS GEOSSINT\u00c9TICOS\u00c1rea de Download aquiPreviousNext DESBLOQUEIE UM MUNDO DE POSSIBILIDADES Descubra o potencial inovador dos Multicompostos","breadcrumb":{"@id":"https:\/\/www.maccaferri.com\/br\/multicomposite-geosynthetics\/#breadcrumb"},"inLanguage":"pt-BR","potentialAction":[{"@type":"ReadAction","target":["https:\/\/www.maccaferri.com\/br\/multicomposite-geosynthetics\/"]}]},{"@type":"ImageObject","inLanguage":"pt-BR","@id":"https:\/\/www.maccaferri.com\/br\/multicomposite-geosynthetics\/#primaryimage","url":"https:\/\/www.maccaferri.com\/wp-content\/uploads\/2023\/08\/tricomp-1-scaled.jpg","contentUrl":"https:\/\/www.maccaferri.com\/wp-content\/uploads\/2023\/08\/tricomp-1-scaled.jpg"},{"@type":"BreadcrumbList","@id":"https:\/\/www.maccaferri.com\/br\/multicomposite-geosynthetics\/#breadcrumb","itemListElement":[{"@type":"ListItem","position":1,"name":"Home","item":"https:\/\/www.maccaferri.com\/br\/"},{"@type":"ListItem","position":2,"name":"MULTICOMPOSITE GEOSYNTHETICS"}]},{"@type":"WebSite","@id":"https:\/\/www.maccaferri.com\/br\/#website","url":"https:\/\/www.maccaferri.com\/br\/","name":"Maccaferri Brasil","description":"","publisher":{"@id":"https:\/\/www.maccaferri.com\/br\/#organization"},"potentialAction":[{"@type":"SearchAction","target":{"@type":"EntryPoint","urlTemplate":"https:\/\/www.maccaferri.com\/br\/?s={search_term_string}"},"query-input":{"@type":"PropertyValueSpecification","valueRequired":true,"valueName":"search_term_string"}}],"inLanguage":"pt-BR"},{"@type":"Organization","@id":"https:\/\/www.maccaferri.com\/br\/#organization","name":"Maccaferri do Brasil","alternateName":"Maccaferri","url":"https:\/\/www.maccaferri.com\/br\/","logo":{"@type":"ImageObject","inLanguage":"pt-BR","@id":"https:\/\/www.maccaferri.com\/br\/#\/schema\/logo\/image\/","url":"https:\/\/www.maccaferri.com\/br\/wp-content\/uploads\/2022\/07\/logo-maccaferri.png","contentUrl":"https:\/\/www.maccaferri.com\/br\/wp-content\/uploads\/2022\/07\/logo-maccaferri.png","width":152,"height":32,"caption":"Maccaferri do Brasil"},"image":{"@id":"https:\/\/www.maccaferri.com\/br\/#\/schema\/logo\/image\/"}}]}},"_links":{"self":[{"href":"https:\/\/www.maccaferri.com\/br\/wp-json\/wp\/v2\/pages\/92062","targetHints":{"allow":["GET"]}}],"collection":[{"href":"https:\/\/www.maccaferri.com\/br\/wp-json\/wp\/v2\/pages"}],"about":[{"href":"https:\/\/www.maccaferri.com\/br\/wp-json\/wp\/v2\/types\/page"}],"author":[{"embeddable":true,"href":"https:\/\/www.maccaferri.com\/br\/wp-json\/wp\/v2\/users\/11460"}],"replies":[{"embeddable":true,"href":"https:\/\/www.maccaferri.com\/br\/wp-json\/wp\/v2\/comments?post=92062"}],"version-history":[{"count":9,"href":"https:\/\/www.maccaferri.com\/br\/wp-json\/wp\/v2\/pages\/92062\/revisions"}],"predecessor-version":[{"id":122134,"href":"https:\/\/www.maccaferri.com\/br\/wp-json\/wp\/v2\/pages\/92062\/revisions\/122134"}],"wp:attachment":[{"href":"https:\/\/www.maccaferri.com\/br\/wp-json\/wp\/v2\/media?parent=92062"}],"curies":[{"name":"wp","href":"https:\/\/api.w.org\/{rel}","templated":true}]}}