{"id":91775,"date":"2024-02-14T17:07:41","date_gmt":"2024-02-14T16:07:41","guid":{"rendered":"https:\/\/www.maccaferri.com\/br\/?page_id=91775"},"modified":"2025-06-10T11:06:05","modified_gmt":"2025-06-10T09:06:05","slug":"defence-security","status":"publish","type":"page","link":"https:\/\/www.maccaferri.com\/br\/defence-security\/","title":{"rendered":"Defence and Security"},"content":{"rendered":"<div class=\"wp-block-mac-slider-hero-block hero-slider\"><div id=\"hero13\" class=\"carousel slide\" data-bs-ride=\"true\"><ol class=\"carousel-indicators box-container\"><li data-bs-target=\"#hero13\" data-bs-slide-to=\"0\" class=\"active\"><\/li><\/ol><div class=\"carousel-inner\"><div class=\"carousel-item active\"><div class=\"hero\"><div class=\"gts__picture\"><img decoding=\"async\" src=\"https:\/\/www.maccaferri.com\/br\/wp-content\/uploads\/2024\/10\/perimetro-dettaglio-light.jpg\" style=\"display:none\"\/><div class=\"gts__picture__image\" style=\"background-image:url(https:\/\/www.maccaferri.com\/br\/wp-content\/uploads\/2024\/10\/perimetro-dettaglio-light.jpg)\"><\/div><\/div><div class=\"container box-container\"><div class=\"row\"><div class=\"col-12 col-lg-6 col-xl-6 col-xxl-6\"><p><span class=\"hero-index\" style=\"display:none\">0<\/span><\/p><h2 class=\"hero-text-container\"><span class=\"hero-text\">DIFESA E <br>SEGURAN\u00c7A<\/span><\/h2><a class=\"hero-buttonurl\" href=\"#download\"><span class=\"hero-buttontext\">\u00c1rea de download aqui<\/span><\/a><\/div><\/div><\/div><\/div><\/div><\/div><button class=\"carousel-control-prev\" href=\"#hero13\" type=\"button\" data-bs-slide=\"prev\"><span class=\"carousel-control-prev-icon\" aria-hidden=\"true\"><\/span><span class=\"visually-hidden\">Previous<\/span><\/button><button class=\"carousel-control-next\" href=\"#hero13\" type=\"button\" data-bs-slide=\"next\"><span class=\"carousel-control-next-icon\" aria-hidden=\"true\"><\/span><span class=\"visually-hidden\">Next<\/span><\/button><\/div><\/div><div style=\"height:30px\" aria-hidden=\"true\" class=\"wp-block-spacer\"><\/div><div class=\"wp-block-mac-container-block box-container\"><div class=\"wp-block-columns is-layout-flex wp-container-core-columns-is-layout-9d6595d7 wp-block-columns-is-layout-flex\"><div class=\"wp-block-column is-layout-flow wp-block-column-is-layout-flow\"><h2 class=\"wp-block-heading has-text-color has-link-color wp-elements-2615d58756c868451a13976351f0dbb5\" style=\"color:#034e51;font-size:30px\"><strong>DE GABI\u00d5ES DA PRIMEIRA GUERRA MUNDIAL \u00c0 SEGURAN\u00c7A MODERNA, MACCAFERRI INOVA PARA A SEGURAN\u00c7A<\/strong><\/h2>\n\n<p class=\"has-medium-font-size\">Por mais de um s\u00e9culo, a Maccaferri tem sido uma pioneira na inova\u00e7\u00e3o de defesa, come\u00e7ando com a reinven\u00e7\u00e3o dos gabi\u00f5es durante a Primeira Guerra Mundial. Evoluindo para enfrentar os desafios modernos, a experi\u00eancia da empresa se estende a solu\u00e7\u00f5es para defesa contra inunda\u00e7\u00f5es e riscos naturais, bal\u00edstica e explos\u00f5es e, mais recentemente, ataques terroristas. O legado duradouro da Maccaferri de mais de 100 anos reflete sua dedica\u00e7\u00e3o inabal\u00e1vel em moldar solu\u00e7\u00f5es avan\u00e7adas de defesa para um futuro mais seguro.<\/p><\/div><\/div><\/div><div class=\"wp-block-mac-container-block box-container\"><div class=\"wp-block-columns is-layout-flex wp-container-core-columns-is-layout-9d6595d7 wp-block-columns-is-layout-flex\"><div class=\"wp-block-column is-layout-flow wp-block-column-is-layout-flow\"><figure class=\"wp-block-image size-full\"><img decoding=\"async\" src=\"https:\/\/www.maccaferri.com\/wp-content\/uploads\/2024\/03\/Confronto1-Passato-edited.jpg\" alt=\"\" class=\"wp-image-64128\"\/><\/figure><\/div>\n\n<div class=\"wp-block-column is-layout-flow wp-block-column-is-layout-flow\"><figure class=\"wp-block-image size-full\"><img decoding=\"async\" src=\"https:\/\/www.maccaferri.com\/wp-content\/uploads\/2024\/03\/Defence_Security-min.png\" alt=\"\" class=\"wp-image-64419\"\/><\/figure><\/div><\/div><\/div><div style=\"height:50px\" aria-hidden=\"true\" class=\"wp-block-spacer\"><\/div><div class=\"wp-block-mac-container-block box-container\"><div class=\"wp-block-columns is-layout-flex wp-container-core-columns-is-layout-9d6595d7 wp-block-columns-is-layout-flex\"><div class=\"wp-block-column is-layout-flow wp-block-column-is-layout-flow\"><h2 class=\"wp-block-heading has-text-color has-link-color wp-elements-9b88610dd16238dbf37efaa0c017ff08\" style=\"color:#034e51;font-size:30px\"><strong>O ESPECTRO DAS OPERA\u00c7\u00d5ES<\/strong><\/h2>\n\n<p class=\"has-medium-font-size\">Com um s\u00e9culo de experi\u00eancia em uma ampla gama de disciplinas, a Maccaferri n\u00e3o s\u00f3 entrega produtos de alta qualidade, mas tamb\u00e9m se destaca como um parceiro capaz e confi\u00e1vel. Nossa empresa vai al\u00e9m da oferta de solu\u00e7\u00f5es, oferecendo suporte 360\u00b0 para atender \u00e0s diversas necessidades.<\/p>\n\n<p class=\"has-medium-font-size\">Nosso EBS MAC, anteriormente conhecido como DefenCell MAC, \u00e9 fabricado de acordo com rigorosos padr\u00f5es militares reconhecidos e \u00e9 adequado para uma ampla gama de aplica\u00e7\u00f5es no espectro operacional, incluindo muros perimetrais EBS, barreiras de controle de entrada e ve\u00edculos, postos de observa\u00e7\u00e3o, abrigos e bunkers, armazenamento de muni\u00e7\u00f5es e explosivos, e \u00e1reas de treinamento.<\/p>\n\n<figure class=\"wp-block-image aligncenter size-full\"><img fetchpriority=\"high\" decoding=\"async\" width=\"1630\" height=\"656\" src=\"https:\/\/www.maccaferri.com\/br\/wp-content\/uploads\/2024\/10\/immagine-1-1.png\" alt=\"\" class=\"wp-image-86413\" srcset=\"https:\/\/www.maccaferri.com\/br\/wp-content\/uploads\/2024\/10\/immagine-1-1.png 1630w, https:\/\/www.maccaferri.com\/br\/wp-content\/uploads\/2024\/10\/immagine-1-1-300x121.png 300w, https:\/\/www.maccaferri.com\/br\/wp-content\/uploads\/2024\/10\/immagine-1-1-1024x412.png 1024w, https:\/\/www.maccaferri.com\/br\/wp-content\/uploads\/2024\/10\/immagine-1-1-768x309.png 768w, https:\/\/www.maccaferri.com\/br\/wp-content\/uploads\/2024\/10\/immagine-1-1-1536x618.png 1536w, https:\/\/www.maccaferri.com\/br\/wp-content\/uploads\/2024\/10\/immagine-1-1-120x48.png 120w\" sizes=\"(max-width: 1630px) 100vw, 1630px\" \/><\/figure><\/div><\/div><\/div><div style=\"height:50px\" aria-hidden=\"true\" class=\"wp-block-spacer\"><\/div><div class=\"wp-block-mac-container-block box-container\"><div class=\"wp-block-columns is-layout-flex wp-container-core-columns-is-layout-9d6595d7 wp-block-columns-is-layout-flex\"><div class=\"wp-block-column is-layout-flow wp-block-column-is-layout-flow\"><h2 class=\"wp-block-heading has-text-color has-link-color wp-elements-f7de6b7005d5fe6832a021aef45304fe\" style=\"color:#034e51;font-size:30px\"><strong>NOSSO PORTF\u00d3LIO<\/strong><\/h2>\n\n<p class=\"has-medium-font-size\"><\/p><\/div><\/div><\/div><div class=\"wp-block-mac-container-block box-container\"><div class=\"wp-block-columns is-layout-flex wp-container-core-columns-is-layout-9d6595d7 wp-block-columns-is-layout-flex\"><div class=\"wp-block-column is-layout-flow wp-block-column-is-layout-flow\"><div class=\"container-fluid carousel-image-gallery\">\n        <div class=\"row\">\n            <div id=\"carouselImageblock_20aacc0529185987b4dc4810db74300f\" class=\"carousel slide carouselImageGallery\" data-bs-ride=\"carousel\">\n                <!-- \/\/ Indicators -->\n                <ol class=\"carousel-indicators\">\n                                            <li data-bs-target=\"#carouselImageblock_20aacc0529185987b4dc4810db74300f\" data-bs-slide-to=\"0\" class=\"active\" aria-current=\"true\" aria-label=\"Slide\"><\/li>\n                                            <li data-bs-target=\"#carouselImageblock_20aacc0529185987b4dc4810db74300f\" data-bs-slide-to=\"1\" class=\"\" aria-current=\"true\" aria-label=\"Slide\"><\/li>\n                                            <li data-bs-target=\"#carouselImageblock_20aacc0529185987b4dc4810db74300f\" data-bs-slide-to=\"2\" class=\"\" aria-current=\"true\" aria-label=\"Slide\"><\/li>\n                                    <\/ol>\n\n                <div class=\"carousel-inner container\" role=\"listbox\">\n                                            <div class=\"carousel-item active\">\n                        <div class=\"col-12 col-lg-4 col-xl-4 col-xxl-4 space-mobile\">\n                            <div class=\"grid-item-wrapper\">\n                                <div class=\"img-responsive-wrapper\">\n                                    <div class=\"img-responsive\">\n                                        <div class=\"img-wrapper\"><img decoding=\"async\" src=\"https:\/\/www.maccaferri.com\/br\/wp-content\/uploads\/2025\/01\/Prodotto-Defence-FE-4.jpg\" alt=\"\" \/><\/div>\n                                    <\/div>\n                                <\/div>\n                                <div class=\"griditem-text-wrapper text-center\">\n                                    <p class=\"griditem-text text-center\">EBS MAC FE, uma vers\u00e3o especializada das barreiras defensivas da Maccaferri, foi projetado para prote\u00e7\u00e3o contra inunda\u00e7\u00f5es. Este sistema modular foi projetado para implanta\u00e7\u00e3o r\u00e1pida em emerg\u00eancias e tamb\u00e9m pode ser integrado perfeitamente em projetos paisag\u00edsticos para prote\u00e7\u00e3o de longo prazo.\r\n<\/p>\n                   \n                                <\/div>\n                            <\/div>\n                        <\/div>\n                        <\/div>\n                                            <div class=\"carousel-item \">\n                        <div class=\"col-12 col-lg-4 col-xl-4 col-xxl-4 space-mobile\">\n                            <div class=\"grid-item-wrapper\">\n                                <div class=\"img-responsive-wrapper\">\n                                    <div class=\"img-responsive\">\n                                        <div class=\"img-wrapper\"><img decoding=\"async\" src=\"https:\/\/www.maccaferri.com\/br\/wp-content\/uploads\/2025\/01\/Prodotto-MacSafe-4.jpg\" alt=\"\" \/><\/div>\n                                    <\/div>\n                                <\/div>\n                                <div class=\"griditem-text-wrapper text-center\">\n                                    <p class=\"griditem-text text-center\">MacSafe\u00ae, um sistema avan\u00e7ado de preven\u00e7\u00e3o de incurs\u00f5es de ve\u00edculos hostis desenvolvido pela Maccaferri em resposta \u00e0 necessidade de prote\u00e7\u00e3o discreta e eficaz em locais p\u00fablicos.\r\n<\/p>\n                   \n                                <\/div>\n                            <\/div>\n                        <\/div>\n                        <\/div>\n                                            <div class=\"carousel-item \">\n                        <div class=\"col-12 col-lg-4 col-xl-4 col-xxl-4 space-mobile\">\n                            <div class=\"grid-item-wrapper\">\n                                <div class=\"img-responsive-wrapper\">\n                                    <div class=\"img-responsive\">\n                                        <div class=\"img-wrapper\"><img decoding=\"async\" src=\"https:\/\/www.maccaferri.com\/br\/wp-content\/uploads\/2025\/01\/Prodotto-Defence-4.png\" alt=\"\" \/><\/div>\n                                    <\/div>\n                                <\/div>\n                                <div class=\"griditem-text-wrapper text-center\">\n                                    <p class=\"griditem-text text-center\">EBS MAC \u00e9 uma estrutura multicelular desenvolvida especificamente para fornecer prote\u00e7\u00e3o de for\u00e7as contra uma variedade de muni\u00e7\u00f5es, explosivos e ataques de ve\u00edculos.\r\n<\/p>\n                   \n                                <\/div>\n                            <\/div>\n                        <\/div>\n                        <\/div>\n                                    <\/div>\n            <\/div>\n\n        <\/div>\n    <\/div><\/div><\/div><\/div><div style=\"height:50px\" aria-hidden=\"true\" class=\"wp-block-spacer\"><\/div><div class=\"wp-block-mac-container-block box-container\"><div class=\"wp-block-columns is-layout-flex wp-container-core-columns-is-layout-9d6595d7 wp-block-columns-is-layout-flex\"><div class=\"wp-block-column is-layout-flow wp-block-column-is-layout-flow\"><h2 class=\"wp-block-heading has-text-color has-link-color wp-elements-bf5413790c19c3fc150812867b3166f5\" style=\"color:#034e51;font-size:30px\"><strong>DESCUBRA COMO NOSSOS EBS MAC S\u00c3O INSTALADOS!<\/strong><\/h2>\n\n<p class=\"has-medium-font-size\">Assista agora ao v\u00eddeo de Defesa.<\/p>\n\n<figure class=\"wp-block-video\"><video controls controlslist=\"nodownload\" poster=\"https:\/\/www.maccaferri.com\/br\/wp-content\/uploads\/2024\/10\/Screenshot-2024-10-18-123914.png\" src=\"https:\/\/www.maccaferri.com\/br\/wp-content\/uploads\/2024\/10\/EBS-MAC.mp4\"><\/video><\/figure><\/div><\/div><\/div><div style=\"height:100px\" aria-hidden=\"true\" class=\"wp-block-spacer\"><\/div><div class=\"wp-block-mac-container-block box-container\"><div class=\"wp-block-columns is-layout-flex wp-container-core-columns-is-layout-9d6595d7 wp-block-columns-is-layout-flex\"><div class=\"wp-block-column is-layout-flow wp-block-column-is-layout-flow\"><h2 class=\"wp-block-heading has-text-color has-link-color wp-elements-1243aef861f2839ac9a2bc874e9888d2\" style=\"color:#034e51;font-size:30px\"><strong>\u00c1REA DE DOWNLOAD<\/strong><\/h2>\n\n<p id=\"download\">Preencha o formul\u00e1rio abaixo para acessar nosso material exclusivo sobre Defesa e Seguran\u00e7a.<\/p>\n\n<iframe src=\"https:\/\/www2.maccaferri.com\/l\/965143\/2024-03-06\/5rs4jt\" width=\"100%\" height=\"700\" type=\"text\/html\" frameborder=\"0\" allowTransparency=\"true\" style=\"border: 0\" data-cookieconsent=\"ignore\"><\/iframe><\/div><\/div><\/div><div style=\"height:100px\" aria-hidden=\"true\" class=\"wp-block-spacer\"><\/div>","protected":false},"excerpt":{"rendered":"","protected":false},"author":24301,"featured_media":0,"parent":0,"menu_order":0,"comment_status":"closed","ping_status":"closed","template":"","meta":{"_acf_changed":false,"_joinchat":[],"footnotes":""},"class_list":["post-91775","page","type-page","status-publish","hentry"],"acf":{"uuid_products":"","product-documents":""},"yoast_head":"<!-- This site is optimized with the Yoast SEO Premium plugin v27.0 (Yoast SEO v27.0) - https:\/\/yoast.com\/product\/yoast-seo-premium-wordpress\/ -->\n<title>Defence and Security - Maccaferri Brasil<\/title>\n<meta name=\"description\" content=\"0DIFESA E SEGURAN\u00c7A\u00c1rea de download aquiPreviousNext DE GABI\u00d5ES DA PRIMEIRA GUERRA MUNDIAL \u00c0 SEGURAN\u00c7A MODERNA, MACCAFERRI INOVA PARA A SEGURAN\u00c7A Por mais\" \/>\n<meta name=\"robots\" content=\"index, follow, max-snippet:-1, max-image-preview:large, max-video-preview:-1\" \/>\n<link rel=\"canonical\" href=\"https:\/\/www.maccaferri.com\/br\/defence-security\/\" \/>\n<meta property=\"og:locale\" content=\"pt_BR\" \/>\n<meta property=\"og:type\" content=\"article\" \/>\n<meta property=\"og:title\" content=\"Defence and Security\" \/>\n<meta property=\"og:description\" content=\"0DIFESA E SEGURAN\u00c7A\u00c1rea de download aquiPreviousNext DE GABI\u00d5ES DA PRIMEIRA GUERRA MUNDIAL \u00c0 SEGURAN\u00c7A MODERNA, MACCAFERRI INOVA PARA A SEGURAN\u00c7A Por mais\" \/>\n<meta property=\"og:url\" content=\"https:\/\/www.maccaferri.com\/br\/defence-security\/\" \/>\n<meta property=\"og:site_name\" content=\"Maccaferri Brasil\" \/>\n<meta property=\"article:modified_time\" content=\"2025-06-10T09:06:05+00:00\" \/>\n<meta property=\"og:image\" content=\"https:\/\/www.maccaferri.com\/br\/wp-content\/uploads\/2024\/10\/perimetro-dettaglio-light.jpg\" \/>\n<meta name=\"twitter:card\" content=\"summary_large_image\" \/>\n<meta name=\"twitter:label1\" content=\"Est. reading time\" \/>\n\t<meta name=\"twitter:data1\" content=\"2 minutes\" \/>\n<!-- \/ Yoast SEO Premium plugin. -->","yoast_head_json":{"title":"Defence and Security - Maccaferri Brasil","description":"0DIFESA E SEGURAN\u00c7A\u00c1rea de download aquiPreviousNext DE GABI\u00d5ES DA PRIMEIRA GUERRA MUNDIAL \u00c0 SEGURAN\u00c7A MODERNA, MACCAFERRI INOVA PARA A SEGURAN\u00c7A Por mais","robots":{"index":"index","follow":"follow","max-snippet":"max-snippet:-1","max-image-preview":"max-image-preview:large","max-video-preview":"max-video-preview:-1"},"canonical":"https:\/\/www.maccaferri.com\/br\/defence-security\/","og_locale":"pt_BR","og_type":"article","og_title":"Defence and Security","og_description":"0DIFESA E SEGURAN\u00c7A\u00c1rea de download aquiPreviousNext DE GABI\u00d5ES DA PRIMEIRA GUERRA MUNDIAL \u00c0 SEGURAN\u00c7A MODERNA, MACCAFERRI INOVA PARA A SEGURAN\u00c7A Por mais","og_url":"https:\/\/www.maccaferri.com\/br\/defence-security\/","og_site_name":"Maccaferri Brasil","article_modified_time":"2025-06-10T09:06:05+00:00","og_image":[{"url":"https:\/\/www.maccaferri.com\/br\/wp-content\/uploads\/2024\/10\/perimetro-dettaglio-light.jpg","type":"","width":"","height":""}],"twitter_card":"summary_large_image","twitter_misc":{"Est. reading time":"2 minutes"},"schema":{"@context":"https:\/\/schema.org","@graph":[{"@type":"WebPage","@id":"https:\/\/www.maccaferri.com\/br\/defence-security\/","url":"https:\/\/www.maccaferri.com\/br\/defence-security\/","name":"Defence and Security - Maccaferri Brasil","isPartOf":{"@id":"https:\/\/www.maccaferri.com\/br\/#website"},"primaryImageOfPage":{"@id":"https:\/\/www.maccaferri.com\/br\/defence-security\/#primaryimage"},"image":{"@id":"https:\/\/www.maccaferri.com\/br\/defence-security\/#primaryimage"},"thumbnailUrl":"https:\/\/www.maccaferri.com\/br\/wp-content\/uploads\/2024\/10\/perimetro-dettaglio-light.jpg","datePublished":"2024-02-14T16:07:41+00:00","dateModified":"2025-06-10T09:06:05+00:00","description":"0DIFESA E SEGURAN\u00c7A\u00c1rea de download aquiPreviousNext DE GABI\u00d5ES DA PRIMEIRA GUERRA MUNDIAL \u00c0 SEGURAN\u00c7A MODERNA, MACCAFERRI INOVA PARA A SEGURAN\u00c7A Por mais","breadcrumb":{"@id":"https:\/\/www.maccaferri.com\/br\/defence-security\/#breadcrumb"},"inLanguage":"pt-BR","potentialAction":[{"@type":"ReadAction","target":["https:\/\/www.maccaferri.com\/br\/defence-security\/"]}]},{"@type":"ImageObject","inLanguage":"pt-BR","@id":"https:\/\/www.maccaferri.com\/br\/defence-security\/#primaryimage","url":"https:\/\/www.maccaferri.com\/br\/wp-content\/uploads\/2024\/10\/perimetro-dettaglio-light.jpg","contentUrl":"https:\/\/www.maccaferri.com\/br\/wp-content\/uploads\/2024\/10\/perimetro-dettaglio-light.jpg","width":1800,"height":1013},{"@type":"BreadcrumbList","@id":"https:\/\/www.maccaferri.com\/br\/defence-security\/#breadcrumb","itemListElement":[{"@type":"ListItem","position":1,"name":"Home","item":"https:\/\/www.maccaferri.com\/br\/"},{"@type":"ListItem","position":2,"name":"Defence and Security"}]},{"@type":"WebSite","@id":"https:\/\/www.maccaferri.com\/br\/#website","url":"https:\/\/www.maccaferri.com\/br\/","name":"Maccaferri Brasil","description":"","publisher":{"@id":"https:\/\/www.maccaferri.com\/br\/#organization"},"potentialAction":[{"@type":"SearchAction","target":{"@type":"EntryPoint","urlTemplate":"https:\/\/www.maccaferri.com\/br\/?s={search_term_string}"},"query-input":{"@type":"PropertyValueSpecification","valueRequired":true,"valueName":"search_term_string"}}],"inLanguage":"pt-BR"},{"@type":"Organization","@id":"https:\/\/www.maccaferri.com\/br\/#organization","name":"Maccaferri do Brasil","alternateName":"Maccaferri","url":"https:\/\/www.maccaferri.com\/br\/","logo":{"@type":"ImageObject","inLanguage":"pt-BR","@id":"https:\/\/www.maccaferri.com\/br\/#\/schema\/logo\/image\/","url":"https:\/\/www.maccaferri.com\/br\/wp-content\/uploads\/2022\/07\/logo-maccaferri.png","contentUrl":"https:\/\/www.maccaferri.com\/br\/wp-content\/uploads\/2022\/07\/logo-maccaferri.png","width":152,"height":32,"caption":"Maccaferri do Brasil"},"image":{"@id":"https:\/\/www.maccaferri.com\/br\/#\/schema\/logo\/image\/"}}]}},"_links":{"self":[{"href":"https:\/\/www.maccaferri.com\/br\/wp-json\/wp\/v2\/pages\/91775","targetHints":{"allow":["GET"]}}],"collection":[{"href":"https:\/\/www.maccaferri.com\/br\/wp-json\/wp\/v2\/pages"}],"about":[{"href":"https:\/\/www.maccaferri.com\/br\/wp-json\/wp\/v2\/types\/page"}],"author":[{"embeddable":true,"href":"https:\/\/www.maccaferri.com\/br\/wp-json\/wp\/v2\/users\/24301"}],"replies":[{"embeddable":true,"href":"https:\/\/www.maccaferri.com\/br\/wp-json\/wp\/v2\/comments?post=91775"}],"version-history":[{"count":7,"href":"https:\/\/www.maccaferri.com\/br\/wp-json\/wp\/v2\/pages\/91775\/revisions"}],"predecessor-version":[{"id":94240,"href":"https:\/\/www.maccaferri.com\/br\/wp-json\/wp\/v2\/pages\/91775\/revisions\/94240"}],"wp:attachment":[{"href":"https:\/\/www.maccaferri.com\/br\/wp-json\/wp\/v2\/media?parent=91775"}],"curies":[{"name":"wp","href":"https:\/\/api.w.org\/{rel}","templated":true}]}}