{"id":86673,"date":"2024-11-01T18:53:37","date_gmt":"2024-11-01T17:53:37","guid":{"rendered":"https:\/\/www.maccaferri.com\/br\/?page_id=86673"},"modified":"2026-01-26T15:51:31","modified_gmt":"2026-01-26T14:51:31","slug":"polimac","status":"publish","type":"page","link":"https:\/\/www.maccaferri.com\/br\/polimac\/","title":{"rendered":"PoliMac"},"content":{"rendered":"<div class=\"wp-block-cover is-light\" style=\"min-height:100vh;aspect-ratio:unset;\"><span aria-hidden=\"true\" class=\"wp-block-cover__background has-background-dim-10 has-background-dim\" style=\"background-color:#FFF\"><\/span><video class=\"wp-block-cover__video-background intrinsic-ignore\" autoplay muted loop playsinline src=\"https:\/\/www.maccaferri.com\/br\/wp-content\/uploads\/2024\/11\/Macaferri-Polimac-PT-Site.mp4\" data-object-fit=\"cover\"><\/video><div class=\"wp-block-cover__inner-container is-layout-flow wp-block-cover-is-layout-flow\"><p class=\"has-text-align-center has-small-font-size\"><\/p><\/div><\/div><div class=\"wp-block-mac-container-block box-container\"><div class=\"wp-block-columns is-layout-flex wp-container-core-columns-is-layout-9d6595d7 wp-block-columns-is-layout-flex\"><div class=\"wp-block-column is-layout-flow wp-block-column-is-layout-flow\"><\/div><\/div><\/div><div class=\"container content-paragraph box-container\"><div class=\"row\"><div class=\"col-12 col-lg-12 col-xl-12 col-xxl-12\"><div class=\"content-txt\"><h1 style=\"text-align: center\"><span style=\"color: #00404c\"><strong>PoliMac\u00ae<\/strong><\/span><\/h1>\n<\/div><\/div><\/div><\/div><div class=\"wp-block-mac-container-block box-container\"><div class=\"wp-block-columns is-layout-flex wp-container-core-columns-is-layout-9d6595d7 wp-block-columns-is-layout-flex\"><div class=\"wp-block-column is-layout-flow wp-block-column-is-layout-flow\"><figure class=\"wp-block-image aligncenter size-full is-resized\"><img decoding=\"async\" src=\"https:\/\/www.maccaferri.com\/wp-content\/uploads\/2023\/03\/WEATHERING-RESISTANCE.png\" alt=\"\" class=\"wp-image-13141\" style=\"width:128px;height:126px\" \/><\/figure>\n\n<div class=\"container content-paragraph box-container\"><div class=\"row\"><div class=\"col-12 col-lg-12 col-xl-12 col-xxl-12\"><div class=\"content-txt\"><h4 style=\"text-align: center\">Mais Resistente<\/h4>\n<\/div><\/div><\/div><\/div>\n\n<p class=\"has-text-align-center\">Atende \u00e0s exig\u00eancias de desempenho t\u00e9cnico da ind\u00fastria da constru\u00e7\u00e3o.<\/p><\/div>\n\n<div class=\"wp-block-column is-layout-flow wp-block-column-is-layout-flow\"><figure class=\"wp-block-image aligncenter size-full is-resized\"><img decoding=\"async\" src=\"https:\/\/www.maccaferri.com\/wp-content\/uploads\/2023\/03\/MECHANICAL-PERFORMANCE.png\" alt=\"\" class=\"wp-image-13137\" style=\"width:128px;height:127px\" \/><\/figure>\n\n<div class=\"container content-paragraph box-container\"><div class=\"row\"><div class=\"col-12 col-lg-12 col-xl-12 col-xxl-12\"><div class=\"content-txt\"><h4 style=\"text-align: center\">Vida \u00fatil mais longa<\/h4>\n<\/div><\/div><\/div><\/div>\n\n<p class=\"has-text-align-center\">Maximiza a longevidade e a efici\u00eancia estrutural.<\/p><\/div>\n\n<div class=\"wp-block-column is-layout-flow wp-block-column-is-layout-flow\"><figure class=\"wp-block-image aligncenter size-full is-resized\"><img decoding=\"async\" src=\"https:\/\/www.maccaferri.com\/wp-content\/uploads\/2023\/03\/ENVIRONMENTAL-FRIENDLINESS.png\" alt=\"\" class=\"wp-image-13138\" style=\"width:126px;height:125px\" \/><\/figure>\n\n<div class=\"container content-paragraph box-container\"><div class=\"row\"><div class=\"col-12 col-lg-12 col-xl-12 col-xxl-12\"><div class=\"content-txt\"><h4 style=\"text-align: center\">Amig\u00e1vel com o meio ambiente<\/h4>\n<\/div><\/div><\/div><\/div>\n\n<p class=\"has-text-align-center\">Atende aos requisitos de projetos ambientais.<\/p><\/div><\/div><\/div><div style=\"height:43px\" aria-hidden=\"true\" class=\"wp-block-spacer\"><\/div><div class=\"wp-block-mac-editor-block container-fluid\" style=\"background:#004857\"><div class=\"row\"><div class=\"col\"><div class=\"gts__picture\"><img style=\"display:none\" \/><div class=\"gts__picture__image\" style=\"background-image:url(undefined)\"><\/div><\/div><div class=\"container box-container\"><div class=\"row\"><div class=\"col title-box-txt\"><div style=\"text-align:center\"><h2 class=\"wp-block-mac-editor-block\" style=\"color:#FFFFFF\">Em 120 anos, a exposi\u00e7\u00e3o ambiental ser\u00e1 mais agressiva. Temos a solu\u00e7\u00e3o, hoje.<\/h2><\/div><div style=\"text-align:center\"><p class=\"wp-block-mac-editor-block\" style=\"color:#FFFFFF\"><\/p><\/div><div style=\"text-align:right\"><a target=\"_blank\" class=\"buttonurl\" rel=\"noopener\"><span class=\"buttontext\"><\/span><\/a><\/div><\/div><\/div><\/div><\/div><\/div><\/div><div class=\"wp-block-columns is-layout-flex wp-container-core-columns-is-layout-9d6595d7 wp-block-columns-is-layout-flex\"><div class=\"wp-block-column is-layout-flow wp-block-column-is-layout-flow\"><div style=\"height:50px\" aria-hidden=\"true\" class=\"wp-block-spacer\"><\/div><\/div><\/div><div class=\"wp-block-mac-h4-title-bold-block block-txt-container box-container\"><div class=\"row\"><div class=\"col title-box-txt\"><h4 style=\"color:#004857;text-align:center\">O revestimento polim\u00e9rico PoliMac\u00ae \u00e9 aplicado em diferentes produtos da Maccaferri para atender \u00e0s demandas de durabilidade, desempenho e efici\u00eancia econ\u00f4mica dos projetos de engenharia civil atuais.<\/h4><\/div><\/div><\/div><div class=\"wp-block-mac-container-block box-container\"><div class=\"container\"><h2><\/h2><div class=\"row\"><\/div><\/div><\/div><div style=\"height:100px\" aria-hidden=\"true\" class=\"wp-block-spacer\"><\/div><div class=\"wp-block-mac-container-block box-container\"><div class=\"wp-block-columns is-layout-flex wp-container-core-columns-is-layout-9d6595d7 wp-block-columns-is-layout-flex\"><div class=\"wp-block-column is-layout-flow wp-block-column-is-layout-flow\"><div class=\"wp-block-mac-h4-title-block block-txt-container box-container\"><div class=\"row\"><div class=\"col title-box-txt\"><h4 style=\"color:#212429;text-align:center\">DESCUBRA MAIS SOBRE O POLIMAC\u00ae<\/h4><\/div><\/div><\/div>\n\n<div class=\"wp-block-buttons is-horizontal is-content-justification-center is-layout-flex wp-container-core-buttons-is-layout-499968f5 wp-block-buttons-is-layout-flex\"><div class=\"wp-block-button\"><a class=\"wp-block-button__link wp-element-button\" href=\"https:\/\/www.maccaferri.com\/br\/download\/brochure-br-polimac-pt-jun24-web-pdf\/\">FA\u00c7A O DOWNLOAD DO CATALOGO POLIMAC\u00ae<\/a><\/div><\/div><\/div><\/div><\/div><div style=\"height:100px\" aria-hidden=\"true\" class=\"wp-block-spacer\"><\/div>","protected":false},"excerpt":{"rendered":"","protected":false},"author":20,"featured_media":0,"parent":0,"menu_order":0,"comment_status":"closed","ping_status":"closed","template":"","meta":{"_acf_changed":false,"_joinchat":[],"footnotes":""},"class_list":["post-86673","page","type-page","status-publish","hentry"],"acf":{"uuid_products":"","product-documents":""},"yoast_head":"<!-- This site is optimized with the Yoast SEO Premium plugin v27.0 (Yoast SEO v27.0) - https:\/\/yoast.com\/product\/yoast-seo-premium-wordpress\/ -->\n<title>Polimac: Revestimento polim\u00e9rico de alta performance | Maccaferri<\/title>\n<meta name=\"description\" content=\"O revestimento polim\u00e9rico PoliMac\u00ae \u00e9 aplicado em diferentes produtos da Maccaferri para atender \u00e0s demandas de durabilidade, desempenho e efici\u00eancia econ\u00f4mica dos projetos de engenharia civil atuais.\" \/>\n<meta name=\"robots\" content=\"index, follow, max-snippet:-1, max-image-preview:large, max-video-preview:-1\" \/>\n<link rel=\"canonical\" href=\"https:\/\/www.maccaferri.com\/br\/polimac\/\" \/>\n<meta property=\"og:locale\" content=\"pt_BR\" \/>\n<meta property=\"og:type\" content=\"article\" \/>\n<meta property=\"og:title\" content=\"PoliMac\" \/>\n<meta property=\"og:description\" content=\"O revestimento polim\u00e9rico PoliMac\u00ae \u00e9 aplicado em diferentes produtos da Maccaferri para atender \u00e0s demandas de durabilidade, desempenho e efici\u00eancia econ\u00f4mica dos projetos de engenharia civil atuais.\" \/>\n<meta property=\"og:url\" content=\"https:\/\/www.maccaferri.com\/br\/polimac\/\" \/>\n<meta property=\"og:site_name\" content=\"Maccaferri Brasil\" \/>\n<meta property=\"article:modified_time\" content=\"2026-01-26T14:51:31+00:00\" \/>\n<meta name=\"twitter:card\" content=\"summary_large_image\" \/>\n<meta name=\"twitter:label1\" content=\"Est. reading time\" \/>\n\t<meta name=\"twitter:data1\" content=\"2 minutes\" \/>\n<!-- \/ Yoast SEO Premium plugin. -->","yoast_head_json":{"title":"Polimac: Revestimento polim\u00e9rico de alta performance | Maccaferri","description":"O revestimento polim\u00e9rico PoliMac\u00ae \u00e9 aplicado em diferentes produtos da Maccaferri para atender \u00e0s demandas de durabilidade, desempenho e efici\u00eancia econ\u00f4mica dos projetos de engenharia civil atuais.","robots":{"index":"index","follow":"follow","max-snippet":"max-snippet:-1","max-image-preview":"max-image-preview:large","max-video-preview":"max-video-preview:-1"},"canonical":"https:\/\/www.maccaferri.com\/br\/polimac\/","og_locale":"pt_BR","og_type":"article","og_title":"PoliMac","og_description":"O revestimento polim\u00e9rico PoliMac\u00ae \u00e9 aplicado em diferentes produtos da Maccaferri para atender \u00e0s demandas de durabilidade, desempenho e efici\u00eancia econ\u00f4mica dos projetos de engenharia civil atuais.","og_url":"https:\/\/www.maccaferri.com\/br\/polimac\/","og_site_name":"Maccaferri Brasil","article_modified_time":"2026-01-26T14:51:31+00:00","twitter_card":"summary_large_image","twitter_misc":{"Est. reading time":"2 minutes"},"schema":{"@context":"https:\/\/schema.org","@graph":[{"@type":"WebPage","@id":"https:\/\/www.maccaferri.com\/br\/polimac\/","url":"https:\/\/www.maccaferri.com\/br\/polimac\/","name":"Polimac: Revestimento polim\u00e9rico de alta performance | Maccaferri","isPartOf":{"@id":"https:\/\/www.maccaferri.com\/br\/#website"},"primaryImageOfPage":{"@id":"https:\/\/www.maccaferri.com\/br\/polimac\/#primaryimage"},"image":{"@id":"https:\/\/www.maccaferri.com\/br\/polimac\/#primaryimage"},"thumbnailUrl":"https:\/\/www.maccaferri.com\/wp-content\/uploads\/2023\/03\/WEATHERING-RESISTANCE.png","datePublished":"2024-11-01T17:53:37+00:00","dateModified":"2026-01-26T14:51:31+00:00","description":"O revestimento polim\u00e9rico PoliMac\u00ae \u00e9 aplicado em diferentes produtos da Maccaferri para atender \u00e0s demandas de durabilidade, desempenho e efici\u00eancia econ\u00f4mica dos projetos de engenharia civil atuais.","breadcrumb":{"@id":"https:\/\/www.maccaferri.com\/br\/polimac\/#breadcrumb"},"inLanguage":"pt-BR","potentialAction":[{"@type":"ReadAction","target":["https:\/\/www.maccaferri.com\/br\/polimac\/"]}]},{"@type":"ImageObject","inLanguage":"pt-BR","@id":"https:\/\/www.maccaferri.com\/br\/polimac\/#primaryimage","url":"https:\/\/www.maccaferri.com\/wp-content\/uploads\/2023\/03\/WEATHERING-RESISTANCE.png","contentUrl":"https:\/\/www.maccaferri.com\/wp-content\/uploads\/2023\/03\/WEATHERING-RESISTANCE.png"},{"@type":"BreadcrumbList","@id":"https:\/\/www.maccaferri.com\/br\/polimac\/#breadcrumb","itemListElement":[{"@type":"ListItem","position":1,"name":"Home","item":"https:\/\/www.maccaferri.com\/br\/"},{"@type":"ListItem","position":2,"name":"PoliMac"}]},{"@type":"WebSite","@id":"https:\/\/www.maccaferri.com\/br\/#website","url":"https:\/\/www.maccaferri.com\/br\/","name":"Maccaferri Brasil","description":"","publisher":{"@id":"https:\/\/www.maccaferri.com\/br\/#organization"},"potentialAction":[{"@type":"SearchAction","target":{"@type":"EntryPoint","urlTemplate":"https:\/\/www.maccaferri.com\/br\/?s={search_term_string}"},"query-input":{"@type":"PropertyValueSpecification","valueRequired":true,"valueName":"search_term_string"}}],"inLanguage":"pt-BR"},{"@type":"Organization","@id":"https:\/\/www.maccaferri.com\/br\/#organization","name":"Maccaferri do Brasil","alternateName":"Maccaferri","url":"https:\/\/www.maccaferri.com\/br\/","logo":{"@type":"ImageObject","inLanguage":"pt-BR","@id":"https:\/\/www.maccaferri.com\/br\/#\/schema\/logo\/image\/","url":"https:\/\/www.maccaferri.com\/br\/wp-content\/uploads\/2022\/07\/logo-maccaferri.png","contentUrl":"https:\/\/www.maccaferri.com\/br\/wp-content\/uploads\/2022\/07\/logo-maccaferri.png","width":152,"height":32,"caption":"Maccaferri do Brasil"},"image":{"@id":"https:\/\/www.maccaferri.com\/br\/#\/schema\/logo\/image\/"}}]}},"_links":{"self":[{"href":"https:\/\/www.maccaferri.com\/br\/wp-json\/wp\/v2\/pages\/86673","targetHints":{"allow":["GET"]}}],"collection":[{"href":"https:\/\/www.maccaferri.com\/br\/wp-json\/wp\/v2\/pages"}],"about":[{"href":"https:\/\/www.maccaferri.com\/br\/wp-json\/wp\/v2\/types\/page"}],"author":[{"embeddable":true,"href":"https:\/\/www.maccaferri.com\/br\/wp-json\/wp\/v2\/users\/20"}],"replies":[{"embeddable":true,"href":"https:\/\/www.maccaferri.com\/br\/wp-json\/wp\/v2\/comments?post=86673"}],"version-history":[{"count":14,"href":"https:\/\/www.maccaferri.com\/br\/wp-json\/wp\/v2\/pages\/86673\/revisions"}],"predecessor-version":[{"id":95362,"href":"https:\/\/www.maccaferri.com\/br\/wp-json\/wp\/v2\/pages\/86673\/revisions\/95362"}],"wp:attachment":[{"href":"https:\/\/www.maccaferri.com\/br\/wp-json\/wp\/v2\/media?parent=86673"}],"curies":[{"name":"wp","href":"https:\/\/api.w.org\/{rel}","templated":true}]}}