{"id":7699,"date":"2023-01-13T11:35:38","date_gmt":"2023-01-13T10:35:38","guid":{"rendered":"https:\/\/www.maccaferri.com\/br?page_id=7699"},"modified":"2025-06-09T22:32:37","modified_gmt":"2025-06-09T20:32:37","slug":"webinar-pre-assembled-earth-retaining-systems-the-terramesh-family","status":"publish","type":"page","link":"https:\/\/www.maccaferri.com\/br\/webinar-pre-assembled-earth-retaining-systems-the-terramesh-family\/","title":{"rendered":"Webinar: Pre-assembled earth retaining systems: the TerraMesh family"},"content":{"rendered":"<div class=\"wp-block-mac-h1-title-hero-block container-fluid block-txt-container\" style=\"background:linear-gradient(180deg,rgb(1,94,111) 0%,rgb(0,72,87) 100%)\"><div class=\"row\"><div class=\"col\"><div class=\"gts__picture\"><img style=\"display:none\" \/><div class=\"gts__picture__image\" style=\"background-image:url(undefined)\"><\/div><\/div><div class=\"container box-container\"><div class=\"row\"><div class=\"col title-box-txt\"><h1 class=\"wp-block-mac-h1-title-hero-block\" style=\"color:#ffffff;text-align:none\">WEBINAR<\/h1><\/div><\/div><\/div><\/div><\/div><\/div><div class=\"wp-block-mac-h2-title-block block-txt-container box-container\"><div class=\"row\"><div class=\"col title-box-txt\"><h2 style=\"color:#212429;text-align:none\">Pre-assembled earth retaining systems: the TerraMesh family<\/h2><\/div><\/div><\/div><div class=\"wp-block-mac-container-block box-container\"><div class=\"wp-block-columns is-layout-flex wp-container-core-columns-is-layout-9d6595d7 wp-block-columns-is-layout-flex\"><div class=\"wp-block-column is-layout-flow wp-block-column-is-layout-flow\"><figure class=\"wp-block-video\"><video height=\"1080\" style=\"aspect-ratio: 1920 \/ 1080;\" width=\"1920\" controls src=\"https:\/\/www.maccaferri.com\/br\/wp-content\/uploads\/2023\/06\/Pre-assembled-earth-retaining-systems_-the-TerraMesh-family-Live-1-16.mp4\"><\/video><\/figure><\/div><\/div><\/div><div class=\"content-document-dowload\">\n    <div class=\"container-fluid box-container\">\n        <div class=\"row\">\n            <div class=\"col-12\">\n            <h2>Baixar documentos<\/h2>\n            <\/div>\n        <\/div>\n    <\/div>\n    <div class=\"content-fluid has-white-background-color has-background\"><div class=\"content-document-dowload box-container\"><ul><li><a href=\"https:\/\/www.maccaferri.com\/br\/download\/terramesh-family-webinar-presentation\/\" target=\"_blank\" title=\"Assista ao webinar sobre o sistema Terramesh Family\">Assista ao webinar sobre o sistema Terramesh Family<\/a><a href=\"https:\/\/www.maccaferri.com\/br\/dashboard\" class=\"btn-dowload\" data-bs-toggle=\"tooltip\" data-bs-placement=\"top\" title=\"Assista ao webinar sobre o sistema Terramesh Family\"><span class=\"material-symbols-outlined download\">sim_card_download<\/span><\/a><\/li><\/ul><\/div><\/div><\/div>\n\n<script type=\"text\/javascript\">\n    jQuery('.btn-file-download').click(function(e) {\n        e.preventDefault();\n        let idFile = jQuery(this).data('id-file');\n        window.open('https:\/\/www.maccaferri.com\/br\/?wpdmdl=' + idFile);\n        return false;\n    });\n    \/\/tooltip\n    var tooltipTriggerList = [].slice.call(document.querySelectorAll('[data-bs-toggle=\"tooltip\"]'))\n    var tooltipList = tooltipTriggerList.map(function(tooltipTriggerEl) {\n        return new bootstrap.Tooltip(tooltipTriggerEl)\n    })\n<\/script>","protected":false},"excerpt":{"rendered":"","protected":false},"author":27,"featured_media":0,"parent":0,"menu_order":0,"comment_status":"closed","ping_status":"closed","template":"","meta":{"_acf_changed":false,"_joinchat":[],"footnotes":""},"class_list":["post-7699","page","type-page","status-publish","hentry"],"acf":{"uuid_products":"","product-documents":[7698]},"yoast_head":"<!-- This site is optimized with the Yoast SEO Premium plugin v27.0 (Yoast SEO v27.0) - https:\/\/yoast.com\/product\/yoast-seo-premium-wordpress\/ -->\n<title>Webinar sobre sistemas pr\u00e9-montados Terramesh Maccaferri<\/title>\n<meta name=\"description\" content=\"Confira o webinar Maccaferri e aprenda sobre sistemas pr\u00e9-montados Terramesh para conten\u00e7\u00e3o eficiente e r\u00e1pida em obras de solo refor\u00e7ado.\" \/>\n<meta name=\"robots\" content=\"index, follow, max-snippet:-1, max-image-preview:large, max-video-preview:-1\" \/>\n<link rel=\"canonical\" href=\"https:\/\/www.maccaferri.com\/br\/webinar-pre-assembled-earth-retaining-systems-the-terramesh-family\/\" \/>\n<meta property=\"og:locale\" content=\"pt_BR\" \/>\n<meta property=\"og:type\" content=\"article\" \/>\n<meta property=\"og:title\" content=\"Webinar: Pre-assembled earth retaining systems: the TerraMesh family\" \/>\n<meta property=\"og:description\" content=\"Confira o webinar Maccaferri e aprenda sobre sistemas pr\u00e9-montados Terramesh para conten\u00e7\u00e3o eficiente e r\u00e1pida em obras de solo refor\u00e7ado.\" \/>\n<meta property=\"og:url\" content=\"https:\/\/www.maccaferri.com\/br\/webinar-pre-assembled-earth-retaining-systems-the-terramesh-family\/\" \/>\n<meta property=\"og:site_name\" content=\"Maccaferri Brasil\" \/>\n<meta property=\"article:modified_time\" content=\"2025-06-09T20:32:37+00:00\" \/>\n<meta name=\"twitter:card\" content=\"summary_large_image\" \/>\n<meta name=\"twitter:label1\" content=\"Est. reading time\" \/>\n\t<meta name=\"twitter:data1\" content=\"1 minute\" \/>\n<!-- \/ Yoast SEO Premium plugin. -->","yoast_head_json":{"title":"Webinar sobre sistemas pr\u00e9-montados Terramesh Maccaferri","description":"Confira o webinar Maccaferri e aprenda sobre sistemas pr\u00e9-montados Terramesh para conten\u00e7\u00e3o eficiente e r\u00e1pida em obras de solo refor\u00e7ado.","robots":{"index":"index","follow":"follow","max-snippet":"max-snippet:-1","max-image-preview":"max-image-preview:large","max-video-preview":"max-video-preview:-1"},"canonical":"https:\/\/www.maccaferri.com\/br\/webinar-pre-assembled-earth-retaining-systems-the-terramesh-family\/","og_locale":"pt_BR","og_type":"article","og_title":"Webinar: Pre-assembled earth retaining systems: the TerraMesh family","og_description":"Confira o webinar Maccaferri e aprenda sobre sistemas pr\u00e9-montados Terramesh para conten\u00e7\u00e3o eficiente e r\u00e1pida em obras de solo refor\u00e7ado.","og_url":"https:\/\/www.maccaferri.com\/br\/webinar-pre-assembled-earth-retaining-systems-the-terramesh-family\/","og_site_name":"Maccaferri Brasil","article_modified_time":"2025-06-09T20:32:37+00:00","twitter_card":"summary_large_image","twitter_misc":{"Est. reading time":"1 minute"},"schema":{"@context":"https:\/\/schema.org","@graph":[{"@type":"WebPage","@id":"https:\/\/www.maccaferri.com\/br\/webinar-pre-assembled-earth-retaining-systems-the-terramesh-family\/","url":"https:\/\/www.maccaferri.com\/br\/webinar-pre-assembled-earth-retaining-systems-the-terramesh-family\/","name":"Webinar sobre sistemas pr\u00e9-montados Terramesh Maccaferri","isPartOf":{"@id":"https:\/\/www.maccaferri.com\/br\/#website"},"datePublished":"2023-01-13T10:35:38+00:00","dateModified":"2025-06-09T20:32:37+00:00","description":"Confira o webinar Maccaferri e aprenda sobre sistemas pr\u00e9-montados Terramesh para conten\u00e7\u00e3o eficiente e r\u00e1pida em obras de solo refor\u00e7ado.","breadcrumb":{"@id":"https:\/\/www.maccaferri.com\/br\/webinar-pre-assembled-earth-retaining-systems-the-terramesh-family\/#breadcrumb"},"inLanguage":"pt-BR","potentialAction":[{"@type":"ReadAction","target":["https:\/\/www.maccaferri.com\/br\/webinar-pre-assembled-earth-retaining-systems-the-terramesh-family\/"]}]},{"@type":"BreadcrumbList","@id":"https:\/\/www.maccaferri.com\/br\/webinar-pre-assembled-earth-retaining-systems-the-terramesh-family\/#breadcrumb","itemListElement":[{"@type":"ListItem","position":1,"name":"Home","item":"https:\/\/www.maccaferri.com\/br\/"},{"@type":"ListItem","position":2,"name":"Webinar: Pre-assembled earth retaining systems: the TerraMesh family"}]},{"@type":"WebSite","@id":"https:\/\/www.maccaferri.com\/br\/#website","url":"https:\/\/www.maccaferri.com\/br\/","name":"Maccaferri Brasil","description":"","publisher":{"@id":"https:\/\/www.maccaferri.com\/br\/#organization"},"potentialAction":[{"@type":"SearchAction","target":{"@type":"EntryPoint","urlTemplate":"https:\/\/www.maccaferri.com\/br\/?s={search_term_string}"},"query-input":{"@type":"PropertyValueSpecification","valueRequired":true,"valueName":"search_term_string"}}],"inLanguage":"pt-BR"},{"@type":"Organization","@id":"https:\/\/www.maccaferri.com\/br\/#organization","name":"Maccaferri do Brasil","alternateName":"Maccaferri","url":"https:\/\/www.maccaferri.com\/br\/","logo":{"@type":"ImageObject","inLanguage":"pt-BR","@id":"https:\/\/www.maccaferri.com\/br\/#\/schema\/logo\/image\/","url":"https:\/\/www.maccaferri.com\/br\/wp-content\/uploads\/2022\/07\/logo-maccaferri.png","contentUrl":"https:\/\/www.maccaferri.com\/br\/wp-content\/uploads\/2022\/07\/logo-maccaferri.png","width":152,"height":32,"caption":"Maccaferri do Brasil"},"image":{"@id":"https:\/\/www.maccaferri.com\/br\/#\/schema\/logo\/image\/"}}]}},"_links":{"self":[{"href":"https:\/\/www.maccaferri.com\/br\/wp-json\/wp\/v2\/pages\/7699","targetHints":{"allow":["GET"]}}],"collection":[{"href":"https:\/\/www.maccaferri.com\/br\/wp-json\/wp\/v2\/pages"}],"about":[{"href":"https:\/\/www.maccaferri.com\/br\/wp-json\/wp\/v2\/types\/page"}],"author":[{"embeddable":true,"href":"https:\/\/www.maccaferri.com\/br\/wp-json\/wp\/v2\/users\/27"}],"replies":[{"embeddable":true,"href":"https:\/\/www.maccaferri.com\/br\/wp-json\/wp\/v2\/comments?post=7699"}],"version-history":[{"count":6,"href":"https:\/\/www.maccaferri.com\/br\/wp-json\/wp\/v2\/pages\/7699\/revisions"}],"predecessor-version":[{"id":96845,"href":"https:\/\/www.maccaferri.com\/br\/wp-json\/wp\/v2\/pages\/7699\/revisions\/96845"}],"acf:post":[{"embeddable":true,"href":"https:\/\/www.maccaferri.com\/br\/wp-json\/wp\/v2\/wpdmpro\/7698"}],"wp:attachment":[{"href":"https:\/\/www.maccaferri.com\/br\/wp-json\/wp\/v2\/media?parent=7699"}],"curies":[{"name":"wp","href":"https:\/\/api.w.org\/{rel}","templated":true}]}}