{"id":7658,"date":"2023-01-12T15:31:53","date_gmt":"2023-01-12T14:31:53","guid":{"rendered":"https:\/\/www.maccaferri.com\/br?page_id=7658"},"modified":"2025-11-10T16:13:02","modified_gmt":"2025-11-10T15:13:02","slug":"workshop-web-solucoes-para-infraestrutura-de-obras-de-energia","status":"publish","type":"page","link":"https:\/\/www.maccaferri.com\/br\/workshop-web-solucoes-para-infraestrutura-de-obras-de-energia\/","title":{"rendered":"WORKSHOP WEB &#8211; Solu\u00e7\u00f5es para Infraestrutura de Obras de Energia"},"content":{"rendered":"<div class=\"wp-block-mac-h1-title-hero-block container-fluid block-txt-container\" style=\"background:linear-gradient(180deg,rgb(1,94,111) 0%,rgb(0,72,87) 100%)\"><div class=\"row\"><div class=\"col\"><div class=\"gts__picture\"><img style=\"display:none\"\/><div class=\"gts__picture__image\" style=\"background-image:url(undefined)\"><\/div><\/div><div class=\"container box-container\"><div class=\"row\"><div class=\"col title-box-txt\"><h1 class=\"wp-block-mac-h1-title-hero-block\" style=\"color:#ffffff;text-align:none\">WORKSHOP WEB<\/h1><\/div><\/div><\/div><\/div><\/div><\/div><div class=\"wp-block-mac-h2-title-block block-txt-container box-container\"><div class=\"row\"><div class=\"col title-box-txt\"><h2 style=\"color:#212429;text-align:none\">Solu\u00e7\u00f5es para Infraestrutura de Obras de Energia<\/h2><\/div><\/div><\/div><div class=\"wp-block-mac-container-block box-container\"><\/div><div class=\"content-document-dowload\">\n    <div class=\"container-fluid box-container\">\n        <div class=\"row\">\n            <div class=\"col-12\">\n            <h2>Baixar documentos<\/h2>\n            <\/div>\n        <\/div>\n    <\/div>\n    <div class=\"content-fluid has-white-background-color has-background\"><div class=\"content-document-dowload box-container\"><ul><li><a href=\"https:\/\/www.maccaferri.com\/br\/download\/hydraulic-works-brochure\/\" target=\"_blank\" title=\"Brochura Maccaferri para obras hidr\u00e1ulicas - Baixe agora!\">Brochura Maccaferri para obras hidr\u00e1ulicas &#8211; Baixe agora!<\/a><a href=\"https:\/\/www.maccaferri.com\/br\/dashboard\" class=\"btn-dowload\" data-bs-toggle=\"tooltip\" data-bs-placement=\"top\" title=\"Brochura Maccaferri para obras hidr\u00e1ulicas - Baixe agora!\"><span class=\"material-symbols-outlined download\">sim_card_download<\/span><\/a><\/li><li><a href=\"https:\/\/www.maccaferri.com\/br\/download\/rockfall-protection-and-snow-barriers-brochure\/\" target=\"_blank\" title=\"Brochura de prote\u00e7\u00e3o contra quedas de rochas e neve\">Brochura de prote\u00e7\u00e3o contra quedas de rochas e neve<\/a><a href=\"https:\/\/www.maccaferri.com\/br\/dashboard\" class=\"btn-dowload\" data-bs-toggle=\"tooltip\" data-bs-placement=\"top\" title=\"Brochura de prote\u00e7\u00e3o contra quedas de rochas e neve\"><span class=\"material-symbols-outlined download\">sim_card_download<\/span><\/a><\/li><li><a href=\"https:\/\/www.maccaferri.com\/br\/download\/gabion-brochure\/\" target=\"_blank\" title=\"Baixe o cat\u00e1logo completo de gabi\u00f5es da Maccaferri\">Baixe o cat\u00e1logo completo de gabi\u00f5es da Maccaferri<\/a><a href=\"https:\/\/www.maccaferri.com\/br\/dashboard\" class=\"btn-dowload\" data-bs-toggle=\"tooltip\" data-bs-placement=\"top\" title=\"Baixe o cat\u00e1logo completo de gabi\u00f5es da Maccaferri\"><span class=\"material-symbols-outlined download\">sim_card_download<\/span><\/a><\/li><li><a href=\"https:\/\/www.maccaferri.com\/br\/download\/trifold_rockfall-pdf\/\" target=\"_blank\" title=\"Trifold_Rockfall.pdf\">Trifold_Rockfall.pdf<\/a><a href=\"https:\/\/www.maccaferri.com\/br\/dashboard\" class=\"btn-dowload\" data-bs-toggle=\"tooltip\" data-bs-placement=\"top\" title=\"Trifold_Rockfall.pdf\"><span class=\"material-symbols-outlined download\">sim_card_download<\/span><\/a><\/li><\/ul><\/div><\/div><\/div>\n\n<script type=\"text\/javascript\">\n    jQuery('.btn-file-download').click(function(e) {\n        e.preventDefault();\n        let idFile = jQuery(this).data('id-file');\n        window.open('https:\/\/www.maccaferri.com\/br\/?wpdmdl=' + idFile);\n        return false;\n    });\n    \/\/tooltip\n    var tooltipTriggerList = [].slice.call(document.querySelectorAll('[data-bs-toggle=\"tooltip\"]'))\n    var tooltipList = tooltipTriggerList.map(function(tooltipTriggerEl) {\n        return new bootstrap.Tooltip(tooltipTriggerEl)\n    })\n<\/script>","protected":false},"excerpt":{"rendered":"","protected":false},"author":20,"featured_media":0,"parent":0,"menu_order":0,"comment_status":"closed","ping_status":"closed","template":"","meta":{"_acf_changed":false,"_joinchat":[],"footnotes":""},"class_list":["post-7658","page","type-page","status-publish","hentry"],"acf":{"uuid_products":"","product-documents":[4544,4594,2280,4634]},"yoast_head":"<!-- This site is optimized with the Yoast SEO Premium plugin v27.0 (Yoast SEO v27.0) - https:\/\/yoast.com\/product\/yoast-seo-premium-wordpress\/ -->\n<title>Workshop Maccaferri: solu\u00e7\u00f5es para obras de energia<\/title>\n<meta name=\"description\" content=\"Confira como foi o workshop Maccaferri com solu\u00e7\u00f5es inovadoras para infraestrutura em obras de energia. Saiba mais sobre as tend\u00eancias discutidas!\" \/>\n<meta name=\"robots\" content=\"index, follow, max-snippet:-1, max-image-preview:large, max-video-preview:-1\" \/>\n<link rel=\"canonical\" href=\"https:\/\/www.maccaferri.com\/br\/workshop-web-solucoes-para-infraestrutura-de-obras-de-energia\/\" \/>\n<meta property=\"og:locale\" content=\"pt_BR\" \/>\n<meta property=\"og:type\" content=\"article\" \/>\n<meta property=\"og:title\" content=\"WORKSHOP WEB - Solu\u00e7\u00f5es para Infraestrutura de Obras de Energia\" \/>\n<meta property=\"og:description\" content=\"Confira como foi o workshop Maccaferri com solu\u00e7\u00f5es inovadoras para infraestrutura em obras de energia. Saiba mais sobre as tend\u00eancias discutidas!\" \/>\n<meta property=\"og:url\" content=\"https:\/\/www.maccaferri.com\/br\/workshop-web-solucoes-para-infraestrutura-de-obras-de-energia\/\" \/>\n<meta property=\"og:site_name\" content=\"Maccaferri Brasil\" \/>\n<meta property=\"article:modified_time\" content=\"2025-11-10T15:13:02+00:00\" \/>\n<meta name=\"twitter:card\" content=\"summary_large_image\" \/>\n<meta name=\"twitter:label1\" content=\"Est. reading time\" \/>\n\t<meta name=\"twitter:data1\" content=\"1 minute\" \/>\n<!-- \/ Yoast SEO Premium plugin. -->","yoast_head_json":{"title":"Workshop Maccaferri: solu\u00e7\u00f5es para obras de energia","description":"Confira como foi o workshop Maccaferri com solu\u00e7\u00f5es inovadoras para infraestrutura em obras de energia. Saiba mais sobre as tend\u00eancias discutidas!","robots":{"index":"index","follow":"follow","max-snippet":"max-snippet:-1","max-image-preview":"max-image-preview:large","max-video-preview":"max-video-preview:-1"},"canonical":"https:\/\/www.maccaferri.com\/br\/workshop-web-solucoes-para-infraestrutura-de-obras-de-energia\/","og_locale":"pt_BR","og_type":"article","og_title":"WORKSHOP WEB - Solu\u00e7\u00f5es para Infraestrutura de Obras de Energia","og_description":"Confira como foi o workshop Maccaferri com solu\u00e7\u00f5es inovadoras para infraestrutura em obras de energia. Saiba mais sobre as tend\u00eancias discutidas!","og_url":"https:\/\/www.maccaferri.com\/br\/workshop-web-solucoes-para-infraestrutura-de-obras-de-energia\/","og_site_name":"Maccaferri Brasil","article_modified_time":"2025-11-10T15:13:02+00:00","twitter_card":"summary_large_image","twitter_misc":{"Est. reading time":"1 minute"},"schema":{"@context":"https:\/\/schema.org","@graph":[{"@type":"WebPage","@id":"https:\/\/www.maccaferri.com\/br\/workshop-web-solucoes-para-infraestrutura-de-obras-de-energia\/","url":"https:\/\/www.maccaferri.com\/br\/workshop-web-solucoes-para-infraestrutura-de-obras-de-energia\/","name":"Workshop Maccaferri: solu\u00e7\u00f5es para obras de energia","isPartOf":{"@id":"https:\/\/www.maccaferri.com\/br\/#website"},"datePublished":"2023-01-12T14:31:53+00:00","dateModified":"2025-11-10T15:13:02+00:00","description":"Confira como foi o workshop Maccaferri com solu\u00e7\u00f5es inovadoras para infraestrutura em obras de energia. Saiba mais sobre as tend\u00eancias discutidas!","breadcrumb":{"@id":"https:\/\/www.maccaferri.com\/br\/workshop-web-solucoes-para-infraestrutura-de-obras-de-energia\/#breadcrumb"},"inLanguage":"pt-BR","potentialAction":[{"@type":"ReadAction","target":["https:\/\/www.maccaferri.com\/br\/workshop-web-solucoes-para-infraestrutura-de-obras-de-energia\/"]}]},{"@type":"BreadcrumbList","@id":"https:\/\/www.maccaferri.com\/br\/workshop-web-solucoes-para-infraestrutura-de-obras-de-energia\/#breadcrumb","itemListElement":[{"@type":"ListItem","position":1,"name":"Home","item":"https:\/\/www.maccaferri.com\/br\/"},{"@type":"ListItem","position":2,"name":"WORKSHOP WEB &#8211; Solu\u00e7\u00f5es para Infraestrutura de Obras de Energia"}]},{"@type":"WebSite","@id":"https:\/\/www.maccaferri.com\/br\/#website","url":"https:\/\/www.maccaferri.com\/br\/","name":"Maccaferri Brasil","description":"","publisher":{"@id":"https:\/\/www.maccaferri.com\/br\/#organization"},"potentialAction":[{"@type":"SearchAction","target":{"@type":"EntryPoint","urlTemplate":"https:\/\/www.maccaferri.com\/br\/?s={search_term_string}"},"query-input":{"@type":"PropertyValueSpecification","valueRequired":true,"valueName":"search_term_string"}}],"inLanguage":"pt-BR"},{"@type":"Organization","@id":"https:\/\/www.maccaferri.com\/br\/#organization","name":"Maccaferri do Brasil","alternateName":"Maccaferri","url":"https:\/\/www.maccaferri.com\/br\/","logo":{"@type":"ImageObject","inLanguage":"pt-BR","@id":"https:\/\/www.maccaferri.com\/br\/#\/schema\/logo\/image\/","url":"https:\/\/www.maccaferri.com\/br\/wp-content\/uploads\/2022\/07\/logo-maccaferri.png","contentUrl":"https:\/\/www.maccaferri.com\/br\/wp-content\/uploads\/2022\/07\/logo-maccaferri.png","width":152,"height":32,"caption":"Maccaferri do Brasil"},"image":{"@id":"https:\/\/www.maccaferri.com\/br\/#\/schema\/logo\/image\/"}}]}},"_links":{"self":[{"href":"https:\/\/www.maccaferri.com\/br\/wp-json\/wp\/v2\/pages\/7658","targetHints":{"allow":["GET"]}}],"collection":[{"href":"https:\/\/www.maccaferri.com\/br\/wp-json\/wp\/v2\/pages"}],"about":[{"href":"https:\/\/www.maccaferri.com\/br\/wp-json\/wp\/v2\/types\/page"}],"author":[{"embeddable":true,"href":"https:\/\/www.maccaferri.com\/br\/wp-json\/wp\/v2\/users\/20"}],"replies":[{"embeddable":true,"href":"https:\/\/www.maccaferri.com\/br\/wp-json\/wp\/v2\/comments?post=7658"}],"version-history":[{"count":4,"href":"https:\/\/www.maccaferri.com\/br\/wp-json\/wp\/v2\/pages\/7658\/revisions"}],"predecessor-version":[{"id":115444,"href":"https:\/\/www.maccaferri.com\/br\/wp-json\/wp\/v2\/pages\/7658\/revisions\/115444"}],"acf:post":[{"embeddable":true,"href":"https:\/\/www.maccaferri.com\/br\/wp-json\/wp\/v2\/wpdmpro\/4634"},{"embeddable":true,"href":"https:\/\/www.maccaferri.com\/br\/wp-json\/wp\/v2\/wpdmpro\/2280"},{"embeddable":true,"href":"https:\/\/www.maccaferri.com\/br\/wp-json\/wp\/v2\/wpdmpro\/4594"},{"embeddable":true,"href":"https:\/\/www.maccaferri.com\/br\/wp-json\/wp\/v2\/wpdmpro\/4544"}],"wp:attachment":[{"href":"https:\/\/www.maccaferri.com\/br\/wp-json\/wp\/v2\/media?parent=7658"}],"curies":[{"name":"wp","href":"https:\/\/api.w.org\/{rel}","templated":true}]}}