{"id":75538,"date":"2024-04-22T14:55:41","date_gmt":"2024-04-22T12:55:41","guid":{"rendered":"https:\/\/www.maccaferri.com\/br\/?page_id=75538"},"modified":"2025-06-23T16:55:57","modified_gmt":"2025-06-23T14:55:57","slug":"paraproduct-durabilidade-comprovada-em-ambientes-de-alta-alcalinidade","status":"publish","type":"page","link":"https:\/\/www.maccaferri.com\/br\/paraproduct-durabilidade-comprovada-em-ambientes-de-alta-alcalinidade\/","title":{"rendered":"Webinar: ParaProduct: Durabilidade Comprovada em Ambientes de Alta Alcalinidade"},"content":{"rendered":"<div class=\"wp-block-mac-h1-title-hero-block container-fluid block-txt-container\" style=\"background:linear-gradient(180deg,rgb(1,94,111) 0%,rgb(0,72,87) 100%)\"><div class=\"row\"><div class=\"col\"><div class=\"gts__picture\"><img decoding=\"async\" src=\"https:\/\/www.maccaferri.com\/br\/wp-content\/uploads\/2024\/04\/Paraproduct_header_webinar-5.png\" style=\"display:none\" \/><div class=\"gts__picture__image\" style=\"background-image:url(https:\/\/www.maccaferri.com\/br\/wp-content\/uploads\/2024\/04\/Paraproduct_header_webinar-5.png)\"><\/div><\/div><div class=\"container box-container\"><div class=\"row\"><div class=\"col title-box-txt\"><h1 class=\"wp-block-mac-h1-title-hero-block\" style=\"color:#ffffff;text-align:none\">WEBINAR<\/h1><\/div><\/div><\/div><\/div><\/div><\/div><div class=\"wp-block-mac-h2-title-block block-txt-container box-container\"><div class=\"row\"><div class=\"col title-box-txt\"><h2 style=\"color:#212429;text-align:none\">ParaProduct: Durabilidade Comprovada em Ambientes de Alta Alcalinidade<\/h2><\/div><\/div><\/div><div class=\"wp-block-mac-container-block box-container\"><div class=\"wp-block-columns is-layout-flex wp-container-core-columns-is-layout-9d6595d7 wp-block-columns-is-layout-flex\"><div class=\"wp-block-column is-layout-flow wp-block-column-is-layout-flow\"><figure class=\"wp-block-video\"><video controls controlslist=\"nodownload\" src=\"https:\/\/www.maccaferri.com\/wp-content\/uploads\/2024\/04\/ParaProduct_-Proven-Durability-in-High-Alkalinity-Environments.mp4\"><\/video><\/figure><\/div><\/div><\/div><div class=\"content-document-dowload\">\n    <div class=\"container-fluid box-container\">\n        <div class=\"row\">\n            <div class=\"col-12\">\n            <h2>Download documents<\/h2>\n            <\/div>\n        <\/div>\n    <\/div>\n    <div class=\"content-fluid has-white-background-color has-background\"><div class=\"content-document-dowload box-container\"><ul><li><a href=\"https:\/\/www.maccaferri.com\/br\/download\/paraproducts-and-high-alkalinity-slides\/\" target=\"_blank\" title=\"Paraproducts: slides sobre alta alcalinidade Maccaferri\">Paraproducts: slides sobre alta alcalinidade Maccaferri<\/a><a href=\"#\" target=\"_blank\" class=\"btn-dowload btn-file-download\" data-id-file=\"75541\" data-cat-file=\"default\" data-bs-toggle=\"tooltip\" data-bs-placement=\"top\" title=\"Paraproducts: slides sobre alta alcalinidade Maccaferri\"><span class=\"material-symbols-outlined download\">sim_card_download<\/span><\/a><\/li><\/ul><\/div><\/div><\/div>\n\n<script type=\"text\/javascript\">\n    jQuery('.btn-file-download').click(function(e) {\n        e.preventDefault();\n        let idFile = jQuery(this).data('id-file');\n        window.open('https:\/\/www.maccaferri.com\/br\/?wpdmdl=' + idFile);\n        return false;\n    });\n    \/\/tooltip\n    var tooltipTriggerList = [].slice.call(document.querySelectorAll('[data-bs-toggle=\"tooltip\"]'))\n    var tooltipList = tooltipTriggerList.map(function(tooltipTriggerEl) {\n        return new bootstrap.Tooltip(tooltipTriggerEl)\n    })\n<\/script>","protected":false},"excerpt":{"rendered":"","protected":false},"author":20,"featured_media":0,"parent":0,"menu_order":0,"comment_status":"closed","ping_status":"closed","template":"","meta":{"_acf_changed":false,"_joinchat":[],"footnotes":""},"class_list":["post-75538","page","type-page","status-publish","hentry"],"acf":{"uuid_products":"","product-documents":[75541]},"yoast_head":"<!-- This site is optimized with the Yoast SEO Premium plugin v27.0 (Yoast SEO v27.0) - https:\/\/yoast.com\/product\/yoast-seo-premium-wordpress\/ -->\n<title>Paraproduct para alta durabilidade em ambientes alcalinos<\/title>\n<meta name=\"description\" content=\"O Paraproduct Maccaferri oferece solu\u00e7\u00f5es com durabilidade comprovada em ambientes de alta alcalinidade, garantindo efici\u00eancia e longevidade. Confira!\" \/>\n<meta name=\"robots\" content=\"index, follow, max-snippet:-1, max-image-preview:large, max-video-preview:-1\" \/>\n<link rel=\"canonical\" href=\"https:\/\/www.maccaferri.com\/br\/paraproduct-durabilidade-comprovada-em-ambientes-de-alta-alcalinidade\/\" \/>\n<meta property=\"og:locale\" content=\"pt_BR\" \/>\n<meta property=\"og:type\" content=\"article\" \/>\n<meta property=\"og:title\" content=\"Webinar: ParaProduct: Durabilidade Comprovada em Ambientes de Alta Alcalinidade\" \/>\n<meta property=\"og:description\" content=\"O Paraproduct Maccaferri oferece solu\u00e7\u00f5es com durabilidade comprovada em ambientes de alta alcalinidade, garantindo efici\u00eancia e longevidade. Confira!\" \/>\n<meta property=\"og:url\" content=\"https:\/\/www.maccaferri.com\/br\/paraproduct-durabilidade-comprovada-em-ambientes-de-alta-alcalinidade\/\" \/>\n<meta property=\"og:site_name\" content=\"Maccaferri Brasil\" \/>\n<meta property=\"article:modified_time\" content=\"2025-06-23T14:55:57+00:00\" \/>\n<meta property=\"og:image\" content=\"https:\/\/www.maccaferri.com\/br\/wp-content\/uploads\/2024\/04\/Paraproduct_header_webinar-5.png\" \/>\n<meta name=\"twitter:card\" content=\"summary_large_image\" \/>\n<meta name=\"twitter:label1\" content=\"Est. reading time\" \/>\n\t<meta name=\"twitter:data1\" content=\"1 minute\" \/>\n<!-- \/ Yoast SEO Premium plugin. -->","yoast_head_json":{"title":"Paraproduct para alta durabilidade em ambientes alcalinos","description":"O Paraproduct Maccaferri oferece solu\u00e7\u00f5es com durabilidade comprovada em ambientes de alta alcalinidade, garantindo efici\u00eancia e longevidade. Confira!","robots":{"index":"index","follow":"follow","max-snippet":"max-snippet:-1","max-image-preview":"max-image-preview:large","max-video-preview":"max-video-preview:-1"},"canonical":"https:\/\/www.maccaferri.com\/br\/paraproduct-durabilidade-comprovada-em-ambientes-de-alta-alcalinidade\/","og_locale":"pt_BR","og_type":"article","og_title":"Webinar: ParaProduct: Durabilidade Comprovada em Ambientes de Alta Alcalinidade","og_description":"O Paraproduct Maccaferri oferece solu\u00e7\u00f5es com durabilidade comprovada em ambientes de alta alcalinidade, garantindo efici\u00eancia e longevidade. Confira!","og_url":"https:\/\/www.maccaferri.com\/br\/paraproduct-durabilidade-comprovada-em-ambientes-de-alta-alcalinidade\/","og_site_name":"Maccaferri Brasil","article_modified_time":"2025-06-23T14:55:57+00:00","og_image":[{"url":"https:\/\/www.maccaferri.com\/br\/wp-content\/uploads\/2024\/04\/Paraproduct_header_webinar-5.png","type":"","width":"","height":""}],"twitter_card":"summary_large_image","twitter_misc":{"Est. reading time":"1 minute"},"schema":{"@context":"https:\/\/schema.org","@graph":[{"@type":"WebPage","@id":"https:\/\/www.maccaferri.com\/br\/paraproduct-durabilidade-comprovada-em-ambientes-de-alta-alcalinidade\/","url":"https:\/\/www.maccaferri.com\/br\/paraproduct-durabilidade-comprovada-em-ambientes-de-alta-alcalinidade\/","name":"Paraproduct para alta durabilidade em ambientes alcalinos","isPartOf":{"@id":"https:\/\/www.maccaferri.com\/br\/#website"},"primaryImageOfPage":{"@id":"https:\/\/www.maccaferri.com\/br\/paraproduct-durabilidade-comprovada-em-ambientes-de-alta-alcalinidade\/#primaryimage"},"image":{"@id":"https:\/\/www.maccaferri.com\/br\/paraproduct-durabilidade-comprovada-em-ambientes-de-alta-alcalinidade\/#primaryimage"},"thumbnailUrl":"https:\/\/www.maccaferri.com\/br\/wp-content\/uploads\/2024\/04\/Paraproduct_header_webinar-5.png","datePublished":"2024-04-22T12:55:41+00:00","dateModified":"2025-06-23T14:55:57+00:00","description":"O Paraproduct Maccaferri oferece solu\u00e7\u00f5es com durabilidade comprovada em ambientes de alta alcalinidade, garantindo efici\u00eancia e longevidade. Confira!","breadcrumb":{"@id":"https:\/\/www.maccaferri.com\/br\/paraproduct-durabilidade-comprovada-em-ambientes-de-alta-alcalinidade\/#breadcrumb"},"inLanguage":"pt-BR","potentialAction":[{"@type":"ReadAction","target":["https:\/\/www.maccaferri.com\/br\/paraproduct-durabilidade-comprovada-em-ambientes-de-alta-alcalinidade\/"]}]},{"@type":"ImageObject","inLanguage":"pt-BR","@id":"https:\/\/www.maccaferri.com\/br\/paraproduct-durabilidade-comprovada-em-ambientes-de-alta-alcalinidade\/#primaryimage","url":"https:\/\/www.maccaferri.com\/br\/wp-content\/uploads\/2024\/04\/Paraproduct_header_webinar-5.png","contentUrl":"https:\/\/www.maccaferri.com\/br\/wp-content\/uploads\/2024\/04\/Paraproduct_header_webinar-5.png","width":1915,"height":530},{"@type":"BreadcrumbList","@id":"https:\/\/www.maccaferri.com\/br\/paraproduct-durabilidade-comprovada-em-ambientes-de-alta-alcalinidade\/#breadcrumb","itemListElement":[{"@type":"ListItem","position":1,"name":"Home","item":"https:\/\/www.maccaferri.com\/br\/"},{"@type":"ListItem","position":2,"name":"Webinar: ParaProduct: Durabilidade Comprovada em Ambientes de Alta Alcalinidade"}]},{"@type":"WebSite","@id":"https:\/\/www.maccaferri.com\/br\/#website","url":"https:\/\/www.maccaferri.com\/br\/","name":"Maccaferri Brasil","description":"","publisher":{"@id":"https:\/\/www.maccaferri.com\/br\/#organization"},"potentialAction":[{"@type":"SearchAction","target":{"@type":"EntryPoint","urlTemplate":"https:\/\/www.maccaferri.com\/br\/?s={search_term_string}"},"query-input":{"@type":"PropertyValueSpecification","valueRequired":true,"valueName":"search_term_string"}}],"inLanguage":"pt-BR"},{"@type":"Organization","@id":"https:\/\/www.maccaferri.com\/br\/#organization","name":"Maccaferri do Brasil","alternateName":"Maccaferri","url":"https:\/\/www.maccaferri.com\/br\/","logo":{"@type":"ImageObject","inLanguage":"pt-BR","@id":"https:\/\/www.maccaferri.com\/br\/#\/schema\/logo\/image\/","url":"https:\/\/www.maccaferri.com\/br\/wp-content\/uploads\/2022\/07\/logo-maccaferri.png","contentUrl":"https:\/\/www.maccaferri.com\/br\/wp-content\/uploads\/2022\/07\/logo-maccaferri.png","width":152,"height":32,"caption":"Maccaferri do Brasil"},"image":{"@id":"https:\/\/www.maccaferri.com\/br\/#\/schema\/logo\/image\/"}}]}},"_links":{"self":[{"href":"https:\/\/www.maccaferri.com\/br\/wp-json\/wp\/v2\/pages\/75538","targetHints":{"allow":["GET"]}}],"collection":[{"href":"https:\/\/www.maccaferri.com\/br\/wp-json\/wp\/v2\/pages"}],"about":[{"href":"https:\/\/www.maccaferri.com\/br\/wp-json\/wp\/v2\/types\/page"}],"author":[{"embeddable":true,"href":"https:\/\/www.maccaferri.com\/br\/wp-json\/wp\/v2\/users\/20"}],"replies":[{"embeddable":true,"href":"https:\/\/www.maccaferri.com\/br\/wp-json\/wp\/v2\/comments?post=75538"}],"version-history":[{"count":4,"href":"https:\/\/www.maccaferri.com\/br\/wp-json\/wp\/v2\/pages\/75538\/revisions"}],"predecessor-version":[{"id":96848,"href":"https:\/\/www.maccaferri.com\/br\/wp-json\/wp\/v2\/pages\/75538\/revisions\/96848"}],"acf:post":[{"embeddable":true,"href":"https:\/\/www.maccaferri.com\/br\/wp-json\/wp\/v2\/wpdmpro\/75541"}],"wp:attachment":[{"href":"https:\/\/www.maccaferri.com\/br\/wp-json\/wp\/v2\/media?parent=75538"}],"curies":[{"name":"wp","href":"https:\/\/api.w.org\/{rel}","templated":true}]}}