{"id":75279,"date":"2024-04-12T13:56:57","date_gmt":"2024-04-12T11:56:57","guid":{"rendered":"https:\/\/www.maccaferri.com\/br\/?page_id=75279"},"modified":"2025-06-06T15:20:30","modified_gmt":"2025-06-06T13:20:30","slug":"tunnelling","status":"publish","type":"page","link":"https:\/\/www.maccaferri.com\/br\/tunnelling\/","title":{"rendered":"Tunnelling: Solu\u00e7\u00f5es Avan\u00e7adas para Constru\u00e7\u00e3o de T\u00faneis Seguros"},"content":{"rendered":"<div class=\"wp-block-mac-slider-hero-block hero-slider\"><div id=\"hero22\" class=\"carousel slide\" data-bs-ride=\"true\"><ol class=\"carousel-indicators box-container\"><li data-bs-target=\"#hero22\" data-bs-slide-to=\"0\" class=\"active\"><\/li><\/ol><div class=\"carousel-inner\"><div class=\"carousel-item active\"><div class=\"hero\"><div class=\"gts__picture\"><img decoding=\"async\" src=\"https:\/\/www.maccaferri.com\/wp-content\/uploads\/2023\/10\/galleria_1_1.1.1_modificata-1-1-1.png\" style=\"display:none\" \/><div class=\"gts__picture__image\" style=\"background-image:url(https:\/\/www.maccaferri.com\/wp-content\/uploads\/2023\/10\/galleria_1_1.1.1_modificata-1-1-1.png)\"><\/div><\/div><div class=\"container box-container\"><div class=\"row\"><div class=\"col-12 col-lg-6 col-xl-6 col-xxl-6\"><p><span class=\"hero-index\" style=\"display:none\">0<\/span><\/p><h2 class=\"hero-text-container\"><span class=\"hero-text\"><br><br><strong>ESCAVA\u00c7\u00d5ES SUBTERR\u00c2NEAS<\/strong><\/span><\/h2><a class=\"hero-buttonurl\" href=\"#downloadarea\"><span class=\"hero-buttontext\">T\u00daNEIS &#8211; \u00c1REA DE DOWNLOAD <\/span><\/a><\/div><\/div><\/div><\/div><\/div><\/div><button class=\"carousel-control-prev\" type=\"button\" data-bs-slide=\"prev\"><span class=\"carousel-control-prev-icon\" aria-hidden=\"true\"><\/span><span class=\"visually-hidden\">Previous<\/span><\/button><button class=\"carousel-control-next\" type=\"button\" data-bs-slide=\"next\"><span class=\"carousel-control-next-icon\" aria-hidden=\"true\"><\/span><span class=\"visually-hidden\">Next<\/span><\/button><\/div><\/div><div style=\"height:100px\" aria-hidden=\"true\" class=\"wp-block-spacer\"><\/div><div class=\"wp-block-mac-container-block box-container\"><div class=\"wp-block-columns is-layout-flex wp-container-core-columns-is-layout-9d6595d7 wp-block-columns-is-layout-flex\"><div class=\"wp-block-column is-layout-flow wp-block-column-is-layout-flow\"><p class=\"has-text-color\" style=\"color:#034e51;font-size:30px\"><strong>A SEGURAN\u00c7A M\u00c1XIMA ATRAV\u00c9S DA INOVA\u00c7\u00c3O<\/strong><\/p>\n\n<div style=\"height:30px\" aria-hidden=\"true\" class=\"wp-block-spacer\"><\/div>\n\n<p class=\"has-medium-font-size\">As escolhas t\u00e9cnicas feitas durante a constru\u00e7\u00e3o de obras subterr\u00e2neas t\u00eam um impacto significativo na <strong>seguran\u00e7a<\/strong>, <strong>qualidade<\/strong>, <strong>cronograma <\/strong>e <strong>custos <\/strong>totais do projeto. Investir na pesquisa de solu\u00e7\u00f5es inovadoras permite lidar eficazmente com os desafios potenciais que possam surgir durante a execu\u00e7\u00e3o do projeto.<\/p>\n\n<p class=\"has-medium-font-size\"><\/p><\/div><\/div><\/div><div style=\"height:50px\" aria-hidden=\"true\" class=\"wp-block-spacer\"><\/div><figure class=\"wp-block-image size-full\"><img fetchpriority=\"high\" decoding=\"async\" width=\"2560\" height=\"1011\" src=\"https:\/\/www.maccaferri.com\/br\/wp-content\/uploads\/2024\/04\/PORTOGUESE-1-scaled.jpg\" alt=\"\" class=\"wp-image-75285\" srcset=\"https:\/\/www.maccaferri.com\/br\/wp-content\/uploads\/2024\/04\/PORTOGUESE-1-scaled.jpg 2560w, https:\/\/www.maccaferri.com\/br\/wp-content\/uploads\/2024\/04\/PORTOGUESE-1-300x118.jpg 300w, https:\/\/www.maccaferri.com\/br\/wp-content\/uploads\/2024\/04\/PORTOGUESE-1-1024x404.jpg 1024w, https:\/\/www.maccaferri.com\/br\/wp-content\/uploads\/2024\/04\/PORTOGUESE-1-768x303.jpg 768w, https:\/\/www.maccaferri.com\/br\/wp-content\/uploads\/2024\/04\/PORTOGUESE-1-1536x606.jpg 1536w, https:\/\/www.maccaferri.com\/br\/wp-content\/uploads\/2024\/04\/PORTOGUESE-1-2048x808.jpg 2048w, https:\/\/www.maccaferri.com\/br\/wp-content\/uploads\/2024\/04\/PORTOGUESE-1-120x47.jpg 120w\" sizes=\"(max-width: 2560px) 100vw, 2560px\" \/><\/figure><div style=\"height:100px\" aria-hidden=\"true\" class=\"wp-block-spacer\"><\/div><div class=\"wp-block-mac-container-block box-container\"><div class=\"wp-block-columns is-layout-flex wp-container-core-columns-is-layout-9d6595d7 wp-block-columns-is-layout-flex\"><div class=\"wp-block-column is-layout-flow wp-block-column-is-layout-flow\"><p class=\"has-medium-font-size\">Esta dedica\u00e7\u00e3o deu origem a um portf\u00f3lio abrangente e inovador.<\/p><\/div><\/div><\/div><div style=\"height:100px\" aria-hidden=\"true\" class=\"wp-block-spacer\"><\/div><div class=\"wp-block-mac-container-block box-container\"><div class=\"wp-block-columns is-layout-flex wp-container-core-columns-is-layout-9d6595d7 wp-block-columns-is-layout-flex\"><div class=\"wp-block-column is-layout-flow wp-block-column-is-layout-flow\"><p>\u200b<\/p>\n\n<p>\u200b<\/p>\n\n<p class=\"has-text-color\" style=\"color:#034e51;font-size:30px\"><strong>NOSSAS SOLU\u00c7\u00d5ES: O PORTF\u00d3LIO DA MACCAFERRI<\/strong><\/p><\/div><\/div><\/div><div style=\"height:100px\" aria-hidden=\"true\" class=\"wp-block-spacer\"><\/div><figure class=\"wp-block-image size-large\"><img decoding=\"async\" width=\"1024\" height=\"516\" src=\"https:\/\/www.maccaferri.com\/br\/wp-content\/uploads\/2024\/04\/PORTOGHESE-BR-1024x516.jpg\" alt=\"\" class=\"wp-image-75294\" srcset=\"https:\/\/www.maccaferri.com\/br\/wp-content\/uploads\/2024\/04\/PORTOGHESE-BR-1024x516.jpg 1024w, https:\/\/www.maccaferri.com\/br\/wp-content\/uploads\/2024\/04\/PORTOGHESE-BR-300x151.jpg 300w, https:\/\/www.maccaferri.com\/br\/wp-content\/uploads\/2024\/04\/PORTOGHESE-BR-768x387.jpg 768w, https:\/\/www.maccaferri.com\/br\/wp-content\/uploads\/2024\/04\/PORTOGHESE-BR-1536x774.jpg 1536w, https:\/\/www.maccaferri.com\/br\/wp-content\/uploads\/2024\/04\/PORTOGHESE-BR-120x60.jpg 120w, https:\/\/www.maccaferri.com\/br\/wp-content\/uploads\/2024\/04\/PORTOGHESE-BR.jpg 1741w\" sizes=\"(max-width: 1024px) 100vw, 1024px\" \/><\/figure><div style=\"height:100px\" aria-hidden=\"true\" class=\"wp-block-spacer\"><\/div><div class=\"container-fluid carousel-image-gallery\">\n        <div class=\"row\">\n            <div id=\"carouselImageblock_3e432255eab53f3105c2b0dcc41780b5\" class=\"carousel slide carouselImageGallery\" data-bs-ride=\"carousel\">\n                <!-- \/\/ Indicators -->\n                <ol class=\"carousel-indicators\">\n                                            <li data-bs-target=\"#carouselImageblock_3e432255eab53f3105c2b0dcc41780b5\" data-bs-slide-to=\"0\" class=\"active\" aria-current=\"true\" aria-label=\"Slide\"><\/li>\n                                            <li data-bs-target=\"#carouselImageblock_3e432255eab53f3105c2b0dcc41780b5\" data-bs-slide-to=\"1\" class=\"\" aria-current=\"true\" aria-label=\"Slide\"><\/li>\n                                            <li data-bs-target=\"#carouselImageblock_3e432255eab53f3105c2b0dcc41780b5\" data-bs-slide-to=\"2\" class=\"\" aria-current=\"true\" aria-label=\"Slide\"><\/li>\n                                            <li data-bs-target=\"#carouselImageblock_3e432255eab53f3105c2b0dcc41780b5\" data-bs-slide-to=\"3\" class=\"\" aria-current=\"true\" aria-label=\"Slide\"><\/li>\n                                            <li data-bs-target=\"#carouselImageblock_3e432255eab53f3105c2b0dcc41780b5\" data-bs-slide-to=\"4\" class=\"\" aria-current=\"true\" aria-label=\"Slide\"><\/li>\n                                            <li data-bs-target=\"#carouselImageblock_3e432255eab53f3105c2b0dcc41780b5\" data-bs-slide-to=\"5\" class=\"\" aria-current=\"true\" aria-label=\"Slide\"><\/li>\n                                    <\/ol>\n\n                <div class=\"carousel-inner container\" role=\"listbox\">\n                                            <div class=\"carousel-item active\">\n                        <div class=\"col-12 col-lg-4 col-xl-4 col-xxl-4 space-mobile\">\n                            <div class=\"grid-item-wrapper\">\n                                <div class=\"img-responsive-wrapper\">\n                                    <div class=\"img-responsive\">\n                                        <div class=\"img-wrapper\"><img decoding=\"async\" src=\"https:\/\/www.maccaferri.com\/br\/wp-content\/uploads\/2024\/04\/PORTOGHESE-BR-1.jpg\" alt=\"\" \/><\/div>\n                                    <\/div>\n                                <\/div>\n                                <div class=\"griditem-text-wrapper text-center\">\n                                    <p class=\"griditem-text text-center\"><\/p>\n                   \n                                <\/div>\n                            <\/div>\n                        <\/div>\n                        <\/div>\n                                            <div class=\"carousel-item \">\n                        <div class=\"col-12 col-lg-4 col-xl-4 col-xxl-4 space-mobile\">\n                            <div class=\"grid-item-wrapper\">\n                                <div class=\"img-responsive-wrapper\">\n                                    <div class=\"img-responsive\">\n                                        <div class=\"img-wrapper\"><img decoding=\"async\" src=\"https:\/\/www.maccaferri.com\/br\/wp-content\/uploads\/2024\/04\/PORTOGHESE-BR-2.jpg\" alt=\"\" \/><\/div>\n                                    <\/div>\n                                <\/div>\n                                <div class=\"griditem-text-wrapper text-center\">\n                                    <p class=\"griditem-text text-center\"><\/p>\n                   \n                                <\/div>\n                            <\/div>\n                        <\/div>\n                        <\/div>\n                                            <div class=\"carousel-item \">\n                        <div class=\"col-12 col-lg-4 col-xl-4 col-xxl-4 space-mobile\">\n                            <div class=\"grid-item-wrapper\">\n                                <div class=\"img-responsive-wrapper\">\n                                    <div class=\"img-responsive\">\n                                        <div class=\"img-wrapper\"><img decoding=\"async\" src=\"https:\/\/www.maccaferri.com\/br\/wp-content\/uploads\/2024\/04\/PORTOGHESE-BR-3.jpg\" alt=\"\" \/><\/div>\n                                    <\/div>\n                                <\/div>\n                                <div class=\"griditem-text-wrapper text-center\">\n                                    <p class=\"griditem-text text-center\"><\/p>\n                   \n                                <\/div>\n                            <\/div>\n                        <\/div>\n                        <\/div>\n                                            <div class=\"carousel-item \">\n                        <div class=\"col-12 col-lg-4 col-xl-4 col-xxl-4 space-mobile\">\n                            <div class=\"grid-item-wrapper\">\n                                <div class=\"img-responsive-wrapper\">\n                                    <div class=\"img-responsive\">\n                                        <div class=\"img-wrapper\"><img decoding=\"async\" src=\"https:\/\/www.maccaferri.com\/br\/wp-content\/uploads\/2024\/04\/PORTOGHESE-BR-4.jpg\" alt=\"\" \/><\/div>\n                                    <\/div>\n                                <\/div>\n                                <div class=\"griditem-text-wrapper text-center\">\n                                    <p class=\"griditem-text text-center\"><\/p>\n                   \n                                <\/div>\n                            <\/div>\n                        <\/div>\n                        <\/div>\n                                            <div class=\"carousel-item \">\n                        <div class=\"col-12 col-lg-4 col-xl-4 col-xxl-4 space-mobile\">\n                            <div class=\"grid-item-wrapper\">\n                                <div class=\"img-responsive-wrapper\">\n                                    <div class=\"img-responsive\">\n                                        <div class=\"img-wrapper\"><img decoding=\"async\" src=\"https:\/\/www.maccaferri.com\/br\/wp-content\/uploads\/2024\/04\/PORTOGHESE-BR-5.jpg\" alt=\"\" \/><\/div>\n                                    <\/div>\n                                <\/div>\n                                <div class=\"griditem-text-wrapper text-center\">\n                                    <p class=\"griditem-text text-center\"><\/p>\n                   \n                                <\/div>\n                            <\/div>\n                        <\/div>\n                        <\/div>\n                                            <div class=\"carousel-item \">\n                        <div class=\"col-12 col-lg-4 col-xl-4 col-xxl-4 space-mobile\">\n                            <div class=\"grid-item-wrapper\">\n                                <div class=\"img-responsive-wrapper\">\n                                    <div class=\"img-responsive\">\n                                        <div class=\"img-wrapper\"><img decoding=\"async\" src=\"https:\/\/www.maccaferri.com\/br\/wp-content\/uploads\/2024\/04\/PORTOGHESE-BR-6.jpg\" alt=\"\" \/><\/div>\n                                    <\/div>\n                                <\/div>\n                                <div class=\"griditem-text-wrapper text-center\">\n                                    <p class=\"griditem-text text-center\"><\/p>\n                   \n                                <\/div>\n                            <\/div>\n                        <\/div>\n                        <\/div>\n                                    <\/div>\n            <\/div>\n\n        <\/div>\n    <\/div><div style=\"height:100px\" aria-hidden=\"true\" class=\"wp-block-spacer\"><\/div><div style=\"height:100px\" aria-hidden=\"true\" class=\"wp-block-spacer\"><\/div><div class=\"wp-block-mac-container-block box-container\"><div class=\"wp-block-columns is-layout-flex wp-container-core-columns-is-layout-9d6595d7 wp-block-columns-is-layout-flex\"><div class=\"wp-block-column is-layout-flow wp-block-column-is-layout-flow\"><p class=\"has-medium-font-size\">Quais s\u00e3o os benef\u00edcios dessas solu\u00e7\u00f5es inovadoras?<\/p><\/div><\/div><\/div><div style=\"height:100px\" aria-hidden=\"true\" class=\"wp-block-spacer\"><\/div><figure class=\"wp-block-image size-large\"><img decoding=\"async\" width=\"1024\" height=\"404\" src=\"https:\/\/www.maccaferri.com\/br\/wp-content\/uploads\/2024\/04\/PORT-BR-1024x404.jpg\" alt=\"\" class=\"wp-image-75289\" srcset=\"https:\/\/www.maccaferri.com\/br\/wp-content\/uploads\/2024\/04\/PORT-BR-1024x404.jpg 1024w, https:\/\/www.maccaferri.com\/br\/wp-content\/uploads\/2024\/04\/PORT-BR-300x118.jpg 300w, https:\/\/www.maccaferri.com\/br\/wp-content\/uploads\/2024\/04\/PORT-BR-768x303.jpg 768w, https:\/\/www.maccaferri.com\/br\/wp-content\/uploads\/2024\/04\/PORT-BR-1536x606.jpg 1536w, https:\/\/www.maccaferri.com\/br\/wp-content\/uploads\/2024\/04\/PORT-BR-2048x808.jpg 2048w, https:\/\/www.maccaferri.com\/br\/wp-content\/uploads\/2024\/04\/PORT-BR-120x47.jpg 120w\" sizes=\"(max-width: 1024px) 100vw, 1024px\" \/><\/figure><div style=\"height:100px\" aria-hidden=\"true\" class=\"wp-block-spacer\"><\/div><div class=\"wp-block-mac-container-block box-container\"><div class=\"wp-block-columns is-layout-flex wp-container-core-columns-is-layout-9d6595d7 wp-block-columns-is-layout-flex\"><div class=\"wp-block-column is-layout-flow wp-block-column-is-layout-flow\"><p class=\"has-text-color\" style=\"color:#034e51;font-size:30px\"><strong>DESCUBRA COMO NOSSOS PERFIS DE T\u00daNEL AUTOMATIZADOS S\u00c3O INSTALADOS!<\/strong><\/p><\/div><\/div><\/div><div style=\"height:100px\" aria-hidden=\"true\" class=\"wp-block-spacer\"><\/div><div class=\"wp-block-mac-container-block box-container\"><div class=\"wp-block-columns is-layout-flex wp-container-core-columns-is-layout-9d6595d7 wp-block-columns-is-layout-flex\"><div class=\"wp-block-column is-layout-flow wp-block-column-is-layout-flow\"><figure class=\"wp-block-video\"><video controls controlslist=\"nodownload\" src=\"https:\/\/www.maccaferri.com\/it\/wp-content\/uploads\/2023\/12\/Maccaferri-centina-HEB-1.mp4\"><\/video><\/figure><\/div><\/div><\/div><div style=\"height:100px\" aria-hidden=\"true\" class=\"wp-block-spacer\"><\/div><div class=\"wp-block-mac-container-block box-container\"><div class=\"wp-block-columns is-layout-flex wp-container-core-columns-is-layout-9d6595d7 wp-block-columns-is-layout-flex\"><div class=\"wp-block-column is-layout-flow wp-block-column-is-layout-flow\"><p>Quer saber mais? Aqui voc\u00ea encontrar\u00e1 todos os nossos materiais \u00e0 sua disposi\u00e7\u00e3o!<\/p><\/div><\/div>\n\n<div class=\"wp-block-mac-h2-title-block block-txt-container box-container\"><div class=\"row\"><div class=\"col title-box-txt\"><h2 style=\"color:#212429;text-align:none\">DOWNLOAD AREA<\/h2><\/div><\/div><\/div>\n\n<p id=\"downloadarea\">Preencha o formul\u00e1rio abaixo para acessar nosso material exclusivo sobre nossas solu\u00e7\u00f5es para t\u00faneis<\/p>\n\n<\/div><div class=\"wp-block-columns is-layout-flex wp-container-core-columns-is-layout-9d6595d7 wp-block-columns-is-layout-flex\"><div class=\"wp-block-column has-background is-layout-flow wp-block-column-is-layout-flow\" style=\"background-color:#004857\"><div class=\"wp-block-columns is-layout-flex wp-container-core-columns-is-layout-9d6595d7 wp-block-columns-is-layout-flex\"><div class=\"wp-block-column has-background is-layout-flow wp-block-column-is-layout-flow\" style=\"background-color:#004857\"><div class=\"wp-block-mac-title-cta-two-block container box-container\" style=\"background:#004857\"><div class=\"row\"><div class=\"col-12 col-lg-5 col-xl-5 col-xxl-5 title-box-txt\"><H2 class=\"wp-block-mac-title-cta-two-block\" style=\"color:#A7C8CB\">Meet our Experts<\/H2><\/div><div class=\"col-12 offset-lg-1 offset-xl-1 offset-xxl-1 col-lg-6 col-xl-6 col-xxl-6 title-box-txt\"><div style=\"text-align:right\"><p class=\"wp-block-mac-title-cta-two-block\" style=\"color:#FFFFFF\">We represent a winning partner for the complex world of civil and industrial constructions. Thanks to a wide range, our products are the answer to the various technical demands of multiple sectors. Have questions or need assistance?<\/p><\/div><div style=\"text-align:right\"><a href=\"https:\/\/www.maccaferri.com\/contact-us\/\" target=\"_blank\" class=\"buttonurl\" rel=\"noopener\"><span class=\"buttontext\">Contact  Us<\/span><\/a><\/div><\/div><\/div><\/div><\/div><\/div><\/div><\/div><div style=\"height:100px\" aria-hidden=\"true\" class=\"wp-block-spacer\"><\/div>","protected":false},"excerpt":{"rendered":"","protected":false},"author":26632,"featured_media":0,"parent":0,"menu_order":0,"comment_status":"closed","ping_status":"closed","template":"","meta":{"_acf_changed":false,"_joinchat":[],"footnotes":""},"class_list":["post-75279","page","type-page","status-publish","hentry"],"acf":{"uuid_products":"","product-documents":""},"yoast_head":"<!-- This site is optimized with the Yoast SEO Premium plugin v27.0 (Yoast SEO v27.0) - https:\/\/yoast.com\/product\/yoast-seo-premium-wordpress\/ -->\n<title>Refor\u00e7o e conten\u00e7\u00e3o para t\u00faneis tecnol\u00f3gicos da Maccaferri<\/title>\n<meta name=\"description\" content=\"Solu\u00e7\u00f5es em t\u00faneis: conten\u00e7\u00e3o, refor\u00e7o e drenagem com estruturas met\u00e1licas e geossint\u00e9ticos. Fale com um especialista da Maccaferri e saiba mais!\" \/>\n<meta name=\"robots\" content=\"index, follow, max-snippet:-1, max-image-preview:large, max-video-preview:-1\" \/>\n<link rel=\"canonical\" href=\"https:\/\/www.maccaferri.com\/br\/tunnelling\/\" \/>\n<meta property=\"og:locale\" content=\"pt_BR\" \/>\n<meta property=\"og:type\" content=\"article\" \/>\n<meta property=\"og:title\" content=\"Tunnelling: Solu\u00e7\u00f5es Avan\u00e7adas para Constru\u00e7\u00e3o de T\u00faneis Seguros\" \/>\n<meta property=\"og:description\" content=\"Solu\u00e7\u00f5es em t\u00faneis: conten\u00e7\u00e3o, refor\u00e7o e drenagem com estruturas met\u00e1licas e geossint\u00e9ticos. Fale com um especialista da Maccaferri e saiba mais!\" \/>\n<meta property=\"og:url\" content=\"https:\/\/www.maccaferri.com\/br\/tunnelling\/\" \/>\n<meta property=\"og:site_name\" content=\"Maccaferri Brasil\" \/>\n<meta property=\"article:modified_time\" content=\"2025-06-06T13:20:30+00:00\" \/>\n<meta property=\"og:image\" content=\"https:\/\/www.maccaferri.com\/wp-content\/uploads\/2023\/10\/galleria_1_1.1.1_modificata-1-1-1.png\" \/>\n<meta name=\"twitter:card\" content=\"summary_large_image\" \/>\n<meta name=\"twitter:label1\" content=\"Est. reading time\" \/>\n\t<meta name=\"twitter:data1\" content=\"4 minutes\" \/>\n<!-- \/ Yoast SEO Premium plugin. -->","yoast_head_json":{"title":"Refor\u00e7o e conten\u00e7\u00e3o para t\u00faneis tecnol\u00f3gicos da Maccaferri","description":"Solu\u00e7\u00f5es em t\u00faneis: conten\u00e7\u00e3o, refor\u00e7o e drenagem com estruturas met\u00e1licas e geossint\u00e9ticos. Fale com um especialista da Maccaferri e saiba mais!","robots":{"index":"index","follow":"follow","max-snippet":"max-snippet:-1","max-image-preview":"max-image-preview:large","max-video-preview":"max-video-preview:-1"},"canonical":"https:\/\/www.maccaferri.com\/br\/tunnelling\/","og_locale":"pt_BR","og_type":"article","og_title":"Tunnelling: Solu\u00e7\u00f5es Avan\u00e7adas para Constru\u00e7\u00e3o de T\u00faneis Seguros","og_description":"Solu\u00e7\u00f5es em t\u00faneis: conten\u00e7\u00e3o, refor\u00e7o e drenagem com estruturas met\u00e1licas e geossint\u00e9ticos. Fale com um especialista da Maccaferri e saiba mais!","og_url":"https:\/\/www.maccaferri.com\/br\/tunnelling\/","og_site_name":"Maccaferri Brasil","article_modified_time":"2025-06-06T13:20:30+00:00","og_image":[{"url":"https:\/\/www.maccaferri.com\/wp-content\/uploads\/2023\/10\/galleria_1_1.1.1_modificata-1-1-1.png","type":"","width":"","height":""}],"twitter_card":"summary_large_image","twitter_misc":{"Est. reading time":"4 minutes"},"schema":{"@context":"https:\/\/schema.org","@graph":[{"@type":"WebPage","@id":"https:\/\/www.maccaferri.com\/br\/tunnelling\/","url":"https:\/\/www.maccaferri.com\/br\/tunnelling\/","name":"Refor\u00e7o e conten\u00e7\u00e3o para t\u00faneis tecnol\u00f3gicos da Maccaferri","isPartOf":{"@id":"https:\/\/www.maccaferri.com\/br\/#website"},"primaryImageOfPage":{"@id":"https:\/\/www.maccaferri.com\/br\/tunnelling\/#primaryimage"},"image":{"@id":"https:\/\/www.maccaferri.com\/br\/tunnelling\/#primaryimage"},"thumbnailUrl":"https:\/\/www.maccaferri.com\/wp-content\/uploads\/2023\/10\/galleria_1_1.1.1_modificata-1-1-1.png","datePublished":"2024-04-12T11:56:57+00:00","dateModified":"2025-06-06T13:20:30+00:00","description":"Solu\u00e7\u00f5es em t\u00faneis: conten\u00e7\u00e3o, refor\u00e7o e drenagem com estruturas met\u00e1licas e geossint\u00e9ticos. Fale com um especialista da Maccaferri e saiba mais!","breadcrumb":{"@id":"https:\/\/www.maccaferri.com\/br\/tunnelling\/#breadcrumb"},"inLanguage":"pt-BR","potentialAction":[{"@type":"ReadAction","target":["https:\/\/www.maccaferri.com\/br\/tunnelling\/"]}]},{"@type":"ImageObject","inLanguage":"pt-BR","@id":"https:\/\/www.maccaferri.com\/br\/tunnelling\/#primaryimage","url":"https:\/\/www.maccaferri.com\/wp-content\/uploads\/2023\/10\/galleria_1_1.1.1_modificata-1-1-1.png","contentUrl":"https:\/\/www.maccaferri.com\/wp-content\/uploads\/2023\/10\/galleria_1_1.1.1_modificata-1-1-1.png"},{"@type":"BreadcrumbList","@id":"https:\/\/www.maccaferri.com\/br\/tunnelling\/#breadcrumb","itemListElement":[{"@type":"ListItem","position":1,"name":"Home","item":"https:\/\/www.maccaferri.com\/br\/"},{"@type":"ListItem","position":2,"name":"Tunnelling: Solu\u00e7\u00f5es Avan\u00e7adas para Constru\u00e7\u00e3o de T\u00faneis Seguros"}]},{"@type":"WebSite","@id":"https:\/\/www.maccaferri.com\/br\/#website","url":"https:\/\/www.maccaferri.com\/br\/","name":"Maccaferri Brasil","description":"","publisher":{"@id":"https:\/\/www.maccaferri.com\/br\/#organization"},"potentialAction":[{"@type":"SearchAction","target":{"@type":"EntryPoint","urlTemplate":"https:\/\/www.maccaferri.com\/br\/?s={search_term_string}"},"query-input":{"@type":"PropertyValueSpecification","valueRequired":true,"valueName":"search_term_string"}}],"inLanguage":"pt-BR"},{"@type":"Organization","@id":"https:\/\/www.maccaferri.com\/br\/#organization","name":"Maccaferri do Brasil","alternateName":"Maccaferri","url":"https:\/\/www.maccaferri.com\/br\/","logo":{"@type":"ImageObject","inLanguage":"pt-BR","@id":"https:\/\/www.maccaferri.com\/br\/#\/schema\/logo\/image\/","url":"https:\/\/www.maccaferri.com\/br\/wp-content\/uploads\/2022\/07\/logo-maccaferri.png","contentUrl":"https:\/\/www.maccaferri.com\/br\/wp-content\/uploads\/2022\/07\/logo-maccaferri.png","width":152,"height":32,"caption":"Maccaferri do Brasil"},"image":{"@id":"https:\/\/www.maccaferri.com\/br\/#\/schema\/logo\/image\/"}}]}},"_links":{"self":[{"href":"https:\/\/www.maccaferri.com\/br\/wp-json\/wp\/v2\/pages\/75279","targetHints":{"allow":["GET"]}}],"collection":[{"href":"https:\/\/www.maccaferri.com\/br\/wp-json\/wp\/v2\/pages"}],"about":[{"href":"https:\/\/www.maccaferri.com\/br\/wp-json\/wp\/v2\/types\/page"}],"author":[{"embeddable":true,"href":"https:\/\/www.maccaferri.com\/br\/wp-json\/wp\/v2\/users\/26632"}],"replies":[{"embeddable":true,"href":"https:\/\/www.maccaferri.com\/br\/wp-json\/wp\/v2\/comments?post=75279"}],"version-history":[{"count":3,"href":"https:\/\/www.maccaferri.com\/br\/wp-json\/wp\/v2\/pages\/75279\/revisions"}],"predecessor-version":[{"id":96795,"href":"https:\/\/www.maccaferri.com\/br\/wp-json\/wp\/v2\/pages\/75279\/revisions\/96795"}],"wp:attachment":[{"href":"https:\/\/www.maccaferri.com\/br\/wp-json\/wp\/v2\/media?parent=75279"}],"curies":[{"name":"wp","href":"https:\/\/api.w.org\/{rel}","templated":true}]}}