{"id":55692,"date":"2023-09-06T15:25:27","date_gmt":"2023-09-06T13:25:27","guid":{"rendered":"https:\/\/www.maccaferri.com\/br\/?page_id=55692"},"modified":"2025-06-02T13:57:13","modified_gmt":"2025-06-02T11:57:13","slug":"projetando-obras-de-protecao-de-margens-de-rios-macra-design-vs-hec-ras","status":"publish","type":"page","link":"https:\/\/www.maccaferri.com\/br\/projetando-obras-de-protecao-de-margens-de-rios-macra-design-vs-hec-ras\/","title":{"rendered":""},"content":{"rendered":"<div class=\"wp-block-mac-h1-title-hero-block container-fluid block-txt-container\" style=\"background:linear-gradient(180deg,rgb(1,94,111) 0%,rgb(0,72,87) 100%)\"><div class=\"row\"><div class=\"col\"><div class=\"gts__picture\"><img decoding=\"async\" src=\"https:\/\/www.maccaferri.com\/br\/wp-content\/uploads\/2023\/08\/Designing-riverbank-protection-systems-MacRa-Design-vs-HEC-RAS-1-9.png\" style=\"display:none\"\/><div class=\"gts__picture__image\" style=\"background-image:url(https:\/\/www.maccaferri.com\/br\/wp-content\/uploads\/2023\/08\/Designing-riverbank-protection-systems-MacRa-Design-vs-HEC-RAS-1-9.png)\"><\/div><\/div><div class=\"container box-container\"><div class=\"row\"><div class=\"col title-box-txt\"><h1 class=\"wp-block-mac-h1-title-hero-block\" style=\"color:#ffffff;text-align:none\">WEBINAR<\/h1><\/div><\/div><\/div><\/div><\/div><\/div><div class=\"wp-block-mac-h2-title-block block-txt-container box-container\"><div class=\"row\"><div class=\"col title-box-txt\"><h2 style=\"color:#212429;text-align:none\">Projetando obras de prote\u00e7\u00e3o de margens de rios: MacRa Design vs Hec-Ras\u201d<\/h2><\/div><\/div><\/div><div class=\"wp-block-mac-container-block box-container\"><div class=\"wp-block-columns is-layout-flex wp-container-core-columns-is-layout-9d6595d7 wp-block-columns-is-layout-flex\"><div class=\"wp-block-column is-layout-flow wp-block-column-is-layout-flow\"><figure class=\"wp-block-embed is-type-video is-provider-vimeo wp-block-embed-vimeo wp-embed-aspect-16-9 wp-has-aspect-ratio\"><div class=\"wp-block-embed__wrapper\">\nhttps:\/\/vimeo.com\/861631969\n<\/div><\/figure><\/div><\/div><\/div><div class=\"content-document-dowload\">\n    <div class=\"container-fluid box-container\">\n        <div class=\"row\">\n            <div class=\"col-12\">\n            <h2>Baixe os documentos<\/h2>\n            <\/div>\n        <\/div>\n    <\/div>\n    <div class=\"content-fluid has-white-background-color has-background\"><div class=\"content-document-dowload box-container\"><ul><li><a href=\"https:\/\/www.maccaferri.com\/br\/download\/slides_webinar_macra-vs-hec-ras-esp\/\" target=\"_blank\" title=\"Slides do webinar MACRA vs HEC-RAS da Maccaferri\">Slides do webinar MACRA vs HEC-RAS da Maccaferri<\/a><a href=\"#\" target=\"_blank\" class=\"btn-dowload btn-file-download\" data-id-file=\"55696\" data-cat-file=\"default\" data-bs-toggle=\"tooltip\" data-bs-placement=\"top\" title=\"Slides do webinar MACRA vs HEC-RAS da Maccaferri\"><span class=\"material-symbols-outlined download\">sim_card_download<\/span><\/a><\/li><\/ul><\/div><\/div><\/div>\n\n<script type=\"text\/javascript\">\n    jQuery('.btn-file-download').click(function(e) {\n        e.preventDefault();\n        let idFile = jQuery(this).data('id-file');\n        window.open('https:\/\/www.maccaferri.com\/br\/?wpdmdl=' + idFile);\n        return false;\n    });\n    \/\/tooltip\n    var tooltipTriggerList = [].slice.call(document.querySelectorAll('[data-bs-toggle=\"tooltip\"]'))\n    var tooltipList = tooltipTriggerList.map(function(tooltipTriggerEl) {\n        return new bootstrap.Tooltip(tooltipTriggerEl)\n    })\n<\/script>","protected":false},"excerpt":{"rendered":"","protected":false},"author":20,"featured_media":0,"parent":0,"menu_order":0,"comment_status":"closed","ping_status":"closed","template":"","meta":{"_acf_changed":false,"_joinchat":[],"footnotes":""},"class_list":["post-55692","page","type-page","status-publish","hentry"],"acf":{"uuid_products":"","product-documents":[55696]},"yoast_head":"<!-- This site is optimized with the Yoast SEO Premium plugin v27.0 (Yoast SEO v27.0) - https:\/\/yoast.com\/product\/yoast-seo-premium-wordpress\/ -->\n<title>Macra Design vs HEC-RAS: webinar sobre prote\u00e7\u00e3o de margens<\/title>\n<meta name=\"description\" content=\"Webinar Maccaferri apresenta solu\u00e7\u00f5es com Macra Design e HEC-RAS para proteger margens de rios com efici\u00eancia e inova\u00e7\u00e3o. Assista agora!\" \/>\n<meta name=\"robots\" content=\"index, follow, max-snippet:-1, max-image-preview:large, max-video-preview:-1\" \/>\n<link rel=\"canonical\" href=\"https:\/\/www.maccaferri.com\/br\/projetando-obras-de-protecao-de-margens-de-rios-macra-design-vs-hec-ras\/\" \/>\n<meta property=\"og:locale\" content=\"pt_BR\" \/>\n<meta property=\"og:type\" content=\"article\" \/>\n<meta property=\"og:description\" content=\"Webinar Maccaferri apresenta solu\u00e7\u00f5es com Macra Design e HEC-RAS para proteger margens de rios com efici\u00eancia e inova\u00e7\u00e3o. Assista agora!\" \/>\n<meta property=\"og:url\" content=\"https:\/\/www.maccaferri.com\/br\/projetando-obras-de-protecao-de-margens-de-rios-macra-design-vs-hec-ras\/\" \/>\n<meta property=\"og:site_name\" content=\"Maccaferri Brasil\" \/>\n<meta property=\"article:modified_time\" content=\"2025-06-02T11:57:13+00:00\" \/>\n<meta property=\"og:image\" content=\"https:\/\/www.maccaferri.com\/br\/wp-content\/uploads\/2023\/08\/Designing-riverbank-protection-systems-MacRa-Design-vs-HEC-RAS-1-9.png\" \/>\n<meta name=\"twitter:card\" content=\"summary_large_image\" \/>\n<meta name=\"twitter:label1\" content=\"Est. reading time\" \/>\n\t<meta name=\"twitter:data1\" content=\"1 minute\" \/>\n<!-- \/ Yoast SEO Premium plugin. -->","yoast_head_json":{"title":"Macra Design vs HEC-RAS: webinar sobre prote\u00e7\u00e3o de margens","description":"Webinar Maccaferri apresenta solu\u00e7\u00f5es com Macra Design e HEC-RAS para proteger margens de rios com efici\u00eancia e inova\u00e7\u00e3o. Assista agora!","robots":{"index":"index","follow":"follow","max-snippet":"max-snippet:-1","max-image-preview":"max-image-preview:large","max-video-preview":"max-video-preview:-1"},"canonical":"https:\/\/www.maccaferri.com\/br\/projetando-obras-de-protecao-de-margens-de-rios-macra-design-vs-hec-ras\/","og_locale":"pt_BR","og_type":"article","og_description":"Webinar Maccaferri apresenta solu\u00e7\u00f5es com Macra Design e HEC-RAS para proteger margens de rios com efici\u00eancia e inova\u00e7\u00e3o. Assista agora!","og_url":"https:\/\/www.maccaferri.com\/br\/projetando-obras-de-protecao-de-margens-de-rios-macra-design-vs-hec-ras\/","og_site_name":"Maccaferri Brasil","article_modified_time":"2025-06-02T11:57:13+00:00","og_image":[{"url":"https:\/\/www.maccaferri.com\/br\/wp-content\/uploads\/2023\/08\/Designing-riverbank-protection-systems-MacRa-Design-vs-HEC-RAS-1-9.png","type":"","width":"","height":""}],"twitter_card":"summary_large_image","twitter_misc":{"Est. reading time":"1 minute"},"schema":{"@context":"https:\/\/schema.org","@graph":[{"@type":"WebPage","@id":"https:\/\/www.maccaferri.com\/br\/projetando-obras-de-protecao-de-margens-de-rios-macra-design-vs-hec-ras\/","url":"https:\/\/www.maccaferri.com\/br\/projetando-obras-de-protecao-de-margens-de-rios-macra-design-vs-hec-ras\/","name":"Macra Design vs HEC-RAS: webinar sobre prote\u00e7\u00e3o de margens","isPartOf":{"@id":"https:\/\/www.maccaferri.com\/br\/#website"},"primaryImageOfPage":{"@id":"https:\/\/www.maccaferri.com\/br\/projetando-obras-de-protecao-de-margens-de-rios-macra-design-vs-hec-ras\/#primaryimage"},"image":{"@id":"https:\/\/www.maccaferri.com\/br\/projetando-obras-de-protecao-de-margens-de-rios-macra-design-vs-hec-ras\/#primaryimage"},"thumbnailUrl":"https:\/\/www.maccaferri.com\/br\/wp-content\/uploads\/2023\/08\/Designing-riverbank-protection-systems-MacRa-Design-vs-HEC-RAS-1-9.png","datePublished":"2023-09-06T13:25:27+00:00","dateModified":"2025-06-02T11:57:13+00:00","description":"Webinar Maccaferri apresenta solu\u00e7\u00f5es com Macra Design e HEC-RAS para proteger margens de rios com efici\u00eancia e inova\u00e7\u00e3o. Assista agora!","inLanguage":"pt-BR","potentialAction":[{"@type":"ReadAction","target":["https:\/\/www.maccaferri.com\/br\/projetando-obras-de-protecao-de-margens-de-rios-macra-design-vs-hec-ras\/"]}]},{"@type":"ImageObject","inLanguage":"pt-BR","@id":"https:\/\/www.maccaferri.com\/br\/projetando-obras-de-protecao-de-margens-de-rios-macra-design-vs-hec-ras\/#primaryimage","url":"https:\/\/www.maccaferri.com\/br\/wp-content\/uploads\/2023\/08\/Designing-riverbank-protection-systems-MacRa-Design-vs-HEC-RAS-1-9.png","contentUrl":"https:\/\/www.maccaferri.com\/br\/wp-content\/uploads\/2023\/08\/Designing-riverbank-protection-systems-MacRa-Design-vs-HEC-RAS-1-9.png","width":1915,"height":530},{"@type":"WebSite","@id":"https:\/\/www.maccaferri.com\/br\/#website","url":"https:\/\/www.maccaferri.com\/br\/","name":"Maccaferri Brasil","description":"","publisher":{"@id":"https:\/\/www.maccaferri.com\/br\/#organization"},"potentialAction":[{"@type":"SearchAction","target":{"@type":"EntryPoint","urlTemplate":"https:\/\/www.maccaferri.com\/br\/?s={search_term_string}"},"query-input":{"@type":"PropertyValueSpecification","valueRequired":true,"valueName":"search_term_string"}}],"inLanguage":"pt-BR"},{"@type":"Organization","@id":"https:\/\/www.maccaferri.com\/br\/#organization","name":"Maccaferri do Brasil","alternateName":"Maccaferri","url":"https:\/\/www.maccaferri.com\/br\/","logo":{"@type":"ImageObject","inLanguage":"pt-BR","@id":"https:\/\/www.maccaferri.com\/br\/#\/schema\/logo\/image\/","url":"https:\/\/www.maccaferri.com\/br\/wp-content\/uploads\/2022\/07\/logo-maccaferri.png","contentUrl":"https:\/\/www.maccaferri.com\/br\/wp-content\/uploads\/2022\/07\/logo-maccaferri.png","width":152,"height":32,"caption":"Maccaferri do Brasil"},"image":{"@id":"https:\/\/www.maccaferri.com\/br\/#\/schema\/logo\/image\/"}}]}},"_links":{"self":[{"href":"https:\/\/www.maccaferri.com\/br\/wp-json\/wp\/v2\/pages\/55692","targetHints":{"allow":["GET"]}}],"collection":[{"href":"https:\/\/www.maccaferri.com\/br\/wp-json\/wp\/v2\/pages"}],"about":[{"href":"https:\/\/www.maccaferri.com\/br\/wp-json\/wp\/v2\/types\/page"}],"author":[{"embeddable":true,"href":"https:\/\/www.maccaferri.com\/br\/wp-json\/wp\/v2\/users\/20"}],"replies":[{"embeddable":true,"href":"https:\/\/www.maccaferri.com\/br\/wp-json\/wp\/v2\/comments?post=55692"}],"version-history":[{"count":4,"href":"https:\/\/www.maccaferri.com\/br\/wp-json\/wp\/v2\/pages\/55692\/revisions"}],"predecessor-version":[{"id":103258,"href":"https:\/\/www.maccaferri.com\/br\/wp-json\/wp\/v2\/pages\/55692\/revisions\/103258"}],"acf:post":[{"embeddable":true,"href":"https:\/\/www.maccaferri.com\/br\/wp-json\/wp\/v2\/wpdmpro\/55696"}],"wp:attachment":[{"href":"https:\/\/www.maccaferri.com\/br\/wp-json\/wp\/v2\/media?parent=55692"}],"curies":[{"name":"wp","href":"https:\/\/api.w.org\/{rel}","templated":true}]}}