{"id":4403,"date":"2022-12-22T16:10:19","date_gmt":"2022-12-22T15:10:19","guid":{"rendered":"https:\/\/www.maccaferri.com\/aml\/?page_id=4403"},"modified":"2025-06-09T22:42:34","modified_gmt":"2025-06-09T20:42:34","slug":"webinar-the-evolution-of-geosynthetics_-from-the-origins-to-the-modern-advanced-solutions","status":"publish","type":"page","link":"https:\/\/www.maccaferri.com\/br\/webinar-the-evolution-of-geosynthetics_-from-the-origins-to-the-modern-advanced-solutions\/","title":{"rendered":""},"content":{"rendered":"<div class=\"wp-block-mac-h1-title-hero-block container-fluid block-txt-container\" style=\"background:linear-gradient(180deg,rgb(1,94,111) 0%,rgb(0,72,87) 100%)\"><div class=\"row\"><div class=\"col\"><div class=\"gts__picture\"><img style=\"display:none\" \/><div class=\"gts__picture__image\" style=\"background-image:url(undefined)\"><\/div><\/div><div class=\"container box-container\"><div class=\"row\"><div class=\"col title-box-txt\"><h1 class=\"wp-block-mac-h1-title-hero-block\" style=\"color:#ffffff;text-align:none\">WEBINAR<\/h1><\/div><\/div><\/div><\/div><\/div><\/div><div class=\"wp-block-mac-h2-title-block block-txt-container box-container\"><div class=\"row\"><div class=\"col title-box-txt\"><h2 style=\"color:#212429;text-align:none\">The Evolution of Geosynthetics &#8211; from the origins to the modern advanced solutions<\/h2><\/div><\/div><\/div><div class=\"wp-block-mac-container-block box-container\"><div class=\"wp-block-columns is-layout-flex wp-container-core-columns-is-layout-9d6595d7 wp-block-columns-is-layout-flex\"><div class=\"wp-block-column is-layout-flow wp-block-column-is-layout-flow\"><figure class=\"wp-block-video\"><video height=\"1080\" style=\"aspect-ratio: 1920 \/ 1080;\" width=\"1920\" controls src=\"https:\/\/www.maccaferri.com\/br\/wp-content\/uploads\/2023\/06\/The-Evolution-of-Geosynthetics_-from-the-origins-to-the-modern-advanced-solutions-Live-1-1-6.mp4\"><\/video><\/figure><\/div><\/div><\/div><div class=\"content-document-dowload\">\n    <div class=\"container-fluid box-container\">\n        <div class=\"row\">\n            <div class=\"col-12\">\n            <h2>Baixar documentos<\/h2>\n            <\/div>\n        <\/div>\n    <\/div>\n    <div class=\"content-fluid has-white-background-color has-background\"><div class=\"content-document-dowload box-container\"><ul><li><a href=\"https:\/\/www.maccaferri.com\/br\/download\/webinar-presentation-the-evolution-of-geosynthetics\/\" target=\"_blank\" title=\"Apresenta\u00e7\u00e3o do webinar: evolu\u00e7\u00e3o dos geossint\u00e9ticos\">Apresenta\u00e7\u00e3o do webinar: evolu\u00e7\u00e3o dos geossint\u00e9ticos<\/a><a href=\"https:\/\/www.maccaferri.com\/br\/dashboard\" class=\"btn-dowload\" data-bs-toggle=\"tooltip\" data-bs-placement=\"top\" title=\"Apresenta\u00e7\u00e3o do webinar: evolu\u00e7\u00e3o dos geossint\u00e9ticos\"><span class=\"material-symbols-outlined download\">sim_card_download<\/span><\/a><\/li><\/ul><\/div><\/div><\/div>\n\n<script type=\"text\/javascript\">\n    jQuery('.btn-file-download').click(function(e) {\n        e.preventDefault();\n        let idFile = jQuery(this).data('id-file');\n        window.open('https:\/\/www.maccaferri.com\/br\/?wpdmdl=' + idFile);\n        return false;\n    });\n    \/\/tooltip\n    var tooltipTriggerList = [].slice.call(document.querySelectorAll('[data-bs-toggle=\"tooltip\"]'))\n    var tooltipList = tooltipTriggerList.map(function(tooltipTriggerEl) {\n        return new bootstrap.Tooltip(tooltipTriggerEl)\n    })\n<\/script>","protected":false},"excerpt":{"rendered":"","protected":false},"author":1,"featured_media":0,"parent":0,"menu_order":0,"comment_status":"closed","ping_status":"closed","template":"","meta":{"_acf_changed":false,"_joinchat":[],"footnotes":""},"class_list":["post-4403","page","type-page","status-publish","hentry"],"acf":{"uuid_products":"","product-documents":[4346]},"yoast_head":"<!-- This site is optimized with the Yoast SEO Premium plugin v27.0 (Yoast SEO v27.0) - https:\/\/yoast.com\/product\/yoast-seo-premium-wordpress\/ -->\n<title>Webinar: a evolu\u00e7\u00e3o e solu\u00e7\u00f5es avan\u00e7adas em geossint\u00e9ticos<\/title>\n<meta name=\"description\" content=\"Confira o material desse webinar Maccaferri e conhe\u00e7a a evolu\u00e7\u00e3o dos geossint\u00e9ticos at\u00e9 as solu\u00e7\u00f5es mais modernas e eficientes para engenharia civil.\" \/>\n<meta name=\"robots\" content=\"index, follow, max-snippet:-1, max-image-preview:large, max-video-preview:-1\" \/>\n<link rel=\"canonical\" href=\"https:\/\/www.maccaferri.com\/br\/webinar-the-evolution-of-geosynthetics_-from-the-origins-to-the-modern-advanced-solutions\/\" \/>\n<meta property=\"og:locale\" content=\"pt_BR\" \/>\n<meta property=\"og:type\" content=\"article\" \/>\n<meta property=\"og:description\" content=\"Confira o material desse webinar Maccaferri e conhe\u00e7a a evolu\u00e7\u00e3o dos geossint\u00e9ticos at\u00e9 as solu\u00e7\u00f5es mais modernas e eficientes para engenharia civil.\" \/>\n<meta property=\"og:url\" content=\"https:\/\/www.maccaferri.com\/br\/webinar-the-evolution-of-geosynthetics_-from-the-origins-to-the-modern-advanced-solutions\/\" \/>\n<meta property=\"og:site_name\" content=\"Maccaferri Brasil\" \/>\n<meta property=\"article:modified_time\" content=\"2025-06-09T20:42:34+00:00\" \/>\n<meta name=\"twitter:card\" content=\"summary_large_image\" \/>\n<meta name=\"twitter:label1\" content=\"Est. reading time\" \/>\n\t<meta name=\"twitter:data1\" content=\"1 minute\" \/>\n<!-- \/ Yoast SEO Premium plugin. -->","yoast_head_json":{"title":"Webinar: a evolu\u00e7\u00e3o e solu\u00e7\u00f5es avan\u00e7adas em geossint\u00e9ticos","description":"Confira o material desse webinar Maccaferri e conhe\u00e7a a evolu\u00e7\u00e3o dos geossint\u00e9ticos at\u00e9 as solu\u00e7\u00f5es mais modernas e eficientes para engenharia civil.","robots":{"index":"index","follow":"follow","max-snippet":"max-snippet:-1","max-image-preview":"max-image-preview:large","max-video-preview":"max-video-preview:-1"},"canonical":"https:\/\/www.maccaferri.com\/br\/webinar-the-evolution-of-geosynthetics_-from-the-origins-to-the-modern-advanced-solutions\/","og_locale":"pt_BR","og_type":"article","og_description":"Confira o material desse webinar Maccaferri e conhe\u00e7a a evolu\u00e7\u00e3o dos geossint\u00e9ticos at\u00e9 as solu\u00e7\u00f5es mais modernas e eficientes para engenharia civil.","og_url":"https:\/\/www.maccaferri.com\/br\/webinar-the-evolution-of-geosynthetics_-from-the-origins-to-the-modern-advanced-solutions\/","og_site_name":"Maccaferri Brasil","article_modified_time":"2025-06-09T20:42:34+00:00","twitter_card":"summary_large_image","twitter_misc":{"Est. reading time":"1 minute"},"schema":{"@context":"https:\/\/schema.org","@graph":[{"@type":"WebPage","@id":"https:\/\/www.maccaferri.com\/br\/webinar-the-evolution-of-geosynthetics_-from-the-origins-to-the-modern-advanced-solutions\/","url":"https:\/\/www.maccaferri.com\/br\/webinar-the-evolution-of-geosynthetics_-from-the-origins-to-the-modern-advanced-solutions\/","name":"Webinar: a evolu\u00e7\u00e3o e solu\u00e7\u00f5es avan\u00e7adas em geossint\u00e9ticos","isPartOf":{"@id":"https:\/\/www.maccaferri.com\/br\/#website"},"datePublished":"2022-12-22T15:10:19+00:00","dateModified":"2025-06-09T20:42:34+00:00","description":"Confira o material desse webinar Maccaferri e conhe\u00e7a a evolu\u00e7\u00e3o dos geossint\u00e9ticos at\u00e9 as solu\u00e7\u00f5es mais modernas e eficientes para engenharia civil.","inLanguage":"pt-BR","potentialAction":[{"@type":"ReadAction","target":["https:\/\/www.maccaferri.com\/br\/webinar-the-evolution-of-geosynthetics_-from-the-origins-to-the-modern-advanced-solutions\/"]}]},{"@type":"WebSite","@id":"https:\/\/www.maccaferri.com\/br\/#website","url":"https:\/\/www.maccaferri.com\/br\/","name":"Maccaferri Brasil","description":"","publisher":{"@id":"https:\/\/www.maccaferri.com\/br\/#organization"},"potentialAction":[{"@type":"SearchAction","target":{"@type":"EntryPoint","urlTemplate":"https:\/\/www.maccaferri.com\/br\/?s={search_term_string}"},"query-input":{"@type":"PropertyValueSpecification","valueRequired":true,"valueName":"search_term_string"}}],"inLanguage":"pt-BR"},{"@type":"Organization","@id":"https:\/\/www.maccaferri.com\/br\/#organization","name":"Maccaferri do Brasil","alternateName":"Maccaferri","url":"https:\/\/www.maccaferri.com\/br\/","logo":{"@type":"ImageObject","inLanguage":"pt-BR","@id":"https:\/\/www.maccaferri.com\/br\/#\/schema\/logo\/image\/","url":"https:\/\/www.maccaferri.com\/br\/wp-content\/uploads\/2022\/07\/logo-maccaferri.png","contentUrl":"https:\/\/www.maccaferri.com\/br\/wp-content\/uploads\/2022\/07\/logo-maccaferri.png","width":152,"height":32,"caption":"Maccaferri do Brasil"},"image":{"@id":"https:\/\/www.maccaferri.com\/br\/#\/schema\/logo\/image\/"}}]}},"_links":{"self":[{"href":"https:\/\/www.maccaferri.com\/br\/wp-json\/wp\/v2\/pages\/4403","targetHints":{"allow":["GET"]}}],"collection":[{"href":"https:\/\/www.maccaferri.com\/br\/wp-json\/wp\/v2\/pages"}],"about":[{"href":"https:\/\/www.maccaferri.com\/br\/wp-json\/wp\/v2\/types\/page"}],"author":[{"embeddable":true,"href":"https:\/\/www.maccaferri.com\/br\/wp-json\/wp\/v2\/users\/1"}],"replies":[{"embeddable":true,"href":"https:\/\/www.maccaferri.com\/br\/wp-json\/wp\/v2\/comments?post=4403"}],"version-history":[{"count":9,"href":"https:\/\/www.maccaferri.com\/br\/wp-json\/wp\/v2\/pages\/4403\/revisions"}],"predecessor-version":[{"id":96580,"href":"https:\/\/www.maccaferri.com\/br\/wp-json\/wp\/v2\/pages\/4403\/revisions\/96580"}],"acf:post":[{"embeddable":true,"href":"https:\/\/www.maccaferri.com\/br\/wp-json\/wp\/v2\/wpdmpro\/4346"}],"wp:attachment":[{"href":"https:\/\/www.maccaferri.com\/br\/wp-json\/wp\/v2\/media?parent=4403"}],"curies":[{"name":"wp","href":"https:\/\/api.w.org\/{rel}","templated":true}]}}