{"id":3503,"date":"2022-12-12T06:48:29","date_gmt":"2022-12-12T05:48:29","guid":{"rendered":"https:\/\/www.maccaferri.com\/aml\/?page_id=3503"},"modified":"2025-07-01T13:16:33","modified_gmt":"2025-07-01T11:16:33","slug":"biblioteca-de-objetos-bim","status":"publish","type":"page","link":"https:\/\/www.maccaferri.com\/br\/biblioteca-de-objetos-bim\/","title":{"rendered":""},"content":{"rendered":"<div class=\"wp-block-mac-h1-title-hero-block container-fluid block-txt-container\" style=\"background:linear-gradient(180deg,rgb(1,94,111) 0%,rgb(0,72,87) 100%)\"><div class=\"row\"><div class=\"col\"><div class=\"gts__picture\"><img decoding=\"async\" src=\"https:\/\/www.maccaferri.com\/aml\/wp-content\/uploads\/sites\/22\/2022\/12\/BIM-Maccaferri-Terramesh.jpg\" style=\"display:none\" \/><div class=\"gts__picture__image\" style=\"background-image:url(https:\/\/www.maccaferri.com\/aml\/wp-content\/uploads\/sites\/22\/2022\/12\/BIM-Maccaferri-Terramesh.jpg)\"><\/div><\/div><div class=\"container box-container\"><div class=\"row\"><div class=\"col title-box-txt\"><h1 class=\"wp-block-mac-h1-title-hero-block\" style=\"color:#ffffff;text-align:none\">Biblioteca de Objetos BIM <\/h1><\/div><\/div><\/div><\/div><\/div><\/div><div style=\"height:100px\" aria-hidden=\"true\" class=\"wp-block-spacer\"><\/div><div class=\"wp-block-columns is-layout-flex wp-container-core-columns-is-layout-9d6595d7 wp-block-columns-is-layout-flex\"><div class=\"wp-block-column is-layout-flow wp-block-column-is-layout-flow\"><div class=\"wp-block-mac-container-block box-container\"><div class=\"wp-block-columns is-layout-flex wp-container-core-columns-is-layout-9d6595d7 wp-block-columns-is-layout-flex\"><div class=\"wp-block-column is-layout-flow wp-block-column-is-layout-flow\"><p class=\"has-text-align-center\"><strong>BIM Building Information Modeling (BIM<\/strong>) \u00e9 um processo inteligente baseado em modelos 3D.<\/p>\n\n<p class=\"has-text-align-center\">Uma nova ferramenta incr\u00edvel para os profissionais de engenharia e constru\u00e7\u00e3o.<\/p>\n\n<p class=\"has-text-align-center\">Bimstore.co n\u00e3o \u00e9 apenas uma biblioteca de informa\u00e7\u00e3o, \u00e9 uma comunidade colaborativa que conecta aqueles apaixonados pela cria\u00e7\u00e3o de um futuro mais inteligente.<\/p><\/div><\/div><\/div><\/div><\/div><div class=\"wp-block-mac-container-block box-container\"><div class=\"wp-block-columns is-layout-flex wp-container-core-columns-is-layout-9d6595d7 wp-block-columns-is-layout-flex\"><div class=\"wp-block-column is-layout-flow wp-block-column-is-layout-flow\"><\/div><\/div><\/div><div class=\"wp-block-columns is-layout-flex wp-container-core-columns-is-layout-9d6595d7 wp-block-columns-is-layout-flex\"><div class=\"wp-block-column is-layout-flow wp-block-column-is-layout-flow\"><div class=\"wp-block-mac-container-block box-container\"><div class=\"wp-block-columns is-layout-flex wp-container-core-columns-is-layout-9d6595d7 wp-block-columns-is-layout-flex\"><div class=\"wp-block-column is-layout-flow wp-block-column-is-layout-flow\"><\/div><\/div><\/div><\/div><\/div><div style=\"height:100px\" aria-hidden=\"true\" class=\"wp-block-spacer\"><\/div>","protected":false},"excerpt":{"rendered":"","protected":false},"author":2,"featured_media":0,"parent":0,"menu_order":0,"comment_status":"closed","ping_status":"closed","template":"","meta":{"_acf_changed":false,"_joinchat":[],"footnotes":""},"class_list":["post-3503","page","type-page","status-publish","hentry"],"acf":{"uuid_products":"","product-documents":""},"yoast_head":"<!-- This site is optimized with the Yoast SEO Premium plugin v27.0 (Yoast SEO v27.0) - https:\/\/yoast.com\/product\/yoast-seo-premium-wordpress\/ -->\n<title>Biblioteca BIM Maccaferri: objetos t\u00e9cnicos para engenharia<\/title>\n<meta name=\"description\" content=\"Acesse a biblioteca de objetos BIM da Maccaferri para obter recursos t\u00e9cnicos, facilitar o projeto e garantir precis\u00e3o nas solu\u00e7\u00f5es de engenharia.\" \/>\n<meta name=\"robots\" content=\"index, follow, max-snippet:-1, max-image-preview:large, max-video-preview:-1\" \/>\n<link rel=\"canonical\" href=\"https:\/\/www.maccaferri.com\/br\/biblioteca-de-objetos-bim\/\" \/>\n<meta property=\"og:locale\" content=\"pt_BR\" \/>\n<meta property=\"og:type\" content=\"article\" \/>\n<meta property=\"og:description\" content=\"Acesse a biblioteca de objetos BIM da Maccaferri para obter recursos t\u00e9cnicos, facilitar o projeto e garantir precis\u00e3o nas solu\u00e7\u00f5es de engenharia.\" \/>\n<meta property=\"og:url\" content=\"https:\/\/www.maccaferri.com\/br\/biblioteca-de-objetos-bim\/\" \/>\n<meta property=\"og:site_name\" content=\"Maccaferri Brasil\" \/>\n<meta property=\"article:modified_time\" content=\"2025-07-01T11:16:33+00:00\" \/>\n<meta property=\"og:image\" content=\"https:\/\/www.maccaferri.com\/aml\/wp-content\/uploads\/sites\/22\/2022\/12\/BIM-Maccaferri-Terramesh.jpg\" \/>\n<meta name=\"twitter:card\" content=\"summary_large_image\" \/>\n<meta name=\"twitter:label1\" content=\"Est. reading time\" \/>\n\t<meta name=\"twitter:data1\" content=\"1 minute\" \/>\n<!-- \/ Yoast SEO Premium plugin. -->","yoast_head_json":{"title":"Biblioteca BIM Maccaferri: objetos t\u00e9cnicos para engenharia","description":"Acesse a biblioteca de objetos BIM da Maccaferri para obter recursos t\u00e9cnicos, facilitar o projeto e garantir precis\u00e3o nas solu\u00e7\u00f5es de engenharia.","robots":{"index":"index","follow":"follow","max-snippet":"max-snippet:-1","max-image-preview":"max-image-preview:large","max-video-preview":"max-video-preview:-1"},"canonical":"https:\/\/www.maccaferri.com\/br\/biblioteca-de-objetos-bim\/","og_locale":"pt_BR","og_type":"article","og_description":"Acesse a biblioteca de objetos BIM da Maccaferri para obter recursos t\u00e9cnicos, facilitar o projeto e garantir precis\u00e3o nas solu\u00e7\u00f5es de engenharia.","og_url":"https:\/\/www.maccaferri.com\/br\/biblioteca-de-objetos-bim\/","og_site_name":"Maccaferri Brasil","article_modified_time":"2025-07-01T11:16:33+00:00","og_image":[{"url":"https:\/\/www.maccaferri.com\/aml\/wp-content\/uploads\/sites\/22\/2022\/12\/BIM-Maccaferri-Terramesh.jpg","type":"","width":"","height":""}],"twitter_card":"summary_large_image","twitter_misc":{"Est. reading time":"1 minute"},"schema":{"@context":"https:\/\/schema.org","@graph":[{"@type":"WebPage","@id":"https:\/\/www.maccaferri.com\/br\/biblioteca-de-objetos-bim\/","url":"https:\/\/www.maccaferri.com\/br\/biblioteca-de-objetos-bim\/","name":"Biblioteca BIM Maccaferri: objetos t\u00e9cnicos para engenharia","isPartOf":{"@id":"https:\/\/www.maccaferri.com\/br\/#website"},"primaryImageOfPage":{"@id":"https:\/\/www.maccaferri.com\/br\/biblioteca-de-objetos-bim\/#primaryimage"},"image":{"@id":"https:\/\/www.maccaferri.com\/br\/biblioteca-de-objetos-bim\/#primaryimage"},"thumbnailUrl":"https:\/\/www.maccaferri.com\/aml\/wp-content\/uploads\/sites\/22\/2022\/12\/BIM-Maccaferri-Terramesh.jpg","datePublished":"2022-12-12T05:48:29+00:00","dateModified":"2025-07-01T11:16:33+00:00","description":"Acesse a biblioteca de objetos BIM da Maccaferri para obter recursos t\u00e9cnicos, facilitar o projeto e garantir precis\u00e3o nas solu\u00e7\u00f5es de engenharia.","inLanguage":"pt-BR","potentialAction":[{"@type":"ReadAction","target":["https:\/\/www.maccaferri.com\/br\/biblioteca-de-objetos-bim\/"]}]},{"@type":"ImageObject","inLanguage":"pt-BR","@id":"https:\/\/www.maccaferri.com\/br\/biblioteca-de-objetos-bim\/#primaryimage","url":"https:\/\/www.maccaferri.com\/aml\/wp-content\/uploads\/sites\/22\/2022\/12\/BIM-Maccaferri-Terramesh.jpg","contentUrl":"https:\/\/www.maccaferri.com\/aml\/wp-content\/uploads\/sites\/22\/2022\/12\/BIM-Maccaferri-Terramesh.jpg"},{"@type":"WebSite","@id":"https:\/\/www.maccaferri.com\/br\/#website","url":"https:\/\/www.maccaferri.com\/br\/","name":"Maccaferri Brasil","description":"","publisher":{"@id":"https:\/\/www.maccaferri.com\/br\/#organization"},"potentialAction":[{"@type":"SearchAction","target":{"@type":"EntryPoint","urlTemplate":"https:\/\/www.maccaferri.com\/br\/?s={search_term_string}"},"query-input":{"@type":"PropertyValueSpecification","valueRequired":true,"valueName":"search_term_string"}}],"inLanguage":"pt-BR"},{"@type":"Organization","@id":"https:\/\/www.maccaferri.com\/br\/#organization","name":"Maccaferri do Brasil","alternateName":"Maccaferri","url":"https:\/\/www.maccaferri.com\/br\/","logo":{"@type":"ImageObject","inLanguage":"pt-BR","@id":"https:\/\/www.maccaferri.com\/br\/#\/schema\/logo\/image\/","url":"https:\/\/www.maccaferri.com\/br\/wp-content\/uploads\/2022\/07\/logo-maccaferri.png","contentUrl":"https:\/\/www.maccaferri.com\/br\/wp-content\/uploads\/2022\/07\/logo-maccaferri.png","width":152,"height":32,"caption":"Maccaferri do Brasil"},"image":{"@id":"https:\/\/www.maccaferri.com\/br\/#\/schema\/logo\/image\/"}}]}},"_links":{"self":[{"href":"https:\/\/www.maccaferri.com\/br\/wp-json\/wp\/v2\/pages\/3503","targetHints":{"allow":["GET"]}}],"collection":[{"href":"https:\/\/www.maccaferri.com\/br\/wp-json\/wp\/v2\/pages"}],"about":[{"href":"https:\/\/www.maccaferri.com\/br\/wp-json\/wp\/v2\/types\/page"}],"author":[{"embeddable":true,"href":"https:\/\/www.maccaferri.com\/br\/wp-json\/wp\/v2\/users\/2"}],"replies":[{"embeddable":true,"href":"https:\/\/www.maccaferri.com\/br\/wp-json\/wp\/v2\/comments?post=3503"}],"version-history":[{"count":42,"href":"https:\/\/www.maccaferri.com\/br\/wp-json\/wp\/v2\/pages\/3503\/revisions"}],"predecessor-version":[{"id":96433,"href":"https:\/\/www.maccaferri.com\/br\/wp-json\/wp\/v2\/pages\/3503\/revisions\/96433"}],"wp:attachment":[{"href":"https:\/\/www.maccaferri.com\/br\/wp-json\/wp\/v2\/media?parent=3503"}],"curies":[{"name":"wp","href":"https:\/\/api.w.org\/{rel}","templated":true}]}}