{"id":14157,"date":"2023-03-31T21:48:35","date_gmt":"2023-03-31T19:48:35","guid":{"rendered":"https:\/\/www.maccaferri.com\/br\/?page_id=14157"},"modified":"2025-11-10T16:19:01","modified_gmt":"2025-11-10T15:19:01","slug":"innovative-and-sustainable-solutions-to-prevent-frost-heave-and-road-pavement-damages","status":"publish","type":"page","link":"https:\/\/www.maccaferri.com\/br\/innovative-and-sustainable-solutions-to-prevent-frost-heave-and-road-pavement-damages\/","title":{"rendered":""},"content":{"rendered":"<div class=\"wp-block-mac-h1-title-hero-block container-fluid block-txt-container\" style=\"background:linear-gradient(180deg,rgb(1,94,111) 0%,rgb(0,72,87) 100%)\"><div class=\"row\"><div class=\"col\"><div class=\"gts__picture\"><img decoding=\"async\" src=\"https:\/\/www.maccaferri.com\/br\/wp-content\/uploads\/2023\/03\/solutions-to-prevent-frost-heave-and-road-pavement-damages-2.png\" style=\"display:none\"\/><div class=\"gts__picture__image\" style=\"background-image:url(https:\/\/www.maccaferri.com\/br\/wp-content\/uploads\/2023\/03\/solutions-to-prevent-frost-heave-and-road-pavement-damages-2.png)\"><\/div><\/div><div class=\"container box-container\"><div class=\"row\"><div class=\"col title-box-txt\"><h1 class=\"wp-block-mac-h1-title-hero-block\" style=\"color:#ffffff;text-align:none\">WEBINAR<\/h1><\/div><\/div><\/div><\/div><\/div><\/div><div class=\"wp-block-mac-h2-title-block block-txt-container box-container\"><div class=\"row\"><div class=\"col title-box-txt\"><h2 style=\"color:#212429;text-align:none\">Solu\u00e7\u00f5es Inovadoras e Sustent\u00e1veis para Prevenir Danos por Geada e ao Pavimento Rodovi\u00e1rio<\/h2><\/div><\/div><\/div><div class=\"wp-block-mac-container-block box-container\"><div class=\"wp-block-columns is-layout-flex wp-container-core-columns-is-layout-9d6595d7 wp-block-columns-is-layout-flex\"><div class=\"wp-block-column is-layout-flow wp-block-column-is-layout-flow\"><figure class=\"wp-block-embed is-type-video is-provider-youtube wp-block-embed-youtube wp-embed-aspect-16-9 wp-has-aspect-ratio\"><div class=\"wp-block-embed__wrapper\">\n<iframe title=\"Drenos de Pavimento Geocomposto Drenante MacDrain\u00ae TD - Rodovia SP 070 | Brasil\" width=\"640\" height=\"360\" src=\"https:\/\/www.youtube.com\/embed\/n0x2ohXvJVY?feature=oembed\" frameborder=\"0\" allow=\"accelerometer; autoplay; clipboard-write; encrypted-media; gyroscope; picture-in-picture; web-share\" referrerpolicy=\"strict-origin-when-cross-origin\" allowfullscreen><\/iframe>\n<\/div><\/figure><\/div><\/div><\/div>","protected":false},"excerpt":{"rendered":"","protected":false},"author":20,"featured_media":0,"parent":0,"menu_order":0,"comment_status":"closed","ping_status":"closed","template":"","meta":{"_acf_changed":false,"_joinchat":[],"footnotes":""},"class_list":["post-14157","page","type-page","status-publish","hentry"],"acf":{"uuid_products":"","product-documents":""},"yoast_head":"<!-- This site is optimized with the Yoast SEO Premium plugin v27.0 (Yoast SEO v27.0) - https:\/\/yoast.com\/product\/yoast-seo-premium-wordpress\/ -->\n<title>Solu\u00e7\u00f5es sustent\u00e1veis para prevenir danos em pavimentos<\/title>\n<meta name=\"description\" content=\"Conhe\u00e7a solu\u00e7\u00f5es inovadoras da Maccaferri para prevenir danos causados pelo frost heave em pavimentos rodovi\u00e1rios, garantindo durabilidade.\" \/>\n<meta name=\"robots\" content=\"index, follow, max-snippet:-1, max-image-preview:large, max-video-preview:-1\" \/>\n<link rel=\"canonical\" href=\"https:\/\/www.maccaferri.com\/br\/innovative-and-sustainable-solutions-to-prevent-frost-heave-and-road-pavement-damages\/\" \/>\n<meta property=\"og:locale\" content=\"pt_BR\" \/>\n<meta property=\"og:type\" content=\"article\" \/>\n<meta property=\"og:description\" content=\"Conhe\u00e7a solu\u00e7\u00f5es inovadoras da Maccaferri para prevenir danos causados pelo frost heave em pavimentos rodovi\u00e1rios, garantindo durabilidade.\" \/>\n<meta property=\"og:url\" content=\"https:\/\/www.maccaferri.com\/br\/innovative-and-sustainable-solutions-to-prevent-frost-heave-and-road-pavement-damages\/\" \/>\n<meta property=\"og:site_name\" content=\"Maccaferri Brasil\" \/>\n<meta property=\"article:modified_time\" content=\"2025-11-10T15:19:01+00:00\" \/>\n<meta property=\"og:image\" content=\"https:\/\/www.maccaferri.com\/br\/wp-content\/uploads\/2023\/03\/solutions-to-prevent-frost-heave-and-road-pavement-damages-2.png\" \/>\n<meta name=\"twitter:card\" content=\"summary_large_image\" \/>\n<meta name=\"twitter:label1\" content=\"Est. reading time\" \/>\n\t<meta name=\"twitter:data1\" content=\"1 minute\" \/>\n<!-- \/ Yoast SEO Premium plugin. -->","yoast_head_json":{"title":"Solu\u00e7\u00f5es sustent\u00e1veis para prevenir danos em pavimentos","description":"Conhe\u00e7a solu\u00e7\u00f5es inovadoras da Maccaferri para prevenir danos causados pelo frost heave em pavimentos rodovi\u00e1rios, garantindo durabilidade.","robots":{"index":"index","follow":"follow","max-snippet":"max-snippet:-1","max-image-preview":"max-image-preview:large","max-video-preview":"max-video-preview:-1"},"canonical":"https:\/\/www.maccaferri.com\/br\/innovative-and-sustainable-solutions-to-prevent-frost-heave-and-road-pavement-damages\/","og_locale":"pt_BR","og_type":"article","og_description":"Conhe\u00e7a solu\u00e7\u00f5es inovadoras da Maccaferri para prevenir danos causados pelo frost heave em pavimentos rodovi\u00e1rios, garantindo durabilidade.","og_url":"https:\/\/www.maccaferri.com\/br\/innovative-and-sustainable-solutions-to-prevent-frost-heave-and-road-pavement-damages\/","og_site_name":"Maccaferri Brasil","article_modified_time":"2025-11-10T15:19:01+00:00","og_image":[{"url":"https:\/\/www.maccaferri.com\/br\/wp-content\/uploads\/2023\/03\/solutions-to-prevent-frost-heave-and-road-pavement-damages-2.png","type":"","width":"","height":""}],"twitter_card":"summary_large_image","twitter_misc":{"Est. reading time":"1 minute"},"schema":{"@context":"https:\/\/schema.org","@graph":[{"@type":"WebPage","@id":"https:\/\/www.maccaferri.com\/br\/innovative-and-sustainable-solutions-to-prevent-frost-heave-and-road-pavement-damages\/","url":"https:\/\/www.maccaferri.com\/br\/innovative-and-sustainable-solutions-to-prevent-frost-heave-and-road-pavement-damages\/","name":"Solu\u00e7\u00f5es sustent\u00e1veis para prevenir danos em pavimentos","isPartOf":{"@id":"https:\/\/www.maccaferri.com\/br\/#website"},"primaryImageOfPage":{"@id":"https:\/\/www.maccaferri.com\/br\/innovative-and-sustainable-solutions-to-prevent-frost-heave-and-road-pavement-damages\/#primaryimage"},"image":{"@id":"https:\/\/www.maccaferri.com\/br\/innovative-and-sustainable-solutions-to-prevent-frost-heave-and-road-pavement-damages\/#primaryimage"},"thumbnailUrl":"https:\/\/www.maccaferri.com\/br\/wp-content\/uploads\/2023\/03\/solutions-to-prevent-frost-heave-and-road-pavement-damages-2.png","datePublished":"2023-03-31T19:48:35+00:00","dateModified":"2025-11-10T15:19:01+00:00","description":"Conhe\u00e7a solu\u00e7\u00f5es inovadoras da Maccaferri para prevenir danos causados pelo frost heave em pavimentos rodovi\u00e1rios, garantindo durabilidade.","inLanguage":"pt-BR","potentialAction":[{"@type":"ReadAction","target":["https:\/\/www.maccaferri.com\/br\/innovative-and-sustainable-solutions-to-prevent-frost-heave-and-road-pavement-damages\/"]}]},{"@type":"ImageObject","inLanguage":"pt-BR","@id":"https:\/\/www.maccaferri.com\/br\/innovative-and-sustainable-solutions-to-prevent-frost-heave-and-road-pavement-damages\/#primaryimage","url":"https:\/\/www.maccaferri.com\/br\/wp-content\/uploads\/2023\/03\/solutions-to-prevent-frost-heave-and-road-pavement-damages-2.png","contentUrl":"https:\/\/www.maccaferri.com\/br\/wp-content\/uploads\/2023\/03\/solutions-to-prevent-frost-heave-and-road-pavement-damages-2.png","width":1915,"height":530},{"@type":"WebSite","@id":"https:\/\/www.maccaferri.com\/br\/#website","url":"https:\/\/www.maccaferri.com\/br\/","name":"Maccaferri Brasil","description":"","publisher":{"@id":"https:\/\/www.maccaferri.com\/br\/#organization"},"potentialAction":[{"@type":"SearchAction","target":{"@type":"EntryPoint","urlTemplate":"https:\/\/www.maccaferri.com\/br\/?s={search_term_string}"},"query-input":{"@type":"PropertyValueSpecification","valueRequired":true,"valueName":"search_term_string"}}],"inLanguage":"pt-BR"},{"@type":"Organization","@id":"https:\/\/www.maccaferri.com\/br\/#organization","name":"Maccaferri do Brasil","alternateName":"Maccaferri","url":"https:\/\/www.maccaferri.com\/br\/","logo":{"@type":"ImageObject","inLanguage":"pt-BR","@id":"https:\/\/www.maccaferri.com\/br\/#\/schema\/logo\/image\/","url":"https:\/\/www.maccaferri.com\/br\/wp-content\/uploads\/2022\/07\/logo-maccaferri.png","contentUrl":"https:\/\/www.maccaferri.com\/br\/wp-content\/uploads\/2022\/07\/logo-maccaferri.png","width":152,"height":32,"caption":"Maccaferri do Brasil"},"image":{"@id":"https:\/\/www.maccaferri.com\/br\/#\/schema\/logo\/image\/"}}]}},"_links":{"self":[{"href":"https:\/\/www.maccaferri.com\/br\/wp-json\/wp\/v2\/pages\/14157","targetHints":{"allow":["GET"]}}],"collection":[{"href":"https:\/\/www.maccaferri.com\/br\/wp-json\/wp\/v2\/pages"}],"about":[{"href":"https:\/\/www.maccaferri.com\/br\/wp-json\/wp\/v2\/types\/page"}],"author":[{"embeddable":true,"href":"https:\/\/www.maccaferri.com\/br\/wp-json\/wp\/v2\/users\/20"}],"replies":[{"embeddable":true,"href":"https:\/\/www.maccaferri.com\/br\/wp-json\/wp\/v2\/comments?post=14157"}],"version-history":[{"count":10,"href":"https:\/\/www.maccaferri.com\/br\/wp-json\/wp\/v2\/pages\/14157\/revisions"}],"predecessor-version":[{"id":115448,"href":"https:\/\/www.maccaferri.com\/br\/wp-json\/wp\/v2\/pages\/14157\/revisions\/115448"}],"wp:attachment":[{"href":"https:\/\/www.maccaferri.com\/br\/wp-json\/wp\/v2\/media?parent=14157"}],"curies":[{"name":"wp","href":"https:\/\/api.w.org\/{rel}","templated":true}]}}