{"id":1398,"date":"2022-07-29T11:40:29","date_gmt":"2022-07-29T09:40:29","guid":{"rendered":"https:\/\/www.maccaferri.com\/aml\/?page_id=1398"},"modified":"2025-06-23T17:29:20","modified_gmt":"2025-06-23T15:29:20","slug":"inovacao","status":"publish","type":"page","link":"https:\/\/www.maccaferri.com\/br\/inovacao\/","title":{"rendered":""},"content":{"rendered":"<div class=\"wp-block-cover has-parallax rbc-is-hidden-on-tablet rbc-is-hidden-on-mobile\" style=\"min-height:900px;aspect-ratio:unset;\"><span aria-hidden=\"true\" class=\"wp-block-cover__background has-background-dim-0 has-background-dim\"><\/span><div class=\"wp-block-cover__image-background wp-image-88805 has-parallax\" style=\"background-position:50% 50%;background-image:url(https:\/\/www.maccaferri.com\/wp-content\/uploads\/2024\/12\/HERO_Innovazione-1440x900-1.jpg)\"><\/div><div class=\"wp-block-cover__inner-container is-layout-constrained wp-block-cover-is-layout-constrained\"><div class=\"wp-block-mac-container-block box-container\"><div class=\"wp-block-columns is-layout-flex wp-container-core-columns-is-layout-9d6595d7 wp-block-columns-is-layout-flex\"><div class=\"wp-block-column is-layout-flow wp-block-column-is-layout-flow\"><div style=\"height:65px\" aria-hidden=\"true\" class=\"wp-block-spacer\"><\/div>\n\n<p class=\"has-text-align-left has-white-color has-text-color has-link-color wp-elements-533e25c3280544e6d89fa32a68b46d87\" style=\"font-size:80px\"><strong>Espalhamos<\/strong><\/p>\n\n<div style=\"height:30px\" aria-hidden=\"true\" class=\"wp-block-spacer\"><\/div>\n\n<p class=\"has-text-align-left has-white-color has-text-color has-link-color wp-elements-950e9e06123b1b3fe52510d30d01181e\" style=\"font-size:80px\"><strong>Inova\u00e7\u00e3o<\/strong><\/p>\n\n<div class=\"wp-block-columns is-layout-flex wp-container-core-columns-is-layout-9d6595d7 wp-block-columns-is-layout-flex\"><div class=\"wp-block-column is-layout-flow wp-block-column-is-layout-flow\"><p class=\"has-text-align-left has-white-color has-text-color has-background has-link-color wp-elements-6f84890104e72d6619d557b62ef7a4ee\" style=\"background-color:#ffffff00;margin-left:0px;padding-left:0px;font-size:20px\">Come\u00e7amos com a inven\u00e7\u00e3o do gabi\u00e3o, que revolucionou o setor de engenharia civil e ambiental. Desde ent\u00e3o, somos l\u00edderes na mudan\u00e7a, inovando continuamente com um forte compromisso com a pesquisa e o desenvolvimento.<\/p><\/div>\n\n<div class=\"wp-block-column is-layout-flow wp-block-column-is-layout-flow\"><\/div><\/div>\n\n<div style=\"height:406px\" aria-hidden=\"true\" class=\"wp-block-spacer\"><\/div><\/div><\/div><\/div>\n\n<div class=\"wp-block-mac-container-block box-container\"><div class=\"wp-block-columns is-layout-flex wp-container-core-columns-is-layout-9d6595d7 wp-block-columns-is-layout-flex\"><div class=\"wp-block-column is-layout-flow wp-block-column-is-layout-flow\"><\/div>\n\n<div class=\"wp-block-column is-layout-flow wp-block-column-is-layout-flow\"><\/div><\/div><\/div><\/div><\/div><div class=\"wp-block-cover rbc-is-hidden-on-wide rbc-is-hidden-on-desktop\" style=\"min-height:900px;aspect-ratio:unset;\"><span aria-hidden=\"true\" class=\"wp-block-cover__background has-background-dim-0 has-background-dim\"><\/span><img decoding=\"async\" class=\"wp-block-cover__image-background wp-image-88805\" alt=\"\" src=\"https:\/\/www.maccaferri.com\/wp-content\/uploads\/2024\/12\/HERO_Innovazione-1440x900-1.jpg\" data-object-fit=\"cover\" \/><div class=\"wp-block-cover__inner-container is-layout-constrained wp-block-cover-is-layout-constrained\"><div class=\"wp-block-mac-container-block box-container\"><div class=\"wp-block-columns is-layout-flex wp-container-core-columns-is-layout-9d6595d7 wp-block-columns-is-layout-flex\"><div class=\"wp-block-column is-layout-flow wp-block-column-is-layout-flow\"><div style=\"height:30px\" aria-hidden=\"true\" class=\"wp-block-spacer\"><\/div>\n\n<h1 class=\"wp-block-heading has-x-large-font-size\"><strong>Espalhamos Inova\u00e7\u00e3o<\/strong><\/h1>\n\n<div style=\"height:35px\" aria-hidden=\"true\" class=\"wp-block-spacer\"><\/div>\n\n<p>Come\u00e7amos com a inven\u00e7\u00e3o do gabi\u00e3o, que revolucionou o setor de engenharia civil e ambiental. Desde ent\u00e3o, somos l\u00edderes em mudan\u00e7as, inovando continuamente com um forte compromisso com a pesquisa e o desenvolvimento.<\/p><\/div><\/div><\/div>\n\n<div class=\"wp-block-mac-container-block box-container\"><div class=\"wp-block-columns is-layout-flex wp-container-core-columns-is-layout-9d6595d7 wp-block-columns-is-layout-flex\"><div class=\"wp-block-column is-layout-flow wp-block-column-is-layout-flow\"><\/div>\n\n<div class=\"wp-block-column is-layout-flow wp-block-column-is-layout-flow\"><\/div><\/div><\/div><\/div><\/div><div class=\"wp-block-mac-container-block box-container\"><div style=\"height:100px\" aria-hidden=\"true\" class=\"wp-block-spacer\"><\/div>\n\n<div class=\"wp-block-columns is-layout-flex wp-container-core-columns-is-layout-9d6595d7 wp-block-columns-is-layout-flex\"><div class=\"wp-block-column is-vertically-aligned-center is-layout-flow wp-block-column-is-layout-flow\" style=\"flex-basis:40%\"><p style=\"font-size:25px\"><strong>Tornando a Seguran\u00e7a Mais Inteligente<\/strong><\/p>\n\n<p class=\"has-medium-font-size\">Acreditamos nas tecnologias digitais, por isso investimos continuamente na digitaliza\u00e7\u00e3o de nossas solu\u00e7\u00f5es, especialmente aquelas voltadas para a seguran\u00e7a das pessoas e do ambiente ao seu redor.<\/p>\n\n<p class=\"has-medium-font-size\">Com nossos sistemas de alerta antecipado <strong>HELLOMAC<\/strong>, buscamos nos estabelecer ainda mais como um player de ponta no setor de IoT, acompanhando a onda que tem tornado a infraestrutura e a constru\u00e7\u00e3o cada vez mais inteligentes nos \u00faltimos anos.<\/p><\/div>\n\n<div class=\"wp-block-column is-layout-flow wp-block-column-is-layout-flow\" style=\"flex-basis:60%\"><figure class=\"wp-block-image size-full\"><img decoding=\"async\" src=\"https:\/\/www.maccaferri.com\/wp-content\/uploads\/2024\/12\/1-Rendiamo-la-sicurezza-piu-smart-630x450-1.jpg\" alt=\"\" class=\"wp-image-88820\" \/><\/figure><\/div><\/div><\/div><div style=\"height:100px\" aria-hidden=\"true\" class=\"wp-block-spacer\"><\/div><div class=\"wp-block-cover\" style=\"min-height:700px;aspect-ratio:unset;\"><span aria-hidden=\"true\" class=\"wp-block-cover__background has-background-dim-0 has-background-dim\"><\/span><img decoding=\"async\" class=\"wp-block-cover__image-background wp-image-88815\" alt=\"\" src=\"https:\/\/www.maccaferri.com\/wp-content\/uploads\/2024\/12\/2-Tecnologie-verdi-1440x820-1.jpg\" data-object-fit=\"cover\" \/><div class=\"wp-block-cover__inner-container is-layout-constrained wp-block-cover-is-layout-constrained\"><div class=\"wp-block-mac-container-block box-container\"><div class=\"wp-block-columns is-layout-flex wp-container-core-columns-is-layout-9d6595d7 wp-block-columns-is-layout-flex\"><div class=\"wp-block-column is-layout-flow wp-block-column-is-layout-flow\"><\/div>\n\n<div class=\"wp-block-column is-layout-flow wp-block-column-is-layout-flow\" style=\"flex-basis:40%\"><p style=\"font-size:25px\"><strong>Tecnologias Verdadeiramente Verdes<\/strong><\/p>\n\n<p class=\"has-medium-font-size\">Combinar sustentabilidade com durabilidade \u00e9 o maior desafio na engenharia civil e ambiental. Investimos em P&amp;D para desenvolver solu\u00e7\u00f5es ecol\u00f3gicas e de baixo impacto ambiental, que utilizam materiais reciclados, mas permanecem altamente eficientes, seguras e duradouras.<\/p>\n\n<p class=\"has-medium-font-size\">Nossas solu\u00e7\u00f5es s\u00e3o sustent\u00e1veis, com uma baixa emiss\u00e3o de CO2 devido \u00e0 sua r\u00e1pida instala\u00e7\u00e3o  e materiais otimizados.<\/p><\/div><\/div><\/div><\/div><\/div><div class=\"wp-block-mac-container-block box-container\"><div style=\"height:100px\" aria-hidden=\"true\" class=\"wp-block-spacer\"><\/div>\n\n<div class=\"wp-block-columns is-layout-flex wp-container-core-columns-is-layout-9d6595d7 wp-block-columns-is-layout-flex\"><div class=\"wp-block-column is-vertically-aligned-center is-layout-flow wp-block-column-is-layout-flow\" style=\"flex-basis:40%\"><p style=\"font-size:25px\"><strong>Inova\u00e7\u00e3o Aberta<\/strong><\/p>\n\n<p class=\"has-medium-font-size\">Acreditamos que, para a inova\u00e7\u00e3o ser real, ela deve ser compartilhada.<\/p>\n\n<p class=\"has-medium-font-size\">Em colabora\u00e7\u00e3o com universidades e centros de pesquisa, desenvolvemos um conjunto de ferramentas gratuitas dispon\u00edveis para todos, com o objetivo de projetar solu\u00e7\u00f5es eficazes e confi\u00e1veis.<\/p>\n\n<p class=\"has-medium-font-size\">Esses softwares f\u00e1ceis de usar e prontos para uso s\u00e3o baseados em d\u00e9cadas de dados de campo e testes rigorosos.<\/p><\/div>\n\n<div class=\"wp-block-column is-layout-flow wp-block-column-is-layout-flow\" style=\"flex-basis:60%\"><figure class=\"wp-block-image size-full\"><img decoding=\"async\" src=\"https:\/\/www.maccaferri.com\/wp-content\/uploads\/2024\/12\/3-Open-innovation-630x400-1.png\" alt=\"\" class=\"wp-image-88825\" \/><\/figure><\/div><\/div><\/div><div style=\"height:100px\" aria-hidden=\"true\" class=\"wp-block-spacer\"><\/div><h3 class=\"wp-block-heading has-text-align-center has-text-color has-link-color wp-elements-0e444078ad2474ffb39de797c788ecfc\" style=\"color:#035d6f\">Projete o futuro com nossos softwares<\/h3><div class=\"wp-block-buttons is-content-justification-center is-layout-flex wp-container-core-buttons-is-layout-16018d1d wp-block-buttons-is-layout-flex\"><div class=\"wp-block-button\"><a class=\"wp-block-button__link wp-element-button\" href=\"https:\/\/www.maccaferri.com\/br\/pacote-de-softwares-maccaferri\/\" target=\"_blank\" rel=\"noreferrer noopener\">ir para a plataforma<\/a><\/div><\/div><div style=\"height:100px\" aria-hidden=\"true\" class=\"wp-block-spacer\"><\/div><div class=\"wp-block-cover\"><span aria-hidden=\"true\" class=\"wp-block-cover__background has-background-dim-100 has-background-dim\" style=\"background-color:#185e6f\"><\/span><div class=\"wp-block-cover__inner-container is-layout-constrained wp-block-cover-is-layout-constrained\"><div style=\"height:100px\" aria-hidden=\"true\" class=\"wp-block-spacer\"><\/div>\n\n<div class=\"wp-block-mac-container-block box-container\"><div class=\"wp-block-columns is-layout-flex wp-container-core-columns-is-layout-9d6595d7 wp-block-columns-is-layout-flex\"><div class=\"wp-block-column is-layout-flow wp-block-column-is-layout-flow\"><figure class=\"wp-block-image size-large is-style-default\"><img fetchpriority=\"high\" decoding=\"async\" width=\"1024\" height=\"675\" src=\"https:\/\/www.maccaferri.com\/wp-content\/uploads\/2022\/12\/Maccaferri-BIM-Objects-1024x675.png\" alt=\"\" class=\"wp-image-3547\" srcset=\"https:\/\/www.maccaferri.com\/br\/wp-content\/uploads\/2022\/12\/Maccaferri-BIM-Objects-1024x675.png 1024w, https:\/\/www.maccaferri.com\/br\/wp-content\/uploads\/2022\/12\/Maccaferri-BIM-Objects-300x198.png 300w, https:\/\/www.maccaferri.com\/br\/wp-content\/uploads\/2022\/12\/Maccaferri-BIM-Objects-768x506.png 768w, https:\/\/www.maccaferri.com\/br\/wp-content\/uploads\/2022\/12\/Maccaferri-BIM-Objects.png 1121w\" sizes=\"(max-width: 1024px) 100vw, 1024px\" \/><\/figure><\/div>\n\n<div class=\"wp-block-column is-layout-flow wp-block-column-is-layout-flow\" style=\"flex-basis:40%\"><p style=\"font-size:25px\">OBJETOS BIM MACCAFERRI<\/p>\n\n<p class=\"has-medium-font-size\">O <strong>Building Information Modeling<\/strong> (BIM) \u00e9 um processo inteligente baseado em modelos 3D. Uma nova e incr\u00edvel ferramenta para profissionais de engenharia e constru\u00e7\u00e3o.<\/p>\n\n<p class=\"has-medium-font-size\">A Maccaferri est\u00e1 comprometida em promover a colabora\u00e7\u00e3o entre os stakeholders da ind\u00fastria durante todo o ciclo de vida de um projeto.<\/p>\n\n<p class=\"has-medium-font-size\">Com esse objetivo em mente, disponibilizamos nossas solu\u00e7\u00f5es tamb\u00e9m como Objetos de Modelo de Informa\u00e7\u00e3o da Constru\u00e7\u00e3o (BIM), incentivando a ado\u00e7\u00e3o da tecnologia BIM para melhorar os processos de projetos e constru\u00e7\u00e3o, prevenindo imprecis\u00f5es nas opera\u00e7\u00f5es em campo.<\/p><\/div><\/div><\/div>\n\n<div style=\"height:65px\" aria-hidden=\"true\" class=\"wp-block-spacer\"><\/div>\n\n<h3 class=\"wp-block-heading has-text-align-center has-white-color has-text-color has-link-color wp-elements-dc0776ba3ee42d15d9c2b7bdc7ad3009\">Conhe\u00e7a nossos objetos BIM<\/h3>\n\n<div class=\"wp-block-buttons is-content-justification-center is-layout-flex wp-container-core-buttons-is-layout-16018d1d wp-block-buttons-is-layout-flex\"><div class=\"wp-block-button\"><a class=\"wp-block-button__link has-luminous-vivid-orange-background-color has-background wp-element-button\" href=\"https:\/\/www.maccaferri.com\/br\/biblioteca-de-objetos-bim\/\" target=\"_blank\" rel=\"noreferrer noopener\">ir para a biblioteca<\/a><\/div><\/div>\n\n<div style=\"height:100px\" aria-hidden=\"true\" class=\"wp-block-spacer\"><\/div><\/div><\/div>","protected":false},"excerpt":{"rendered":"<p>Projete o futuro com nossos softwares<\/p>\n","protected":false},"author":1,"featured_media":0,"parent":0,"menu_order":0,"comment_status":"closed","ping_status":"closed","template":"","meta":{"_acf_changed":false,"_joinchat":[],"footnotes":""},"class_list":["post-1398","page","type-page","status-publish","hentry"],"acf":{"uuid_products":"","product-documents":""},"yoast_head":"<!-- This site is optimized with the Yoast SEO Premium plugin v27.0 (Yoast SEO v27.0) - https:\/\/yoast.com\/product\/yoast-seo-premium-wordpress\/ -->\n<title>Inova\u00e7\u00e3o Maccaferri: tecnologia avan\u00e7ada em engenharia<\/title>\n<meta name=\"description\" content=\"Conhe\u00e7a as inova\u00e7\u00f5es da Maccaferri em solu\u00e7\u00f5es para engenharia, combinando tecnologia e sustentabilidade para projetos de alta performance. Veja mais!\" \/>\n<meta name=\"robots\" content=\"index, follow, max-snippet:-1, max-image-preview:large, max-video-preview:-1\" \/>\n<link rel=\"canonical\" href=\"https:\/\/www.maccaferri.com\/br\/inovacao\/\" \/>\n<meta property=\"og:locale\" content=\"pt_BR\" \/>\n<meta property=\"og:type\" content=\"article\" \/>\n<meta property=\"og:description\" content=\"Conhe\u00e7a as inova\u00e7\u00f5es da Maccaferri em solu\u00e7\u00f5es para engenharia, combinando tecnologia e sustentabilidade para projetos de alta performance. Veja mais!\" \/>\n<meta property=\"og:url\" content=\"https:\/\/www.maccaferri.com\/br\/inovacao\/\" \/>\n<meta property=\"og:site_name\" content=\"Maccaferri Brasil\" \/>\n<meta property=\"article:modified_time\" content=\"2025-06-23T15:29:20+00:00\" \/>\n<meta name=\"twitter:card\" content=\"summary_large_image\" \/>\n<meta name=\"twitter:label1\" content=\"Est. reading time\" \/>\n\t<meta name=\"twitter:data1\" content=\"3 minutes\" \/>\n<!-- \/ Yoast SEO Premium plugin. -->","yoast_head_json":{"title":"Inova\u00e7\u00e3o Maccaferri: tecnologia avan\u00e7ada em engenharia","description":"Conhe\u00e7a as inova\u00e7\u00f5es da Maccaferri em solu\u00e7\u00f5es para engenharia, combinando tecnologia e sustentabilidade para projetos de alta performance. Veja mais!","robots":{"index":"index","follow":"follow","max-snippet":"max-snippet:-1","max-image-preview":"max-image-preview:large","max-video-preview":"max-video-preview:-1"},"canonical":"https:\/\/www.maccaferri.com\/br\/inovacao\/","og_locale":"pt_BR","og_type":"article","og_description":"Conhe\u00e7a as inova\u00e7\u00f5es da Maccaferri em solu\u00e7\u00f5es para engenharia, combinando tecnologia e sustentabilidade para projetos de alta performance. Veja mais!","og_url":"https:\/\/www.maccaferri.com\/br\/inovacao\/","og_site_name":"Maccaferri Brasil","article_modified_time":"2025-06-23T15:29:20+00:00","twitter_card":"summary_large_image","twitter_misc":{"Est. reading time":"3 minutes"},"schema":{"@context":"https:\/\/schema.org","@graph":[{"@type":"WebPage","@id":"https:\/\/www.maccaferri.com\/br\/inovacao\/","url":"https:\/\/www.maccaferri.com\/br\/inovacao\/","name":"Inova\u00e7\u00e3o Maccaferri: tecnologia avan\u00e7ada em engenharia","isPartOf":{"@id":"https:\/\/www.maccaferri.com\/br\/#website"},"primaryImageOfPage":{"@id":"https:\/\/www.maccaferri.com\/br\/inovacao\/#primaryimage"},"image":{"@id":"https:\/\/www.maccaferri.com\/br\/inovacao\/#primaryimage"},"thumbnailUrl":"https:\/\/www.maccaferri.com\/wp-content\/uploads\/2024\/12\/HERO_Innovazione-1440x900-1.jpg","datePublished":"2022-07-29T09:40:29+00:00","dateModified":"2025-06-23T15:29:20+00:00","description":"Conhe\u00e7a as inova\u00e7\u00f5es da Maccaferri em solu\u00e7\u00f5es para engenharia, combinando tecnologia e sustentabilidade para projetos de alta performance. Veja mais!","inLanguage":"pt-BR","potentialAction":[{"@type":"ReadAction","target":["https:\/\/www.maccaferri.com\/br\/inovacao\/"]}]},{"@type":"ImageObject","inLanguage":"pt-BR","@id":"https:\/\/www.maccaferri.com\/br\/inovacao\/#primaryimage","url":"https:\/\/www.maccaferri.com\/wp-content\/uploads\/2024\/12\/HERO_Innovazione-1440x900-1.jpg","contentUrl":"https:\/\/www.maccaferri.com\/wp-content\/uploads\/2024\/12\/HERO_Innovazione-1440x900-1.jpg"},{"@type":"WebSite","@id":"https:\/\/www.maccaferri.com\/br\/#website","url":"https:\/\/www.maccaferri.com\/br\/","name":"Maccaferri Brasil","description":"","publisher":{"@id":"https:\/\/www.maccaferri.com\/br\/#organization"},"potentialAction":[{"@type":"SearchAction","target":{"@type":"EntryPoint","urlTemplate":"https:\/\/www.maccaferri.com\/br\/?s={search_term_string}"},"query-input":{"@type":"PropertyValueSpecification","valueRequired":true,"valueName":"search_term_string"}}],"inLanguage":"pt-BR"},{"@type":"Organization","@id":"https:\/\/www.maccaferri.com\/br\/#organization","name":"Maccaferri do Brasil","alternateName":"Maccaferri","url":"https:\/\/www.maccaferri.com\/br\/","logo":{"@type":"ImageObject","inLanguage":"pt-BR","@id":"https:\/\/www.maccaferri.com\/br\/#\/schema\/logo\/image\/","url":"https:\/\/www.maccaferri.com\/br\/wp-content\/uploads\/2022\/07\/logo-maccaferri.png","contentUrl":"https:\/\/www.maccaferri.com\/br\/wp-content\/uploads\/2022\/07\/logo-maccaferri.png","width":152,"height":32,"caption":"Maccaferri do Brasil"},"image":{"@id":"https:\/\/www.maccaferri.com\/br\/#\/schema\/logo\/image\/"}}]}},"_links":{"self":[{"href":"https:\/\/www.maccaferri.com\/br\/wp-json\/wp\/v2\/pages\/1398","targetHints":{"allow":["GET"]}}],"collection":[{"href":"https:\/\/www.maccaferri.com\/br\/wp-json\/wp\/v2\/pages"}],"about":[{"href":"https:\/\/www.maccaferri.com\/br\/wp-json\/wp\/v2\/types\/page"}],"author":[{"embeddable":true,"href":"https:\/\/www.maccaferri.com\/br\/wp-json\/wp\/v2\/users\/1"}],"replies":[{"embeddable":true,"href":"https:\/\/www.maccaferri.com\/br\/wp-json\/wp\/v2\/comments?post=1398"}],"version-history":[{"count":55,"href":"https:\/\/www.maccaferri.com\/br\/wp-json\/wp\/v2\/pages\/1398\/revisions"}],"predecessor-version":[{"id":96438,"href":"https:\/\/www.maccaferri.com\/br\/wp-json\/wp\/v2\/pages\/1398\/revisions\/96438"}],"wp:attachment":[{"href":"https:\/\/www.maccaferri.com\/br\/wp-json\/wp\/v2\/media?parent=1398"}],"curies":[{"name":"wp","href":"https:\/\/api.w.org\/{rel}","templated":true}]}}