{"id":11910,"date":"2023-03-03T18:39:12","date_gmt":"2023-03-03T17:39:12","guid":{"rendered":"https:\/\/www.maccaferri.com\/br\/?page_id=11910"},"modified":"2025-06-30T22:15:07","modified_gmt":"2025-06-30T20:15:07","slug":"webinar-diseno-de-aplicaciones-de-suelo-grapado-con-el-online-software-mac-s-design-esp","status":"publish","type":"page","link":"https:\/\/www.maccaferri.com\/br\/webinar-diseno-de-aplicaciones-de-suelo-grapado-con-el-online-software-mac-s-design-esp\/","title":{"rendered":""},"content":{"rendered":"<div class=\"wp-block-mac-h1-title-hero-block container-fluid block-txt-container\" style=\"background:linear-gradient(180deg,rgb(1,94,111) 0%,rgb(0,72,87) 100%)\"><div class=\"row\"><div class=\"col\"><div class=\"gts__picture\"><img decoding=\"async\" src=\"https:\/\/www.maccaferri.com\/br\/wp-content\/uploads\/2023\/07\/soil-nailing-1-2.png\" style=\"display:none\"\/><div class=\"gts__picture__image\" style=\"background-image:url(https:\/\/www.maccaferri.com\/br\/wp-content\/uploads\/2023\/07\/soil-nailing-1-2.png)\"><\/div><\/div><div class=\"container box-container\"><div class=\"row\"><div class=\"col title-box-txt\"><h1 class=\"wp-block-mac-h1-title-hero-block\" style=\"color:#ffffff;text-align:none\">WEBINAR<\/h1><\/div><\/div><\/div><\/div><\/div><\/div><div class=\"wp-block-mac-h2-title-block block-txt-container box-container\"><div class=\"row\"><div class=\"col title-box-txt\"><h2 style=\"color:#212429;text-align:none\">Projeto de Aplica\u00e7\u00f5es de Solo Refor\u00e7ado com o Software Online Mac S-Design<\/h2><\/div><\/div><\/div><div class=\"wp-block-mac-container-block box-container\"><div class=\"wp-block-columns is-layout-flex wp-container-core-columns-is-layout-9d6595d7 wp-block-columns-is-layout-flex\"><div class=\"wp-block-column is-layout-flow wp-block-column-is-layout-flow\"><figure class=\"wp-block-video\"><video height=\"826\" style=\"aspect-ratio: 1200 \/ 826;\" width=\"1200\" controls poster=\"https:\/\/www.maccaferri.com\/wp-content\/uploads\/2023\/03\/mac-s-1.png\" src=\"https:\/\/www.maccaferri.com\/wp-content\/uploads\/2023\/03\/Diseno-de-aplicaciones-de-suelo-grapado-con-el-online-software-Mac-S-Design-En-vivo-1.mp4\"><\/video><\/figure><\/div><\/div><\/div><div class=\"content-document-dowload\">\n    <div class=\"container-fluid box-container\">\n        <div class=\"row\">\n            <div class=\"col-12\">\n            <h2>Baixe os Documentos<\/h2>\n            <\/div>\n        <\/div>\n    <\/div>\n    <div class=\"content-fluid has-white-background-color has-background\"><div class=\"content-document-dowload box-container\"><ul><li><a href=\"https:\/\/www.maccaferri.com\/br\/download\/webinar-mac-s-design-slides-esp\/\" target=\"_blank\" title=\"Baixe slides do webinar MAC-S Design em espanhol\">Baixe slides do webinar MAC-S Design em espanhol<\/a><a href=\"https:\/\/www.maccaferri.com\/br\/dashboard\" class=\"btn-dowload\" data-bs-toggle=\"tooltip\" data-bs-placement=\"top\" title=\"Baixe slides do webinar MAC-S Design em espanhol\"><span class=\"material-symbols-outlined download\">sim_card_download<\/span><\/a><\/li><li><a href=\"https:\/\/www.maccaferri.com\/br\/download\/scientific-reference-manual\/\" target=\"_blank\" title=\"Manual de refer\u00eancia cient\u00edfica Maccaferri\">Manual de refer\u00eancia cient\u00edfica Maccaferri<\/a><a href=\"https:\/\/www.maccaferri.com\/br\/dashboard\" class=\"btn-dowload\" data-bs-toggle=\"tooltip\" data-bs-placement=\"top\" title=\"Manual de refer\u00eancia cient\u00edfica Maccaferri\"><span class=\"material-symbols-outlined download\">sim_card_download<\/span><\/a><\/li><\/ul><\/div><\/div><\/div>\n\n<script type=\"text\/javascript\">\n    jQuery('.btn-file-download').click(function(e) {\n        e.preventDefault();\n        let idFile = jQuery(this).data('id-file');\n        window.open('https:\/\/www.maccaferri.com\/br\/?wpdmdl=' + idFile);\n        return false;\n    });\n    \/\/tooltip\n    var tooltipTriggerList = [].slice.call(document.querySelectorAll('[data-bs-toggle=\"tooltip\"]'))\n    var tooltipList = tooltipTriggerList.map(function(tooltipTriggerEl) {\n        return new bootstrap.Tooltip(tooltipTriggerEl)\n    })\n<\/script>","protected":false},"excerpt":{"rendered":"","protected":false},"author":6,"featured_media":0,"parent":0,"menu_order":0,"comment_status":"closed","ping_status":"closed","template":"","meta":{"_acf_changed":false,"_joinchat":[],"footnotes":""},"class_list":["post-11910","page","type-page","status-publish","hentry"],"acf":{"uuid_products":"","product-documents":[11958,11953]},"yoast_head":"<!-- This site is optimized with the Yoast SEO Premium plugin v27.0 (Yoast SEO v27.0) - https:\/\/yoast.com\/product\/yoast-seo-premium-wordpress\/ -->\n<title>Webinar: dise\u00f1o de suelo grapado con software MAC S Design<\/title>\n<meta name=\"description\" content=\"Aprenda a projetar aplica\u00e7\u00f5es de solo grampeado com o software MAC S Design nesse webinar da Maccaferri. Confira o conte\u00fado completo!\" \/>\n<meta name=\"robots\" content=\"index, follow, max-snippet:-1, max-image-preview:large, max-video-preview:-1\" \/>\n<link rel=\"canonical\" href=\"https:\/\/www.maccaferri.com\/br\/webinar-diseno-de-aplicaciones-de-suelo-grapado-con-el-online-software-mac-s-design-esp\/\" \/>\n<meta property=\"og:locale\" content=\"pt_BR\" \/>\n<meta property=\"og:type\" content=\"article\" \/>\n<meta property=\"og:description\" content=\"Aprenda a projetar aplica\u00e7\u00f5es de solo grampeado com o software MAC S Design nesse webinar da Maccaferri. Confira o conte\u00fado completo!\" \/>\n<meta property=\"og:url\" content=\"https:\/\/www.maccaferri.com\/br\/webinar-diseno-de-aplicaciones-de-suelo-grapado-con-el-online-software-mac-s-design-esp\/\" \/>\n<meta property=\"og:site_name\" content=\"Maccaferri Brasil\" \/>\n<meta property=\"article:modified_time\" content=\"2025-06-30T20:15:07+00:00\" \/>\n<meta property=\"og:image\" content=\"https:\/\/www.maccaferri.com\/br\/wp-content\/uploads\/2023\/07\/soil-nailing-1-2.png\" \/>\n<meta name=\"twitter:card\" content=\"summary_large_image\" \/>\n<meta name=\"twitter:label1\" content=\"Est. reading time\" \/>\n\t<meta name=\"twitter:data1\" content=\"1 minute\" \/>\n<!-- \/ Yoast SEO Premium plugin. -->","yoast_head_json":{"title":"Webinar: dise\u00f1o de suelo grapado con software MAC S Design","description":"Aprenda a projetar aplica\u00e7\u00f5es de solo grampeado com o software MAC S Design nesse webinar da Maccaferri. Confira o conte\u00fado completo!","robots":{"index":"index","follow":"follow","max-snippet":"max-snippet:-1","max-image-preview":"max-image-preview:large","max-video-preview":"max-video-preview:-1"},"canonical":"https:\/\/www.maccaferri.com\/br\/webinar-diseno-de-aplicaciones-de-suelo-grapado-con-el-online-software-mac-s-design-esp\/","og_locale":"pt_BR","og_type":"article","og_description":"Aprenda a projetar aplica\u00e7\u00f5es de solo grampeado com o software MAC S Design nesse webinar da Maccaferri. Confira o conte\u00fado completo!","og_url":"https:\/\/www.maccaferri.com\/br\/webinar-diseno-de-aplicaciones-de-suelo-grapado-con-el-online-software-mac-s-design-esp\/","og_site_name":"Maccaferri Brasil","article_modified_time":"2025-06-30T20:15:07+00:00","og_image":[{"url":"https:\/\/www.maccaferri.com\/br\/wp-content\/uploads\/2023\/07\/soil-nailing-1-2.png","type":"","width":"","height":""}],"twitter_card":"summary_large_image","twitter_misc":{"Est. reading time":"1 minute"},"schema":{"@context":"https:\/\/schema.org","@graph":[{"@type":"WebPage","@id":"https:\/\/www.maccaferri.com\/br\/webinar-diseno-de-aplicaciones-de-suelo-grapado-con-el-online-software-mac-s-design-esp\/","url":"https:\/\/www.maccaferri.com\/br\/webinar-diseno-de-aplicaciones-de-suelo-grapado-con-el-online-software-mac-s-design-esp\/","name":"Webinar: dise\u00f1o de suelo grapado con software MAC S Design","isPartOf":{"@id":"https:\/\/www.maccaferri.com\/br\/#website"},"primaryImageOfPage":{"@id":"https:\/\/www.maccaferri.com\/br\/webinar-diseno-de-aplicaciones-de-suelo-grapado-con-el-online-software-mac-s-design-esp\/#primaryimage"},"image":{"@id":"https:\/\/www.maccaferri.com\/br\/webinar-diseno-de-aplicaciones-de-suelo-grapado-con-el-online-software-mac-s-design-esp\/#primaryimage"},"thumbnailUrl":"https:\/\/www.maccaferri.com\/br\/wp-content\/uploads\/2023\/07\/soil-nailing-1-2.png","datePublished":"2023-03-03T17:39:12+00:00","dateModified":"2025-06-30T20:15:07+00:00","description":"Aprenda a projetar aplica\u00e7\u00f5es de solo grampeado com o software MAC S Design nesse webinar da Maccaferri. Confira o conte\u00fado completo!","inLanguage":"pt-BR","potentialAction":[{"@type":"ReadAction","target":["https:\/\/www.maccaferri.com\/br\/webinar-diseno-de-aplicaciones-de-suelo-grapado-con-el-online-software-mac-s-design-esp\/"]}]},{"@type":"ImageObject","inLanguage":"pt-BR","@id":"https:\/\/www.maccaferri.com\/br\/webinar-diseno-de-aplicaciones-de-suelo-grapado-con-el-online-software-mac-s-design-esp\/#primaryimage","url":"https:\/\/www.maccaferri.com\/br\/wp-content\/uploads\/2023\/07\/soil-nailing-1-2.png","contentUrl":"https:\/\/www.maccaferri.com\/br\/wp-content\/uploads\/2023\/07\/soil-nailing-1-2.png","width":1915,"height":530},{"@type":"WebSite","@id":"https:\/\/www.maccaferri.com\/br\/#website","url":"https:\/\/www.maccaferri.com\/br\/","name":"Maccaferri Brasil","description":"","publisher":{"@id":"https:\/\/www.maccaferri.com\/br\/#organization"},"potentialAction":[{"@type":"SearchAction","target":{"@type":"EntryPoint","urlTemplate":"https:\/\/www.maccaferri.com\/br\/?s={search_term_string}"},"query-input":{"@type":"PropertyValueSpecification","valueRequired":true,"valueName":"search_term_string"}}],"inLanguage":"pt-BR"},{"@type":"Organization","@id":"https:\/\/www.maccaferri.com\/br\/#organization","name":"Maccaferri do Brasil","alternateName":"Maccaferri","url":"https:\/\/www.maccaferri.com\/br\/","logo":{"@type":"ImageObject","inLanguage":"pt-BR","@id":"https:\/\/www.maccaferri.com\/br\/#\/schema\/logo\/image\/","url":"https:\/\/www.maccaferri.com\/br\/wp-content\/uploads\/2022\/07\/logo-maccaferri.png","contentUrl":"https:\/\/www.maccaferri.com\/br\/wp-content\/uploads\/2022\/07\/logo-maccaferri.png","width":152,"height":32,"caption":"Maccaferri do Brasil"},"image":{"@id":"https:\/\/www.maccaferri.com\/br\/#\/schema\/logo\/image\/"}}]}},"_links":{"self":[{"href":"https:\/\/www.maccaferri.com\/br\/wp-json\/wp\/v2\/pages\/11910","targetHints":{"allow":["GET"]}}],"collection":[{"href":"https:\/\/www.maccaferri.com\/br\/wp-json\/wp\/v2\/pages"}],"about":[{"href":"https:\/\/www.maccaferri.com\/br\/wp-json\/wp\/v2\/types\/page"}],"author":[{"embeddable":true,"href":"https:\/\/www.maccaferri.com\/br\/wp-json\/wp\/v2\/users\/6"}],"replies":[{"embeddable":true,"href":"https:\/\/www.maccaferri.com\/br\/wp-json\/wp\/v2\/comments?post=11910"}],"version-history":[{"count":11,"href":"https:\/\/www.maccaferri.com\/br\/wp-json\/wp\/v2\/pages\/11910\/revisions"}],"predecessor-version":[{"id":102276,"href":"https:\/\/www.maccaferri.com\/br\/wp-json\/wp\/v2\/pages\/11910\/revisions\/102276"}],"acf:post":[{"embeddable":true,"href":"https:\/\/www.maccaferri.com\/br\/wp-json\/wp\/v2\/wpdmpro\/11953"},{"embeddable":true,"href":"https:\/\/www.maccaferri.com\/br\/wp-json\/wp\/v2\/wpdmpro\/11958"}],"wp:attachment":[{"href":"https:\/\/www.maccaferri.com\/br\/wp-json\/wp\/v2\/media?parent=11910"}],"curies":[{"name":"wp","href":"https:\/\/api.w.org\/{rel}","templated":true}]}}