{"id":10194,"date":"2023-02-13T20:33:50","date_gmt":"2023-02-13T19:33:50","guid":{"rendered":"https:\/\/www.maccaferri.com\/br\/?page_id=10194"},"modified":"2025-07-01T14:15:23","modified_gmt":"2025-07-01T12:15:23","slug":"geomembranas-macline","status":"publish","type":"page","link":"https:\/\/www.maccaferri.com\/br\/geomembranas-macline\/","title":{"rendered":""},"content":{"rendered":"<div class=\"wp-block-mac-h1-title-hero-block container-fluid block-txt-container\" style=\"background:linear-gradient(180deg,rgb(1,94,111) 0%,rgb(0,72,87) 100%)\"><div class=\"row\"><div class=\"col\"><div class=\"gts__picture\"><img decoding=\"async\" src=\"https:\/\/www.maccaferri.com\/br\/wp-content\/uploads\/2022\/12\/Piggybacking_1.jpg\" style=\"display:none\" \/><div class=\"gts__picture__image\" style=\"background-image:url(https:\/\/www.maccaferri.com\/br\/wp-content\/uploads\/2022\/12\/Piggybacking_1.jpg)\"><\/div><\/div><div class=\"container box-container\"><div class=\"row\"><div class=\"col title-box-txt\"><h1 class=\"wp-block-mac-h1-title-hero-block\" style=\"color:#ffffff;text-align:none\">GEOMEMBRANAS &#8211; MACLINE<\/h1><\/div><\/div><\/div><\/div><\/div><\/div><div class=\"wp-block-mac-container-block box-container\"><div class=\"wp-block-columns is-layout-flex wp-container-core-columns-is-layout-9d6595d7 wp-block-columns-is-layout-flex\"><div class=\"wp-block-column is-layout-flow wp-block-column-is-layout-flow\"><div class=\"container content-paragraph box-container\"><div class=\"row\"><div class=\"col-12 col-lg-12 col-xl-12 col-xxl-12\"><div class=\"content-txt\"><p>As geomembranas MacLine\u00ae s\u00e3o produzidas com PEAD, a partir de resinas virgens e estabilizadas com os mais modernos aditivos do mercado, conferindo-lhes excelentes caracter\u00edsticas mec\u00e2nicas, \u00f3tima compatibilidade qu\u00edmica, flexibilidade e perfeita soldabilidade.<br \/>\nDevido a sua baix\u00edssima permeabilidade, s\u00e3o utilizadas como barreira para l\u00edquidos e gases, sendo disponibilizadas em v\u00e1rias espessuras, em fun\u00e7\u00e3o do tipo de aplica\u00e7\u00e3o a que se destinam<\/p>\n<p>&nbsp;<\/p>\n<p>&nbsp;<\/p>\n<\/div><\/div><\/div><\/div><\/div><\/div><\/div><div class=\"wp-block-mac-container-block box-container\"><div class=\"wp-block-columns is-layout-flex wp-container-core-columns-is-layout-9d6595d7 wp-block-columns-is-layout-flex\"><div class=\"wp-block-column is-layout-flow wp-block-column-is-layout-flow\"><div class=\"wp-block-mac-h4-title-block block-txt-container box-container\"><div class=\"row\"><div class=\"col title-box-txt\"><h5 style=\"color:#212429;text-align:center\">Precisa de mais informa\u00e7\u00f5es? <br><br>Precisa de mais informa\u00e7\u00f5es? Conhe\u00e7a toda a linha de Geomembranas MacLine\u00ae<\/h5><br><\/div><\/div><\/div><\/div><\/div><\/div><div class=\"wp-block-mac-container-block box-container\"><div class=\"wp-block-columns is-layout-flex wp-container-core-columns-is-layout-9d6595d7 wp-block-columns-is-layout-flex\"><div class=\"wp-block-column is-layout-flow wp-block-column-is-layout-flow\"><div class=\"wp-block-mac-container-block box-container\"><div class=\"wp-block-columns is-layout-flex wp-container-core-columns-is-layout-9d6595d7 wp-block-columns-is-layout-flex\"><div class=\"wp-block-column is-layout-flow wp-block-column-is-layout-flow\"><figure class=\"wp-block-gallery has-nested-images columns-default is-cropped wp-block-gallery-1 is-layout-flex wp-block-gallery-is-layout-flex\"><figure class=\"wp-block-image size-full\"><img fetchpriority=\"high\" decoding=\"async\" width=\"300\" height=\"300\" data-id=\"10285\" src=\"https:\/\/www.maccaferri.com\/br\/wp-content\/uploads\/2023\/02\/MicrosoftTeams-image-4.png\" alt=\"\" class=\"wp-image-10285\" srcset=\"https:\/\/www.maccaferri.com\/br\/wp-content\/uploads\/2023\/02\/MicrosoftTeams-image-4.png 300w, https:\/\/www.maccaferri.com\/br\/wp-content\/uploads\/2023\/02\/MicrosoftTeams-image-4-150x150.png 150w, https:\/\/www.maccaferri.com\/br\/wp-content\/uploads\/2023\/02\/MicrosoftTeams-image-4-120x120.png 120w\" sizes=\"(max-width: 300px) 100vw, 300px\" \/><figcaption>Impermeabiliza\u00e7\u00e3o de c\u00e9lulas de aterros sanit\u00e1rios<\/figcaption><\/figure>\n\n<figure class=\"wp-block-image size-full\"><img decoding=\"async\" width=\"300\" height=\"300\" data-id=\"10290\" src=\"https:\/\/www.maccaferri.com\/br\/wp-content\/uploads\/2023\/02\/MicrosoftTeams-image-1.png\" alt=\"\" class=\"wp-image-10290\" srcset=\"https:\/\/www.maccaferri.com\/br\/wp-content\/uploads\/2023\/02\/MicrosoftTeams-image-1.png 300w, https:\/\/www.maccaferri.com\/br\/wp-content\/uploads\/2023\/02\/MicrosoftTeams-image-1-150x150.png 150w, https:\/\/www.maccaferri.com\/br\/wp-content\/uploads\/2023\/02\/MicrosoftTeams-image-1-120x120.png 120w\" sizes=\"(max-width: 300px) 100vw, 300px\" \/><figcaption>Impermeabiliza\u00e7\u00e3o de lagos de tratamento de \u00e1gua e esgoto<\/figcaption><\/figure>\n\n<figure class=\"wp-block-image size-full\"><img decoding=\"async\" width=\"300\" height=\"300\" data-id=\"10296\" src=\"https:\/\/www.maccaferri.com\/br\/wp-content\/uploads\/2023\/02\/MicrosoftTeams-image-3.png\" alt=\"\" class=\"wp-image-10296\" srcset=\"https:\/\/www.maccaferri.com\/br\/wp-content\/uploads\/2023\/02\/MicrosoftTeams-image-3.png 300w, https:\/\/www.maccaferri.com\/br\/wp-content\/uploads\/2023\/02\/MicrosoftTeams-image-3-150x150.png 150w, https:\/\/www.maccaferri.com\/br\/wp-content\/uploads\/2023\/02\/MicrosoftTeams-image-3-120x120.png 120w\" sizes=\"(max-width: 300px) 100vw, 300px\" \/><figcaption>Impermeabiliza\u00e7\u00e3o de reservat\u00f3rios de \u00e1gua<\/figcaption><\/figure><\/figure><\/div><\/div><\/div><\/div><\/div><\/div><div class=\"wp-block-mac-container-block box-container\"><div class=\"wp-block-columns is-layout-flex wp-container-core-columns-is-layout-9d6595d7 wp-block-columns-is-layout-flex\"><div class=\"wp-block-column is-layout-flow wp-block-column-is-layout-flow\"><div class=\"wp-block-mac-container-block box-container\"><div class=\"wp-block-columns is-layout-flex wp-container-core-columns-is-layout-9d6595d7 wp-block-columns-is-layout-flex\"><div class=\"wp-block-column is-layout-flow wp-block-column-is-layout-flow\"><div class=\"wp-block-mac-h4-title-block block-txt-container box-container\"><div class=\"row\"><div class=\"col title-box-txt\"><h5 style=\"color:#212429;text-align:center\">Solu\u00e7\u00f5es para barreiras de fluxo<\/h5><br><\/div><\/div><\/div><\/div><\/div><\/div><\/div><\/div><\/div><div class=\"wp-block-mac-container-block box-container\"><div class=\"wp-block-columns is-layout-flex wp-container-core-columns-is-layout-9d6595d7 wp-block-columns-is-layout-flex\"><div class=\"wp-block-column is-layout-flow wp-block-column-is-layout-flow\"><div class=\"wp-block-mac-banner-title-cta  box-container block-cta\" style=\"background:#015E6F\"><div class=\"container box-container\"><div class=\"row\"><div class=\"col-2 col-sm-2 col-md-2 col-lg-2 col-xl-2 col-xxl-2\"><div class=\"box-image\"><img decoding=\"async\" class=\"image\" src=\"https:\/\/www.maccaferri.com\/br\/wp-content\/uploads\/2022\/11\/img-banner-software.png\" alt=\"Image\" \/><\/div><\/div><div class=\"col-7 col-sm-7 col-md-7 col-lg-7 col-xl-7 col-xxl-7\"><div class=\"banner-box-txt\" style=\"text-align:default\"><h4 class=\"title\">Clique aqui e baixe nosso material sobre como nossas solu\u00e7\u00f5es auxiliam em obras de barreiras de fluxo<\/h4><\/div><\/div><div class=\"col-3 col-sm-3 col-md-3 col-lg-3 col-xl-3 col-xxl-3\"><div class=\"button-box-txt\"><a href=\"https:\/\/www.maccaferri.com\/br\/download\/br-flyer-volante-macline-pt_mar21-pdf\/\" target=\"_blank\" class=\"buttonurl\" rel=\"noopener\"><span class=\"buttontext\">Download<\/span><\/a><\/div><\/div><\/div><\/div><\/div><\/div><\/div><\/div><div class=\"wp-block-mac-container-block box-container\"><div class=\"wp-block-columns is-layout-flex wp-container-core-columns-is-layout-9d6595d7 wp-block-columns-is-layout-flex\"><div class=\"wp-block-column is-layout-flow wp-block-column-is-layout-flow\"><div class=\"container content-paragraph box-container\"><div class=\"row\"><div class=\"col-12 col-lg-12 col-xl-12 col-xxl-12\"><h6>Preencha o formul\u00e1rio abaixo para solicitar sua Cota\u00e7\u00e3o \/ Suporte T\u00e9cnico<\/h6><\/div><\/div><\/div><\/div>\n\n<div class=\"wp-block-column is-layout-flow wp-block-column-is-layout-flow\"><div class=\"container content-paragraph box-container\"><div class=\"row\"><div class=\"col-12 col-lg-12 col-xl-12 col-xxl-12\"><h6>Contate-nos<\/h6><\/div><\/div><\/div>\n\n<div class=\"wp-block-buttons is-layout-flex wp-block-buttons-is-layout-flex\"><div class=\"wp-block-button aligncenter\"><a class=\"wp-block-button__link has-luminous-vivid-orange-background-color has-background\" href=\"https:\/\/wa.me\/5511986266004\"><img loading=\"lazy\" decoding=\"async\" width=\"3500\" height=\"3516\" class=\"wp-image-9208\" style=\"width: 15px\" src=\"https:\/\/www.maccaferri.com\/br\/wp-content\/uploads\/2023\/01\/whatsapp-logo-1.png\" alt=\"\" srcset=\"https:\/\/www.maccaferri.com\/br\/wp-content\/uploads\/2023\/01\/whatsapp-logo-1.png 3500w, https:\/\/www.maccaferri.com\/br\/wp-content\/uploads\/2023\/01\/whatsapp-logo-1-300x300.png 300w, https:\/\/www.maccaferri.com\/br\/wp-content\/uploads\/2023\/01\/whatsapp-logo-1-1019x1024.png 1019w, https:\/\/www.maccaferri.com\/br\/wp-content\/uploads\/2023\/01\/whatsapp-logo-1-150x150.png 150w, https:\/\/www.maccaferri.com\/br\/wp-content\/uploads\/2023\/01\/whatsapp-logo-1-768x772.png 768w, https:\/\/www.maccaferri.com\/br\/wp-content\/uploads\/2023\/01\/whatsapp-logo-1-1529x1536.png 1529w, https:\/\/www.maccaferri.com\/br\/wp-content\/uploads\/2023\/01\/whatsapp-logo-1-2039x2048.png 2039w\" sizes=\"(max-width: 3500px) 100vw, 3500px\" \/> Whatsapp: <strong>(11)98626-6004<\/strong><\/a><\/div><\/div>\n\n<div class=\"wp-block-buttons is-content-justification-center is-layout-flex wp-container-core-buttons-is-layout-16018d1d wp-block-buttons-is-layout-flex\"><div class=\"wp-block-button\"><a class=\"wp-block-button__link\" href=\"tel:551145255000\">Telefone: <strong>(11)4525-5000<\/strong><\/a><\/div><\/div>\n\n<div class=\"wp-block-buttons is-content-justification-center is-layout-flex wp-container-core-buttons-is-layout-16018d1d wp-block-buttons-is-layout-flex\"><div class=\"wp-block-button\"><a class=\"wp-block-button__link\" href=\"mailto:info.br@maccaferri.com\">EMAIL: <strong>info.br@MACCAFERRI.COM<\/strong><\/a><\/div><\/div><\/div><\/div><\/div><div class=\"wp-block-mac-container-block box-container\"><div class=\"wp-block-columns is-layout-flex wp-container-core-columns-is-layout-9d6595d7 wp-block-columns-is-layout-flex\"><div class=\"wp-block-column is-layout-flow wp-block-column-is-layout-flow\"><div class=\"wp-block-mac-container-block box-container\"><div class=\"wp-block-columns is-layout-flex wp-container-core-columns-is-layout-9d6595d7 wp-block-columns-is-layout-flex\"><div class=\"wp-block-column is-layout-flow wp-block-column-is-layout-flow\"><div class=\"wp-block-mac-h4-title-block block-txt-container box-container\"><div class=\"row\"><div class=\"col title-box-txt\"><h4 style=\"color:#212429;text-align:center\">Encontre nossa unidade mais pr\u00f3xima<\/h4><br><\/div><\/div><\/div>\n\n<div class=\"container content-paragraph box-container\"><div class=\"row\"><div class=\"col-12 col-lg-12 col-xl-12 col-xxl-12\"><div class=\"content-txt\"><p style=\"text-align: center\">\n<\/div><\/div><\/div><\/div><\/div><\/div><\/div><\/div><\/div><\/div>","protected":false},"excerpt":{"rendered":"","protected":false},"author":20,"featured_media":0,"parent":0,"menu_order":0,"comment_status":"closed","ping_status":"closed","template":"","meta":{"_acf_changed":false,"_joinchat":[],"footnotes":""},"class_list":["post-10194","page","type-page","status-publish","hentry"],"acf":{"uuid_products":"","product-documents":""},"yoast_head":"<!-- This site is optimized with the Yoast SEO Premium plugin v27.0 (Yoast SEO v27.0) - https:\/\/yoast.com\/product\/yoast-seo-premium-wordpress\/ -->\n<title>Geomembranas MacLine para obras de infraestrutura<\/title>\n<meta name=\"description\" content=\"As geomembranas MacLine da Maccaferri s\u00e3o ideais para impermeabiliza\u00e7\u00e3o em diversas obras. Conhe\u00e7a suas caracter\u00edsticas e vantagens!\" \/>\n<meta name=\"robots\" content=\"index, follow, max-snippet:-1, max-image-preview:large, max-video-preview:-1\" \/>\n<link rel=\"canonical\" href=\"https:\/\/www.maccaferri.com\/br\/geomembranas-macline\/\" \/>\n<meta property=\"og:locale\" content=\"pt_BR\" \/>\n<meta property=\"og:type\" content=\"article\" \/>\n<meta property=\"og:description\" content=\"As geomembranas MacLine da Maccaferri s\u00e3o ideais para impermeabiliza\u00e7\u00e3o em diversas obras. Conhe\u00e7a suas caracter\u00edsticas e vantagens!\" \/>\n<meta property=\"og:url\" content=\"https:\/\/www.maccaferri.com\/br\/geomembranas-macline\/\" \/>\n<meta property=\"og:site_name\" content=\"Maccaferri Brasil\" \/>\n<meta property=\"article:modified_time\" content=\"2025-07-01T12:15:23+00:00\" \/>\n<meta property=\"og:image\" content=\"https:\/\/www.maccaferri.com\/br\/wp-content\/uploads\/2022\/12\/Piggybacking_1.jpg\" \/>\n<meta name=\"twitter:card\" content=\"summary_large_image\" \/>\n<meta name=\"twitter:label1\" content=\"Est. reading time\" \/>\n\t<meta name=\"twitter:data1\" content=\"2 minutes\" \/>\n<!-- \/ Yoast SEO Premium plugin. -->","yoast_head_json":{"title":"Geomembranas MacLine para obras de infraestrutura","description":"As geomembranas MacLine da Maccaferri s\u00e3o ideais para impermeabiliza\u00e7\u00e3o em diversas obras. Conhe\u00e7a suas caracter\u00edsticas e vantagens!","robots":{"index":"index","follow":"follow","max-snippet":"max-snippet:-1","max-image-preview":"max-image-preview:large","max-video-preview":"max-video-preview:-1"},"canonical":"https:\/\/www.maccaferri.com\/br\/geomembranas-macline\/","og_locale":"pt_BR","og_type":"article","og_description":"As geomembranas MacLine da Maccaferri s\u00e3o ideais para impermeabiliza\u00e7\u00e3o em diversas obras. Conhe\u00e7a suas caracter\u00edsticas e vantagens!","og_url":"https:\/\/www.maccaferri.com\/br\/geomembranas-macline\/","og_site_name":"Maccaferri Brasil","article_modified_time":"2025-07-01T12:15:23+00:00","og_image":[{"url":"https:\/\/www.maccaferri.com\/br\/wp-content\/uploads\/2022\/12\/Piggybacking_1.jpg","type":"","width":"","height":""}],"twitter_card":"summary_large_image","twitter_misc":{"Est. reading time":"2 minutes"},"schema":{"@context":"https:\/\/schema.org","@graph":[{"@type":"WebPage","@id":"https:\/\/www.maccaferri.com\/br\/geomembranas-macline\/","url":"https:\/\/www.maccaferri.com\/br\/geomembranas-macline\/","name":"Geomembranas MacLine para obras de infraestrutura","isPartOf":{"@id":"https:\/\/www.maccaferri.com\/br\/#website"},"primaryImageOfPage":{"@id":"https:\/\/www.maccaferri.com\/br\/geomembranas-macline\/#primaryimage"},"image":{"@id":"https:\/\/www.maccaferri.com\/br\/geomembranas-macline\/#primaryimage"},"thumbnailUrl":"https:\/\/www.maccaferri.com\/br\/wp-content\/uploads\/2022\/12\/Piggybacking_1.jpg","datePublished":"2023-02-13T19:33:50+00:00","dateModified":"2025-07-01T12:15:23+00:00","description":"As geomembranas MacLine da Maccaferri s\u00e3o ideais para impermeabiliza\u00e7\u00e3o em diversas obras. Conhe\u00e7a suas caracter\u00edsticas e vantagens!","inLanguage":"pt-BR","potentialAction":[{"@type":"ReadAction","target":["https:\/\/www.maccaferri.com\/br\/geomembranas-macline\/"]}]},{"@type":"ImageObject","inLanguage":"pt-BR","@id":"https:\/\/www.maccaferri.com\/br\/geomembranas-macline\/#primaryimage","url":"https:\/\/www.maccaferri.com\/br\/wp-content\/uploads\/2022\/12\/Piggybacking_1.jpg","contentUrl":"https:\/\/www.maccaferri.com\/br\/wp-content\/uploads\/2022\/12\/Piggybacking_1.jpg","width":1850,"height":717},{"@type":"WebSite","@id":"https:\/\/www.maccaferri.com\/br\/#website","url":"https:\/\/www.maccaferri.com\/br\/","name":"Maccaferri Brasil","description":"","publisher":{"@id":"https:\/\/www.maccaferri.com\/br\/#organization"},"potentialAction":[{"@type":"SearchAction","target":{"@type":"EntryPoint","urlTemplate":"https:\/\/www.maccaferri.com\/br\/?s={search_term_string}"},"query-input":{"@type":"PropertyValueSpecification","valueRequired":true,"valueName":"search_term_string"}}],"inLanguage":"pt-BR"},{"@type":"Organization","@id":"https:\/\/www.maccaferri.com\/br\/#organization","name":"Maccaferri do Brasil","alternateName":"Maccaferri","url":"https:\/\/www.maccaferri.com\/br\/","logo":{"@type":"ImageObject","inLanguage":"pt-BR","@id":"https:\/\/www.maccaferri.com\/br\/#\/schema\/logo\/image\/","url":"https:\/\/www.maccaferri.com\/br\/wp-content\/uploads\/2022\/07\/logo-maccaferri.png","contentUrl":"https:\/\/www.maccaferri.com\/br\/wp-content\/uploads\/2022\/07\/logo-maccaferri.png","width":152,"height":32,"caption":"Maccaferri do Brasil"},"image":{"@id":"https:\/\/www.maccaferri.com\/br\/#\/schema\/logo\/image\/"}}]}},"_links":{"self":[{"href":"https:\/\/www.maccaferri.com\/br\/wp-json\/wp\/v2\/pages\/10194","targetHints":{"allow":["GET"]}}],"collection":[{"href":"https:\/\/www.maccaferri.com\/br\/wp-json\/wp\/v2\/pages"}],"about":[{"href":"https:\/\/www.maccaferri.com\/br\/wp-json\/wp\/v2\/types\/page"}],"author":[{"embeddable":true,"href":"https:\/\/www.maccaferri.com\/br\/wp-json\/wp\/v2\/users\/20"}],"replies":[{"embeddable":true,"href":"https:\/\/www.maccaferri.com\/br\/wp-json\/wp\/v2\/comments?post=10194"}],"version-history":[{"count":15,"href":"https:\/\/www.maccaferri.com\/br\/wp-json\/wp\/v2\/pages\/10194\/revisions"}],"predecessor-version":[{"id":96531,"href":"https:\/\/www.maccaferri.com\/br\/wp-json\/wp\/v2\/pages\/10194\/revisions\/96531"}],"wp:attachment":[{"href":"https:\/\/www.maccaferri.com\/br\/wp-json\/wp\/v2\/media?parent=10194"}],"curies":[{"name":"wp","href":"https:\/\/api.w.org\/{rel}","templated":true}]}}