{"id":8508,"date":"2023-01-18T11:43:33","date_gmt":"2023-01-18T10:43:33","guid":{"rendered":"https:\/\/www.maccaferri.com\/al?page_id=8508"},"modified":"2024-11-18T10:14:56","modified_gmt":"2024-11-18T09:14:56","slug":"thank-you","status":"publish","type":"page","link":"https:\/\/www.maccaferri.com\/al\/thank-you\/","title":{"rendered":"Thank you"},"content":{"rendered":"<div class=\"wp-block-mac-h1-title-hero-block container-fluid block-txt-container ico-contact-us\" style=\"background:linear-gradient(180deg,rgb(1,94,111) 0%,rgb(0,72,87) 100%)\"><div class=\"row\"><div class=\"col\"><div class=\"gts__picture\"><img style=\"display:none\"\/><div class=\"gts__picture__image\" style=\"background-image:url(undefined)\"><\/div><\/div><div class=\"container box-container\"><div class=\"row\"><div class=\"col title-box-txt\"><h1 class=\"wp-block-mac-h1-title-hero-block ico-contact-us\" style=\"color:#ffffff;text-align:center\">FALEMINDERIT P\u00cbR PLOT\u00cbSIMIN E FORMULARIT.<\/h1><\/div><\/div><\/div><\/div><\/div><\/div><div style=\"height:100px\" aria-hidden=\"true\" class=\"wp-block-spacer\"><\/div><p class=\"has-text-align-center has-large-font-size\"><strong>Ne i kemi marr\u00eb t\u00eb gjitha informacionet me sukses.<\/strong><\/p><div style=\"height:120px\" aria-hidden=\"true\" class=\"wp-block-spacer\"><\/div><p class=\"has-text-align-center\" style=\"font-size:27px\"><em><em><em><strong>\u00c7ojeni projektin tuaj m\u00eb tej<\/strong><\/em><\/em><\/em><\/p><div style=\"height:47px\" aria-hidden=\"true\" class=\"wp-block-spacer\"><\/div><div class=\"wp-block-columns is-layout-flex wp-container-core-columns-is-layout-9d6595d7 wp-block-columns-is-layout-flex\"><div class=\"wp-block-column is-vertically-aligned-center has-medium-font-size is-layout-flow wp-block-column-is-layout-flow\"><figure class=\"wp-block-image aligncenter size-full is-resized is-style-default\"><img decoding=\"async\" src=\"https:\/\/www.maccaferri.com\/wp-content\/uploads\/2024\/10\/lente.jpg\" alt=\"\" class=\"wp-image-83129\" style=\"width:150px\"\/><\/figure>\n\n<p class=\"has-text-align-center has-medium-font-size\"><em><em><em>Eksploroni burimet tona<\/em><\/em><\/em><\/p>\n\n<div class=\"wp-block-buttons is-content-justification-center is-layout-flex wp-container-core-buttons-is-layout-16018d1d wp-block-buttons-is-layout-flex\"><div class=\"wp-block-button has-custom-font-size is-style-fill has-small-font-size\"><a class=\"wp-block-button__link wp-element-button\" href=\"https:\/\/www.maccaferri.com\/al\/qendra-e-dijeve\/?_gl=1*l1u5ns*_up*MQ..*_ga*NDg5MDMxMDM3LjE3MzAzNzE5MzY.*_ga_G3M9415Z9W*MTczMDM3MTkzNi4xLjAuMTczMDM3MTkzNi4wLjAuMA..*_ga_5ZNY5P8FLW*MTczMDM3MTkzNi4xLjAuMTczMDM3MTkzNi4wLjAuMA..\">ZBULONI M\u00cb SHUM\u00cb<\/a><\/div><\/div><\/div>\n\n<div class=\"wp-block-column is-vertically-aligned-center is-layout-flow wp-block-column-is-layout-flow\"><figure class=\"wp-block-image aligncenter size-full is-resized is-style-default\"><img decoding=\"async\" src=\"https:\/\/www.maccaferri.com\/wp-content\/uploads\/2024\/10\/software.jpg\" alt=\"\" class=\"wp-image-83126\" style=\"width:150px\"\/><\/figure>\n\n<p class=\"has-text-align-center has-medium-font-size\"><em>Zbuloni Paket\u00ebn e Softuerit ton\u00eb<\/em><\/p>\n\n<div class=\"wp-block-buttons is-content-justification-center is-layout-flex wp-container-core-buttons-is-layout-16018d1d wp-block-buttons-is-layout-flex\"><div class=\"wp-block-button has-custom-font-size is-style-fill has-small-font-size\"><a class=\"wp-block-button__link wp-element-button\" href=\"https:\/\/www.maccaferri.com\/al\/maccaferri-paketa-e-softuerit\/?_gl=1*l1u5ns*_up*MQ..*_ga*NDg5MDMxMDM3LjE3MzAzNzE5MzY.*_ga_G3M9415Z9W*MTczMDM3MTkzNi4xLjAuMTczMDM3MTkzNi4wLjAuMA..*_ga_5ZNY5P8FLW*MTczMDM3MTkzNi4xLjAuMTczMDM3MTkzNi4wLjAuMA..\">ZBULONI M\u00cb SHUM\u00cb<\/a><\/div><\/div><\/div>\n\n<div class=\"wp-block-column is-vertically-aligned-center is-layout-flow wp-block-column-is-layout-flow\"><figure class=\"wp-block-image aligncenter size-full is-resized is-style-default\"><img decoding=\"async\" src=\"https:\/\/www.maccaferri.com\/wp-content\/uploads\/2024\/10\/documento.jpg\" alt=\"\" class=\"wp-image-83121\" style=\"width:150px\"\/><\/figure>\n\n<p class=\"has-text-align-center has-medium-font-size\"><em><em>M\u00ebsoni p\u00ebr Historit\u00eb tona t\u00eb Suksesit<\/em><\/em><\/p>\n\n<div class=\"wp-block-buttons is-content-justification-center is-layout-flex wp-container-core-buttons-is-layout-16018d1d wp-block-buttons-is-layout-flex\"><div class=\"wp-block-button has-custom-font-size is-style-fill has-small-font-size\"><a class=\"wp-block-button__link wp-element-button\" href=\"https:\/\/www.maccaferri.com\/al\/histori-suksesi\/?_gl=1*l1u5ns*_up*MQ..*_ga*NDg5MDMxMDM3LjE3MzAzNzE5MzY.*_ga_G3M9415Z9W*MTczMDM3MTkzNi4xLjAuMTczMDM3MTkzNi4wLjAuMA..*_ga_5ZNY5P8FLW*MTczMDM3MTkzNi4xLjAuMTczMDM3MTkzNi4wLjAuMA..\">ZBULONI M\u00cb SHUM\u00cb<\/a><\/div><\/div><\/div><\/div><div style=\"height:73px\" aria-hidden=\"true\" class=\"wp-block-spacer\"><\/div><div class=\"wp-block-columns is-layout-flex wp-container-core-columns-is-layout-9d6595d7 wp-block-columns-is-layout-flex\"><\/div>","protected":false},"excerpt":{"rendered":"<p>Ne i kemi marr\u00eb t\u00eb gjitha informacionet me sukses. \u00c7ojeni projektin tuaj m\u00eb tej Eksploroni burimet tona Zbuloni Paket\u00ebn e Softuerit ton\u00eb M\u00ebsoni p\u00ebr Historit\u00eb tona t\u00eb Suksesit<\/p>\n","protected":false},"author":1,"featured_media":0,"parent":0,"menu_order":0,"comment_status":"closed","ping_status":"closed","template":"","meta":{"_acf_changed":false,"_joinchat":[],"footnotes":""},"class_list":["post-8508","page","type-page","status-publish","hentry"],"acf":{"uuid_products":"","product-documents":""},"yoast_head":"<!-- This site is optimized with the Yoast SEO Premium plugin v27.0 (Yoast SEO v27.0) - https:\/\/yoast.com\/product\/yoast-seo-premium-wordpress\/ -->\n<title>Thank you - Maccaferri Balkans<\/title>\n<meta name=\"description\" content=\"FALEMINDERIT P\u00cbR PLOT\u00cbSIMIN E FORMULARIT. Ne i kemi marr\u00eb t\u00eb gjitha informacionet me sukses. \u00c7ojeni projektin tuaj m\u00eb tej Eksploroni burimet tona ZBULONI\" \/>\n<meta name=\"robots\" content=\"index, follow, max-snippet:-1, max-image-preview:large, max-video-preview:-1\" \/>\n<link rel=\"canonical\" href=\"https:\/\/www.maccaferri.com\/al\/thank-you\/\" \/>\n<meta property=\"og:locale\" content=\"sq_AL\" \/>\n<meta property=\"og:type\" content=\"article\" \/>\n<meta property=\"og:title\" content=\"Thank you - Maccaferri Balkans\" \/>\n<meta property=\"og:description\" content=\"FALEMINDERIT P\u00cbR PLOT\u00cbSIMIN E FORMULARIT. Ne i kemi marr\u00eb t\u00eb gjitha informacionet me sukses. \u00c7ojeni projektin tuaj m\u00eb tej Eksploroni burimet tona ZBULONI\" \/>\n<meta property=\"og:url\" content=\"https:\/\/www.maccaferri.com\/al\/thank-you\/\" \/>\n<meta property=\"og:site_name\" content=\"Maccaferri Balkans\" \/>\n<meta property=\"article:modified_time\" content=\"2024-11-18T09:14:56+00:00\" \/>\n<meta property=\"og:image\" content=\"https:\/\/www.maccaferri.com\/wp-content\/uploads\/2024\/10\/lente.jpg\" \/>\n<meta name=\"twitter:card\" content=\"summary_large_image\" \/>\n<meta name=\"twitter:label1\" content=\"Est. reading time\" \/>\n\t<meta name=\"twitter:data1\" content=\"1 minute\" \/>\n<script type=\"application\/ld+json\" class=\"yoast-schema-graph\">{\"@context\":\"https:\/\/schema.org\",\"@graph\":[{\"@type\":\"WebPage\",\"@id\":\"https:\/\/www.maccaferri.com\/al\/thank-you\/\",\"url\":\"https:\/\/www.maccaferri.com\/al\/thank-you\/\",\"name\":\"Thank you - Maccaferri Balkans\",\"isPartOf\":{\"@id\":\"https:\/\/www.maccaferri.com\/al\/#website\"},\"primaryImageOfPage\":{\"@id\":\"https:\/\/www.maccaferri.com\/al\/thank-you\/#primaryimage\"},\"image\":{\"@id\":\"https:\/\/www.maccaferri.com\/al\/thank-you\/#primaryimage\"},\"thumbnailUrl\":\"https:\/\/www.maccaferri.com\/wp-content\/uploads\/2024\/10\/lente.jpg\",\"datePublished\":\"2023-01-18T10:43:33+00:00\",\"dateModified\":\"2024-11-18T09:14:56+00:00\",\"description\":\"FALEMINDERIT P\u00cbR PLOT\u00cbSIMIN E FORMULARIT. Ne i kemi marr\u00eb t\u00eb gjitha informacionet me sukses. \u00c7ojeni projektin tuaj m\u00eb tej Eksploroni burimet tona ZBULONI\",\"inLanguage\":\"sq-AL\",\"potentialAction\":[{\"@type\":\"ReadAction\",\"target\":[\"https:\/\/www.maccaferri.com\/al\/thank-you\/\"]}]},{\"@type\":\"ImageObject\",\"inLanguage\":\"sq-AL\",\"@id\":\"https:\/\/www.maccaferri.com\/al\/thank-you\/#primaryimage\",\"url\":\"https:\/\/www.maccaferri.com\/wp-content\/uploads\/2024\/10\/lente.jpg\",\"contentUrl\":\"https:\/\/www.maccaferri.com\/wp-content\/uploads\/2024\/10\/lente.jpg\"},{\"@type\":\"WebSite\",\"@id\":\"https:\/\/www.maccaferri.com\/al\/#website\",\"url\":\"https:\/\/www.maccaferri.com\/al\/\",\"name\":\"Maccaferri Balkans\",\"description\":\"\",\"publisher\":{\"@id\":\"https:\/\/www.maccaferri.com\/al\/#organization\"},\"potentialAction\":[{\"@type\":\"SearchAction\",\"target\":{\"@type\":\"EntryPoint\",\"urlTemplate\":\"https:\/\/www.maccaferri.com\/al\/?s={search_term_string}\"},\"query-input\":{\"@type\":\"PropertyValueSpecification\",\"valueRequired\":true,\"valueName\":\"search_term_string\"}}],\"inLanguage\":\"sq-AL\"},{\"@type\":\"Organization\",\"@id\":\"https:\/\/www.maccaferri.com\/al\/#organization\",\"name\":\"Maccaferri Balkans\",\"url\":\"https:\/\/www.maccaferri.com\/al\/\",\"logo\":{\"@type\":\"ImageObject\",\"inLanguage\":\"sq-AL\",\"@id\":\"https:\/\/www.maccaferri.com\/al\/#\/schema\/logo\/image\/\",\"url\":\"https:\/\/www.maccaferri.com\/al\/wp-content\/uploads\/2022\/07\/logo-maccaferri.png\",\"contentUrl\":\"https:\/\/www.maccaferri.com\/al\/wp-content\/uploads\/2022\/07\/logo-maccaferri.png\",\"width\":152,\"height\":32,\"caption\":\"Maccaferri Balkans\"},\"image\":{\"@id\":\"https:\/\/www.maccaferri.com\/al\/#\/schema\/logo\/image\/\"}}]}<\/script>\n<!-- \/ Yoast SEO Premium plugin. -->","yoast_head_json":{"title":"Thank you - Maccaferri Balkans","description":"FALEMINDERIT P\u00cbR PLOT\u00cbSIMIN E FORMULARIT. Ne i kemi marr\u00eb t\u00eb gjitha informacionet me sukses. \u00c7ojeni projektin tuaj m\u00eb tej Eksploroni burimet tona ZBULONI","robots":{"index":"index","follow":"follow","max-snippet":"max-snippet:-1","max-image-preview":"max-image-preview:large","max-video-preview":"max-video-preview:-1"},"canonical":"https:\/\/www.maccaferri.com\/al\/thank-you\/","og_locale":"sq_AL","og_type":"article","og_title":"Thank you - Maccaferri Balkans","og_description":"FALEMINDERIT P\u00cbR PLOT\u00cbSIMIN E FORMULARIT. Ne i kemi marr\u00eb t\u00eb gjitha informacionet me sukses. \u00c7ojeni projektin tuaj m\u00eb tej Eksploroni burimet tona ZBULONI","og_url":"https:\/\/www.maccaferri.com\/al\/thank-you\/","og_site_name":"Maccaferri Balkans","article_modified_time":"2024-11-18T09:14:56+00:00","og_image":[{"url":"https:\/\/www.maccaferri.com\/wp-content\/uploads\/2024\/10\/lente.jpg","type":"","width":"","height":""}],"twitter_card":"summary_large_image","twitter_misc":{"Est. reading time":"1 minute"},"schema":{"@context":"https:\/\/schema.org","@graph":[{"@type":"WebPage","@id":"https:\/\/www.maccaferri.com\/al\/thank-you\/","url":"https:\/\/www.maccaferri.com\/al\/thank-you\/","name":"Thank you - Maccaferri Balkans","isPartOf":{"@id":"https:\/\/www.maccaferri.com\/al\/#website"},"primaryImageOfPage":{"@id":"https:\/\/www.maccaferri.com\/al\/thank-you\/#primaryimage"},"image":{"@id":"https:\/\/www.maccaferri.com\/al\/thank-you\/#primaryimage"},"thumbnailUrl":"https:\/\/www.maccaferri.com\/wp-content\/uploads\/2024\/10\/lente.jpg","datePublished":"2023-01-18T10:43:33+00:00","dateModified":"2024-11-18T09:14:56+00:00","description":"FALEMINDERIT P\u00cbR PLOT\u00cbSIMIN E FORMULARIT. Ne i kemi marr\u00eb t\u00eb gjitha informacionet me sukses. \u00c7ojeni projektin tuaj m\u00eb tej Eksploroni burimet tona ZBULONI","inLanguage":"sq-AL","potentialAction":[{"@type":"ReadAction","target":["https:\/\/www.maccaferri.com\/al\/thank-you\/"]}]},{"@type":"ImageObject","inLanguage":"sq-AL","@id":"https:\/\/www.maccaferri.com\/al\/thank-you\/#primaryimage","url":"https:\/\/www.maccaferri.com\/wp-content\/uploads\/2024\/10\/lente.jpg","contentUrl":"https:\/\/www.maccaferri.com\/wp-content\/uploads\/2024\/10\/lente.jpg"},{"@type":"WebSite","@id":"https:\/\/www.maccaferri.com\/al\/#website","url":"https:\/\/www.maccaferri.com\/al\/","name":"Maccaferri Balkans","description":"","publisher":{"@id":"https:\/\/www.maccaferri.com\/al\/#organization"},"potentialAction":[{"@type":"SearchAction","target":{"@type":"EntryPoint","urlTemplate":"https:\/\/www.maccaferri.com\/al\/?s={search_term_string}"},"query-input":{"@type":"PropertyValueSpecification","valueRequired":true,"valueName":"search_term_string"}}],"inLanguage":"sq-AL"},{"@type":"Organization","@id":"https:\/\/www.maccaferri.com\/al\/#organization","name":"Maccaferri Balkans","url":"https:\/\/www.maccaferri.com\/al\/","logo":{"@type":"ImageObject","inLanguage":"sq-AL","@id":"https:\/\/www.maccaferri.com\/al\/#\/schema\/logo\/image\/","url":"https:\/\/www.maccaferri.com\/al\/wp-content\/uploads\/2022\/07\/logo-maccaferri.png","contentUrl":"https:\/\/www.maccaferri.com\/al\/wp-content\/uploads\/2022\/07\/logo-maccaferri.png","width":152,"height":32,"caption":"Maccaferri Balkans"},"image":{"@id":"https:\/\/www.maccaferri.com\/al\/#\/schema\/logo\/image\/"}}]}},"_links":{"self":[{"href":"https:\/\/www.maccaferri.com\/al\/wp-json\/wp\/v2\/pages\/8508","targetHints":{"allow":["GET"]}}],"collection":[{"href":"https:\/\/www.maccaferri.com\/al\/wp-json\/wp\/v2\/pages"}],"about":[{"href":"https:\/\/www.maccaferri.com\/al\/wp-json\/wp\/v2\/types\/page"}],"author":[{"embeddable":true,"href":"https:\/\/www.maccaferri.com\/al\/wp-json\/wp\/v2\/users\/1"}],"replies":[{"embeddable":true,"href":"https:\/\/www.maccaferri.com\/al\/wp-json\/wp\/v2\/comments?post=8508"}],"version-history":[{"count":4,"href":"https:\/\/www.maccaferri.com\/al\/wp-json\/wp\/v2\/pages\/8508\/revisions"}],"predecessor-version":[{"id":80109,"href":"https:\/\/www.maccaferri.com\/al\/wp-json\/wp\/v2\/pages\/8508\/revisions\/80109"}],"wp:attachment":[{"href":"https:\/\/www.maccaferri.com\/al\/wp-json\/wp\/v2\/media?parent=8508"}],"curies":[{"name":"wp","href":"https:\/\/api.w.org\/{rel}","templated":true}]}}