{"id":83450,"date":"2023-02-20T12:29:24","date_gmt":"2023-02-20T11:29:24","guid":{"rendered":"https:\/\/www.maccaferri.com\/al\/?page_id=83450"},"modified":"2025-09-09T12:56:06","modified_gmt":"2025-09-09T10:56:06","slug":"fastmac","status":"publish","type":"page","link":"https:\/\/www.maccaferri.com\/al\/fastmac\/","title":{"rendered":"FastMac"},"content":{"rendered":"<div class=\"wp-block-mac-h1-title-hero-block container-fluid block-txt-container\" style=\"background:linear-gradient(180deg,rgb(1,94,111) 0%,rgb(0,72,87) 100%)\"><div class=\"row\"><div class=\"col\"><div class=\"gts__picture\"><img decoding=\"async\" src=\"https:\/\/www.maccaferri.com\/al\/wp-content\/uploads\/2025\/05\/FastMac_min-2.jpg\" style=\"display:none\"\/><div class=\"gts__picture__image\" style=\"background-image:url(https:\/\/www.maccaferri.com\/al\/wp-content\/uploads\/2025\/05\/FastMac_min-2.jpg)\"><\/div><\/div><div class=\"container box-container\"><div class=\"row\"><div class=\"col title-box-txt\"><h1 class=\"wp-block-mac-h1-title-hero-block\" style=\"color:#ffffff;text-align:none\">FastMac<\/h1><\/div><\/div><\/div><\/div><\/div><\/div><div class=\"wp-block-mac-container-block box-container\"><div class=\"wp-block-columns is-layout-flex wp-container-core-columns-is-layout-9d6595d7 wp-block-columns-is-layout-flex\"><div class=\"wp-block-column is-layout-flow wp-block-column-is-layout-flow\"><div class=\"container content-paragraph box-container\"><div class=\"row\"><div class=\"col-12 col-lg-12 col-xl-12 col-xxl-12\"><div class=\"content-txt\"><h2>Mjeti m\u00eb i shpejt\u00eb dhe m\u00eb i leht\u00eb p\u00ebr t\u00eb instaluar Gabione, Reno Mattress Plus dhe rrjet\u00eb teli t\u00eb p\u00ebrdredhur dyfisht\u00eb.<\/h2>\n<\/div><\/div><\/div><\/div>\n\n<div class=\"wp-block-mac-container-block box-container\"><div class=\"wp-block-columns is-layout-flex wp-container-core-columns-is-layout-9d6595d7 wp-block-columns-is-layout-flex\"><div class=\"wp-block-column is-layout-flow wp-block-column-is-layout-flow\"><div class=\"container content-paragraph box-container\"><div class=\"row\"><div class=\"col-12 col-lg-12 col-xl-12 col-xxl-12\"><div class=\"content-txt\"><h4>Cil\u00ebsi e shpejt\u00eb<\/h4>\n<\/div><\/div><\/div><\/div><\/div><\/div><\/div>\n\n<div class=\"wp-block-mac-container-block box-container\"><div class=\"wp-block-columns is-layout-flex wp-container-core-columns-is-layout-9d6595d7 wp-block-columns-is-layout-flex\"><div class=\"wp-block-column is-layout-flow wp-block-column-is-layout-flow\"><p>Montimi i Gabioneve dhe Reno Mattress nuk ka qen\u00eb kurr\u00eb kaq i leht\u00eb sa me FastMac, nj\u00eb sistem pneumatik p\u00ebr lidhje me unaz\u00eb kap\u00ebse me forc\u00eb t\u00eb lart\u00eb. FastMac garanton nj\u00eb sistem t\u00eb shpejt\u00eb, t\u00eb sigurt dhe me cil\u00ebsi t\u00eb lart\u00eb p\u00ebr montim dhe lidhjen e nj\u00ebsive me nj\u00ebra-tjetr\u00ebn. Unazat kap\u00ebse zvog\u00eblojn\u00eb ndjesh\u00ebm koh\u00ebn e montimit dhe instalimit n\u00eb krahasim me telin tradicional t\u00eb lidhjes, me nj\u00eb kapacitet instalimi mbi 65 unaza\/minut\u00eb. Fal\u00eb FastMac, aktiviteti i lidhjes mund t\u00eb jet\u00eb deri n\u00eb 8 her\u00eb m\u00eb i shpejt\u00eb, duke kursyer 70%-80% t\u00eb koh\u00ebs totale t\u00eb instalimit, n\u00eb var\u00ebsi t\u00eb produktit. P\u00ebr m\u00eb tep\u00ebr, strukturat e Gabioneve dhe Reno Mattress t\u00eb montuara me unaza kap\u00ebse tregojn\u00eb nj\u00eb q\u00ebndrueshm\u00ebri t\u00eb p\u00ebrmir\u00ebsuar, me nj\u00eb jet\u00ebgjat\u00ebsi t\u00eb projektuar prej 120 vjet\u00ebsh, nj\u00eb rezistenc\u00eb m\u00eb t\u00eb madhe dhe m\u00eb uniforme, duke rezultuar n\u00eb nj\u00eb rritje t\u00eb p\u00ebrgjithshme t\u00eb cil\u00ebsis\u00eb.<\/p><\/div><\/div><\/div>\n\n<div class=\"wp-block-mac-container-block box-container\"><div class=\"wp-block-columns is-layout-flex wp-container-core-columns-is-layout-9d6595d7 wp-block-columns-is-layout-flex\"><div class=\"wp-block-column is-layout-flow wp-block-column-is-layout-flow\"><div class=\"container content-paragraph box-container\"><div class=\"row\"><div class=\"col-12 col-lg-12 col-xl-12 col-xxl-12\"><div class=\"content-txt\"><h4>Sfida 30 sekond\u00ebshe<\/h4>\n<\/div><\/div><\/div><\/div><\/div><\/div><\/div>\n\n<div class=\"wp-block-mac-container-block box-container\"><div class=\"wp-block-columns is-layout-flex wp-container-core-columns-is-layout-9d6595d7 wp-block-columns-is-layout-flex\"><div class=\"wp-block-column is-layout-flow wp-block-column-is-layout-flow\"><p>Dv\u011b s\u00edt\u011b, jedna v\u00e1zan\u00e1 pomoc\u00ed C-krou\u017ek\u016f a FastMac, druh\u00e1 v\u00e1zan\u00e1 v\u00e1zac\u00edm dr\u00e1tem. Kter\u00e1 bude nejrychlej\u0161\u00ed?<\/p><\/div><\/div><\/div><\/div><\/div><\/div><div class=\"wp-block-mac-container-block box-container\"><div class=\"wp-block-columns is-layout-flex wp-container-core-columns-is-layout-9d6595d7 wp-block-columns-is-layout-flex\"><div class=\"wp-block-column is-layout-flow wp-block-column-is-layout-flow\"><figure class=\"wp-block-video\"><video controls controlslist=\"nodownload\" poster=\"https:\/\/www.maccaferri.com\/al\/wp-content\/uploads\/2023\/02\/MicrosoftTeams-image-29.png\" src=\"https:\/\/www.maccaferri.com\/al\/wp-content\/uploads\/2023\/02\/Maccaferri_FastMac_v03.mp4\"><\/video><\/figure><\/div><\/div><\/div><div style=\"height:100px\" aria-hidden=\"true\" class=\"wp-block-spacer\"><\/div>","protected":false},"excerpt":{"rendered":"","protected":false},"author":6,"featured_media":0,"parent":0,"menu_order":0,"comment_status":"closed","ping_status":"closed","template":"","meta":{"_acf_changed":false,"_joinchat":[],"footnotes":""},"class_list":["post-83450","page","type-page","status-publish","hentry"],"acf":{"uuid_products":"","product-documents":""},"yoast_head":"<!-- This site is optimized with the Yoast SEO Premium plugin v27.0 (Yoast SEO v27.0) - https:\/\/yoast.com\/product\/yoast-seo-premium-wordpress\/ -->\n<title>FastMac - Maccaferri Balkans<\/title>\n<meta name=\"description\" content=\"FastMac Montimi i Gabioneve dhe Reno Mattress nuk ka qen\u00eb kurr\u00eb kaq i leht\u00eb sa me FastMac, nj\u00eb sistem pneumatik p\u00ebr lidhje me unaz\u00eb kap\u00ebse me forc\u00eb t\u00eb\" \/>\n<meta name=\"robots\" content=\"index, follow, max-snippet:-1, max-image-preview:large, max-video-preview:-1\" \/>\n<link rel=\"canonical\" href=\"https:\/\/www.maccaferri.com\/al\/fastmac\/\" \/>\n<meta property=\"og:locale\" content=\"sq_AL\" \/>\n<meta property=\"og:type\" content=\"article\" \/>\n<meta property=\"og:title\" content=\"FastMac - Maccaferri Balkans\" \/>\n<meta property=\"og:description\" content=\"FastMac Montimi i Gabioneve dhe Reno Mattress nuk ka qen\u00eb kurr\u00eb kaq i leht\u00eb sa me FastMac, nj\u00eb sistem pneumatik p\u00ebr lidhje me unaz\u00eb kap\u00ebse me forc\u00eb t\u00eb\" \/>\n<meta property=\"og:url\" content=\"https:\/\/www.maccaferri.com\/al\/fastmac\/\" \/>\n<meta property=\"og:site_name\" content=\"Maccaferri Balkans\" \/>\n<meta property=\"article:modified_time\" content=\"2025-09-09T10:56:06+00:00\" \/>\n<meta property=\"og:image\" content=\"https:\/\/www.maccaferri.com\/al\/wp-content\/uploads\/2025\/05\/FastMac_min-2.jpg\" \/>\n<meta name=\"twitter:card\" content=\"summary_large_image\" \/>\n<meta name=\"twitter:label1\" content=\"Est. reading time\" \/>\n\t<meta name=\"twitter:data1\" content=\"1 minute\" \/>\n<script type=\"application\/ld+json\" class=\"yoast-schema-graph\">{\"@context\":\"https:\/\/schema.org\",\"@graph\":[{\"@type\":\"WebPage\",\"@id\":\"https:\/\/www.maccaferri.com\/al\/fastmac\/\",\"url\":\"https:\/\/www.maccaferri.com\/al\/fastmac\/\",\"name\":\"FastMac - Maccaferri Balkans\",\"isPartOf\":{\"@id\":\"https:\/\/www.maccaferri.com\/al\/#website\"},\"primaryImageOfPage\":{\"@id\":\"https:\/\/www.maccaferri.com\/al\/fastmac\/#primaryimage\"},\"image\":{\"@id\":\"https:\/\/www.maccaferri.com\/al\/fastmac\/#primaryimage\"},\"thumbnailUrl\":\"https:\/\/www.maccaferri.com\/al\/wp-content\/uploads\/2025\/05\/FastMac_min-2.jpg\",\"datePublished\":\"2023-02-20T11:29:24+00:00\",\"dateModified\":\"2025-09-09T10:56:06+00:00\",\"description\":\"FastMac Montimi i Gabioneve dhe Reno Mattress nuk ka qen\u00eb kurr\u00eb kaq i leht\u00eb sa me FastMac, nj\u00eb sistem pneumatik p\u00ebr lidhje me unaz\u00eb kap\u00ebse me forc\u00eb t\u00eb\",\"inLanguage\":\"sq-AL\",\"potentialAction\":[{\"@type\":\"ReadAction\",\"target\":[\"https:\/\/www.maccaferri.com\/al\/fastmac\/\"]}]},{\"@type\":\"ImageObject\",\"inLanguage\":\"sq-AL\",\"@id\":\"https:\/\/www.maccaferri.com\/al\/fastmac\/#primaryimage\",\"url\":\"https:\/\/www.maccaferri.com\/al\/wp-content\/uploads\/2025\/05\/FastMac_min-2.jpg\",\"contentUrl\":\"https:\/\/www.maccaferri.com\/al\/wp-content\/uploads\/2025\/05\/FastMac_min-2.jpg\",\"width\":1915,\"height\":530,\"caption\":\"xr:d:DAFZOvOAx8k:5,j:47121314557,t:23021615\"},{\"@type\":\"WebSite\",\"@id\":\"https:\/\/www.maccaferri.com\/al\/#website\",\"url\":\"https:\/\/www.maccaferri.com\/al\/\",\"name\":\"Maccaferri Balkans\",\"description\":\"\",\"publisher\":{\"@id\":\"https:\/\/www.maccaferri.com\/al\/#organization\"},\"potentialAction\":[{\"@type\":\"SearchAction\",\"target\":{\"@type\":\"EntryPoint\",\"urlTemplate\":\"https:\/\/www.maccaferri.com\/al\/?s={search_term_string}\"},\"query-input\":{\"@type\":\"PropertyValueSpecification\",\"valueRequired\":true,\"valueName\":\"search_term_string\"}}],\"inLanguage\":\"sq-AL\"},{\"@type\":\"Organization\",\"@id\":\"https:\/\/www.maccaferri.com\/al\/#organization\",\"name\":\"Maccaferri Balkans\",\"url\":\"https:\/\/www.maccaferri.com\/al\/\",\"logo\":{\"@type\":\"ImageObject\",\"inLanguage\":\"sq-AL\",\"@id\":\"https:\/\/www.maccaferri.com\/al\/#\/schema\/logo\/image\/\",\"url\":\"https:\/\/www.maccaferri.com\/al\/wp-content\/uploads\/2022\/07\/logo-maccaferri.png\",\"contentUrl\":\"https:\/\/www.maccaferri.com\/al\/wp-content\/uploads\/2022\/07\/logo-maccaferri.png\",\"width\":152,\"height\":32,\"caption\":\"Maccaferri Balkans\"},\"image\":{\"@id\":\"https:\/\/www.maccaferri.com\/al\/#\/schema\/logo\/image\/\"}}]}<\/script>\n<!-- \/ Yoast SEO Premium plugin. -->","yoast_head_json":{"title":"FastMac - Maccaferri Balkans","description":"FastMac Montimi i Gabioneve dhe Reno Mattress nuk ka qen\u00eb kurr\u00eb kaq i leht\u00eb sa me FastMac, nj\u00eb sistem pneumatik p\u00ebr lidhje me unaz\u00eb kap\u00ebse me forc\u00eb t\u00eb","robots":{"index":"index","follow":"follow","max-snippet":"max-snippet:-1","max-image-preview":"max-image-preview:large","max-video-preview":"max-video-preview:-1"},"canonical":"https:\/\/www.maccaferri.com\/al\/fastmac\/","og_locale":"sq_AL","og_type":"article","og_title":"FastMac - Maccaferri Balkans","og_description":"FastMac Montimi i Gabioneve dhe Reno Mattress nuk ka qen\u00eb kurr\u00eb kaq i leht\u00eb sa me FastMac, nj\u00eb sistem pneumatik p\u00ebr lidhje me unaz\u00eb kap\u00ebse me forc\u00eb t\u00eb","og_url":"https:\/\/www.maccaferri.com\/al\/fastmac\/","og_site_name":"Maccaferri Balkans","article_modified_time":"2025-09-09T10:56:06+00:00","og_image":[{"url":"https:\/\/www.maccaferri.com\/al\/wp-content\/uploads\/2025\/05\/FastMac_min-2.jpg","type":"","width":"","height":""}],"twitter_card":"summary_large_image","twitter_misc":{"Est. reading time":"1 minute"},"schema":{"@context":"https:\/\/schema.org","@graph":[{"@type":"WebPage","@id":"https:\/\/www.maccaferri.com\/al\/fastmac\/","url":"https:\/\/www.maccaferri.com\/al\/fastmac\/","name":"FastMac - Maccaferri Balkans","isPartOf":{"@id":"https:\/\/www.maccaferri.com\/al\/#website"},"primaryImageOfPage":{"@id":"https:\/\/www.maccaferri.com\/al\/fastmac\/#primaryimage"},"image":{"@id":"https:\/\/www.maccaferri.com\/al\/fastmac\/#primaryimage"},"thumbnailUrl":"https:\/\/www.maccaferri.com\/al\/wp-content\/uploads\/2025\/05\/FastMac_min-2.jpg","datePublished":"2023-02-20T11:29:24+00:00","dateModified":"2025-09-09T10:56:06+00:00","description":"FastMac Montimi i Gabioneve dhe Reno Mattress nuk ka qen\u00eb kurr\u00eb kaq i leht\u00eb sa me FastMac, nj\u00eb sistem pneumatik p\u00ebr lidhje me unaz\u00eb kap\u00ebse me forc\u00eb t\u00eb","inLanguage":"sq-AL","potentialAction":[{"@type":"ReadAction","target":["https:\/\/www.maccaferri.com\/al\/fastmac\/"]}]},{"@type":"ImageObject","inLanguage":"sq-AL","@id":"https:\/\/www.maccaferri.com\/al\/fastmac\/#primaryimage","url":"https:\/\/www.maccaferri.com\/al\/wp-content\/uploads\/2025\/05\/FastMac_min-2.jpg","contentUrl":"https:\/\/www.maccaferri.com\/al\/wp-content\/uploads\/2025\/05\/FastMac_min-2.jpg","width":1915,"height":530,"caption":"xr:d:DAFZOvOAx8k:5,j:47121314557,t:23021615"},{"@type":"WebSite","@id":"https:\/\/www.maccaferri.com\/al\/#website","url":"https:\/\/www.maccaferri.com\/al\/","name":"Maccaferri Balkans","description":"","publisher":{"@id":"https:\/\/www.maccaferri.com\/al\/#organization"},"potentialAction":[{"@type":"SearchAction","target":{"@type":"EntryPoint","urlTemplate":"https:\/\/www.maccaferri.com\/al\/?s={search_term_string}"},"query-input":{"@type":"PropertyValueSpecification","valueRequired":true,"valueName":"search_term_string"}}],"inLanguage":"sq-AL"},{"@type":"Organization","@id":"https:\/\/www.maccaferri.com\/al\/#organization","name":"Maccaferri Balkans","url":"https:\/\/www.maccaferri.com\/al\/","logo":{"@type":"ImageObject","inLanguage":"sq-AL","@id":"https:\/\/www.maccaferri.com\/al\/#\/schema\/logo\/image\/","url":"https:\/\/www.maccaferri.com\/al\/wp-content\/uploads\/2022\/07\/logo-maccaferri.png","contentUrl":"https:\/\/www.maccaferri.com\/al\/wp-content\/uploads\/2022\/07\/logo-maccaferri.png","width":152,"height":32,"caption":"Maccaferri Balkans"},"image":{"@id":"https:\/\/www.maccaferri.com\/al\/#\/schema\/logo\/image\/"}}]}},"_links":{"self":[{"href":"https:\/\/www.maccaferri.com\/al\/wp-json\/wp\/v2\/pages\/83450","targetHints":{"allow":["GET"]}}],"collection":[{"href":"https:\/\/www.maccaferri.com\/al\/wp-json\/wp\/v2\/pages"}],"about":[{"href":"https:\/\/www.maccaferri.com\/al\/wp-json\/wp\/v2\/types\/page"}],"author":[{"embeddable":true,"href":"https:\/\/www.maccaferri.com\/al\/wp-json\/wp\/v2\/users\/6"}],"replies":[{"embeddable":true,"href":"https:\/\/www.maccaferri.com\/al\/wp-json\/wp\/v2\/comments?post=83450"}],"version-history":[{"count":3,"href":"https:\/\/www.maccaferri.com\/al\/wp-json\/wp\/v2\/pages\/83450\/revisions"}],"predecessor-version":[{"id":97045,"href":"https:\/\/www.maccaferri.com\/al\/wp-json\/wp\/v2\/pages\/83450\/revisions\/97045"}],"wp:attachment":[{"href":"https:\/\/www.maccaferri.com\/al\/wp-json\/wp\/v2\/media?parent=83450"}],"curies":[{"name":"wp","href":"https:\/\/api.w.org\/{rel}","templated":true}]}}