{"id":83213,"date":"2024-02-14T17:07:41","date_gmt":"2024-02-14T16:07:41","guid":{"rendered":"https:\/\/www.maccaferri.com\/al\/?page_id=83213"},"modified":"2025-05-22T11:36:42","modified_gmt":"2025-05-22T09:36:42","slug":"defence-security","status":"publish","type":"page","link":"https:\/\/www.maccaferri.com\/al\/defence-security\/","title":{"rendered":"Defence and Security"},"content":{"rendered":"<div class=\"wp-block-mac-slider-hero-block hero-slider\"><div id=\"hero13\" class=\"carousel slide\" data-bs-ride=\"true\"><ol class=\"carousel-indicators box-container\"><li data-bs-target=\"#hero13\" data-bs-slide-to=\"0\" class=\"active\"><\/li><\/ol><div class=\"carousel-inner\"><div class=\"carousel-item active\"><div class=\"hero\"><div class=\"gts__picture\"><img decoding=\"async\" src=\"https:\/\/www.maccaferri.com\/al\/wp-content\/uploads\/2024\/10\/perimetro-dettaglio-light.jpg\" style=\"display:none\"\/><div class=\"gts__picture__image\" style=\"background-image:url(https:\/\/www.maccaferri.com\/al\/wp-content\/uploads\/2024\/10\/perimetro-dettaglio-light.jpg)\"><\/div><\/div><div class=\"container box-container\"><div class=\"row\"><div class=\"col-12 col-lg-6 col-xl-6 col-xxl-6\"><p><span class=\"hero-index\" style=\"display:none\">0<\/span><\/p><h2 class=\"hero-text-container\"><span class=\"hero-text\">DIFESA DHE <br>SIGURIA<\/span><\/h2><a class=\"hero-buttonurl\" href=\"#download\"><span class=\"hero-buttontext\">Zona e shkarkimit k\u00ebtu<\/span><\/a><\/div><\/div><\/div><\/div><\/div><\/div><button class=\"carousel-control-prev\" href=\"#hero13\" type=\"button\" data-bs-slide=\"prev\"><span class=\"carousel-control-prev-icon\" aria-hidden=\"true\"><\/span><span class=\"visually-hidden\">Previous<\/span><\/button><button class=\"carousel-control-next\" href=\"#hero13\" type=\"button\" data-bs-slide=\"next\"><span class=\"carousel-control-next-icon\" aria-hidden=\"true\"><\/span><span class=\"visually-hidden\">Next<\/span><\/button><\/div><\/div><div style=\"height:30px\" aria-hidden=\"true\" class=\"wp-block-spacer\"><\/div><div class=\"wp-block-mac-container-block box-container\"><div class=\"wp-block-columns is-layout-flex wp-container-core-columns-is-layout-9d6595d7 wp-block-columns-is-layout-flex\"><div class=\"wp-block-column is-layout-flow wp-block-column-is-layout-flow\"><h2 class=\"wp-block-heading has-text-color has-link-color wp-elements-d7670c9e39a9232c3d7e158537370277\" style=\"color:#034e51;font-size:30px\"><strong>PREJ GABION\u00cbVE T\u00cb LUFT\u00cbS S\u00cb PAR\u00cb BOT\u00cbRORE DERI TE SIGURIA MODERNE, MACCAFERRI INOVON P\u00cbR SIGURI<\/strong><\/h2>\n\n<p class=\"has-medium-font-size\">P\u00ebr m\u00eb shum\u00eb se nj\u00eb shekull, Maccaferri ka qen\u00eb nj\u00eb pionier n\u00eb inovacionin e mbrojtjes, duke filluar me ri-shpikjen e gabion\u00ebve gjat\u00eb Luft\u00ebs s\u00eb Par\u00eb Bot\u00ebrore. Duke u zhvilluar p\u00ebr t\u2019u p\u00ebrballur me sfidat moderne, ekspertiza e kompanis\u00eb shtrihet n\u00eb zgjidhje p\u00ebr mbrojtjen kund\u00ebr p\u00ebrmbytjeve dhe rreziqeve natyrore, balistik\u00ebs dhe shp\u00ebrthimeve dhe, m\u00eb s\u00eb fundmi, sulmeve terroriste. Trash\u00ebgimia e q\u00ebndrueshme e Maccaferri-t prej m\u00eb shum\u00eb se 100 vjet\u00ebsh pasqyron p\u00ebrkushtimin e tij t\u00eb pal\u00ebkundur p\u00ebr t\u00eb formuar zgjidhje t\u00eb avancuara mbrojt\u00ebse p\u00ebr nj\u00eb t\u00eb ardhme m\u00eb t\u00eb sigurt.<\/p><\/div><\/div><\/div><div class=\"wp-block-mac-container-block box-container\"><div class=\"wp-block-columns is-layout-flex wp-container-core-columns-is-layout-9d6595d7 wp-block-columns-is-layout-flex\"><div class=\"wp-block-column is-layout-flow wp-block-column-is-layout-flow\"><figure class=\"wp-block-image size-full\"><img decoding=\"async\" src=\"https:\/\/www.maccaferri.com\/wp-content\/uploads\/2024\/03\/Confronto1-Passato-edited.jpg\" alt=\"\" class=\"wp-image-64128\"\/><\/figure><\/div>\n\n<div class=\"wp-block-column is-layout-flow wp-block-column-is-layout-flow\"><figure class=\"wp-block-image size-full\"><img decoding=\"async\" src=\"https:\/\/www.maccaferri.com\/wp-content\/uploads\/2024\/03\/Defence_Security-min.png\" alt=\"\" class=\"wp-image-64419\"\/><\/figure><\/div><\/div><\/div><div style=\"height:50px\" aria-hidden=\"true\" class=\"wp-block-spacer\"><\/div><div class=\"wp-block-mac-container-block box-container\"><div class=\"wp-block-columns is-layout-flex wp-container-core-columns-is-layout-9d6595d7 wp-block-columns-is-layout-flex\"><div class=\"wp-block-column is-layout-flow wp-block-column-is-layout-flow\"><h2 class=\"wp-block-heading has-text-color has-link-color wp-elements-fbdff02a3e98143aa4d196eac412fb82\" style=\"color:#034e51;font-size:30px\"><strong>SPEKTRI I OPERACIONEVE<\/strong><\/h2>\n\n<p class=\"has-medium-font-size\">Me nj\u00eb shekull p\u00ebrvoje n\u00eb nj\u00eb gam\u00eb t\u00eb gjer\u00eb disiplinash, Maccaferri jo vet\u00ebm q\u00eb ofron produkte me cil\u00ebsi t\u00eb lart\u00eb, por gjithashtu dallohet si nj\u00eb partner i aft\u00eb dhe i besuesh\u00ebm. Kompania jon\u00eb shkon p\u00ebrtej ofrimit t\u00eb zgjidhjeve, duke ofruar mb\u00ebshtetje 360\u00b0 p\u00ebr t\u00eb p\u00ebrmbushur nevojat e ndryshme.<\/p>\n\n<p class=\"has-medium-font-size\">EBS MAC ton\u00eb, t\u00eb njohur m\u00eb par\u00eb si DefenCell MAC, jan\u00eb t\u00eb realizuara sipas standardeve ushtarake t\u00eb njohura dhe jan\u00eb t\u00eb p\u00ebrshtatshme p\u00ebr nj\u00eb gam\u00eb t\u00eb gjer\u00eb aplikimesh n\u00eb spektrin operativ, duke p\u00ebrfshir\u00eb muret perimetrale EBS, barrierat e kontrollit t\u00eb hyrjes dhe mjeteve, postet e v\u00ebzhgimit, strehat dhe bunker\u00ebt, magazinimin e municioneve dhe eksploziv\u00ebve, si dhe fushat e st\u00ebrvitjes.<\/p>\n\n<figure class=\"wp-block-image aligncenter size-full\"><img fetchpriority=\"high\" decoding=\"async\" width=\"1630\" height=\"656\" src=\"https:\/\/www.maccaferri.com\/al\/wp-content\/uploads\/2024\/10\/immagine-1-1.png\" alt=\"\" class=\"wp-image-79360\" srcset=\"https:\/\/www.maccaferri.com\/al\/wp-content\/uploads\/2024\/10\/immagine-1-1.png 1630w, https:\/\/www.maccaferri.com\/al\/wp-content\/uploads\/2024\/10\/immagine-1-1-300x121.png 300w, https:\/\/www.maccaferri.com\/al\/wp-content\/uploads\/2024\/10\/immagine-1-1-1024x412.png 1024w, https:\/\/www.maccaferri.com\/al\/wp-content\/uploads\/2024\/10\/immagine-1-1-768x309.png 768w, https:\/\/www.maccaferri.com\/al\/wp-content\/uploads\/2024\/10\/immagine-1-1-1536x618.png 1536w, https:\/\/www.maccaferri.com\/al\/wp-content\/uploads\/2024\/10\/immagine-1-1-120x48.png 120w\" sizes=\"(max-width: 1630px) 100vw, 1630px\" \/><\/figure><\/div><\/div><\/div><div style=\"height:50px\" aria-hidden=\"true\" class=\"wp-block-spacer\"><\/div><div class=\"wp-block-mac-container-block box-container\"><div class=\"wp-block-columns is-layout-flex wp-container-core-columns-is-layout-9d6595d7 wp-block-columns-is-layout-flex\"><div class=\"wp-block-column is-layout-flow wp-block-column-is-layout-flow\"><h2 class=\"wp-block-heading has-text-color has-link-color wp-elements-416120d7e7267f9a6ef216511da9f171\" style=\"color:#034e51;font-size:30px\"><strong>PORTOFOLI YN\u00cb<\/strong><\/h2>\n\n<p class=\"has-medium-font-size\"><\/p><\/div><\/div><\/div><div class=\"wp-block-mac-container-block box-container\"><div class=\"wp-block-columns is-layout-flex wp-container-core-columns-is-layout-9d6595d7 wp-block-columns-is-layout-flex\"><div class=\"wp-block-column is-layout-flow wp-block-column-is-layout-flow\"><div class=\"container-fluid carousel-image-gallery\">\n        <div class=\"row\">\n            <div id=\"carouselImageblock_51ab677614836e1f883efabb63a13e9b\" class=\"carousel slide carouselImageGallery\" data-bs-ride=\"carousel\">\n                <!-- \/\/ Indicators -->\n                <ol class=\"carousel-indicators\">\n                                            <li data-bs-target=\"#carouselImageblock_51ab677614836e1f883efabb63a13e9b\" data-bs-slide-to=\"0\" class=\"active\" aria-current=\"true\" aria-label=\"Slide\"><\/li>\n                                            <li data-bs-target=\"#carouselImageblock_51ab677614836e1f883efabb63a13e9b\" data-bs-slide-to=\"1\" class=\"\" aria-current=\"true\" aria-label=\"Slide\"><\/li>\n                                            <li data-bs-target=\"#carouselImageblock_51ab677614836e1f883efabb63a13e9b\" data-bs-slide-to=\"2\" class=\"\" aria-current=\"true\" aria-label=\"Slide\"><\/li>\n                                    <\/ol>\n\n                <div class=\"carousel-inner container\" role=\"listbox\">\n                                            <div class=\"carousel-item active\">\n                        <div class=\"col-12 col-lg-4 col-xl-4 col-xxl-4 space-mobile\">\n                            <div class=\"grid-item-wrapper\">\n                                <div class=\"img-responsive-wrapper\">\n                                    <div class=\"img-responsive\">\n                                        <div class=\"img-wrapper\"><img decoding=\"async\" src=\"https:\/\/www.maccaferri.com\/al\/wp-content\/uploads\/2025\/01\/Prodotto-Defence-FE-3.jpg\" alt=\"\" \/><\/div>\n                                    <\/div>\n                                <\/div>\n                                <div class=\"griditem-text-wrapper text-center\">\n                                    <p class=\"griditem-text text-center\">EBS MAC FE, nj\u00eb version i specializuar i barrierave mbrojt\u00ebse t\u00eb Maccaferri, \u00ebsht\u00eb projektuar p\u00ebr mbrojtjen nga p\u00ebrmbytjet. Ky sistem modular \u00ebsht\u00eb projektuar p\u00ebr shp\u00ebrndarje t\u00eb shpejt\u00eb n\u00eb raste emergjencash dhe gjithashtu mund t\u00eb integrohet pa probleme n\u00eb projektet e peizazhit p\u00ebr mbrojtje afatgjat\u00eb.\r\n<\/p>\n                   \n                                <\/div>\n                            <\/div>\n                        <\/div>\n                        <\/div>\n                                            <div class=\"carousel-item \">\n                        <div class=\"col-12 col-lg-4 col-xl-4 col-xxl-4 space-mobile\">\n                            <div class=\"grid-item-wrapper\">\n                                <div class=\"img-responsive-wrapper\">\n                                    <div class=\"img-responsive\">\n                                        <div class=\"img-wrapper\"><img decoding=\"async\" src=\"https:\/\/www.maccaferri.com\/al\/wp-content\/uploads\/2025\/01\/Prodotto-Defence-3.png\" alt=\"\" \/><\/div>\n                                    <\/div>\n                                <\/div>\n                                <div class=\"griditem-text-wrapper text-center\">\n                                    <p class=\"griditem-text text-center\">EBS MAC \u00ebsht\u00eb nj\u00eb struktur\u00eb multicelulare e zhvilluar specifikisht p\u00ebr t\u00eb ofruar mbrojtje forcash kund\u00ebr nj\u00eb s\u00ebr\u00eb ordnancash, shp\u00ebrthimesh dhe sulmesh nga mjetet.\r\n<\/p>\n                   \n                                <\/div>\n                            <\/div>\n                        <\/div>\n                        <\/div>\n                                            <div class=\"carousel-item \">\n                        <div class=\"col-12 col-lg-4 col-xl-4 col-xxl-4 space-mobile\">\n                            <div class=\"grid-item-wrapper\">\n                                <div class=\"img-responsive-wrapper\">\n                                    <div class=\"img-responsive\">\n                                        <div class=\"img-wrapper\"><img decoding=\"async\" src=\"https:\/\/www.maccaferri.com\/al\/wp-content\/uploads\/2025\/01\/Prodotto-MacSafe-3.jpg\" alt=\"\" \/><\/div>\n                                    <\/div>\n                                <\/div>\n                                <div class=\"griditem-text-wrapper text-center\">\n                                    <p class=\"griditem-text text-center\">MacSafe\u00ae, nj\u00eb sistem i avancuar i parandalimit t\u00eb hyrjeve t\u00eb mjeteve armiq\u00ebsore i zhvilluar nga Maccaferri n\u00eb p\u00ebrgjigje t\u00eb nevoj\u00ebs p\u00ebr mbrojtje diskrete dhe efektive n\u00eb vendet publike.\r\n<\/p>\n                   \n                                <\/div>\n                            <\/div>\n                        <\/div>\n                        <\/div>\n                                    <\/div>\n            <\/div>\n\n        <\/div>\n    <\/div><\/div><\/div><\/div><div class=\"wp-block-mac-container-block box-container\"><div class=\"wp-block-columns is-layout-flex wp-container-core-columns-is-layout-9d6595d7 wp-block-columns-is-layout-flex\"><div class=\"wp-block-column is-layout-flow wp-block-column-is-layout-flow\"><h2 class=\"wp-block-heading has-text-color has-link-color wp-elements-362391290356e9247ee640092b4beafa\" style=\"color:#034e51;font-size:30px\">ZBULO SI INSTALOHEN EBS MAC TON\u00cb!<\/h2>\n\n<p class=\"has-medium-font-size\">Shiko tani videon e Mbrojtjes.<\/p>\n\n<figure class=\"wp-block-video\"><video height=\"404\" style=\"aspect-ratio: 606 \/ 404;\" width=\"606\" controls poster=\"https:\/\/www.maccaferri.com\/al\/wp-content\/uploads\/2024\/10\/Screenshot-2024-10-18-123914.png\" src=\"https:\/\/www.maccaferri.com\/al\/wp-content\/uploads\/2024\/10\/EBS-MAC.mp4\"><\/video><\/figure><\/div><\/div><\/div><div style=\"height:100px\" aria-hidden=\"true\" class=\"wp-block-spacer\"><\/div><div class=\"wp-block-mac-container-block box-container\"><div class=\"wp-block-columns is-layout-flex wp-container-core-columns-is-layout-9d6595d7 wp-block-columns-is-layout-flex\"><div class=\"wp-block-column is-layout-flow wp-block-column-is-layout-flow\"><h2 class=\"wp-block-heading has-text-color has-link-color wp-elements-f6486d022c364bd545937c8026bf092a\" style=\"color:#034e51;font-size:30px\"><strong>ZONA E SHKARKIMIT<\/strong><\/h2>\n\n<p id=\"download\">Plot\u00ebsoni formularin m\u00eb posht\u00eb p\u00ebr t\u00eb aksesuar materialet tona ekskluzive mbi Mbrojtjen dhe Sigurin\u00eb.<\/p>\n\n<iframe src=\"https:\/\/www2.maccaferri.com\/l\/965143\/2024-03-06\/5rs4jt\" width=\"100%\" height=\"700\" type=\"text\/html\" frameborder=\"0\" allowTransparency=\"true\" style=\"border: 0\" data-cookieconsent=\"ignore\"><\/iframe><\/div><\/div><\/div><div style=\"height:100px\" aria-hidden=\"true\" class=\"wp-block-spacer\"><\/div>","protected":false},"excerpt":{"rendered":"","protected":false},"author":24301,"featured_media":0,"parent":0,"menu_order":0,"comment_status":"closed","ping_status":"closed","template":"","meta":{"_acf_changed":false,"_joinchat":[],"footnotes":""},"class_list":["post-83213","page","type-page","status-publish","hentry"],"acf":{"uuid_products":"","product-documents":""},"yoast_head":"<!-- This site is optimized with the Yoast SEO Premium plugin v27.0 (Yoast SEO v27.0) - https:\/\/yoast.com\/product\/yoast-seo-premium-wordpress\/ -->\n<title>Defence and Security - Maccaferri Balkans<\/title>\n<meta name=\"description\" content=\"0DIFESA DHE SIGURIAZona e shkarkimit k\u00ebtuPreviousNext PREJ GABION\u00cbVE T\u00cb LUFT\u00cbS S\u00cb PAR\u00cb BOT\u00cbRORE DERI TE SIGURIA MODERNE, MACCAFERRI INOVON P\u00cbR SIGURI P\u00ebr\" \/>\n<meta name=\"robots\" content=\"index, follow, max-snippet:-1, max-image-preview:large, max-video-preview:-1\" \/>\n<link rel=\"canonical\" href=\"https:\/\/www.maccaferri.com\/al\/defence-security\/\" \/>\n<meta property=\"og:locale\" content=\"sq_AL\" \/>\n<meta property=\"og:type\" content=\"article\" \/>\n<meta property=\"og:title\" content=\"Defence and Security - Maccaferri Balkans\" \/>\n<meta property=\"og:description\" content=\"0DIFESA DHE SIGURIAZona e shkarkimit k\u00ebtuPreviousNext PREJ GABION\u00cbVE T\u00cb LUFT\u00cbS S\u00cb PAR\u00cb BOT\u00cbRORE DERI TE SIGURIA MODERNE, MACCAFERRI INOVON P\u00cbR SIGURI P\u00ebr\" \/>\n<meta property=\"og:url\" content=\"https:\/\/www.maccaferri.com\/al\/defence-security\/\" \/>\n<meta property=\"og:site_name\" content=\"Maccaferri Balkans\" \/>\n<meta property=\"article:modified_time\" content=\"2025-05-22T09:36:42+00:00\" \/>\n<meta property=\"og:image\" content=\"https:\/\/www.maccaferri.com\/al\/wp-content\/uploads\/2024\/10\/perimetro-dettaglio-light.jpg\" \/>\n<meta name=\"twitter:card\" content=\"summary_large_image\" \/>\n<meta name=\"twitter:label1\" content=\"Est. reading time\" \/>\n\t<meta name=\"twitter:data1\" content=\"2 minutes\" \/>\n<script type=\"application\/ld+json\" class=\"yoast-schema-graph\">{\"@context\":\"https:\/\/schema.org\",\"@graph\":[{\"@type\":\"WebPage\",\"@id\":\"https:\/\/www.maccaferri.com\/al\/defence-security\/\",\"url\":\"https:\/\/www.maccaferri.com\/al\/defence-security\/\",\"name\":\"Defence and Security - Maccaferri Balkans\",\"isPartOf\":{\"@id\":\"https:\/\/www.maccaferri.com\/al\/#website\"},\"primaryImageOfPage\":{\"@id\":\"https:\/\/www.maccaferri.com\/al\/defence-security\/#primaryimage\"},\"image\":{\"@id\":\"https:\/\/www.maccaferri.com\/al\/defence-security\/#primaryimage\"},\"thumbnailUrl\":\"https:\/\/www.maccaferri.com\/al\/wp-content\/uploads\/2024\/10\/perimetro-dettaglio-light.jpg\",\"datePublished\":\"2024-02-14T16:07:41+00:00\",\"dateModified\":\"2025-05-22T09:36:42+00:00\",\"description\":\"0DIFESA DHE SIGURIAZona e shkarkimit k\u00ebtuPreviousNext PREJ GABION\u00cbVE T\u00cb LUFT\u00cbS S\u00cb PAR\u00cb BOT\u00cbRORE DERI TE SIGURIA MODERNE, MACCAFERRI INOVON P\u00cbR SIGURI P\u00ebr\",\"inLanguage\":\"sq-AL\",\"potentialAction\":[{\"@type\":\"ReadAction\",\"target\":[\"https:\/\/www.maccaferri.com\/al\/defence-security\/\"]}]},{\"@type\":\"ImageObject\",\"inLanguage\":\"sq-AL\",\"@id\":\"https:\/\/www.maccaferri.com\/al\/defence-security\/#primaryimage\",\"url\":\"https:\/\/www.maccaferri.com\/al\/wp-content\/uploads\/2024\/10\/perimetro-dettaglio-light.jpg\",\"contentUrl\":\"https:\/\/www.maccaferri.com\/al\/wp-content\/uploads\/2024\/10\/perimetro-dettaglio-light.jpg\",\"width\":1800,\"height\":1013},{\"@type\":\"WebSite\",\"@id\":\"https:\/\/www.maccaferri.com\/al\/#website\",\"url\":\"https:\/\/www.maccaferri.com\/al\/\",\"name\":\"Maccaferri Balkans\",\"description\":\"\",\"publisher\":{\"@id\":\"https:\/\/www.maccaferri.com\/al\/#organization\"},\"potentialAction\":[{\"@type\":\"SearchAction\",\"target\":{\"@type\":\"EntryPoint\",\"urlTemplate\":\"https:\/\/www.maccaferri.com\/al\/?s={search_term_string}\"},\"query-input\":{\"@type\":\"PropertyValueSpecification\",\"valueRequired\":true,\"valueName\":\"search_term_string\"}}],\"inLanguage\":\"sq-AL\"},{\"@type\":\"Organization\",\"@id\":\"https:\/\/www.maccaferri.com\/al\/#organization\",\"name\":\"Maccaferri Balkans\",\"url\":\"https:\/\/www.maccaferri.com\/al\/\",\"logo\":{\"@type\":\"ImageObject\",\"inLanguage\":\"sq-AL\",\"@id\":\"https:\/\/www.maccaferri.com\/al\/#\/schema\/logo\/image\/\",\"url\":\"https:\/\/www.maccaferri.com\/al\/wp-content\/uploads\/2022\/07\/logo-maccaferri.png\",\"contentUrl\":\"https:\/\/www.maccaferri.com\/al\/wp-content\/uploads\/2022\/07\/logo-maccaferri.png\",\"width\":152,\"height\":32,\"caption\":\"Maccaferri Balkans\"},\"image\":{\"@id\":\"https:\/\/www.maccaferri.com\/al\/#\/schema\/logo\/image\/\"}}]}<\/script>\n<!-- \/ Yoast SEO Premium plugin. -->","yoast_head_json":{"title":"Defence and Security - Maccaferri Balkans","description":"0DIFESA DHE SIGURIAZona e shkarkimit k\u00ebtuPreviousNext PREJ GABION\u00cbVE T\u00cb LUFT\u00cbS S\u00cb PAR\u00cb BOT\u00cbRORE DERI TE SIGURIA MODERNE, MACCAFERRI INOVON P\u00cbR SIGURI P\u00ebr","robots":{"index":"index","follow":"follow","max-snippet":"max-snippet:-1","max-image-preview":"max-image-preview:large","max-video-preview":"max-video-preview:-1"},"canonical":"https:\/\/www.maccaferri.com\/al\/defence-security\/","og_locale":"sq_AL","og_type":"article","og_title":"Defence and Security - Maccaferri Balkans","og_description":"0DIFESA DHE SIGURIAZona e shkarkimit k\u00ebtuPreviousNext PREJ GABION\u00cbVE T\u00cb LUFT\u00cbS S\u00cb PAR\u00cb BOT\u00cbRORE DERI TE SIGURIA MODERNE, MACCAFERRI INOVON P\u00cbR SIGURI P\u00ebr","og_url":"https:\/\/www.maccaferri.com\/al\/defence-security\/","og_site_name":"Maccaferri Balkans","article_modified_time":"2025-05-22T09:36:42+00:00","og_image":[{"url":"https:\/\/www.maccaferri.com\/al\/wp-content\/uploads\/2024\/10\/perimetro-dettaglio-light.jpg","type":"","width":"","height":""}],"twitter_card":"summary_large_image","twitter_misc":{"Est. reading time":"2 minutes"},"schema":{"@context":"https:\/\/schema.org","@graph":[{"@type":"WebPage","@id":"https:\/\/www.maccaferri.com\/al\/defence-security\/","url":"https:\/\/www.maccaferri.com\/al\/defence-security\/","name":"Defence and Security - Maccaferri Balkans","isPartOf":{"@id":"https:\/\/www.maccaferri.com\/al\/#website"},"primaryImageOfPage":{"@id":"https:\/\/www.maccaferri.com\/al\/defence-security\/#primaryimage"},"image":{"@id":"https:\/\/www.maccaferri.com\/al\/defence-security\/#primaryimage"},"thumbnailUrl":"https:\/\/www.maccaferri.com\/al\/wp-content\/uploads\/2024\/10\/perimetro-dettaglio-light.jpg","datePublished":"2024-02-14T16:07:41+00:00","dateModified":"2025-05-22T09:36:42+00:00","description":"0DIFESA DHE SIGURIAZona e shkarkimit k\u00ebtuPreviousNext PREJ GABION\u00cbVE T\u00cb LUFT\u00cbS S\u00cb PAR\u00cb BOT\u00cbRORE DERI TE SIGURIA MODERNE, MACCAFERRI INOVON P\u00cbR SIGURI P\u00ebr","inLanguage":"sq-AL","potentialAction":[{"@type":"ReadAction","target":["https:\/\/www.maccaferri.com\/al\/defence-security\/"]}]},{"@type":"ImageObject","inLanguage":"sq-AL","@id":"https:\/\/www.maccaferri.com\/al\/defence-security\/#primaryimage","url":"https:\/\/www.maccaferri.com\/al\/wp-content\/uploads\/2024\/10\/perimetro-dettaglio-light.jpg","contentUrl":"https:\/\/www.maccaferri.com\/al\/wp-content\/uploads\/2024\/10\/perimetro-dettaglio-light.jpg","width":1800,"height":1013},{"@type":"WebSite","@id":"https:\/\/www.maccaferri.com\/al\/#website","url":"https:\/\/www.maccaferri.com\/al\/","name":"Maccaferri Balkans","description":"","publisher":{"@id":"https:\/\/www.maccaferri.com\/al\/#organization"},"potentialAction":[{"@type":"SearchAction","target":{"@type":"EntryPoint","urlTemplate":"https:\/\/www.maccaferri.com\/al\/?s={search_term_string}"},"query-input":{"@type":"PropertyValueSpecification","valueRequired":true,"valueName":"search_term_string"}}],"inLanguage":"sq-AL"},{"@type":"Organization","@id":"https:\/\/www.maccaferri.com\/al\/#organization","name":"Maccaferri Balkans","url":"https:\/\/www.maccaferri.com\/al\/","logo":{"@type":"ImageObject","inLanguage":"sq-AL","@id":"https:\/\/www.maccaferri.com\/al\/#\/schema\/logo\/image\/","url":"https:\/\/www.maccaferri.com\/al\/wp-content\/uploads\/2022\/07\/logo-maccaferri.png","contentUrl":"https:\/\/www.maccaferri.com\/al\/wp-content\/uploads\/2022\/07\/logo-maccaferri.png","width":152,"height":32,"caption":"Maccaferri Balkans"},"image":{"@id":"https:\/\/www.maccaferri.com\/al\/#\/schema\/logo\/image\/"}}]}},"_links":{"self":[{"href":"https:\/\/www.maccaferri.com\/al\/wp-json\/wp\/v2\/pages\/83213","targetHints":{"allow":["GET"]}}],"collection":[{"href":"https:\/\/www.maccaferri.com\/al\/wp-json\/wp\/v2\/pages"}],"about":[{"href":"https:\/\/www.maccaferri.com\/al\/wp-json\/wp\/v2\/types\/page"}],"author":[{"embeddable":true,"href":"https:\/\/www.maccaferri.com\/al\/wp-json\/wp\/v2\/users\/24301"}],"replies":[{"embeddable":true,"href":"https:\/\/www.maccaferri.com\/al\/wp-json\/wp\/v2\/comments?post=83213"}],"version-history":[{"count":4,"href":"https:\/\/www.maccaferri.com\/al\/wp-json\/wp\/v2\/pages\/83213\/revisions"}],"predecessor-version":[{"id":85230,"href":"https:\/\/www.maccaferri.com\/al\/wp-json\/wp\/v2\/pages\/83213\/revisions\/85230"}],"wp:attachment":[{"href":"https:\/\/www.maccaferri.com\/al\/wp-json\/wp\/v2\/media?parent=83213"}],"curies":[{"name":"wp","href":"https:\/\/api.w.org\/{rel}","templated":true}]}}