{"id":61039,"date":"2025-02-07T16:10:21","date_gmt":"2025-02-07T15:10:21","guid":{"rendered":"https:\/\/www.maccaferri.com\/al\/?page_id=61039"},"modified":"2025-02-07T16:10:27","modified_gmt":"2025-02-07T15:10:27","slug":"gjeosintetika","status":"publish","type":"page","link":"https:\/\/www.maccaferri.com\/al\/gjeosintetika\/","title":{"rendered":"GJEOSINTETIKA"},"content":{"rendered":"<div class=\"wp-block-mac-slider-hero-block hero-slider\"><div id=\"hero81\" class=\"carousel slide\" data-bs-ride=\"true\"><ol class=\"carousel-indicators box-container\"><li data-bs-target=\"#hero81\" data-bs-slide-to=\"0\" class=\"active\"><\/li><\/ol><div class=\"carousel-inner\"><div class=\"carousel-item active\"><div class=\"hero\"><div class=\"gts__picture\"><img decoding=\"async\" src=\"https:\/\/www.maccaferri.com\/wp-content\/uploads\/2023\/08\/Header-pagine-Nuovo-sito-10.png\" style=\"display:none\" \/><div class=\"gts__picture__image\" style=\"background-image:url(https:\/\/www.maccaferri.com\/wp-content\/uploads\/2023\/08\/Header-pagine-Nuovo-sito-10.png)\"><\/div><\/div><div class=\"container box-container\"><div class=\"row\"><div class=\"col-12 col-lg-6 col-xl-6 col-xxl-6\"><p><span class=\"hero-index\" style=\"display:none\">0<\/span><\/p><h2 class=\"hero-text-container\"><span class=\"hero-text\">GJEOSINTETIKA<\/span><\/h2><a class=\"hero-buttonurl\" href=\"#download1\"><span class=\"hero-buttontext\">Shkarko Ketu<\/span><\/a><\/div><\/div><\/div><\/div><\/div><\/div><button class=\"carousel-control-prev\" type=\"button\" data-bs-slide=\"prev\"><span class=\"carousel-control-prev-icon\" aria-hidden=\"true\"><\/span><span class=\"visually-hidden\">Previous<\/span><\/button><button class=\"carousel-control-next\" type=\"button\" data-bs-slide=\"next\"><span class=\"carousel-control-next-icon\" aria-hidden=\"true\"><\/span><span class=\"visually-hidden\">Next<\/span><\/button><\/div><\/div><div style=\"height:70px\" aria-hidden=\"true\" class=\"wp-block-spacer\"><\/div><div class=\"wp-block-mac-h2-title-block block-txt-container box-container\"><div class=\"row\"><div class=\"col title-box-txt\"><h2 style=\"color:#212429;text-align:none\">BOTA E GJEOSINTETIKES<\/h2><\/div><\/div><\/div><div class=\"wp-block-mac-container-block box-container\"><div class=\"wp-block-columns is-layout-flex wp-container-core-columns-is-layout-9d6595d7 wp-block-columns-is-layout-flex\"><div class=\"wp-block-column is-layout-flow wp-block-column-is-layout-flow\"><p>Gjeosintetik\u00ebt p\u00ebrdoren p\u00ebr aplikime t\u00eb shumta duke p\u00ebrfshir\u00eb: p\u00ebr t\u00eb forcuar tok\u00ebn ekzistuese, p\u00ebr t\u00eb p\u00ebrmir\u00ebsuar kapacitetin mbajt\u00ebs t\u00eb saj, p\u00ebr t\u00eb rritur jet\u00ebgjatesin\u00eb e autostradave, p\u00ebr t\u00eb p\u00ebrforcuar argjinaturat, p\u00ebr t\u00eb ndaluar rrjedhjet e mbeturinave n\u00eb landfille dhe p\u00ebr t\u00eb kufizuar erozionin.<\/p>\n\n<p>Me karakteristika t\u00eb p\u00ebrcaktuara teknike dhe karakteristika t\u00eb performanc\u00ebs, gjeosintetika po z\u00ebvend\u00ebson p\u00ebrdorimin e materialeve natyrore n\u00eb nd\u00ebrtim.<\/p>\n\n<p>\u00cbsht\u00eb v\u00ebrtetuar se ato reduktojn\u00eb koston e projektit dhe ndikimin mjedisor n\u00eb krahasim me metodat tradicionale t\u00eb nd\u00ebrtimit.<\/p>\n\n<p>Produktet tona gjeosintetike mund t\u00eb p\u00ebrdoren p\u00ebr t\u00eb p\u00ebrmbushur funksionet kryesore t\u00eb m\u00ebposhtme:<\/p>\n\n<ul class=\"wp-block-list\"><li>P\u00ebrforcim<\/li>\n\n<li>Stabilizimi dhe P\u00ebrforcimi i Asfaltit<\/li>\n\n<li>Drenazh<\/li>\n\n<li>Ndarja, filtrimi dhe mbrojtja<\/li>\n\n<li>Sistemet Barriere<\/li>\n\n<li>Mbrojtja nga Erozioni<\/li><\/ul><\/div><\/div><\/div><div style=\"height:52px\" aria-hidden=\"true\" class=\"wp-block-spacer\"><\/div><div class=\"wp-block-mac-container-block box-container\"><div class=\"wp-block-columns is-layout-flex wp-container-core-columns-is-layout-9d6595d7 wp-block-columns-is-layout-flex\"><div class=\"wp-block-column is-layout-flow wp-block-column-is-layout-flow\"><p style=\"font-size:25px\"><strong>P\u00cbRFORCIM<\/strong><\/p>\n\n<p>P\u00ebr m\u00eb shum\u00eb se 30 vjet, gjeogridet kan\u00eb p\u00ebrforcuar dhe forcuar tokat, duke i mund\u00ebsuar dheut t\u00eb performoj\u00eb m\u00eb mir\u00eb se sa n\u00eb gjendjen e tij t\u00eb pap\u00ebrforcuar, duke akomoduar ngarkesa m\u00eb t\u00eb m\u00ebdha, duke q\u00ebndruar n\u00eb k\u00ebnde m\u00eb t\u00eb pjerr\u00ebta dhe duke reduktuar uljet.<\/p><\/div>\n\n<div class=\"wp-block-column is-layout-flow wp-block-column-is-layout-flow\"><p style=\"font-size:25px\"><strong>STABILIZIM DHE P\u00cbRFORCIM ASFALTI<\/strong><\/p>\n\n<p>Pavar\u00ebsisht n\u00ebse po nd\u00ebrtoni nj\u00eb shtrat hekurudhor, nj\u00eb pist\u00eb pyjore me zhavorr mbi tok\u00eb t\u00eb but\u00eb, ose po rishfaqni nj\u00eb autostrad\u00eb me shum\u00eb korsi q\u00eb transporton mij\u00ebra automjete n\u00eb dit\u00eb, ne kemi njohurit\u00eb teknike p\u00ebr t\u00eb p\u00ebrmir\u00ebsuar performanc\u00ebn e binar\u00ebve hekurudhor, t\u00eb rrug\u00ebve dhe t\u00eb asfaltit.<\/p><\/div><\/div><\/div><div style=\"height:50px\" aria-hidden=\"true\" class=\"wp-block-spacer\"><\/div><div class=\"wp-block-mac-container-block box-container\"><div class=\"wp-block-columns is-layout-flex wp-container-core-columns-is-layout-9d6595d7 wp-block-columns-is-layout-flex\"><div class=\"wp-block-column is-layout-flow wp-block-column-is-layout-flow\"><p style=\"font-size:25px\"><strong>DRENAZH<\/strong><\/p>\n\n<p>Uji i tep\u00ebrt n\u00eb tok\u00eb e dob\u00ebson at\u00eb, duke shkaktuar probleme t\u00eb ndryshme. Menaxhimi i ujit pas mureve, autostradave, tuneleve etj. \u00ebsht\u00eb jetik p\u00ebr performanc\u00ebn afatgjat\u00eb t\u00eb struktur\u00ebs.<\/p><\/div>\n\n<div class=\"wp-block-column is-layout-flow wp-block-column-is-layout-flow\"><p style=\"font-size:25px\"><strong>NDARJE\/ FILTRIM\/ MBROJTJE<\/strong><\/p>\n\n<p>Gjeotekstilet tona p\u00ebrdoren aktualisht n\u00eb shum\u00eb aplikacione inxhinierike gjeoteknike dhe hidraulike.<\/p><\/div><\/div><\/div><div style=\"height:50px\" aria-hidden=\"true\" class=\"wp-block-spacer\"><\/div><div class=\"wp-block-mac-container-block box-container\"><div class=\"wp-block-columns is-layout-flex wp-container-core-columns-is-layout-9d6595d7 wp-block-columns-is-layout-flex\"><div class=\"wp-block-column is-layout-flow wp-block-column-is-layout-flow\"><p style=\"font-size:25px\"><strong>SISTEMET BARRIER\u00cb<\/strong><\/p>\n\n<p>Gjeomembranat p\u00ebrdoren p\u00ebr t\u00eb parandaluar migrimin e l\u00ebngjeve nga nj\u00eb vend n\u00eb tjetrin; p\u00ebr shembull, ne landfille p\u00ebr t\u00eb ndaluar rrjedhjet ndot\u00ebse t\u00eb uj\u00ebrave n\u00ebntok\u00ebsore, kontrollimi i uj\u00ebrave n\u00ebntok\u00ebsore q\u00eb hyjn\u00eb n\u00eb tunele ose krijimi rezervuarit te mbledhjes se ketyre lengjeve attenuation ponds within developments.<\/p><\/div>\n\n<div class=\"wp-block-column is-layout-flow wp-block-column-is-layout-flow\"><p style=\"font-size:25px\"><strong>MBROJTJA NGA EROZIONI<\/strong><\/p>\n\n<p>T\u00eb gjitha shpatet dhe sip\u00ebrfaqet natyrore jan\u00eb subjekt i forcave t\u00eb vazhdueshme t\u00eb erozionit. P\u00ebr t\u00eb kufizuar humbjet e tok\u00ebs, Maccaferri ofron nj\u00eb s\u00ebr\u00eb sistemesh t\u00eb mbrojtjes nga erozioni q\u00eb i p\u00ebrshtaten ashp\u00ebrsis\u00eb s\u00eb erozionit t\u00eb pritur.<\/p><\/div><\/div><\/div><div style=\"height:100px\" aria-hidden=\"true\" class=\"wp-block-spacer\"><\/div><div class=\"wp-block-mac-h2-title-block block-txt-container box-container\"><div class=\"row\"><div class=\"col title-box-txt\"><h2 style=\"color:#212429;text-align:none\">Histori Suksesi: Landfill Micorosa<\/h2><\/div><\/div><\/div><div class=\"wp-block-mac-container-block box-container\"><div class=\"wp-block-columns is-layout-flex wp-container-core-columns-is-layout-9d6595d7 wp-block-columns-is-layout-flex\"><div class=\"wp-block-column is-vertically-aligned-center is-layout-flow wp-block-column-is-layout-flow\"><figure class=\"wp-block-video aligncenter\"><video controls controlslist=\"nodownload\" poster=\"https:\/\/www.maccaferri.com\/al\/wp-content\/uploads\/2024\/10\/immagine-1.png\" src=\"https:\/\/www.maccaferri.com\/wp-content\/uploads\/2023\/09\/Untitled-3.mp4\"><\/video><figcaption class=\"wp-element-caption\"><strong>Intervenim p\u00ebr rikuperimin e dNd\u00ebrhyrja e bonifikimit t\u00eb Landfillit Micorosa (Brindisi, Itali)<\/strong><\/figcaption><\/figure><\/div><\/div><\/div><div style=\"height:40px\" aria-hidden=\"true\" class=\"wp-block-spacer\"><\/div><style>\n                .buttonurl.webinarblock_d6d7f2a6497a0398056da8578f543890 span.buttontext::after\n                {\n                    color: #ed791d !important;\n                }\n                <\/style>\n                <div class=\"wp-block-columns is-layout-flex wp-container-core-columns-is-layout-3 wp-block-columns-is-layout-flex\">\n                    <div class=\"wp-block-column has-background is-layout-flow wp-block-column-is-layout-flow\" style=\"background-color:#f8f9fa\">\n                        <div class=\"wp-block-mac-title-cta-block container box-container orange\" style=\"color:#ed791d;background:#f8f9fa\">\n                            <div class=\"row\">\n                                <div class=\"col-9 title-box-txt\">\n                                    <h2 class=\"wp-block-mac-title-cta-block orange\" style=\"color:#212429;text-align:left\"><\/h2>\n                                <\/div>\n                                <div class=\"col-3 button-box-txt\">\n                                    <a href=\"\" class=\"buttonurl webinarblock_d6d7f2a6497a0398056da8578f543890\" rel=\"noopener\" style=\"color:#ed791d;\"> \n                                        <span class=\"buttontext\">All Webinars<\/span>\n                                    <\/a>\n                                <\/div>\n                            <\/div>\n                        <\/div>\n                    <\/div>\n                <\/div><div class=\"wp-block-mac-banner-block-cta block-cta\"><div class=\"container box-container\"><div class=\"row\"><div class=\"col-12 col-sm-12 col-md-12 col-lg-3 col-xl-3 col-xxl-3\"><div class=\"box-image\"><img decoding=\"async\" class=\"image\" src=\"https:\/\/www.maccaferri.com\/al\/wp-content\/uploads\/2026\/04\/Webinar-snow-header.jpg\" alt=\"https:\/\/www.maccaferri.com\/al\/wp-content\/uploads\/2026\/04\/Webinar-snow-header.jpg\"><\/div><\/div><div class=\"col-12 col-sm-12 col-md-12 col-lg-7 col-xl-7 col-xxl-7\"><div class=\"banner-box-txt\"><h5 class=\"title\">23 April 2026<\/h5><p class=\"description\">Snow Avalanche Risk Management: Solutions and Innovations<\/p><\/div><\/div><div class=\"col-12 col-sm-12 col-md-12 col-lg-2 col-xl-2 col-xxl-2\"><div class=\"button-box-txt\"><a href=\"https:\/\/www.maccaferri.com\/al\/webinar\/snow-avalanche-risk-management-solutions-and-innovations\/\" class=\"buttonurl\" title=\"Go to webinar\" rel=\"noopener\">\n                            <span class=\"buttontext\">Regjistrohu Tani<\/span>\n                        <\/a><\/div><\/div><\/div><\/div><\/div><div style=\"height:40px\" aria-hidden=\"true\" class=\"wp-block-spacer\"><\/div><div class=\"wp-block-mac-h2-title-block block-txt-container box-container\"><div class=\"row\"><div class=\"col title-box-txt\"><h2 style=\"color:#212429;text-align:none\">Webinari i ardhsh\u00ebm<\/h2><\/div><\/div><\/div><div class=\"wp-block-mac-container-block box-container\"><div class=\"wp-block-columns is-layout-flex wp-container-core-columns-is-layout-9d6595d7 wp-block-columns-is-layout-flex\"><div class=\"wp-block-column is-layout-flow wp-block-column-is-layout-flow\"><div class=\"wp-block-mac-card-height-block block-card-height-block-container\"><div class=\"card\"><div class=\"content-images\"><img decoding=\"async\" class=\"box-image\" src=\"https:\/\/www.maccaferri.com\/wp-content\/uploads\/2023\/09\/5.png\" alt=\"Image Stories\" \/><\/div><div class=\"card-body\"><h6 class=\"wp-block-mac-card-height-block\" style=\"color:#212429\">Menaxhimi i q\u00ebndruesh\u00ebm i ujit n\u00eb strukturat inxhinierike civile<\/h6><span class=\"abstract\" style=\"color:#212429\"><\/span><a href=\"https:\/\/www.maccaferri.com\/al\/webinar\/sustainable-water-management-in-civil-engineering-structures\/\" target=\"_blank\" class=\"cta\" rel=\"noopener\"><span class=\"text\" style=\"color:#004857\">LINQ K\u00cbTU<\/span><\/a><div class=\"star\"><span class=\"material-symbols-rounded starrate\">star<\/span><\/div><\/div><\/div><\/div><\/div>\n\n<div class=\"wp-block-column is-layout-flow wp-block-column-is-layout-flow\"><div class=\"wp-block-mac-card-height-block block-card-height-block-container\"><div class=\"card\"><div class=\"content-images\"><img decoding=\"async\" class=\"box-image\" src=\"https:\/\/www.maccaferri.com\/wp-content\/uploads\/2023\/09\/4.png\" alt=\"Image Stories\" \/><\/div><div class=\"card-body\"><h6 class=\"wp-block-mac-card-height-block\" style=\"color:#212429\">Si t\u00eb parandaloni erozionin e tok\u00ebs duke promovuar vendosjen e bim\u00ebsis\u00eb<\/h6><span class=\"abstract\" style=\"color:#212429\"><\/span><a href=\"https:\/\/www.maccaferri.com\/al\/webinar\/how-to-prevent-soil-erosion-while-promoting-the-establishment-of-vegetation\/\" target=\"_blank\" class=\"cta\" rel=\"noopener\"><span class=\"text\" style=\"color:#004857\">LINQ K\u00cbTU<\/span><\/a><div class=\"star\"><span class=\"material-symbols-rounded starrate\">star<\/span><\/div><\/div><\/div><\/div><\/div>\n\n<div class=\"wp-block-column is-layout-flow wp-block-column-is-layout-flow\"><div class=\"wp-block-mac-card-height-block block-card-height-block-container\"><div class=\"card\"><div class=\"content-images\"><img decoding=\"async\" class=\"box-image\" src=\"https:\/\/www.maccaferri.com\/wp-content\/uploads\/2023\/09\/6.png\" alt=\"Image Stories\" \/><\/div><div class=\"card-body\"><h6 class=\"wp-block-mac-card-height-block\" style=\"color:#212429\">Evolucioni i Geosintetik\u00ebve: nga origjina deri te zgjidhjet moderne t\u00eb avancuara<\/h6><span class=\"abstract\" style=\"color:#212429\"><\/span><a href=\"https:\/\/www.maccaferri.com\/al\/webinar\/geosynthetic-revolution\/\" target=\"_blank\" class=\"cta\" rel=\"noopener\"><span class=\"text\" style=\"color:#004857\">LINQ K\u00cbTU<\/span><\/a><div class=\"star\"><span class=\"material-symbols-rounded starrate\">star<\/span><\/div><\/div><\/div><\/div><\/div><\/div><\/div><div class=\"wp-block-mac-container-block box-container\"><div class=\"wp-block-columns is-layout-flex wp-container-core-columns-is-layout-9d6595d7 wp-block-columns-is-layout-flex\"><div class=\"wp-block-column is-layout-flow wp-block-column-is-layout-flow\"><div class=\"wp-block-buttons is-layout-flex wp-block-buttons-is-layout-flex\"><div class=\"wp-block-button\"><a class=\"wp-block-button__link wp-element-button\" href=\"https:\/\/www.maccaferri.com\/al\/qendra-e-dijeve\/\"><strong>Webinar i p\u00ebrkushtuar<\/strong><\/a><\/div><\/div><\/div><\/div><\/div><div style=\"height:60px\" aria-hidden=\"true\" class=\"wp-block-spacer\"><\/div><div class=\"wp-block-mac-h2-title-block block-txt-container box-container\"><div class=\"row\"><div class=\"col title-box-txt\"><h2 style=\"color:#212429;text-align:none\">Shkarko Ketu<\/h2><\/div><\/div><\/div><div style=\"height:23px\" aria-hidden=\"true\" class=\"wp-block-spacer\"><\/div><div class=\"wp-block-buttons is-layout-flex wp-block-buttons-is-layout-flex\"><\/div><div class=\"wp-block-mac-container-block box-container\"><div class=\"wp-block-columns is-layout-flex wp-container-core-columns-is-layout-9d6595d7 wp-block-columns-is-layout-flex\"><div class=\"wp-block-column is-layout-flow wp-block-column-is-layout-flow\"><\/div>\n\n<div class=\"wp-block-column is-layout-flow wp-block-column-is-layout-flow\"><div class=\"wp-block-buttons is-layout-flex wp-block-buttons-is-layout-flex\"><div class=\"wp-block-button\"><a class=\"wp-block-button__link has-text-align-center wp-element-button\" href=\"https:\/\/www2.maccaferri.com\/l\/965143\/2025-02-07\/5tf5sc\">GJEOSINTETIKA PACKAGE<\/a><\/div><\/div><\/div>\n\n<div class=\"wp-block-column is-layout-flow wp-block-column-is-layout-flow\"><\/div><\/div><\/div><p><\/p>","protected":false},"excerpt":{"rendered":"","protected":false},"author":21,"featured_media":0,"parent":0,"menu_order":0,"comment_status":"closed","ping_status":"closed","template":"","meta":{"_acf_changed":false,"_joinchat":[],"footnotes":""},"class_list":["post-61039","page","type-page","status-publish","hentry"],"acf":{"uuid_products":"","product-documents":[85993]},"yoast_head":"<!-- This site is optimized with the Yoast SEO Premium plugin v27.0 (Yoast SEO v27.0) - https:\/\/yoast.com\/product\/yoast-seo-premium-wordpress\/ -->\n<title>GJEOSINTETIKA - Maccaferri Balkans<\/title>\n<meta name=\"description\" content=\"0GJEOSINTETIKAShkarko KetuPreviousNext BOTA E GJEOSINTETIKES Gjeosintetik\u00ebt p\u00ebrdoren p\u00ebr aplikime t\u00eb shumta duke p\u00ebrfshir\u00eb: p\u00ebr t\u00eb forcuar tok\u00ebn\" \/>\n<meta name=\"robots\" content=\"index, follow, max-snippet:-1, max-image-preview:large, max-video-preview:-1\" \/>\n<link rel=\"canonical\" href=\"https:\/\/www.maccaferri.com\/al\/gjeosintetika\/\" \/>\n<meta property=\"og:locale\" content=\"sq_AL\" \/>\n<meta property=\"og:type\" content=\"article\" \/>\n<meta property=\"og:title\" content=\"GJEOSINTETIKA - Maccaferri Balkans\" \/>\n<meta property=\"og:description\" content=\"0GJEOSINTETIKAShkarko KetuPreviousNext BOTA E GJEOSINTETIKES Gjeosintetik\u00ebt p\u00ebrdoren p\u00ebr aplikime t\u00eb shumta duke p\u00ebrfshir\u00eb: p\u00ebr t\u00eb forcuar tok\u00ebn\" \/>\n<meta property=\"og:url\" content=\"https:\/\/www.maccaferri.com\/al\/gjeosintetika\/\" \/>\n<meta property=\"og:site_name\" content=\"Maccaferri Balkans\" \/>\n<meta property=\"article:modified_time\" content=\"2025-02-07T15:10:27+00:00\" \/>\n<meta property=\"og:image\" content=\"https:\/\/www.maccaferri.com\/wp-content\/uploads\/2023\/08\/Header-pagine-Nuovo-sito-10.png\" \/>\n<meta name=\"twitter:card\" content=\"summary_large_image\" \/>\n<meta name=\"twitter:label1\" content=\"Est. reading time\" \/>\n\t<meta name=\"twitter:data1\" content=\"3 minutes\" \/>\n<script type=\"application\/ld+json\" class=\"yoast-schema-graph\">{\"@context\":\"https:\/\/schema.org\",\"@graph\":[{\"@type\":\"WebPage\",\"@id\":\"https:\/\/www.maccaferri.com\/al\/gjeosintetika\/\",\"url\":\"https:\/\/www.maccaferri.com\/al\/gjeosintetika\/\",\"name\":\"GJEOSINTETIKA - Maccaferri Balkans\",\"isPartOf\":{\"@id\":\"https:\/\/www.maccaferri.com\/al\/#website\"},\"primaryImageOfPage\":{\"@id\":\"https:\/\/www.maccaferri.com\/al\/gjeosintetika\/#primaryimage\"},\"image\":{\"@id\":\"https:\/\/www.maccaferri.com\/al\/gjeosintetika\/#primaryimage\"},\"thumbnailUrl\":\"https:\/\/www.maccaferri.com\/wp-content\/uploads\/2023\/08\/Header-pagine-Nuovo-sito-10.png\",\"datePublished\":\"2025-02-07T15:10:21+00:00\",\"dateModified\":\"2025-02-07T15:10:27+00:00\",\"description\":\"0GJEOSINTETIKAShkarko KetuPreviousNext BOTA E GJEOSINTETIKES Gjeosintetik\u00ebt p\u00ebrdoren p\u00ebr aplikime t\u00eb shumta duke p\u00ebrfshir\u00eb: p\u00ebr t\u00eb forcuar tok\u00ebn\",\"inLanguage\":\"sq-AL\",\"potentialAction\":[{\"@type\":\"ReadAction\",\"target\":[\"https:\/\/www.maccaferri.com\/al\/gjeosintetika\/\"]}]},{\"@type\":\"ImageObject\",\"inLanguage\":\"sq-AL\",\"@id\":\"https:\/\/www.maccaferri.com\/al\/gjeosintetika\/#primaryimage\",\"url\":\"https:\/\/www.maccaferri.com\/wp-content\/uploads\/2023\/08\/Header-pagine-Nuovo-sito-10.png\",\"contentUrl\":\"https:\/\/www.maccaferri.com\/wp-content\/uploads\/2023\/08\/Header-pagine-Nuovo-sito-10.png\"},{\"@type\":\"WebSite\",\"@id\":\"https:\/\/www.maccaferri.com\/al\/#website\",\"url\":\"https:\/\/www.maccaferri.com\/al\/\",\"name\":\"Maccaferri Balkans\",\"description\":\"\",\"publisher\":{\"@id\":\"https:\/\/www.maccaferri.com\/al\/#organization\"},\"potentialAction\":[{\"@type\":\"SearchAction\",\"target\":{\"@type\":\"EntryPoint\",\"urlTemplate\":\"https:\/\/www.maccaferri.com\/al\/?s={search_term_string}\"},\"query-input\":{\"@type\":\"PropertyValueSpecification\",\"valueRequired\":true,\"valueName\":\"search_term_string\"}}],\"inLanguage\":\"sq-AL\"},{\"@type\":\"Organization\",\"@id\":\"https:\/\/www.maccaferri.com\/al\/#organization\",\"name\":\"Maccaferri Balkans\",\"url\":\"https:\/\/www.maccaferri.com\/al\/\",\"logo\":{\"@type\":\"ImageObject\",\"inLanguage\":\"sq-AL\",\"@id\":\"https:\/\/www.maccaferri.com\/al\/#\/schema\/logo\/image\/\",\"url\":\"https:\/\/www.maccaferri.com\/al\/wp-content\/uploads\/2022\/07\/logo-maccaferri.png\",\"contentUrl\":\"https:\/\/www.maccaferri.com\/al\/wp-content\/uploads\/2022\/07\/logo-maccaferri.png\",\"width\":152,\"height\":32,\"caption\":\"Maccaferri Balkans\"},\"image\":{\"@id\":\"https:\/\/www.maccaferri.com\/al\/#\/schema\/logo\/image\/\"}}]}<\/script>\n<!-- \/ Yoast SEO Premium plugin. -->","yoast_head_json":{"title":"GJEOSINTETIKA - Maccaferri Balkans","description":"0GJEOSINTETIKAShkarko KetuPreviousNext BOTA E GJEOSINTETIKES Gjeosintetik\u00ebt p\u00ebrdoren p\u00ebr aplikime t\u00eb shumta duke p\u00ebrfshir\u00eb: p\u00ebr t\u00eb forcuar tok\u00ebn","robots":{"index":"index","follow":"follow","max-snippet":"max-snippet:-1","max-image-preview":"max-image-preview:large","max-video-preview":"max-video-preview:-1"},"canonical":"https:\/\/www.maccaferri.com\/al\/gjeosintetika\/","og_locale":"sq_AL","og_type":"article","og_title":"GJEOSINTETIKA - Maccaferri Balkans","og_description":"0GJEOSINTETIKAShkarko KetuPreviousNext BOTA E GJEOSINTETIKES Gjeosintetik\u00ebt p\u00ebrdoren p\u00ebr aplikime t\u00eb shumta duke p\u00ebrfshir\u00eb: p\u00ebr t\u00eb forcuar tok\u00ebn","og_url":"https:\/\/www.maccaferri.com\/al\/gjeosintetika\/","og_site_name":"Maccaferri Balkans","article_modified_time":"2025-02-07T15:10:27+00:00","og_image":[{"url":"https:\/\/www.maccaferri.com\/wp-content\/uploads\/2023\/08\/Header-pagine-Nuovo-sito-10.png","type":"","width":"","height":""}],"twitter_card":"summary_large_image","twitter_misc":{"Est. reading time":"3 minutes"},"schema":{"@context":"https:\/\/schema.org","@graph":[{"@type":"WebPage","@id":"https:\/\/www.maccaferri.com\/al\/gjeosintetika\/","url":"https:\/\/www.maccaferri.com\/al\/gjeosintetika\/","name":"GJEOSINTETIKA - Maccaferri Balkans","isPartOf":{"@id":"https:\/\/www.maccaferri.com\/al\/#website"},"primaryImageOfPage":{"@id":"https:\/\/www.maccaferri.com\/al\/gjeosintetika\/#primaryimage"},"image":{"@id":"https:\/\/www.maccaferri.com\/al\/gjeosintetika\/#primaryimage"},"thumbnailUrl":"https:\/\/www.maccaferri.com\/wp-content\/uploads\/2023\/08\/Header-pagine-Nuovo-sito-10.png","datePublished":"2025-02-07T15:10:21+00:00","dateModified":"2025-02-07T15:10:27+00:00","description":"0GJEOSINTETIKAShkarko KetuPreviousNext BOTA E GJEOSINTETIKES Gjeosintetik\u00ebt p\u00ebrdoren p\u00ebr aplikime t\u00eb shumta duke p\u00ebrfshir\u00eb: p\u00ebr t\u00eb forcuar tok\u00ebn","inLanguage":"sq-AL","potentialAction":[{"@type":"ReadAction","target":["https:\/\/www.maccaferri.com\/al\/gjeosintetika\/"]}]},{"@type":"ImageObject","inLanguage":"sq-AL","@id":"https:\/\/www.maccaferri.com\/al\/gjeosintetika\/#primaryimage","url":"https:\/\/www.maccaferri.com\/wp-content\/uploads\/2023\/08\/Header-pagine-Nuovo-sito-10.png","contentUrl":"https:\/\/www.maccaferri.com\/wp-content\/uploads\/2023\/08\/Header-pagine-Nuovo-sito-10.png"},{"@type":"WebSite","@id":"https:\/\/www.maccaferri.com\/al\/#website","url":"https:\/\/www.maccaferri.com\/al\/","name":"Maccaferri Balkans","description":"","publisher":{"@id":"https:\/\/www.maccaferri.com\/al\/#organization"},"potentialAction":[{"@type":"SearchAction","target":{"@type":"EntryPoint","urlTemplate":"https:\/\/www.maccaferri.com\/al\/?s={search_term_string}"},"query-input":{"@type":"PropertyValueSpecification","valueRequired":true,"valueName":"search_term_string"}}],"inLanguage":"sq-AL"},{"@type":"Organization","@id":"https:\/\/www.maccaferri.com\/al\/#organization","name":"Maccaferri Balkans","url":"https:\/\/www.maccaferri.com\/al\/","logo":{"@type":"ImageObject","inLanguage":"sq-AL","@id":"https:\/\/www.maccaferri.com\/al\/#\/schema\/logo\/image\/","url":"https:\/\/www.maccaferri.com\/al\/wp-content\/uploads\/2022\/07\/logo-maccaferri.png","contentUrl":"https:\/\/www.maccaferri.com\/al\/wp-content\/uploads\/2022\/07\/logo-maccaferri.png","width":152,"height":32,"caption":"Maccaferri Balkans"},"image":{"@id":"https:\/\/www.maccaferri.com\/al\/#\/schema\/logo\/image\/"}}]}},"_links":{"self":[{"href":"https:\/\/www.maccaferri.com\/al\/wp-json\/wp\/v2\/pages\/61039","targetHints":{"allow":["GET"]}}],"collection":[{"href":"https:\/\/www.maccaferri.com\/al\/wp-json\/wp\/v2\/pages"}],"about":[{"href":"https:\/\/www.maccaferri.com\/al\/wp-json\/wp\/v2\/types\/page"}],"author":[{"embeddable":true,"href":"https:\/\/www.maccaferri.com\/al\/wp-json\/wp\/v2\/users\/21"}],"replies":[{"embeddable":true,"href":"https:\/\/www.maccaferri.com\/al\/wp-json\/wp\/v2\/comments?post=61039"}],"version-history":[{"count":9,"href":"https:\/\/www.maccaferri.com\/al\/wp-json\/wp\/v2\/pages\/61039\/revisions"}],"predecessor-version":[{"id":86938,"href":"https:\/\/www.maccaferri.com\/al\/wp-json\/wp\/v2\/pages\/61039\/revisions\/86938"}],"acf:post":[{"embeddable":true,"href":"https:\/\/www.maccaferri.com\/al\/wp-json\/wp\/v2\/wpdmpro\/85993"}],"wp:attachment":[{"href":"https:\/\/www.maccaferri.com\/al\/wp-json\/wp\/v2\/media?parent=61039"}],"curies":[{"name":"wp","href":"https:\/\/api.w.org\/{rel}","templated":true}]}}