{"id":61035,"date":"2025-02-07T15:12:44","date_gmt":"2025-02-07T14:12:44","guid":{"rendered":"https:\/\/www.maccaferri.com\/al\/?page_id=61035"},"modified":"2025-02-14T10:05:14","modified_gmt":"2025-02-14T09:05:14","slug":"gjeosintetika-multikopozite","status":"publish","type":"page","link":"https:\/\/www.maccaferri.com\/al\/gjeosintetika-multikopozite\/","title":{"rendered":"GJEOSINTETIKA MULTIKOPOZITE"},"content":{"rendered":"<div class=\"wp-block-mac-slider-hero-block hero-slider\"><div id=\"hero78\" class=\"carousel slide\" data-bs-ride=\"true\"><ol class=\"carousel-indicators box-container\"><li data-bs-target=\"#hero78\" data-bs-slide-to=\"0\" class=\"active\"><\/li><\/ol><div class=\"carousel-inner\"><div class=\"carousel-item active\"><div class=\"hero\"><div class=\"gts__picture\"><img decoding=\"async\" src=\"https:\/\/www.maccaferri.com\/wp-content\/uploads\/2023\/08\/tricomp-1-scaled.jpg\" style=\"display:none\" \/><div class=\"gts__picture__image\" style=\"background-image:url(https:\/\/www.maccaferri.com\/wp-content\/uploads\/2023\/08\/tricomp-1-scaled.jpg)\"><\/div><\/div><div class=\"container box-container\"><div class=\"row\"><div class=\"col-12 col-lg-6 col-xl-6 col-xxl-6\"><p><span class=\"hero-index\" style=\"display:none\">0<\/span><\/p><h2 class=\"hero-text-container\"><span class=\"hero-text\"><strong>GJEOSINTETIKA MULTIKOPOZITE<\/strong><\/span><\/h2><a class=\"hero-buttonurl\" href=\"#download\"><span class=\"hero-buttontext\">Shkarkoni k\u00ebtu<\/span><\/a><\/div><\/div><\/div><\/div><\/div><\/div><button class=\"carousel-control-prev\" type=\"button\" data-bs-slide=\"prev\"><span class=\"carousel-control-prev-icon\" aria-hidden=\"true\"><\/span><span class=\"visually-hidden\">Previous<\/span><\/button><button class=\"carousel-control-next\" type=\"button\" data-bs-slide=\"next\"><span class=\"carousel-control-next-icon\" aria-hidden=\"true\"><\/span><span class=\"visually-hidden\">Next<\/span><\/button><\/div><\/div><div style=\"height:100px\" aria-hidden=\"true\" class=\"wp-block-spacer\"><\/div><div class=\"wp-block-mac-container-block box-container\"><div class=\"wp-block-columns is-layout-flex wp-container-core-columns-is-layout-9d6595d7 wp-block-columns-is-layout-flex\"><div class=\"wp-block-column is-layout-flow wp-block-column-is-layout-flow\"><p class=\"has-large-font-size\"><strong>ZBULONI NJ\u00cb BOT\u00cb ME MUND\u00cbSI<\/strong><\/p>\n\n<div style=\"height:50px\" aria-hidden=\"true\" class=\"wp-block-spacer\"><\/div>\n\n<p>Zbuloni potencialin inovativ t\u00eb gjeosintetik\u00ebs Multicompozite t\u00eb Maccaferrit, e cila rip\u00ebrcakton peizazhin gjeosintetik duke ofruar nj\u00eb zgjidhje t\u00eb gjithanshme q\u00eb sh\u00ebrben p\u00ebr funksione t\u00eb ndryshme. Zhytuni n\u00eb t\u00eb ardhmen transformuese t\u00eb gjeosintetik\u00ebs me Multigjeokompozit\u00ebt, duke rritur performanc\u00ebn, sakt\u00ebsin\u00eb dhe koston me rezultate t\u00eb jasht\u00ebzakonshme t\u00eb projektit dhe rrjedhshmerin\u00eb e pun\u00ebs.<\/p>\n\n<div style=\"height:70px\" aria-hidden=\"true\" class=\"wp-block-spacer\"><\/div>\n\n<figure class=\"wp-block-image size-large is-style-default\"><img fetchpriority=\"high\" decoding=\"async\" width=\"1024\" height=\"438\" src=\"https:\/\/www.maccaferri.com\/al\/wp-content\/uploads\/2023\/08\/FIRMA-GSY1-1024x438.png\" alt=\"\" class=\"wp-image-53055\" srcset=\"https:\/\/www.maccaferri.com\/al\/wp-content\/uploads\/2023\/08\/FIRMA-GSY1-1024x438.png 1024w, https:\/\/www.maccaferri.com\/al\/wp-content\/uploads\/2023\/08\/FIRMA-GSY1-300x128.png 300w, https:\/\/www.maccaferri.com\/al\/wp-content\/uploads\/2023\/08\/FIRMA-GSY1-768x329.png 768w, https:\/\/www.maccaferri.com\/al\/wp-content\/uploads\/2023\/08\/FIRMA-GSY1-1536x658.png 1536w, https:\/\/www.maccaferri.com\/al\/wp-content\/uploads\/2023\/08\/FIRMA-GSY1-2048x877.png 2048w, https:\/\/www.maccaferri.com\/al\/wp-content\/uploads\/2023\/08\/FIRMA-GSY1-120x51.png 120w\" sizes=\"(max-width: 1024px) 100vw, 1024px\" \/><\/figure><\/div><\/div><\/div><div style=\"height:75px\" aria-hidden=\"true\" class=\"wp-block-spacer\"><\/div><div class=\"wp-block-mac-container-block box-container\"><div class=\"wp-block-columns is-layout-flex wp-container-core-columns-is-layout-9d6595d7 wp-block-columns-is-layout-flex\"><div class=\"wp-block-column is-layout-flow wp-block-column-is-layout-flow\"><p style=\"font-size:30px\"><strong>KONTROLLI I EROZIONIT<\/strong><\/p>\n\n<p>Kombinimi i element\u00ebve t\u00eb ndrysh\u00ebm gjeosintetik\u00eb n\u00eb multikompozitin ton\u00eb zbut n\u00eb m\u00ebnyr\u00eb efektive erozionin, duke stabilizuar terrenin n\u00eb shpatet dhe brigjet e lumenjve.<\/p><\/div>\n\n<div class=\"wp-block-column is-layout-flow wp-block-column-is-layout-flow\"><p style=\"font-size:30px\"><strong>P\u00cbRFORCIM<\/strong><\/p>\n\n<p>Multikompoziti, duke integruar gjeosintetik\u00eb t\u00eb ndryshme, p\u00ebrforcon qendrueshmerine e tok\u00ebs, duke mund\u00ebsuar nd\u00ebrtimin e rrug\u00ebve dhe mureve mbajt\u00ebse n\u00eb terrene sfiduese.<\/p><\/div><\/div><\/div><div style=\"height:70px\" aria-hidden=\"true\" class=\"wp-block-spacer\"><\/div><div class=\"wp-block-mac-container-block box-container\"><div class=\"wp-block-columns is-layout-flex wp-container-core-columns-is-layout-9d6595d7 wp-block-columns-is-layout-flex\"><div class=\"wp-block-column is-layout-flow wp-block-column-is-layout-flow\"><p style=\"font-size:30px\"><strong>FILTRIMI<\/strong><\/p>\n\n<p>Multikompoziti yn\u00eb i gjithansh\u00ebm gjeosintetik vepron si nj\u00eb sistem filtrimi superior, duke lejuar rrjedhjen e ujit nd\u00ebrsa ruan grimcat e tok\u00ebs p\u00ebr kullim dhe cil\u00ebsi optimale t\u00eb ujit.<\/p><\/div>\n\n<div class=\"wp-block-column is-layout-flow wp-block-column-is-layout-flow\"><p style=\"font-size:30px\"><strong>KULLIMI<\/strong><\/p>\n\n<p>Zgjidhja jon\u00eb multikompozite, q\u00eb p\u00ebrfshin p\u00ebrb\u00ebr\u00ebs t\u00eb ndrysh\u00ebm gjeosintetik\u00eb, shquhet n\u00eb mbledhjen dhe kanalizimin e ujit larg zonave kritike, duke siguruar kullim efikas.<\/p><\/div><\/div><\/div><div style=\"height:70px\" aria-hidden=\"true\" class=\"wp-block-spacer\"><\/div><div class=\"wp-block-mac-container-block box-container\"><div class=\"wp-block-columns is-layout-flex wp-container-core-columns-is-layout-9d6595d7 wp-block-columns-is-layout-flex\"><div class=\"wp-block-column is-layout-flow wp-block-column-is-layout-flow\"><p style=\"font-size:30px\"><strong>BARRIER\u00cb<\/strong><\/p>\n\n<p>Multikompoziti, i p\u00ebrb\u00ebr\u00eb nga gjeosintetika t\u00eb ndryshme, krijon nj\u00eb penges\u00eb t\u00eb pap\u00ebrshkueshme, q\u00eb p\u00ebrmban ndot\u00ebsit dhe ruan integritetin mjedisor.<\/p><\/div>\n\n<div class=\"wp-block-column is-layout-flow wp-block-column-is-layout-flow\"><p style=\"font-size:30px\"><strong>MBROJTJE<\/strong><\/p>\n\n<p>Me nj\u00eb kombinim t\u00eb materialeve gjeosintetike, multikompoziti yn\u00eb mbron strukturat vitale nga shpimet, d\u00ebmtimet UV dhe konsumimi fizik.<\/p><\/div><\/div><\/div><div style=\"height:70px\" aria-hidden=\"true\" class=\"wp-block-spacer\"><\/div><div class=\"wp-block-mac-container-block box-container\"><div class=\"wp-block-columns is-layout-flex wp-container-core-columns-is-layout-9d6595d7 wp-block-columns-is-layout-flex\"><div class=\"wp-block-column is-layout-flow wp-block-column-is-layout-flow\"><p style=\"font-size:30px\"><strong>NDARJA<\/strong><\/p>\n\n<p>Multikompoziti yn\u00eb inovativ, duke p\u00ebrdorur nj\u00eb p\u00ebrzierje gjeosintetike, ruan ndarje t\u00eb qart\u00eb midis shtresave t\u00eb ndryshme t\u00eb tok\u00ebs, duke ruajtur vetit\u00eb e tyre t\u00eb dallueshme n\u00eb projektet e nd\u00ebrtimit.<\/p><\/div>\n\n<div class=\"wp-block-column is-layout-flow wp-block-column-is-layout-flow\"><p style=\"font-size:30px\"><strong>\u2026 MUND\u00cbSI PA FUND<\/strong><\/p><\/div><\/div><\/div><div style=\"height:70px\" aria-hidden=\"true\" class=\"wp-block-spacer\"><\/div><div class=\"wp-block-mac-h2-title-block block-txt-container box-container\"><div class=\"row\"><div class=\"col title-box-txt\"><h2 style=\"color:#212429;text-align:none\">Histori Suksesi: Cava De Tirreni<\/h2><\/div><\/div><\/div><div class=\"wp-block-mac-container-block box-container\"><div class=\"wp-block-columns is-layout-flex wp-container-core-columns-is-layout-9d6595d7 wp-block-columns-is-layout-flex\"><div class=\"wp-block-column is-layout-flow wp-block-column-is-layout-flow\"><figure class=\"wp-block-video\"><video height=\"552\" style=\"aspect-ratio: 802 \/ 552;\" width=\"802\" controls poster=\"https:\/\/www.maccaferri.com\/wp-content\/uploads\/2024\/10\/immagine-2.png\" src=\"https:\/\/www.maccaferri.com\/al\/wp-content\/uploads\/2023\/08\/643e1591-b2ea-4ed8-8fec-7ac0e41e26c6-1.mp4\"><\/video><\/figure><\/div><\/div><\/div><div style=\"height:50px\" aria-hidden=\"true\" class=\"wp-block-spacer\"><\/div><div class=\"wp-block-mac-container-block box-container\"><div class=\"wp-block-columns is-layout-flex wp-container-core-columns-is-layout-9d6595d7 wp-block-columns-is-layout-flex\"><div class=\"wp-block-column is-layout-flow wp-block-column-is-layout-flow\"><div class=\"wp-block-mac-container-block box-container\"><div class=\"wp-block-columns is-layout-flex wp-container-core-columns-is-layout-9d6595d7 wp-block-columns-is-layout-flex\"><div class=\"wp-block-column is-layout-flow wp-block-column-is-layout-flow\"><div class=\"wp-block-mac-h2-title-block block-txt-container box-container\"><div class=\"row\"><div class=\"col title-box-txt\"><h2 style=\"color:#212429;text-align:center\">Webinar i dedikuar<\/h2><\/div><\/div><\/div>\n\n<p class=\"has-text-align-center\" style=\"font-size:15px\"><strong>Evolucioni i gjeosintetik\u00ebs: nga origjina n\u00eb zgjidhjet moderne t\u00eb avancuara<\/strong><\/p>\n\n<p class=\"has-text-align-center\" style=\"font-size:15px\">P\u00ebr m\u00eb shum\u00eb se 100 vjet ne kemi punuar s\u00eb bashku me klient\u00ebt p\u00ebr t\u00eb zhvilluar zgjidhje inxhinierike gjith\u00ebp\u00ebrfshir\u00ebse t\u00eb natyr\u00ebs q\u00eb mund t\u00eb plot\u00ebsojn\u00eb nevojat e s\u00eb tashmes duke parashikuar nevojat e s\u00eb ardhmes.<\/p>\n\n<div class=\"wp-block-buttons is-content-justification-center is-layout-flex wp-container-core-buttons-is-layout-16018d1d wp-block-buttons-is-layout-flex\"><div class=\"wp-block-button\"><a class=\"wp-block-button__link wp-element-button\" href=\"https:\/\/www.maccaferri.com\/al\/webinar\/geosynthetic-revolution\/\">link k\u00ebtu<\/a><\/div><\/div><\/div>\n\n<div class=\"wp-block-column is-layout-flow wp-block-column-is-layout-flow\"><div style=\"height:50px\" aria-hidden=\"true\" class=\"wp-block-spacer\"><\/div>\n\n<figure class=\"wp-block-image aligncenter size-large\"><img decoding=\"async\" width=\"1024\" height=\"576\" src=\"https:\/\/www.maccaferri.com\/al\/wp-content\/uploads\/2023\/08\/vlcsnap-2023-08-21-15h34m18s395-1-1-1024x576.png\" alt=\"\" class=\"wp-image-53211\" srcset=\"https:\/\/www.maccaferri.com\/al\/wp-content\/uploads\/2023\/08\/vlcsnap-2023-08-21-15h34m18s395-1-1-1024x576.png 1024w, https:\/\/www.maccaferri.com\/al\/wp-content\/uploads\/2023\/08\/vlcsnap-2023-08-21-15h34m18s395-1-1-300x169.png 300w, https:\/\/www.maccaferri.com\/al\/wp-content\/uploads\/2023\/08\/vlcsnap-2023-08-21-15h34m18s395-1-1-768x432.png 768w, https:\/\/www.maccaferri.com\/al\/wp-content\/uploads\/2023\/08\/vlcsnap-2023-08-21-15h34m18s395-1-1-1536x864.png 1536w, https:\/\/www.maccaferri.com\/al\/wp-content\/uploads\/2023\/08\/vlcsnap-2023-08-21-15h34m18s395-1-1-120x68.png 120w, https:\/\/www.maccaferri.com\/al\/wp-content\/uploads\/2023\/08\/vlcsnap-2023-08-21-15h34m18s395-1-1.png 1920w\" sizes=\"(max-width: 1024px) 100vw, 1024px\" \/><\/figure><\/div><\/div><\/div><\/div><\/div><\/div><div style=\"height:50px\" aria-hidden=\"true\" class=\"wp-block-spacer\"><\/div><div class=\"wp-block-mac-h2-title-block block-txt-container box-container download\"><div class=\"row\"><div class=\"col title-box-txt\"><h2 style=\"color:#212429;text-align:none\">SHKARKO KETU<\/h2><\/div><\/div><\/div><div class=\"wp-block-mac-container-block box-container\"><div class=\"wp-block-columns is-layout-flex wp-container-core-columns-is-layout-9d6595d7 wp-block-columns-is-layout-flex\"><div class=\"wp-block-column is-layout-flow wp-block-column-is-layout-flow\"><p class=\"has-medium-font-size\" id=\"download\">Plot\u00ebsoni formularin e m\u00ebposht\u00ebm p\u00ebr t\u00eb hyr\u00eb n\u00eb materialin ton\u00eb ekskluziv mbi gjeosintetik\u00ebn Multicomposite.<\/p><\/div><\/div><\/div><div class=\"wp-block-mac-container-block box-container\"><div class=\"wp-block-columns is-layout-flex wp-container-core-columns-is-layout-9d6595d7 wp-block-columns-is-layout-flex\"><div class=\"wp-block-column is-layout-flow wp-block-column-is-layout-flow\"><iframe src=\"https:\/\/www2.maccaferri.com\/l\/965143\/2025-02-07\/5tf5b8\" width=\"100%\" height=\"700\" type=\"text\/html\" frameborder=\"0\" allowTransparency=\"true\" style=\"border: 0\" data-cookieconsent=\"ignore\"><\/iframe><\/div><\/div><\/div><div style=\"height:100px\" aria-hidden=\"true\" class=\"wp-block-spacer\"><\/div><p><\/p>","protected":false},"excerpt":{"rendered":"","protected":false},"author":21,"featured_media":0,"parent":0,"menu_order":0,"comment_status":"closed","ping_status":"closed","template":"","meta":{"_acf_changed":false,"_joinchat":[],"footnotes":""},"class_list":["post-61035","page","type-page","status-publish","hentry"],"acf":{"uuid_products":"","product-documents":""},"yoast_head":"<!-- This site is optimized with the Yoast SEO Premium plugin v27.0 (Yoast SEO v27.0) - https:\/\/yoast.com\/product\/yoast-seo-premium-wordpress\/ -->\n<title>GJEOSINTETIKA MULTIKOPOZITE - Maccaferri Balkans<\/title>\n<meta name=\"description\" content=\"0GJEOSINTETIKA MULTIKOPOZITEShkarkoni k\u00ebtuPreviousNext ZBULONI NJ\u00cb BOT\u00cb ME MUND\u00cbSI Zbuloni potencialin inovativ t\u00eb gjeosintetik\u00ebs Multicompozite t\u00eb\" \/>\n<meta name=\"robots\" content=\"index, follow, max-snippet:-1, max-image-preview:large, max-video-preview:-1\" \/>\n<link rel=\"canonical\" href=\"https:\/\/www.maccaferri.com\/al\/gjeosintetika-multikopozite\/\" \/>\n<meta property=\"og:locale\" content=\"sq_AL\" \/>\n<meta property=\"og:type\" content=\"article\" \/>\n<meta property=\"og:title\" content=\"GJEOSINTETIKA MULTIKOPOZITE - Maccaferri Balkans\" \/>\n<meta property=\"og:description\" content=\"0GJEOSINTETIKA MULTIKOPOZITEShkarkoni k\u00ebtuPreviousNext ZBULONI NJ\u00cb BOT\u00cb ME MUND\u00cbSI Zbuloni potencialin inovativ t\u00eb gjeosintetik\u00ebs Multicompozite t\u00eb\" \/>\n<meta property=\"og:url\" content=\"https:\/\/www.maccaferri.com\/al\/gjeosintetika-multikopozite\/\" \/>\n<meta property=\"og:site_name\" content=\"Maccaferri Balkans\" \/>\n<meta property=\"article:modified_time\" content=\"2025-02-14T09:05:14+00:00\" \/>\n<meta property=\"og:image\" content=\"https:\/\/www.maccaferri.com\/wp-content\/uploads\/2023\/08\/tricomp-1-scaled.jpg\" \/>\n<meta name=\"twitter:card\" content=\"summary_large_image\" \/>\n<meta name=\"twitter:label1\" content=\"Est. reading time\" \/>\n\t<meta name=\"twitter:data1\" content=\"2 minutes\" \/>\n<script type=\"application\/ld+json\" class=\"yoast-schema-graph\">{\"@context\":\"https:\/\/schema.org\",\"@graph\":[{\"@type\":\"WebPage\",\"@id\":\"https:\/\/www.maccaferri.com\/al\/gjeosintetika-multikopozite\/\",\"url\":\"https:\/\/www.maccaferri.com\/al\/gjeosintetika-multikopozite\/\",\"name\":\"GJEOSINTETIKA MULTIKOPOZITE - Maccaferri Balkans\",\"isPartOf\":{\"@id\":\"https:\/\/www.maccaferri.com\/al\/#website\"},\"primaryImageOfPage\":{\"@id\":\"https:\/\/www.maccaferri.com\/al\/gjeosintetika-multikopozite\/#primaryimage\"},\"image\":{\"@id\":\"https:\/\/www.maccaferri.com\/al\/gjeosintetika-multikopozite\/#primaryimage\"},\"thumbnailUrl\":\"https:\/\/www.maccaferri.com\/wp-content\/uploads\/2023\/08\/tricomp-1-scaled.jpg\",\"datePublished\":\"2025-02-07T14:12:44+00:00\",\"dateModified\":\"2025-02-14T09:05:14+00:00\",\"description\":\"0GJEOSINTETIKA MULTIKOPOZITEShkarkoni k\u00ebtuPreviousNext ZBULONI NJ\u00cb BOT\u00cb ME MUND\u00cbSI Zbuloni potencialin inovativ t\u00eb gjeosintetik\u00ebs Multicompozite t\u00eb\",\"inLanguage\":\"sq-AL\",\"potentialAction\":[{\"@type\":\"ReadAction\",\"target\":[\"https:\/\/www.maccaferri.com\/al\/gjeosintetika-multikopozite\/\"]}]},{\"@type\":\"ImageObject\",\"inLanguage\":\"sq-AL\",\"@id\":\"https:\/\/www.maccaferri.com\/al\/gjeosintetika-multikopozite\/#primaryimage\",\"url\":\"https:\/\/www.maccaferri.com\/wp-content\/uploads\/2023\/08\/tricomp-1-scaled.jpg\",\"contentUrl\":\"https:\/\/www.maccaferri.com\/wp-content\/uploads\/2023\/08\/tricomp-1-scaled.jpg\"},{\"@type\":\"WebSite\",\"@id\":\"https:\/\/www.maccaferri.com\/al\/#website\",\"url\":\"https:\/\/www.maccaferri.com\/al\/\",\"name\":\"Maccaferri Balkans\",\"description\":\"\",\"publisher\":{\"@id\":\"https:\/\/www.maccaferri.com\/al\/#organization\"},\"potentialAction\":[{\"@type\":\"SearchAction\",\"target\":{\"@type\":\"EntryPoint\",\"urlTemplate\":\"https:\/\/www.maccaferri.com\/al\/?s={search_term_string}\"},\"query-input\":{\"@type\":\"PropertyValueSpecification\",\"valueRequired\":true,\"valueName\":\"search_term_string\"}}],\"inLanguage\":\"sq-AL\"},{\"@type\":\"Organization\",\"@id\":\"https:\/\/www.maccaferri.com\/al\/#organization\",\"name\":\"Maccaferri Balkans\",\"url\":\"https:\/\/www.maccaferri.com\/al\/\",\"logo\":{\"@type\":\"ImageObject\",\"inLanguage\":\"sq-AL\",\"@id\":\"https:\/\/www.maccaferri.com\/al\/#\/schema\/logo\/image\/\",\"url\":\"https:\/\/www.maccaferri.com\/al\/wp-content\/uploads\/2022\/07\/logo-maccaferri.png\",\"contentUrl\":\"https:\/\/www.maccaferri.com\/al\/wp-content\/uploads\/2022\/07\/logo-maccaferri.png\",\"width\":152,\"height\":32,\"caption\":\"Maccaferri Balkans\"},\"image\":{\"@id\":\"https:\/\/www.maccaferri.com\/al\/#\/schema\/logo\/image\/\"}}]}<\/script>\n<!-- \/ Yoast SEO Premium plugin. -->","yoast_head_json":{"title":"GJEOSINTETIKA MULTIKOPOZITE - Maccaferri Balkans","description":"0GJEOSINTETIKA MULTIKOPOZITEShkarkoni k\u00ebtuPreviousNext ZBULONI NJ\u00cb BOT\u00cb ME MUND\u00cbSI Zbuloni potencialin inovativ t\u00eb gjeosintetik\u00ebs Multicompozite t\u00eb","robots":{"index":"index","follow":"follow","max-snippet":"max-snippet:-1","max-image-preview":"max-image-preview:large","max-video-preview":"max-video-preview:-1"},"canonical":"https:\/\/www.maccaferri.com\/al\/gjeosintetika-multikopozite\/","og_locale":"sq_AL","og_type":"article","og_title":"GJEOSINTETIKA MULTIKOPOZITE - Maccaferri Balkans","og_description":"0GJEOSINTETIKA MULTIKOPOZITEShkarkoni k\u00ebtuPreviousNext ZBULONI NJ\u00cb BOT\u00cb ME MUND\u00cbSI Zbuloni potencialin inovativ t\u00eb gjeosintetik\u00ebs Multicompozite t\u00eb","og_url":"https:\/\/www.maccaferri.com\/al\/gjeosintetika-multikopozite\/","og_site_name":"Maccaferri Balkans","article_modified_time":"2025-02-14T09:05:14+00:00","og_image":[{"url":"https:\/\/www.maccaferri.com\/wp-content\/uploads\/2023\/08\/tricomp-1-scaled.jpg","type":"","width":"","height":""}],"twitter_card":"summary_large_image","twitter_misc":{"Est. reading time":"2 minutes"},"schema":{"@context":"https:\/\/schema.org","@graph":[{"@type":"WebPage","@id":"https:\/\/www.maccaferri.com\/al\/gjeosintetika-multikopozite\/","url":"https:\/\/www.maccaferri.com\/al\/gjeosintetika-multikopozite\/","name":"GJEOSINTETIKA MULTIKOPOZITE - Maccaferri Balkans","isPartOf":{"@id":"https:\/\/www.maccaferri.com\/al\/#website"},"primaryImageOfPage":{"@id":"https:\/\/www.maccaferri.com\/al\/gjeosintetika-multikopozite\/#primaryimage"},"image":{"@id":"https:\/\/www.maccaferri.com\/al\/gjeosintetika-multikopozite\/#primaryimage"},"thumbnailUrl":"https:\/\/www.maccaferri.com\/wp-content\/uploads\/2023\/08\/tricomp-1-scaled.jpg","datePublished":"2025-02-07T14:12:44+00:00","dateModified":"2025-02-14T09:05:14+00:00","description":"0GJEOSINTETIKA MULTIKOPOZITEShkarkoni k\u00ebtuPreviousNext ZBULONI NJ\u00cb BOT\u00cb ME MUND\u00cbSI Zbuloni potencialin inovativ t\u00eb gjeosintetik\u00ebs Multicompozite t\u00eb","inLanguage":"sq-AL","potentialAction":[{"@type":"ReadAction","target":["https:\/\/www.maccaferri.com\/al\/gjeosintetika-multikopozite\/"]}]},{"@type":"ImageObject","inLanguage":"sq-AL","@id":"https:\/\/www.maccaferri.com\/al\/gjeosintetika-multikopozite\/#primaryimage","url":"https:\/\/www.maccaferri.com\/wp-content\/uploads\/2023\/08\/tricomp-1-scaled.jpg","contentUrl":"https:\/\/www.maccaferri.com\/wp-content\/uploads\/2023\/08\/tricomp-1-scaled.jpg"},{"@type":"WebSite","@id":"https:\/\/www.maccaferri.com\/al\/#website","url":"https:\/\/www.maccaferri.com\/al\/","name":"Maccaferri Balkans","description":"","publisher":{"@id":"https:\/\/www.maccaferri.com\/al\/#organization"},"potentialAction":[{"@type":"SearchAction","target":{"@type":"EntryPoint","urlTemplate":"https:\/\/www.maccaferri.com\/al\/?s={search_term_string}"},"query-input":{"@type":"PropertyValueSpecification","valueRequired":true,"valueName":"search_term_string"}}],"inLanguage":"sq-AL"},{"@type":"Organization","@id":"https:\/\/www.maccaferri.com\/al\/#organization","name":"Maccaferri Balkans","url":"https:\/\/www.maccaferri.com\/al\/","logo":{"@type":"ImageObject","inLanguage":"sq-AL","@id":"https:\/\/www.maccaferri.com\/al\/#\/schema\/logo\/image\/","url":"https:\/\/www.maccaferri.com\/al\/wp-content\/uploads\/2022\/07\/logo-maccaferri.png","contentUrl":"https:\/\/www.maccaferri.com\/al\/wp-content\/uploads\/2022\/07\/logo-maccaferri.png","width":152,"height":32,"caption":"Maccaferri Balkans"},"image":{"@id":"https:\/\/www.maccaferri.com\/al\/#\/schema\/logo\/image\/"}}]}},"_links":{"self":[{"href":"https:\/\/www.maccaferri.com\/al\/wp-json\/wp\/v2\/pages\/61035","targetHints":{"allow":["GET"]}}],"collection":[{"href":"https:\/\/www.maccaferri.com\/al\/wp-json\/wp\/v2\/pages"}],"about":[{"href":"https:\/\/www.maccaferri.com\/al\/wp-json\/wp\/v2\/types\/page"}],"author":[{"embeddable":true,"href":"https:\/\/www.maccaferri.com\/al\/wp-json\/wp\/v2\/users\/21"}],"replies":[{"embeddable":true,"href":"https:\/\/www.maccaferri.com\/al\/wp-json\/wp\/v2\/comments?post=61035"}],"version-history":[{"count":4,"href":"https:\/\/www.maccaferri.com\/al\/wp-json\/wp\/v2\/pages\/61035\/revisions"}],"predecessor-version":[{"id":87246,"href":"https:\/\/www.maccaferri.com\/al\/wp-json\/wp\/v2\/pages\/61035\/revisions\/87246"}],"wp:attachment":[{"href":"https:\/\/www.maccaferri.com\/al\/wp-json\/wp\/v2\/media?parent=61035"}],"curies":[{"name":"wp","href":"https:\/\/api.w.org\/{rel}","templated":true}]}}