{"id":61030,"date":"2025-02-10T17:16:33","date_gmt":"2025-02-10T16:16:33","guid":{"rendered":"https:\/\/www.maccaferri.com\/al\/?page_id=61030"},"modified":"2025-02-14T10:13:20","modified_gmt":"2025-02-14T09:13:20","slug":"parandalimi-i-ortekve-te-debores","status":"publish","type":"page","link":"https:\/\/www.maccaferri.com\/al\/parandalimi-i-ortekve-te-debores\/","title":{"rendered":"PARANDALIMI I ORTEKVE T\u00cb D\u00cbBOR\u00cbS"},"content":{"rendered":"<div class=\"wp-block-mac-slider-hero-block hero-slider\"><div id=\"hero13\" class=\"carousel slide\" data-bs-ride=\"true\"><ol class=\"carousel-indicators box-container\"><li data-bs-target=\"#hero13\" data-bs-slide-to=\"0\" class=\"active\"><\/li><\/ol><div class=\"carousel-inner\"><div class=\"carousel-item active\"><div class=\"hero\"><div class=\"gts__picture\"><img decoding=\"async\" src=\"https:\/\/www.maccaferri.com\/wp-content\/uploads\/2023\/11\/ama-dablam-2064522_1920.jpg\" style=\"display:none\" \/><div class=\"gts__picture__image\" style=\"background-image:url(https:\/\/www.maccaferri.com\/wp-content\/uploads\/2023\/11\/ama-dablam-2064522_1920.jpg)\"><\/div><\/div><div class=\"container box-container\"><div class=\"row\"><div class=\"col-12 col-lg-6 col-xl-6 col-xxl-6\"><p><span class=\"hero-index\" style=\"display:none\">0<\/span><\/p><h2 class=\"hero-text-container\"><span class=\"hero-text\">PARANDALIMI I ORTEKVE T\u00cb D\u00cbBOR\u00cbS<\/span><\/h2><a class=\"hero-buttonurl\" href=\"#download\"><span class=\"hero-buttontext\">Shkarkoni Ketu<\/span><\/a><\/div><\/div><\/div><\/div><\/div><\/div><button class=\"carousel-control-prev\" type=\"button\" data-bs-slide=\"prev\"><span class=\"carousel-control-prev-icon\" aria-hidden=\"true\"><\/span><span class=\"visually-hidden\">Previous<\/span><\/button><button class=\"carousel-control-next\" type=\"button\" data-bs-slide=\"next\"><span class=\"carousel-control-next-icon\" aria-hidden=\"true\"><\/span><span class=\"visually-hidden\">Next<\/span><\/button><\/div><\/div><div style=\"height:30px\" aria-hidden=\"true\" class=\"wp-block-spacer\"><\/div><div class=\"wp-block-mac-h2-title-block block-txt-container box-container\"><div class=\"row\"><div class=\"col title-box-txt\"><h2 style=\"color:#212429;text-align:none\">MBROJTJA E SHPATIT, INOVACIONI I PROVUAR<\/h2><\/div><\/div><\/div><div style=\"height:50px\" aria-hidden=\"true\" class=\"wp-block-spacer\"><\/div><div class=\"wp-block-mac-container-block box-container\"><div class=\"wp-block-columns is-layout-flex wp-container-core-columns-is-layout-9d6595d7 wp-block-columns-is-layout-flex\"><div class=\"wp-block-column is-layout-flow wp-block-column-is-layout-flow\"><figure class=\"wp-block-image size-large\"><img decoding=\"async\" src=\"https:\/\/www.maccaferri.com\/wp-content\/uploads\/2023\/11\/illustrazione_snow_valanga_consfondo-1024x537.jpg\" alt=\"\" class=\"wp-image-59848\"\/><\/figure>\n\n<div style=\"height:30px\" aria-hidden=\"true\" class=\"wp-block-spacer\"><\/div>\n\n<p class=\"has-text-align-center\">Forca marramend\u00ebse e ortek\u00ebve, t\u00eb aft\u00eb p\u00ebr t\u00eb bartur tonelata d\u00ebbore dhe mbeturina me shpejt\u00ebsi mahnit\u00ebse, n\u00ebnvizon nevoj\u00ebn kritike p\u00ebr t\u00eb zbutur rrezikun e tyre.<\/p><\/div>\n\n<div class=\"wp-block-column is-layout-flow wp-block-column-is-layout-flow\"><figure class=\"wp-block-image size-large\"><img decoding=\"async\" src=\"https:\/\/www.maccaferri.com\/wp-content\/uploads\/2023\/11\/illustrazione_snow_con-sfondo_v.3-1024x537.jpg\" alt=\"\" class=\"wp-image-59850\"\/><\/figure>\n\n<div style=\"height:30px\" aria-hidden=\"true\" class=\"wp-block-spacer\"><\/div>\n\n<p class=\"has-text-align-center\">Me dekada p\u00ebrvoj\u00eb, Maccaferri \u00ebsht\u00eb nj\u00eb lider i besuar n\u00eb zbutjen e bor\u00ebs, duke ofruar zgjidhje t\u00eb provuara p\u00ebr kushtet m\u00eb t\u00eb v\u00ebshtira t\u00eb dimrit dhe mjediset sfiduese t\u00eb zon\u00ebs.<\/p><\/div><\/div><\/div><div style=\"height:50px\" aria-hidden=\"true\" class=\"wp-block-spacer\"><\/div><div class=\"wp-block-mac-h2-title-block block-txt-container box-container\"><div class=\"row\"><div class=\"col title-box-txt\"><h2 style=\"color:#212429;text-align:none\">PORTOFOLI JON\u00cb<\/h2><\/div><\/div><\/div><div style=\"height:30px\" aria-hidden=\"true\" class=\"wp-block-spacer\"><\/div><div class=\"wp-block-mac-container-block box-container\"><div class=\"wp-block-columns is-layout-flex wp-container-core-columns-is-layout-9d6595d7 wp-block-columns-is-layout-flex\"><div class=\"wp-block-column is-layout-flow wp-block-column-is-layout-flow\"><div class=\"container-fluid carousel-image-gallery\">\n        <div class=\"row\">\n            <div id=\"carouselImageblock_386ef819da1d9d4d25b7d77c3795a4e9\" class=\"carousel slide carouselImageGallery\" data-bs-ride=\"carousel\">\n                <!-- \/\/ Indicators -->\n                <ol class=\"carousel-indicators\">\n                                            <li data-bs-target=\"#carouselImageblock_386ef819da1d9d4d25b7d77c3795a4e9\" data-bs-slide-to=\"0\" class=\"active\" aria-current=\"true\" aria-label=\"Slide\"><\/li>\n                                            <li data-bs-target=\"#carouselImageblock_386ef819da1d9d4d25b7d77c3795a4e9\" data-bs-slide-to=\"1\" class=\"\" aria-current=\"true\" aria-label=\"Slide\"><\/li>\n                                            <li data-bs-target=\"#carouselImageblock_386ef819da1d9d4d25b7d77c3795a4e9\" data-bs-slide-to=\"2\" class=\"\" aria-current=\"true\" aria-label=\"Slide\"><\/li>\n                                            <li data-bs-target=\"#carouselImageblock_386ef819da1d9d4d25b7d77c3795a4e9\" data-bs-slide-to=\"3\" class=\"\" aria-current=\"true\" aria-label=\"Slide\"><\/li>\n                                    <\/ol>\n\n                <div class=\"carousel-inner container\" role=\"listbox\">\n                                            <div class=\"carousel-item active\">\n                        <div class=\"col-12 col-lg-4 col-xl-4 col-xxl-4 space-mobile\">\n                            <div class=\"grid-item-wrapper\">\n                                <div class=\"img-responsive-wrapper\">\n                                    <div class=\"img-responsive\">\n                                        <div class=\"img-wrapper\"><img decoding=\"async\" src=\"https:\/\/www.maccaferri.com\/al\/wp-content\/uploads\/2025\/01\/TERRAMESH.jpg\" alt=\"\" \/><\/div>\n                                    <\/div>\n                                <\/div>\n                                <div class=\"griditem-text-wrapper text-center\">\n                                    <p class=\"griditem-text text-center\">Dambat e mbrojtjes nga lavinat TERRAMESH nga Maccaferri jan\u00eb krijuar me kujdes p\u00ebr t\u00eb q\u00ebndruar kund\u00ebr forcave t\u00eb lavinave, duke siguruar sigurin\u00eb e qyteteve dhe rrug\u00ebve malore.<\/p>\n                   \n                                <\/div>\n                            <\/div>\n                        <\/div>\n                        <\/div>\n                                            <div class=\"carousel-item \">\n                        <div class=\"col-12 col-lg-4 col-xl-4 col-xxl-4 space-mobile\">\n                            <div class=\"grid-item-wrapper\">\n                                <div class=\"img-responsive-wrapper\">\n                                    <div class=\"img-responsive\">\n                                        <div class=\"img-wrapper\"><img decoding=\"async\" src=\"https:\/\/www.maccaferri.com\/al\/wp-content\/uploads\/2025\/01\/READYMAC-SNOW.jpg\" alt=\"\" \/><\/div>\n                                    <\/div>\n                                <\/div>\n                                <div class=\"griditem-text-wrapper text-center\">\n                                    <p class=\"griditem-text text-center\">Sistema \u00e7adra READYMAC SNOW, t\u00eb ankoruara me fleksibilitet, stabilizojn\u00eb shtres\u00ebn e bor\u00ebs n\u00eb zonat e rrezikut t\u00eb lavinave, duke siguruar p\u00ebrputhshm\u00ebrin\u00eb me rregulloret dhe standardet shkencore.<\/p>\n                   \n                                <\/div>\n                            <\/div>\n                        <\/div>\n                        <\/div>\n                                            <div class=\"carousel-item \">\n                        <div class=\"col-12 col-lg-4 col-xl-4 col-xxl-4 space-mobile\">\n                            <div class=\"grid-item-wrapper\">\n                                <div class=\"img-responsive-wrapper\">\n                                    <div class=\"img-responsive\">\n                                        <div class=\"img-wrapper\"><img decoding=\"async\" src=\"https:\/\/www.maccaferri.com\/al\/wp-content\/uploads\/2025\/01\/AVAMAC.jpg\" alt=\"\" \/><\/div>\n                                    <\/div>\n                                <\/div>\n                                <div class=\"griditem-text-wrapper text-center\">\n                                    <p class=\"griditem-text text-center\">Strukturat AVAMAC stabilizojn\u00eb shtresat e bor\u00ebs n\u00eb zonat e shk\u00ebputjes, duke ofruar avantazhe t\u00eb ve\u00e7anta krahasuar me Rrjetat Tradicionale t\u00eb Bor\u00ebs me komponente t\u00eb specializuara.<\/p>\n                   \n                                <\/div>\n                            <\/div>\n                        <\/div>\n                        <\/div>\n                                            <div class=\"carousel-item \">\n                        <div class=\"col-12 col-lg-4 col-xl-4 col-xxl-4 space-mobile\">\n                            <div class=\"grid-item-wrapper\">\n                                <div class=\"img-responsive-wrapper\">\n                                    <div class=\"img-responsive\">\n                                        <div class=\"img-wrapper\"><img decoding=\"async\" src=\"https:\/\/www.maccaferri.com\/al\/wp-content\/uploads\/2025\/01\/HELLOMAC-SNOW.jpg\" alt=\"\" \/><\/div>\n                                    <\/div>\n                                <\/div>\n                                <div class=\"griditem-text-wrapper text-center\">\n                                    <p class=\"griditem-text text-center\">HELLOMAC SNOW nga Maccaferri p\u00ebrmir\u00ebson sigurin\u00eb p\u00ebrmes zgjidhjeve t\u00eb zgjuara dhe teknologjis\u00eb gjeoteknike t\u00eb avancuar, duke mund\u00ebsuar monitorimin efektiv t\u00eb shk\u00ebmbinjve t\u00eb bor\u00ebs dhe zvog\u00eblimin e riskut t\u00eb lavinave.\r\n<\/p>\n                   \n                                <\/div>\n                            <\/div>\n                        <\/div>\n                        <\/div>\n                                    <\/div>\n            <\/div>\n\n        <\/div>\n    <\/div><\/div><\/div><\/div><div style=\"height:100px\" aria-hidden=\"true\" class=\"wp-block-spacer\"><\/div><div class=\"wp-block-mac-h2-title-block block-txt-container box-container\"><div class=\"row\"><div class=\"col title-box-txt\"><h2 style=\"color:#212429;text-align:none\">WEBINAR I DEDIKUAR<\/h2><\/div><\/div><\/div><div class=\"wp-block-mac-container-block box-container\"><div class=\"wp-block-columns is-layout-flex wp-container-core-columns-is-layout-9d6595d7 wp-block-columns-is-layout-flex\"><div class=\"wp-block-column is-layout-flow wp-block-column-is-layout-flow\"><div class=\"wp-block-mac-container-block box-container\"><div class=\"wp-block-columns is-layout-flex wp-container-core-columns-is-layout-9d6595d7 wp-block-columns-is-layout-flex\"><div class=\"wp-block-column is-layout-flow wp-block-column-is-layout-flow\"><figure class=\"wp-block-image size-full is-style-default\"><img decoding=\"async\" src=\"https:\/\/www.maccaferri.com\/wp-content\/uploads\/2023\/12\/immagine-1-1.png\" alt=\"\" class=\"wp-image-61008\"\/><\/figure><\/div>\n\n<div class=\"wp-block-column is-layout-flow wp-block-column-is-layout-flow\"><div style=\"height:60px\" aria-hidden=\"true\" class=\"wp-block-spacer\"><\/div>\n\n<p class=\"has-text-align-center\" style=\"font-size:25px\"><strong>Zbutja e ortek\u00ebve t\u00eb bor\u00ebs: Risi p\u00ebr sigurin\u00eb<\/strong><\/p>\n\n<p class=\"has-text-align-center\">Shikoni webinarin e regjistruar mbi zbutjen e ortek\u00ebve p\u00ebr t\u00eb eksploruar strategji novatore q\u00eb rip\u00ebrcaktojn\u00eb sigurin\u00eb n\u00eb rajonet malore dhe adresojn\u00eb forc\u00ebn e frikshme t\u00eb orteqeve.<\/p>\n\n<div class=\"wp-block-buttons is-content-justification-center is-layout-flex wp-container-core-buttons-is-layout-16018d1d wp-block-buttons-is-layout-flex\"><div class=\"wp-block-button\"><a class=\"wp-block-button__link wp-element-button\" href=\"https:\/\/www.maccaferri.com\/al\/webinar\/snow-avalanche-mitigation-innovation-for-safety\/\">Link ketu<\/a><\/div><\/div><\/div><\/div><\/div><\/div><\/div><\/div><div style=\"height:100px\" aria-hidden=\"true\" class=\"wp-block-spacer\"><\/div><div class=\"wp-block-mac-h2-title-block block-txt-container box-container\"><div class=\"row\"><div class=\"col title-box-txt\"><h2 style=\"color:#212429;text-align:none\">SHKARKONI KETU<\/h2><\/div><\/div><\/div><div class=\"wp-block-mac-container-block box-container\"><div class=\"wp-block-columns is-layout-flex wp-container-core-columns-is-layout-9d6595d7 wp-block-columns-is-layout-flex\"><div class=\"wp-block-column is-layout-flow wp-block-column-is-layout-flow\"><p id=\"download\">Plot\u00ebsoni formularin e m\u00ebposht\u00ebm p\u00ebr t\u00eb hyr\u00eb n\u00eb materialin ton\u00eb ekskluziv mbi zgjidhjet per deboren.<\/p>\n\n<iframe src=\"https:\/\/www2.maccaferri.com\/l\/965143\/2025-02-10\/5tfcfr\" width=\"100%\" height=\"700\" type=\"text\/html\" frameborder=\"0\" allowTransparency=\"true\" style=\"border: 0\" data-cookieconsent=\"ignore\"><\/iframe><\/div><\/div><\/div><p><\/p>","protected":false},"excerpt":{"rendered":"","protected":false},"author":21,"featured_media":0,"parent":0,"menu_order":0,"comment_status":"closed","ping_status":"closed","template":"","meta":{"_acf_changed":false,"_joinchat":[],"footnotes":""},"class_list":["post-61030","page","type-page","status-publish","hentry"],"acf":{"uuid_products":"","product-documents":""},"yoast_head":"<!-- This site is optimized with the Yoast SEO Premium plugin v27.0 (Yoast SEO v27.0) - https:\/\/yoast.com\/product\/yoast-seo-premium-wordpress\/ -->\n<title>PARANDALIMI I ORTEKVE T\u00cb D\u00cbBOR\u00cbS - Maccaferri Balkans<\/title>\n<meta name=\"description\" content=\"0PARANDALIMI I ORTEKVE T\u00cb D\u00cbBOR\u00cbSShkarkoni KetuPreviousNext MBROJTJA E SHPATIT, INOVACIONI I PROVUAR Forca marramend\u00ebse e ortek\u00ebve, t\u00eb aft\u00eb p\u00ebr t\u00eb bartur\" \/>\n<meta name=\"robots\" content=\"index, follow, max-snippet:-1, max-image-preview:large, max-video-preview:-1\" \/>\n<link rel=\"canonical\" href=\"https:\/\/www.maccaferri.com\/al\/parandalimi-i-ortekve-te-debores\/\" \/>\n<meta property=\"og:locale\" content=\"sq_AL\" \/>\n<meta property=\"og:type\" content=\"article\" \/>\n<meta property=\"og:title\" content=\"PARANDALIMI I ORTEKVE T\u00cb D\u00cbBOR\u00cbS - Maccaferri Balkans\" \/>\n<meta property=\"og:description\" content=\"0PARANDALIMI I ORTEKVE T\u00cb D\u00cbBOR\u00cbSShkarkoni KetuPreviousNext MBROJTJA E SHPATIT, INOVACIONI I PROVUAR Forca marramend\u00ebse e ortek\u00ebve, t\u00eb aft\u00eb p\u00ebr t\u00eb bartur\" \/>\n<meta property=\"og:url\" content=\"https:\/\/www.maccaferri.com\/al\/parandalimi-i-ortekve-te-debores\/\" \/>\n<meta property=\"og:site_name\" content=\"Maccaferri Balkans\" \/>\n<meta property=\"article:modified_time\" content=\"2025-02-14T09:13:20+00:00\" \/>\n<meta property=\"og:image\" content=\"https:\/\/www.maccaferri.com\/wp-content\/uploads\/2023\/11\/ama-dablam-2064522_1920.jpg\" \/>\n<meta name=\"twitter:card\" content=\"summary_large_image\" \/>\n<meta name=\"twitter:label1\" content=\"Est. reading time\" \/>\n\t<meta name=\"twitter:data1\" content=\"2 minutes\" \/>\n<script type=\"application\/ld+json\" class=\"yoast-schema-graph\">{\"@context\":\"https:\/\/schema.org\",\"@graph\":[{\"@type\":\"WebPage\",\"@id\":\"https:\/\/www.maccaferri.com\/al\/parandalimi-i-ortekve-te-debores\/\",\"url\":\"https:\/\/www.maccaferri.com\/al\/parandalimi-i-ortekve-te-debores\/\",\"name\":\"PARANDALIMI I ORTEKVE T\u00cb D\u00cbBOR\u00cbS - Maccaferri Balkans\",\"isPartOf\":{\"@id\":\"https:\/\/www.maccaferri.com\/al\/#website\"},\"primaryImageOfPage\":{\"@id\":\"https:\/\/www.maccaferri.com\/al\/parandalimi-i-ortekve-te-debores\/#primaryimage\"},\"image\":{\"@id\":\"https:\/\/www.maccaferri.com\/al\/parandalimi-i-ortekve-te-debores\/#primaryimage\"},\"thumbnailUrl\":\"https:\/\/www.maccaferri.com\/wp-content\/uploads\/2023\/11\/ama-dablam-2064522_1920.jpg\",\"datePublished\":\"2025-02-10T16:16:33+00:00\",\"dateModified\":\"2025-02-14T09:13:20+00:00\",\"description\":\"0PARANDALIMI I ORTEKVE T\u00cb D\u00cbBOR\u00cbSShkarkoni KetuPreviousNext MBROJTJA E SHPATIT, INOVACIONI I PROVUAR Forca marramend\u00ebse e ortek\u00ebve, t\u00eb aft\u00eb p\u00ebr t\u00eb bartur\",\"inLanguage\":\"sq-AL\",\"potentialAction\":[{\"@type\":\"ReadAction\",\"target\":[\"https:\/\/www.maccaferri.com\/al\/parandalimi-i-ortekve-te-debores\/\"]}]},{\"@type\":\"ImageObject\",\"inLanguage\":\"sq-AL\",\"@id\":\"https:\/\/www.maccaferri.com\/al\/parandalimi-i-ortekve-te-debores\/#primaryimage\",\"url\":\"https:\/\/www.maccaferri.com\/wp-content\/uploads\/2023\/11\/ama-dablam-2064522_1920.jpg\",\"contentUrl\":\"https:\/\/www.maccaferri.com\/wp-content\/uploads\/2023\/11\/ama-dablam-2064522_1920.jpg\"},{\"@type\":\"WebSite\",\"@id\":\"https:\/\/www.maccaferri.com\/al\/#website\",\"url\":\"https:\/\/www.maccaferri.com\/al\/\",\"name\":\"Maccaferri Balkans\",\"description\":\"\",\"publisher\":{\"@id\":\"https:\/\/www.maccaferri.com\/al\/#organization\"},\"potentialAction\":[{\"@type\":\"SearchAction\",\"target\":{\"@type\":\"EntryPoint\",\"urlTemplate\":\"https:\/\/www.maccaferri.com\/al\/?s={search_term_string}\"},\"query-input\":{\"@type\":\"PropertyValueSpecification\",\"valueRequired\":true,\"valueName\":\"search_term_string\"}}],\"inLanguage\":\"sq-AL\"},{\"@type\":\"Organization\",\"@id\":\"https:\/\/www.maccaferri.com\/al\/#organization\",\"name\":\"Maccaferri Balkans\",\"url\":\"https:\/\/www.maccaferri.com\/al\/\",\"logo\":{\"@type\":\"ImageObject\",\"inLanguage\":\"sq-AL\",\"@id\":\"https:\/\/www.maccaferri.com\/al\/#\/schema\/logo\/image\/\",\"url\":\"https:\/\/www.maccaferri.com\/al\/wp-content\/uploads\/2022\/07\/logo-maccaferri.png\",\"contentUrl\":\"https:\/\/www.maccaferri.com\/al\/wp-content\/uploads\/2022\/07\/logo-maccaferri.png\",\"width\":152,\"height\":32,\"caption\":\"Maccaferri Balkans\"},\"image\":{\"@id\":\"https:\/\/www.maccaferri.com\/al\/#\/schema\/logo\/image\/\"}}]}<\/script>\n<!-- \/ Yoast SEO Premium plugin. -->","yoast_head_json":{"title":"PARANDALIMI I ORTEKVE T\u00cb D\u00cbBOR\u00cbS - Maccaferri Balkans","description":"0PARANDALIMI I ORTEKVE T\u00cb D\u00cbBOR\u00cbSShkarkoni KetuPreviousNext MBROJTJA E SHPATIT, INOVACIONI I PROVUAR Forca marramend\u00ebse e ortek\u00ebve, t\u00eb aft\u00eb p\u00ebr t\u00eb bartur","robots":{"index":"index","follow":"follow","max-snippet":"max-snippet:-1","max-image-preview":"max-image-preview:large","max-video-preview":"max-video-preview:-1"},"canonical":"https:\/\/www.maccaferri.com\/al\/parandalimi-i-ortekve-te-debores\/","og_locale":"sq_AL","og_type":"article","og_title":"PARANDALIMI I ORTEKVE T\u00cb D\u00cbBOR\u00cbS - Maccaferri Balkans","og_description":"0PARANDALIMI I ORTEKVE T\u00cb D\u00cbBOR\u00cbSShkarkoni KetuPreviousNext MBROJTJA E SHPATIT, INOVACIONI I PROVUAR Forca marramend\u00ebse e ortek\u00ebve, t\u00eb aft\u00eb p\u00ebr t\u00eb bartur","og_url":"https:\/\/www.maccaferri.com\/al\/parandalimi-i-ortekve-te-debores\/","og_site_name":"Maccaferri Balkans","article_modified_time":"2025-02-14T09:13:20+00:00","og_image":[{"url":"https:\/\/www.maccaferri.com\/wp-content\/uploads\/2023\/11\/ama-dablam-2064522_1920.jpg","type":"","width":"","height":""}],"twitter_card":"summary_large_image","twitter_misc":{"Est. reading time":"2 minutes"},"schema":{"@context":"https:\/\/schema.org","@graph":[{"@type":"WebPage","@id":"https:\/\/www.maccaferri.com\/al\/parandalimi-i-ortekve-te-debores\/","url":"https:\/\/www.maccaferri.com\/al\/parandalimi-i-ortekve-te-debores\/","name":"PARANDALIMI I ORTEKVE T\u00cb D\u00cbBOR\u00cbS - Maccaferri Balkans","isPartOf":{"@id":"https:\/\/www.maccaferri.com\/al\/#website"},"primaryImageOfPage":{"@id":"https:\/\/www.maccaferri.com\/al\/parandalimi-i-ortekve-te-debores\/#primaryimage"},"image":{"@id":"https:\/\/www.maccaferri.com\/al\/parandalimi-i-ortekve-te-debores\/#primaryimage"},"thumbnailUrl":"https:\/\/www.maccaferri.com\/wp-content\/uploads\/2023\/11\/ama-dablam-2064522_1920.jpg","datePublished":"2025-02-10T16:16:33+00:00","dateModified":"2025-02-14T09:13:20+00:00","description":"0PARANDALIMI I ORTEKVE T\u00cb D\u00cbBOR\u00cbSShkarkoni KetuPreviousNext MBROJTJA E SHPATIT, INOVACIONI I PROVUAR Forca marramend\u00ebse e ortek\u00ebve, t\u00eb aft\u00eb p\u00ebr t\u00eb bartur","inLanguage":"sq-AL","potentialAction":[{"@type":"ReadAction","target":["https:\/\/www.maccaferri.com\/al\/parandalimi-i-ortekve-te-debores\/"]}]},{"@type":"ImageObject","inLanguage":"sq-AL","@id":"https:\/\/www.maccaferri.com\/al\/parandalimi-i-ortekve-te-debores\/#primaryimage","url":"https:\/\/www.maccaferri.com\/wp-content\/uploads\/2023\/11\/ama-dablam-2064522_1920.jpg","contentUrl":"https:\/\/www.maccaferri.com\/wp-content\/uploads\/2023\/11\/ama-dablam-2064522_1920.jpg"},{"@type":"WebSite","@id":"https:\/\/www.maccaferri.com\/al\/#website","url":"https:\/\/www.maccaferri.com\/al\/","name":"Maccaferri Balkans","description":"","publisher":{"@id":"https:\/\/www.maccaferri.com\/al\/#organization"},"potentialAction":[{"@type":"SearchAction","target":{"@type":"EntryPoint","urlTemplate":"https:\/\/www.maccaferri.com\/al\/?s={search_term_string}"},"query-input":{"@type":"PropertyValueSpecification","valueRequired":true,"valueName":"search_term_string"}}],"inLanguage":"sq-AL"},{"@type":"Organization","@id":"https:\/\/www.maccaferri.com\/al\/#organization","name":"Maccaferri Balkans","url":"https:\/\/www.maccaferri.com\/al\/","logo":{"@type":"ImageObject","inLanguage":"sq-AL","@id":"https:\/\/www.maccaferri.com\/al\/#\/schema\/logo\/image\/","url":"https:\/\/www.maccaferri.com\/al\/wp-content\/uploads\/2022\/07\/logo-maccaferri.png","contentUrl":"https:\/\/www.maccaferri.com\/al\/wp-content\/uploads\/2022\/07\/logo-maccaferri.png","width":152,"height":32,"caption":"Maccaferri Balkans"},"image":{"@id":"https:\/\/www.maccaferri.com\/al\/#\/schema\/logo\/image\/"}}]}},"_links":{"self":[{"href":"https:\/\/www.maccaferri.com\/al\/wp-json\/wp\/v2\/pages\/61030","targetHints":{"allow":["GET"]}}],"collection":[{"href":"https:\/\/www.maccaferri.com\/al\/wp-json\/wp\/v2\/pages"}],"about":[{"href":"https:\/\/www.maccaferri.com\/al\/wp-json\/wp\/v2\/types\/page"}],"author":[{"embeddable":true,"href":"https:\/\/www.maccaferri.com\/al\/wp-json\/wp\/v2\/users\/21"}],"replies":[{"embeddable":true,"href":"https:\/\/www.maccaferri.com\/al\/wp-json\/wp\/v2\/comments?post=61030"}],"version-history":[{"count":3,"href":"https:\/\/www.maccaferri.com\/al\/wp-json\/wp\/v2\/pages\/61030\/revisions"}],"predecessor-version":[{"id":87250,"href":"https:\/\/www.maccaferri.com\/al\/wp-json\/wp\/v2\/pages\/61030\/revisions\/87250"}],"wp:attachment":[{"href":"https:\/\/www.maccaferri.com\/al\/wp-json\/wp\/v2\/media?parent=61030"}],"curies":[{"name":"wp","href":"https:\/\/api.w.org\/{rel}","templated":true}]}}