{"id":2906,"date":"2022-12-01T16:52:35","date_gmt":"2022-12-01T15:52:35","guid":{"rendered":"https:\/\/www.maccaferri.com\/bal\/?page_id=2906"},"modified":"2023-01-13T14:52:00","modified_gmt":"2023-01-13T13:52:00","slug":"vizioni-misioni","status":"publish","type":"page","link":"https:\/\/www.maccaferri.com\/al\/vizioni-misioni\/","title":{"rendered":"Vizioni &amp; Misioni"},"content":{"rendered":"<div class=\"wp-block-mac-h1-title-hero-block container-fluid block-txt-container\" style=\"background:linear-gradient(180deg,rgb(1,94,111) 0%,rgb(0,72,87) 100%)\"><div class=\"row\"><div class=\"col\"><div class=\"gts__picture\"><img decoding=\"async\" src=\"https:\/\/www.maccaferri.com\/bal\/wp-content\/uploads\/sites\/20\/2022\/12\/Sustainability_Gabion_3.jpg\" style=\"display:none\" \/><div class=\"gts__picture__image\" style=\"background-image:url(https:\/\/www.maccaferri.com\/bal\/wp-content\/uploads\/sites\/20\/2022\/12\/Sustainability_Gabion_3.jpg)\"><\/div><\/div><div class=\"container box-container\"><div class=\"row\"><div class=\"col title-box-txt\"><h1 class=\"wp-block-mac-h1-title-hero-block\" style=\"color:#ffffff;text-align:none\">Vizioni &amp; Misioni<\/h1><\/div><\/div><\/div><\/div><\/div><\/div><div class=\"wp-block-mac-container-block box-container\"><div class=\"wp-block-columns is-layout-flex wp-container-core-columns-is-layout-9d6595d7 wp-block-columns-is-layout-flex\"><div class=\"wp-block-column is-layout-flow wp-block-column-is-layout-flow\"><div class=\"container content-paragraph box-container\"><div class=\"row\"><div class=\"col-12 col-lg-12 col-xl-12 col-xxl-12\"><div class=\"content-txt\"><h4>Duke u kujdesur p\u00ebr bot\u00ebn e s\u00eb nes\u00ebrmes, duke harmonizuar jet\u00ebn dhe natyr\u00ebn p\u00ebrmes zgjidhjeve inovative, Maccaferri ndjek p\u00ebrsosm\u00ebrin\u00eb dhe p\u00ebrmir\u00ebsimin e vazhduesh\u00ebm.<\/h4>\n<\/div><\/div><\/div><\/div><\/div>\n\n<div class=\"wp-block-column is-vertically-aligned-center is-layout-flow wp-block-column-is-layout-flow\"><figure class=\"wp-block-image aligncenter size-full\"><img decoding=\"async\" width=\"200\" height=\"200\" src=\"https:\/\/www.maccaferri.com\/bal\/wp-content\/uploads\/sites\/20\/2022\/12\/maccaferri-nurturing-2019-200x200-1.png\" alt=\"\" class=\"wp-image-3696\" srcset=\"https:\/\/www.maccaferri.com\/al\/wp-content\/uploads\/2022\/12\/maccaferri-nurturing-2019-200x200-1.png 200w, https:\/\/www.maccaferri.com\/al\/wp-content\/uploads\/2022\/12\/maccaferri-nurturing-2019-200x200-1-150x150.png 150w\" sizes=\"(max-width: 200px) 100vw, 200px\" \/><\/figure><\/div><\/div><\/div><div class=\"wp-block-mac-container-block box-container\"><div class=\"wp-block-columns is-layout-flex wp-container-core-columns-is-layout-9d6595d7 wp-block-columns-is-layout-flex\"><div class=\"wp-block-column is-layout-flow wp-block-column-is-layout-flow\"><div class=\"container content-paragraph box-container\"><div class=\"row\"><div class=\"col-12 col-lg-12 col-xl-12 col-xxl-12\"><h6>VIZIONI<\/h6><div class=\"content-txt\"><h5>Partner global i besuar, duke u kujdesur per bot\u00ebn e s\u00eb nes\u00ebrmes, duke harmonizuar jet\u00ebn dhe natyr\u00ebn p\u00ebrmes zgjidhjeve inovative.<\/h5>\n<p><strong>T\u00eb kujdesesh<\/strong> p\u00ebr Maccaferrin do t\u00eb thot\u00eb t\u00eb mbrosh dhe t\u00eb jesh i p\u00ebrgjegjsh\u00ebm. Vizioni yn\u00eb nuk ka t\u00eb b\u00ebj\u00eb vet\u00ebm me &#8216;\u00e7far\u00eb&#8217; duam t\u00eb jemi, por edhe m\u00eb e r\u00ebnd\u00ebsishmja ka t\u00eb b\u00ebj\u00eb edhe me &#8216;si&#8217; duam t\u00eb jemi si organizat\u00eb. T\u00eb p\u00ebrgjegjshem, t\u00eb respektuesh\u00ebm, t\u00eb kujdessh\u00ebm dhe t\u00eb ndjesh\u00ebm jo vet\u00ebm ndaj mjedisit, por edhe ndaj njer\u00ebzve tan\u00eb.<\/p>\n<\/div><\/div><\/div><\/div><\/div>\n\n<div class=\"wp-block-column is-vertically-aligned-bottom is-layout-flow wp-block-column-is-layout-flow\"><figure class=\"wp-block-embed is-type-video is-provider-youtube wp-block-embed-youtube wp-embed-aspect-16-9 wp-has-aspect-ratio\"><div class=\"wp-block-embed__wrapper\">\n<iframe title=\"Maccaferri Vision\" width=\"640\" height=\"360\" src=\"https:\/\/www.youtube.com\/embed\/-d-yujSQjw0?feature=oembed\" frameborder=\"0\" allow=\"accelerometer; autoplay; clipboard-write; encrypted-media; gyroscope; picture-in-picture; web-share\" referrerpolicy=\"strict-origin-when-cross-origin\" allowfullscreen><\/iframe>\n<\/div><\/figure><\/div><\/div><\/div><div style=\"height:100px\" aria-hidden=\"true\" class=\"wp-block-spacer\"><\/div><div class=\"wp-block-mac-container-block box-container\"><div class=\"wp-block-columns are-vertically-aligned-bottom is-layout-flex wp-container-core-columns-is-layout-9d6595d7 wp-block-columns-is-layout-flex\"><div class=\"wp-block-column is-vertically-aligned-bottom is-layout-flow wp-block-column-is-layout-flow\"><figure class=\"wp-block-embed is-type-video is-provider-youtube wp-block-embed-youtube wp-embed-aspect-16-9 wp-has-aspect-ratio\"><div class=\"wp-block-embed__wrapper\">\n<iframe title=\"Maccaferri Mission\" width=\"640\" height=\"360\" src=\"https:\/\/www.youtube.com\/embed\/wuKbKI5x2Hw?feature=oembed\" frameborder=\"0\" allow=\"accelerometer; autoplay; clipboard-write; encrypted-media; gyroscope; picture-in-picture; web-share\" referrerpolicy=\"strict-origin-when-cross-origin\" allowfullscreen><\/iframe>\n<\/div><\/figure><\/div>\n\n<div class=\"wp-block-column is-vertically-aligned-bottom is-layout-flow wp-block-column-is-layout-flow\"><div class=\"container content-paragraph box-container\"><div class=\"row\"><div class=\"col-12 col-lg-12 col-xl-12 col-xxl-12\"><h6>MISIONI<\/h6><div class=\"content-txt\"><h5>Ndjekim p\u00ebrsosm\u00ebrin\u00eb p\u00ebrmes p\u00ebrmir\u00ebsimit t\u00eb vazhduesh\u00ebm duke u ofruar klient\u00ebve tan\u00eb zgjidhje inxhinierike q\u00eb jan\u00eb inovative, t\u00eb avancuara dhe ekologjike.<\/h5>\n<p>Ne jemi t\u00eb p\u00ebrkushtuar ndaj siguris\u00eb, cil\u00ebsis\u00eb dhe q\u00ebndrueshm\u00ebris\u00eb s\u00eb jasht\u00ebzakonshme, p\u00ebr t\u00eb krijuar vler\u00eb p\u00ebr t\u00eb gjith\u00eb pal\u00ebt e interesuara, si dhe komunitetet tona.<\/p>\n<\/div><\/div><\/div><\/div><\/div><\/div><\/div>","protected":false},"excerpt":{"rendered":"","protected":false},"author":2,"featured_media":0,"parent":0,"menu_order":0,"comment_status":"closed","ping_status":"closed","template":"custom-products-page.php","meta":{"_acf_changed":false,"_joinchat":[],"footnotes":""},"class_list":["post-2906","page","type-page","status-publish","hentry"],"acf":{"uuid_products":"","product-documents":""},"yoast_head":"<!-- This site is optimized with the Yoast SEO Premium plugin v27.0 (Yoast SEO v27.0) - https:\/\/yoast.com\/product\/yoast-seo-premium-wordpress\/ -->\n<title>Vizioni &amp; Misioni - Maccaferri Balkans<\/title>\n<meta name=\"description\" content=\"Vizioni &amp; Misioni             https:\/\/www.youtube.com\/watch?v=-d-yujSQjw0        https:\/\/www.youtube.com\/watch?v=wuKbKI5x2Hw\" \/>\n<meta name=\"robots\" content=\"index, follow, max-snippet:-1, max-image-preview:large, max-video-preview:-1\" \/>\n<link rel=\"canonical\" href=\"https:\/\/www.maccaferri.com\/al\/vizioni-misioni\/\" \/>\n<meta property=\"og:locale\" content=\"sq_AL\" \/>\n<meta property=\"og:type\" content=\"article\" \/>\n<meta property=\"og:title\" content=\"Vizioni &amp; Misioni - Maccaferri Balkans\" \/>\n<meta property=\"og:description\" content=\"Vizioni &amp; Misioni             https:\/\/www.youtube.com\/watch?v=-d-yujSQjw0        https:\/\/www.youtube.com\/watch?v=wuKbKI5x2Hw\" \/>\n<meta property=\"og:url\" content=\"https:\/\/www.maccaferri.com\/al\/vizioni-misioni\/\" \/>\n<meta property=\"og:site_name\" content=\"Maccaferri Balkans\" \/>\n<meta property=\"article:modified_time\" content=\"2023-01-13T13:52:00+00:00\" \/>\n<meta property=\"og:image\" content=\"https:\/\/www.maccaferri.com\/bal\/wp-content\/uploads\/sites\/20\/2022\/12\/Sustainability_Gabion_3.jpg\" \/>\n<meta name=\"twitter:card\" content=\"summary_large_image\" \/>\n<meta name=\"twitter:label1\" content=\"Est. reading time\" \/>\n\t<meta name=\"twitter:data1\" content=\"1 minute\" \/>\n<script type=\"application\/ld+json\" class=\"yoast-schema-graph\">{\"@context\":\"https:\/\/schema.org\",\"@graph\":[{\"@type\":\"WebPage\",\"@id\":\"https:\/\/www.maccaferri.com\/al\/vizioni-misioni\/\",\"url\":\"https:\/\/www.maccaferri.com\/al\/vizioni-misioni\/\",\"name\":\"Vizioni &amp; Misioni - Maccaferri Balkans\",\"isPartOf\":{\"@id\":\"https:\/\/www.maccaferri.com\/al\/#website\"},\"primaryImageOfPage\":{\"@id\":\"https:\/\/www.maccaferri.com\/al\/vizioni-misioni\/#primaryimage\"},\"image\":{\"@id\":\"https:\/\/www.maccaferri.com\/al\/vizioni-misioni\/#primaryimage\"},\"thumbnailUrl\":\"https:\/\/www.maccaferri.com\/bal\/wp-content\/uploads\/sites\/20\/2022\/12\/Sustainability_Gabion_3.jpg\",\"datePublished\":\"2022-12-01T15:52:35+00:00\",\"dateModified\":\"2023-01-13T13:52:00+00:00\",\"description\":\"Vizioni &amp; Misioni https:\/\/www.youtube.com\/watch?v=-d-yujSQjw0 https:\/\/www.youtube.com\/watch?v=wuKbKI5x2Hw\",\"inLanguage\":\"sq-AL\",\"potentialAction\":[{\"@type\":\"ReadAction\",\"target\":[\"https:\/\/www.maccaferri.com\/al\/vizioni-misioni\/\"]}]},{\"@type\":\"ImageObject\",\"inLanguage\":\"sq-AL\",\"@id\":\"https:\/\/www.maccaferri.com\/al\/vizioni-misioni\/#primaryimage\",\"url\":\"https:\/\/www.maccaferri.com\/bal\/wp-content\/uploads\/sites\/20\/2022\/12\/Sustainability_Gabion_3.jpg\",\"contentUrl\":\"https:\/\/www.maccaferri.com\/bal\/wp-content\/uploads\/sites\/20\/2022\/12\/Sustainability_Gabion_3.jpg\"},{\"@type\":\"WebSite\",\"@id\":\"https:\/\/www.maccaferri.com\/al\/#website\",\"url\":\"https:\/\/www.maccaferri.com\/al\/\",\"name\":\"Maccaferri Balkans\",\"description\":\"\",\"publisher\":{\"@id\":\"https:\/\/www.maccaferri.com\/al\/#organization\"},\"potentialAction\":[{\"@type\":\"SearchAction\",\"target\":{\"@type\":\"EntryPoint\",\"urlTemplate\":\"https:\/\/www.maccaferri.com\/al\/?s={search_term_string}\"},\"query-input\":{\"@type\":\"PropertyValueSpecification\",\"valueRequired\":true,\"valueName\":\"search_term_string\"}}],\"inLanguage\":\"sq-AL\"},{\"@type\":\"Organization\",\"@id\":\"https:\/\/www.maccaferri.com\/al\/#organization\",\"name\":\"Maccaferri Balkans\",\"url\":\"https:\/\/www.maccaferri.com\/al\/\",\"logo\":{\"@type\":\"ImageObject\",\"inLanguage\":\"sq-AL\",\"@id\":\"https:\/\/www.maccaferri.com\/al\/#\/schema\/logo\/image\/\",\"url\":\"https:\/\/www.maccaferri.com\/al\/wp-content\/uploads\/2022\/07\/logo-maccaferri.png\",\"contentUrl\":\"https:\/\/www.maccaferri.com\/al\/wp-content\/uploads\/2022\/07\/logo-maccaferri.png\",\"width\":152,\"height\":32,\"caption\":\"Maccaferri Balkans\"},\"image\":{\"@id\":\"https:\/\/www.maccaferri.com\/al\/#\/schema\/logo\/image\/\"}}]}<\/script>\n<!-- \/ Yoast SEO Premium plugin. -->","yoast_head_json":{"title":"Vizioni &amp; Misioni - Maccaferri Balkans","description":"Vizioni &amp; Misioni             https:\/\/www.youtube.com\/watch?v=-d-yujSQjw0        https:\/\/www.youtube.com\/watch?v=wuKbKI5x2Hw","robots":{"index":"index","follow":"follow","max-snippet":"max-snippet:-1","max-image-preview":"max-image-preview:large","max-video-preview":"max-video-preview:-1"},"canonical":"https:\/\/www.maccaferri.com\/al\/vizioni-misioni\/","og_locale":"sq_AL","og_type":"article","og_title":"Vizioni &amp; Misioni - Maccaferri Balkans","og_description":"Vizioni &amp; Misioni             https:\/\/www.youtube.com\/watch?v=-d-yujSQjw0        https:\/\/www.youtube.com\/watch?v=wuKbKI5x2Hw","og_url":"https:\/\/www.maccaferri.com\/al\/vizioni-misioni\/","og_site_name":"Maccaferri Balkans","article_modified_time":"2023-01-13T13:52:00+00:00","og_image":[{"url":"https:\/\/www.maccaferri.com\/bal\/wp-content\/uploads\/sites\/20\/2022\/12\/Sustainability_Gabion_3.jpg","type":"","width":"","height":""}],"twitter_card":"summary_large_image","twitter_misc":{"Est. reading time":"1 minute"},"schema":{"@context":"https:\/\/schema.org","@graph":[{"@type":"WebPage","@id":"https:\/\/www.maccaferri.com\/al\/vizioni-misioni\/","url":"https:\/\/www.maccaferri.com\/al\/vizioni-misioni\/","name":"Vizioni &amp; Misioni - Maccaferri Balkans","isPartOf":{"@id":"https:\/\/www.maccaferri.com\/al\/#website"},"primaryImageOfPage":{"@id":"https:\/\/www.maccaferri.com\/al\/vizioni-misioni\/#primaryimage"},"image":{"@id":"https:\/\/www.maccaferri.com\/al\/vizioni-misioni\/#primaryimage"},"thumbnailUrl":"https:\/\/www.maccaferri.com\/bal\/wp-content\/uploads\/sites\/20\/2022\/12\/Sustainability_Gabion_3.jpg","datePublished":"2022-12-01T15:52:35+00:00","dateModified":"2023-01-13T13:52:00+00:00","description":"Vizioni &amp; Misioni https:\/\/www.youtube.com\/watch?v=-d-yujSQjw0 https:\/\/www.youtube.com\/watch?v=wuKbKI5x2Hw","inLanguage":"sq-AL","potentialAction":[{"@type":"ReadAction","target":["https:\/\/www.maccaferri.com\/al\/vizioni-misioni\/"]}]},{"@type":"ImageObject","inLanguage":"sq-AL","@id":"https:\/\/www.maccaferri.com\/al\/vizioni-misioni\/#primaryimage","url":"https:\/\/www.maccaferri.com\/bal\/wp-content\/uploads\/sites\/20\/2022\/12\/Sustainability_Gabion_3.jpg","contentUrl":"https:\/\/www.maccaferri.com\/bal\/wp-content\/uploads\/sites\/20\/2022\/12\/Sustainability_Gabion_3.jpg"},{"@type":"WebSite","@id":"https:\/\/www.maccaferri.com\/al\/#website","url":"https:\/\/www.maccaferri.com\/al\/","name":"Maccaferri Balkans","description":"","publisher":{"@id":"https:\/\/www.maccaferri.com\/al\/#organization"},"potentialAction":[{"@type":"SearchAction","target":{"@type":"EntryPoint","urlTemplate":"https:\/\/www.maccaferri.com\/al\/?s={search_term_string}"},"query-input":{"@type":"PropertyValueSpecification","valueRequired":true,"valueName":"search_term_string"}}],"inLanguage":"sq-AL"},{"@type":"Organization","@id":"https:\/\/www.maccaferri.com\/al\/#organization","name":"Maccaferri Balkans","url":"https:\/\/www.maccaferri.com\/al\/","logo":{"@type":"ImageObject","inLanguage":"sq-AL","@id":"https:\/\/www.maccaferri.com\/al\/#\/schema\/logo\/image\/","url":"https:\/\/www.maccaferri.com\/al\/wp-content\/uploads\/2022\/07\/logo-maccaferri.png","contentUrl":"https:\/\/www.maccaferri.com\/al\/wp-content\/uploads\/2022\/07\/logo-maccaferri.png","width":152,"height":32,"caption":"Maccaferri Balkans"},"image":{"@id":"https:\/\/www.maccaferri.com\/al\/#\/schema\/logo\/image\/"}}]}},"_links":{"self":[{"href":"https:\/\/www.maccaferri.com\/al\/wp-json\/wp\/v2\/pages\/2906","targetHints":{"allow":["GET"]}}],"collection":[{"href":"https:\/\/www.maccaferri.com\/al\/wp-json\/wp\/v2\/pages"}],"about":[{"href":"https:\/\/www.maccaferri.com\/al\/wp-json\/wp\/v2\/types\/page"}],"author":[{"embeddable":true,"href":"https:\/\/www.maccaferri.com\/al\/wp-json\/wp\/v2\/users\/2"}],"replies":[{"embeddable":true,"href":"https:\/\/www.maccaferri.com\/al\/wp-json\/wp\/v2\/comments?post=2906"}],"version-history":[{"count":24,"href":"https:\/\/www.maccaferri.com\/al\/wp-json\/wp\/v2\/pages\/2906\/revisions"}],"predecessor-version":[{"id":6875,"href":"https:\/\/www.maccaferri.com\/al\/wp-json\/wp\/v2\/pages\/2906\/revisions\/6875"}],"wp:attachment":[{"href":"https:\/\/www.maccaferri.com\/al\/wp-json\/wp\/v2\/media?parent=2906"}],"curies":[{"name":"wp","href":"https:\/\/api.w.org\/{rel}","templated":true}]}}