{"id":1398,"date":"2022-07-29T11:40:29","date_gmt":"2022-07-29T09:40:29","guid":{"rendered":"https:\/\/www.maccaferri.com\/bal\/?page_id=1398"},"modified":"2023-04-20T11:02:58","modified_gmt":"2023-04-20T09:02:58","slug":"inovacion","status":"publish","type":"page","link":"https:\/\/www.maccaferri.com\/al\/inovacion\/","title":{"rendered":"Inovacion"},"content":{"rendered":"<div class=\"wp-block-mac-h1-title-hero-block container-fluid block-txt-container\" style=\"background:linear-gradient(180deg,rgb(1,94,111) 0%,rgb(0,72,87) 100%)\"><div class=\"row\"><div class=\"col\"><div class=\"gts__picture\"><img decoding=\"async\" src=\"https:\/\/www.maccaferri.com\/bal\/wp-content\/uploads\/sites\/20\/2022\/12\/Adv-2-1.jpg\" style=\"display:none\"\/><div class=\"gts__picture__image\" style=\"background-image:url(https:\/\/www.maccaferri.com\/bal\/wp-content\/uploads\/sites\/20\/2022\/12\/Adv-2-1.jpg)\"><\/div><\/div><div class=\"container box-container\"><div class=\"row\"><div class=\"col title-box-txt\"><h1 class=\"wp-block-mac-h1-title-hero-block\" style=\"color:#ffffff;text-align:none\">Inovacion<\/h1><\/div><\/div><\/div><\/div><\/div><\/div><div class=\"wp-block-mac-h2-title-block block-txt-container box-container\"><div class=\"row\"><div class=\"col title-box-txt\"><h2 style=\"color:#212429;text-align:none\">Programe kompjuterike t\u00eb personalizuara MACCAFERRI<\/h2><\/div><\/div><\/div><div class=\"wp-block-columns is-layout-flex wp-container-core-columns-is-layout-9d6595d7 wp-block-columns-is-layout-flex\"><div class=\"wp-block-column is-layout-flow wp-block-column-is-layout-flow\"><div class=\"wp-block-mac-container-block box-container\"><div class=\"wp-block-columns is-layout-flex wp-container-core-columns-is-layout-9d6595d7 wp-block-columns-is-layout-flex\"><div class=\"wp-block-column is-layout-flow wp-block-column-is-layout-flow\"><div class=\"wp-block-columns is-layout-flex wp-container-core-columns-is-layout-9d6595d7 wp-block-columns-is-layout-flex\"><div class=\"wp-block-column is-layout-flow wp-block-column-is-layout-flow\"><p class=\"has-medium-font-size\">Zhvilluar n\u00eb partneritet me institutet dhe universitetet kryesore, paketa jon\u00eb e softuer\u00ebve t\u00eb pranuar dhe miq\u00ebsore n\u00eb mbar\u00eb bot\u00ebn i fuqizon inxhinier\u00ebt t\u00eb dizajnojn\u00eb dhe ofrojn\u00eb zgjidhje efektive dhe t\u00eb besueshme t\u00eb inxhinieris\u00eb civile.<\/p>\n\n<p class=\"has-medium-font-size\">Bazuar n\u00eb t\u00eb dh\u00ebnat eksperimentale t\u00eb mbledhura n\u00eb dekada t\u00eb p\u00ebrvoj\u00ebs n\u00eb terren dhe fushatave rigoroze t\u00eb prov\u00ebs, zgjidhjet tona t\u00eb softuerit pa pages\u00eb i p\u00ebrshtaten k\u00ebrkesave t\u00eb inxhinier\u00ebve civil\u00eb dhe gjeoteknik\u00eb n\u00eb mbar\u00eb bot\u00ebn, duke ofruar gjithashtu p\u00ebrfitime shtes\u00eb nga kosto-efektiviteti dhe nd\u00ebrtueshm\u00ebria e p\u00ebrmir\u00ebsuar.<\/p>\n\n<p class=\"has-medium-font-size\">Kontaktoni me ne p\u00ebr t&#8217;u trajnuar mbi zgjidhjet tona softuerike dhe p\u00ebr t\u00eb filluar dizajnimin e zgjidhjeve inxhinierike t\u00eb nivelit t\u00eb lart\u00eb dhe sfidues n\u00eb kushte te ndryshme&#8221;<\/p><\/div>\n\n<div class=\"wp-block-column is-layout-flow wp-block-column-is-layout-flow\"><figure class=\"wp-block-image aligncenter size-full\"><img fetchpriority=\"high\" decoding=\"async\" width=\"628\" height=\"375\" src=\"https:\/\/www.maccaferri.com\/bal\/wp-content\/uploads\/sites\/20\/2022\/12\/catterre.png\" alt=\"\" class=\"wp-image-3138\" srcset=\"https:\/\/www.maccaferri.com\/al\/wp-content\/uploads\/2022\/12\/catterre.png 628w, https:\/\/www.maccaferri.com\/al\/wp-content\/uploads\/2022\/12\/catterre-300x179.png 300w\" sizes=\"(max-width: 628px) 100vw, 628px\" \/><\/figure><\/div><\/div><\/div><\/div><\/div><\/div><\/div><div class=\"wp-block-mac-banner-title-cta  box-container block-cta\" style=\"background:#015E6F\"><div class=\"container box-container\"><div class=\"row\"><div class=\"col-2 col-sm-2 col-md-2 col-lg-2 col-xl-2 col-xxl-2\"><div class=\"box-image\"><img decoding=\"async\" class=\"image\" src=\"https:\/\/www.maccaferri.com\/bal\/wp-content\/uploads\/sites\/20\/2022\/11\/img-banner-software.png\" alt=\"Image\"\/><\/div><\/div><div class=\"col-7 col-sm-7 col-md-7 col-lg-7 col-xl-7 col-xxl-7\"><div class=\"banner-box-txt\" style=\"text-align:default\"><h4 class=\"title\">PERDORNI SOFTWARE-T TANE <br>PER TE PROJEKTUAR TE ARDHMEN<\/h4><\/div><\/div><div class=\"col-3 col-sm-3 col-md-3 col-lg-3 col-xl-3 col-xxl-3\"><div class=\"button-box-txt\"><a href=\"https:\/\/www.maccaferri.com\/al\/maccaferri-paketa-e-softuerit\" target=\"_blank\" class=\"buttonurl\" rel=\"noopener\"><span class=\"buttontext\">shko te platforma<\/span><\/a><\/div><\/div><\/div><\/div><\/div><div style=\"height:100px\" aria-hidden=\"true\" class=\"wp-block-spacer\"><\/div><div class=\"wp-block-mac-h2-title-block block-txt-container box-container\"><div class=\"row\"><div class=\"col title-box-txt\"><h2 style=\"color:#212429;text-align:none\">MACCAFERRI BIM OBJEKTE<\/h2><\/div><\/div><\/div><div class=\"wp-block-mac-container-block box-container\"><div class=\"wp-block-columns is-layout-flex wp-container-core-columns-is-layout-9d6595d7 wp-block-columns-is-layout-flex\"><div class=\"wp-block-column is-layout-flow wp-block-column-is-layout-flow\"><div class=\"wp-block-columns is-layout-flex wp-container-core-columns-is-layout-9d6595d7 wp-block-columns-is-layout-flex\"><div class=\"wp-block-column is-layout-flow wp-block-column-is-layout-flow\"><figure class=\"wp-block-image size-large\"><img decoding=\"async\" width=\"1024\" height=\"675\" src=\"https:\/\/www.maccaferri.com\/bal\/wp-content\/uploads\/sites\/20\/2022\/12\/Maccaferri-BIM-Objects-1024x675.png\" alt=\"\" class=\"wp-image-3547\" srcset=\"https:\/\/www.maccaferri.com\/al\/wp-content\/uploads\/2022\/12\/Maccaferri-BIM-Objects-1024x675.png 1024w, https:\/\/www.maccaferri.com\/al\/wp-content\/uploads\/2022\/12\/Maccaferri-BIM-Objects-300x198.png 300w, https:\/\/www.maccaferri.com\/al\/wp-content\/uploads\/2022\/12\/Maccaferri-BIM-Objects-768x506.png 768w, https:\/\/www.maccaferri.com\/al\/wp-content\/uploads\/2022\/12\/Maccaferri-BIM-Objects.png 1121w\" sizes=\"(max-width: 1024px) 100vw, 1024px\" \/><\/figure>\n\n<p><\/p><\/div>\n\n<div class=\"wp-block-column is-layout-flow wp-block-column-is-layout-flow\"><p>Maccaferri \u00ebsht\u00eb i p\u00ebrkushtuar n\u00eb promovimin e bashk\u00ebpunimit nd\u00ebrmjet pal\u00ebve t\u00eb interesuara t\u00eb industris\u00eb gjat\u00eb gjith\u00eb ciklit jet\u00ebsor t\u00eb nj\u00eb projekti. Me k\u00ebt\u00eb objektiv n\u00eb mendje, ne i v\u00ebm\u00eb zgjidhjet tona t\u00eb disponueshme edhe si objekte modeli informacioni nd\u00ebrtimi, duke inkurajuar adoptimin e teknologjis\u00eb BIM p\u00ebr t\u00eb p\u00ebrmir\u00ebsuar proceset e projektimit dhe nd\u00ebrtimit, duke parandaluar pasakt\u00ebsit\u00eb e funksionimit n\u00eb vend.<\/p>\n\n<p>Shkarkoni paketat tona BIM<\/p><\/div><\/div><\/div><\/div><\/div><div class=\"wp-block-columns is-layout-flex wp-container-core-columns-is-layout-9d6595d7 wp-block-columns-is-layout-flex\"><div class=\"wp-block-column is-layout-flow wp-block-column-is-layout-flow\"><div class=\"wp-block-mac-container-block box-container\"><div class=\"wp-block-columns is-layout-flex wp-container-core-columns-is-layout-9d6595d7 wp-block-columns-is-layout-flex\"><div class=\"wp-block-column is-layout-flow wp-block-column-is-layout-flow\"><div class=\"wp-block-mac-banner-title-cta  box-container block-cta\" style=\"background:#015E6F\"><div class=\"container box-container\"><div class=\"row\"><div class=\"col-2 col-sm-2 col-md-2 col-lg-2 col-xl-2 col-xxl-2\"><div class=\"box-image\"><img decoding=\"async\" class=\"image\" src=\"https:\/\/www.maccaferri.com\/bal\/wp-content\/uploads\/sites\/20\/2022\/11\/img-banner-software.png\" alt=\"Image\"\/><\/div><\/div><div class=\"col-7 col-sm-7 col-md-7 col-lg-7 col-xl-7 col-xxl-7\"><div class=\"banner-box-txt\" style=\"text-align:default\"><h4 class=\"title\">PERDORIMI I OBJEKTEVE TONA BIM PER TE DIZENJUAR TE ARDHMEN<\/h4><\/div><\/div><div class=\"col-3 col-sm-3 col-md-3 col-lg-3 col-xl-3 col-xxl-3\"><div class=\"button-box-txt\"><a href=\"https:\/\/www.maccaferri.com\/al\/biblioteka-e-objekteve-bim\" target=\"_blank\" class=\"buttonurl\" rel=\"noopener\"><span class=\"buttontext\">Shkoni n\u00eb bibliotek\u00eb<\/span><\/a><\/div><\/div><\/div><\/div><\/div><\/div><\/div><\/div><\/div><\/div>","protected":false},"excerpt":{"rendered":"","protected":false},"author":1,"featured_media":0,"parent":0,"menu_order":0,"comment_status":"closed","ping_status":"closed","template":"","meta":{"_acf_changed":false,"_joinchat":[],"footnotes":""},"class_list":["post-1398","page","type-page","status-publish","hentry"],"acf":{"uuid_products":"","product-documents":""},"yoast_head":"<!-- This site is optimized with the Yoast SEO Premium plugin v27.0 (Yoast SEO v27.0) - https:\/\/yoast.com\/product\/yoast-seo-premium-wordpress\/ -->\n<title>Inovacion - Maccaferri Balkans<\/title>\n<meta name=\"description\" content=\"Inovacion Programe kompjuterike t\u00eb personalizuara MACCAFERRI Zhvilluar n\u00eb partneritet me institutet dhe universitetet kryesore, paketa jon\u00eb e softuer\u00ebve\" \/>\n<meta name=\"robots\" content=\"index, follow, max-snippet:-1, max-image-preview:large, max-video-preview:-1\" \/>\n<link rel=\"canonical\" href=\"https:\/\/www.maccaferri.com\/al\/inovacion\/\" \/>\n<meta property=\"og:locale\" content=\"sq_AL\" \/>\n<meta property=\"og:type\" content=\"article\" \/>\n<meta property=\"og:title\" content=\"Inovacion - Maccaferri Balkans\" \/>\n<meta property=\"og:description\" content=\"Inovacion Programe kompjuterike t\u00eb personalizuara MACCAFERRI Zhvilluar n\u00eb partneritet me institutet dhe universitetet kryesore, paketa jon\u00eb e softuer\u00ebve\" \/>\n<meta property=\"og:url\" content=\"https:\/\/www.maccaferri.com\/al\/inovacion\/\" \/>\n<meta property=\"og:site_name\" content=\"Maccaferri Balkans\" \/>\n<meta property=\"article:modified_time\" content=\"2023-04-20T09:02:58+00:00\" \/>\n<meta property=\"og:image\" content=\"https:\/\/www.maccaferri.com\/bal\/wp-content\/uploads\/sites\/20\/2022\/12\/Adv-2-1.jpg\" \/>\n<meta name=\"twitter:card\" content=\"summary_large_image\" \/>\n<meta name=\"twitter:label1\" content=\"Est. reading time\" \/>\n\t<meta name=\"twitter:data1\" content=\"3 minutes\" \/>\n<script type=\"application\/ld+json\" class=\"yoast-schema-graph\">{\"@context\":\"https:\/\/schema.org\",\"@graph\":[{\"@type\":\"WebPage\",\"@id\":\"https:\/\/www.maccaferri.com\/al\/inovacion\/\",\"url\":\"https:\/\/www.maccaferri.com\/al\/inovacion\/\",\"name\":\"Inovacion - Maccaferri Balkans\",\"isPartOf\":{\"@id\":\"https:\/\/www.maccaferri.com\/al\/#website\"},\"primaryImageOfPage\":{\"@id\":\"https:\/\/www.maccaferri.com\/al\/inovacion\/#primaryimage\"},\"image\":{\"@id\":\"https:\/\/www.maccaferri.com\/al\/inovacion\/#primaryimage\"},\"thumbnailUrl\":\"https:\/\/www.maccaferri.com\/bal\/wp-content\/uploads\/sites\/20\/2022\/12\/Adv-2-1.jpg\",\"datePublished\":\"2022-07-29T09:40:29+00:00\",\"dateModified\":\"2023-04-20T09:02:58+00:00\",\"description\":\"Inovacion Programe kompjuterike t\u00eb personalizuara MACCAFERRI Zhvilluar n\u00eb partneritet me institutet dhe universitetet kryesore, paketa jon\u00eb e softuer\u00ebve\",\"inLanguage\":\"sq-AL\",\"potentialAction\":[{\"@type\":\"ReadAction\",\"target\":[\"https:\/\/www.maccaferri.com\/al\/inovacion\/\"]}]},{\"@type\":\"ImageObject\",\"inLanguage\":\"sq-AL\",\"@id\":\"https:\/\/www.maccaferri.com\/al\/inovacion\/#primaryimage\",\"url\":\"https:\/\/www.maccaferri.com\/bal\/wp-content\/uploads\/sites\/20\/2022\/12\/Adv-2-1.jpg\",\"contentUrl\":\"https:\/\/www.maccaferri.com\/bal\/wp-content\/uploads\/sites\/20\/2022\/12\/Adv-2-1.jpg\"},{\"@type\":\"WebSite\",\"@id\":\"https:\/\/www.maccaferri.com\/al\/#website\",\"url\":\"https:\/\/www.maccaferri.com\/al\/\",\"name\":\"Maccaferri Balkans\",\"description\":\"\",\"publisher\":{\"@id\":\"https:\/\/www.maccaferri.com\/al\/#organization\"},\"potentialAction\":[{\"@type\":\"SearchAction\",\"target\":{\"@type\":\"EntryPoint\",\"urlTemplate\":\"https:\/\/www.maccaferri.com\/al\/?s={search_term_string}\"},\"query-input\":{\"@type\":\"PropertyValueSpecification\",\"valueRequired\":true,\"valueName\":\"search_term_string\"}}],\"inLanguage\":\"sq-AL\"},{\"@type\":\"Organization\",\"@id\":\"https:\/\/www.maccaferri.com\/al\/#organization\",\"name\":\"Maccaferri Balkans\",\"url\":\"https:\/\/www.maccaferri.com\/al\/\",\"logo\":{\"@type\":\"ImageObject\",\"inLanguage\":\"sq-AL\",\"@id\":\"https:\/\/www.maccaferri.com\/al\/#\/schema\/logo\/image\/\",\"url\":\"https:\/\/www.maccaferri.com\/al\/wp-content\/uploads\/2022\/07\/logo-maccaferri.png\",\"contentUrl\":\"https:\/\/www.maccaferri.com\/al\/wp-content\/uploads\/2022\/07\/logo-maccaferri.png\",\"width\":152,\"height\":32,\"caption\":\"Maccaferri Balkans\"},\"image\":{\"@id\":\"https:\/\/www.maccaferri.com\/al\/#\/schema\/logo\/image\/\"}}]}<\/script>\n<!-- \/ Yoast SEO Premium plugin. -->","yoast_head_json":{"title":"Inovacion - Maccaferri Balkans","description":"Inovacion Programe kompjuterike t\u00eb personalizuara MACCAFERRI Zhvilluar n\u00eb partneritet me institutet dhe universitetet kryesore, paketa jon\u00eb e softuer\u00ebve","robots":{"index":"index","follow":"follow","max-snippet":"max-snippet:-1","max-image-preview":"max-image-preview:large","max-video-preview":"max-video-preview:-1"},"canonical":"https:\/\/www.maccaferri.com\/al\/inovacion\/","og_locale":"sq_AL","og_type":"article","og_title":"Inovacion - Maccaferri Balkans","og_description":"Inovacion Programe kompjuterike t\u00eb personalizuara MACCAFERRI Zhvilluar n\u00eb partneritet me institutet dhe universitetet kryesore, paketa jon\u00eb e softuer\u00ebve","og_url":"https:\/\/www.maccaferri.com\/al\/inovacion\/","og_site_name":"Maccaferri Balkans","article_modified_time":"2023-04-20T09:02:58+00:00","og_image":[{"url":"https:\/\/www.maccaferri.com\/bal\/wp-content\/uploads\/sites\/20\/2022\/12\/Adv-2-1.jpg","type":"","width":"","height":""}],"twitter_card":"summary_large_image","twitter_misc":{"Est. reading time":"3 minutes"},"schema":{"@context":"https:\/\/schema.org","@graph":[{"@type":"WebPage","@id":"https:\/\/www.maccaferri.com\/al\/inovacion\/","url":"https:\/\/www.maccaferri.com\/al\/inovacion\/","name":"Inovacion - Maccaferri Balkans","isPartOf":{"@id":"https:\/\/www.maccaferri.com\/al\/#website"},"primaryImageOfPage":{"@id":"https:\/\/www.maccaferri.com\/al\/inovacion\/#primaryimage"},"image":{"@id":"https:\/\/www.maccaferri.com\/al\/inovacion\/#primaryimage"},"thumbnailUrl":"https:\/\/www.maccaferri.com\/bal\/wp-content\/uploads\/sites\/20\/2022\/12\/Adv-2-1.jpg","datePublished":"2022-07-29T09:40:29+00:00","dateModified":"2023-04-20T09:02:58+00:00","description":"Inovacion Programe kompjuterike t\u00eb personalizuara MACCAFERRI Zhvilluar n\u00eb partneritet me institutet dhe universitetet kryesore, paketa jon\u00eb e softuer\u00ebve","inLanguage":"sq-AL","potentialAction":[{"@type":"ReadAction","target":["https:\/\/www.maccaferri.com\/al\/inovacion\/"]}]},{"@type":"ImageObject","inLanguage":"sq-AL","@id":"https:\/\/www.maccaferri.com\/al\/inovacion\/#primaryimage","url":"https:\/\/www.maccaferri.com\/bal\/wp-content\/uploads\/sites\/20\/2022\/12\/Adv-2-1.jpg","contentUrl":"https:\/\/www.maccaferri.com\/bal\/wp-content\/uploads\/sites\/20\/2022\/12\/Adv-2-1.jpg"},{"@type":"WebSite","@id":"https:\/\/www.maccaferri.com\/al\/#website","url":"https:\/\/www.maccaferri.com\/al\/","name":"Maccaferri Balkans","description":"","publisher":{"@id":"https:\/\/www.maccaferri.com\/al\/#organization"},"potentialAction":[{"@type":"SearchAction","target":{"@type":"EntryPoint","urlTemplate":"https:\/\/www.maccaferri.com\/al\/?s={search_term_string}"},"query-input":{"@type":"PropertyValueSpecification","valueRequired":true,"valueName":"search_term_string"}}],"inLanguage":"sq-AL"},{"@type":"Organization","@id":"https:\/\/www.maccaferri.com\/al\/#organization","name":"Maccaferri Balkans","url":"https:\/\/www.maccaferri.com\/al\/","logo":{"@type":"ImageObject","inLanguage":"sq-AL","@id":"https:\/\/www.maccaferri.com\/al\/#\/schema\/logo\/image\/","url":"https:\/\/www.maccaferri.com\/al\/wp-content\/uploads\/2022\/07\/logo-maccaferri.png","contentUrl":"https:\/\/www.maccaferri.com\/al\/wp-content\/uploads\/2022\/07\/logo-maccaferri.png","width":152,"height":32,"caption":"Maccaferri Balkans"},"image":{"@id":"https:\/\/www.maccaferri.com\/al\/#\/schema\/logo\/image\/"}}]}},"_links":{"self":[{"href":"https:\/\/www.maccaferri.com\/al\/wp-json\/wp\/v2\/pages\/1398","targetHints":{"allow":["GET"]}}],"collection":[{"href":"https:\/\/www.maccaferri.com\/al\/wp-json\/wp\/v2\/pages"}],"about":[{"href":"https:\/\/www.maccaferri.com\/al\/wp-json\/wp\/v2\/types\/page"}],"author":[{"embeddable":true,"href":"https:\/\/www.maccaferri.com\/al\/wp-json\/wp\/v2\/users\/1"}],"replies":[{"embeddable":true,"href":"https:\/\/www.maccaferri.com\/al\/wp-json\/wp\/v2\/comments?post=1398"}],"version-history":[{"count":49,"href":"https:\/\/www.maccaferri.com\/al\/wp-json\/wp\/v2\/pages\/1398\/revisions"}],"predecessor-version":[{"id":13066,"href":"https:\/\/www.maccaferri.com\/al\/wp-json\/wp\/v2\/pages\/1398\/revisions\/13066"}],"wp:attachment":[{"href":"https:\/\/www.maccaferri.com\/al\/wp-json\/wp\/v2\/media?parent=1398"}],"curies":[{"name":"wp","href":"https:\/\/api.w.org\/{rel}","templated":true}]}}