{"id":1375,"date":"2022-07-28T15:26:58","date_gmt":"2022-07-28T13:26:58","guid":{"rendered":"https:\/\/www.maccaferri.com\/bal\/?page_id=1375"},"modified":"2023-06-01T16:58:37","modified_gmt":"2023-06-01T14:58:37","slug":"qendrueshmeri","status":"publish","type":"page","link":"https:\/\/www.maccaferri.com\/al\/qendrueshmeri\/","title":{"rendered":"Qendrueshmeri"},"content":{"rendered":"<div class=\"wp-block-mac-h1-title-hero-block container-fluid block-txt-container\" style=\"background:linear-gradient(180deg,rgb(1,94,111) 0%,rgb(0,72,87) 100%)\"><div class=\"row\"><div class=\"col\"><div class=\"gts__picture\"><img decoding=\"async\" src=\"https:\/\/www.maccaferri.com\/bal\/wp-content\/uploads\/sites\/20\/2022\/12\/Sustainability_Gabion_3.jpg\" style=\"display:none\"\/><div class=\"gts__picture__image\" style=\"background-image:url(https:\/\/www.maccaferri.com\/bal\/wp-content\/uploads\/sites\/20\/2022\/12\/Sustainability_Gabion_3.jpg)\"><\/div><\/div><div class=\"container box-container\"><div class=\"row\"><div class=\"col title-box-txt\"><h1 class=\"wp-block-mac-h1-title-hero-block\" style=\"color:#ffffff;text-align:none\">Qendrueshmeri<\/h1><\/div><\/div><\/div><\/div><\/div><\/div><div class=\"wp-block-mac-container-block box-container\"><div class=\"wp-block-columns is-layout-flex wp-container-core-columns-is-layout-9d6595d7 wp-block-columns-is-layout-flex\"><div class=\"wp-block-column is-layout-flow wp-block-column-is-layout-flow\"><div style=\"height:100px\" aria-hidden=\"true\" class=\"wp-block-spacer\"><\/div>\n\n<p class=\"has-medium-font-size\">Ne jemi t\u00eb p\u00ebrkushtuar fuqishem n\u00eb adresimin e aspekteve mjedisore, ekonomike dhe sociale me nj\u00eb qasje holistike. N\u00eb t\u00eb v\u00ebrtet\u00eb, ne besojm\u00eb fuqish\u00ebm n\u00eb adoptimin e qasjeve dhe zgjidhjeve t\u00eb q\u00ebndrueshme gjat\u00eb gjith\u00eb ciklit jet\u00ebsor t\u00eb nj\u00eb projekti.<\/p>\n\n<p class=\"has-medium-font-size\">Nga faza e projektimit t\u00eb nj\u00eb sistemi inxhinierik q\u00eb kalon n\u00eb fazat e prodhimit dhe t\u00eb nd\u00ebrtimit deri n\u00eb dorezim: t\u00eb gjitha zgjidhjet tona inxhinierike synojn\u00eb t\u00eb krijojn\u00eb p\u00ebrfitime afatgjata q\u00eb shkojn\u00eb p\u00ebrtej vet\u00eb produktit.<\/p><\/div><\/div><\/div><figure class=\"wp-block-image aligncenter size-full\"><img decoding=\"async\" src=\"https:\/\/www.maccaferri.com\/bal\/wp-content\/uploads\/sites\/20\/2022\/09\/test-img-cta-right.png\" alt=\"\" class=\"wp-image-1986\"\/><\/figure><p><\/p><p><\/p><div class=\"wp-block-mac-h2-title-block block-txt-container box-container\"><div class=\"row\"><div class=\"col title-box-txt\"><h2 style=\"color:#212429;text-align:center\">Synimet e zhvillimit t\u00eb q\u00ebndruesh\u00ebm<\/h2><\/div><\/div><\/div><div class=\"wp-block-mac-container-block box-container\"><div class=\"wp-block-columns is-layout-flex wp-container-core-columns-is-layout-9d6595d7 wp-block-columns-is-layout-flex\"><div class=\"wp-block-column is-layout-flow wp-block-column-is-layout-flow\"><div class=\"wp-block-mac-h5-txt-paragraph-block block-txt-container box-container\"><div class=\"row\"><div class=\"col paragraph-box-txt\"><h5 class=\"wp-block-mac-h5-txt-paragraph-block\" style=\"color:#212429;text-align:none\">OKB-ja i vendosi SDG-t\u00eb si nj\u00eb thirrje urgjente p\u00ebr veprim: ne mor\u00ebm sfid\u00ebn dhe u angazhuam p\u00ebr t&#8217;i arritur ato nj\u00eb nga nj\u00eb, hap pas hapi.<\/h5><\/div><\/div><\/div><\/div><\/div><\/div><div class=\"wp-block-mac-container-block box-container\"><div class=\"wp-block-columns is-layout-flex wp-container-core-columns-is-layout-9d6595d7 wp-block-columns-is-layout-flex\"><div class=\"wp-block-column is-layout-flow wp-block-column-is-layout-flow\"><p>S\u00eb bashku me institucionet dhe autoritetet, bizneset tani thirren t\u00eb zhvillojn\u00eb zgjidhje t\u00eb q\u00ebndrueshme q\u00eb mbrojn\u00eb mir\u00ebqenien dhe sigurin\u00eb e komunitetit dhe mjedisit, n\u00eb p\u00ebrputhje me q\u00ebllimet e p\u00ebrcaktuara nga OKB-ja n\u00eb Axhend\u00ebn p\u00ebr Zhvillim t\u00eb Q\u00ebndruesh\u00ebm 2030..<\/p>\n\n<p>Axhenda 2030 p\u00ebrb\u00ebhet nga 17 Objektiva t\u00eb Zhvillimit t\u00eb Q\u00ebndruesh\u00ebm (SDG) t\u00eb p\u00ebrshtatura brenda nj\u00eb plani m\u00eb t\u00eb gjer\u00eb prej 169 objektivash mjedisore, ekonomike, sociale dhe institucionale q\u00eb duhet t\u00eb arrihen deri n\u00eb vitin 2030.<\/p>\n\n<p>Shtat\u00eb vjet pas n\u00ebnshkrimit t\u00eb Axhend\u00ebs 2030, ka nj\u00eb nd\u00ebrgjegj\u00ebsim n\u00eb rritje n\u00eb shoq\u00ebrin\u00eb civile, n\u00eb bot\u00ebn e korporatave dhe midis qeverive p\u00ebr nevoj\u00ebn p\u00ebr t\u00eb p\u00ebrqafuar nj\u00eb qasje t\u00eb integruar dhe p\u00ebr t\u00eb marr\u00eb masa t\u00eb prekshme p\u00ebr t\u00eb adresuar nj\u00eb ndryshim t\u00eb madh socio-ekonomik, si dhe sfida komplekse dhe te shumefishta mjedisore dhe institucionale. Shum\u00eb biznese kan\u00eb adresuar Axhend\u00ebn 2030 duke integruar parimin e q\u00ebndrueshm\u00ebris\u00eb n\u00eb strategjin\u00eb dhe planifikimin e tyre t\u00eb biznesit.<\/p>\n\n<p>OKB-ja i ka p\u00ebrcaktuar SDG-t\u00eb si nj\u00eb thirrje urgjente p\u00ebr veprim, nd\u00ebrsa Maccaferri, e cila e b\u00ebn q\u00ebndrueshm\u00ebrin\u00eb mjedisore shtyll\u00ebn kurrizore t\u00eb vizionit t\u00eb saj, \u00ebsht\u00eb p\u00ebrgjigjur menj\u00ebher\u00eb, duke i fokusuar energjit\u00eb e saj n\u00eb q\u00ebllimet q\u00eb synojn\u00eb luftimin e ndryshimeve klimatike dhe mbrojtjen e ekosistemit mjedisor<\/p>\n\n<div style=\"height:100px\" aria-hidden=\"true\" class=\"wp-block-spacer\"><\/div><\/div><\/div><\/div><div class=\"wp-block-mac-container-block box-container\"><div class=\"wp-block-columns is-layout-flex wp-container-core-columns-is-layout-9d6595d7 wp-block-columns-is-layout-flex\"><div class=\"wp-block-column is-layout-flow wp-block-column-is-layout-flow\" style=\"flex-basis:33.33%\"><figure class=\"wp-block-image size-full\"><img fetchpriority=\"high\" decoding=\"async\" width=\"598\" height=\"491\" src=\"https:\/\/www.maccaferri.com\/bal\/wp-content\/uploads\/sites\/20\/2022\/12\/sdg-1.png\" alt=\"\" class=\"wp-image-3101\" srcset=\"https:\/\/www.maccaferri.com\/al\/wp-content\/uploads\/2022\/12\/sdg-1.png 598w, https:\/\/www.maccaferri.com\/al\/wp-content\/uploads\/2022\/12\/sdg-1-300x246.png 300w\" sizes=\"(max-width: 598px) 100vw, 598px\" \/><\/figure><\/div>\n\n<div class=\"wp-block-column is-layout-flow wp-block-column-is-layout-flow\" style=\"flex-basis:66.66%\"><figure class=\"wp-block-image size-full\"><img decoding=\"async\" width=\"743\" height=\"376\" src=\"https:\/\/www.maccaferri.com\/bal\/wp-content\/uploads\/sites\/20\/2022\/12\/sdg2.png\" alt=\"\" class=\"wp-image-3104\" srcset=\"https:\/\/www.maccaferri.com\/al\/wp-content\/uploads\/2022\/12\/sdg2.png 743w, https:\/\/www.maccaferri.com\/al\/wp-content\/uploads\/2022\/12\/sdg2-300x152.png 300w\" sizes=\"(max-width: 743px) 100vw, 743px\" \/><\/figure><\/div><\/div><\/div><div style=\"height:100px\" aria-hidden=\"true\" class=\"wp-block-spacer\"><\/div><div class=\"wp-block-mac-h2-title-bold-block block-txt-container box-container\"><div class=\"row\"><div class=\"col title-box-txt\"><h2 style=\"color:#004857;text-align:center\">ANGAZHIMI JON\u00cb<\/h2><\/div><\/div><\/div><div class=\"wp-block-mac-block-left-description-right-image container-media box-container\"><div class=\"row\"><div class=\"col-12 col-lg-6 col-xl-6 col-xxl-6 title-box-txt order-lg-first order-last\" style=\"text-align:default\"><p class=\"description\" style=\"color:#212429\"><strong>PROMOVON ADOPTIMIN E ENERGJIS\u00cb S\u00cb PAST\u00cbR<\/strong><br><br>Ne zhvillojm\u00eb zgjidhje q\u00eb nxisin aksesin n\u00eb energji t\u00eb p\u00ebrballueshme dhe t\u00eb past\u00ebr.<br>&nbsp;<br>Ne punojm\u00eb n\u00eb partneritet me autoritetet p\u00ebr t\u00eb maksimizuar shperndarjen e energjis\u00eb s\u00eb gjelb\u00ebr.<\/p><\/div><div class=\"col-12 col-lg-6 col-xl-6 col-xxl-6\"><div class=\"box-image\"><img decoding=\"async\" class=\"image\" src=\"https:\/\/www.maccaferri.com\/al\/wp-content\/uploads\/2023\/06\/SDG-Foto-7-2-min-3.png\" alt=\"Image\"\/><\/div><\/div><\/div><\/div><div class=\"wp-block-mac-block-left-image-right-description container-media box-container\"><div class=\"row\"><div class=\"col-12 col-lg-6 col-xl-6 col-xxl-6\"><div class=\"box-image\"><img decoding=\"async\" class=\"image\" src=\"https:\/\/www.maccaferri.com\/al\/wp-content\/uploads\/2023\/06\/SDG-Foto-8-1-3.png\" alt=\"Image\"\/><\/div><\/div><div class=\"col-12 col-lg-6 col-xl-6 col-xxl-6 title-box-txt\" style=\"text-align:default\"><p class=\"description\" style=\"color:#212429\"><strong>P\u00cbRFSHIRJA E KOMUNITETEVE LOKALE<\/strong><br><strong><br><\/strong>Ne promovojm\u00eb rritjen gjith\u00ebp\u00ebrfshir\u00ebse, duke zhvilluar zgjidhje q\u00eb mund t\u00eb instalohen leht\u00ebsisht nga fuqia pun\u00ebtore vendase pa ndonj\u00eb trajnim t\u00eb ve\u00e7ant\u00eb.<br>&nbsp;<br>Shum\u00eb komunitete vuajn\u00eb nga nj\u00eb num\u00ebr n\u00eb rritje i ngjarjeve t\u00eb fatkeq\u00ebsive natyrore, prandaj ne punojm\u00eb p\u00ebr masa t\u00eb shpejta dhe efektive p\u00ebr t\u00eb nd\u00ebrhyr\u00eb dhe p\u00ebr t\u00eb rimekembur ekonomit\u00eb e tyre.<\/p><\/div><\/div><\/div><div class=\"wp-block-mac-block-left-description-right-image container-media box-container\"><div class=\"row\"><div class=\"col-12 col-lg-6 col-xl-6 col-xxl-6 title-box-txt order-lg-first order-last\" style=\"text-align:default\"><p class=\"description\" style=\"color:#212429\"><strong>NXITJA E INOVACIONIT<\/strong><br><br>Ne inkurajojm\u00eb p\u00ebrmir\u00ebsimin e vazhduesh\u00ebm p\u00ebr t\u00eb vendosur ndikimet afatgjata ekonomike dhe mjedisore t\u00eb nj\u00eb strukture n\u00eb qend\u00ebr t\u00eb procesit t\u00eb projektimit.<br>&nbsp;<br>Procesi yn\u00eb i projektimit \u00ebsht\u00eb i fokusuar n\u00eb fushatat e testimit dhe investimet n\u00eb vler\u00ebsimin e performanc\u00ebs s\u00eb zgjidhjeve tona.<\/p><\/div><div class=\"col-12 col-lg-6 col-xl-6 col-xxl-6\"><div class=\"box-image\"><img decoding=\"async\" class=\"image\" src=\"https:\/\/www.maccaferri.com\/al\/wp-content\/uploads\/2023\/06\/SDG-Foto-9-1-min-3.png\" alt=\"Image\"\/><\/div><\/div><\/div><\/div><div class=\"wp-block-mac-block-left-image-right-description container-media box-container\"><div class=\"row\"><div class=\"col-12 col-lg-6 col-xl-6 col-xxl-6\"><div class=\"box-image\"><img decoding=\"async\" class=\"image\" src=\"https:\/\/www.maccaferri.com\/al\/wp-content\/uploads\/2023\/06\/SDG-Foto-11-1-min-3.png\" alt=\"Image\"\/><\/div><\/div><div class=\"col-12 col-lg-6 col-xl-6 col-xxl-6 title-box-txt\" style=\"text-align:default\"><p class=\"description\" style=\"color:#212429\"><strong>SIGURIA E NJEREZVE DHE MBROJTJA E ASETEVE<br><br><\/strong>Zhvillimi i zgjidhjeve t\u00eb personalizuara p\u00ebr \u00e7do problem sigurie me t\u00eb cilin p\u00ebrballemi na lejon t\u00eb minimizojm\u00eb rreziqet.<br>&nbsp;<br>Njer\u00ebzit, trash\u00ebgimia historike dhe kulturore dhe infrastruktura duhet t\u00eb mbrohen.<\/p><\/div><\/div><\/div><div class=\"wp-block-mac-block-left-description-right-image container-media box-container\"><div class=\"row\"><div class=\"col-12 col-lg-6 col-xl-6 col-xxl-6 title-box-txt order-lg-first order-last\" style=\"text-align:default\"><p class=\"description\" style=\"color:#212429\"><strong>PROJEKTIMI DHE PRODHIM I PERGJEGJSHEM<\/strong><br><br>N\u00ebp\u00ebrmjet optimizimit t\u00eb projektimit, ne promovojm\u00eb menaxhim t\u00eb q\u00ebndruesh\u00ebm t\u00eb materialit p\u00ebr t\u00eb kursyer dhe p\u00ebr t\u00eb shmangur mbetjet . Arritjet tona p\u00ebrfshijn\u00eb reduktimin, rip\u00ebrdorimin dhe riciklimin e materialeve.<br>&nbsp;<br>Gjithashtu, ne jemi transparent , duke ofruar informacione objektive, t\u00eb besuesh\u00ebme dhe te matshme &nbsp;p\u00ebr ciklin e jet\u00ebs dhe ndikimi mjedisor te produkteve tona.<br><a href=\"https:\/\/www.maccaferri.com\/epd-certification\">Lexo tani &gt;&gt;&gt;<\/a><\/p><\/div><div class=\"col-12 col-lg-6 col-xl-6 col-xxl-6\"><div class=\"box-image\"><img decoding=\"async\" class=\"image\" src=\"https:\/\/www.maccaferri.com\/al\/wp-content\/uploads\/2023\/06\/SDG-Foto-12-1-min-3.png\" alt=\"Image\"\/><\/div><\/div><\/div><\/div><div class=\"wp-block-mac-block-left-image-right-description container-media box-container\"><div class=\"row\"><div class=\"col-12 col-lg-6 col-xl-6 col-xxl-6\"><div class=\"box-image\"><img decoding=\"async\" class=\"image\" src=\"https:\/\/www.maccaferri.com\/al\/wp-content\/uploads\/2023\/06\/SDG-Foto-13-11-1-3.png\" alt=\"Image\"\/><\/div><\/div><div class=\"col-12 col-lg-6 col-xl-6 col-xxl-6 title-box-txt\" style=\"text-align:default\"><p class=\"description\" style=\"color:#212429\"><strong>INTEGRIMI N\u00cb MJEDISIN NATYROR<br><br><\/strong>Ne kujdesemi p\u00ebr integrimin natyror te strukturave tona inxhinierike dhe besojm\u00eb se integrimi i teknikave t\u00eb vegjetacionit dhe mbjelljes n\u00eb faz\u00ebn e projektimit \u00ebsht\u00eb nj\u00eb vler\u00eb shtes\u00eb ekologjike e zgjidhjeve tona.<br>&nbsp;<br>Ne punojm\u00eb p\u00ebr t\u00eb p\u00ebrmir\u00ebsuar estetik\u00ebn e p\u00ebrgjithshme t\u00eb strukturave tona, p\u00ebr t&#8217;i integruar m\u00eb mir\u00eb ato n\u00eb mjediset tona urbane.<\/p><\/div><\/div><\/div><h2 class=\"wp-block-heading\"> <\/h2><div class=\"wp-block-mac-block-left-description-right-image container-media box-container\"><div class=\"row\"><div class=\"col-12 col-lg-6 col-xl-6 col-xxl-6 title-box-txt order-lg-first order-last\" style=\"text-align:default\"><p class=\"description\" style=\"color:#212429\"><strong>RESPEKTIMI DHE RRITJA E BIODIVERSITETIT<br><br><\/strong>Ne p\u00ebrpiqemi t\u00eb reduktojm\u00eb ndikimin mjedisor t\u00eb zgjidhjeve tona dhe t\u00eb arrijm\u00eb nj\u00eb ekuilib\u00ebr midis performanc\u00ebs teknike dhe integrimit natyror.<br>&nbsp;<br>Nj\u00eb nga angazhimet tona \u00ebsht\u00eb t\u00eb favorizojm\u00eb zgjidhje q\u00eb rrisin biodiversitetin, ofrojn\u00eb habitate t\u00eb p\u00ebrshtatshme p\u00ebr specie t\u00eb ndryshme dhe gjithashtu te marrin parasysh dhe te respektojn\u00eb pranin\u00eb e kafsh\u00ebve t\u00eb egra.<\/p><\/div><div class=\"col-12 col-lg-6 col-xl-6 col-xxl-6\"><div class=\"box-image\"><img decoding=\"async\" class=\"image\" src=\"https:\/\/www.maccaferri.com\/al\/wp-content\/uploads\/2023\/06\/SDG-Foto-14-15-1-min-3.png\" alt=\"Image\"\/><\/div><\/div><\/div><\/div><div style=\"height:100px\" aria-hidden=\"true\" class=\"wp-block-spacer\"><\/div><div class=\"wp-block-buttons is-content-justification-center is-layout-flex wp-container-core-buttons-is-layout-16018d1d wp-block-buttons-is-layout-flex\"><div class=\"wp-block-button\"><a class=\"wp-block-button__link\" href=\"https:\/\/www.maccaferri.com\/al\/download\/maccaferri-sustainability-2022-2\" target=\"_blank\" rel=\"noreferrer noopener\"><strong>SHKARKONI PREZANTIMIN E PLOT\u00cb<\/strong><\/a><\/div><\/div><div style=\"height:100px\" aria-hidden=\"true\" class=\"wp-block-spacer\"><\/div>","protected":false},"excerpt":{"rendered":"","protected":false},"author":1,"featured_media":0,"parent":0,"menu_order":0,"comment_status":"closed","ping_status":"closed","template":"","meta":{"_acf_changed":false,"_joinchat":[],"footnotes":""},"class_list":["post-1375","page","type-page","status-publish","hentry"],"acf":{"uuid_products":"","product-documents":""},"yoast_head":"<!-- This site is optimized with the Yoast SEO Premium plugin v27.0 (Yoast SEO v27.0) - https:\/\/yoast.com\/product\/yoast-seo-premium-wordpress\/ -->\n<title>Qendrueshmeri - Maccaferri Balkans<\/title>\n<meta name=\"description\" content=\"Qendrueshmeri Ne jemi t\u00eb p\u00ebrkushtuar fuqishem n\u00eb adresimin e aspekteve mjedisore, ekonomike dhe sociale me nj\u00eb qasje holistike. N\u00eb t\u00eb v\u00ebrtet\u00eb, ne besojm\u00eb\" \/>\n<meta name=\"robots\" content=\"index, follow, max-snippet:-1, max-image-preview:large, max-video-preview:-1\" \/>\n<link rel=\"canonical\" href=\"https:\/\/www.maccaferri.com\/al\/qendrueshmeri\/\" \/>\n<meta property=\"og:locale\" content=\"sq_AL\" \/>\n<meta property=\"og:type\" content=\"article\" \/>\n<meta property=\"og:title\" content=\"Qendrueshmeri - Maccaferri Balkans\" \/>\n<meta property=\"og:description\" content=\"Qendrueshmeri Ne jemi t\u00eb p\u00ebrkushtuar fuqishem n\u00eb adresimin e aspekteve mjedisore, ekonomike dhe sociale me nj\u00eb qasje holistike. N\u00eb t\u00eb v\u00ebrtet\u00eb, ne besojm\u00eb\" \/>\n<meta property=\"og:url\" content=\"https:\/\/www.maccaferri.com\/al\/qendrueshmeri\/\" \/>\n<meta property=\"og:site_name\" content=\"Maccaferri Balkans\" \/>\n<meta property=\"article:modified_time\" content=\"2023-06-01T14:58:37+00:00\" \/>\n<meta property=\"og:image\" content=\"https:\/\/www.maccaferri.com\/bal\/wp-content\/uploads\/sites\/20\/2022\/12\/Sustainability_Gabion_3.jpg\" \/>\n<meta name=\"twitter:card\" content=\"summary_large_image\" \/>\n<meta name=\"twitter:label1\" content=\"Est. reading time\" \/>\n\t<meta name=\"twitter:data1\" content=\"6 minutes\" \/>\n<script type=\"application\/ld+json\" class=\"yoast-schema-graph\">{\"@context\":\"https:\/\/schema.org\",\"@graph\":[{\"@type\":\"WebPage\",\"@id\":\"https:\/\/www.maccaferri.com\/al\/qendrueshmeri\/\",\"url\":\"https:\/\/www.maccaferri.com\/al\/qendrueshmeri\/\",\"name\":\"Qendrueshmeri - Maccaferri Balkans\",\"isPartOf\":{\"@id\":\"https:\/\/www.maccaferri.com\/al\/#website\"},\"primaryImageOfPage\":{\"@id\":\"https:\/\/www.maccaferri.com\/al\/qendrueshmeri\/#primaryimage\"},\"image\":{\"@id\":\"https:\/\/www.maccaferri.com\/al\/qendrueshmeri\/#primaryimage\"},\"thumbnailUrl\":\"https:\/\/www.maccaferri.com\/bal\/wp-content\/uploads\/sites\/20\/2022\/12\/Sustainability_Gabion_3.jpg\",\"datePublished\":\"2022-07-28T13:26:58+00:00\",\"dateModified\":\"2023-06-01T14:58:37+00:00\",\"description\":\"Qendrueshmeri Ne jemi t\u00eb p\u00ebrkushtuar fuqishem n\u00eb adresimin e aspekteve mjedisore, ekonomike dhe sociale me nj\u00eb qasje holistike. N\u00eb t\u00eb v\u00ebrtet\u00eb, ne besojm\u00eb\",\"inLanguage\":\"sq-AL\",\"potentialAction\":[{\"@type\":\"ReadAction\",\"target\":[\"https:\/\/www.maccaferri.com\/al\/qendrueshmeri\/\"]}]},{\"@type\":\"ImageObject\",\"inLanguage\":\"sq-AL\",\"@id\":\"https:\/\/www.maccaferri.com\/al\/qendrueshmeri\/#primaryimage\",\"url\":\"https:\/\/www.maccaferri.com\/bal\/wp-content\/uploads\/sites\/20\/2022\/12\/Sustainability_Gabion_3.jpg\",\"contentUrl\":\"https:\/\/www.maccaferri.com\/bal\/wp-content\/uploads\/sites\/20\/2022\/12\/Sustainability_Gabion_3.jpg\"},{\"@type\":\"WebSite\",\"@id\":\"https:\/\/www.maccaferri.com\/al\/#website\",\"url\":\"https:\/\/www.maccaferri.com\/al\/\",\"name\":\"Maccaferri Balkans\",\"description\":\"\",\"publisher\":{\"@id\":\"https:\/\/www.maccaferri.com\/al\/#organization\"},\"potentialAction\":[{\"@type\":\"SearchAction\",\"target\":{\"@type\":\"EntryPoint\",\"urlTemplate\":\"https:\/\/www.maccaferri.com\/al\/?s={search_term_string}\"},\"query-input\":{\"@type\":\"PropertyValueSpecification\",\"valueRequired\":true,\"valueName\":\"search_term_string\"}}],\"inLanguage\":\"sq-AL\"},{\"@type\":\"Organization\",\"@id\":\"https:\/\/www.maccaferri.com\/al\/#organization\",\"name\":\"Maccaferri Balkans\",\"url\":\"https:\/\/www.maccaferri.com\/al\/\",\"logo\":{\"@type\":\"ImageObject\",\"inLanguage\":\"sq-AL\",\"@id\":\"https:\/\/www.maccaferri.com\/al\/#\/schema\/logo\/image\/\",\"url\":\"https:\/\/www.maccaferri.com\/al\/wp-content\/uploads\/2022\/07\/logo-maccaferri.png\",\"contentUrl\":\"https:\/\/www.maccaferri.com\/al\/wp-content\/uploads\/2022\/07\/logo-maccaferri.png\",\"width\":152,\"height\":32,\"caption\":\"Maccaferri Balkans\"},\"image\":{\"@id\":\"https:\/\/www.maccaferri.com\/al\/#\/schema\/logo\/image\/\"}}]}<\/script>\n<!-- \/ Yoast SEO Premium plugin. -->","yoast_head_json":{"title":"Qendrueshmeri - Maccaferri Balkans","description":"Qendrueshmeri Ne jemi t\u00eb p\u00ebrkushtuar fuqishem n\u00eb adresimin e aspekteve mjedisore, ekonomike dhe sociale me nj\u00eb qasje holistike. N\u00eb t\u00eb v\u00ebrtet\u00eb, ne besojm\u00eb","robots":{"index":"index","follow":"follow","max-snippet":"max-snippet:-1","max-image-preview":"max-image-preview:large","max-video-preview":"max-video-preview:-1"},"canonical":"https:\/\/www.maccaferri.com\/al\/qendrueshmeri\/","og_locale":"sq_AL","og_type":"article","og_title":"Qendrueshmeri - Maccaferri Balkans","og_description":"Qendrueshmeri Ne jemi t\u00eb p\u00ebrkushtuar fuqishem n\u00eb adresimin e aspekteve mjedisore, ekonomike dhe sociale me nj\u00eb qasje holistike. N\u00eb t\u00eb v\u00ebrtet\u00eb, ne besojm\u00eb","og_url":"https:\/\/www.maccaferri.com\/al\/qendrueshmeri\/","og_site_name":"Maccaferri Balkans","article_modified_time":"2023-06-01T14:58:37+00:00","og_image":[{"url":"https:\/\/www.maccaferri.com\/bal\/wp-content\/uploads\/sites\/20\/2022\/12\/Sustainability_Gabion_3.jpg","type":"","width":"","height":""}],"twitter_card":"summary_large_image","twitter_misc":{"Est. reading time":"6 minutes"},"schema":{"@context":"https:\/\/schema.org","@graph":[{"@type":"WebPage","@id":"https:\/\/www.maccaferri.com\/al\/qendrueshmeri\/","url":"https:\/\/www.maccaferri.com\/al\/qendrueshmeri\/","name":"Qendrueshmeri - Maccaferri Balkans","isPartOf":{"@id":"https:\/\/www.maccaferri.com\/al\/#website"},"primaryImageOfPage":{"@id":"https:\/\/www.maccaferri.com\/al\/qendrueshmeri\/#primaryimage"},"image":{"@id":"https:\/\/www.maccaferri.com\/al\/qendrueshmeri\/#primaryimage"},"thumbnailUrl":"https:\/\/www.maccaferri.com\/bal\/wp-content\/uploads\/sites\/20\/2022\/12\/Sustainability_Gabion_3.jpg","datePublished":"2022-07-28T13:26:58+00:00","dateModified":"2023-06-01T14:58:37+00:00","description":"Qendrueshmeri Ne jemi t\u00eb p\u00ebrkushtuar fuqishem n\u00eb adresimin e aspekteve mjedisore, ekonomike dhe sociale me nj\u00eb qasje holistike. N\u00eb t\u00eb v\u00ebrtet\u00eb, ne besojm\u00eb","inLanguage":"sq-AL","potentialAction":[{"@type":"ReadAction","target":["https:\/\/www.maccaferri.com\/al\/qendrueshmeri\/"]}]},{"@type":"ImageObject","inLanguage":"sq-AL","@id":"https:\/\/www.maccaferri.com\/al\/qendrueshmeri\/#primaryimage","url":"https:\/\/www.maccaferri.com\/bal\/wp-content\/uploads\/sites\/20\/2022\/12\/Sustainability_Gabion_3.jpg","contentUrl":"https:\/\/www.maccaferri.com\/bal\/wp-content\/uploads\/sites\/20\/2022\/12\/Sustainability_Gabion_3.jpg"},{"@type":"WebSite","@id":"https:\/\/www.maccaferri.com\/al\/#website","url":"https:\/\/www.maccaferri.com\/al\/","name":"Maccaferri Balkans","description":"","publisher":{"@id":"https:\/\/www.maccaferri.com\/al\/#organization"},"potentialAction":[{"@type":"SearchAction","target":{"@type":"EntryPoint","urlTemplate":"https:\/\/www.maccaferri.com\/al\/?s={search_term_string}"},"query-input":{"@type":"PropertyValueSpecification","valueRequired":true,"valueName":"search_term_string"}}],"inLanguage":"sq-AL"},{"@type":"Organization","@id":"https:\/\/www.maccaferri.com\/al\/#organization","name":"Maccaferri Balkans","url":"https:\/\/www.maccaferri.com\/al\/","logo":{"@type":"ImageObject","inLanguage":"sq-AL","@id":"https:\/\/www.maccaferri.com\/al\/#\/schema\/logo\/image\/","url":"https:\/\/www.maccaferri.com\/al\/wp-content\/uploads\/2022\/07\/logo-maccaferri.png","contentUrl":"https:\/\/www.maccaferri.com\/al\/wp-content\/uploads\/2022\/07\/logo-maccaferri.png","width":152,"height":32,"caption":"Maccaferri Balkans"},"image":{"@id":"https:\/\/www.maccaferri.com\/al\/#\/schema\/logo\/image\/"}}]}},"_links":{"self":[{"href":"https:\/\/www.maccaferri.com\/al\/wp-json\/wp\/v2\/pages\/1375","targetHints":{"allow":["GET"]}}],"collection":[{"href":"https:\/\/www.maccaferri.com\/al\/wp-json\/wp\/v2\/pages"}],"about":[{"href":"https:\/\/www.maccaferri.com\/al\/wp-json\/wp\/v2\/types\/page"}],"author":[{"embeddable":true,"href":"https:\/\/www.maccaferri.com\/al\/wp-json\/wp\/v2\/users\/1"}],"replies":[{"embeddable":true,"href":"https:\/\/www.maccaferri.com\/al\/wp-json\/wp\/v2\/comments?post=1375"}],"version-history":[{"count":44,"href":"https:\/\/www.maccaferri.com\/al\/wp-json\/wp\/v2\/pages\/1375\/revisions"}],"predecessor-version":[{"id":22300,"href":"https:\/\/www.maccaferri.com\/al\/wp-json\/wp\/v2\/pages\/1375\/revisions\/22300"}],"wp:attachment":[{"href":"https:\/\/www.maccaferri.com\/al\/wp-json\/wp\/v2\/media?parent=1375"}],"curies":[{"name":"wp","href":"https:\/\/api.w.org\/{rel}","templated":true}]}}